{"id":220848,"date":"2026-04-11T01:02:32","date_gmt":"2026-04-11T07:02:32","guid":{"rendered":"https:\/\/compuviper.mx\/tienda\/producto\/tp-link-cpe605-access-point-tp-link-inalambrico-antena-para-exterior-direccional-23dbi-5ghz-150mbps-modos-ap-cliente-repetidor-ap-router-ap-cliente-router-wisp-1-rj45-10-100-poe-pasivo-inc\/"},"modified":"2026-04-11T01:02:32","modified_gmt":"2026-04-11T07:02:32","slug":"tp-link-cpe605-access-point-tp-link-inalambrico-antena-para-exterior-direccional-23dbi-5ghz-150mbps-modos-ap-cliente-repetidor-ap-router-ap-cliente-router-wisp-1-rj45-10-100-poe-pasivo-inc","status":"publish","type":"product","link":"https:\/\/compuviper.mx\/tienda\/producto\/tp-link-cpe605-access-point-tp-link-inalambrico-antena-para-exterior-direccional-23dbi-5ghz-150mbps-modos-ap-cliente-repetidor-ap-router-ap-cliente-router-wisp-1-rj45-10-100-poe-pasivo-inc\/","title":{"rendered":"Tp Link Cpe605 Access Point |tp-link |  | Inalambrico | Antena Para Exterior Direccional 23dbi 5ghz 150mbps Modos Ap\/cliente\/repetidor \/ap Router\/ Ap Cliente Router Wisp 1 Rj45 10\/100 | Poe Pasivo Incluido"},"content":{"rendered":"<table class=\"descripcion\">\n<tr>\n<td>Caracter\u00edsticas de hardware<\/td>\n<\/tr>\n<tr>\n<td>Procesador cpu qualcomm 560mhz, mips 74kc<\/td>\n<\/tr>\n<tr>\n<td>Memoria 64 mb de ram ddr2, 8 mb de flash<\/td>\n<\/tr>\n<tr>\n<td>Interfaz 1 puerto ethernet blindado de 10 \/ 100mbps (lan \/ poe)<\/td>\n<\/tr>\n<tr>\n<td>1 bot\u00f3n de reinicio<\/td>\n<\/tr>\n<tr>\n<td>Fuente de alimentaci\u00f3n potencia pasiva sobre ethernet a trav\u00e9s de lan (+ 4,5 pines; -7,8 pines)<\/td>\n<\/tr>\n<tr>\n<td>Rango de voltaje: 16-27 v cc<\/td>\n<\/tr>\n<tr>\n<td>Dimensiones (w x d x h) 350 x 255 x 207 mm (13.8 x 10.0 x 8.1 pulg.)<\/td>\n<\/tr>\n<tr>\n<td>Ganancia de antena 23dbi<\/td>\n<\/tr>\n<tr>\n<td>Cobertura de antena 7 \u00b0 (acimut), 10 \u00b0 (elevaci\u00f3n)<\/td>\n<\/tr>\n<tr>\n<td>Protecci\u00f3n protecci\u00f3n esd de 15kv protecci\u00f3n<\/td>\n<\/tr>\n<tr>\n<td>Contra rayos 6kv<\/td>\n<\/tr>\n<tr>\n<td>Cercado material: pl\u00e1stico estabilizado para pc al aire libre<\/td>\n<\/tr>\n<tr>\n<td>Resistente a la intemperie: dise\u00f1o a prueba de agua y polvo ip65<\/td>\n<\/tr>\n<tr>\n<td>Caracter\u00edsticas inal\u00e1mbricas<\/td>\n<\/tr>\n<tr>\n<td>Est\u00e1ndares inal\u00e1mbricos ieee 802.11a \/ n<\/td>\n<\/tr>\n<tr>\n<td>Protocolo propietario modo tdma (con pharos maxtream habilitado)<\/td>\n<\/tr>\n<tr>\n<td>Velocidades inal\u00e1mbricas hasta 150mbps (40mhz, din\u00e1mico)<\/td>\n<\/tr>\n<tr>\n<td>Hasta 72.2mbps (20mhz, din\u00e1mico)<\/td>\n<\/tr>\n<tr>\n<td>Hasta 36.1mbps (10mhz, din\u00e1mico)<\/td>\n<\/tr>\n<tr>\n<td>Hasta 18.05mbps (5mhz, din\u00e1mico)<\/td>\n<\/tr>\n<tr>\n<td>Frecuencia 5.15 ~ 5.85ghz<\/td>\n<\/tr>\n<tr>\n<td>Potencia de transmision max. 23dbm (potencia ajustable por 1dbm)<\/td>\n<\/tr>\n<tr>\n<td>Caracter\u00edsticas de software<\/td>\n<\/tr>\n<tr>\n<td>Configuraci\u00f3n de la red wan: est\u00e1tica \/ din\u00e1mica \/ pppoe \/ l2tp \/ pptp<\/td>\n<\/tr>\n<tr>\n<td>Lan: est\u00e1tica \/ din\u00e1mica \/<\/td>\n<\/tr>\n<tr>\n<td>Reenv\u00edo dhcp : alg \/ upnp \/ servidor virtual \/<\/td>\n<\/tr>\n<tr>\n<td>Seguridad del activador de puertos : spi firewall \/ ping prohibido \/ dos protection<\/td>\n<\/tr>\n<tr>\n<td>Control de acceso<\/td>\n<\/tr>\n<tr>\n<td>Enrutamiento est\u00e1tico<\/td>\n<\/tr>\n<tr>\n<td>Control de ancho de banda<\/td>\n<\/tr>\n<tr>\n<td>Ip y enlace mac<\/td>\n<\/tr>\n<tr>\n<td>Configuraciones inal\u00e1mbricas pharos maxtream tdma technology<\/td>\n<\/tr>\n<tr>\n<td>Ancho de canal seleccionable: 5\/10\/20 \/ 40mhz<\/td>\n<\/tr>\n<tr>\n<td>Selecci\u00f3n autom\u00e1tica de canal<\/td>\n<\/tr>\n<tr>\n<td>Transmisi\u00f3n de control de potencia<\/td>\n<\/tr>\n<tr>\n<td>Selecci\u00f3n de frecuencia din\u00e1mica (dfs)<\/td>\n<\/tr>\n<tr>\n<td>Wds activar \/ desactivar<\/td>\n<\/tr>\n<tr>\n<td>Seguridad: wpa \/ wpa2, wpa-psk \/ wpa2-psk (aes \/ tkip) cifrado ,<\/td>\n<\/tr>\n<tr>\n<td>64\/128\/152-bit wep encryption<\/td>\n<\/tr>\n<tr>\n<td>Ssid broadcast enable \/ disable<\/td>\n<\/tr>\n<tr>\n<td>Multi-ssid with vlan tagging (solo ap mode)<\/td>\n<\/tr>\n<tr>\n<td>Distancia \/ ack timeout configuraci\u00f3n<\/td>\n<\/tr>\n<tr>\n<td>Wireless mac address filter<\/td>\n<\/tr>\n<tr>\n<td>Wireless advanced:<\/td>\n<\/tr>\n<tr>\n<td>Intervalo de baliza \/ umbral rts \/ umbral de fragmentaci\u00f3n \/ intervalo dtim \/ aislamiento ap \/ gi corto \/ wi-fi multimedia<\/td>\n<\/tr>\n<tr>\n<td>Administraci\u00f3n descubrimiento y gesti\u00f3n remota a trav\u00e9s de la aplicaci\u00f3n pharos control<\/td>\n<\/tr>\n<tr>\n<td>Http \/ https gesti\u00f3n basada en web<\/td>\n<\/tr>\n<tr>\n<td>Registro del sistema<\/td>\n<\/tr>\n<tr>\n<td>Agente snmp (v2c)<\/td>\n<\/tr>\n<tr>\n<td>Ping watch dog<\/td>\n<\/tr>\n<tr>\n<td>Dynamic ddns<\/td>\n<\/tr>\n<tr>\n<td>Ssh server<\/td>\n<\/tr>\n<tr>\n<td>Herramientas de sistema indicadores: intensidad de se\u00f1al \/ ruido \/ transmisi\u00f3n ccq \/ cpu \/<\/td>\n<\/tr>\n<tr>\n<td>Monitores de memoria : rendimiento \/ estaciones \/ interfaces \/ arp \/ rutas \/ wan \/ dhcp<\/td>\n<\/tr>\n<tr>\n<td>Analizador de espectro<\/td>\n<\/tr>\n<tr>\n<td>Prueba de velocidad<\/td>\n<\/tr>\n<tr>\n<td>Ping<\/td>\n<\/tr>\n<tr>\n<td>Traceroute<\/td>\n<\/tr>\n<tr>\n<td>Optimizaciones a nivel de sistema snooping \/ proxy igmp optimizado para aplicaciones de multidifusi\u00f3n<\/td>\n<\/tr>\n<tr>\n<td>Perro guardi\u00e1n de hardware<\/td>\n<\/tr>\n<tr>\n<td>Caracter\u00edsticas del adaptador poe<\/td>\n<\/tr>\n<tr>\n<td>Dimensiones (ancho x profundidad x altura) 85.8 \u00d7 43.9 \u00d7 29.7 mm<\/td>\n<\/tr>\n<tr>\n<td>Interfaces 1 toma de ca con conexi\u00f3n a tierra<\/td>\n<\/tr>\n<tr>\n<td>1 puerto ethernet blindado de 10\/100 mbps (alimentaci\u00f3n + datos)<\/td>\n<\/tr>\n<tr>\n<td>1 puerto ethernet blindado de 10\/100 mbps (datos)<\/td>\n<\/tr>\n<tr>\n<td>Bot\u00f3n bot\u00f3n de reinicio remoto<\/td>\n<\/tr>\n<tr>\n<td>Led de estado de energ\u00eda verde<\/td>\n<\/tr>\n<tr>\n<td>Entrada 100-240vac, 50 \/ 60hz<\/td>\n<\/tr>\n<tr>\n<td>Salida 24vdc, 0.6a max<\/td>\n<\/tr>\n<tr>\n<td>+4, 5 pines; -7, 8 pines. (soporta hasta 60m de potencia sobre ethernet)<\/td>\n<\/tr>\n<tr>\n<td>Eficiencia   84,29%<\/td>\n<\/tr>\n<tr>\n<td>Certificaciones ce \/ fcc \/ ul \/ ic \/ gs \/ psb \/ c-tick \/ saa \/ s-mark \/ kc-mark<\/td>\n<\/tr>\n<tr>\n<td>Otros<\/td>\n<\/tr>\n<tr>\n<td>Proceso de dar un t\u00edtulo ce, fcc, rohs, ip65<\/td>\n<\/tr>\n<tr>\n<td>Contenidos del paquete cpe inal\u00e1mbrico para exteriores<\/td>\n<\/tr>\n<tr>\n<td>24v 0.5a adaptador pasivo poe<\/td>\n<\/tr>\n<tr>\n<td>Correas de montaje en poste gu\u00eda de instalaci\u00f3n del<\/td>\n<\/tr>\n<tr>\n<td>Cable de alimentaci\u00f3n de ca<\/td>\n<\/tr>\n<tr>\n<td>Requisitos del sistema microsoft windows 98se, nt, 2000, xp, vista \u0099 o windows 10, windows 8, windows 7, mac os, netware, unix o linux.<\/td>\n<\/tr>\n<tr>\n<td>Nota: recomendamos que use uno de los siguientes navegadores web para una mejor experiencia de usuario: google chrome, safari y firefox. no se recomiendan los navegadores ie.<\/td>\n<\/tr>\n<tr>\n<td>Ambiente temperatura de funcionamiento: -40  and #8451; ~ 70  and #8451; (-40  and #8457; ~ 158  and #8457;)<\/td>\n<\/tr>\n<tr>\n<td>Temperatura de almacenamiento: -40  and #8451; ~ 70  and #8451; (-40  and #8457; ~ 158  and #8457;)<\/td>\n<\/tr>\n<tr>\n<td>Humedad de funcionamiento: 10% ~ 90% sin condensaci\u00f3n<\/td>\n<\/tr>\n<tr>\n<td>Humedad de almacenamiento: 5% ~ 95% sin condensaci\u00f3n<\/td>\n<\/tr>\n<\/table>\n","protected":false},"excerpt":{"rendered":"<p>5ghz 150mbps 23dbi cpe exterior. Cpe605. * hasta 150 mbps en velocidades de datos inal\u00e1mbricas de 5 ghz. * antena direccional de alta ganancia de 23dbi y un reflector de metal dedicado, ideal para aplicaciones de larga distancia. * excelente directividad del haz, latencia mejorada y cancelaci\u00f3n de ruido. * las innovadoras piezas de bloqueo a presi\u00f3n permiten un ensamblaje r\u00e1pido y un dise\u00f1o estructural resistente mantiene estable el cpe605 incluso con vientos fuertes. * el gabinete resistente a la intemperie ip65 junto con esd de 15 kv y protecci\u00f3n contra rayos de 6 kv garantiza la idoneidad para todo clima. * la tecnolog\u00eda tp-link pharos maxtream tdma mejora el rendimiento, la capacidad y el rendimiento de latencia. * pharos control ofrece a los administradores un sistema de gesti\u00f3n centralizado gratuito. * soporte pasivo de poe para permitir una implementaci\u00f3n flexible y una instalaci\u00f3n conveniente. 1 \u00d7 1 siso. Maxtream tdma. Antena direccional de 23dbi y estabilidad estructural profesional para la transmisi\u00f3n wi-fi en exteriores a larga distancia. Antena direccional de 23dbi est\u00e1ndar profesional para transmisi\u00f3n inal\u00e1mbrica de largo alcance. Con una antena cassegrain siso direccional de alta ganancia de 23dbi 1 \u00d7 1 y un reflector de metal dedicado, el cpe605 proporciona una excelente directividad del haz, latencia mejorada e inmunidad al ruido. El rendimiento profesional, junto con un dise\u00f1o f\u00e1cil de usar, hace que el cpe605 para exteriores de 5 ghz y 150 mbps a 23 dbi sea una opci\u00f3n ideal y una soluci\u00f3n rentable para aplicaciones de redes inal\u00e1mbricas en exteriores. Pharos control &#8211; sistema de gesti\u00f3n centralizado. Cpe605 viene equipado con el software de administraci\u00f3n centralizada pharos control, que ayuda a los usuarios a administrar f\u00e1cilmente todos los dispositivos en su red desde una sola pc. Las funciones incluyen descubrimiento de dispositivos, monitoreo de estado, actualizaci\u00f3n de firmware y mantenimiento de la red. Una interfaz intuitiva basada en la web, pharos, proporciona un m\u00e9todo de gesti\u00f3n alternativo y permite a los profesionales acceder a configuraciones m\u00e1s detalladas.<\/p>\n","protected":false},"featured_media":220849,"comment_status":"open","ping_status":"open","template":"","meta":[],"product_cat":[1563,1754],"product_tag":[1562],"acf":[],"yoast_head":"<!-- This site is optimized with the Yoast SEO plugin v21.7 - https:\/\/yoast.com\/wordpress\/plugins\/seo\/ -->\n<title>[ Tp Link ] &#129351; Cpe605 Access Point |tp-link | | Inalambrico | Antena Para Exterior Direccional 23dbi 5ghz 150mbps Modos Ap\/cliente\/repetidor \/ap Router\/ Ap Cliente Router Wisp 1 Rj45 10\/100 | Poe Pasivo Incluido<\/title>\n<meta name=\"description\" content=\"Compra Cpe605 Access Point |tp-link | | Inalambrico | Antena Para Exterior Direccional 23dbi 5ghz 150mbps Modos Ap\/cliente\/repetidor \/ap Router\/ Ap Cliente Router Wisp 1 Rj45 10\/100 | Poe Pasivo Incluido + Env\u00edo a domicilio + Pago seguro + Garant\u00eda\" \/>\n<meta name=\"robots\" content=\"index, follow, max-snippet:-1, max-image-preview:large, max-video-preview:-1\" \/>\n<link rel=\"canonical\" href=\"https:\/\/compuviper.mx\/tienda\/producto\/tp-link-cpe605-access-point-tp-link-inalambrico-antena-para-exterior-direccional-23dbi-5ghz-150mbps-modos-ap-cliente-repetidor-ap-router-ap-cliente-router-wisp-1-rj45-10-100-poe-pasivo-inc\/\" \/>\n<meta property=\"og:locale\" content=\"es_MX\" \/>\n<meta property=\"og:type\" content=\"article\" \/>\n<meta property=\"og:title\" content=\"[ Tp Link ] &#129351; Cpe605 Access Point |tp-link | | Inalambrico | Antena Para Exterior Direccional 23dbi 5ghz 150mbps Modos Ap\/cliente\/repetidor \/ap Router\/ Ap Cliente Router Wisp 1 Rj45 10\/100 | Poe Pasivo Incluido\" \/>\n<meta property=\"og:description\" content=\"Compra Cpe605 Access Point |tp-link | | Inalambrico | Antena Para Exterior Direccional 23dbi 5ghz 150mbps Modos Ap\/cliente\/repetidor \/ap Router\/ Ap Cliente Router Wisp 1 Rj45 10\/100 | Poe Pasivo Incluido + Env\u00edo a domicilio + Pago seguro + Garant\u00eda\" \/>\n<meta property=\"og:url\" content=\"https:\/\/compuviper.mx\/tienda\/producto\/tp-link-cpe605-access-point-tp-link-inalambrico-antena-para-exterior-direccional-23dbi-5ghz-150mbps-modos-ap-cliente-repetidor-ap-router-ap-cliente-router-wisp-1-rj45-10-100-poe-pasivo-inc\/\" \/>\n<meta property=\"og:site_name\" content=\"Compuviper\" \/>\n<meta property=\"article:publisher\" content=\"https:\/\/www.facebook.com\/compuviper\" \/>\n<meta property=\"og:image\" content=\"https:\/\/compuviper.mx\/tienda\/wp-content\/uploads\/2023\/12\/Access-point-tp-link-cpe605-inalambrico-antena-para-exterior-direccional-23dbi-5ghz-150mbps-modos-apclienterepetidor-ap-router-ap-cliente-router-wisp-1-rj45-10100-poe-pasivo-incluido.jpg\" \/>\n\t<meta property=\"og:image:width\" content=\"200\" \/>\n\t<meta property=\"og:image:height\" content=\"200\" \/>\n\t<meta property=\"og:image:type\" content=\"image\/jpeg\" \/>\n<meta name=\"twitter:card\" content=\"summary_large_image\" \/>\n<meta name=\"twitter:label1\" content=\"Precio\" \/>\n\t<meta name=\"twitter:data1\" content=\"&#36;980 con IVA\" \/>\n\t<meta name=\"twitter:label2\" content=\"Availability\" \/>\n\t<meta name=\"twitter:data2\" content=\"Out of stock\" \/>\n<script type=\"application\/ld+json\" class=\"yoast-schema-graph\">{\"@context\":\"https:\/\/schema.org\",\"@graph\":[{\"@type\":\"WebPage\",\"@id\":\"https:\/\/compuviper.mx\/tienda\/producto\/tp-link-cpe605-access-point-tp-link-inalambrico-antena-para-exterior-direccional-23dbi-5ghz-150mbps-modos-ap-cliente-repetidor-ap-router-ap-cliente-router-wisp-1-rj45-10-100-poe-pasivo-inc\/\",\"url\":\"https:\/\/compuviper.mx\/tienda\/producto\/tp-link-cpe605-access-point-tp-link-inalambrico-antena-para-exterior-direccional-23dbi-5ghz-150mbps-modos-ap-cliente-repetidor-ap-router-ap-cliente-router-wisp-1-rj45-10-100-poe-pasivo-inc\/\",\"name\":\"[ Tp Link ] &#129351; Cpe605 Access Point |tp-link | | Inalambrico | Antena Para Exterior Direccional 23dbi 5ghz 150mbps Modos Ap\/cliente\/repetidor \/ap Router\/ Ap Cliente Router Wisp 1 Rj45 10\/100 | Poe Pasivo Incluido\",\"isPartOf\":{\"@id\":\"https:\/\/compuviper.mx\/tienda\/#website\"},\"datePublished\":\"2026-04-11T07:02:32+00:00\",\"dateModified\":\"2026-04-11T07:02:32+00:00\",\"description\":\"Compra Cpe605 Access Point |tp-link | | Inalambrico | Antena Para Exterior Direccional 23dbi 5ghz 150mbps Modos Ap\/cliente\/repetidor \/ap Router\/ Ap Cliente Router Wisp 1 Rj45 10\/100 | Poe Pasivo Incluido + Env\u00edo a domicilio + Pago seguro + Garant\u00eda\",\"breadcrumb\":{\"@id\":\"https:\/\/compuviper.mx\/tienda\/producto\/tp-link-cpe605-access-point-tp-link-inalambrico-antena-para-exterior-direccional-23dbi-5ghz-150mbps-modos-ap-cliente-repetidor-ap-router-ap-cliente-router-wisp-1-rj45-10-100-poe-pasivo-inc\/#breadcrumb\"},\"inLanguage\":\"es-MX\",\"potentialAction\":[{\"@type\":\"ReadAction\",\"target\":[\"https:\/\/compuviper.mx\/tienda\/producto\/tp-link-cpe605-access-point-tp-link-inalambrico-antena-para-exterior-direccional-23dbi-5ghz-150mbps-modos-ap-cliente-repetidor-ap-router-ap-cliente-router-wisp-1-rj45-10-100-poe-pasivo-inc\/\"]}]},{\"@type\":\"BreadcrumbList\",\"@id\":\"https:\/\/compuviper.mx\/tienda\/producto\/tp-link-cpe605-access-point-tp-link-inalambrico-antena-para-exterior-direccional-23dbi-5ghz-150mbps-modos-ap-cliente-repetidor-ap-router-ap-cliente-router-wisp-1-rj45-10-100-poe-pasivo-inc\/#breadcrumb\",\"itemListElement\":[{\"@type\":\"ListItem\",\"position\":1,\"name\":\"Inicio\",\"item\":\"https:\/\/compuviper.mx\/tienda\/\"},{\"@type\":\"ListItem\",\"position\":2,\"name\":\"Productos\",\"item\":\"https:\/\/compuviper.mx\/tienda\/productos\/\"},{\"@type\":\"ListItem\",\"position\":3,\"name\":\"Redes\",\"item\":\"https:\/\/compuviper.mx\/tienda\/categoria-producto\/redes\/\"},{\"@type\":\"ListItem\",\"position\":4,\"name\":\"Access Point\",\"item\":\"https:\/\/compuviper.mx\/tienda\/categoria-producto\/redes\/access-point\/\"},{\"@type\":\"ListItem\",\"position\":5,\"name\":\"Tp Link Cpe605 Access Point |tp-link | | Inalambrico | Antena Para Exterior Direccional 23dbi 5ghz 150mbps Modos Ap\/cliente\/repetidor \/ap Router\/ Ap Cliente Router Wisp 1 Rj45 10\/100 | Poe Pasivo Incluido\"}]},{\"@type\":\"WebSite\",\"@id\":\"https:\/\/compuviper.mx\/tienda\/#website\",\"url\":\"https:\/\/compuviper.mx\/tienda\/\",\"name\":\"Compuviper\",\"description\":\"Proveedor de Computadoras, Laptops, Servidores, Monitores, Puntos de Venta, Teclados,   Impresoras, T\u00f3ner, C\u00e1maras de Seguridad y m\u00e1s en tu tienda en l\u00ednea\",\"publisher\":{\"@id\":\"https:\/\/compuviper.mx\/tienda\/#organization\"},\"potentialAction\":[{\"@type\":\"SearchAction\",\"target\":{\"@type\":\"EntryPoint\",\"urlTemplate\":\"https:\/\/compuviper.mx\/tienda\/?s={search_term_string}\"},\"query-input\":\"required name=search_term_string\"}],\"inLanguage\":\"es-MX\"},{\"@type\":\"Organization\",\"@id\":\"https:\/\/compuviper.mx\/tienda\/#organization\",\"name\":\"Compuviper\",\"url\":\"https:\/\/compuviper.mx\/tienda\/\",\"logo\":{\"@type\":\"ImageObject\",\"inLanguage\":\"es-MX\",\"@id\":\"https:\/\/compuviper.mx\/tienda\/#\/schema\/logo\/image\/\",\"url\":\"https:\/\/compuviper.mx\/tienda\/wp-content\/uploads\/2021\/08\/Logo-Compuviper-10.png\",\"contentUrl\":\"https:\/\/compuviper.mx\/tienda\/wp-content\/uploads\/2021\/08\/Logo-Compuviper-10.png\",\"width\":1000,\"height\":500,\"caption\":\"Compuviper\"},\"image\":{\"@id\":\"https:\/\/compuviper.mx\/tienda\/#\/schema\/logo\/image\/\"},\"sameAs\":[\"https:\/\/www.facebook.com\/compuviper\",\"https:\/\/www.youtube.com\/channel\/UCf73dERp9Y3cfOq7q8BhLjA?view_as=subscriber\"]}]}<\/script>\n<meta property=\"product:brand\" content=\"TP LINK\" \/>\n<meta property=\"product:price:amount\" content=\"980\" \/>\n<meta property=\"product:price:currency\" content=\"MXN\" \/>\n<meta property=\"og:availability\" content=\"out of stock\" \/>\n<meta property=\"product:availability\" content=\"out of stock\" \/>\n<meta property=\"product:retailer_item_id\" content=\"CPE605\" \/>\n<meta property=\"product:condition\" content=\"new\" \/>\n<!-- \/ Yoast SEO plugin. -->","yoast_head_json":{"title":"[ Tp Link ] &#129351; Cpe605 Access Point |tp-link | | Inalambrico | Antena Para Exterior Direccional 23dbi 5ghz 150mbps Modos Ap\/cliente\/repetidor \/ap Router\/ Ap Cliente Router Wisp 1 Rj45 10\/100 | Poe Pasivo Incluido","description":"Compra Cpe605 Access Point |tp-link | | Inalambrico | Antena Para Exterior Direccional 23dbi 5ghz 150mbps Modos Ap\/cliente\/repetidor \/ap Router\/ Ap Cliente Router Wisp 1 Rj45 10\/100 | Poe Pasivo Incluido + Env\u00edo a domicilio + Pago seguro + Garant\u00eda","robots":{"index":"index","follow":"follow","max-snippet":"max-snippet:-1","max-image-preview":"max-image-preview:large","max-video-preview":"max-video-preview:-1"},"canonical":"https:\/\/compuviper.mx\/tienda\/producto\/tp-link-cpe605-access-point-tp-link-inalambrico-antena-para-exterior-direccional-23dbi-5ghz-150mbps-modos-ap-cliente-repetidor-ap-router-ap-cliente-router-wisp-1-rj45-10-100-poe-pasivo-inc\/","og_locale":"es_MX","og_type":"article","og_title":"[ Tp Link ] &#129351; Cpe605 Access Point |tp-link | | Inalambrico | Antena Para Exterior Direccional 23dbi 5ghz 150mbps Modos Ap\/cliente\/repetidor \/ap Router\/ Ap Cliente Router Wisp 1 Rj45 10\/100 | Poe Pasivo Incluido","og_description":"Compra Cpe605 Access Point |tp-link | | Inalambrico | Antena Para Exterior Direccional 23dbi 5ghz 150mbps Modos Ap\/cliente\/repetidor \/ap Router\/ Ap Cliente Router Wisp 1 Rj45 10\/100 | Poe Pasivo Incluido + Env\u00edo a domicilio + Pago seguro + Garant\u00eda","og_url":"https:\/\/compuviper.mx\/tienda\/producto\/tp-link-cpe605-access-point-tp-link-inalambrico-antena-para-exterior-direccional-23dbi-5ghz-150mbps-modos-ap-cliente-repetidor-ap-router-ap-cliente-router-wisp-1-rj45-10-100-poe-pasivo-inc\/","og_site_name":"Compuviper","article_publisher":"https:\/\/www.facebook.com\/compuviper","og_image":[{"width":200,"height":200,"url":"https:\/\/compuviper.mx\/tienda\/wp-content\/uploads\/2023\/12\/Access-point-tp-link-cpe605-inalambrico-antena-para-exterior-direccional-23dbi-5ghz-150mbps-modos-apclienterepetidor-ap-router-ap-cliente-router-wisp-1-rj45-10100-poe-pasivo-incluido.jpg","type":"image\/jpeg"}],"twitter_card":"summary_large_image","twitter_misc":{"Precio":"&#36;980 con IVA","Availability":"Out of stock"},"schema":{"@context":"https:\/\/schema.org","@graph":[{"@type":"WebPage","@id":"https:\/\/compuviper.mx\/tienda\/producto\/tp-link-cpe605-access-point-tp-link-inalambrico-antena-para-exterior-direccional-23dbi-5ghz-150mbps-modos-ap-cliente-repetidor-ap-router-ap-cliente-router-wisp-1-rj45-10-100-poe-pasivo-inc\/","url":"https:\/\/compuviper.mx\/tienda\/producto\/tp-link-cpe605-access-point-tp-link-inalambrico-antena-para-exterior-direccional-23dbi-5ghz-150mbps-modos-ap-cliente-repetidor-ap-router-ap-cliente-router-wisp-1-rj45-10-100-poe-pasivo-inc\/","name":"[ Tp Link ] &#129351; Cpe605 Access Point |tp-link | | Inalambrico | Antena Para Exterior Direccional 23dbi 5ghz 150mbps Modos Ap\/cliente\/repetidor \/ap Router\/ Ap Cliente Router Wisp 1 Rj45 10\/100 | Poe Pasivo Incluido","isPartOf":{"@id":"https:\/\/compuviper.mx\/tienda\/#website"},"datePublished":"2026-04-11T07:02:32+00:00","dateModified":"2026-04-11T07:02:32+00:00","description":"Compra Cpe605 Access Point |tp-link | | Inalambrico | Antena Para Exterior Direccional 23dbi 5ghz 150mbps Modos Ap\/cliente\/repetidor \/ap Router\/ Ap Cliente Router Wisp 1 Rj45 10\/100 | Poe Pasivo Incluido + Env\u00edo a domicilio + Pago seguro + Garant\u00eda","breadcrumb":{"@id":"https:\/\/compuviper.mx\/tienda\/producto\/tp-link-cpe605-access-point-tp-link-inalambrico-antena-para-exterior-direccional-23dbi-5ghz-150mbps-modos-ap-cliente-repetidor-ap-router-ap-cliente-router-wisp-1-rj45-10-100-poe-pasivo-inc\/#breadcrumb"},"inLanguage":"es-MX","potentialAction":[{"@type":"ReadAction","target":["https:\/\/compuviper.mx\/tienda\/producto\/tp-link-cpe605-access-point-tp-link-inalambrico-antena-para-exterior-direccional-23dbi-5ghz-150mbps-modos-ap-cliente-repetidor-ap-router-ap-cliente-router-wisp-1-rj45-10-100-poe-pasivo-inc\/"]}]},{"@type":"BreadcrumbList","@id":"https:\/\/compuviper.mx\/tienda\/producto\/tp-link-cpe605-access-point-tp-link-inalambrico-antena-para-exterior-direccional-23dbi-5ghz-150mbps-modos-ap-cliente-repetidor-ap-router-ap-cliente-router-wisp-1-rj45-10-100-poe-pasivo-inc\/#breadcrumb","itemListElement":[{"@type":"ListItem","position":1,"name":"Inicio","item":"https:\/\/compuviper.mx\/tienda\/"},{"@type":"ListItem","position":2,"name":"Productos","item":"https:\/\/compuviper.mx\/tienda\/productos\/"},{"@type":"ListItem","position":3,"name":"Redes","item":"https:\/\/compuviper.mx\/tienda\/categoria-producto\/redes\/"},{"@type":"ListItem","position":4,"name":"Access Point","item":"https:\/\/compuviper.mx\/tienda\/categoria-producto\/redes\/access-point\/"},{"@type":"ListItem","position":5,"name":"Tp Link Cpe605 Access Point |tp-link | | Inalambrico | Antena Para Exterior Direccional 23dbi 5ghz 150mbps Modos Ap\/cliente\/repetidor \/ap Router\/ Ap Cliente Router Wisp 1 Rj45 10\/100 | Poe Pasivo Incluido"}]},{"@type":"WebSite","@id":"https:\/\/compuviper.mx\/tienda\/#website","url":"https:\/\/compuviper.mx\/tienda\/","name":"Compuviper","description":"Proveedor de Computadoras, Laptops, Servidores, Monitores, Puntos de Venta, Teclados,   Impresoras, T\u00f3ner, C\u00e1maras de Seguridad y m\u00e1s en tu tienda en l\u00ednea","publisher":{"@id":"https:\/\/compuviper.mx\/tienda\/#organization"},"potentialAction":[{"@type":"SearchAction","target":{"@type":"EntryPoint","urlTemplate":"https:\/\/compuviper.mx\/tienda\/?s={search_term_string}"},"query-input":"required name=search_term_string"}],"inLanguage":"es-MX"},{"@type":"Organization","@id":"https:\/\/compuviper.mx\/tienda\/#organization","name":"Compuviper","url":"https:\/\/compuviper.mx\/tienda\/","logo":{"@type":"ImageObject","inLanguage":"es-MX","@id":"https:\/\/compuviper.mx\/tienda\/#\/schema\/logo\/image\/","url":"https:\/\/compuviper.mx\/tienda\/wp-content\/uploads\/2021\/08\/Logo-Compuviper-10.png","contentUrl":"https:\/\/compuviper.mx\/tienda\/wp-content\/uploads\/2021\/08\/Logo-Compuviper-10.png","width":1000,"height":500,"caption":"Compuviper"},"image":{"@id":"https:\/\/compuviper.mx\/tienda\/#\/schema\/logo\/image\/"},"sameAs":["https:\/\/www.facebook.com\/compuviper","https:\/\/www.youtube.com\/channel\/UCf73dERp9Y3cfOq7q8BhLjA?view_as=subscriber"]}]},"product_brand":"TP LINK","product_price_amount":"980","product_price_currency":"MXN","og_availability":"out of stock","product_availability":"out of stock","product_retailer_item_id":"CPE605","product_condition":"new"},"_links":{"self":[{"href":"https:\/\/compuviper.mx\/tienda\/wp-json\/wp\/v2\/product\/220848"}],"collection":[{"href":"https:\/\/compuviper.mx\/tienda\/wp-json\/wp\/v2\/product"}],"about":[{"href":"https:\/\/compuviper.mx\/tienda\/wp-json\/wp\/v2\/types\/product"}],"replies":[{"embeddable":true,"href":"https:\/\/compuviper.mx\/tienda\/wp-json\/wp\/v2\/comments?post=220848"}],"wp:featuredmedia":[{"embeddable":true,"href":"https:\/\/compuviper.mx\/tienda\/wp-json\/wp\/v2\/media\/220849"}],"wp:attachment":[{"href":"https:\/\/compuviper.mx\/tienda\/wp-json\/wp\/v2\/media?parent=220848"}],"wp:term":[{"taxonomy":"product_cat","embeddable":true,"href":"https:\/\/compuviper.mx\/tienda\/wp-json\/wp\/v2\/product_cat?post=220848"},{"taxonomy":"product_tag","embeddable":true,"href":"https:\/\/compuviper.mx\/tienda\/wp-json\/wp\/v2\/product_tag?post=220848"}],"curies":[{"name":"wp","href":"https:\/\/api.w.org\/{rel}","templated":true}]}}