{"id":220832,"date":"2026-04-18T01:07:25","date_gmt":"2026-04-18T07:07:25","guid":{"rendered":"https:\/\/compuviper.mx\/tienda\/producto\/hewlett-packard-enterprise-jl322a-switch-hpe-aruba-2930m-48g-poe-con-1-ranura-44-10-100-1000-poe-y-4-dual-sfp\/"},"modified":"2026-04-18T01:07:25","modified_gmt":"2026-04-18T07:07:25","slug":"hewlett-packard-enterprise-jl322a-switch-hpe-aruba-2930m-48g-poe-con-1-ranura-44-10-100-1000-poe-y-4-dual-sfp","status":"publish","type":"product","link":"https:\/\/compuviper.mx\/tienda\/producto\/hewlett-packard-enterprise-jl322a-switch-hpe-aruba-2930m-48g-poe-con-1-ranura-44-10-100-1000-poe-y-4-dual-sfp\/","title":{"rendered":"Hewlett Packard Enterprise Jl322a Switch Hpe Aruba  2930m 48g Poe Con 1 Ranura 44 10\/100\/1000 Poe Y 4 Dual Sfp"},"content":{"rendered":"<table class=\"descripcion\">\n<tr>\n<td>*puertos: (44) puertos de detecci\u00f3n autom\u00e1tica rj-45 10\/100\/1000 poe+, (4) puertos de doble funci\u00f3n 10\/100\/1000 base-t poe+ o puertos sfp de 100\/1000 mbps, (1) ranura de m\u00f3dulo de enlace ascendente, (1) ranura para m\u00f3dulo de apilamiento.<\/td>\n<\/tr>\n<tr>\n<td>*memoria y procesador: dual core arm coretex a9 a 1016 mhz; 1 gb de ddr3 sdram; tama\u00f1o de b\u00fafer de paquete: entrada de 12,38 mb y 4,5 mb \/ salida de 7,875, 4 gb emmc.<\/td>\n<\/tr>\n<tr>\n<td>*latencia: latencia de 1000 mb:   3,1  and #956;s; latencia de 10 gbps:   3,4  and #956;s.<\/td>\n<\/tr>\n<tr>\n<td>*velocidad: hasta 112 mpps.<\/td>\n<\/tr>\n<tr>\n<td>*capacidad de switching: 176 gbps.<\/td>\n<\/tr>\n<tr>\n<td>*funci\u00f3n poe: hasta 1440w.<\/td>\n<\/tr>\n<tr>\n<td>*funciones de gesti\u00f3n: gesti\u00f3n de redes aruba airwave; aruba central; imc: intelligent management center; interfaz de l\u00ednea de comandos; navegador web; men\u00fa de configuraci\u00f3n; gestor snmp; telnet; rmon1; ftp; gesti\u00f3n fuera de banda (rs-232c o micro usb de serie).<\/td>\n<\/tr>\n<tr>\n<td>*nombre de fuente de alimentaci\u00f3n: fuente de alimentaci\u00f3n 54vcc 680w 100-240 vca para jl086a aruba x372, jl087a fuente de alimentaci\u00f3n de 54vcc 1050w 110-240 vca para aruba x372.<\/td>\n<\/tr>\n<tr>\n<td>*voltaje de entrada: 100 &#8211; 127 \/ 200-240 vca, certificado o 110-127 \/ 200-240 vca, calificado, dependiendo de la fuente de alimentaci\u00f3n.<\/td>\n<\/tr>\n<tr>\n<td>*intervalo de humedad en funcionamiento: del 15 al 95 % a 104 \u00b0f (40 \u00b0c) (sin condensaci\u00f3n hasta 10000 pies).<\/td>\n<\/tr>\n<tr>\n<td>*consumo de energ\u00eda: admite 2 fuentes de alimentaci\u00f3n: jl086a fuente de alimentaci\u00f3n (cada una): 470 w: fuente de alimentaci\u00f3n jl087a (cada una): 860 w.<\/td>\n<\/tr>\n<tr>\n<td>*disipaci\u00f3n del calor: 200 btu\/h 216 kj\/h.<\/td>\n<\/tr>\n<tr>\n<td>*dimensiones m\u00ednimas (alto x ancho x fondo): 4.39 x 44.25 x 32.43 cm; 1.73 x 17.42 x 12.77 in.<\/td>\n<\/tr>\n<tr>\n<td>*peso: 4,65 kg.<\/td>\n<\/tr>\n<tr>\n<td>*garantia limitada de por vida.<\/td>\n<\/tr>\n<\/table>\n","protected":false},"excerpt":{"rendered":"<p>El conmutador aruba de la serie 2930m ha sido dise\u00f1ado para espacios de trabajo digitales optimizados para usuarios m\u00f3viles. Estos conmutadores de acceso de nivel 3 son f\u00e1ciles de implementar y gestionar gracias a las herramientas de gesti\u00f3n de redes y de seguridad avanzada como aruba clearpass policy manager, aruba airwave y aruba central basado en la nube. El apilamiento modular, los enlaces ascendentes y la potencia proporcionan la escalabilidad y la simplicidad para el per\u00edmetro empresarial, las pymes y las sucursales. La serie 2930m ofrece rendimiento y valor con compatibilidad para enrutamiento de access ospf, est\u00e1tico y rip, enlaces ascendentes de 10 gbe y 40 gbe, modelos con 24 puertos ethernet multigigabit hpe smart rate, hasta 1440 w de poe+, calidad de servicio s\u00f3lido, sdn y no requiere licencias de software.<\/p>\n","protected":false},"featured_media":220833,"comment_status":"open","ping_status":"open","template":"","meta":[],"product_cat":[1563,1564],"product_tag":[1568],"acf":[],"yoast_head":"<!-- This site is optimized with the Yoast SEO plugin v21.7 - https:\/\/yoast.com\/wordpress\/plugins\/seo\/ -->\n<title>[ Hewlett Packard Enterprise ] &#129351; Jl322a Switch Hpe Aruba 2930m 48g Poe Con 1 Ranura 44 10\/100\/1000 Poe Y 4 Dual Sfp<\/title>\n<meta name=\"description\" content=\"Compra Jl322a Switch Hpe Aruba 2930m 48g Poe Con 1 Ranura 44 10\/100\/1000 Poe Y 4 Dual Sfp + Env\u00edo a domicilio + Pago seguro + Garant\u00eda\" \/>\n<meta name=\"robots\" content=\"index, follow, max-snippet:-1, max-image-preview:large, max-video-preview:-1\" \/>\n<link rel=\"canonical\" href=\"https:\/\/compuviper.mx\/tienda\/producto\/hewlett-packard-enterprise-jl322a-switch-hpe-aruba-2930m-48g-poe-con-1-ranura-44-10-100-1000-poe-y-4-dual-sfp\/\" \/>\n<meta property=\"og:locale\" content=\"es_MX\" \/>\n<meta property=\"og:type\" content=\"article\" \/>\n<meta property=\"og:title\" content=\"[ Hewlett Packard Enterprise ] &#129351; Jl322a Switch Hpe Aruba 2930m 48g Poe Con 1 Ranura 44 10\/100\/1000 Poe Y 4 Dual Sfp\" \/>\n<meta property=\"og:description\" content=\"Compra Jl322a Switch Hpe Aruba 2930m 48g Poe Con 1 Ranura 44 10\/100\/1000 Poe Y 4 Dual Sfp + Env\u00edo a domicilio + Pago seguro + Garant\u00eda\" \/>\n<meta property=\"og:url\" content=\"https:\/\/compuviper.mx\/tienda\/producto\/hewlett-packard-enterprise-jl322a-switch-hpe-aruba-2930m-48g-poe-con-1-ranura-44-10-100-1000-poe-y-4-dual-sfp\/\" \/>\n<meta property=\"og:site_name\" content=\"Compuviper\" \/>\n<meta property=\"article:publisher\" content=\"https:\/\/www.facebook.com\/compuviper\" \/>\n<meta property=\"og:image\" content=\"https:\/\/compuviper.mx\/tienda\/wp-content\/uploads\/2023\/12\/Switch-hpe-aruba-jl322a-2930m-48g-poe-con-1-ranura-44-101001000-poe-y-4-dual-sfp.jpg\" \/>\n\t<meta property=\"og:image:width\" content=\"200\" \/>\n\t<meta property=\"og:image:height\" content=\"200\" \/>\n\t<meta property=\"og:image:type\" content=\"image\/jpeg\" \/>\n<meta name=\"twitter:card\" content=\"summary_large_image\" \/>\n<meta name=\"twitter:label1\" content=\"Precio\" \/>\n\t<meta name=\"twitter:data1\" content=\"&#36;69,447 con IVA\" \/>\n\t<meta name=\"twitter:label2\" content=\"Availability\" \/>\n\t<meta name=\"twitter:data2\" content=\"On backorder\" \/>\n<script type=\"application\/ld+json\" class=\"yoast-schema-graph\">{\"@context\":\"https:\/\/schema.org\",\"@graph\":[{\"@type\":\"WebPage\",\"@id\":\"https:\/\/compuviper.mx\/tienda\/producto\/hewlett-packard-enterprise-jl322a-switch-hpe-aruba-2930m-48g-poe-con-1-ranura-44-10-100-1000-poe-y-4-dual-sfp\/\",\"url\":\"https:\/\/compuviper.mx\/tienda\/producto\/hewlett-packard-enterprise-jl322a-switch-hpe-aruba-2930m-48g-poe-con-1-ranura-44-10-100-1000-poe-y-4-dual-sfp\/\",\"name\":\"[ Hewlett Packard Enterprise ] &#129351; Jl322a Switch Hpe Aruba 2930m 48g Poe Con 1 Ranura 44 10\/100\/1000 Poe Y 4 Dual Sfp\",\"isPartOf\":{\"@id\":\"https:\/\/compuviper.mx\/tienda\/#website\"},\"datePublished\":\"2026-04-18T07:07:25+00:00\",\"dateModified\":\"2026-04-18T07:07:25+00:00\",\"description\":\"Compra Jl322a Switch Hpe Aruba 2930m 48g Poe Con 1 Ranura 44 10\/100\/1000 Poe Y 4 Dual Sfp + Env\u00edo a domicilio + Pago seguro + Garant\u00eda\",\"breadcrumb\":{\"@id\":\"https:\/\/compuviper.mx\/tienda\/producto\/hewlett-packard-enterprise-jl322a-switch-hpe-aruba-2930m-48g-poe-con-1-ranura-44-10-100-1000-poe-y-4-dual-sfp\/#breadcrumb\"},\"inLanguage\":\"es-MX\",\"potentialAction\":[{\"@type\":\"ReadAction\",\"target\":[\"https:\/\/compuviper.mx\/tienda\/producto\/hewlett-packard-enterprise-jl322a-switch-hpe-aruba-2930m-48g-poe-con-1-ranura-44-10-100-1000-poe-y-4-dual-sfp\/\"]}]},{\"@type\":\"BreadcrumbList\",\"@id\":\"https:\/\/compuviper.mx\/tienda\/producto\/hewlett-packard-enterprise-jl322a-switch-hpe-aruba-2930m-48g-poe-con-1-ranura-44-10-100-1000-poe-y-4-dual-sfp\/#breadcrumb\",\"itemListElement\":[{\"@type\":\"ListItem\",\"position\":1,\"name\":\"Inicio\",\"item\":\"https:\/\/compuviper.mx\/tienda\/\"},{\"@type\":\"ListItem\",\"position\":2,\"name\":\"Productos\",\"item\":\"https:\/\/compuviper.mx\/tienda\/productos\/\"},{\"@type\":\"ListItem\",\"position\":3,\"name\":\"Redes\",\"item\":\"https:\/\/compuviper.mx\/tienda\/categoria-producto\/redes\/\"},{\"@type\":\"ListItem\",\"position\":4,\"name\":\"Switch\",\"item\":\"https:\/\/compuviper.mx\/tienda\/categoria-producto\/redes\/switch\/\"},{\"@type\":\"ListItem\",\"position\":5,\"name\":\"Hewlett Packard Enterprise Jl322a Switch Hpe Aruba 2930m 48g Poe Con 1 Ranura 44 10\/100\/1000 Poe Y 4 Dual Sfp\"}]},{\"@type\":\"WebSite\",\"@id\":\"https:\/\/compuviper.mx\/tienda\/#website\",\"url\":\"https:\/\/compuviper.mx\/tienda\/\",\"name\":\"Compuviper\",\"description\":\"Proveedor de Computadoras, Laptops, Servidores, Monitores, Puntos de Venta, Teclados,   Impresoras, T\u00f3ner, C\u00e1maras de Seguridad y m\u00e1s en tu tienda en l\u00ednea\",\"publisher\":{\"@id\":\"https:\/\/compuviper.mx\/tienda\/#organization\"},\"potentialAction\":[{\"@type\":\"SearchAction\",\"target\":{\"@type\":\"EntryPoint\",\"urlTemplate\":\"https:\/\/compuviper.mx\/tienda\/?s={search_term_string}\"},\"query-input\":\"required name=search_term_string\"}],\"inLanguage\":\"es-MX\"},{\"@type\":\"Organization\",\"@id\":\"https:\/\/compuviper.mx\/tienda\/#organization\",\"name\":\"Compuviper\",\"url\":\"https:\/\/compuviper.mx\/tienda\/\",\"logo\":{\"@type\":\"ImageObject\",\"inLanguage\":\"es-MX\",\"@id\":\"https:\/\/compuviper.mx\/tienda\/#\/schema\/logo\/image\/\",\"url\":\"https:\/\/compuviper.mx\/tienda\/wp-content\/uploads\/2021\/08\/Logo-Compuviper-10.png\",\"contentUrl\":\"https:\/\/compuviper.mx\/tienda\/wp-content\/uploads\/2021\/08\/Logo-Compuviper-10.png\",\"width\":1000,\"height\":500,\"caption\":\"Compuviper\"},\"image\":{\"@id\":\"https:\/\/compuviper.mx\/tienda\/#\/schema\/logo\/image\/\"},\"sameAs\":[\"https:\/\/www.facebook.com\/compuviper\",\"https:\/\/www.youtube.com\/channel\/UCf73dERp9Y3cfOq7q8BhLjA?view_as=subscriber\"]}]}<\/script>\n<meta property=\"product:brand\" content=\"HEWLETT PACKARD ENTERPRISE\" \/>\n<meta property=\"product:price:amount\" content=\"69447\" \/>\n<meta property=\"product:price:currency\" content=\"MXN\" \/>\n<meta property=\"og:availability\" content=\"backorder\" \/>\n<meta property=\"product:availability\" content=\"available for order\" \/>\n<meta property=\"product:retailer_item_id\" content=\"JL322A\" \/>\n<meta property=\"product:condition\" content=\"new\" \/>\n<!-- \/ Yoast SEO plugin. -->","yoast_head_json":{"title":"[ Hewlett Packard Enterprise ] &#129351; Jl322a Switch Hpe Aruba 2930m 48g Poe Con 1 Ranura 44 10\/100\/1000 Poe Y 4 Dual Sfp","description":"Compra Jl322a Switch Hpe Aruba 2930m 48g Poe Con 1 Ranura 44 10\/100\/1000 Poe Y 4 Dual Sfp + Env\u00edo a domicilio + Pago seguro + Garant\u00eda","robots":{"index":"index","follow":"follow","max-snippet":"max-snippet:-1","max-image-preview":"max-image-preview:large","max-video-preview":"max-video-preview:-1"},"canonical":"https:\/\/compuviper.mx\/tienda\/producto\/hewlett-packard-enterprise-jl322a-switch-hpe-aruba-2930m-48g-poe-con-1-ranura-44-10-100-1000-poe-y-4-dual-sfp\/","og_locale":"es_MX","og_type":"article","og_title":"[ Hewlett Packard Enterprise ] &#129351; Jl322a Switch Hpe Aruba 2930m 48g Poe Con 1 Ranura 44 10\/100\/1000 Poe Y 4 Dual Sfp","og_description":"Compra Jl322a Switch Hpe Aruba 2930m 48g Poe Con 1 Ranura 44 10\/100\/1000 Poe Y 4 Dual Sfp + Env\u00edo a domicilio + Pago seguro + Garant\u00eda","og_url":"https:\/\/compuviper.mx\/tienda\/producto\/hewlett-packard-enterprise-jl322a-switch-hpe-aruba-2930m-48g-poe-con-1-ranura-44-10-100-1000-poe-y-4-dual-sfp\/","og_site_name":"Compuviper","article_publisher":"https:\/\/www.facebook.com\/compuviper","og_image":[{"width":200,"height":200,"url":"https:\/\/compuviper.mx\/tienda\/wp-content\/uploads\/2023\/12\/Switch-hpe-aruba-jl322a-2930m-48g-poe-con-1-ranura-44-101001000-poe-y-4-dual-sfp.jpg","type":"image\/jpeg"}],"twitter_card":"summary_large_image","twitter_misc":{"Precio":"&#36;69,447 con IVA","Availability":"On backorder"},"schema":{"@context":"https:\/\/schema.org","@graph":[{"@type":"WebPage","@id":"https:\/\/compuviper.mx\/tienda\/producto\/hewlett-packard-enterprise-jl322a-switch-hpe-aruba-2930m-48g-poe-con-1-ranura-44-10-100-1000-poe-y-4-dual-sfp\/","url":"https:\/\/compuviper.mx\/tienda\/producto\/hewlett-packard-enterprise-jl322a-switch-hpe-aruba-2930m-48g-poe-con-1-ranura-44-10-100-1000-poe-y-4-dual-sfp\/","name":"[ Hewlett Packard Enterprise ] &#129351; Jl322a Switch Hpe Aruba 2930m 48g Poe Con 1 Ranura 44 10\/100\/1000 Poe Y 4 Dual Sfp","isPartOf":{"@id":"https:\/\/compuviper.mx\/tienda\/#website"},"datePublished":"2026-04-18T07:07:25+00:00","dateModified":"2026-04-18T07:07:25+00:00","description":"Compra Jl322a Switch Hpe Aruba 2930m 48g Poe Con 1 Ranura 44 10\/100\/1000 Poe Y 4 Dual Sfp + Env\u00edo a domicilio + Pago seguro + Garant\u00eda","breadcrumb":{"@id":"https:\/\/compuviper.mx\/tienda\/producto\/hewlett-packard-enterprise-jl322a-switch-hpe-aruba-2930m-48g-poe-con-1-ranura-44-10-100-1000-poe-y-4-dual-sfp\/#breadcrumb"},"inLanguage":"es-MX","potentialAction":[{"@type":"ReadAction","target":["https:\/\/compuviper.mx\/tienda\/producto\/hewlett-packard-enterprise-jl322a-switch-hpe-aruba-2930m-48g-poe-con-1-ranura-44-10-100-1000-poe-y-4-dual-sfp\/"]}]},{"@type":"BreadcrumbList","@id":"https:\/\/compuviper.mx\/tienda\/producto\/hewlett-packard-enterprise-jl322a-switch-hpe-aruba-2930m-48g-poe-con-1-ranura-44-10-100-1000-poe-y-4-dual-sfp\/#breadcrumb","itemListElement":[{"@type":"ListItem","position":1,"name":"Inicio","item":"https:\/\/compuviper.mx\/tienda\/"},{"@type":"ListItem","position":2,"name":"Productos","item":"https:\/\/compuviper.mx\/tienda\/productos\/"},{"@type":"ListItem","position":3,"name":"Redes","item":"https:\/\/compuviper.mx\/tienda\/categoria-producto\/redes\/"},{"@type":"ListItem","position":4,"name":"Switch","item":"https:\/\/compuviper.mx\/tienda\/categoria-producto\/redes\/switch\/"},{"@type":"ListItem","position":5,"name":"Hewlett Packard Enterprise Jl322a Switch Hpe Aruba 2930m 48g Poe Con 1 Ranura 44 10\/100\/1000 Poe Y 4 Dual Sfp"}]},{"@type":"WebSite","@id":"https:\/\/compuviper.mx\/tienda\/#website","url":"https:\/\/compuviper.mx\/tienda\/","name":"Compuviper","description":"Proveedor de Computadoras, Laptops, Servidores, Monitores, Puntos de Venta, Teclados,   Impresoras, T\u00f3ner, C\u00e1maras de Seguridad y m\u00e1s en tu tienda en l\u00ednea","publisher":{"@id":"https:\/\/compuviper.mx\/tienda\/#organization"},"potentialAction":[{"@type":"SearchAction","target":{"@type":"EntryPoint","urlTemplate":"https:\/\/compuviper.mx\/tienda\/?s={search_term_string}"},"query-input":"required name=search_term_string"}],"inLanguage":"es-MX"},{"@type":"Organization","@id":"https:\/\/compuviper.mx\/tienda\/#organization","name":"Compuviper","url":"https:\/\/compuviper.mx\/tienda\/","logo":{"@type":"ImageObject","inLanguage":"es-MX","@id":"https:\/\/compuviper.mx\/tienda\/#\/schema\/logo\/image\/","url":"https:\/\/compuviper.mx\/tienda\/wp-content\/uploads\/2021\/08\/Logo-Compuviper-10.png","contentUrl":"https:\/\/compuviper.mx\/tienda\/wp-content\/uploads\/2021\/08\/Logo-Compuviper-10.png","width":1000,"height":500,"caption":"Compuviper"},"image":{"@id":"https:\/\/compuviper.mx\/tienda\/#\/schema\/logo\/image\/"},"sameAs":["https:\/\/www.facebook.com\/compuviper","https:\/\/www.youtube.com\/channel\/UCf73dERp9Y3cfOq7q8BhLjA?view_as=subscriber"]}]},"product_brand":"HEWLETT PACKARD ENTERPRISE","product_price_amount":"69447","product_price_currency":"MXN","og_availability":"backorder","product_availability":"available for order","product_retailer_item_id":"JL322A","product_condition":"new"},"_links":{"self":[{"href":"https:\/\/compuviper.mx\/tienda\/wp-json\/wp\/v2\/product\/220832"}],"collection":[{"href":"https:\/\/compuviper.mx\/tienda\/wp-json\/wp\/v2\/product"}],"about":[{"href":"https:\/\/compuviper.mx\/tienda\/wp-json\/wp\/v2\/types\/product"}],"replies":[{"embeddable":true,"href":"https:\/\/compuviper.mx\/tienda\/wp-json\/wp\/v2\/comments?post=220832"}],"wp:featuredmedia":[{"embeddable":true,"href":"https:\/\/compuviper.mx\/tienda\/wp-json\/wp\/v2\/media\/220833"}],"wp:attachment":[{"href":"https:\/\/compuviper.mx\/tienda\/wp-json\/wp\/v2\/media?parent=220832"}],"wp:term":[{"taxonomy":"product_cat","embeddable":true,"href":"https:\/\/compuviper.mx\/tienda\/wp-json\/wp\/v2\/product_cat?post=220832"},{"taxonomy":"product_tag","embeddable":true,"href":"https:\/\/compuviper.mx\/tienda\/wp-json\/wp\/v2\/product_tag?post=220832"}],"curies":[{"name":"wp","href":"https:\/\/api.w.org\/{rel}","templated":true}]}}