{"id":220828,"date":"2026-04-15T01:06:47","date_gmt":"2026-04-15T07:06:47","guid":{"rendered":"https:\/\/compuviper.mx\/tienda\/producto\/tp-link-mw300re-repetidor-tp-link-extensor-de-rango-300mbps-3-antenas-externas\/"},"modified":"2026-04-15T01:06:48","modified_gmt":"2026-04-15T07:06:48","slug":"tp-link-mw300re-repetidor-mercusys-extensor-de-rango-300mbps-3-antenas-externas","status":"publish","type":"product","link":"https:\/\/compuviper.mx\/tienda\/producto\/tp-link-mw300re-repetidor-mercusys-extensor-de-rango-300mbps-3-antenas-externas\/","title":{"rendered":"Tp Link Mw300re Repetidor | Mercusys |  | Extensor De Rango | 300mbps | 3 Antenas Externas"},"content":{"rendered":"<table class=\"descripcion\">\n<tr>\n<td>Tipo de antena: 3 antenas externas<\/td>\n<\/tr>\n<tr>\n<td>Seguridad inal\u00e1mbrica: cifrado wpa \/ wpa2, wpa-psk \/ wpa2-psk<\/td>\n<\/tr>\n<tr>\n<td>Funciones inal\u00e1mbricas: filtrado de direcciones mac inal\u00e1mbricas  \/  funci\u00f3n de inicio de sesi\u00f3n de dominio  \/  control de potencia de transmisi\u00f3n<\/td>\n<\/tr>\n<tr>\n<td>Dimensiones (wxdxh): 101 x 75 x 39 mm<\/td>\n<\/tr>\n<tr>\n<td>Fuente de alimentaci\u00f3n externa: sobre 4.3w<\/td>\n<\/tr>\n<tr>\n<td>Tasa de se\u00f1al: hasta 300 mbps<\/td>\n<\/tr>\n<tr>\n<td>Bot\u00f3n: bot\u00f3n de reinicio \/ wps<\/td>\n<\/tr>\n<tr>\n<td>Est\u00e1ndares inal\u00e1mbricos: ieee 802.11n \/ g \/ b<\/td>\n<\/tr>\n<tr>\n<td>Frecuencia: 2.4ghz<\/td>\n<\/tr>\n<tr>\n<td>Sensibilidad de recepci\u00f3n: 11g 54m: -75dbm  \/  11n ht20 mcs7: -73dbm  \/  11n ht40 mcs7: -70dbm<\/td>\n<\/tr>\n<tr>\n<td>Certificaciones: ce, rohs<\/td>\n<\/tr>\n<tr>\n<td>Contenidos del paquete: 300mbps wi-fi range extender mw300re  \/  gu\u00eda de instalaci\u00f3n r\u00e1pida<\/td>\n<\/tr>\n<tr>\n<td>Ambiente: temperatura de funcionamiento: 0  and #8451; ~ 40  and #8451; (32  and #8457; ~ 104  and #8457;)<\/td>\n<\/tr>\n<tr>\n<td>Temperatura de almacenamiento: -40  and #8451; ~ 70  and #8451; (-40  and #8457; ~ 158  and #8457;)<\/td>\n<\/tr>\n<tr>\n<td>Humedad de funcionamiento: 10% ~ 90% sin condensaci\u00f3n<\/td>\n<\/tr>\n<tr>\n<td>Humedad de almacenamiento: 5% ~ 90% sin condensaci\u00f3n<\/td>\n<\/tr>\n<tr>\n<td>Poder de transmisi\u00f3n:  20dbm<\/td>\n<\/tr>\n<\/table>\n","protected":false},"excerpt":{"rendered":"<p>Extensor de alcance wi-fi de 300mbps. Mw300re. * el modo extensor aumenta la se\u00f1al inal\u00e1mbrica a \u00e1reas previamente inalcanzables o dif\u00edciles de cablear sin problemas. * tres antenas externas con tecnolog\u00eda mimo ayudan a diferenciar al mw300re de los extensores de rango ordinarios. * ampl\u00ede f\u00e1cilmente la cobertura inal\u00e1mbrica con una sencilla configuraci\u00f3n de dos toques o presionando el bot\u00f3n wps. * el tama\u00f1o en miniatura y el dise\u00f1o de montaje en pared facilitan su implementaci\u00f3n y movimiento de manera flexible. * el led multicolor te ayuda a encontrar la ubicaci\u00f3n correcta para ofrecer la mejor extensi\u00f3n de wi-fi. Proporcionar soluci\u00f3n para la eliminaci\u00f3n de zonas muertas de wi-fi. \u00bfcansado de zonas muertas de wifi? el mw300re las elimina al conectarse de forma inal\u00e1mbrica a tu router, fortaleciendo y expandiendo su se\u00f1al a \u00e1reas que no puede por s\u00ed solo. Tambi\u00e9n reduce la interferencia de la se\u00f1al para garantizar una cobertura confiable de wi-fi en su hogar u oficina. F\u00e1cil uso m\u00e1s all\u00e1 de la imaginaci\u00f3n. Presione el bot\u00f3n wps en su router y el mw300re respectivamente y puede conectarse a la red en segundos. Una vez conectado, simplemente puede desconectar el extensor de rango desde una ubicaci\u00f3n y volver a conectarlo a otra para obtener la mejor calidad de se\u00f1al y cobertura en su hogar, sin necesidad de configurar el extensor nuevamente. Indicador de se\u00f1al inteligente. Un led multicolor te ayuda a encontrar la ubicaci\u00f3n correcta para ofrecer la mejor extensi\u00f3n de wi-fi. Incre\u00edble capacidad. Mw300re podr\u00eda funcionar con casi cualquier router wi-fi. La tecnolog\u00eda mimo potencia la calidad del wi-fi. El mw300re es diferente con los extensores de rango ordinarios. Con la tecnolog\u00eda mimo, el mw300re ayuda a mejorar su red al aumentar dram\u00e1ticamente las velocidades inal\u00e1mbricas. Adem\u00e1s, sus tres antenas externas garantizan que una se\u00f1al inal\u00e1mbrica estable llegue a donde m\u00e1s la necesita.<\/p>\n","protected":false},"featured_media":220829,"comment_status":"open","ping_status":"open","template":"","meta":[],"product_cat":[1563,1755],"product_tag":[1562],"acf":[],"yoast_head":"<!-- This site is optimized with the Yoast SEO plugin v21.7 - https:\/\/yoast.com\/wordpress\/plugins\/seo\/ -->\n<title>[ Tp Link ] &#129351; Mw300re Repetidor | Mercusys | | Extensor De Rango | 300mbps | 3 Antenas Externas<\/title>\n<meta name=\"description\" content=\"Compra Mw300re Repetidor | Mercusys | | Extensor De Rango | 300mbps | 3 Antenas Externas + Env\u00edo a domicilio + Pago seguro + Garant\u00eda\" \/>\n<meta name=\"robots\" content=\"index, follow, max-snippet:-1, max-image-preview:large, max-video-preview:-1\" \/>\n<link rel=\"canonical\" href=\"https:\/\/compuviper.mx\/tienda\/producto\/tp-link-mw300re-repetidor-mercusys-extensor-de-rango-300mbps-3-antenas-externas\/\" \/>\n<meta property=\"og:locale\" content=\"es_MX\" \/>\n<meta property=\"og:type\" content=\"article\" \/>\n<meta property=\"og:title\" content=\"[ Tp Link ] &#129351; Mw300re Repetidor | Mercusys | | Extensor De Rango | 300mbps | 3 Antenas Externas\" \/>\n<meta property=\"og:description\" content=\"Compra Mw300re Repetidor | Mercusys | | Extensor De Rango | 300mbps | 3 Antenas Externas + Env\u00edo a domicilio + Pago seguro + Garant\u00eda\" \/>\n<meta property=\"og:url\" content=\"https:\/\/compuviper.mx\/tienda\/producto\/tp-link-mw300re-repetidor-mercusys-extensor-de-rango-300mbps-3-antenas-externas\/\" \/>\n<meta property=\"og:site_name\" content=\"Compuviper\" \/>\n<meta property=\"article:publisher\" content=\"https:\/\/www.facebook.com\/compuviper\" \/>\n<meta property=\"article:modified_time\" content=\"2026-04-15T07:06:48+00:00\" \/>\n<meta property=\"og:image\" content=\"https:\/\/compuviper.mx\/tienda\/wp-content\/uploads\/2023\/12\/Repetidor-tp-link-mw300re-extensor-de-rango-300mbps-3-antenas-externas.jpg\" \/>\n\t<meta property=\"og:image:width\" content=\"200\" \/>\n\t<meta property=\"og:image:height\" content=\"200\" \/>\n\t<meta property=\"og:image:type\" content=\"image\/jpeg\" \/>\n<meta name=\"twitter:card\" content=\"summary_large_image\" \/>\n<meta name=\"twitter:label1\" content=\"Precio\" \/>\n\t<meta name=\"twitter:data1\" content=\"&#36;190 con IVA\" \/>\n\t<meta name=\"twitter:label2\" content=\"Availability\" \/>\n\t<meta name=\"twitter:data2\" content=\"In stock\" \/>\n<script type=\"application\/ld+json\" class=\"yoast-schema-graph\">{\"@context\":\"https:\/\/schema.org\",\"@graph\":[{\"@type\":\"WebPage\",\"@id\":\"https:\/\/compuviper.mx\/tienda\/producto\/tp-link-mw300re-repetidor-mercusys-extensor-de-rango-300mbps-3-antenas-externas\/\",\"url\":\"https:\/\/compuviper.mx\/tienda\/producto\/tp-link-mw300re-repetidor-mercusys-extensor-de-rango-300mbps-3-antenas-externas\/\",\"name\":\"[ Tp Link ] &#129351; Mw300re Repetidor | Mercusys | | Extensor De Rango | 300mbps | 3 Antenas Externas\",\"isPartOf\":{\"@id\":\"https:\/\/compuviper.mx\/tienda\/#website\"},\"datePublished\":\"2026-04-15T07:06:47+00:00\",\"dateModified\":\"2026-04-15T07:06:48+00:00\",\"description\":\"Compra Mw300re Repetidor | Mercusys | | Extensor De Rango | 300mbps | 3 Antenas Externas + Env\u00edo a domicilio + Pago seguro + Garant\u00eda\",\"breadcrumb\":{\"@id\":\"https:\/\/compuviper.mx\/tienda\/producto\/tp-link-mw300re-repetidor-mercusys-extensor-de-rango-300mbps-3-antenas-externas\/#breadcrumb\"},\"inLanguage\":\"es-MX\",\"potentialAction\":[{\"@type\":\"ReadAction\",\"target\":[\"https:\/\/compuviper.mx\/tienda\/producto\/tp-link-mw300re-repetidor-mercusys-extensor-de-rango-300mbps-3-antenas-externas\/\"]}]},{\"@type\":\"BreadcrumbList\",\"@id\":\"https:\/\/compuviper.mx\/tienda\/producto\/tp-link-mw300re-repetidor-mercusys-extensor-de-rango-300mbps-3-antenas-externas\/#breadcrumb\",\"itemListElement\":[{\"@type\":\"ListItem\",\"position\":1,\"name\":\"Inicio\",\"item\":\"https:\/\/compuviper.mx\/tienda\/\"},{\"@type\":\"ListItem\",\"position\":2,\"name\":\"Productos\",\"item\":\"https:\/\/compuviper.mx\/tienda\/productos\/\"},{\"@type\":\"ListItem\",\"position\":3,\"name\":\"Redes\",\"item\":\"https:\/\/compuviper.mx\/tienda\/categoria-producto\/redes\/\"},{\"@type\":\"ListItem\",\"position\":4,\"name\":\"Repetidor Wireless\",\"item\":\"https:\/\/compuviper.mx\/tienda\/categoria-producto\/redes\/repetidor-wireless\/\"},{\"@type\":\"ListItem\",\"position\":5,\"name\":\"Tp Link Mw300re Repetidor | Mercusys | | Extensor De Rango | 300mbps | 3 Antenas Externas\"}]},{\"@type\":\"WebSite\",\"@id\":\"https:\/\/compuviper.mx\/tienda\/#website\",\"url\":\"https:\/\/compuviper.mx\/tienda\/\",\"name\":\"Compuviper\",\"description\":\"Proveedor de Computadoras, Laptops, Servidores, Monitores, Puntos de Venta, Teclados,   Impresoras, T\u00f3ner, C\u00e1maras de Seguridad y m\u00e1s en tu tienda en l\u00ednea\",\"publisher\":{\"@id\":\"https:\/\/compuviper.mx\/tienda\/#organization\"},\"potentialAction\":[{\"@type\":\"SearchAction\",\"target\":{\"@type\":\"EntryPoint\",\"urlTemplate\":\"https:\/\/compuviper.mx\/tienda\/?s={search_term_string}\"},\"query-input\":\"required name=search_term_string\"}],\"inLanguage\":\"es-MX\"},{\"@type\":\"Organization\",\"@id\":\"https:\/\/compuviper.mx\/tienda\/#organization\",\"name\":\"Compuviper\",\"url\":\"https:\/\/compuviper.mx\/tienda\/\",\"logo\":{\"@type\":\"ImageObject\",\"inLanguage\":\"es-MX\",\"@id\":\"https:\/\/compuviper.mx\/tienda\/#\/schema\/logo\/image\/\",\"url\":\"https:\/\/compuviper.mx\/tienda\/wp-content\/uploads\/2021\/08\/Logo-Compuviper-10.png\",\"contentUrl\":\"https:\/\/compuviper.mx\/tienda\/wp-content\/uploads\/2021\/08\/Logo-Compuviper-10.png\",\"width\":1000,\"height\":500,\"caption\":\"Compuviper\"},\"image\":{\"@id\":\"https:\/\/compuviper.mx\/tienda\/#\/schema\/logo\/image\/\"},\"sameAs\":[\"https:\/\/www.facebook.com\/compuviper\",\"https:\/\/www.youtube.com\/channel\/UCf73dERp9Y3cfOq7q8BhLjA?view_as=subscriber\"]}]}<\/script>\n<meta property=\"product:brand\" content=\"TP LINK\" \/>\n<meta property=\"product:price:amount\" content=\"190\" \/>\n<meta property=\"product:price:currency\" content=\"MXN\" \/>\n<meta property=\"og:availability\" content=\"instock\" \/>\n<meta property=\"product:availability\" content=\"instock\" \/>\n<meta property=\"product:retailer_item_id\" content=\"MW300RE\" \/>\n<meta property=\"product:condition\" content=\"new\" \/>\n<!-- \/ Yoast SEO plugin. -->","yoast_head_json":{"title":"[ Tp Link ] &#129351; Mw300re Repetidor | Mercusys | | Extensor De Rango | 300mbps | 3 Antenas Externas","description":"Compra Mw300re Repetidor | Mercusys | | Extensor De Rango | 300mbps | 3 Antenas Externas + Env\u00edo a domicilio + Pago seguro + Garant\u00eda","robots":{"index":"index","follow":"follow","max-snippet":"max-snippet:-1","max-image-preview":"max-image-preview:large","max-video-preview":"max-video-preview:-1"},"canonical":"https:\/\/compuviper.mx\/tienda\/producto\/tp-link-mw300re-repetidor-mercusys-extensor-de-rango-300mbps-3-antenas-externas\/","og_locale":"es_MX","og_type":"article","og_title":"[ Tp Link ] &#129351; Mw300re Repetidor | Mercusys | | Extensor De Rango | 300mbps | 3 Antenas Externas","og_description":"Compra Mw300re Repetidor | Mercusys | | Extensor De Rango | 300mbps | 3 Antenas Externas + Env\u00edo a domicilio + Pago seguro + Garant\u00eda","og_url":"https:\/\/compuviper.mx\/tienda\/producto\/tp-link-mw300re-repetidor-mercusys-extensor-de-rango-300mbps-3-antenas-externas\/","og_site_name":"Compuviper","article_publisher":"https:\/\/www.facebook.com\/compuviper","article_modified_time":"2026-04-15T07:06:48+00:00","og_image":[{"width":200,"height":200,"url":"https:\/\/compuviper.mx\/tienda\/wp-content\/uploads\/2023\/12\/Repetidor-tp-link-mw300re-extensor-de-rango-300mbps-3-antenas-externas.jpg","type":"image\/jpeg"}],"twitter_card":"summary_large_image","twitter_misc":{"Precio":"&#36;190 con IVA","Availability":"In stock"},"schema":{"@context":"https:\/\/schema.org","@graph":[{"@type":"WebPage","@id":"https:\/\/compuviper.mx\/tienda\/producto\/tp-link-mw300re-repetidor-mercusys-extensor-de-rango-300mbps-3-antenas-externas\/","url":"https:\/\/compuviper.mx\/tienda\/producto\/tp-link-mw300re-repetidor-mercusys-extensor-de-rango-300mbps-3-antenas-externas\/","name":"[ Tp Link ] &#129351; Mw300re Repetidor | Mercusys | | Extensor De Rango | 300mbps | 3 Antenas Externas","isPartOf":{"@id":"https:\/\/compuviper.mx\/tienda\/#website"},"datePublished":"2026-04-15T07:06:47+00:00","dateModified":"2026-04-15T07:06:48+00:00","description":"Compra Mw300re Repetidor | Mercusys | | Extensor De Rango | 300mbps | 3 Antenas Externas + Env\u00edo a domicilio + Pago seguro + Garant\u00eda","breadcrumb":{"@id":"https:\/\/compuviper.mx\/tienda\/producto\/tp-link-mw300re-repetidor-mercusys-extensor-de-rango-300mbps-3-antenas-externas\/#breadcrumb"},"inLanguage":"es-MX","potentialAction":[{"@type":"ReadAction","target":["https:\/\/compuviper.mx\/tienda\/producto\/tp-link-mw300re-repetidor-mercusys-extensor-de-rango-300mbps-3-antenas-externas\/"]}]},{"@type":"BreadcrumbList","@id":"https:\/\/compuviper.mx\/tienda\/producto\/tp-link-mw300re-repetidor-mercusys-extensor-de-rango-300mbps-3-antenas-externas\/#breadcrumb","itemListElement":[{"@type":"ListItem","position":1,"name":"Inicio","item":"https:\/\/compuviper.mx\/tienda\/"},{"@type":"ListItem","position":2,"name":"Productos","item":"https:\/\/compuviper.mx\/tienda\/productos\/"},{"@type":"ListItem","position":3,"name":"Redes","item":"https:\/\/compuviper.mx\/tienda\/categoria-producto\/redes\/"},{"@type":"ListItem","position":4,"name":"Repetidor Wireless","item":"https:\/\/compuviper.mx\/tienda\/categoria-producto\/redes\/repetidor-wireless\/"},{"@type":"ListItem","position":5,"name":"Tp Link Mw300re Repetidor | Mercusys | | Extensor De Rango | 300mbps | 3 Antenas Externas"}]},{"@type":"WebSite","@id":"https:\/\/compuviper.mx\/tienda\/#website","url":"https:\/\/compuviper.mx\/tienda\/","name":"Compuviper","description":"Proveedor de Computadoras, Laptops, Servidores, Monitores, Puntos de Venta, Teclados,   Impresoras, T\u00f3ner, C\u00e1maras de Seguridad y m\u00e1s en tu tienda en l\u00ednea","publisher":{"@id":"https:\/\/compuviper.mx\/tienda\/#organization"},"potentialAction":[{"@type":"SearchAction","target":{"@type":"EntryPoint","urlTemplate":"https:\/\/compuviper.mx\/tienda\/?s={search_term_string}"},"query-input":"required name=search_term_string"}],"inLanguage":"es-MX"},{"@type":"Organization","@id":"https:\/\/compuviper.mx\/tienda\/#organization","name":"Compuviper","url":"https:\/\/compuviper.mx\/tienda\/","logo":{"@type":"ImageObject","inLanguage":"es-MX","@id":"https:\/\/compuviper.mx\/tienda\/#\/schema\/logo\/image\/","url":"https:\/\/compuviper.mx\/tienda\/wp-content\/uploads\/2021\/08\/Logo-Compuviper-10.png","contentUrl":"https:\/\/compuviper.mx\/tienda\/wp-content\/uploads\/2021\/08\/Logo-Compuviper-10.png","width":1000,"height":500,"caption":"Compuviper"},"image":{"@id":"https:\/\/compuviper.mx\/tienda\/#\/schema\/logo\/image\/"},"sameAs":["https:\/\/www.facebook.com\/compuviper","https:\/\/www.youtube.com\/channel\/UCf73dERp9Y3cfOq7q8BhLjA?view_as=subscriber"]}]},"product_brand":"TP LINK","product_price_amount":"190","product_price_currency":"MXN","og_availability":"instock","product_availability":"instock","product_retailer_item_id":"MW300RE","product_condition":"new"},"_links":{"self":[{"href":"https:\/\/compuviper.mx\/tienda\/wp-json\/wp\/v2\/product\/220828"}],"collection":[{"href":"https:\/\/compuviper.mx\/tienda\/wp-json\/wp\/v2\/product"}],"about":[{"href":"https:\/\/compuviper.mx\/tienda\/wp-json\/wp\/v2\/types\/product"}],"replies":[{"embeddable":true,"href":"https:\/\/compuviper.mx\/tienda\/wp-json\/wp\/v2\/comments?post=220828"}],"wp:featuredmedia":[{"embeddable":true,"href":"https:\/\/compuviper.mx\/tienda\/wp-json\/wp\/v2\/media\/220829"}],"wp:attachment":[{"href":"https:\/\/compuviper.mx\/tienda\/wp-json\/wp\/v2\/media?parent=220828"}],"wp:term":[{"taxonomy":"product_cat","embeddable":true,"href":"https:\/\/compuviper.mx\/tienda\/wp-json\/wp\/v2\/product_cat?post=220828"},{"taxonomy":"product_tag","embeddable":true,"href":"https:\/\/compuviper.mx\/tienda\/wp-json\/wp\/v2\/product_tag?post=220828"}],"curies":[{"name":"wp","href":"https:\/\/api.w.org\/{rel}","templated":true}]}}