{"id":220824,"date":"2026-04-11T01:02:29","date_gmt":"2026-04-11T07:02:29","guid":{"rendered":"https:\/\/compuviper.mx\/tienda\/producto\/tp-link-deco-m41-pack-router-tp-link-wifi-mesh-ac1200-dual-band-modo-ap-repetidor-cobertura-estimada-185-metros-cuadrados-depende-de-condiciones-ambientales-y-trafico-de-cada-usuario\/"},"modified":"2026-04-11T01:02:29","modified_gmt":"2026-04-11T07:02:29","slug":"tp-link-deco-m41-pack-router-tp-link-wifi-mesh-ac1200-dual-band-modo-ap-router-cobertura-estimada-185-metros-cuadrados-depende-de-condiciones-ambientales-y-trafico-de-cada-usuario","status":"publish","type":"product","link":"https:\/\/compuviper.mx\/tienda\/producto\/tp-link-deco-m41-pack-router-tp-link-wifi-mesh-ac1200-dual-band-modo-ap-router-cobertura-estimada-185-metros-cuadrados-depende-de-condiciones-ambientales-y-trafico-de-cada-usuario\/","title":{"rendered":"Tp Link Deco M4(1-pack) Router | Tp-link |  | Wifi Mesh | Ac1200 Dual Band | Modo Ap\/ Router | Cobertura Estimada 185 Metros Cuadrados (depende De Condiciones Ambientales Y Trafico De Cada Usuario)"},"content":{"rendered":"<table class=\"descripcion\">\n<tr>\n<td>Alimentaci\u00f3n<\/td>\n<\/tr>\n<tr>\n<td>Entrada del adaptador ac: 100-240v ~ 50 \/ 60hz 0.4a<\/td>\n<\/tr>\n<tr>\n<td>Salida del adaptador ac: 12v  and #9107; 1.2a<\/td>\n<\/tr>\n<tr>\n<td>Caracter\u00edsticas de hardware<\/td>\n<\/tr>\n<tr>\n<td>Procesador: cpu qualcomm<\/td>\n<\/tr>\n<tr>\n<td>Interfaz: 2 puertos gigabit ethernet (detecci\u00f3n autom\u00e1tica de wan \/ lan) por unidad deco<\/td>\n<\/tr>\n<tr>\n<td>Bot\u00f3n: 1 bot\u00f3n de reinicio en la parte inferior<\/td>\n<\/tr>\n<tr>\n<td>Fuente de alimentaci\u00f3n externa: 12v \/ 1.2a<\/td>\n<\/tr>\n<tr>\n<td>Dimensiones: 3.6 pulg. x 7.5 pulg. (90.7 mm x 190 mm)<\/td>\n<\/tr>\n<tr>\n<td>Tipo de antena: 2 antenas internas de doble banda por unidad deco<\/td>\n<\/tr>\n<tr>\n<td>Caracter\u00edsticas inal\u00e1mbricas<\/td>\n<\/tr>\n<tr>\n<td>Est\u00e1ndares inal\u00e1mbricos: ieee 802.11 ac \/ n \/ a 5 ghz, ieee 802.11 b \/ g \/ n 2.4 ghz<\/td>\n<\/tr>\n<tr>\n<td>Frecuencia: 2.4 ghz y 5 ghz<\/td>\n<\/tr>\n<tr>\n<td>Tasa de se\u00f1al: 300 mbps en 2.4 ghz  \/  867 mbps en 5 ghz<\/td>\n<\/tr>\n<tr>\n<td>Potencia de transmision fcc:  30 dbm   \/   ce:  20 dbm (2.4 ghz)   23 dbm (5 ghz)<\/td>\n<\/tr>\n<tr>\n<td>Seguridad inal\u00e1mbrica: wpa-psk \/ wpa2-psk<\/td>\n<\/tr>\n<tr>\n<td>Funciones avanzadas:<\/td>\n<\/tr>\n<tr>\n<td> and #9679; modo de enrutador \/ punto de acceso<\/td>\n<\/tr>\n<tr>\n<td> and #9679; red de retorno de ethernet opcional<\/td>\n<\/tr>\n<tr>\n<td> and #9679; red de invitados<\/td>\n<\/tr>\n<tr>\n<td> and #9679; tecnolog\u00eda de malla tp-link: mu-mimo \/ selecci\u00f3n autom\u00e1tica de ruta de acceso \/ autocuraci\u00f3n \/ ap \/ banda de direcci\u00f3n \/ transformaci\u00f3n de haz de direcci\u00f3n<\/td>\n<\/tr>\n<tr>\n<td>Caracter\u00edsticas de software<\/td>\n<\/tr>\n<tr>\n<td>Calidad de servicio: wmm<\/td>\n<\/tr>\n<tr>\n<td>Ipv6: apoyo<\/td>\n<\/tr>\n<tr>\n<td>Tipo de wan: ip din\u00e1mica \/ ip est\u00e1tica \/ pppoe \/ l2tp \/ pptp<\/td>\n<\/tr>\n<tr>\n<td>Administraci\u00f3n: gesti\u00f3n local, gesti\u00f3n remota<\/td>\n<\/tr>\n<tr>\n<td>Dhcp: servidor, cliente<\/td>\n<\/tr>\n<tr>\n<td>Reenv\u00edo de puertos: apoyo<\/td>\n<\/tr>\n<tr>\n<td>Control de acceso: lista negra<\/td>\n<\/tr>\n<tr>\n<td>Seguridad de cortafuegos: firewall spi<\/td>\n<\/tr>\n<tr>\n<td>Protocolos: admite ipv4 e ipv6<\/td>\n<\/tr>\n<tr>\n<td>Caracter\u00edsticas avanzadas: control parental  \/  calidad de servicio<\/td>\n<\/tr>\n<tr>\n<td>Funciones avanzadas: informes mensuales  \/  actualizaci\u00f3n autom\u00e1tica de fw  \/  expande wi-fi al agregar m\u00e1s unidades deco<\/td>\n<\/tr>\n<tr>\n<td>Red de invitados: red invitada de 2,4 ghz x 1 red invitada de 5 ghz x 1<\/td>\n<\/tr>\n<tr>\n<td>Beamforming: apoyo<\/td>\n<\/tr>\n<tr>\n<td>App: f\u00e1cil configuraci\u00f3n a trav\u00e9s de la aplicaci\u00f3n deco<\/td>\n<\/tr>\n<tr>\n<td>Otros<\/td>\n<\/tr>\n<tr>\n<td>Certificaciones: ce, fcc, ic, ncc, bsmi, ida, rcm, jpa, jrf, vcci, kc, rohs<\/td>\n<\/tr>\n<tr>\n<td>Contenidos del paquete:<\/td>\n<\/tr>\n<tr>\n<td>Deco m4 ( 1 paquete):<\/td>\n<\/tr>\n<tr>\n<td>1 unidad deco<\/td>\n<\/tr>\n<tr>\n<td>1 cable ethernet rj45<\/td>\n<\/tr>\n<tr>\n<td>1 adaptador de corriente<\/td>\n<\/tr>\n<tr>\n<td>1 gu\u00eda de instalaci\u00f3n r\u00e1pida<\/td>\n<\/tr>\n<tr>\n<td>Requisitos de tel\u00e9fono inteligente \/ tableta: ios 9.0 o posterior  \/  android 4.3 o posterior<\/td>\n<\/tr>\n<tr>\n<td>Ambiente: temperatura de funcionamiento: 0  and #8451; ~ 40  and #8451; (32  and #8457; ~ 104  and #8457;)<\/td>\n<\/tr>\n<tr>\n<td>Temperatura de almacenamiento: -40  and #8451; ~ 70  and #8451; (-40  and #8457; ~ 158  and #8457;)<\/td>\n<\/tr>\n<tr>\n<td>Humedad de funcionamiento: 10% ~ 90% sin condensaci\u00f3n<\/td>\n<\/tr>\n<tr>\n<td>Humedad de almacenamiento: 5% ~ 90 % sin condensaci\u00f3n<\/td>\n<\/tr>\n<\/table>\n","protected":false},"excerpt":{"rendered":"<p>Sistema de wi-fi en malla para toda la casa ac1200. Deco m4. * deco utiliza un sistema de torres para lograr una cobertura de wi-fi sin interrupciones en todo el hogar: \u00a1elimine las \u00e1reas de se\u00f1al d\u00e9bil de una vez por todas. * con la avanzada tecnolog\u00eda deco mesh, las torres trabajan en conjunto para formar una red unificada con un solo nombre de red. Los dispositivos cambian autom\u00e1ticamente entre decos a medida que se desplaza por su hogar para obtener las velocidades m\u00e1s r\u00e1pidas posibles. * un paquete de dos deco m4 ofrece wi-fi de gran conbertura. Y si eso no es suficiente, simplemente agregue m\u00e1s decos a la red en cualquier momento para aumentar la cobertura. * deco m4 proporciona conexiones r\u00e1pidas y estables con velocidades de hasta 1167 mbps y funciona con los principales proveedores de servicios de internet (isp). * deco puede manejar el tr\u00e1fico incluso desde las redes m\u00e1s ocupadas, proporcionando conexiones sin demora para hasta 100 dispositivos. * el control parental limita el tiempo en l\u00ednea y bloquea los sitios web inapropiados de acuerdo con los perfiles \u00fanicos creados para cada miembro de la familia. * la configuraci\u00f3n es m\u00e1s f\u00e1cil que nunca con la aplicaci\u00f3n deco para guiarte en cada paso. Experimente wi-fi como nunca antes. Deco m4 utiliza la tecnolog\u00eda tp-link mesh para cubrir toda su casa con una potente conexi\u00f3n wi-fi. Varias unidades funcionan a la perfecci\u00f3n para crear una red dom\u00e9stica como ninguna que haya experimentado. Wi-fi dead-zone killer  \/  seamless roaming  \/  conecta hasta 100 dispositivos  \/  tres modos en uno  \/  configuraci\u00f3n f\u00e1cil  \/  controles parentales  \/  funciona con todos los modelos deco. Wi-fi dead-zone killer. Deco m4 es la forma m\u00e1s sencilla de garantizar una fuerte se\u00f1al de wi-fi en cada rinc\u00f3n de su hogar de hasta 2.800 pies cuadrados (paquete de 2, versi\u00f3n de la ue). Las conexiones inal\u00e1mbricas y el backhaul de ethernet opcional funcionan en conjunto para vincular unidades deco, proporcionando velocidades de red a\u00fan m\u00e1s r\u00e1pidas y una cobertura realmente perfecta. \u00bfquieres m\u00e1s cobertura? simplemente agregue otro deco. Roaming sin interrupciones con un nombre de wi-fi. Tp-link mesh significa que las unidades deco trabajan juntas para formar una red unificada. Su tel\u00e9fono o tableta se conecta autom\u00e1ticamente al deco m\u00e1s r\u00e1pido a medida que se desplaza por su hogar, creando una experiencia wi-fi verdaderamente fluida. No m\u00e1s almacenamiento en b\u00fafer. Las velocidades de red tres veces m\u00e1s r\u00e1pidas que los enrutadores de la generaci\u00f3n anterior, gracias a la tecnolog\u00eda inal\u00e1mbrica 802.11ac, hacen que deco sea capaz de proporcionar una conexi\u00f3n sin demoras a hasta 100 dispositivos. M\u00faltiples modos de enrutador 3 en 1, punto de acceso y extensor de rango. Flexible y multifuncional, el deco m4 incluye una variedad de caracter\u00edsticas que le permiten servir como enrutador, punto de acceso o extensor de alcance *. Simplemente elija el modo para sus demandas de red reales y experimente la m\u00e1xima flexibilidad inal\u00e1mbrica. Wi-fi hecho f\u00e1cil. Configuraci\u00f3n basada en la aplicaci\u00f3n: instalar deco m4 es r\u00e1pido y f\u00e1cil. Simplemente desempaquete el sistema, descargue la aplicaci\u00f3n deco y siga las instrucciones en pantalla. Manejo sencillo: administre su wi-fi en casa o fuera en la aplicaci\u00f3n deco, que incluye ver los dispositivos conectados, priorizar sus dispositivos, configurar una red de invitados y m\u00e1s. Control de voz: empareje con alexa para controlar deco m4 con comandos de voz simples. Disfruta la vida conveniente. Controles parentales robustos. Los controles parentales simples e intuitivos hacen que sea f\u00e1cil mantener a sus hijos seguros mientras est\u00e1n en l\u00ednea. * perfiles de usuario: cree f\u00e1cilmente un perfil para cada miembro de la familia y establezca l\u00edmites de tiempo personalizados y asignaciones de tiempo en l\u00ednea. * niveles de filtro: mantenga a su familia segura en l\u00ednea con la configuraci\u00f3n de seguridad de un toque que bloquea los sitios web seg\u00fan la idoneidad de la edad. * l\u00edmites de tiempo: establezca l\u00edmites sobre cu\u00e1nto tiempo cada persona de su familia puede pasar en l\u00ednea. * percepciones: vea qu\u00e9 sitios visitan sus hijos y cu\u00e1nto tiempo pasan en cada uno para garantizar que sus hijos est\u00e9n seguros mientras se divierten en l\u00ednea. * suspender conectividad: t\u00f3mese un descanso del wi-fi para la cena y las noches de juegos familiares. Simplemente toque un bot\u00f3n para suspender el acceso a internet para todos en su hogar. Todos los decos trabajan juntos. Deco m4 es compatible con cualquier otro modelo deco para formar una red mesh. Ampl\u00ede la cobertura de mesh wi-fi en cualquier momento simplemente agregando m\u00e1s decos.<\/p>\n","protected":false},"featured_media":220825,"comment_status":"open","ping_status":"open","template":"","meta":[],"product_cat":[1563,1754],"product_tag":[1562],"acf":[],"yoast_head":"<!-- This site is optimized with the Yoast SEO plugin v21.7 - https:\/\/yoast.com\/wordpress\/plugins\/seo\/ -->\n<title>[ Tp Link ] &#129351; Deco M4(1-pack) Router | Tp-link | | Wifi Mesh | Ac1200 Dual Band | Modo Ap\/ Router | Cobertura Estimada 185 Metros Cuadrados (depende De Condiciones Ambientales Y Trafico De Cada Usuario)<\/title>\n<meta name=\"description\" content=\"Compra Deco M4(1-pack) Router | Tp-link | | Wifi Mesh | Ac1200 Dual Band | Modo Ap\/ Router | Cobertura Estimada 185 Metros Cuadrados (depende De Condiciones Ambientales Y Trafico De Cada Usuario) + Env\u00edo a domicilio + Pago seguro + Garant\u00eda\" \/>\n<meta name=\"robots\" content=\"index, follow, max-snippet:-1, max-image-preview:large, max-video-preview:-1\" \/>\n<link rel=\"canonical\" href=\"https:\/\/compuviper.mx\/tienda\/producto\/tp-link-deco-m41-pack-router-tp-link-wifi-mesh-ac1200-dual-band-modo-ap-router-cobertura-estimada-185-metros-cuadrados-depende-de-condiciones-ambientales-y-trafico-de-cada-usuario\/\" \/>\n<meta property=\"og:locale\" content=\"es_MX\" \/>\n<meta property=\"og:type\" content=\"article\" \/>\n<meta property=\"og:title\" content=\"[ Tp Link ] &#129351; Deco M4(1-pack) Router | Tp-link | | Wifi Mesh | Ac1200 Dual Band | Modo Ap\/ Router | Cobertura Estimada 185 Metros Cuadrados (depende De Condiciones Ambientales Y Trafico De Cada Usuario)\" \/>\n<meta property=\"og:description\" content=\"Compra Deco M4(1-pack) Router | Tp-link | | Wifi Mesh | Ac1200 Dual Band | Modo Ap\/ Router | Cobertura Estimada 185 Metros Cuadrados (depende De Condiciones Ambientales Y Trafico De Cada Usuario) + Env\u00edo a domicilio + Pago seguro + Garant\u00eda\" \/>\n<meta property=\"og:url\" content=\"https:\/\/compuviper.mx\/tienda\/producto\/tp-link-deco-m41-pack-router-tp-link-wifi-mesh-ac1200-dual-band-modo-ap-router-cobertura-estimada-185-metros-cuadrados-depende-de-condiciones-ambientales-y-trafico-de-cada-usuario\/\" \/>\n<meta property=\"og:site_name\" content=\"Compuviper\" \/>\n<meta property=\"article:publisher\" content=\"https:\/\/www.facebook.com\/compuviper\" \/>\n<meta property=\"og:image\" content=\"https:\/\/compuviper.mx\/tienda\/wp-content\/uploads\/2023\/12\/Router-tp-link-deco-m41-pack-wifi-mesh-ac1200-dual-band-modo-aprepetidor-cobertura-estimada-185-metros-cuadrados-depende-de-condiciones-ambientales-y-trafico-de-cada-usuario.jpg\" \/>\n\t<meta property=\"og:image:width\" content=\"200\" \/>\n\t<meta property=\"og:image:height\" content=\"200\" \/>\n\t<meta property=\"og:image:type\" content=\"image\/jpeg\" \/>\n<meta name=\"twitter:card\" content=\"summary_large_image\" \/>\n<meta name=\"twitter:label1\" content=\"Precio\" \/>\n\t<meta name=\"twitter:data1\" content=\"&#36;891 con IVA\" \/>\n\t<meta name=\"twitter:label2\" content=\"Availability\" \/>\n\t<meta name=\"twitter:data2\" content=\"In stock\" \/>\n<script type=\"application\/ld+json\" class=\"yoast-schema-graph\">{\"@context\":\"https:\/\/schema.org\",\"@graph\":[{\"@type\":\"WebPage\",\"@id\":\"https:\/\/compuviper.mx\/tienda\/producto\/tp-link-deco-m41-pack-router-tp-link-wifi-mesh-ac1200-dual-band-modo-ap-router-cobertura-estimada-185-metros-cuadrados-depende-de-condiciones-ambientales-y-trafico-de-cada-usuario\/\",\"url\":\"https:\/\/compuviper.mx\/tienda\/producto\/tp-link-deco-m41-pack-router-tp-link-wifi-mesh-ac1200-dual-band-modo-ap-router-cobertura-estimada-185-metros-cuadrados-depende-de-condiciones-ambientales-y-trafico-de-cada-usuario\/\",\"name\":\"[ Tp Link ] &#129351; Deco M4(1-pack) Router | Tp-link | | Wifi Mesh | Ac1200 Dual Band | Modo Ap\/ Router | Cobertura Estimada 185 Metros Cuadrados (depende De Condiciones Ambientales Y Trafico De Cada Usuario)\",\"isPartOf\":{\"@id\":\"https:\/\/compuviper.mx\/tienda\/#website\"},\"datePublished\":\"2026-04-11T07:02:29+00:00\",\"dateModified\":\"2026-04-11T07:02:29+00:00\",\"description\":\"Compra Deco M4(1-pack) Router | Tp-link | | Wifi Mesh | Ac1200 Dual Band | Modo Ap\/ Router | Cobertura Estimada 185 Metros Cuadrados (depende De Condiciones Ambientales Y Trafico De Cada Usuario) + Env\u00edo a domicilio + Pago seguro + Garant\u00eda\",\"breadcrumb\":{\"@id\":\"https:\/\/compuviper.mx\/tienda\/producto\/tp-link-deco-m41-pack-router-tp-link-wifi-mesh-ac1200-dual-band-modo-ap-router-cobertura-estimada-185-metros-cuadrados-depende-de-condiciones-ambientales-y-trafico-de-cada-usuario\/#breadcrumb\"},\"inLanguage\":\"es-MX\",\"potentialAction\":[{\"@type\":\"ReadAction\",\"target\":[\"https:\/\/compuviper.mx\/tienda\/producto\/tp-link-deco-m41-pack-router-tp-link-wifi-mesh-ac1200-dual-band-modo-ap-router-cobertura-estimada-185-metros-cuadrados-depende-de-condiciones-ambientales-y-trafico-de-cada-usuario\/\"]}]},{\"@type\":\"BreadcrumbList\",\"@id\":\"https:\/\/compuviper.mx\/tienda\/producto\/tp-link-deco-m41-pack-router-tp-link-wifi-mesh-ac1200-dual-band-modo-ap-router-cobertura-estimada-185-metros-cuadrados-depende-de-condiciones-ambientales-y-trafico-de-cada-usuario\/#breadcrumb\",\"itemListElement\":[{\"@type\":\"ListItem\",\"position\":1,\"name\":\"Inicio\",\"item\":\"https:\/\/compuviper.mx\/tienda\/\"},{\"@type\":\"ListItem\",\"position\":2,\"name\":\"Productos\",\"item\":\"https:\/\/compuviper.mx\/tienda\/productos\/\"},{\"@type\":\"ListItem\",\"position\":3,\"name\":\"Redes\",\"item\":\"https:\/\/compuviper.mx\/tienda\/categoria-producto\/redes\/\"},{\"@type\":\"ListItem\",\"position\":4,\"name\":\"Access Point\",\"item\":\"https:\/\/compuviper.mx\/tienda\/categoria-producto\/redes\/access-point\/\"},{\"@type\":\"ListItem\",\"position\":5,\"name\":\"Tp Link Deco M4(1-pack) Router | Tp-link | | Wifi Mesh | Ac1200 Dual Band | Modo Ap\/ Router | Cobertura Estimada 185 Metros Cuadrados (depende De Condiciones Ambientales Y Trafico De Cada Usuario)\"}]},{\"@type\":\"WebSite\",\"@id\":\"https:\/\/compuviper.mx\/tienda\/#website\",\"url\":\"https:\/\/compuviper.mx\/tienda\/\",\"name\":\"Compuviper\",\"description\":\"Proveedor de Computadoras, Laptops, Servidores, Monitores, Puntos de Venta, Teclados,   Impresoras, T\u00f3ner, C\u00e1maras de Seguridad y m\u00e1s en tu tienda en l\u00ednea\",\"publisher\":{\"@id\":\"https:\/\/compuviper.mx\/tienda\/#organization\"},\"potentialAction\":[{\"@type\":\"SearchAction\",\"target\":{\"@type\":\"EntryPoint\",\"urlTemplate\":\"https:\/\/compuviper.mx\/tienda\/?s={search_term_string}\"},\"query-input\":\"required name=search_term_string\"}],\"inLanguage\":\"es-MX\"},{\"@type\":\"Organization\",\"@id\":\"https:\/\/compuviper.mx\/tienda\/#organization\",\"name\":\"Compuviper\",\"url\":\"https:\/\/compuviper.mx\/tienda\/\",\"logo\":{\"@type\":\"ImageObject\",\"inLanguage\":\"es-MX\",\"@id\":\"https:\/\/compuviper.mx\/tienda\/#\/schema\/logo\/image\/\",\"url\":\"https:\/\/compuviper.mx\/tienda\/wp-content\/uploads\/2021\/08\/Logo-Compuviper-10.png\",\"contentUrl\":\"https:\/\/compuviper.mx\/tienda\/wp-content\/uploads\/2021\/08\/Logo-Compuviper-10.png\",\"width\":1000,\"height\":500,\"caption\":\"Compuviper\"},\"image\":{\"@id\":\"https:\/\/compuviper.mx\/tienda\/#\/schema\/logo\/image\/\"},\"sameAs\":[\"https:\/\/www.facebook.com\/compuviper\",\"https:\/\/www.youtube.com\/channel\/UCf73dERp9Y3cfOq7q8BhLjA?view_as=subscriber\"]}]}<\/script>\n<meta property=\"product:brand\" content=\"TP LINK\" \/>\n<meta property=\"product:price:amount\" content=\"891\" \/>\n<meta property=\"product:price:currency\" content=\"MXN\" \/>\n<meta property=\"og:availability\" content=\"instock\" \/>\n<meta property=\"product:availability\" content=\"instock\" \/>\n<meta property=\"product:retailer_item_id\" content=\"DECO M4(1-PACK)\" \/>\n<meta property=\"product:condition\" content=\"new\" \/>\n<!-- \/ Yoast SEO plugin. -->","yoast_head_json":{"title":"[ Tp Link ] &#129351; Deco M4(1-pack) Router | Tp-link | | Wifi Mesh | Ac1200 Dual Band | Modo Ap\/ Router | Cobertura Estimada 185 Metros Cuadrados (depende De Condiciones Ambientales Y Trafico De Cada Usuario)","description":"Compra Deco M4(1-pack) Router | Tp-link | | Wifi Mesh | Ac1200 Dual Band | Modo Ap\/ Router | Cobertura Estimada 185 Metros Cuadrados (depende De Condiciones Ambientales Y Trafico De Cada Usuario) + Env\u00edo a domicilio + Pago seguro + Garant\u00eda","robots":{"index":"index","follow":"follow","max-snippet":"max-snippet:-1","max-image-preview":"max-image-preview:large","max-video-preview":"max-video-preview:-1"},"canonical":"https:\/\/compuviper.mx\/tienda\/producto\/tp-link-deco-m41-pack-router-tp-link-wifi-mesh-ac1200-dual-band-modo-ap-router-cobertura-estimada-185-metros-cuadrados-depende-de-condiciones-ambientales-y-trafico-de-cada-usuario\/","og_locale":"es_MX","og_type":"article","og_title":"[ Tp Link ] &#129351; Deco M4(1-pack) Router | Tp-link | | Wifi Mesh | Ac1200 Dual Band | Modo Ap\/ Router | Cobertura Estimada 185 Metros Cuadrados (depende De Condiciones Ambientales Y Trafico De Cada Usuario)","og_description":"Compra Deco M4(1-pack) Router | Tp-link | | Wifi Mesh | Ac1200 Dual Band | Modo Ap\/ Router | Cobertura Estimada 185 Metros Cuadrados (depende De Condiciones Ambientales Y Trafico De Cada Usuario) + Env\u00edo a domicilio + Pago seguro + Garant\u00eda","og_url":"https:\/\/compuviper.mx\/tienda\/producto\/tp-link-deco-m41-pack-router-tp-link-wifi-mesh-ac1200-dual-band-modo-ap-router-cobertura-estimada-185-metros-cuadrados-depende-de-condiciones-ambientales-y-trafico-de-cada-usuario\/","og_site_name":"Compuviper","article_publisher":"https:\/\/www.facebook.com\/compuviper","og_image":[{"width":200,"height":200,"url":"https:\/\/compuviper.mx\/tienda\/wp-content\/uploads\/2023\/12\/Router-tp-link-deco-m41-pack-wifi-mesh-ac1200-dual-band-modo-aprepetidor-cobertura-estimada-185-metros-cuadrados-depende-de-condiciones-ambientales-y-trafico-de-cada-usuario.jpg","type":"image\/jpeg"}],"twitter_card":"summary_large_image","twitter_misc":{"Precio":"&#36;891 con IVA","Availability":"In stock"},"schema":{"@context":"https:\/\/schema.org","@graph":[{"@type":"WebPage","@id":"https:\/\/compuviper.mx\/tienda\/producto\/tp-link-deco-m41-pack-router-tp-link-wifi-mesh-ac1200-dual-band-modo-ap-router-cobertura-estimada-185-metros-cuadrados-depende-de-condiciones-ambientales-y-trafico-de-cada-usuario\/","url":"https:\/\/compuviper.mx\/tienda\/producto\/tp-link-deco-m41-pack-router-tp-link-wifi-mesh-ac1200-dual-band-modo-ap-router-cobertura-estimada-185-metros-cuadrados-depende-de-condiciones-ambientales-y-trafico-de-cada-usuario\/","name":"[ Tp Link ] &#129351; Deco M4(1-pack) Router | Tp-link | | Wifi Mesh | Ac1200 Dual Band | Modo Ap\/ Router | Cobertura Estimada 185 Metros Cuadrados (depende De Condiciones Ambientales Y Trafico De Cada Usuario)","isPartOf":{"@id":"https:\/\/compuviper.mx\/tienda\/#website"},"datePublished":"2026-04-11T07:02:29+00:00","dateModified":"2026-04-11T07:02:29+00:00","description":"Compra Deco M4(1-pack) Router | Tp-link | | Wifi Mesh | Ac1200 Dual Band | Modo Ap\/ Router | Cobertura Estimada 185 Metros Cuadrados (depende De Condiciones Ambientales Y Trafico De Cada Usuario) + Env\u00edo a domicilio + Pago seguro + Garant\u00eda","breadcrumb":{"@id":"https:\/\/compuviper.mx\/tienda\/producto\/tp-link-deco-m41-pack-router-tp-link-wifi-mesh-ac1200-dual-band-modo-ap-router-cobertura-estimada-185-metros-cuadrados-depende-de-condiciones-ambientales-y-trafico-de-cada-usuario\/#breadcrumb"},"inLanguage":"es-MX","potentialAction":[{"@type":"ReadAction","target":["https:\/\/compuviper.mx\/tienda\/producto\/tp-link-deco-m41-pack-router-tp-link-wifi-mesh-ac1200-dual-band-modo-ap-router-cobertura-estimada-185-metros-cuadrados-depende-de-condiciones-ambientales-y-trafico-de-cada-usuario\/"]}]},{"@type":"BreadcrumbList","@id":"https:\/\/compuviper.mx\/tienda\/producto\/tp-link-deco-m41-pack-router-tp-link-wifi-mesh-ac1200-dual-band-modo-ap-router-cobertura-estimada-185-metros-cuadrados-depende-de-condiciones-ambientales-y-trafico-de-cada-usuario\/#breadcrumb","itemListElement":[{"@type":"ListItem","position":1,"name":"Inicio","item":"https:\/\/compuviper.mx\/tienda\/"},{"@type":"ListItem","position":2,"name":"Productos","item":"https:\/\/compuviper.mx\/tienda\/productos\/"},{"@type":"ListItem","position":3,"name":"Redes","item":"https:\/\/compuviper.mx\/tienda\/categoria-producto\/redes\/"},{"@type":"ListItem","position":4,"name":"Access Point","item":"https:\/\/compuviper.mx\/tienda\/categoria-producto\/redes\/access-point\/"},{"@type":"ListItem","position":5,"name":"Tp Link Deco M4(1-pack) Router | Tp-link | | Wifi Mesh | Ac1200 Dual Band | Modo Ap\/ Router | Cobertura Estimada 185 Metros Cuadrados (depende De Condiciones Ambientales Y Trafico De Cada Usuario)"}]},{"@type":"WebSite","@id":"https:\/\/compuviper.mx\/tienda\/#website","url":"https:\/\/compuviper.mx\/tienda\/","name":"Compuviper","description":"Proveedor de Computadoras, Laptops, Servidores, Monitores, Puntos de Venta, Teclados,   Impresoras, T\u00f3ner, C\u00e1maras de Seguridad y m\u00e1s en tu tienda en l\u00ednea","publisher":{"@id":"https:\/\/compuviper.mx\/tienda\/#organization"},"potentialAction":[{"@type":"SearchAction","target":{"@type":"EntryPoint","urlTemplate":"https:\/\/compuviper.mx\/tienda\/?s={search_term_string}"},"query-input":"required name=search_term_string"}],"inLanguage":"es-MX"},{"@type":"Organization","@id":"https:\/\/compuviper.mx\/tienda\/#organization","name":"Compuviper","url":"https:\/\/compuviper.mx\/tienda\/","logo":{"@type":"ImageObject","inLanguage":"es-MX","@id":"https:\/\/compuviper.mx\/tienda\/#\/schema\/logo\/image\/","url":"https:\/\/compuviper.mx\/tienda\/wp-content\/uploads\/2021\/08\/Logo-Compuviper-10.png","contentUrl":"https:\/\/compuviper.mx\/tienda\/wp-content\/uploads\/2021\/08\/Logo-Compuviper-10.png","width":1000,"height":500,"caption":"Compuviper"},"image":{"@id":"https:\/\/compuviper.mx\/tienda\/#\/schema\/logo\/image\/"},"sameAs":["https:\/\/www.facebook.com\/compuviper","https:\/\/www.youtube.com\/channel\/UCf73dERp9Y3cfOq7q8BhLjA?view_as=subscriber"]}]},"product_brand":"TP LINK","product_price_amount":"891","product_price_currency":"MXN","og_availability":"instock","product_availability":"instock","product_retailer_item_id":"DECO M4(1-PACK)","product_condition":"new"},"_links":{"self":[{"href":"https:\/\/compuviper.mx\/tienda\/wp-json\/wp\/v2\/product\/220824"}],"collection":[{"href":"https:\/\/compuviper.mx\/tienda\/wp-json\/wp\/v2\/product"}],"about":[{"href":"https:\/\/compuviper.mx\/tienda\/wp-json\/wp\/v2\/types\/product"}],"replies":[{"embeddable":true,"href":"https:\/\/compuviper.mx\/tienda\/wp-json\/wp\/v2\/comments?post=220824"}],"wp:featuredmedia":[{"embeddable":true,"href":"https:\/\/compuviper.mx\/tienda\/wp-json\/wp\/v2\/media\/220825"}],"wp:attachment":[{"href":"https:\/\/compuviper.mx\/tienda\/wp-json\/wp\/v2\/media?parent=220824"}],"wp:term":[{"taxonomy":"product_cat","embeddable":true,"href":"https:\/\/compuviper.mx\/tienda\/wp-json\/wp\/v2\/product_cat?post=220824"},{"taxonomy":"product_tag","embeddable":true,"href":"https:\/\/compuviper.mx\/tienda\/wp-json\/wp\/v2\/product_tag?post=220824"}],"curies":[{"name":"wp","href":"https:\/\/api.w.org\/{rel}","templated":true}]}}