{"id":220822,"date":"2026-04-18T01:07:23","date_gmt":"2026-04-18T07:07:23","guid":{"rendered":"https:\/\/compuviper.mx\/tienda\/producto\/hewlett-packard-enterprise-q9h62a-acces-point-hpe-aruba-ap-515-rw-802-11ax-4x4-antenas-integradas-mimo-575mbps2-4ghz-4-8gbps5ghz-poe-802-3-at\/"},"modified":"2026-04-18T01:07:23","modified_gmt":"2026-04-18T07:07:23","slug":"hewlett-packard-enterprise-q9h62a-access-point-hpe-aruba-ap-515-rw-802-11ax-4x4-indoor","status":"publish","type":"product","link":"https:\/\/compuviper.mx\/tienda\/producto\/hewlett-packard-enterprise-q9h62a-access-point-hpe-aruba-ap-515-rw-802-11ax-4x4-indoor\/","title":{"rendered":"Hewlett Packard Enterprise Q9h62a Access Point Hpe Aruba  Ap-515 Rw 802.11ax 4&#215;4 Indoor"},"content":{"rendered":"<table class=\"descripcion\">\n<tr>\n<td>*velocidades inal\u00e1mbricas: 4.8gbps en 5ghz y 575gbps en 2.4ghz.<\/td>\n<\/tr>\n<tr>\n<td>*antenas: 4 antenas internas omnidireccionales integradas doble banda 4x4mimo.<\/td>\n<\/tr>\n<tr>\n<td>*ganancia de antenas: 4.2dbi en 2.4ghz y 7.5dbi en 5ghz.<\/td>\n<\/tr>\n<tr>\n<td>*puertos: 1 hpe smartrate rj-45 poe (100\/1000\/2500mbps); 1rj-45 10\/100\/1000mbps; 1 usb2.0 (conector tipo a); bluetooth low energy (ble5.0) y zigbee (802.15.4).<\/td>\n<\/tr>\n<tr>\n<td>*consumo de energ\u00eda: dc (17w); poe 802.3at (20.8w); poe 802.3af (13.5w).<\/td>\n<\/tr>\n<tr>\n<td>*dimensiones: 200mm (ancho) x 200mm (largo) x 46mm (alto) \/ 7.9 pulgadas (ancho) x 7.9 pulgadas (largo) x 1.8 pulgadas (alto).<\/td>\n<\/tr>\n<tr>\n<td>*peso: 810g \/ 28.5onzas.<\/td>\n<\/tr>\n<\/table>\n","protected":false},"excerpt":{"rendered":"<p>Con un n\u00famero creciente de dispositivos m\u00f3viles e internet de las cosas (iot) que dependen del acceso inal\u00e1mbrico, las redes deben ser capaces de acomodar una mezcla diversa de tipos de dispositivos, aplicaciones y servicios. Los puntos de acceso al campus de la serie aruba 510 con tecnolog\u00eda 802.11ax est\u00e1n dise\u00f1ados para ofrecer acceso de alto rendimiento para dispositivos m\u00f3viles y (iot) en entornos donde la densidad es un problema. La serie 510 utiliza las caracter\u00edsticas 802.11ax para servir de manera eficiente y simult\u00e1nea a m\u00faltiples clientes y tipos de tr\u00e1fico en entornos densos, aumentando las velocidades de datos tanto para el dispositivo individual como para el sistema en general. La serie 510 admite todas las funciones obligatorias y varias opcionales 802.11ax, que incluye ofdma de enlace ascendente y descendente con hasta 16 unidades de recursos, mimo multiusuario (mu-mimo), mimo 4&#215;4 con hasta cuatro transmisiones espaciales en 5 ghz y 2&#215;2 con hasta dos transmisiones especiales en 2.4ghz, anchos de banda de canal de hasta 160mhz (5ghz; 40mhz en 2.4ghz) y modulaci\u00f3n 1024-qam. La serie 510 admite velocidades de datos m\u00e1ximas de 4.8gbps en la banda de 5ghz y 575mbps en la banda de 2.4ghz (para una velocidad de datos pico total de 5.4gbps). Cada ap admite hasta 256 dispositivos por radio, y los ap de gama media 802.11ax 510 son ideales para entornos de alta densidad, como escuelas, sucursales minoristas, hoteles y oficinas empresariales.<\/p>\n","protected":false},"featured_media":220823,"comment_status":"open","ping_status":"open","template":"","meta":[],"product_cat":[1563,1754],"product_tag":[1568],"acf":[],"yoast_head":"<!-- This site is optimized with the Yoast SEO plugin v21.7 - https:\/\/yoast.com\/wordpress\/plugins\/seo\/ -->\n<title>[ Hewlett Packard Enterprise ] &#129351; Q9h62a Access Point Hpe Aruba Ap-515 Rw 802.11ax 4x4 Indoor<\/title>\n<meta name=\"description\" content=\"Compra Q9h62a Access Point Hpe Aruba Ap-515 Rw 802.11ax 4x4 Indoor + Env\u00edo a domicilio + Pago seguro + Garant\u00eda\" \/>\n<meta name=\"robots\" content=\"index, follow, max-snippet:-1, max-image-preview:large, max-video-preview:-1\" \/>\n<link rel=\"canonical\" href=\"https:\/\/compuviper.mx\/tienda\/producto\/hewlett-packard-enterprise-q9h62a-access-point-hpe-aruba-ap-515-rw-802-11ax-4x4-indoor\/\" \/>\n<meta property=\"og:locale\" content=\"es_MX\" \/>\n<meta property=\"og:type\" content=\"article\" \/>\n<meta property=\"og:title\" content=\"[ Hewlett Packard Enterprise ] &#129351; Q9h62a Access Point Hpe Aruba Ap-515 Rw 802.11ax 4x4 Indoor\" \/>\n<meta property=\"og:description\" content=\"Compra Q9h62a Access Point Hpe Aruba Ap-515 Rw 802.11ax 4x4 Indoor + Env\u00edo a domicilio + Pago seguro + Garant\u00eda\" \/>\n<meta property=\"og:url\" content=\"https:\/\/compuviper.mx\/tienda\/producto\/hewlett-packard-enterprise-q9h62a-access-point-hpe-aruba-ap-515-rw-802-11ax-4x4-indoor\/\" \/>\n<meta property=\"og:site_name\" content=\"Compuviper\" \/>\n<meta property=\"article:publisher\" content=\"https:\/\/www.facebook.com\/compuviper\" \/>\n<meta property=\"og:image\" content=\"https:\/\/compuviper.mx\/tienda\/wp-content\/uploads\/2023\/12\/Acces-point-hpe-aruba-q9h62a-ap-515-rw-802.11ax-4x4-antenas-integradas-mimo-575mbps2.4ghz-4.8gbps5ghz-poe-802.3-at.jpg\" \/>\n\t<meta property=\"og:image:width\" content=\"200\" \/>\n\t<meta property=\"og:image:height\" content=\"200\" \/>\n\t<meta property=\"og:image:type\" content=\"image\/jpeg\" \/>\n<meta name=\"twitter:card\" content=\"summary_large_image\" \/>\n<meta name=\"twitter:label1\" content=\"Precio\" \/>\n\t<meta name=\"twitter:data1\" content=\"&#36;18,620 con IVA\" \/>\n\t<meta name=\"twitter:label2\" content=\"Availability\" \/>\n\t<meta name=\"twitter:data2\" content=\"Out of stock\" \/>\n<script type=\"application\/ld+json\" class=\"yoast-schema-graph\">{\"@context\":\"https:\/\/schema.org\",\"@graph\":[{\"@type\":\"WebPage\",\"@id\":\"https:\/\/compuviper.mx\/tienda\/producto\/hewlett-packard-enterprise-q9h62a-access-point-hpe-aruba-ap-515-rw-802-11ax-4x4-indoor\/\",\"url\":\"https:\/\/compuviper.mx\/tienda\/producto\/hewlett-packard-enterprise-q9h62a-access-point-hpe-aruba-ap-515-rw-802-11ax-4x4-indoor\/\",\"name\":\"[ Hewlett Packard Enterprise ] &#129351; Q9h62a Access Point Hpe Aruba Ap-515 Rw 802.11ax 4x4 Indoor\",\"isPartOf\":{\"@id\":\"https:\/\/compuviper.mx\/tienda\/#website\"},\"datePublished\":\"2026-04-18T07:07:23+00:00\",\"dateModified\":\"2026-04-18T07:07:23+00:00\",\"description\":\"Compra Q9h62a Access Point Hpe Aruba Ap-515 Rw 802.11ax 4x4 Indoor + Env\u00edo a domicilio + Pago seguro + Garant\u00eda\",\"breadcrumb\":{\"@id\":\"https:\/\/compuviper.mx\/tienda\/producto\/hewlett-packard-enterprise-q9h62a-access-point-hpe-aruba-ap-515-rw-802-11ax-4x4-indoor\/#breadcrumb\"},\"inLanguage\":\"es-MX\",\"potentialAction\":[{\"@type\":\"ReadAction\",\"target\":[\"https:\/\/compuviper.mx\/tienda\/producto\/hewlett-packard-enterprise-q9h62a-access-point-hpe-aruba-ap-515-rw-802-11ax-4x4-indoor\/\"]}]},{\"@type\":\"BreadcrumbList\",\"@id\":\"https:\/\/compuviper.mx\/tienda\/producto\/hewlett-packard-enterprise-q9h62a-access-point-hpe-aruba-ap-515-rw-802-11ax-4x4-indoor\/#breadcrumb\",\"itemListElement\":[{\"@type\":\"ListItem\",\"position\":1,\"name\":\"Inicio\",\"item\":\"https:\/\/compuviper.mx\/tienda\/\"},{\"@type\":\"ListItem\",\"position\":2,\"name\":\"Productos\",\"item\":\"https:\/\/compuviper.mx\/tienda\/productos\/\"},{\"@type\":\"ListItem\",\"position\":3,\"name\":\"Redes\",\"item\":\"https:\/\/compuviper.mx\/tienda\/categoria-producto\/redes\/\"},{\"@type\":\"ListItem\",\"position\":4,\"name\":\"Access Point\",\"item\":\"https:\/\/compuviper.mx\/tienda\/categoria-producto\/redes\/access-point\/\"},{\"@type\":\"ListItem\",\"position\":5,\"name\":\"Hewlett Packard Enterprise Q9h62a Access Point Hpe Aruba Ap-515 Rw 802.11ax 4&#215;4 Indoor\"}]},{\"@type\":\"WebSite\",\"@id\":\"https:\/\/compuviper.mx\/tienda\/#website\",\"url\":\"https:\/\/compuviper.mx\/tienda\/\",\"name\":\"Compuviper\",\"description\":\"Proveedor de Computadoras, Laptops, Servidores, Monitores, Puntos de Venta, Teclados,   Impresoras, T\u00f3ner, C\u00e1maras de Seguridad y m\u00e1s en tu tienda en l\u00ednea\",\"publisher\":{\"@id\":\"https:\/\/compuviper.mx\/tienda\/#organization\"},\"potentialAction\":[{\"@type\":\"SearchAction\",\"target\":{\"@type\":\"EntryPoint\",\"urlTemplate\":\"https:\/\/compuviper.mx\/tienda\/?s={search_term_string}\"},\"query-input\":\"required name=search_term_string\"}],\"inLanguage\":\"es-MX\"},{\"@type\":\"Organization\",\"@id\":\"https:\/\/compuviper.mx\/tienda\/#organization\",\"name\":\"Compuviper\",\"url\":\"https:\/\/compuviper.mx\/tienda\/\",\"logo\":{\"@type\":\"ImageObject\",\"inLanguage\":\"es-MX\",\"@id\":\"https:\/\/compuviper.mx\/tienda\/#\/schema\/logo\/image\/\",\"url\":\"https:\/\/compuviper.mx\/tienda\/wp-content\/uploads\/2021\/08\/Logo-Compuviper-10.png\",\"contentUrl\":\"https:\/\/compuviper.mx\/tienda\/wp-content\/uploads\/2021\/08\/Logo-Compuviper-10.png\",\"width\":1000,\"height\":500,\"caption\":\"Compuviper\"},\"image\":{\"@id\":\"https:\/\/compuviper.mx\/tienda\/#\/schema\/logo\/image\/\"},\"sameAs\":[\"https:\/\/www.facebook.com\/compuviper\",\"https:\/\/www.youtube.com\/channel\/UCf73dERp9Y3cfOq7q8BhLjA?view_as=subscriber\"]}]}<\/script>\n<meta property=\"product:brand\" content=\"HEWLETT PACKARD ENTERPRISE\" \/>\n<meta property=\"product:price:amount\" content=\"18620\" \/>\n<meta property=\"product:price:currency\" content=\"MXN\" \/>\n<meta property=\"og:availability\" content=\"out of stock\" \/>\n<meta property=\"product:availability\" content=\"out of stock\" \/>\n<meta property=\"product:retailer_item_id\" content=\"Q9H62A\" \/>\n<meta property=\"product:condition\" content=\"new\" \/>\n<!-- \/ Yoast SEO plugin. -->","yoast_head_json":{"title":"[ Hewlett Packard Enterprise ] &#129351; Q9h62a Access Point Hpe Aruba Ap-515 Rw 802.11ax 4x4 Indoor","description":"Compra Q9h62a Access Point Hpe Aruba Ap-515 Rw 802.11ax 4x4 Indoor + Env\u00edo a domicilio + Pago seguro + Garant\u00eda","robots":{"index":"index","follow":"follow","max-snippet":"max-snippet:-1","max-image-preview":"max-image-preview:large","max-video-preview":"max-video-preview:-1"},"canonical":"https:\/\/compuviper.mx\/tienda\/producto\/hewlett-packard-enterprise-q9h62a-access-point-hpe-aruba-ap-515-rw-802-11ax-4x4-indoor\/","og_locale":"es_MX","og_type":"article","og_title":"[ Hewlett Packard Enterprise ] &#129351; Q9h62a Access Point Hpe Aruba Ap-515 Rw 802.11ax 4x4 Indoor","og_description":"Compra Q9h62a Access Point Hpe Aruba Ap-515 Rw 802.11ax 4x4 Indoor + Env\u00edo a domicilio + Pago seguro + Garant\u00eda","og_url":"https:\/\/compuviper.mx\/tienda\/producto\/hewlett-packard-enterprise-q9h62a-access-point-hpe-aruba-ap-515-rw-802-11ax-4x4-indoor\/","og_site_name":"Compuviper","article_publisher":"https:\/\/www.facebook.com\/compuviper","og_image":[{"width":200,"height":200,"url":"https:\/\/compuviper.mx\/tienda\/wp-content\/uploads\/2023\/12\/Acces-point-hpe-aruba-q9h62a-ap-515-rw-802.11ax-4x4-antenas-integradas-mimo-575mbps2.4ghz-4.8gbps5ghz-poe-802.3-at.jpg","type":"image\/jpeg"}],"twitter_card":"summary_large_image","twitter_misc":{"Precio":"&#36;18,620 con IVA","Availability":"Out of stock"},"schema":{"@context":"https:\/\/schema.org","@graph":[{"@type":"WebPage","@id":"https:\/\/compuviper.mx\/tienda\/producto\/hewlett-packard-enterprise-q9h62a-access-point-hpe-aruba-ap-515-rw-802-11ax-4x4-indoor\/","url":"https:\/\/compuviper.mx\/tienda\/producto\/hewlett-packard-enterprise-q9h62a-access-point-hpe-aruba-ap-515-rw-802-11ax-4x4-indoor\/","name":"[ Hewlett Packard Enterprise ] &#129351; Q9h62a Access Point Hpe Aruba Ap-515 Rw 802.11ax 4x4 Indoor","isPartOf":{"@id":"https:\/\/compuviper.mx\/tienda\/#website"},"datePublished":"2026-04-18T07:07:23+00:00","dateModified":"2026-04-18T07:07:23+00:00","description":"Compra Q9h62a Access Point Hpe Aruba Ap-515 Rw 802.11ax 4x4 Indoor + Env\u00edo a domicilio + Pago seguro + Garant\u00eda","breadcrumb":{"@id":"https:\/\/compuviper.mx\/tienda\/producto\/hewlett-packard-enterprise-q9h62a-access-point-hpe-aruba-ap-515-rw-802-11ax-4x4-indoor\/#breadcrumb"},"inLanguage":"es-MX","potentialAction":[{"@type":"ReadAction","target":["https:\/\/compuviper.mx\/tienda\/producto\/hewlett-packard-enterprise-q9h62a-access-point-hpe-aruba-ap-515-rw-802-11ax-4x4-indoor\/"]}]},{"@type":"BreadcrumbList","@id":"https:\/\/compuviper.mx\/tienda\/producto\/hewlett-packard-enterprise-q9h62a-access-point-hpe-aruba-ap-515-rw-802-11ax-4x4-indoor\/#breadcrumb","itemListElement":[{"@type":"ListItem","position":1,"name":"Inicio","item":"https:\/\/compuviper.mx\/tienda\/"},{"@type":"ListItem","position":2,"name":"Productos","item":"https:\/\/compuviper.mx\/tienda\/productos\/"},{"@type":"ListItem","position":3,"name":"Redes","item":"https:\/\/compuviper.mx\/tienda\/categoria-producto\/redes\/"},{"@type":"ListItem","position":4,"name":"Access Point","item":"https:\/\/compuviper.mx\/tienda\/categoria-producto\/redes\/access-point\/"},{"@type":"ListItem","position":5,"name":"Hewlett Packard Enterprise Q9h62a Access Point Hpe Aruba Ap-515 Rw 802.11ax 4&#215;4 Indoor"}]},{"@type":"WebSite","@id":"https:\/\/compuviper.mx\/tienda\/#website","url":"https:\/\/compuviper.mx\/tienda\/","name":"Compuviper","description":"Proveedor de Computadoras, Laptops, Servidores, Monitores, Puntos de Venta, Teclados,   Impresoras, T\u00f3ner, C\u00e1maras de Seguridad y m\u00e1s en tu tienda en l\u00ednea","publisher":{"@id":"https:\/\/compuviper.mx\/tienda\/#organization"},"potentialAction":[{"@type":"SearchAction","target":{"@type":"EntryPoint","urlTemplate":"https:\/\/compuviper.mx\/tienda\/?s={search_term_string}"},"query-input":"required name=search_term_string"}],"inLanguage":"es-MX"},{"@type":"Organization","@id":"https:\/\/compuviper.mx\/tienda\/#organization","name":"Compuviper","url":"https:\/\/compuviper.mx\/tienda\/","logo":{"@type":"ImageObject","inLanguage":"es-MX","@id":"https:\/\/compuviper.mx\/tienda\/#\/schema\/logo\/image\/","url":"https:\/\/compuviper.mx\/tienda\/wp-content\/uploads\/2021\/08\/Logo-Compuviper-10.png","contentUrl":"https:\/\/compuviper.mx\/tienda\/wp-content\/uploads\/2021\/08\/Logo-Compuviper-10.png","width":1000,"height":500,"caption":"Compuviper"},"image":{"@id":"https:\/\/compuviper.mx\/tienda\/#\/schema\/logo\/image\/"},"sameAs":["https:\/\/www.facebook.com\/compuviper","https:\/\/www.youtube.com\/channel\/UCf73dERp9Y3cfOq7q8BhLjA?view_as=subscriber"]}]},"product_brand":"HEWLETT PACKARD ENTERPRISE","product_price_amount":"18620","product_price_currency":"MXN","og_availability":"out of stock","product_availability":"out of stock","product_retailer_item_id":"Q9H62A","product_condition":"new"},"_links":{"self":[{"href":"https:\/\/compuviper.mx\/tienda\/wp-json\/wp\/v2\/product\/220822"}],"collection":[{"href":"https:\/\/compuviper.mx\/tienda\/wp-json\/wp\/v2\/product"}],"about":[{"href":"https:\/\/compuviper.mx\/tienda\/wp-json\/wp\/v2\/types\/product"}],"replies":[{"embeddable":true,"href":"https:\/\/compuviper.mx\/tienda\/wp-json\/wp\/v2\/comments?post=220822"}],"wp:featuredmedia":[{"embeddable":true,"href":"https:\/\/compuviper.mx\/tienda\/wp-json\/wp\/v2\/media\/220823"}],"wp:attachment":[{"href":"https:\/\/compuviper.mx\/tienda\/wp-json\/wp\/v2\/media?parent=220822"}],"wp:term":[{"taxonomy":"product_cat","embeddable":true,"href":"https:\/\/compuviper.mx\/tienda\/wp-json\/wp\/v2\/product_cat?post=220822"},{"taxonomy":"product_tag","embeddable":true,"href":"https:\/\/compuviper.mx\/tienda\/wp-json\/wp\/v2\/product_tag?post=220822"}],"curies":[{"name":"wp","href":"https:\/\/api.w.org\/{rel}","templated":true}]}}