{"id":220818,"date":"2026-04-02T01:03:09","date_gmt":"2026-04-02T07:03:09","guid":{"rendered":"https:\/\/compuviper.mx\/tienda\/producto\/tp-link-tl-wr820n-router-inalambrico-tp-link-300mbps-2-puertos-lan-10-100-1-puerto-wan-10-100-2-antenas-fijas-externas-la-imagen-solo-es-ilustrativa-caract-varian-segun-version\/"},"modified":"2026-04-02T01:03:09","modified_gmt":"2026-04-02T07:03:09","slug":"tp-link-tl-wr820n-router-inalambrico-tp-link-300mbps-2-puertos-lan-10-100-1-puerto-wan-10-100-2-antenas-fijas-externas-la-imagen-solo-es-ilustrativa-caract-varian-segun-version","status":"publish","type":"product","link":"https:\/\/compuviper.mx\/tienda\/producto\/tp-link-tl-wr820n-router-inalambrico-tp-link-300mbps-2-puertos-lan-10-100-1-puerto-wan-10-100-2-antenas-fijas-externas-la-imagen-solo-es-ilustrativa-caract-varian-segun-version\/","title":{"rendered":"Tp Link Tl-wr820n Router Inalambrico | Tp-link |  | 300mbps |2 Puertos Lan 10\/100 | 1 Puerto Wan 10\/100 | 2 Antenas Fijas Externas | (la Imagen Solo Es Ilustrativa | Caract. Varian Segun Version)"},"content":{"rendered":"<table class=\"descripcion\">\n<tr>\n<td>Caracter\u00edsticas de hardware<\/td>\n<\/tr>\n<tr>\n<td>Puertos: 2 puertos lan a 10\/100mbps 1 puerto wan a 10\/100mbps<\/td>\n<\/tr>\n<tr>\n<td>Bot\u00f3n: wps \/ bot\u00f3n de reinicio<\/td>\n<\/tr>\n<tr>\n<td>Fuente de alimentaci\u00f3n externa: 5vdc \/ 0.6a<\/td>\n<\/tr>\n<tr>\n<td>Dimensiones (w x d x h): 6.1 x 4.5 x 1.4 pulg. (154 x 114 x 36 mm)<\/td>\n<\/tr>\n<tr>\n<td>Antena: 2 antenas omnidireccionales fijas de 5dbi<\/td>\n<\/tr>\n<tr>\n<td>Caracter\u00edsticas inal\u00e1mbricas<\/td>\n<\/tr>\n<tr>\n<td>Est\u00e1ndares inal\u00e1mbricos: ieee 802.11n, ieee 802.11g, ieee 802.11b<\/td>\n<\/tr>\n<tr>\n<td>Frecuencia: 2.412 ~ 2.472ghz<\/td>\n<\/tr>\n<tr>\n<td>Tasa de se\u00f1al: 11n: hasta 300mbps (din\u00e1mico)  \/  11g: hasta 54mbps (din\u00e1mico)  \/  11b: hasta 11mbps (din\u00e1mico)<\/td>\n<\/tr>\n<tr>\n<td>Sensibilidad de recepci\u00f3n: 270m: -70dbm @ 10% per  \/  130m: -72dbm @ 10% per  \/  108m: -74dbm @ 10% per  \/  54m: -75dbm @ 10% per  \/  11m: -94dbm @ 8% per  \/  6m: -95dbm @ 8% per  \/  1m: -96dbm @ 8% per<\/td>\n<\/tr>\n<tr>\n<td>Funciones inal\u00e1mbricas: habilitar \/ deshabilitar radio inal\u00e1mbrica, wmm, estad\u00edsticas inal\u00e1mbricas<\/td>\n<\/tr>\n<tr>\n<td>Seguridad inal\u00e1mbrica: wep, wpa \/ wpa2, wpa \/ wpa2-psk<\/td>\n<\/tr>\n<tr>\n<td>Caracter\u00edsticas de software<\/td>\n<\/tr>\n<tr>\n<td>Calidad de servicio: wmm, bandwidth control<\/td>\n<\/tr>\n<tr>\n<td>Tipo de wan: ip din\u00e1mica, ip est\u00e1tica, pppoe, pptp, l2tp<\/td>\n<\/tr>\n<tr>\n<td>Administraci\u00f3n: control de acceso, gesti\u00f3n local, gesti\u00f3n remota<\/td>\n<\/tr>\n<tr>\n<td>Dhcp: servidor, lista de clientes dhcp<\/td>\n<\/tr>\n<tr>\n<td>Reenv\u00edo de puertos: servidor virtual, upnp, dmz<\/td>\n<\/tr>\n<tr>\n<td>Dns din\u00e1mico: dyndns, no-ip<\/td>\n<\/tr>\n<tr>\n<td>Control de acceso: control parental, control de gesti\u00f3n local, lista de hosts, calendario de acceso, gesti\u00f3n de reglas<\/td>\n<\/tr>\n<tr>\n<td>Seguridad de cortafuegos: servidor de seguridad spi, enlace de direcciones ip y mac<\/td>\n<\/tr>\n<tr>\n<td>Protocolos: ipv4, ipv6<\/td>\n<\/tr>\n<tr>\n<td>Red de invitados: red de invitados de 2.4ghz<\/td>\n<\/tr>\n<tr>\n<td>Modos de trabajo: router inal\u00e1mbrico<\/td>\n<\/tr>\n<tr>\n<td>Otros<\/td>\n<\/tr>\n<tr>\n<td>Certificaciones: ce, rohs<\/td>\n<\/tr>\n<tr>\n<td>Contenidos del paquete: router wi-fi de 300 mbps tl-wr820n  \/  adaptador de corriente  \/  cable ethernet rj-45  \/  gu\u00eda de instalaci\u00f3n r\u00e1pida<\/td>\n<\/tr>\n<tr>\n<td>Requisitos del sistema: microsoft windows 10 \/ 8.1 \/ 8\/7 \/ vista \/ xp \/ 2000 \/ nt \/ 98se, mac os, netware, unix o linux<\/td>\n<\/tr>\n<tr>\n<td>Internet explorer 11, firefox 12.0, chrome 20.0, safari 4.0 u otro navegador o cable habilitado para java dsl<\/td>\n<\/tr>\n<tr>\n<td>Suscripci\u00f3n de m\u00f3dem con un proveedor de servicios de internet (para acceso a internet)<\/td>\n<\/tr>\n<tr>\n<td>Ambiente: temperatura de funcionamiento: 0 \u00bf ~ 40 \u00bf (32 \u00bf ~ 104 \u00bf)<\/td>\n<\/tr>\n<tr>\n<td>Temperatura de almacenamiento: -40 \u00bf ~ 70 \u00bf (-40 \u00bf ~ 158 \u00bf)<\/td>\n<\/tr>\n<tr>\n<td>Humedad de funcionamiento: 10% ~ 90% sin condensaci\u00f3n<\/td>\n<\/tr>\n<tr>\n<td>Humedad de almacenamiento: 5% ~ 90 % sin condensaci\u00f3n<\/td>\n<\/tr>\n<\/table>\n","protected":false},"excerpt":{"rendered":"<p>Velocidad inal\u00e1mbrica n a 300mbps. Tl-wr820n. * velocidad de transmisi\u00f3n inal\u00e1mbrica de 300mbps ideal para tareas sensibles al ancho de banda y trabajo b\u00e1sico. * iptv es compatible con igmp proxy \/ snooping, bridge y tag vlan para optimizar la transmisi\u00f3n de iptv. * compatible con ipv6 (protocolo de internet versi\u00f3n 6. * la red de invitados proporciona acceso separado para los invitados mientras protege la red del host. * los controles parentales administran cu\u00e1ndo y c\u00f3mo los dispositivos conectados pueden acceder a internet. * los protocolos de seguridad protegen su red dom\u00e9stica con firewalls y encriptaci\u00f3n inal\u00e1mbrica. Velocidad inal\u00e1mbrica n a 300 mbps &#8211; descargas r\u00e1pidas. Tl-wr820n es compatible con iee 802.11b \/ g \/ n y proporciona una conexi\u00f3n wi-fi de alta velocidad. Disfrute de velocidades de hasta 300 mbps para satisfacer incluso sus necesidades de redes dom\u00e9sticas m\u00e1s exigentes, como la transmisi\u00f3n hd, los juegos en l\u00ednea y la descarga de archivos grandes. Se\u00f1al fuerte, gran cobertura. Dos potentes antenas de 5dbi y 2 \u00d7 2 mimo mejoran la transmisi\u00f3n inal\u00e1mbrica para ofrecer una cobertura inal\u00e1mbrica m\u00e1s amplia con una intensidad de se\u00f1al m\u00e1s fuerte. Transmisi\u00f3n de video sin interrupciones. El soporte de igmp proxy \/ snooping, bridge y tag vlan optimiza la transmisi\u00f3n de iptv para que pueda disfrutar de sus pel\u00edculas y programas favoritos sin demoras. Red de invitados. La funci\u00f3n de red de invitados proporciona acceso seguro para que los hu\u00e9spedes usen su red wi-fi. Comparte con nadie, sin comprometer tu red privada. Dise\u00f1o premium. Una forma ergon\u00f3mica y una textura elegante lo convierten en un complemento elegante para cualquier habitaci\u00f3n. Una placa superior perforada disipa el calor para garantizar una funcionalidad a largo plazo y un funcionamiento estable. Ipv6 compatible. Compatible con la versi\u00f3n m\u00e1s reciente del protocolo de internet (ipv6) mantiene su enrutador preparado para el futuro y le permite disfrutar de los servicios ipv6 proporcionados por su isp y visitar los sitios web de ipv6.<\/p>\n","protected":false},"featured_media":220819,"comment_status":"open","ping_status":"open","template":"","meta":[],"product_cat":[1563,1753],"product_tag":[1562],"acf":[],"yoast_head":"<!-- This site is optimized with the Yoast SEO plugin v21.7 - https:\/\/yoast.com\/wordpress\/plugins\/seo\/ -->\n<title>[ Tp Link ] &#129351; Tl-wr820n Router Inalambrico | Tp-link | | 300mbps |2 Puertos Lan 10\/100 | 1 Puerto Wan 10\/100 | 2 Antenas Fijas Externas | (la Imagen Solo Es Ilustrativa | Caract. Varian Segun Version)<\/title>\n<meta name=\"description\" content=\"Compra Tl-wr820n Router Inalambrico | Tp-link | | 300mbps |2 Puertos Lan 10\/100 | 1 Puerto Wan 10\/100 | 2 Antenas Fijas Externas | (la Imagen Solo Es Ilustrativa | Caract. Varian Segun Version) + Env\u00edo a domicilio + Pago seguro + Garant\u00eda\" \/>\n<meta name=\"robots\" content=\"index, follow, max-snippet:-1, max-image-preview:large, max-video-preview:-1\" \/>\n<link rel=\"canonical\" href=\"https:\/\/compuviper.mx\/tienda\/producto\/tp-link-tl-wr820n-router-inalambrico-tp-link-300mbps-2-puertos-lan-10-100-1-puerto-wan-10-100-2-antenas-fijas-externas-la-imagen-solo-es-ilustrativa-caract-varian-segun-version\/\" \/>\n<meta property=\"og:locale\" content=\"es_MX\" \/>\n<meta property=\"og:type\" content=\"article\" \/>\n<meta property=\"og:title\" content=\"[ Tp Link ] &#129351; Tl-wr820n Router Inalambrico | Tp-link | | 300mbps |2 Puertos Lan 10\/100 | 1 Puerto Wan 10\/100 | 2 Antenas Fijas Externas | (la Imagen Solo Es Ilustrativa | Caract. Varian Segun Version)\" \/>\n<meta property=\"og:description\" content=\"Compra Tl-wr820n Router Inalambrico | Tp-link | | 300mbps |2 Puertos Lan 10\/100 | 1 Puerto Wan 10\/100 | 2 Antenas Fijas Externas | (la Imagen Solo Es Ilustrativa | Caract. Varian Segun Version) + Env\u00edo a domicilio + Pago seguro + Garant\u00eda\" \/>\n<meta property=\"og:url\" content=\"https:\/\/compuviper.mx\/tienda\/producto\/tp-link-tl-wr820n-router-inalambrico-tp-link-300mbps-2-puertos-lan-10-100-1-puerto-wan-10-100-2-antenas-fijas-externas-la-imagen-solo-es-ilustrativa-caract-varian-segun-version\/\" \/>\n<meta property=\"og:site_name\" content=\"Compuviper\" \/>\n<meta property=\"article:publisher\" content=\"https:\/\/www.facebook.com\/compuviper\" \/>\n<meta property=\"og:image\" content=\"https:\/\/compuviper.mx\/tienda\/wp-content\/uploads\/2023\/12\/Router-inalambrico-tp-link-tl-wr820n-300mbps-2-puertos-lan-10100-1-puerto-wan-10100-2-antenas-fijas-externas-la-imagen-solo-es-ilustrativa-caract.-varian-segun-version.jpg\" \/>\n\t<meta property=\"og:image:width\" content=\"200\" \/>\n\t<meta property=\"og:image:height\" content=\"200\" \/>\n\t<meta property=\"og:image:type\" content=\"image\/jpeg\" \/>\n<meta name=\"twitter:card\" content=\"summary_large_image\" \/>\n<meta name=\"twitter:label1\" content=\"Precio\" \/>\n\t<meta name=\"twitter:data1\" content=\"&#36;220 con IVA\" \/>\n\t<meta name=\"twitter:label2\" content=\"Availability\" \/>\n\t<meta name=\"twitter:data2\" content=\"In stock\" \/>\n<script type=\"application\/ld+json\" class=\"yoast-schema-graph\">{\"@context\":\"https:\/\/schema.org\",\"@graph\":[{\"@type\":\"WebPage\",\"@id\":\"https:\/\/compuviper.mx\/tienda\/producto\/tp-link-tl-wr820n-router-inalambrico-tp-link-300mbps-2-puertos-lan-10-100-1-puerto-wan-10-100-2-antenas-fijas-externas-la-imagen-solo-es-ilustrativa-caract-varian-segun-version\/\",\"url\":\"https:\/\/compuviper.mx\/tienda\/producto\/tp-link-tl-wr820n-router-inalambrico-tp-link-300mbps-2-puertos-lan-10-100-1-puerto-wan-10-100-2-antenas-fijas-externas-la-imagen-solo-es-ilustrativa-caract-varian-segun-version\/\",\"name\":\"[ Tp Link ] &#129351; Tl-wr820n Router Inalambrico | Tp-link | | 300mbps |2 Puertos Lan 10\/100 | 1 Puerto Wan 10\/100 | 2 Antenas Fijas Externas | (la Imagen Solo Es Ilustrativa | Caract. Varian Segun Version)\",\"isPartOf\":{\"@id\":\"https:\/\/compuviper.mx\/tienda\/#website\"},\"datePublished\":\"2026-04-02T07:03:09+00:00\",\"dateModified\":\"2026-04-02T07:03:09+00:00\",\"description\":\"Compra Tl-wr820n Router Inalambrico | Tp-link | | 300mbps |2 Puertos Lan 10\/100 | 1 Puerto Wan 10\/100 | 2 Antenas Fijas Externas | (la Imagen Solo Es Ilustrativa | Caract. Varian Segun Version) + Env\u00edo a domicilio + Pago seguro + Garant\u00eda\",\"breadcrumb\":{\"@id\":\"https:\/\/compuviper.mx\/tienda\/producto\/tp-link-tl-wr820n-router-inalambrico-tp-link-300mbps-2-puertos-lan-10-100-1-puerto-wan-10-100-2-antenas-fijas-externas-la-imagen-solo-es-ilustrativa-caract-varian-segun-version\/#breadcrumb\"},\"inLanguage\":\"es-MX\",\"potentialAction\":[{\"@type\":\"ReadAction\",\"target\":[\"https:\/\/compuviper.mx\/tienda\/producto\/tp-link-tl-wr820n-router-inalambrico-tp-link-300mbps-2-puertos-lan-10-100-1-puerto-wan-10-100-2-antenas-fijas-externas-la-imagen-solo-es-ilustrativa-caract-varian-segun-version\/\"]}]},{\"@type\":\"BreadcrumbList\",\"@id\":\"https:\/\/compuviper.mx\/tienda\/producto\/tp-link-tl-wr820n-router-inalambrico-tp-link-300mbps-2-puertos-lan-10-100-1-puerto-wan-10-100-2-antenas-fijas-externas-la-imagen-solo-es-ilustrativa-caract-varian-segun-version\/#breadcrumb\",\"itemListElement\":[{\"@type\":\"ListItem\",\"position\":1,\"name\":\"Inicio\",\"item\":\"https:\/\/compuviper.mx\/tienda\/\"},{\"@type\":\"ListItem\",\"position\":2,\"name\":\"Productos\",\"item\":\"https:\/\/compuviper.mx\/tienda\/productos\/\"},{\"@type\":\"ListItem\",\"position\":3,\"name\":\"Redes\",\"item\":\"https:\/\/compuviper.mx\/tienda\/categoria-producto\/redes\/\"},{\"@type\":\"ListItem\",\"position\":4,\"name\":\"Router\",\"item\":\"https:\/\/compuviper.mx\/tienda\/categoria-producto\/redes\/router\/\"},{\"@type\":\"ListItem\",\"position\":5,\"name\":\"Tp Link Tl-wr820n Router Inalambrico | Tp-link | | 300mbps |2 Puertos Lan 10\/100 | 1 Puerto Wan 10\/100 | 2 Antenas Fijas Externas | (la Imagen Solo Es Ilustrativa | Caract. Varian Segun Version)\"}]},{\"@type\":\"WebSite\",\"@id\":\"https:\/\/compuviper.mx\/tienda\/#website\",\"url\":\"https:\/\/compuviper.mx\/tienda\/\",\"name\":\"Compuviper\",\"description\":\"Proveedor de Computadoras, Laptops, Servidores, Monitores, Puntos de Venta, Teclados,   Impresoras, T\u00f3ner, C\u00e1maras de Seguridad y m\u00e1s en tu tienda en l\u00ednea\",\"publisher\":{\"@id\":\"https:\/\/compuviper.mx\/tienda\/#organization\"},\"potentialAction\":[{\"@type\":\"SearchAction\",\"target\":{\"@type\":\"EntryPoint\",\"urlTemplate\":\"https:\/\/compuviper.mx\/tienda\/?s={search_term_string}\"},\"query-input\":\"required name=search_term_string\"}],\"inLanguage\":\"es-MX\"},{\"@type\":\"Organization\",\"@id\":\"https:\/\/compuviper.mx\/tienda\/#organization\",\"name\":\"Compuviper\",\"url\":\"https:\/\/compuviper.mx\/tienda\/\",\"logo\":{\"@type\":\"ImageObject\",\"inLanguage\":\"es-MX\",\"@id\":\"https:\/\/compuviper.mx\/tienda\/#\/schema\/logo\/image\/\",\"url\":\"https:\/\/compuviper.mx\/tienda\/wp-content\/uploads\/2021\/08\/Logo-Compuviper-10.png\",\"contentUrl\":\"https:\/\/compuviper.mx\/tienda\/wp-content\/uploads\/2021\/08\/Logo-Compuviper-10.png\",\"width\":1000,\"height\":500,\"caption\":\"Compuviper\"},\"image\":{\"@id\":\"https:\/\/compuviper.mx\/tienda\/#\/schema\/logo\/image\/\"},\"sameAs\":[\"https:\/\/www.facebook.com\/compuviper\",\"https:\/\/www.youtube.com\/channel\/UCf73dERp9Y3cfOq7q8BhLjA?view_as=subscriber\"]}]}<\/script>\n<meta property=\"product:brand\" content=\"TP LINK\" \/>\n<meta property=\"product:price:amount\" content=\"220\" \/>\n<meta property=\"product:price:currency\" content=\"MXN\" \/>\n<meta property=\"og:availability\" content=\"instock\" \/>\n<meta property=\"product:availability\" content=\"instock\" \/>\n<meta property=\"product:retailer_item_id\" content=\"TL-WR820N\" \/>\n<meta property=\"product:condition\" content=\"new\" \/>\n<!-- \/ Yoast SEO plugin. -->","yoast_head_json":{"title":"[ Tp Link ] &#129351; Tl-wr820n Router Inalambrico | Tp-link | | 300mbps |2 Puertos Lan 10\/100 | 1 Puerto Wan 10\/100 | 2 Antenas Fijas Externas | (la Imagen Solo Es Ilustrativa | Caract. Varian Segun Version)","description":"Compra Tl-wr820n Router Inalambrico | Tp-link | | 300mbps |2 Puertos Lan 10\/100 | 1 Puerto Wan 10\/100 | 2 Antenas Fijas Externas | (la Imagen Solo Es Ilustrativa | Caract. Varian Segun Version) + Env\u00edo a domicilio + Pago seguro + Garant\u00eda","robots":{"index":"index","follow":"follow","max-snippet":"max-snippet:-1","max-image-preview":"max-image-preview:large","max-video-preview":"max-video-preview:-1"},"canonical":"https:\/\/compuviper.mx\/tienda\/producto\/tp-link-tl-wr820n-router-inalambrico-tp-link-300mbps-2-puertos-lan-10-100-1-puerto-wan-10-100-2-antenas-fijas-externas-la-imagen-solo-es-ilustrativa-caract-varian-segun-version\/","og_locale":"es_MX","og_type":"article","og_title":"[ Tp Link ] &#129351; Tl-wr820n Router Inalambrico | Tp-link | | 300mbps |2 Puertos Lan 10\/100 | 1 Puerto Wan 10\/100 | 2 Antenas Fijas Externas | (la Imagen Solo Es Ilustrativa | Caract. Varian Segun Version)","og_description":"Compra Tl-wr820n Router Inalambrico | Tp-link | | 300mbps |2 Puertos Lan 10\/100 | 1 Puerto Wan 10\/100 | 2 Antenas Fijas Externas | (la Imagen Solo Es Ilustrativa | Caract. Varian Segun Version) + Env\u00edo a domicilio + Pago seguro + Garant\u00eda","og_url":"https:\/\/compuviper.mx\/tienda\/producto\/tp-link-tl-wr820n-router-inalambrico-tp-link-300mbps-2-puertos-lan-10-100-1-puerto-wan-10-100-2-antenas-fijas-externas-la-imagen-solo-es-ilustrativa-caract-varian-segun-version\/","og_site_name":"Compuviper","article_publisher":"https:\/\/www.facebook.com\/compuviper","og_image":[{"width":200,"height":200,"url":"https:\/\/compuviper.mx\/tienda\/wp-content\/uploads\/2023\/12\/Router-inalambrico-tp-link-tl-wr820n-300mbps-2-puertos-lan-10100-1-puerto-wan-10100-2-antenas-fijas-externas-la-imagen-solo-es-ilustrativa-caract.-varian-segun-version.jpg","type":"image\/jpeg"}],"twitter_card":"summary_large_image","twitter_misc":{"Precio":"&#36;220 con IVA","Availability":"In stock"},"schema":{"@context":"https:\/\/schema.org","@graph":[{"@type":"WebPage","@id":"https:\/\/compuviper.mx\/tienda\/producto\/tp-link-tl-wr820n-router-inalambrico-tp-link-300mbps-2-puertos-lan-10-100-1-puerto-wan-10-100-2-antenas-fijas-externas-la-imagen-solo-es-ilustrativa-caract-varian-segun-version\/","url":"https:\/\/compuviper.mx\/tienda\/producto\/tp-link-tl-wr820n-router-inalambrico-tp-link-300mbps-2-puertos-lan-10-100-1-puerto-wan-10-100-2-antenas-fijas-externas-la-imagen-solo-es-ilustrativa-caract-varian-segun-version\/","name":"[ Tp Link ] &#129351; Tl-wr820n Router Inalambrico | Tp-link | | 300mbps |2 Puertos Lan 10\/100 | 1 Puerto Wan 10\/100 | 2 Antenas Fijas Externas | (la Imagen Solo Es Ilustrativa | Caract. Varian Segun Version)","isPartOf":{"@id":"https:\/\/compuviper.mx\/tienda\/#website"},"datePublished":"2026-04-02T07:03:09+00:00","dateModified":"2026-04-02T07:03:09+00:00","description":"Compra Tl-wr820n Router Inalambrico | Tp-link | | 300mbps |2 Puertos Lan 10\/100 | 1 Puerto Wan 10\/100 | 2 Antenas Fijas Externas | (la Imagen Solo Es Ilustrativa | Caract. Varian Segun Version) + Env\u00edo a domicilio + Pago seguro + Garant\u00eda","breadcrumb":{"@id":"https:\/\/compuviper.mx\/tienda\/producto\/tp-link-tl-wr820n-router-inalambrico-tp-link-300mbps-2-puertos-lan-10-100-1-puerto-wan-10-100-2-antenas-fijas-externas-la-imagen-solo-es-ilustrativa-caract-varian-segun-version\/#breadcrumb"},"inLanguage":"es-MX","potentialAction":[{"@type":"ReadAction","target":["https:\/\/compuviper.mx\/tienda\/producto\/tp-link-tl-wr820n-router-inalambrico-tp-link-300mbps-2-puertos-lan-10-100-1-puerto-wan-10-100-2-antenas-fijas-externas-la-imagen-solo-es-ilustrativa-caract-varian-segun-version\/"]}]},{"@type":"BreadcrumbList","@id":"https:\/\/compuviper.mx\/tienda\/producto\/tp-link-tl-wr820n-router-inalambrico-tp-link-300mbps-2-puertos-lan-10-100-1-puerto-wan-10-100-2-antenas-fijas-externas-la-imagen-solo-es-ilustrativa-caract-varian-segun-version\/#breadcrumb","itemListElement":[{"@type":"ListItem","position":1,"name":"Inicio","item":"https:\/\/compuviper.mx\/tienda\/"},{"@type":"ListItem","position":2,"name":"Productos","item":"https:\/\/compuviper.mx\/tienda\/productos\/"},{"@type":"ListItem","position":3,"name":"Redes","item":"https:\/\/compuviper.mx\/tienda\/categoria-producto\/redes\/"},{"@type":"ListItem","position":4,"name":"Router","item":"https:\/\/compuviper.mx\/tienda\/categoria-producto\/redes\/router\/"},{"@type":"ListItem","position":5,"name":"Tp Link Tl-wr820n Router Inalambrico | Tp-link | | 300mbps |2 Puertos Lan 10\/100 | 1 Puerto Wan 10\/100 | 2 Antenas Fijas Externas | (la Imagen Solo Es Ilustrativa | Caract. Varian Segun Version)"}]},{"@type":"WebSite","@id":"https:\/\/compuviper.mx\/tienda\/#website","url":"https:\/\/compuviper.mx\/tienda\/","name":"Compuviper","description":"Proveedor de Computadoras, Laptops, Servidores, Monitores, Puntos de Venta, Teclados,   Impresoras, T\u00f3ner, C\u00e1maras de Seguridad y m\u00e1s en tu tienda en l\u00ednea","publisher":{"@id":"https:\/\/compuviper.mx\/tienda\/#organization"},"potentialAction":[{"@type":"SearchAction","target":{"@type":"EntryPoint","urlTemplate":"https:\/\/compuviper.mx\/tienda\/?s={search_term_string}"},"query-input":"required name=search_term_string"}],"inLanguage":"es-MX"},{"@type":"Organization","@id":"https:\/\/compuviper.mx\/tienda\/#organization","name":"Compuviper","url":"https:\/\/compuviper.mx\/tienda\/","logo":{"@type":"ImageObject","inLanguage":"es-MX","@id":"https:\/\/compuviper.mx\/tienda\/#\/schema\/logo\/image\/","url":"https:\/\/compuviper.mx\/tienda\/wp-content\/uploads\/2021\/08\/Logo-Compuviper-10.png","contentUrl":"https:\/\/compuviper.mx\/tienda\/wp-content\/uploads\/2021\/08\/Logo-Compuviper-10.png","width":1000,"height":500,"caption":"Compuviper"},"image":{"@id":"https:\/\/compuviper.mx\/tienda\/#\/schema\/logo\/image\/"},"sameAs":["https:\/\/www.facebook.com\/compuviper","https:\/\/www.youtube.com\/channel\/UCf73dERp9Y3cfOq7q8BhLjA?view_as=subscriber"]}]},"product_brand":"TP LINK","product_price_amount":"220","product_price_currency":"MXN","og_availability":"instock","product_availability":"instock","product_retailer_item_id":"TL-WR820N","product_condition":"new"},"_links":{"self":[{"href":"https:\/\/compuviper.mx\/tienda\/wp-json\/wp\/v2\/product\/220818"}],"collection":[{"href":"https:\/\/compuviper.mx\/tienda\/wp-json\/wp\/v2\/product"}],"about":[{"href":"https:\/\/compuviper.mx\/tienda\/wp-json\/wp\/v2\/types\/product"}],"replies":[{"embeddable":true,"href":"https:\/\/compuviper.mx\/tienda\/wp-json\/wp\/v2\/comments?post=220818"}],"wp:featuredmedia":[{"embeddable":true,"href":"https:\/\/compuviper.mx\/tienda\/wp-json\/wp\/v2\/media\/220819"}],"wp:attachment":[{"href":"https:\/\/compuviper.mx\/tienda\/wp-json\/wp\/v2\/media?parent=220818"}],"wp:term":[{"taxonomy":"product_cat","embeddable":true,"href":"https:\/\/compuviper.mx\/tienda\/wp-json\/wp\/v2\/product_cat?post=220818"},{"taxonomy":"product_tag","embeddable":true,"href":"https:\/\/compuviper.mx\/tienda\/wp-json\/wp\/v2\/product_tag?post=220818"}],"curies":[{"name":"wp","href":"https:\/\/api.w.org\/{rel}","templated":true}]}}