{"id":220814,"date":"2026-04-18T01:07:21","date_gmt":"2026-04-18T07:07:21","guid":{"rendered":"https:\/\/compuviper.mx\/tienda\/producto\/tenda-mw6-2-pack-router-malla-nova-true-mesh-wifi-extensor-de-red-cobertura-de-hasta-350-m2-dual-band-2-antenas-de-3dbi-mu-mimo-beamforming-paquete-de-2-piezas-puertos-gigabit\/"},"modified":"2026-04-18T01:07:22","modified_gmt":"2026-04-18T07:07:22","slug":"tenda-mw6-2-pack-router-malla-nova-true-mesh-wifi-extensor-de-red-cobertura-de-hasta-350-m2-dual-band-2-antenas-de-3dbi-mu-mimo-beamforming-paquete-de-2-piezas-puertos-gigabit","status":"publish","type":"product","link":"https:\/\/compuviper.mx\/tienda\/producto\/tenda-mw6-2-pack-router-malla-nova-true-mesh-wifi-extensor-de-red-cobertura-de-hasta-350-m2-dual-band-2-antenas-de-3dbi-mu-mimo-beamforming-paquete-de-2-piezas-puertos-gigabit\/","title":{"rendered":"Tenda Mw6 (2-pack) Router    Malla Nova True Mesh Wifi Extensor De Red Cobertura De Hasta 350 M2 Dual Band 2 Antenas De 3dbi Mu-mimo Beamforming Paquete De 2 Piezas Puertos Gigabit"},"content":{"rendered":"<table class=\"descripcion\">\n<tr>\n<td>2 puertos  gigabit ethernet por cada cubo nova; wan and lan on primary el puertowan y lan  en el cubo prinmario, ambos act\u00faan como puerto lan en los cubos adicionales<\/td>\n<\/tr>\n<tr>\n<td>2 antenas doble banda de 3dbi<\/td>\n<\/tr>\n<tr>\n<td>5ghz: hasta 867mbps 2.4ghz:  hasta 300mbps<\/td>\n<\/tr>\n<tr>\n<td>Doble banda simult\u00e1nea 2.4ghz  and  5ghz<\/td>\n<\/tr>\n<tr>\n<td>3 cubos nova id\u00e9nticos 3 fuentes de alimentaci\u00f3n gu\u00eda de instalaci\u00f3n r\u00e1pida 1 cable gigabit<\/td>\n<\/tr>\n<\/table>\n","protected":false},"excerpt":{"rendered":"<p>Un solo cubo nova cubre hasta 170m2 mientras que un paquete de tres cubos, puede alcanzar hasta 500m2.  La tecnolog\u00eda mesh de nova proporciona una experiencia wifi sin retraso a trav\u00e9s de la banda \u00f3ptima. Desde la caja, los cubos nova vienen sincronizados entre ellos. Simplemente conecta los cables y deja que nova se encargue de lo dem\u00e1s. La app de tenda te ayuda a personalizar y administrar tu red, cuenta con funciones como administraci\u00f3n de contrase\u00f1as, control de acceso a la red y control parental. Nova puede manejar conexiones simult\u00e1neas desde m\u00faltiples dispositivos y tambi\u00e9n es compatible con alexa para controlar tus dispositivos (compatibles).<\/p>\n","protected":false},"featured_media":220815,"comment_status":"open","ping_status":"open","template":"","meta":[],"product_cat":[1563,1753],"product_tag":[1560],"acf":[],"yoast_head":"<!-- This site is optimized with the Yoast SEO plugin v21.7 - https:\/\/yoast.com\/wordpress\/plugins\/seo\/ -->\n<title>[ Tenda ] &#129351; Mw6 (2-pack) Router Malla Nova True Mesh Wifi Extensor De Red Cobertura De Hasta 350 M2 Dual Band 2 Antenas De 3dbi Mu-mimo Beamforming Paquete De 2 Piezas Puertos Gigabit<\/title>\n<meta name=\"description\" content=\"Compra Mw6 (2-pack) Router Malla Nova True Mesh Wifi Extensor De Red Cobertura De Hasta 350 M2 Dual Band 2 Antenas De 3dbi Mu-mimo Beamforming Paquete De 2 Piezas Puertos Gigabit + Env\u00edo a domicilio + Pago seguro + Garant\u00eda\" \/>\n<meta name=\"robots\" content=\"index, follow, max-snippet:-1, max-image-preview:large, max-video-preview:-1\" \/>\n<link rel=\"canonical\" href=\"https:\/\/compuviper.mx\/tienda\/producto\/tenda-mw6-2-pack-router-malla-nova-true-mesh-wifi-extensor-de-red-cobertura-de-hasta-350-m2-dual-band-2-antenas-de-3dbi-mu-mimo-beamforming-paquete-de-2-piezas-puertos-gigabit\/\" \/>\n<meta property=\"og:locale\" content=\"es_MX\" \/>\n<meta property=\"og:type\" content=\"article\" \/>\n<meta property=\"og:title\" content=\"[ Tenda ] &#129351; Mw6 (2-pack) Router Malla Nova True Mesh Wifi Extensor De Red Cobertura De Hasta 350 M2 Dual Band 2 Antenas De 3dbi Mu-mimo Beamforming Paquete De 2 Piezas Puertos Gigabit\" \/>\n<meta property=\"og:description\" content=\"Compra Mw6 (2-pack) Router Malla Nova True Mesh Wifi Extensor De Red Cobertura De Hasta 350 M2 Dual Band 2 Antenas De 3dbi Mu-mimo Beamforming Paquete De 2 Piezas Puertos Gigabit + Env\u00edo a domicilio + Pago seguro + Garant\u00eda\" \/>\n<meta property=\"og:url\" content=\"https:\/\/compuviper.mx\/tienda\/producto\/tenda-mw6-2-pack-router-malla-nova-true-mesh-wifi-extensor-de-red-cobertura-de-hasta-350-m2-dual-band-2-antenas-de-3dbi-mu-mimo-beamforming-paquete-de-2-piezas-puertos-gigabit\/\" \/>\n<meta property=\"og:site_name\" content=\"Compuviper\" \/>\n<meta property=\"article:publisher\" content=\"https:\/\/www.facebook.com\/compuviper\" \/>\n<meta property=\"article:modified_time\" content=\"2026-04-18T07:07:22+00:00\" \/>\n<meta property=\"og:image\" content=\"https:\/\/compuviper.mx\/tienda\/wp-content\/uploads\/2023\/12\/Router-tenda-mw6-2-pack-malla-nova-true-mesh-wifi-extensor-de-red-cobertura-de-hasta-350-m2-dual-band-2-antenas-de-3dbi-mu-mimo-beamforming-paquete-de-2-piezas-puertos-gigabit.jpg\" \/>\n\t<meta property=\"og:image:width\" content=\"200\" \/>\n\t<meta property=\"og:image:height\" content=\"200\" \/>\n\t<meta property=\"og:image:type\" content=\"image\/jpeg\" \/>\n<meta name=\"twitter:card\" content=\"summary_large_image\" \/>\n<meta name=\"twitter:label1\" content=\"Precio\" \/>\n\t<meta name=\"twitter:data1\" content=\"&#36;1,519 &#36;1,297 con IVA\" \/>\n\t<meta name=\"twitter:label2\" content=\"Availability\" \/>\n\t<meta name=\"twitter:data2\" content=\"Out of stock\" \/>\n<script type=\"application\/ld+json\" class=\"yoast-schema-graph\">{\"@context\":\"https:\/\/schema.org\",\"@graph\":[{\"@type\":\"WebPage\",\"@id\":\"https:\/\/compuviper.mx\/tienda\/producto\/tenda-mw6-2-pack-router-malla-nova-true-mesh-wifi-extensor-de-red-cobertura-de-hasta-350-m2-dual-band-2-antenas-de-3dbi-mu-mimo-beamforming-paquete-de-2-piezas-puertos-gigabit\/\",\"url\":\"https:\/\/compuviper.mx\/tienda\/producto\/tenda-mw6-2-pack-router-malla-nova-true-mesh-wifi-extensor-de-red-cobertura-de-hasta-350-m2-dual-band-2-antenas-de-3dbi-mu-mimo-beamforming-paquete-de-2-piezas-puertos-gigabit\/\",\"name\":\"[ Tenda ] &#129351; Mw6 (2-pack) Router Malla Nova True Mesh Wifi Extensor De Red Cobertura De Hasta 350 M2 Dual Band 2 Antenas De 3dbi Mu-mimo Beamforming Paquete De 2 Piezas Puertos Gigabit\",\"isPartOf\":{\"@id\":\"https:\/\/compuviper.mx\/tienda\/#website\"},\"datePublished\":\"2026-04-18T07:07:21+00:00\",\"dateModified\":\"2026-04-18T07:07:22+00:00\",\"description\":\"Compra Mw6 (2-pack) Router Malla Nova True Mesh Wifi Extensor De Red Cobertura De Hasta 350 M2 Dual Band 2 Antenas De 3dbi Mu-mimo Beamforming Paquete De 2 Piezas Puertos Gigabit + Env\u00edo a domicilio + Pago seguro + Garant\u00eda\",\"breadcrumb\":{\"@id\":\"https:\/\/compuviper.mx\/tienda\/producto\/tenda-mw6-2-pack-router-malla-nova-true-mesh-wifi-extensor-de-red-cobertura-de-hasta-350-m2-dual-band-2-antenas-de-3dbi-mu-mimo-beamforming-paquete-de-2-piezas-puertos-gigabit\/#breadcrumb\"},\"inLanguage\":\"es-MX\",\"potentialAction\":[{\"@type\":\"ReadAction\",\"target\":[\"https:\/\/compuviper.mx\/tienda\/producto\/tenda-mw6-2-pack-router-malla-nova-true-mesh-wifi-extensor-de-red-cobertura-de-hasta-350-m2-dual-band-2-antenas-de-3dbi-mu-mimo-beamforming-paquete-de-2-piezas-puertos-gigabit\/\"]}]},{\"@type\":\"BreadcrumbList\",\"@id\":\"https:\/\/compuviper.mx\/tienda\/producto\/tenda-mw6-2-pack-router-malla-nova-true-mesh-wifi-extensor-de-red-cobertura-de-hasta-350-m2-dual-band-2-antenas-de-3dbi-mu-mimo-beamforming-paquete-de-2-piezas-puertos-gigabit\/#breadcrumb\",\"itemListElement\":[{\"@type\":\"ListItem\",\"position\":1,\"name\":\"Inicio\",\"item\":\"https:\/\/compuviper.mx\/tienda\/\"},{\"@type\":\"ListItem\",\"position\":2,\"name\":\"Productos\",\"item\":\"https:\/\/compuviper.mx\/tienda\/productos\/\"},{\"@type\":\"ListItem\",\"position\":3,\"name\":\"Redes\",\"item\":\"https:\/\/compuviper.mx\/tienda\/categoria-producto\/redes\/\"},{\"@type\":\"ListItem\",\"position\":4,\"name\":\"Router\",\"item\":\"https:\/\/compuviper.mx\/tienda\/categoria-producto\/redes\/router\/\"},{\"@type\":\"ListItem\",\"position\":5,\"name\":\"Tenda Mw6 (2-pack) Router Malla Nova True Mesh Wifi Extensor De Red Cobertura De Hasta 350 M2 Dual Band 2 Antenas De 3dbi Mu-mimo Beamforming Paquete De 2 Piezas Puertos Gigabit\"}]},{\"@type\":\"WebSite\",\"@id\":\"https:\/\/compuviper.mx\/tienda\/#website\",\"url\":\"https:\/\/compuviper.mx\/tienda\/\",\"name\":\"Compuviper\",\"description\":\"Proveedor de Computadoras, Laptops, Servidores, Monitores, Puntos de Venta, Teclados,   Impresoras, T\u00f3ner, C\u00e1maras de Seguridad y m\u00e1s en tu tienda en l\u00ednea\",\"publisher\":{\"@id\":\"https:\/\/compuviper.mx\/tienda\/#organization\"},\"potentialAction\":[{\"@type\":\"SearchAction\",\"target\":{\"@type\":\"EntryPoint\",\"urlTemplate\":\"https:\/\/compuviper.mx\/tienda\/?s={search_term_string}\"},\"query-input\":\"required name=search_term_string\"}],\"inLanguage\":\"es-MX\"},{\"@type\":\"Organization\",\"@id\":\"https:\/\/compuviper.mx\/tienda\/#organization\",\"name\":\"Compuviper\",\"url\":\"https:\/\/compuviper.mx\/tienda\/\",\"logo\":{\"@type\":\"ImageObject\",\"inLanguage\":\"es-MX\",\"@id\":\"https:\/\/compuviper.mx\/tienda\/#\/schema\/logo\/image\/\",\"url\":\"https:\/\/compuviper.mx\/tienda\/wp-content\/uploads\/2021\/08\/Logo-Compuviper-10.png\",\"contentUrl\":\"https:\/\/compuviper.mx\/tienda\/wp-content\/uploads\/2021\/08\/Logo-Compuviper-10.png\",\"width\":1000,\"height\":500,\"caption\":\"Compuviper\"},\"image\":{\"@id\":\"https:\/\/compuviper.mx\/tienda\/#\/schema\/logo\/image\/\"},\"sameAs\":[\"https:\/\/www.facebook.com\/compuviper\",\"https:\/\/www.youtube.com\/channel\/UCf73dERp9Y3cfOq7q8BhLjA?view_as=subscriber\"]}]}<\/script>\n<meta property=\"product:brand\" content=\"TENDA\" \/>\n<meta property=\"product:price:amount\" content=\"1297\" \/>\n<meta property=\"product:price:currency\" content=\"MXN\" \/>\n<meta property=\"og:availability\" content=\"out of stock\" \/>\n<meta property=\"product:availability\" content=\"out of stock\" \/>\n<meta property=\"product:retailer_item_id\" content=\"MW6 (2-PACK)\" \/>\n<meta property=\"product:condition\" content=\"new\" \/>\n<!-- \/ Yoast SEO plugin. -->","yoast_head_json":{"title":"[ Tenda ] &#129351; Mw6 (2-pack) Router Malla Nova True Mesh Wifi Extensor De Red Cobertura De Hasta 350 M2 Dual Band 2 Antenas De 3dbi Mu-mimo Beamforming Paquete De 2 Piezas Puertos Gigabit","description":"Compra Mw6 (2-pack) Router Malla Nova True Mesh Wifi Extensor De Red Cobertura De Hasta 350 M2 Dual Band 2 Antenas De 3dbi Mu-mimo Beamforming Paquete De 2 Piezas Puertos Gigabit + Env\u00edo a domicilio + Pago seguro + Garant\u00eda","robots":{"index":"index","follow":"follow","max-snippet":"max-snippet:-1","max-image-preview":"max-image-preview:large","max-video-preview":"max-video-preview:-1"},"canonical":"https:\/\/compuviper.mx\/tienda\/producto\/tenda-mw6-2-pack-router-malla-nova-true-mesh-wifi-extensor-de-red-cobertura-de-hasta-350-m2-dual-band-2-antenas-de-3dbi-mu-mimo-beamforming-paquete-de-2-piezas-puertos-gigabit\/","og_locale":"es_MX","og_type":"article","og_title":"[ Tenda ] &#129351; Mw6 (2-pack) Router Malla Nova True Mesh Wifi Extensor De Red Cobertura De Hasta 350 M2 Dual Band 2 Antenas De 3dbi Mu-mimo Beamforming Paquete De 2 Piezas Puertos Gigabit","og_description":"Compra Mw6 (2-pack) Router Malla Nova True Mesh Wifi Extensor De Red Cobertura De Hasta 350 M2 Dual Band 2 Antenas De 3dbi Mu-mimo Beamforming Paquete De 2 Piezas Puertos Gigabit + Env\u00edo a domicilio + Pago seguro + Garant\u00eda","og_url":"https:\/\/compuviper.mx\/tienda\/producto\/tenda-mw6-2-pack-router-malla-nova-true-mesh-wifi-extensor-de-red-cobertura-de-hasta-350-m2-dual-band-2-antenas-de-3dbi-mu-mimo-beamforming-paquete-de-2-piezas-puertos-gigabit\/","og_site_name":"Compuviper","article_publisher":"https:\/\/www.facebook.com\/compuviper","article_modified_time":"2026-04-18T07:07:22+00:00","og_image":[{"width":200,"height":200,"url":"https:\/\/compuviper.mx\/tienda\/wp-content\/uploads\/2023\/12\/Router-tenda-mw6-2-pack-malla-nova-true-mesh-wifi-extensor-de-red-cobertura-de-hasta-350-m2-dual-band-2-antenas-de-3dbi-mu-mimo-beamforming-paquete-de-2-piezas-puertos-gigabit.jpg","type":"image\/jpeg"}],"twitter_card":"summary_large_image","twitter_misc":{"Precio":"&#36;1,519 &#36;1,297 con IVA","Availability":"Out of stock"},"schema":{"@context":"https:\/\/schema.org","@graph":[{"@type":"WebPage","@id":"https:\/\/compuviper.mx\/tienda\/producto\/tenda-mw6-2-pack-router-malla-nova-true-mesh-wifi-extensor-de-red-cobertura-de-hasta-350-m2-dual-band-2-antenas-de-3dbi-mu-mimo-beamforming-paquete-de-2-piezas-puertos-gigabit\/","url":"https:\/\/compuviper.mx\/tienda\/producto\/tenda-mw6-2-pack-router-malla-nova-true-mesh-wifi-extensor-de-red-cobertura-de-hasta-350-m2-dual-band-2-antenas-de-3dbi-mu-mimo-beamforming-paquete-de-2-piezas-puertos-gigabit\/","name":"[ Tenda ] &#129351; Mw6 (2-pack) Router Malla Nova True Mesh Wifi Extensor De Red Cobertura De Hasta 350 M2 Dual Band 2 Antenas De 3dbi Mu-mimo Beamforming Paquete De 2 Piezas Puertos Gigabit","isPartOf":{"@id":"https:\/\/compuviper.mx\/tienda\/#website"},"datePublished":"2026-04-18T07:07:21+00:00","dateModified":"2026-04-18T07:07:22+00:00","description":"Compra Mw6 (2-pack) Router Malla Nova True Mesh Wifi Extensor De Red Cobertura De Hasta 350 M2 Dual Band 2 Antenas De 3dbi Mu-mimo Beamforming Paquete De 2 Piezas Puertos Gigabit + Env\u00edo a domicilio + Pago seguro + Garant\u00eda","breadcrumb":{"@id":"https:\/\/compuviper.mx\/tienda\/producto\/tenda-mw6-2-pack-router-malla-nova-true-mesh-wifi-extensor-de-red-cobertura-de-hasta-350-m2-dual-band-2-antenas-de-3dbi-mu-mimo-beamforming-paquete-de-2-piezas-puertos-gigabit\/#breadcrumb"},"inLanguage":"es-MX","potentialAction":[{"@type":"ReadAction","target":["https:\/\/compuviper.mx\/tienda\/producto\/tenda-mw6-2-pack-router-malla-nova-true-mesh-wifi-extensor-de-red-cobertura-de-hasta-350-m2-dual-band-2-antenas-de-3dbi-mu-mimo-beamforming-paquete-de-2-piezas-puertos-gigabit\/"]}]},{"@type":"BreadcrumbList","@id":"https:\/\/compuviper.mx\/tienda\/producto\/tenda-mw6-2-pack-router-malla-nova-true-mesh-wifi-extensor-de-red-cobertura-de-hasta-350-m2-dual-band-2-antenas-de-3dbi-mu-mimo-beamforming-paquete-de-2-piezas-puertos-gigabit\/#breadcrumb","itemListElement":[{"@type":"ListItem","position":1,"name":"Inicio","item":"https:\/\/compuviper.mx\/tienda\/"},{"@type":"ListItem","position":2,"name":"Productos","item":"https:\/\/compuviper.mx\/tienda\/productos\/"},{"@type":"ListItem","position":3,"name":"Redes","item":"https:\/\/compuviper.mx\/tienda\/categoria-producto\/redes\/"},{"@type":"ListItem","position":4,"name":"Router","item":"https:\/\/compuviper.mx\/tienda\/categoria-producto\/redes\/router\/"},{"@type":"ListItem","position":5,"name":"Tenda Mw6 (2-pack) Router Malla Nova True Mesh Wifi Extensor De Red Cobertura De Hasta 350 M2 Dual Band 2 Antenas De 3dbi Mu-mimo Beamforming Paquete De 2 Piezas Puertos Gigabit"}]},{"@type":"WebSite","@id":"https:\/\/compuviper.mx\/tienda\/#website","url":"https:\/\/compuviper.mx\/tienda\/","name":"Compuviper","description":"Proveedor de Computadoras, Laptops, Servidores, Monitores, Puntos de Venta, Teclados,   Impresoras, T\u00f3ner, C\u00e1maras de Seguridad y m\u00e1s en tu tienda en l\u00ednea","publisher":{"@id":"https:\/\/compuviper.mx\/tienda\/#organization"},"potentialAction":[{"@type":"SearchAction","target":{"@type":"EntryPoint","urlTemplate":"https:\/\/compuviper.mx\/tienda\/?s={search_term_string}"},"query-input":"required name=search_term_string"}],"inLanguage":"es-MX"},{"@type":"Organization","@id":"https:\/\/compuviper.mx\/tienda\/#organization","name":"Compuviper","url":"https:\/\/compuviper.mx\/tienda\/","logo":{"@type":"ImageObject","inLanguage":"es-MX","@id":"https:\/\/compuviper.mx\/tienda\/#\/schema\/logo\/image\/","url":"https:\/\/compuviper.mx\/tienda\/wp-content\/uploads\/2021\/08\/Logo-Compuviper-10.png","contentUrl":"https:\/\/compuviper.mx\/tienda\/wp-content\/uploads\/2021\/08\/Logo-Compuviper-10.png","width":1000,"height":500,"caption":"Compuviper"},"image":{"@id":"https:\/\/compuviper.mx\/tienda\/#\/schema\/logo\/image\/"},"sameAs":["https:\/\/www.facebook.com\/compuviper","https:\/\/www.youtube.com\/channel\/UCf73dERp9Y3cfOq7q8BhLjA?view_as=subscriber"]}]},"product_brand":"TENDA","product_price_amount":"1297","product_price_currency":"MXN","og_availability":"out of stock","product_availability":"out of stock","product_retailer_item_id":"MW6 (2-PACK)","product_condition":"new"},"_links":{"self":[{"href":"https:\/\/compuviper.mx\/tienda\/wp-json\/wp\/v2\/product\/220814"}],"collection":[{"href":"https:\/\/compuviper.mx\/tienda\/wp-json\/wp\/v2\/product"}],"about":[{"href":"https:\/\/compuviper.mx\/tienda\/wp-json\/wp\/v2\/types\/product"}],"replies":[{"embeddable":true,"href":"https:\/\/compuviper.mx\/tienda\/wp-json\/wp\/v2\/comments?post=220814"}],"wp:featuredmedia":[{"embeddable":true,"href":"https:\/\/compuviper.mx\/tienda\/wp-json\/wp\/v2\/media\/220815"}],"wp:attachment":[{"href":"https:\/\/compuviper.mx\/tienda\/wp-json\/wp\/v2\/media?parent=220814"}],"wp:term":[{"taxonomy":"product_cat","embeddable":true,"href":"https:\/\/compuviper.mx\/tienda\/wp-json\/wp\/v2\/product_cat?post=220814"},{"taxonomy":"product_tag","embeddable":true,"href":"https:\/\/compuviper.mx\/tienda\/wp-json\/wp\/v2\/product_tag?post=220814"}],"curies":[{"name":"wp","href":"https:\/\/api.w.org\/{rel}","templated":true}]}}