{"id":220808,"date":"2026-04-02T23:15:18","date_gmt":"2026-04-03T05:15:18","guid":{"rendered":"https:\/\/compuviper.mx\/tienda\/producto\/tp-link-archer-c20w-router-tp-link-wisp-ac750-dual-band-2-4ghz-a-300mbps-y-5ghz-a-433mbps-4-puertos-lan-10-100-1-puerto-wan-10-100-y-3-antenas-fijas-omnidireccionales\/"},"modified":"2026-04-02T23:15:18","modified_gmt":"2026-04-03T05:15:18","slug":"tp-link-archer-c20w-router-tp-link-wisp-ac750-dual-band-2-4ghz-a-300mbps-y-5ghz-a-433mbps-4-puertos-lan-10-100-1-puerto-wan-10-100-y-3-antenas-fijas-omnidireccionales","status":"publish","type":"product","link":"https:\/\/compuviper.mx\/tienda\/producto\/tp-link-archer-c20w-router-tp-link-wisp-ac750-dual-band-2-4ghz-a-300mbps-y-5ghz-a-433mbps-4-puertos-lan-10-100-1-puerto-wan-10-100-y-3-antenas-fijas-omnidireccionales\/","title":{"rendered":"Tp Link Archer C20w Router | Tp-link |  | Wisp | Ac750 | Dual Band 2.4ghz A 300mbps Y 5ghz A 433mbps | 4 Puertos Lan 10\/100 1 Puerto Wan 10\/100 Y 3 Antenas Fijas Omnidireccionales"},"content":{"rendered":"<table class=\"descripcion\">\n<tr>\n<td>Caracter\u00edsticas generales<\/td>\n<\/tr>\n<tr>\n<td>4 puertos lan 10\/100mbps<\/td>\n<\/tr>\n<tr>\n<td>1 puerto wan 10\/100mbps<\/td>\n<\/tr>\n<tr>\n<td>2 \u00d7 2.4ghz antennas<\/td>\n<\/tr>\n<tr>\n<td>1 \u00d7 5ghz antenna<\/td>\n<\/tr>\n<tr>\n<td>Wireless standards ieee 802.11n\/g\/b 2.4ghz y ieee 802.11\/n\/a 5ghz<\/td>\n<\/tr>\n<tr>\n<td>2.4ghz: hasta 300mbps<\/td>\n<\/tr>\n<tr>\n<td>5ghz: hasta 433mbps<\/td>\n<\/tr>\n<tr>\n<td>Encriptaci\u00f3n 64\/128-bit wep, wpa \/ wpa2, wpa-psk\/ wpa2-pskel<\/td>\n<\/tr>\n<tr>\n<td>Wmm, control de ancho de banda<\/td>\n<\/tr>\n<tr>\n<td>Servidor virtual, port triggering, upnp, dmz<\/td>\n<\/tr>\n<tr>\n<td>Control parental , control de administraci\u00f3n local , lista de host, acceso a calendario, administraci\u00f3n de regla<\/td>\n<\/tr>\n<tr>\n<td>Dos, spi firewall, ip address filter\/mac address filter\/domain filter ip and mac address binding<\/td>\n<\/tr>\n<tr>\n<td>Caracteristicas fisicas y electricas<\/td>\n<\/tr>\n<tr>\n<td>Fuente de alimentaci\u00f3n externa 12vdc \/1a<\/td>\n<\/tr>\n<tr>\n<td>Dimensiones (w x d x h) 9.1 x 5.7 x 1.4 pulgadas. (230 x 144 x 35mm)<\/td>\n<\/tr>\n<tr>\n<td>Temperatura de operaci\u00f3n: 0 and #8451;~40  and #8451; (32  and #8457;~104 and #8457;)<\/td>\n<\/tr>\n<tr>\n<td>Temperatura de almacenamiento: -40 and #8451;~70  and #8451; (-40  and #8457;~158 and #8457;)<\/td>\n<\/tr>\n<tr>\n<td>Humedad de operaci\u00f3n: 10%~90% sin condensaci\u00f3n<\/td>\n<\/tr>\n<tr>\n<td>Humedad de almacenamiento: 5%~90% sin condensaci\u00f3n<\/td>\n<\/tr>\n<tr>\n<td>Incluye<\/td>\n<\/tr>\n<tr>\n<td>Router inal\u00e1mbrico banda dual ac750 archer c20<\/td>\n<\/tr>\n<tr>\n<td>2 antenas fijas<\/td>\n<\/tr>\n<tr>\n<td>Fuente de alimentaci\u00f3n<\/td>\n<\/tr>\n<tr>\n<td>Cd de instalaci\u00f3n<\/td>\n<\/tr>\n<tr>\n<td>Cable ethernet<\/td>\n<\/tr>\n<tr>\n<td>Gu\u00eda de instalaci\u00f3n r\u00e1pida<\/td>\n<\/tr>\n<\/table>\n","protected":false},"excerpt":{"rendered":"<p>Router inal\u00e1mbrico banda dual ac750. Archer c20w. * soporta est\u00e1ndar 802.11ac &#8211; pr\u00f3xima generaci\u00f3n de wi-fi. C* onexiones simult\u00e1neas de 2.4 ghz a 300 mbps y 5 ghz 433mbps para 733mbps de banda ancha total disponible. * 3 antenas externas proporcionan una se\u00f1al onmidireccional estable y una cobertura inal\u00e1mbrica superior. El archer c20w de tp-link contiene todas las caracteristicas del modelo archer c20 mas funciones ideales para wireless internet service provider (wisp), la principal funcion es la posibilidad de realizar una configuracion totalmente personalizable y convertirla en la configuracion de f\u00e1brica (por defecto) del dispositivo, con esto cuando el usuario intente regresar a valores de f\u00e1brica, dicho dispositivo tendra la configuracion personalizable que se cargo en un principio, eliminando fallas en el servicio por esta causa. Viene con est\u00e1ndar wi-fi de la pr\u00f3xima generaci\u00f3n \u0096 802.11ac, compatible con versiones anteriores de 802.11n and 3 veces m\u00e1s r\u00e1pido que las velocidades inal\u00e1mbricas n. Con mayor eficiencia energ\u00e9tica y una seguridad robusta, 802.11ac es la manera perfecta para acelerar una red multimedia en casa y solucionar la congesti\u00f3n que varios dispositivos pueden causar. Con velocidades inal\u00e1mbricas de 433mbps a trav\u00e9s de la banda n\u00edtida de 5ghz y a trav\u00e9s de la banda de 2.4ghz, el archer c20w le ofrece la flexibilidad de dos redes dedicadas y asegura un sorprendente desempe\u00f1o inal\u00e1mbrico. Las tareas simples como el env\u00edo de correos electr\u00f3nicos o la navegaci\u00f3n por internet pueden ser manejadas por la banda de 2.4ghz mientras que las tareas que requieren banda ancha intensa como los juegos en l\u00ednea o streaming de video en hd pueden ser procesadas por la banda de 5ghz &#8211; todas al mismo tiempo. Con 3 antenas externas fijas en combinaci\u00f3n con la tecnolog\u00eda de antenas de mayor calidad, usted puede experimentar un excelente desempe\u00f1o inal\u00e1mbrico con una se\u00f1al estable en cada direcci\u00f3n y una alta velocidad a trav\u00e9s de grandes distancias. Esto le proporciona una incre\u00edble fiabilidad y cobertura inal\u00e1mbrica desde cualquier lugar de su casa u oficina.<\/p>\n","protected":false},"featured_media":220809,"comment_status":"open","ping_status":"open","template":"","meta":[],"product_cat":[1563,1753],"product_tag":[1562],"acf":[],"yoast_head":"<!-- This site is optimized with the Yoast SEO plugin v21.7 - https:\/\/yoast.com\/wordpress\/plugins\/seo\/ -->\n<title>[ Tp Link ] &#129351; Archer C20w Router | Tp-link | | Wisp | Ac750 | Dual Band 2.4ghz A 300mbps Y 5ghz A 433mbps | 4 Puertos Lan 10\/100 1 Puerto Wan 10\/100 Y 3 Antenas Fijas Omnidireccionales<\/title>\n<meta name=\"description\" content=\"Compra Archer C20w Router | Tp-link | | Wisp | Ac750 | Dual Band 2.4ghz A 300mbps Y 5ghz A 433mbps | 4 Puertos Lan 10\/100 1 Puerto Wan 10\/100 Y 3 Antenas Fijas Omnidireccionales + Env\u00edo a domicilio + Pago seguro + Garant\u00eda\" \/>\n<meta name=\"robots\" content=\"index, follow, max-snippet:-1, max-image-preview:large, max-video-preview:-1\" \/>\n<link rel=\"canonical\" href=\"https:\/\/compuviper.mx\/tienda\/producto\/tp-link-archer-c20w-router-tp-link-wisp-ac750-dual-band-2-4ghz-a-300mbps-y-5ghz-a-433mbps-4-puertos-lan-10-100-1-puerto-wan-10-100-y-3-antenas-fijas-omnidireccionales\/\" \/>\n<meta property=\"og:locale\" content=\"es_MX\" \/>\n<meta property=\"og:type\" content=\"article\" \/>\n<meta property=\"og:title\" content=\"[ Tp Link ] &#129351; Archer C20w Router | Tp-link | | Wisp | Ac750 | Dual Band 2.4ghz A 300mbps Y 5ghz A 433mbps | 4 Puertos Lan 10\/100 1 Puerto Wan 10\/100 Y 3 Antenas Fijas Omnidireccionales\" \/>\n<meta property=\"og:description\" content=\"Compra Archer C20w Router | Tp-link | | Wisp | Ac750 | Dual Band 2.4ghz A 300mbps Y 5ghz A 433mbps | 4 Puertos Lan 10\/100 1 Puerto Wan 10\/100 Y 3 Antenas Fijas Omnidireccionales + Env\u00edo a domicilio + Pago seguro + Garant\u00eda\" \/>\n<meta property=\"og:url\" content=\"https:\/\/compuviper.mx\/tienda\/producto\/tp-link-archer-c20w-router-tp-link-wisp-ac750-dual-band-2-4ghz-a-300mbps-y-5ghz-a-433mbps-4-puertos-lan-10-100-1-puerto-wan-10-100-y-3-antenas-fijas-omnidireccionales\/\" \/>\n<meta property=\"og:site_name\" content=\"Compuviper\" \/>\n<meta property=\"article:publisher\" content=\"https:\/\/www.facebook.com\/compuviper\" \/>\n<meta property=\"og:image\" content=\"https:\/\/compuviper.mx\/tienda\/wp-content\/uploads\/2023\/12\/Router-tp-link-archer-c20w-wisp-ac750-dual-band-2.4ghz-a-300mbps-y-5ghz-a-433mbps-4-puertos-lan-10100-1-puerto-wan-10100-y-3-antenas-fijas-omnidireccionales.jpg\" \/>\n\t<meta property=\"og:image:width\" content=\"200\" \/>\n\t<meta property=\"og:image:height\" content=\"200\" \/>\n\t<meta property=\"og:image:type\" content=\"image\/jpeg\" \/>\n<meta name=\"twitter:card\" content=\"summary_large_image\" \/>\n<meta name=\"twitter:label1\" content=\"Precio\" \/>\n\t<meta name=\"twitter:data1\" content=\"&#36;413 con IVA\" \/>\n\t<meta name=\"twitter:label2\" content=\"Availability\" \/>\n\t<meta name=\"twitter:data2\" content=\"In stock\" \/>\n<script type=\"application\/ld+json\" class=\"yoast-schema-graph\">{\"@context\":\"https:\/\/schema.org\",\"@graph\":[{\"@type\":\"WebPage\",\"@id\":\"https:\/\/compuviper.mx\/tienda\/producto\/tp-link-archer-c20w-router-tp-link-wisp-ac750-dual-band-2-4ghz-a-300mbps-y-5ghz-a-433mbps-4-puertos-lan-10-100-1-puerto-wan-10-100-y-3-antenas-fijas-omnidireccionales\/\",\"url\":\"https:\/\/compuviper.mx\/tienda\/producto\/tp-link-archer-c20w-router-tp-link-wisp-ac750-dual-band-2-4ghz-a-300mbps-y-5ghz-a-433mbps-4-puertos-lan-10-100-1-puerto-wan-10-100-y-3-antenas-fijas-omnidireccionales\/\",\"name\":\"[ Tp Link ] &#129351; Archer C20w Router | Tp-link | | Wisp | Ac750 | Dual Band 2.4ghz A 300mbps Y 5ghz A 433mbps | 4 Puertos Lan 10\/100 1 Puerto Wan 10\/100 Y 3 Antenas Fijas Omnidireccionales\",\"isPartOf\":{\"@id\":\"https:\/\/compuviper.mx\/tienda\/#website\"},\"datePublished\":\"2026-04-03T05:15:18+00:00\",\"dateModified\":\"2026-04-03T05:15:18+00:00\",\"description\":\"Compra Archer C20w Router | Tp-link | | Wisp | Ac750 | Dual Band 2.4ghz A 300mbps Y 5ghz A 433mbps | 4 Puertos Lan 10\/100 1 Puerto Wan 10\/100 Y 3 Antenas Fijas Omnidireccionales + Env\u00edo a domicilio + Pago seguro + Garant\u00eda\",\"breadcrumb\":{\"@id\":\"https:\/\/compuviper.mx\/tienda\/producto\/tp-link-archer-c20w-router-tp-link-wisp-ac750-dual-band-2-4ghz-a-300mbps-y-5ghz-a-433mbps-4-puertos-lan-10-100-1-puerto-wan-10-100-y-3-antenas-fijas-omnidireccionales\/#breadcrumb\"},\"inLanguage\":\"es-MX\",\"potentialAction\":[{\"@type\":\"ReadAction\",\"target\":[\"https:\/\/compuviper.mx\/tienda\/producto\/tp-link-archer-c20w-router-tp-link-wisp-ac750-dual-band-2-4ghz-a-300mbps-y-5ghz-a-433mbps-4-puertos-lan-10-100-1-puerto-wan-10-100-y-3-antenas-fijas-omnidireccionales\/\"]}]},{\"@type\":\"BreadcrumbList\",\"@id\":\"https:\/\/compuviper.mx\/tienda\/producto\/tp-link-archer-c20w-router-tp-link-wisp-ac750-dual-band-2-4ghz-a-300mbps-y-5ghz-a-433mbps-4-puertos-lan-10-100-1-puerto-wan-10-100-y-3-antenas-fijas-omnidireccionales\/#breadcrumb\",\"itemListElement\":[{\"@type\":\"ListItem\",\"position\":1,\"name\":\"Inicio\",\"item\":\"https:\/\/compuviper.mx\/tienda\/\"},{\"@type\":\"ListItem\",\"position\":2,\"name\":\"Productos\",\"item\":\"https:\/\/compuviper.mx\/tienda\/productos\/\"},{\"@type\":\"ListItem\",\"position\":3,\"name\":\"Redes\",\"item\":\"https:\/\/compuviper.mx\/tienda\/categoria-producto\/redes\/\"},{\"@type\":\"ListItem\",\"position\":4,\"name\":\"Router\",\"item\":\"https:\/\/compuviper.mx\/tienda\/categoria-producto\/redes\/router\/\"},{\"@type\":\"ListItem\",\"position\":5,\"name\":\"Tp Link Archer C20w Router | Tp-link | | Wisp | Ac750 | Dual Band 2.4ghz A 300mbps Y 5ghz A 433mbps | 4 Puertos Lan 10\/100 1 Puerto Wan 10\/100 Y 3 Antenas Fijas Omnidireccionales\"}]},{\"@type\":\"WebSite\",\"@id\":\"https:\/\/compuviper.mx\/tienda\/#website\",\"url\":\"https:\/\/compuviper.mx\/tienda\/\",\"name\":\"Compuviper\",\"description\":\"Proveedor de Computadoras, Laptops, Servidores, Monitores, Puntos de Venta, Teclados,   Impresoras, T\u00f3ner, C\u00e1maras de Seguridad y m\u00e1s en tu tienda en l\u00ednea\",\"publisher\":{\"@id\":\"https:\/\/compuviper.mx\/tienda\/#organization\"},\"potentialAction\":[{\"@type\":\"SearchAction\",\"target\":{\"@type\":\"EntryPoint\",\"urlTemplate\":\"https:\/\/compuviper.mx\/tienda\/?s={search_term_string}\"},\"query-input\":\"required name=search_term_string\"}],\"inLanguage\":\"es-MX\"},{\"@type\":\"Organization\",\"@id\":\"https:\/\/compuviper.mx\/tienda\/#organization\",\"name\":\"Compuviper\",\"url\":\"https:\/\/compuviper.mx\/tienda\/\",\"logo\":{\"@type\":\"ImageObject\",\"inLanguage\":\"es-MX\",\"@id\":\"https:\/\/compuviper.mx\/tienda\/#\/schema\/logo\/image\/\",\"url\":\"https:\/\/compuviper.mx\/tienda\/wp-content\/uploads\/2021\/08\/Logo-Compuviper-10.png\",\"contentUrl\":\"https:\/\/compuviper.mx\/tienda\/wp-content\/uploads\/2021\/08\/Logo-Compuviper-10.png\",\"width\":1000,\"height\":500,\"caption\":\"Compuviper\"},\"image\":{\"@id\":\"https:\/\/compuviper.mx\/tienda\/#\/schema\/logo\/image\/\"},\"sameAs\":[\"https:\/\/www.facebook.com\/compuviper\",\"https:\/\/www.youtube.com\/channel\/UCf73dERp9Y3cfOq7q8BhLjA?view_as=subscriber\"]}]}<\/script>\n<meta property=\"product:brand\" content=\"TP LINK\" \/>\n<meta property=\"product:price:amount\" content=\"413\" \/>\n<meta property=\"product:price:currency\" content=\"MXN\" \/>\n<meta property=\"og:availability\" content=\"instock\" \/>\n<meta property=\"product:availability\" content=\"instock\" \/>\n<meta property=\"product:retailer_item_id\" content=\"ARCHER C20W\" \/>\n<meta property=\"product:condition\" content=\"new\" \/>\n<!-- \/ Yoast SEO plugin. -->","yoast_head_json":{"title":"[ Tp Link ] &#129351; Archer C20w Router | Tp-link | | Wisp | Ac750 | Dual Band 2.4ghz A 300mbps Y 5ghz A 433mbps | 4 Puertos Lan 10\/100 1 Puerto Wan 10\/100 Y 3 Antenas Fijas Omnidireccionales","description":"Compra Archer C20w Router | Tp-link | | Wisp | Ac750 | Dual Band 2.4ghz A 300mbps Y 5ghz A 433mbps | 4 Puertos Lan 10\/100 1 Puerto Wan 10\/100 Y 3 Antenas Fijas Omnidireccionales + Env\u00edo a domicilio + Pago seguro + Garant\u00eda","robots":{"index":"index","follow":"follow","max-snippet":"max-snippet:-1","max-image-preview":"max-image-preview:large","max-video-preview":"max-video-preview:-1"},"canonical":"https:\/\/compuviper.mx\/tienda\/producto\/tp-link-archer-c20w-router-tp-link-wisp-ac750-dual-band-2-4ghz-a-300mbps-y-5ghz-a-433mbps-4-puertos-lan-10-100-1-puerto-wan-10-100-y-3-antenas-fijas-omnidireccionales\/","og_locale":"es_MX","og_type":"article","og_title":"[ Tp Link ] &#129351; Archer C20w Router | Tp-link | | Wisp | Ac750 | Dual Band 2.4ghz A 300mbps Y 5ghz A 433mbps | 4 Puertos Lan 10\/100 1 Puerto Wan 10\/100 Y 3 Antenas Fijas Omnidireccionales","og_description":"Compra Archer C20w Router | Tp-link | | Wisp | Ac750 | Dual Band 2.4ghz A 300mbps Y 5ghz A 433mbps | 4 Puertos Lan 10\/100 1 Puerto Wan 10\/100 Y 3 Antenas Fijas Omnidireccionales + Env\u00edo a domicilio + Pago seguro + Garant\u00eda","og_url":"https:\/\/compuviper.mx\/tienda\/producto\/tp-link-archer-c20w-router-tp-link-wisp-ac750-dual-band-2-4ghz-a-300mbps-y-5ghz-a-433mbps-4-puertos-lan-10-100-1-puerto-wan-10-100-y-3-antenas-fijas-omnidireccionales\/","og_site_name":"Compuviper","article_publisher":"https:\/\/www.facebook.com\/compuviper","og_image":[{"width":200,"height":200,"url":"https:\/\/compuviper.mx\/tienda\/wp-content\/uploads\/2023\/12\/Router-tp-link-archer-c20w-wisp-ac750-dual-band-2.4ghz-a-300mbps-y-5ghz-a-433mbps-4-puertos-lan-10100-1-puerto-wan-10100-y-3-antenas-fijas-omnidireccionales.jpg","type":"image\/jpeg"}],"twitter_card":"summary_large_image","twitter_misc":{"Precio":"&#36;413 con IVA","Availability":"In stock"},"schema":{"@context":"https:\/\/schema.org","@graph":[{"@type":"WebPage","@id":"https:\/\/compuviper.mx\/tienda\/producto\/tp-link-archer-c20w-router-tp-link-wisp-ac750-dual-band-2-4ghz-a-300mbps-y-5ghz-a-433mbps-4-puertos-lan-10-100-1-puerto-wan-10-100-y-3-antenas-fijas-omnidireccionales\/","url":"https:\/\/compuviper.mx\/tienda\/producto\/tp-link-archer-c20w-router-tp-link-wisp-ac750-dual-band-2-4ghz-a-300mbps-y-5ghz-a-433mbps-4-puertos-lan-10-100-1-puerto-wan-10-100-y-3-antenas-fijas-omnidireccionales\/","name":"[ Tp Link ] &#129351; Archer C20w Router | Tp-link | | Wisp | Ac750 | Dual Band 2.4ghz A 300mbps Y 5ghz A 433mbps | 4 Puertos Lan 10\/100 1 Puerto Wan 10\/100 Y 3 Antenas Fijas Omnidireccionales","isPartOf":{"@id":"https:\/\/compuviper.mx\/tienda\/#website"},"datePublished":"2026-04-03T05:15:18+00:00","dateModified":"2026-04-03T05:15:18+00:00","description":"Compra Archer C20w Router | Tp-link | | Wisp | Ac750 | Dual Band 2.4ghz A 300mbps Y 5ghz A 433mbps | 4 Puertos Lan 10\/100 1 Puerto Wan 10\/100 Y 3 Antenas Fijas Omnidireccionales + Env\u00edo a domicilio + Pago seguro + Garant\u00eda","breadcrumb":{"@id":"https:\/\/compuviper.mx\/tienda\/producto\/tp-link-archer-c20w-router-tp-link-wisp-ac750-dual-band-2-4ghz-a-300mbps-y-5ghz-a-433mbps-4-puertos-lan-10-100-1-puerto-wan-10-100-y-3-antenas-fijas-omnidireccionales\/#breadcrumb"},"inLanguage":"es-MX","potentialAction":[{"@type":"ReadAction","target":["https:\/\/compuviper.mx\/tienda\/producto\/tp-link-archer-c20w-router-tp-link-wisp-ac750-dual-band-2-4ghz-a-300mbps-y-5ghz-a-433mbps-4-puertos-lan-10-100-1-puerto-wan-10-100-y-3-antenas-fijas-omnidireccionales\/"]}]},{"@type":"BreadcrumbList","@id":"https:\/\/compuviper.mx\/tienda\/producto\/tp-link-archer-c20w-router-tp-link-wisp-ac750-dual-band-2-4ghz-a-300mbps-y-5ghz-a-433mbps-4-puertos-lan-10-100-1-puerto-wan-10-100-y-3-antenas-fijas-omnidireccionales\/#breadcrumb","itemListElement":[{"@type":"ListItem","position":1,"name":"Inicio","item":"https:\/\/compuviper.mx\/tienda\/"},{"@type":"ListItem","position":2,"name":"Productos","item":"https:\/\/compuviper.mx\/tienda\/productos\/"},{"@type":"ListItem","position":3,"name":"Redes","item":"https:\/\/compuviper.mx\/tienda\/categoria-producto\/redes\/"},{"@type":"ListItem","position":4,"name":"Router","item":"https:\/\/compuviper.mx\/tienda\/categoria-producto\/redes\/router\/"},{"@type":"ListItem","position":5,"name":"Tp Link Archer C20w Router | Tp-link | | Wisp | Ac750 | Dual Band 2.4ghz A 300mbps Y 5ghz A 433mbps | 4 Puertos Lan 10\/100 1 Puerto Wan 10\/100 Y 3 Antenas Fijas Omnidireccionales"}]},{"@type":"WebSite","@id":"https:\/\/compuviper.mx\/tienda\/#website","url":"https:\/\/compuviper.mx\/tienda\/","name":"Compuviper","description":"Proveedor de Computadoras, Laptops, Servidores, Monitores, Puntos de Venta, Teclados,   Impresoras, T\u00f3ner, C\u00e1maras de Seguridad y m\u00e1s en tu tienda en l\u00ednea","publisher":{"@id":"https:\/\/compuviper.mx\/tienda\/#organization"},"potentialAction":[{"@type":"SearchAction","target":{"@type":"EntryPoint","urlTemplate":"https:\/\/compuviper.mx\/tienda\/?s={search_term_string}"},"query-input":"required name=search_term_string"}],"inLanguage":"es-MX"},{"@type":"Organization","@id":"https:\/\/compuviper.mx\/tienda\/#organization","name":"Compuviper","url":"https:\/\/compuviper.mx\/tienda\/","logo":{"@type":"ImageObject","inLanguage":"es-MX","@id":"https:\/\/compuviper.mx\/tienda\/#\/schema\/logo\/image\/","url":"https:\/\/compuviper.mx\/tienda\/wp-content\/uploads\/2021\/08\/Logo-Compuviper-10.png","contentUrl":"https:\/\/compuviper.mx\/tienda\/wp-content\/uploads\/2021\/08\/Logo-Compuviper-10.png","width":1000,"height":500,"caption":"Compuviper"},"image":{"@id":"https:\/\/compuviper.mx\/tienda\/#\/schema\/logo\/image\/"},"sameAs":["https:\/\/www.facebook.com\/compuviper","https:\/\/www.youtube.com\/channel\/UCf73dERp9Y3cfOq7q8BhLjA?view_as=subscriber"]}]},"product_brand":"TP LINK","product_price_amount":"413","product_price_currency":"MXN","og_availability":"instock","product_availability":"instock","product_retailer_item_id":"ARCHER C20W","product_condition":"new"},"_links":{"self":[{"href":"https:\/\/compuviper.mx\/tienda\/wp-json\/wp\/v2\/product\/220808"}],"collection":[{"href":"https:\/\/compuviper.mx\/tienda\/wp-json\/wp\/v2\/product"}],"about":[{"href":"https:\/\/compuviper.mx\/tienda\/wp-json\/wp\/v2\/types\/product"}],"replies":[{"embeddable":true,"href":"https:\/\/compuviper.mx\/tienda\/wp-json\/wp\/v2\/comments?post=220808"}],"wp:featuredmedia":[{"embeddable":true,"href":"https:\/\/compuviper.mx\/tienda\/wp-json\/wp\/v2\/media\/220809"}],"wp:attachment":[{"href":"https:\/\/compuviper.mx\/tienda\/wp-json\/wp\/v2\/media?parent=220808"}],"wp:term":[{"taxonomy":"product_cat","embeddable":true,"href":"https:\/\/compuviper.mx\/tienda\/wp-json\/wp\/v2\/product_cat?post=220808"},{"taxonomy":"product_tag","embeddable":true,"href":"https:\/\/compuviper.mx\/tienda\/wp-json\/wp\/v2\/product_tag?post=220808"}],"curies":[{"name":"wp","href":"https:\/\/api.w.org\/{rel}","templated":true}]}}