{"id":220806,"date":"2026-04-18T01:07:20","date_gmt":"2026-04-18T07:07:20","guid":{"rendered":"https:\/\/compuviper.mx\/tienda\/producto\/tp-link-tl-sg1008mp-switch-tp-link-8-puertos-rj45-gigabit-10-100-1000-no-administrable-para-escritorio-o-rack-13-pulgadas\/"},"modified":"2026-04-18T01:07:21","modified_gmt":"2026-04-18T07:07:21","slug":"tp-link-tl-sg1008mp-switch-tp-link-8-puertos-rj45-gigabit-10-100-1000-no-administrable-para-escritorio-o-rack-13-pulgadas","status":"publish","type":"product","link":"https:\/\/compuviper.mx\/tienda\/producto\/tp-link-tl-sg1008mp-switch-tp-link-8-puertos-rj45-gigabit-10-100-1000-no-administrable-para-escritorio-o-rack-13-pulgadas\/","title":{"rendered":"Tp Link Tl-sg1008mp Switch | Tp-link |  | 8 Puertos Rj45 Gigabit 10\/100\/1000 | No Administrable | Para Escritorio O Rack 13 Pulgadas"},"content":{"rendered":"<table class=\"descripcion\">\n<tr>\n<td>Caracter\u00edsticas de hardware<\/td>\n<\/tr>\n<tr>\n<td>Interfaz: 8 puertos rj45 de 10\/100\/1000mbps  \/  auto negociaci\u00f3n \/ auto mdi \/ mdix<\/td>\n<\/tr>\n<tr>\n<td>Medios de red: 10base-t: utp categor\u00eda 3, 4, 5 cable (m\u00e1ximo 100m)  \/  eia \/ tia-568 100\u00bf stp (m\u00e1ximo 100m)  \/  100base-tx: utp categor\u00eda 5, 5e cable (m\u00e1ximo 100m)  \/  eia \/ tia-568 100\u00bf stp (m\u00e1ximo 100m)  \/  1000base-t: cable utp categor\u00eda 5, 5e, 6 o superior (m\u00e1ximo 100m)  \/  eia \/ tia-568 100\u00bf stp (m\u00e1ximo 100m)<\/td>\n<\/tr>\n<tr>\n<td>Cantidad de ventiladores: 1<\/td>\n<\/tr>\n<tr>\n<td>Cerradura de seguridad f\u00edsica: no<\/td>\n<\/tr>\n<tr>\n<td>Fuente de alimentaci\u00f3n: 100-240vac, 50 \/ 60hz<\/td>\n<\/tr>\n<tr>\n<td>Puertos poe+ (rj45): est\u00e1ndar: 802.3at \/ compatible con af  \/  poe + puertos: 8 puertos<\/td>\n<\/tr>\n<tr>\n<td>Fuente de alimentaci\u00f3n: 126w<\/td>\n<\/tr>\n<tr>\n<td>Sitio de banda ancha: 16gbps<\/td>\n<\/tr>\n<tr>\n<td>Tabla de direcci\u00f3n mac: 4k<\/td>\n<\/tr>\n<tr>\n<td>Tama\u00f1o de b\u00fafer: 1.5 mbits<\/td>\n<\/tr>\n<tr>\n<td>Dimensiones (w x d x h): 11.6 * 7.1 * 1.7 pulg. (294 * 180 * 44 mm)<\/td>\n<\/tr>\n<tr>\n<td>Montaje: montable en rack<\/td>\n<\/tr>\n<tr>\n<td>Consumo m\u00e1ximo de energ\u00eda: 9.89w (220v \/ 50hz. no pd conectado)<\/td>\n<\/tr>\n<tr>\n<td>140.67w (110v \/ 60hz. con 126w pd conectado)<\/td>\n<\/tr>\n<tr>\n<td>Disipaci\u00f3n m\u00e1xima de calor: 33.74btu \/ h (sin pd conectado)  \/  492.56btu \/ h (con 126w pd conectado)<\/td>\n<\/tr>\n<tr>\n<td>Caracter\u00edsticas de software<\/td>\n<\/tr>\n<tr>\n<td>Caracter\u00edsticas avanzadas: compatible con ieee 802.3af \/ at pd compatibles  \/  funci\u00f3n de prioridad  \/  direcci\u00f3n de mac autoaprendizaje y envejecimiento autom\u00e1tico  \/  control de flujo ieee802.3x para modo d\u00faplex completo y contrapresi\u00f3n para modo semid\u00faplex<\/td>\n<\/tr>\n<tr>\n<td>M\u00e9todo de transferencia: almacenamiento y reenvio<\/td>\n<\/tr>\n<tr>\n<td>Otros<\/td>\n<\/tr>\n<tr>\n<td>Certificaci\u00f3n: fcc, ce, rohs<\/td>\n<\/tr>\n<tr>\n<td>Contenidos del paquete: tl-sg1008mp, cable de alimentaci\u00f3n, gu\u00eda de instalaci\u00f3n, kit de montaje en rack, patas de goma<\/td>\n<\/tr>\n<tr>\n<td>Ambiente: temperatura de funcionamiento: 0 \u00bf ~ 40 (32 \u00bf ~ 104 \u00bf)  \/  temperatura de almacenamiento: -40 \u00bf ~ 70 \u00bf (-40 \u00bf ~ 158 \u00bf)  \/  humedad de funcionamiento: 10% ~ 90% sin condensaci\u00f3n  \/  humedad de almacenamiento: 5% ~ 90 % sin condensaci\u00f3n<\/td>\n<\/tr>\n<\/table>\n","protected":false},"excerpt":{"rendered":"<p>Switch gigabit de escritorio \/ montaje en rack de 8 puertos con poe . Tl-sg1008mp de 8 puertos. * 8 puertos 10\/100 \/ 1000mbps rj45. * equipado con 8 puertos compatibles con poe + para transferir datos y alimentaci\u00f3n a trav\u00e9s de un solo cable. * funciona con ieee 802.3af \/ en dispositivos compatibles, expandiendo las redes dom\u00e9sticas y de oficina. * la innovadora tecnolog\u00eda de eficiencia energ\u00e9tica reduce el consumo de energ\u00eda hasta en un 75% . * admite el est\u00e1ndar poe + con un presupuesto total de potencia de 126 w y hasta 30 w por puerto. * dise\u00f1o plug and play, no requiere configuraci\u00f3n.   * los datos reales pueden variar en diferentes entornos de uso. El tl-sg1008mp es un conmutador gigabit de escritorio \/ montaje en rack de 8 puertos con los 8 puertos compatibles con el est\u00e1ndar poe +. Proporciona una forma sencilla de expandir una red cableada mediante la transferencia de energ\u00eda y datos a trav\u00e9s de un solo cable ethernet. Con un presupuesto total de energ\u00eda de 126w, hasta 30w por puerto, tl-sg1008mp puede alimentar m\u00e1s dispositivos de alta potencia como puntos de acceso inal\u00e1mbricos, c\u00e1maras ip o tel\u00e9fonos ip. Adem\u00e1s, con una tecnolog\u00eda innovadora de eficiencia energ\u00e9tica, el tl-sg1008mp puede ahorrar hasta un 75% del consumo de energ\u00eda, lo que lo convierte en una soluci\u00f3n ecol\u00f3gica para la red de su empresa. C\u00f3mo funciona este producto. Todos los 8 puertos de tl-sg1008mp son compatibles con el est\u00e1ndar power over ethernet plus (poe +) que puede detectar y suministrar energ\u00eda autom\u00e1ticamente a cualquier dispositivo ieee 802.3af \/ en dispositivos compatibles. En esta situaci\u00f3n, la energ\u00eda el\u00e9ctrica se transmite junto con los datos en un solo cable, lo que le permite expandir su red donde no hay cables el\u00e9ctricos o tomas de corriente, donde desea reparar dispositivos como ap, c\u00e1maras ip o tel\u00e9fonos ip. Arreglo de sobrecarga. Tl-sg1008mp tiene una funci\u00f3n de prioridad que ayuda a proteger el sistema cuando se sobrecarga su energ\u00eda. Si el consumo de energ\u00eda de todos los dispositivos poe + es mayor o igual a 126w, se establecer\u00e1 una prioridad entre los 8 puertos poe +, en cuyo punto el sistema cortar\u00e1 la alimentaci\u00f3n del puerto de prioridad m\u00e1s baja. Funci\u00f3n de prioridad de puerto. * prioridad (puerto 1  puerto 2  puerto 3  puerto 4  puerto 5  puerto 6  puerto 7  puerto 8): esta funci\u00f3n ayuda a proteger el sistema si la energ\u00eda se sobrecarga. Por ejemplo, si los puertos 1, 2, 4 y 7 usan 30w (la potencia m\u00e1xima por puerto es de 30w, la potencia del sistema es de 126w en total), y hay un dispositivo adicional insertado en el puerto 3 a 25w, el sistema se cortar\u00e1 la potencia del puerto 7 en respuesta a la potencia que excede el l\u00edmite de 126 vatios. Esto significa que los puertos 1, 2 y 4 usar\u00e1n 30 vatios, y el puerto 3 usar\u00e1 25 vatios, sin alimentaci\u00f3n se suministrar\u00e1 al puerto 7, ya que tiene el valor m\u00e1s bajo designado prioridad entre los puertos en uso. F\u00e1cil de usar. Tl-sg1008mp es f\u00e1cil de instalar y usar. No requiere configuraci\u00f3n o instalaci\u00f3n. Con su dise\u00f1o para montaje en escritorio \/ bastidor, rendimiento y calidad sobresalientes, el conmutador gigabit para escritorio \/ montaje en rack tp-link tl-sg1008mp de 8 puertos con poe de 8 puertos es una excelente opci\u00f3n para expandir la red de su hogar u oficina.<\/p>\n","protected":false},"featured_media":220807,"comment_status":"open","ping_status":"open","template":"","meta":[],"product_cat":[1563,1564],"product_tag":[1562],"acf":[],"yoast_head":"<!-- This site is optimized with the Yoast SEO plugin v21.7 - https:\/\/yoast.com\/wordpress\/plugins\/seo\/ -->\n<title>[ Tp Link ] &#129351; Tl-sg1008mp Switch | Tp-link | | 8 Puertos Rj45 Gigabit 10\/100\/1000 | No Administrable | Para Escritorio O Rack 13 Pulgadas<\/title>\n<meta name=\"description\" content=\"Compra Tl-sg1008mp Switch | Tp-link | | 8 Puertos Rj45 Gigabit 10\/100\/1000 | No Administrable | Para Escritorio O Rack 13 Pulgadas + Env\u00edo a domicilio + Pago seguro + Garant\u00eda\" \/>\n<meta name=\"robots\" content=\"index, follow, max-snippet:-1, max-image-preview:large, max-video-preview:-1\" \/>\n<link rel=\"canonical\" href=\"https:\/\/compuviper.mx\/tienda\/producto\/tp-link-tl-sg1008mp-switch-tp-link-8-puertos-rj45-gigabit-10-100-1000-no-administrable-para-escritorio-o-rack-13-pulgadas\/\" \/>\n<meta property=\"og:locale\" content=\"es_MX\" \/>\n<meta property=\"og:type\" content=\"article\" \/>\n<meta property=\"og:title\" content=\"[ Tp Link ] &#129351; Tl-sg1008mp Switch | Tp-link | | 8 Puertos Rj45 Gigabit 10\/100\/1000 | No Administrable | Para Escritorio O Rack 13 Pulgadas\" \/>\n<meta property=\"og:description\" content=\"Compra Tl-sg1008mp Switch | Tp-link | | 8 Puertos Rj45 Gigabit 10\/100\/1000 | No Administrable | Para Escritorio O Rack 13 Pulgadas + Env\u00edo a domicilio + Pago seguro + Garant\u00eda\" \/>\n<meta property=\"og:url\" content=\"https:\/\/compuviper.mx\/tienda\/producto\/tp-link-tl-sg1008mp-switch-tp-link-8-puertos-rj45-gigabit-10-100-1000-no-administrable-para-escritorio-o-rack-13-pulgadas\/\" \/>\n<meta property=\"og:site_name\" content=\"Compuviper\" \/>\n<meta property=\"article:publisher\" content=\"https:\/\/www.facebook.com\/compuviper\" \/>\n<meta property=\"article:modified_time\" content=\"2026-04-18T07:07:21+00:00\" \/>\n<meta property=\"og:image\" content=\"https:\/\/compuviper.mx\/tienda\/wp-content\/uploads\/2023\/12\/Switch-tp-link-tl-sg1008mp-8-puertos-rj45-gigabit-101001000-no-administrable-para-escritorio-o-rack-13-pulgadas.jpg\" \/>\n\t<meta property=\"og:image:width\" content=\"200\" \/>\n\t<meta property=\"og:image:height\" content=\"200\" \/>\n\t<meta property=\"og:image:type\" content=\"image\/jpeg\" \/>\n<meta name=\"twitter:card\" content=\"summary_large_image\" \/>\n<meta name=\"twitter:label1\" content=\"Precio\" \/>\n\t<meta name=\"twitter:data1\" content=\"&#36;1,671 con IVA\" \/>\n\t<meta name=\"twitter:label2\" content=\"Availability\" \/>\n\t<meta name=\"twitter:data2\" content=\"On backorder\" \/>\n<script type=\"application\/ld+json\" class=\"yoast-schema-graph\">{\"@context\":\"https:\/\/schema.org\",\"@graph\":[{\"@type\":\"WebPage\",\"@id\":\"https:\/\/compuviper.mx\/tienda\/producto\/tp-link-tl-sg1008mp-switch-tp-link-8-puertos-rj45-gigabit-10-100-1000-no-administrable-para-escritorio-o-rack-13-pulgadas\/\",\"url\":\"https:\/\/compuviper.mx\/tienda\/producto\/tp-link-tl-sg1008mp-switch-tp-link-8-puertos-rj45-gigabit-10-100-1000-no-administrable-para-escritorio-o-rack-13-pulgadas\/\",\"name\":\"[ Tp Link ] &#129351; Tl-sg1008mp Switch | Tp-link | | 8 Puertos Rj45 Gigabit 10\/100\/1000 | No Administrable | Para Escritorio O Rack 13 Pulgadas\",\"isPartOf\":{\"@id\":\"https:\/\/compuviper.mx\/tienda\/#website\"},\"datePublished\":\"2026-04-18T07:07:20+00:00\",\"dateModified\":\"2026-04-18T07:07:21+00:00\",\"description\":\"Compra Tl-sg1008mp Switch | Tp-link | | 8 Puertos Rj45 Gigabit 10\/100\/1000 | No Administrable | Para Escritorio O Rack 13 Pulgadas + Env\u00edo a domicilio + Pago seguro + Garant\u00eda\",\"breadcrumb\":{\"@id\":\"https:\/\/compuviper.mx\/tienda\/producto\/tp-link-tl-sg1008mp-switch-tp-link-8-puertos-rj45-gigabit-10-100-1000-no-administrable-para-escritorio-o-rack-13-pulgadas\/#breadcrumb\"},\"inLanguage\":\"es-MX\",\"potentialAction\":[{\"@type\":\"ReadAction\",\"target\":[\"https:\/\/compuviper.mx\/tienda\/producto\/tp-link-tl-sg1008mp-switch-tp-link-8-puertos-rj45-gigabit-10-100-1000-no-administrable-para-escritorio-o-rack-13-pulgadas\/\"]}]},{\"@type\":\"BreadcrumbList\",\"@id\":\"https:\/\/compuviper.mx\/tienda\/producto\/tp-link-tl-sg1008mp-switch-tp-link-8-puertos-rj45-gigabit-10-100-1000-no-administrable-para-escritorio-o-rack-13-pulgadas\/#breadcrumb\",\"itemListElement\":[{\"@type\":\"ListItem\",\"position\":1,\"name\":\"Inicio\",\"item\":\"https:\/\/compuviper.mx\/tienda\/\"},{\"@type\":\"ListItem\",\"position\":2,\"name\":\"Productos\",\"item\":\"https:\/\/compuviper.mx\/tienda\/productos\/\"},{\"@type\":\"ListItem\",\"position\":3,\"name\":\"Redes\",\"item\":\"https:\/\/compuviper.mx\/tienda\/categoria-producto\/redes\/\"},{\"@type\":\"ListItem\",\"position\":4,\"name\":\"Switch\",\"item\":\"https:\/\/compuviper.mx\/tienda\/categoria-producto\/redes\/switch\/\"},{\"@type\":\"ListItem\",\"position\":5,\"name\":\"Tp Link Tl-sg1008mp Switch | Tp-link | | 8 Puertos Rj45 Gigabit 10\/100\/1000 | No Administrable | Para Escritorio O Rack 13 Pulgadas\"}]},{\"@type\":\"WebSite\",\"@id\":\"https:\/\/compuviper.mx\/tienda\/#website\",\"url\":\"https:\/\/compuviper.mx\/tienda\/\",\"name\":\"Compuviper\",\"description\":\"Proveedor de Computadoras, Laptops, Servidores, Monitores, Puntos de Venta, Teclados,   Impresoras, T\u00f3ner, C\u00e1maras de Seguridad y m\u00e1s en tu tienda en l\u00ednea\",\"publisher\":{\"@id\":\"https:\/\/compuviper.mx\/tienda\/#organization\"},\"potentialAction\":[{\"@type\":\"SearchAction\",\"target\":{\"@type\":\"EntryPoint\",\"urlTemplate\":\"https:\/\/compuviper.mx\/tienda\/?s={search_term_string}\"},\"query-input\":\"required name=search_term_string\"}],\"inLanguage\":\"es-MX\"},{\"@type\":\"Organization\",\"@id\":\"https:\/\/compuviper.mx\/tienda\/#organization\",\"name\":\"Compuviper\",\"url\":\"https:\/\/compuviper.mx\/tienda\/\",\"logo\":{\"@type\":\"ImageObject\",\"inLanguage\":\"es-MX\",\"@id\":\"https:\/\/compuviper.mx\/tienda\/#\/schema\/logo\/image\/\",\"url\":\"https:\/\/compuviper.mx\/tienda\/wp-content\/uploads\/2021\/08\/Logo-Compuviper-10.png\",\"contentUrl\":\"https:\/\/compuviper.mx\/tienda\/wp-content\/uploads\/2021\/08\/Logo-Compuviper-10.png\",\"width\":1000,\"height\":500,\"caption\":\"Compuviper\"},\"image\":{\"@id\":\"https:\/\/compuviper.mx\/tienda\/#\/schema\/logo\/image\/\"},\"sameAs\":[\"https:\/\/www.facebook.com\/compuviper\",\"https:\/\/www.youtube.com\/channel\/UCf73dERp9Y3cfOq7q8BhLjA?view_as=subscriber\"]}]}<\/script>\n<meta property=\"product:brand\" content=\"TP LINK\" \/>\n<meta property=\"product:price:amount\" content=\"1671\" \/>\n<meta property=\"product:price:currency\" content=\"MXN\" \/>\n<meta property=\"og:availability\" content=\"backorder\" \/>\n<meta property=\"product:availability\" content=\"available for order\" \/>\n<meta property=\"product:retailer_item_id\" content=\"TL-SG1008MP\" \/>\n<meta property=\"product:condition\" content=\"new\" \/>\n<!-- \/ Yoast SEO plugin. -->","yoast_head_json":{"title":"[ Tp Link ] &#129351; Tl-sg1008mp Switch | Tp-link | | 8 Puertos Rj45 Gigabit 10\/100\/1000 | No Administrable | Para Escritorio O Rack 13 Pulgadas","description":"Compra Tl-sg1008mp Switch | Tp-link | | 8 Puertos Rj45 Gigabit 10\/100\/1000 | No Administrable | Para Escritorio O Rack 13 Pulgadas + Env\u00edo a domicilio + Pago seguro + Garant\u00eda","robots":{"index":"index","follow":"follow","max-snippet":"max-snippet:-1","max-image-preview":"max-image-preview:large","max-video-preview":"max-video-preview:-1"},"canonical":"https:\/\/compuviper.mx\/tienda\/producto\/tp-link-tl-sg1008mp-switch-tp-link-8-puertos-rj45-gigabit-10-100-1000-no-administrable-para-escritorio-o-rack-13-pulgadas\/","og_locale":"es_MX","og_type":"article","og_title":"[ Tp Link ] &#129351; Tl-sg1008mp Switch | Tp-link | | 8 Puertos Rj45 Gigabit 10\/100\/1000 | No Administrable | Para Escritorio O Rack 13 Pulgadas","og_description":"Compra Tl-sg1008mp Switch | Tp-link | | 8 Puertos Rj45 Gigabit 10\/100\/1000 | No Administrable | Para Escritorio O Rack 13 Pulgadas + Env\u00edo a domicilio + Pago seguro + Garant\u00eda","og_url":"https:\/\/compuviper.mx\/tienda\/producto\/tp-link-tl-sg1008mp-switch-tp-link-8-puertos-rj45-gigabit-10-100-1000-no-administrable-para-escritorio-o-rack-13-pulgadas\/","og_site_name":"Compuviper","article_publisher":"https:\/\/www.facebook.com\/compuviper","article_modified_time":"2026-04-18T07:07:21+00:00","og_image":[{"width":200,"height":200,"url":"https:\/\/compuviper.mx\/tienda\/wp-content\/uploads\/2023\/12\/Switch-tp-link-tl-sg1008mp-8-puertos-rj45-gigabit-101001000-no-administrable-para-escritorio-o-rack-13-pulgadas.jpg","type":"image\/jpeg"}],"twitter_card":"summary_large_image","twitter_misc":{"Precio":"&#36;1,671 con IVA","Availability":"On backorder"},"schema":{"@context":"https:\/\/schema.org","@graph":[{"@type":"WebPage","@id":"https:\/\/compuviper.mx\/tienda\/producto\/tp-link-tl-sg1008mp-switch-tp-link-8-puertos-rj45-gigabit-10-100-1000-no-administrable-para-escritorio-o-rack-13-pulgadas\/","url":"https:\/\/compuviper.mx\/tienda\/producto\/tp-link-tl-sg1008mp-switch-tp-link-8-puertos-rj45-gigabit-10-100-1000-no-administrable-para-escritorio-o-rack-13-pulgadas\/","name":"[ Tp Link ] &#129351; Tl-sg1008mp Switch | Tp-link | | 8 Puertos Rj45 Gigabit 10\/100\/1000 | No Administrable | Para Escritorio O Rack 13 Pulgadas","isPartOf":{"@id":"https:\/\/compuviper.mx\/tienda\/#website"},"datePublished":"2026-04-18T07:07:20+00:00","dateModified":"2026-04-18T07:07:21+00:00","description":"Compra Tl-sg1008mp Switch | Tp-link | | 8 Puertos Rj45 Gigabit 10\/100\/1000 | No Administrable | Para Escritorio O Rack 13 Pulgadas + Env\u00edo a domicilio + Pago seguro + Garant\u00eda","breadcrumb":{"@id":"https:\/\/compuviper.mx\/tienda\/producto\/tp-link-tl-sg1008mp-switch-tp-link-8-puertos-rj45-gigabit-10-100-1000-no-administrable-para-escritorio-o-rack-13-pulgadas\/#breadcrumb"},"inLanguage":"es-MX","potentialAction":[{"@type":"ReadAction","target":["https:\/\/compuviper.mx\/tienda\/producto\/tp-link-tl-sg1008mp-switch-tp-link-8-puertos-rj45-gigabit-10-100-1000-no-administrable-para-escritorio-o-rack-13-pulgadas\/"]}]},{"@type":"BreadcrumbList","@id":"https:\/\/compuviper.mx\/tienda\/producto\/tp-link-tl-sg1008mp-switch-tp-link-8-puertos-rj45-gigabit-10-100-1000-no-administrable-para-escritorio-o-rack-13-pulgadas\/#breadcrumb","itemListElement":[{"@type":"ListItem","position":1,"name":"Inicio","item":"https:\/\/compuviper.mx\/tienda\/"},{"@type":"ListItem","position":2,"name":"Productos","item":"https:\/\/compuviper.mx\/tienda\/productos\/"},{"@type":"ListItem","position":3,"name":"Redes","item":"https:\/\/compuviper.mx\/tienda\/categoria-producto\/redes\/"},{"@type":"ListItem","position":4,"name":"Switch","item":"https:\/\/compuviper.mx\/tienda\/categoria-producto\/redes\/switch\/"},{"@type":"ListItem","position":5,"name":"Tp Link Tl-sg1008mp Switch | Tp-link | | 8 Puertos Rj45 Gigabit 10\/100\/1000 | No Administrable | Para Escritorio O Rack 13 Pulgadas"}]},{"@type":"WebSite","@id":"https:\/\/compuviper.mx\/tienda\/#website","url":"https:\/\/compuviper.mx\/tienda\/","name":"Compuviper","description":"Proveedor de Computadoras, Laptops, Servidores, Monitores, Puntos de Venta, Teclados,   Impresoras, T\u00f3ner, C\u00e1maras de Seguridad y m\u00e1s en tu tienda en l\u00ednea","publisher":{"@id":"https:\/\/compuviper.mx\/tienda\/#organization"},"potentialAction":[{"@type":"SearchAction","target":{"@type":"EntryPoint","urlTemplate":"https:\/\/compuviper.mx\/tienda\/?s={search_term_string}"},"query-input":"required name=search_term_string"}],"inLanguage":"es-MX"},{"@type":"Organization","@id":"https:\/\/compuviper.mx\/tienda\/#organization","name":"Compuviper","url":"https:\/\/compuviper.mx\/tienda\/","logo":{"@type":"ImageObject","inLanguage":"es-MX","@id":"https:\/\/compuviper.mx\/tienda\/#\/schema\/logo\/image\/","url":"https:\/\/compuviper.mx\/tienda\/wp-content\/uploads\/2021\/08\/Logo-Compuviper-10.png","contentUrl":"https:\/\/compuviper.mx\/tienda\/wp-content\/uploads\/2021\/08\/Logo-Compuviper-10.png","width":1000,"height":500,"caption":"Compuviper"},"image":{"@id":"https:\/\/compuviper.mx\/tienda\/#\/schema\/logo\/image\/"},"sameAs":["https:\/\/www.facebook.com\/compuviper","https:\/\/www.youtube.com\/channel\/UCf73dERp9Y3cfOq7q8BhLjA?view_as=subscriber"]}]},"product_brand":"TP LINK","product_price_amount":"1671","product_price_currency":"MXN","og_availability":"backorder","product_availability":"available for order","product_retailer_item_id":"TL-SG1008MP","product_condition":"new"},"_links":{"self":[{"href":"https:\/\/compuviper.mx\/tienda\/wp-json\/wp\/v2\/product\/220806"}],"collection":[{"href":"https:\/\/compuviper.mx\/tienda\/wp-json\/wp\/v2\/product"}],"about":[{"href":"https:\/\/compuviper.mx\/tienda\/wp-json\/wp\/v2\/types\/product"}],"replies":[{"embeddable":true,"href":"https:\/\/compuviper.mx\/tienda\/wp-json\/wp\/v2\/comments?post=220806"}],"wp:featuredmedia":[{"embeddable":true,"href":"https:\/\/compuviper.mx\/tienda\/wp-json\/wp\/v2\/media\/220807"}],"wp:attachment":[{"href":"https:\/\/compuviper.mx\/tienda\/wp-json\/wp\/v2\/media?parent=220806"}],"wp:term":[{"taxonomy":"product_cat","embeddable":true,"href":"https:\/\/compuviper.mx\/tienda\/wp-json\/wp\/v2\/product_cat?post=220806"},{"taxonomy":"product_tag","embeddable":true,"href":"https:\/\/compuviper.mx\/tienda\/wp-json\/wp\/v2\/product_tag?post=220806"}],"curies":[{"name":"wp","href":"https:\/\/api.w.org\/{rel}","templated":true}]}}