{"id":220804,"date":"2026-04-18T01:07:20","date_gmt":"2026-04-18T07:07:20","guid":{"rendered":"https:\/\/compuviper.mx\/tienda\/producto\/tp-link-archer-c6-router-tp-link-inalambrico-ac1200-banda-dual-4puertos-lan-gigabit-caracteristicas-varian-segun-version-imagen-ilustrativa\/"},"modified":"2026-04-18T01:07:20","modified_gmt":"2026-04-18T07:07:20","slug":"tp-link-archer-c6-router-tp-link-inalambrico-ac1200-banda-dual-4puertos-lan-gigabit-caracteristicas-varian-segun-version-imagen-ilustrativa","status":"publish","type":"product","link":"https:\/\/compuviper.mx\/tienda\/producto\/tp-link-archer-c6-router-tp-link-inalambrico-ac1200-banda-dual-4puertos-lan-gigabit-caracteristicas-varian-segun-version-imagen-ilustrativa\/","title":{"rendered":"Tp Link Archer C6 Router |tp-link |  | Inalambrico | Ac1200 Banda Dual | 4puertos Lan Gigabit |caracteristicas Varian Segun Version | Imagen Ilustrativa"},"content":{"rendered":"<table class=\"descripcion\">\n<tr>\n<td>Sistema<\/td>\n<\/tr>\n<tr>\n<td>Requisitos del sistema microsoft windows 10 \/ 8.1 \/ 8\/7 \/ vista \/ xp \/ 2000 \/ nt \/ 98se, mac os, netware, unix o linux<\/td>\n<\/tr>\n<tr>\n<td>Internet explorer 11, firefox 12.0, chrome 20.0, safari 4.0 u otro navegador<\/td>\n<\/tr>\n<tr>\n<td>O dsl habilitado para java<\/td>\n<\/tr>\n<tr>\n<td>Suscripci\u00f3n de m\u00f3dem con un proveedor de servicios de internet (para acceso a internet)<\/td>\n<\/tr>\n<tr>\n<td>Ambiente<\/td>\n<\/tr>\n<tr>\n<td>Temperatura en funcionamiento 0 and #8451;~40 and #8451; (32 and #8457; ~104 and #8457;)<\/td>\n<\/tr>\n<tr>\n<td>Temperatura en almacenamiento -40 and #8451;~70 and #8451; (-40 and #8457; ~158 and #8457;)<\/td>\n<\/tr>\n<tr>\n<td>Humedad en funcionamiento 10% ~ 90% sin condensaci\u00f3n<\/td>\n<\/tr>\n<tr>\n<td>Humedad en almacenamiento 5% ~ 90% sin condensaci\u00f3n<\/td>\n<\/tr>\n<tr>\n<td>Contenidos del paquete<\/td>\n<\/tr>\n<tr>\n<td>Contenido del paquete gu\u00eda de instalaci\u00f3n r\u00e1pida del cable de ethernet rj45 del<\/td>\n<\/tr>\n<tr>\n<td>Adaptador de alimentaci\u00f3n del enrutador inal\u00e1mbrico archer c6<\/td>\n<\/tr>\n<tr>\n<td>Caracter\u00edsticas de hardware<\/td>\n<\/tr>\n<tr>\n<td>Puertos 4 * 10\/100 \/ 1000mbps puertos lan, 1 * 10\/100 \/ 1000mbps puerto wan<\/td>\n<\/tr>\n<tr>\n<td>Bot\u00f3n bot\u00f3n de reinicio, bot\u00f3n de encendido \/ apagado, bot\u00f3n de encendido \/ apagado de wps \/ wi-fi<\/td>\n<\/tr>\n<tr>\n<td>Fuente de alimentaci\u00f3n 12v \/ 1a<\/td>\n<\/tr>\n<tr>\n<td>Dimensiones (w x d x h) 9.1 \u00d7 5.7 \u00d7 1.4 pulg. (230 \u00d7 144 \u00d7 35 mm)<\/td>\n<\/tr>\n<tr>\n<td>Antena 4 antenas externas fijas y 1 antena interna<\/td>\n<\/tr>\n<tr>\n<td>Caracter\u00edsticas inal\u00e1mbricas<\/td>\n<\/tr>\n<tr>\n<td>Est\u00e1ndares inal\u00e1mbricos ieee 802.11ac \/ n \/ a 5ghz, ieee 802.11b \/ g \/ n 2.4ghz<\/td>\n<\/tr>\n<tr>\n<td>Frecuencia 2.4ghz y 5ghz<\/td>\n<\/tr>\n<tr>\n<td>Tasa de se\u00f1al 5ghz: hasta 867mbps<\/td>\n<\/tr>\n<tr>\n<td>2.4ghz: hasta 300mbps<\/td>\n<\/tr>\n<tr>\n<td>Sensibilidad de recepci\u00f3n 5ghz:<\/td>\n<\/tr>\n<tr>\n<td>11a 6mbps: -93dbm  and #65307; 11a 54mbps: -78dbm  and #65307;<\/td>\n<\/tr>\n<tr>\n<td>11ac ht20 mcs8: 69dbm; 11ac ht40 mcs9: -65dbm;<\/td>\n<\/tr>\n<tr>\n<td>11ac ht80 mcs9: -62dbm;<\/td>\n<\/tr>\n<tr>\n<td>2.4ghz:<\/td>\n<\/tr>\n<tr>\n<td>11g 54mbps: -78dbm;<\/td>\n<\/tr>\n<tr>\n<td>11n ht20 mcs7: -74dbm;<\/td>\n<\/tr>\n<tr>\n<td>11n ht40 mcs7: -71dbm  and #65307;<\/td>\n<\/tr>\n<tr>\n<td>Potencia de transmision eirp ce:  20dbm (2.4ghz);  23dbm (5ghz)<\/td>\n<\/tr>\n<tr>\n<td>Fcc:  30dbm (2.4ghz y 5ghz)<\/td>\n<\/tr>\n<tr>\n<td>Funciones inal\u00e1mbricas activar \/ desactivar radio inal\u00e1mbrica, wds bridge, wmm,<\/td>\n<\/tr>\n<tr>\n<td>Estad\u00edsticas inal\u00e1mbricas<\/td>\n<\/tr>\n<tr>\n<td>Seguridad inal\u00e1mbrica cifrado wep, wpa \/ wpa2, wpa-psk \/ wpa2-psk de 64\/128 bits<\/td>\n<\/tr>\n<tr>\n<td>Caracter\u00edsticas de software<\/td>\n<\/tr>\n<tr>\n<td>Tipo de wan ip din\u00e1mica, ip est\u00e1tica, pppoe, pptp (acceso doble), l2tp (<\/td>\n<\/tr>\n<tr>\n<td>Acceso doble ), bigpond<\/td>\n<\/tr>\n<tr>\n<td>Administraci\u00f3n control de acceso, gesti\u00f3n local, gesti\u00f3n remota.<\/td>\n<\/tr>\n<tr>\n<td>Dhcp servidor, lista de clientes dhcp, reserva de direcciones<\/td>\n<\/tr>\n<tr>\n<td>Reenv\u00edo de puertos servidor virtual, activaci\u00f3n de puertos, upnp, dmz<\/td>\n<\/tr>\n<tr>\n<td>Dns din\u00e1mico dyndns, no-ip<\/td>\n<\/tr>\n<tr>\n<td>Control de acceso controles parentales, control de administraci\u00f3n local, lista de hosts, lista blanca, lista negra<\/td>\n<\/tr>\n<tr>\n<td>Seguridad de firewall dos, spi firewall, ip y enlace de direcciones mac<\/td>\n<\/tr>\n<tr>\n<td>Protocolos ipv4, ipv6<\/td>\n<\/tr>\n<tr>\n<td>Red de invitados red de invitados de 2.4ghz, red de invitados de 5ghz<\/td>\n<\/tr>\n<tr>\n<td>Servidor vpn openvpn, pptp vpn<\/td>\n<\/tr>\n<\/table>\n","protected":false},"excerpt":{"rendered":"<p>Router inal\u00e1mbrico ac1200 mu-mimo gigabit. Archer c6. * soporta est\u00e1ndar 802.11ac. *conexiones simult\u00e1neas de 2.4ghz a 300 mbps y 5ghz a 867 mbps para 1200 mbps de ancho de banda total disponible. * 4 antenas externas y una antena interna proporcionan conexiones inal\u00e1mbricas estables y una cobertura \u00f3ptima. * f\u00e1cil administraci\u00f3n de la red a su alcance con tp-link tether. * mu-mimo logra una eficiencia de 2x al comunicarse con hasta 2 dispositivos a la vez. * la tecnolog\u00eda de formaci\u00f3n de haces ofrece una cobertura inal\u00e1mbrica m\u00e1s amplia. * admite el modo punto de acceso para crear un nuevo punto de acceso wi-fi. El archer c6 crea una red confiable y veloz impulsada por la tecnolog\u00eda 802.11ac wi-fi. La banda de 2.4ghz ofrece. Velocidades de hasta 300mbps, lista para tareas diarias como correo electr\u00f3nico y navegaci\u00f3n web, mientras que la banda de 5ghz ofrece velocidades de hasta. 867mbps, ideal para transmisi\u00f3n de video hd y juegos en l\u00ednea sin demoras. Cuatro antenas externas y una antena interna env\u00edan se\u00f1ales de wi-fi a cada rinc\u00f3n de su hogar. Mant\u00e9ngase conectado y disfrute de una r\u00e1pida conexi\u00f3n wi-fi, ya sea que est\u00e9 descansando en el sof\u00e1 o en el balc\u00f3n. Con un potente chipset, el archer c6 ofrece una cobertura ideal de wi-fi. La cobertura de la banda de 2,4 ghz es especialmente impresionante, ya que elimina las zonas muertas de wi-fi y supera a la de otros enrutadores de la competencia. Cambie el modo de trabajo del archer c6 al modo de punto de acceso para compartir su red cableada con otros dispositivos inal\u00e1mbricos. Mu-mimo le permite al archer c6 servir m\u00faltiples dispositivos a la vez. No m\u00e1s congesti\u00f3n de ancho de banda o latencia. \u00a1todos los dispositivos obtienen sus datos m\u00e1s r\u00e1pido y el wi-fi se usa de manera m\u00e1s eficiente. Con un puerto gigabit wan y cuatro puertos gigabit lan, las velocidades pueden ser hasta 10 veces m\u00e1s r\u00e1pidas que las. Conexiones ethernet est\u00e1ndar . \u00a1conecta tus dispositivos por cable favoritos al archer c6 y quedate impresionado. La aplicaci\u00f3n gratuita tether est\u00e1 disponible para dispositivos android y ios, lo que facilita la configuraci\u00f3n del archer c6 y la administraci\u00f3n de la configuraci\u00f3n de red.<\/p>\n","protected":false},"featured_media":220805,"comment_status":"open","ping_status":"open","template":"","meta":[],"product_cat":[1563,1753],"product_tag":[1562],"acf":[],"yoast_head":"<!-- This site is optimized with the Yoast SEO plugin v21.7 - https:\/\/yoast.com\/wordpress\/plugins\/seo\/ -->\n<title>[ Tp Link ] &#129351; Archer C6 Router |tp-link | | Inalambrico | Ac1200 Banda Dual | 4puertos Lan Gigabit |caracteristicas Varian Segun Version | Imagen Ilustrativa<\/title>\n<meta name=\"description\" content=\"Compra Archer C6 Router |tp-link | | Inalambrico | Ac1200 Banda Dual | 4puertos Lan Gigabit |caracteristicas Varian Segun Version | Imagen Ilustrativa + Env\u00edo a domicilio + Pago seguro + Garant\u00eda\" \/>\n<meta name=\"robots\" content=\"index, follow, max-snippet:-1, max-image-preview:large, max-video-preview:-1\" \/>\n<link rel=\"canonical\" href=\"https:\/\/compuviper.mx\/tienda\/producto\/tp-link-archer-c6-router-tp-link-inalambrico-ac1200-banda-dual-4puertos-lan-gigabit-caracteristicas-varian-segun-version-imagen-ilustrativa\/\" \/>\n<meta property=\"og:locale\" content=\"es_MX\" \/>\n<meta property=\"og:type\" content=\"article\" \/>\n<meta property=\"og:title\" content=\"[ Tp Link ] &#129351; Archer C6 Router |tp-link | | Inalambrico | Ac1200 Banda Dual | 4puertos Lan Gigabit |caracteristicas Varian Segun Version | Imagen Ilustrativa\" \/>\n<meta property=\"og:description\" content=\"Compra Archer C6 Router |tp-link | | Inalambrico | Ac1200 Banda Dual | 4puertos Lan Gigabit |caracteristicas Varian Segun Version | Imagen Ilustrativa + Env\u00edo a domicilio + Pago seguro + Garant\u00eda\" \/>\n<meta property=\"og:url\" content=\"https:\/\/compuviper.mx\/tienda\/producto\/tp-link-archer-c6-router-tp-link-inalambrico-ac1200-banda-dual-4puertos-lan-gigabit-caracteristicas-varian-segun-version-imagen-ilustrativa\/\" \/>\n<meta property=\"og:site_name\" content=\"Compuviper\" \/>\n<meta property=\"article:publisher\" content=\"https:\/\/www.facebook.com\/compuviper\" \/>\n<meta property=\"og:image\" content=\"https:\/\/compuviper.mx\/tienda\/wp-content\/uploads\/2023\/12\/Router-tp-link-archer-c6-inalambrico-ac1200-banda-dual-4puertos-lan-gigabit-caracteristicas-varian-segun-version-imagen-ilustrativa.jpg\" \/>\n\t<meta property=\"og:image:width\" content=\"200\" \/>\n\t<meta property=\"og:image:height\" content=\"200\" \/>\n\t<meta property=\"og:image:type\" content=\"image\/jpeg\" \/>\n<meta name=\"twitter:card\" content=\"summary_large_image\" \/>\n<meta name=\"twitter:label1\" content=\"Precio\" \/>\n\t<meta name=\"twitter:data1\" content=\"&#36;534 con IVA\" \/>\n\t<meta name=\"twitter:label2\" content=\"Availability\" \/>\n\t<meta name=\"twitter:data2\" content=\"In stock\" \/>\n<script type=\"application\/ld+json\" class=\"yoast-schema-graph\">{\"@context\":\"https:\/\/schema.org\",\"@graph\":[{\"@type\":\"WebPage\",\"@id\":\"https:\/\/compuviper.mx\/tienda\/producto\/tp-link-archer-c6-router-tp-link-inalambrico-ac1200-banda-dual-4puertos-lan-gigabit-caracteristicas-varian-segun-version-imagen-ilustrativa\/\",\"url\":\"https:\/\/compuviper.mx\/tienda\/producto\/tp-link-archer-c6-router-tp-link-inalambrico-ac1200-banda-dual-4puertos-lan-gigabit-caracteristicas-varian-segun-version-imagen-ilustrativa\/\",\"name\":\"[ Tp Link ] &#129351; Archer C6 Router |tp-link | | Inalambrico | Ac1200 Banda Dual | 4puertos Lan Gigabit |caracteristicas Varian Segun Version | Imagen Ilustrativa\",\"isPartOf\":{\"@id\":\"https:\/\/compuviper.mx\/tienda\/#website\"},\"datePublished\":\"2026-04-18T07:07:20+00:00\",\"dateModified\":\"2026-04-18T07:07:20+00:00\",\"description\":\"Compra Archer C6 Router |tp-link | | Inalambrico | Ac1200 Banda Dual | 4puertos Lan Gigabit |caracteristicas Varian Segun Version | Imagen Ilustrativa + Env\u00edo a domicilio + Pago seguro + Garant\u00eda\",\"breadcrumb\":{\"@id\":\"https:\/\/compuviper.mx\/tienda\/producto\/tp-link-archer-c6-router-tp-link-inalambrico-ac1200-banda-dual-4puertos-lan-gigabit-caracteristicas-varian-segun-version-imagen-ilustrativa\/#breadcrumb\"},\"inLanguage\":\"es-MX\",\"potentialAction\":[{\"@type\":\"ReadAction\",\"target\":[\"https:\/\/compuviper.mx\/tienda\/producto\/tp-link-archer-c6-router-tp-link-inalambrico-ac1200-banda-dual-4puertos-lan-gigabit-caracteristicas-varian-segun-version-imagen-ilustrativa\/\"]}]},{\"@type\":\"BreadcrumbList\",\"@id\":\"https:\/\/compuviper.mx\/tienda\/producto\/tp-link-archer-c6-router-tp-link-inalambrico-ac1200-banda-dual-4puertos-lan-gigabit-caracteristicas-varian-segun-version-imagen-ilustrativa\/#breadcrumb\",\"itemListElement\":[{\"@type\":\"ListItem\",\"position\":1,\"name\":\"Inicio\",\"item\":\"https:\/\/compuviper.mx\/tienda\/\"},{\"@type\":\"ListItem\",\"position\":2,\"name\":\"Productos\",\"item\":\"https:\/\/compuviper.mx\/tienda\/productos\/\"},{\"@type\":\"ListItem\",\"position\":3,\"name\":\"Redes\",\"item\":\"https:\/\/compuviper.mx\/tienda\/categoria-producto\/redes\/\"},{\"@type\":\"ListItem\",\"position\":4,\"name\":\"Router\",\"item\":\"https:\/\/compuviper.mx\/tienda\/categoria-producto\/redes\/router\/\"},{\"@type\":\"ListItem\",\"position\":5,\"name\":\"Tp Link Archer C6 Router |tp-link | | Inalambrico | Ac1200 Banda Dual | 4puertos Lan Gigabit |caracteristicas Varian Segun Version | Imagen Ilustrativa\"}]},{\"@type\":\"WebSite\",\"@id\":\"https:\/\/compuviper.mx\/tienda\/#website\",\"url\":\"https:\/\/compuviper.mx\/tienda\/\",\"name\":\"Compuviper\",\"description\":\"Proveedor de Computadoras, Laptops, Servidores, Monitores, Puntos de Venta, Teclados,   Impresoras, T\u00f3ner, C\u00e1maras de Seguridad y m\u00e1s en tu tienda en l\u00ednea\",\"publisher\":{\"@id\":\"https:\/\/compuviper.mx\/tienda\/#organization\"},\"potentialAction\":[{\"@type\":\"SearchAction\",\"target\":{\"@type\":\"EntryPoint\",\"urlTemplate\":\"https:\/\/compuviper.mx\/tienda\/?s={search_term_string}\"},\"query-input\":\"required name=search_term_string\"}],\"inLanguage\":\"es-MX\"},{\"@type\":\"Organization\",\"@id\":\"https:\/\/compuviper.mx\/tienda\/#organization\",\"name\":\"Compuviper\",\"url\":\"https:\/\/compuviper.mx\/tienda\/\",\"logo\":{\"@type\":\"ImageObject\",\"inLanguage\":\"es-MX\",\"@id\":\"https:\/\/compuviper.mx\/tienda\/#\/schema\/logo\/image\/\",\"url\":\"https:\/\/compuviper.mx\/tienda\/wp-content\/uploads\/2021\/08\/Logo-Compuviper-10.png\",\"contentUrl\":\"https:\/\/compuviper.mx\/tienda\/wp-content\/uploads\/2021\/08\/Logo-Compuviper-10.png\",\"width\":1000,\"height\":500,\"caption\":\"Compuviper\"},\"image\":{\"@id\":\"https:\/\/compuviper.mx\/tienda\/#\/schema\/logo\/image\/\"},\"sameAs\":[\"https:\/\/www.facebook.com\/compuviper\",\"https:\/\/www.youtube.com\/channel\/UCf73dERp9Y3cfOq7q8BhLjA?view_as=subscriber\"]}]}<\/script>\n<meta property=\"product:brand\" content=\"TP LINK\" \/>\n<meta property=\"product:price:amount\" content=\"534\" \/>\n<meta property=\"product:price:currency\" content=\"MXN\" \/>\n<meta property=\"og:availability\" content=\"instock\" \/>\n<meta property=\"product:availability\" content=\"instock\" \/>\n<meta property=\"product:retailer_item_id\" content=\"ARCHER C6\" \/>\n<meta property=\"product:condition\" content=\"new\" \/>\n<!-- \/ Yoast SEO plugin. -->","yoast_head_json":{"title":"[ Tp Link ] &#129351; Archer C6 Router |tp-link | | Inalambrico | Ac1200 Banda Dual | 4puertos Lan Gigabit |caracteristicas Varian Segun Version | Imagen Ilustrativa","description":"Compra Archer C6 Router |tp-link | | Inalambrico | Ac1200 Banda Dual | 4puertos Lan Gigabit |caracteristicas Varian Segun Version | Imagen Ilustrativa + Env\u00edo a domicilio + Pago seguro + Garant\u00eda","robots":{"index":"index","follow":"follow","max-snippet":"max-snippet:-1","max-image-preview":"max-image-preview:large","max-video-preview":"max-video-preview:-1"},"canonical":"https:\/\/compuviper.mx\/tienda\/producto\/tp-link-archer-c6-router-tp-link-inalambrico-ac1200-banda-dual-4puertos-lan-gigabit-caracteristicas-varian-segun-version-imagen-ilustrativa\/","og_locale":"es_MX","og_type":"article","og_title":"[ Tp Link ] &#129351; Archer C6 Router |tp-link | | Inalambrico | Ac1200 Banda Dual | 4puertos Lan Gigabit |caracteristicas Varian Segun Version | Imagen Ilustrativa","og_description":"Compra Archer C6 Router |tp-link | | Inalambrico | Ac1200 Banda Dual | 4puertos Lan Gigabit |caracteristicas Varian Segun Version | Imagen Ilustrativa + Env\u00edo a domicilio + Pago seguro + Garant\u00eda","og_url":"https:\/\/compuviper.mx\/tienda\/producto\/tp-link-archer-c6-router-tp-link-inalambrico-ac1200-banda-dual-4puertos-lan-gigabit-caracteristicas-varian-segun-version-imagen-ilustrativa\/","og_site_name":"Compuviper","article_publisher":"https:\/\/www.facebook.com\/compuviper","og_image":[{"width":200,"height":200,"url":"https:\/\/compuviper.mx\/tienda\/wp-content\/uploads\/2023\/12\/Router-tp-link-archer-c6-inalambrico-ac1200-banda-dual-4puertos-lan-gigabit-caracteristicas-varian-segun-version-imagen-ilustrativa.jpg","type":"image\/jpeg"}],"twitter_card":"summary_large_image","twitter_misc":{"Precio":"&#36;534 con IVA","Availability":"In stock"},"schema":{"@context":"https:\/\/schema.org","@graph":[{"@type":"WebPage","@id":"https:\/\/compuviper.mx\/tienda\/producto\/tp-link-archer-c6-router-tp-link-inalambrico-ac1200-banda-dual-4puertos-lan-gigabit-caracteristicas-varian-segun-version-imagen-ilustrativa\/","url":"https:\/\/compuviper.mx\/tienda\/producto\/tp-link-archer-c6-router-tp-link-inalambrico-ac1200-banda-dual-4puertos-lan-gigabit-caracteristicas-varian-segun-version-imagen-ilustrativa\/","name":"[ Tp Link ] &#129351; Archer C6 Router |tp-link | | Inalambrico | Ac1200 Banda Dual | 4puertos Lan Gigabit |caracteristicas Varian Segun Version | Imagen Ilustrativa","isPartOf":{"@id":"https:\/\/compuviper.mx\/tienda\/#website"},"datePublished":"2026-04-18T07:07:20+00:00","dateModified":"2026-04-18T07:07:20+00:00","description":"Compra Archer C6 Router |tp-link | | Inalambrico | Ac1200 Banda Dual | 4puertos Lan Gigabit |caracteristicas Varian Segun Version | Imagen Ilustrativa + Env\u00edo a domicilio + Pago seguro + Garant\u00eda","breadcrumb":{"@id":"https:\/\/compuviper.mx\/tienda\/producto\/tp-link-archer-c6-router-tp-link-inalambrico-ac1200-banda-dual-4puertos-lan-gigabit-caracteristicas-varian-segun-version-imagen-ilustrativa\/#breadcrumb"},"inLanguage":"es-MX","potentialAction":[{"@type":"ReadAction","target":["https:\/\/compuviper.mx\/tienda\/producto\/tp-link-archer-c6-router-tp-link-inalambrico-ac1200-banda-dual-4puertos-lan-gigabit-caracteristicas-varian-segun-version-imagen-ilustrativa\/"]}]},{"@type":"BreadcrumbList","@id":"https:\/\/compuviper.mx\/tienda\/producto\/tp-link-archer-c6-router-tp-link-inalambrico-ac1200-banda-dual-4puertos-lan-gigabit-caracteristicas-varian-segun-version-imagen-ilustrativa\/#breadcrumb","itemListElement":[{"@type":"ListItem","position":1,"name":"Inicio","item":"https:\/\/compuviper.mx\/tienda\/"},{"@type":"ListItem","position":2,"name":"Productos","item":"https:\/\/compuviper.mx\/tienda\/productos\/"},{"@type":"ListItem","position":3,"name":"Redes","item":"https:\/\/compuviper.mx\/tienda\/categoria-producto\/redes\/"},{"@type":"ListItem","position":4,"name":"Router","item":"https:\/\/compuviper.mx\/tienda\/categoria-producto\/redes\/router\/"},{"@type":"ListItem","position":5,"name":"Tp Link Archer C6 Router |tp-link | | Inalambrico | Ac1200 Banda Dual | 4puertos Lan Gigabit |caracteristicas Varian Segun Version | Imagen Ilustrativa"}]},{"@type":"WebSite","@id":"https:\/\/compuviper.mx\/tienda\/#website","url":"https:\/\/compuviper.mx\/tienda\/","name":"Compuviper","description":"Proveedor de Computadoras, Laptops, Servidores, Monitores, Puntos de Venta, Teclados,   Impresoras, T\u00f3ner, C\u00e1maras de Seguridad y m\u00e1s en tu tienda en l\u00ednea","publisher":{"@id":"https:\/\/compuviper.mx\/tienda\/#organization"},"potentialAction":[{"@type":"SearchAction","target":{"@type":"EntryPoint","urlTemplate":"https:\/\/compuviper.mx\/tienda\/?s={search_term_string}"},"query-input":"required name=search_term_string"}],"inLanguage":"es-MX"},{"@type":"Organization","@id":"https:\/\/compuviper.mx\/tienda\/#organization","name":"Compuviper","url":"https:\/\/compuviper.mx\/tienda\/","logo":{"@type":"ImageObject","inLanguage":"es-MX","@id":"https:\/\/compuviper.mx\/tienda\/#\/schema\/logo\/image\/","url":"https:\/\/compuviper.mx\/tienda\/wp-content\/uploads\/2021\/08\/Logo-Compuviper-10.png","contentUrl":"https:\/\/compuviper.mx\/tienda\/wp-content\/uploads\/2021\/08\/Logo-Compuviper-10.png","width":1000,"height":500,"caption":"Compuviper"},"image":{"@id":"https:\/\/compuviper.mx\/tienda\/#\/schema\/logo\/image\/"},"sameAs":["https:\/\/www.facebook.com\/compuviper","https:\/\/www.youtube.com\/channel\/UCf73dERp9Y3cfOq7q8BhLjA?view_as=subscriber"]}]},"product_brand":"TP LINK","product_price_amount":"534","product_price_currency":"MXN","og_availability":"instock","product_availability":"instock","product_retailer_item_id":"ARCHER C6","product_condition":"new"},"_links":{"self":[{"href":"https:\/\/compuviper.mx\/tienda\/wp-json\/wp\/v2\/product\/220804"}],"collection":[{"href":"https:\/\/compuviper.mx\/tienda\/wp-json\/wp\/v2\/product"}],"about":[{"href":"https:\/\/compuviper.mx\/tienda\/wp-json\/wp\/v2\/types\/product"}],"replies":[{"embeddable":true,"href":"https:\/\/compuviper.mx\/tienda\/wp-json\/wp\/v2\/comments?post=220804"}],"wp:featuredmedia":[{"embeddable":true,"href":"https:\/\/compuviper.mx\/tienda\/wp-json\/wp\/v2\/media\/220805"}],"wp:attachment":[{"href":"https:\/\/compuviper.mx\/tienda\/wp-json\/wp\/v2\/media?parent=220804"}],"wp:term":[{"taxonomy":"product_cat","embeddable":true,"href":"https:\/\/compuviper.mx\/tienda\/wp-json\/wp\/v2\/product_cat?post=220804"},{"taxonomy":"product_tag","embeddable":true,"href":"https:\/\/compuviper.mx\/tienda\/wp-json\/wp\/v2\/product_tag?post=220804"}],"curies":[{"name":"wp","href":"https:\/\/api.w.org\/{rel}","templated":true}]}}