{"id":220802,"date":"2026-04-25T00:56:59","date_gmt":"2026-04-25T06:56:59","guid":{"rendered":"https:\/\/compuviper.mx\/tienda\/producto\/tp-link-ms105-switch-mercusys-5-puertos-rj45-10-100-mbps-no-administrable-para-escritorio\/"},"modified":"2026-04-25T00:56:59","modified_gmt":"2026-04-25T06:56:59","slug":"tp-link-ms105-switch-mercusys-5-puertos-rj45-10-100-mbps-no-administrable","status":"publish","type":"product","link":"https:\/\/compuviper.mx\/tienda\/producto\/tp-link-ms105-switch-mercusys-5-puertos-rj45-10-100-mbps-no-administrable\/","title":{"rendered":"Tp Link Ms105 Switch   Mercusys   5 Puertos Rj45 10\/100 Mbps  No Administrable"},"content":{"rendered":"<table class=\"descripcion\">\n<tr>\n<td>Ms105<\/td>\n<\/tr>\n<tr>\n<td>Dimensiones (wxdxh): 82 x 49 x 21 mm<\/td>\n<\/tr>\n<tr>\n<td>Fuente de alimentaci\u00f3n externa: adaptador de corriente externo (salida: 5.0vdc \/ 0.6a)<\/td>\n<\/tr>\n<tr>\n<td>Interfaces: 5 puertos 10 \/ 100mbps, negociaci\u00f3n autom\u00e1tica, auto-mdi \/ mdix<\/td>\n<\/tr>\n<tr>\n<td>Normas y protocolos: ieee 802.3, ieee 802.3u, ieee 802.3x \/ csma\/cd<\/td>\n<\/tr>\n<tr>\n<td>Cantidad de ventiladores: sin ventilador<\/td>\n<\/tr>\n<tr>\n<td>Tasas de transferencia de datos:<\/td>\n<\/tr>\n<tr>\n<td>10 \/ 100mbps en half duplex<\/td>\n<\/tr>\n<tr>\n<td>20 \/ 200mbps en d\u00faplex completo<\/td>\n<\/tr>\n<tr>\n<td>Capacidad del b\u00faffer: 768kb<\/td>\n<\/tr>\n<tr>\n<td>Marco jumbo: 2kb<\/td>\n<\/tr>\n<tr>\n<td>Capacidad de conmutaci\u00f3n: 1gbps<\/td>\n<\/tr>\n<tr>\n<td>Led: ethernet (1, 2, 3, 4, 5), potencia<\/td>\n<\/tr>\n<tr>\n<td>M\u00e9todo de transferencia: almacenamiento y reenvio<\/td>\n<\/tr>\n<tr>\n<td>Certificaciones: ce, rohs<\/td>\n<\/tr>\n<tr>\n<td>Contenidos del paquete:<\/td>\n<\/tr>\n<tr>\n<td>Switch de escritorio de 5 puertos a 10 \/ 100mbps ms105<\/td>\n<\/tr>\n<tr>\n<td>Adaptador de corriente<\/td>\n<\/tr>\n<tr>\n<td>Gu\u00eda de instalaci\u00f3n r\u00e1pida<\/td>\n<\/tr>\n<tr>\n<td>Ambiente:<\/td>\n<\/tr>\n<tr>\n<td>Temperatura de funcionamiento: 0 \u00b0 c ~ 40 \u00b0 c (32 \u00b0 f ~ 104 \u00b0 f)<\/td>\n<\/tr>\n<tr>\n<td>Temperatura de almacenamiento: -40 \u00b0 c ~ 70 \u00b0 c (-40 \u00b0 f ~ 158 \u00b0 f)<\/td>\n<\/tr>\n<tr>\n<td>Humedad de funcionamiento: 10% ~ 90% sin condensaci\u00f3n<\/td>\n<\/tr>\n<tr>\n<td>Humedad de almacenamiento: 5% ~ 90% sin condensaci\u00f3n<\/td>\n<\/tr>\n<\/table>\n","protected":false},"excerpt":{"rendered":"<p>Ms105. Switch de escritorio de 5 puertos a 10\/100mbps. * cinco puertos rj45 de autonegociaci\u00f3n de 10\/100mbps con mdi \/ mdix autom\u00e1tico admitidos. * expansi\u00f3n de red f\u00e1cilmente cableada. * dise\u00f1o compacto para disposici\u00f3n flexible. * configuraci\u00f3n plug and play, no requiere configuraci\u00f3n<\/p>\n","protected":false},"featured_media":220803,"comment_status":"open","ping_status":"open","template":"","meta":[],"product_cat":[1563,1564],"product_tag":[1562],"acf":[],"yoast_head":"<!-- This site is optimized with the Yoast SEO plugin v21.7 - https:\/\/yoast.com\/wordpress\/plugins\/seo\/ -->\n<title>[ Tp Link ] &#129351; Ms105 Switch Mercusys 5 Puertos Rj45 10\/100 Mbps No Administrable<\/title>\n<meta name=\"description\" content=\"Compra Ms105 Switch Mercusys 5 Puertos Rj45 10\/100 Mbps No Administrable + Env\u00edo a domicilio + Pago seguro + Garant\u00eda\" \/>\n<meta name=\"robots\" content=\"index, follow, max-snippet:-1, max-image-preview:large, max-video-preview:-1\" \/>\n<link rel=\"canonical\" href=\"https:\/\/compuviper.mx\/tienda\/producto\/tp-link-ms105-switch-mercusys-5-puertos-rj45-10-100-mbps-no-administrable\/\" \/>\n<meta property=\"og:locale\" content=\"es_MX\" \/>\n<meta property=\"og:type\" content=\"article\" \/>\n<meta property=\"og:title\" content=\"[ Tp Link ] &#129351; Ms105 Switch Mercusys 5 Puertos Rj45 10\/100 Mbps No Administrable\" \/>\n<meta property=\"og:description\" content=\"Compra Ms105 Switch Mercusys 5 Puertos Rj45 10\/100 Mbps No Administrable + Env\u00edo a domicilio + Pago seguro + Garant\u00eda\" \/>\n<meta property=\"og:url\" content=\"https:\/\/compuviper.mx\/tienda\/producto\/tp-link-ms105-switch-mercusys-5-puertos-rj45-10-100-mbps-no-administrable\/\" \/>\n<meta property=\"og:site_name\" content=\"Compuviper\" \/>\n<meta property=\"article:publisher\" content=\"https:\/\/www.facebook.com\/compuviper\" \/>\n<meta property=\"og:image\" content=\"https:\/\/compuviper.mx\/tienda\/wp-content\/uploads\/2023\/12\/Switch-mercusys-ms105-5-puertos-rj45-10100-mbps-no-administrable-para-escritorio.jpg\" \/>\n\t<meta property=\"og:image:width\" content=\"200\" \/>\n\t<meta property=\"og:image:height\" content=\"200\" \/>\n\t<meta property=\"og:image:type\" content=\"image\/jpeg\" \/>\n<meta name=\"twitter:card\" content=\"summary_large_image\" \/>\n<meta name=\"twitter:label1\" content=\"Precio\" \/>\n\t<meta name=\"twitter:data1\" content=\"&#36;85 con IVA\" \/>\n\t<meta name=\"twitter:label2\" content=\"Availability\" \/>\n\t<meta name=\"twitter:data2\" content=\"Out of stock\" \/>\n<script type=\"application\/ld+json\" class=\"yoast-schema-graph\">{\"@context\":\"https:\/\/schema.org\",\"@graph\":[{\"@type\":\"WebPage\",\"@id\":\"https:\/\/compuviper.mx\/tienda\/producto\/tp-link-ms105-switch-mercusys-5-puertos-rj45-10-100-mbps-no-administrable\/\",\"url\":\"https:\/\/compuviper.mx\/tienda\/producto\/tp-link-ms105-switch-mercusys-5-puertos-rj45-10-100-mbps-no-administrable\/\",\"name\":\"[ Tp Link ] &#129351; Ms105 Switch Mercusys 5 Puertos Rj45 10\/100 Mbps No Administrable\",\"isPartOf\":{\"@id\":\"https:\/\/compuviper.mx\/tienda\/#website\"},\"datePublished\":\"2026-04-25T06:56:59+00:00\",\"dateModified\":\"2026-04-25T06:56:59+00:00\",\"description\":\"Compra Ms105 Switch Mercusys 5 Puertos Rj45 10\/100 Mbps No Administrable + Env\u00edo a domicilio + Pago seguro + Garant\u00eda\",\"breadcrumb\":{\"@id\":\"https:\/\/compuviper.mx\/tienda\/producto\/tp-link-ms105-switch-mercusys-5-puertos-rj45-10-100-mbps-no-administrable\/#breadcrumb\"},\"inLanguage\":\"es-MX\",\"potentialAction\":[{\"@type\":\"ReadAction\",\"target\":[\"https:\/\/compuviper.mx\/tienda\/producto\/tp-link-ms105-switch-mercusys-5-puertos-rj45-10-100-mbps-no-administrable\/\"]}]},{\"@type\":\"BreadcrumbList\",\"@id\":\"https:\/\/compuviper.mx\/tienda\/producto\/tp-link-ms105-switch-mercusys-5-puertos-rj45-10-100-mbps-no-administrable\/#breadcrumb\",\"itemListElement\":[{\"@type\":\"ListItem\",\"position\":1,\"name\":\"Inicio\",\"item\":\"https:\/\/compuviper.mx\/tienda\/\"},{\"@type\":\"ListItem\",\"position\":2,\"name\":\"Productos\",\"item\":\"https:\/\/compuviper.mx\/tienda\/productos\/\"},{\"@type\":\"ListItem\",\"position\":3,\"name\":\"Redes\",\"item\":\"https:\/\/compuviper.mx\/tienda\/categoria-producto\/redes\/\"},{\"@type\":\"ListItem\",\"position\":4,\"name\":\"Switch\",\"item\":\"https:\/\/compuviper.mx\/tienda\/categoria-producto\/redes\/switch\/\"},{\"@type\":\"ListItem\",\"position\":5,\"name\":\"Tp Link Ms105 Switch Mercusys 5 Puertos Rj45 10\/100 Mbps No Administrable\"}]},{\"@type\":\"WebSite\",\"@id\":\"https:\/\/compuviper.mx\/tienda\/#website\",\"url\":\"https:\/\/compuviper.mx\/tienda\/\",\"name\":\"Compuviper\",\"description\":\"Proveedor de Computadoras, Laptops, Servidores, Monitores, Puntos de Venta, Teclados,   Impresoras, T\u00f3ner, C\u00e1maras de Seguridad y m\u00e1s en tu tienda en l\u00ednea\",\"publisher\":{\"@id\":\"https:\/\/compuviper.mx\/tienda\/#organization\"},\"potentialAction\":[{\"@type\":\"SearchAction\",\"target\":{\"@type\":\"EntryPoint\",\"urlTemplate\":\"https:\/\/compuviper.mx\/tienda\/?s={search_term_string}\"},\"query-input\":\"required name=search_term_string\"}],\"inLanguage\":\"es-MX\"},{\"@type\":\"Organization\",\"@id\":\"https:\/\/compuviper.mx\/tienda\/#organization\",\"name\":\"Compuviper\",\"url\":\"https:\/\/compuviper.mx\/tienda\/\",\"logo\":{\"@type\":\"ImageObject\",\"inLanguage\":\"es-MX\",\"@id\":\"https:\/\/compuviper.mx\/tienda\/#\/schema\/logo\/image\/\",\"url\":\"https:\/\/compuviper.mx\/tienda\/wp-content\/uploads\/2021\/08\/Logo-Compuviper-10.png\",\"contentUrl\":\"https:\/\/compuviper.mx\/tienda\/wp-content\/uploads\/2021\/08\/Logo-Compuviper-10.png\",\"width\":1000,\"height\":500,\"caption\":\"Compuviper\"},\"image\":{\"@id\":\"https:\/\/compuviper.mx\/tienda\/#\/schema\/logo\/image\/\"},\"sameAs\":[\"https:\/\/www.facebook.com\/compuviper\",\"https:\/\/www.youtube.com\/channel\/UCf73dERp9Y3cfOq7q8BhLjA?view_as=subscriber\"]}]}<\/script>\n<meta property=\"product:brand\" content=\"TP LINK\" \/>\n<meta property=\"product:price:amount\" content=\"85\" \/>\n<meta property=\"product:price:currency\" content=\"MXN\" \/>\n<meta property=\"og:availability\" content=\"out of stock\" \/>\n<meta property=\"product:availability\" content=\"out of stock\" \/>\n<meta property=\"product:retailer_item_id\" content=\"MS105\" \/>\n<meta property=\"product:condition\" content=\"new\" \/>\n<!-- \/ Yoast SEO plugin. -->","yoast_head_json":{"title":"[ Tp Link ] &#129351; Ms105 Switch Mercusys 5 Puertos Rj45 10\/100 Mbps No Administrable","description":"Compra Ms105 Switch Mercusys 5 Puertos Rj45 10\/100 Mbps No Administrable + Env\u00edo a domicilio + Pago seguro + Garant\u00eda","robots":{"index":"index","follow":"follow","max-snippet":"max-snippet:-1","max-image-preview":"max-image-preview:large","max-video-preview":"max-video-preview:-1"},"canonical":"https:\/\/compuviper.mx\/tienda\/producto\/tp-link-ms105-switch-mercusys-5-puertos-rj45-10-100-mbps-no-administrable\/","og_locale":"es_MX","og_type":"article","og_title":"[ Tp Link ] &#129351; Ms105 Switch Mercusys 5 Puertos Rj45 10\/100 Mbps No Administrable","og_description":"Compra Ms105 Switch Mercusys 5 Puertos Rj45 10\/100 Mbps No Administrable + Env\u00edo a domicilio + Pago seguro + Garant\u00eda","og_url":"https:\/\/compuviper.mx\/tienda\/producto\/tp-link-ms105-switch-mercusys-5-puertos-rj45-10-100-mbps-no-administrable\/","og_site_name":"Compuviper","article_publisher":"https:\/\/www.facebook.com\/compuviper","og_image":[{"width":200,"height":200,"url":"https:\/\/compuviper.mx\/tienda\/wp-content\/uploads\/2023\/12\/Switch-mercusys-ms105-5-puertos-rj45-10100-mbps-no-administrable-para-escritorio.jpg","type":"image\/jpeg"}],"twitter_card":"summary_large_image","twitter_misc":{"Precio":"&#36;85 con IVA","Availability":"Out of stock"},"schema":{"@context":"https:\/\/schema.org","@graph":[{"@type":"WebPage","@id":"https:\/\/compuviper.mx\/tienda\/producto\/tp-link-ms105-switch-mercusys-5-puertos-rj45-10-100-mbps-no-administrable\/","url":"https:\/\/compuviper.mx\/tienda\/producto\/tp-link-ms105-switch-mercusys-5-puertos-rj45-10-100-mbps-no-administrable\/","name":"[ Tp Link ] &#129351; Ms105 Switch Mercusys 5 Puertos Rj45 10\/100 Mbps No Administrable","isPartOf":{"@id":"https:\/\/compuviper.mx\/tienda\/#website"},"datePublished":"2026-04-25T06:56:59+00:00","dateModified":"2026-04-25T06:56:59+00:00","description":"Compra Ms105 Switch Mercusys 5 Puertos Rj45 10\/100 Mbps No Administrable + Env\u00edo a domicilio + Pago seguro + Garant\u00eda","breadcrumb":{"@id":"https:\/\/compuviper.mx\/tienda\/producto\/tp-link-ms105-switch-mercusys-5-puertos-rj45-10-100-mbps-no-administrable\/#breadcrumb"},"inLanguage":"es-MX","potentialAction":[{"@type":"ReadAction","target":["https:\/\/compuviper.mx\/tienda\/producto\/tp-link-ms105-switch-mercusys-5-puertos-rj45-10-100-mbps-no-administrable\/"]}]},{"@type":"BreadcrumbList","@id":"https:\/\/compuviper.mx\/tienda\/producto\/tp-link-ms105-switch-mercusys-5-puertos-rj45-10-100-mbps-no-administrable\/#breadcrumb","itemListElement":[{"@type":"ListItem","position":1,"name":"Inicio","item":"https:\/\/compuviper.mx\/tienda\/"},{"@type":"ListItem","position":2,"name":"Productos","item":"https:\/\/compuviper.mx\/tienda\/productos\/"},{"@type":"ListItem","position":3,"name":"Redes","item":"https:\/\/compuviper.mx\/tienda\/categoria-producto\/redes\/"},{"@type":"ListItem","position":4,"name":"Switch","item":"https:\/\/compuviper.mx\/tienda\/categoria-producto\/redes\/switch\/"},{"@type":"ListItem","position":5,"name":"Tp Link Ms105 Switch Mercusys 5 Puertos Rj45 10\/100 Mbps No Administrable"}]},{"@type":"WebSite","@id":"https:\/\/compuviper.mx\/tienda\/#website","url":"https:\/\/compuviper.mx\/tienda\/","name":"Compuviper","description":"Proveedor de Computadoras, Laptops, Servidores, Monitores, Puntos de Venta, Teclados,   Impresoras, T\u00f3ner, C\u00e1maras de Seguridad y m\u00e1s en tu tienda en l\u00ednea","publisher":{"@id":"https:\/\/compuviper.mx\/tienda\/#organization"},"potentialAction":[{"@type":"SearchAction","target":{"@type":"EntryPoint","urlTemplate":"https:\/\/compuviper.mx\/tienda\/?s={search_term_string}"},"query-input":"required name=search_term_string"}],"inLanguage":"es-MX"},{"@type":"Organization","@id":"https:\/\/compuviper.mx\/tienda\/#organization","name":"Compuviper","url":"https:\/\/compuviper.mx\/tienda\/","logo":{"@type":"ImageObject","inLanguage":"es-MX","@id":"https:\/\/compuviper.mx\/tienda\/#\/schema\/logo\/image\/","url":"https:\/\/compuviper.mx\/tienda\/wp-content\/uploads\/2021\/08\/Logo-Compuviper-10.png","contentUrl":"https:\/\/compuviper.mx\/tienda\/wp-content\/uploads\/2021\/08\/Logo-Compuviper-10.png","width":1000,"height":500,"caption":"Compuviper"},"image":{"@id":"https:\/\/compuviper.mx\/tienda\/#\/schema\/logo\/image\/"},"sameAs":["https:\/\/www.facebook.com\/compuviper","https:\/\/www.youtube.com\/channel\/UCf73dERp9Y3cfOq7q8BhLjA?view_as=subscriber"]}]},"product_brand":"TP LINK","product_price_amount":"85","product_price_currency":"MXN","og_availability":"out of stock","product_availability":"out of stock","product_retailer_item_id":"MS105","product_condition":"new"},"_links":{"self":[{"href":"https:\/\/compuviper.mx\/tienda\/wp-json\/wp\/v2\/product\/220802"}],"collection":[{"href":"https:\/\/compuviper.mx\/tienda\/wp-json\/wp\/v2\/product"}],"about":[{"href":"https:\/\/compuviper.mx\/tienda\/wp-json\/wp\/v2\/types\/product"}],"replies":[{"embeddable":true,"href":"https:\/\/compuviper.mx\/tienda\/wp-json\/wp\/v2\/comments?post=220802"}],"wp:featuredmedia":[{"embeddable":true,"href":"https:\/\/compuviper.mx\/tienda\/wp-json\/wp\/v2\/media\/220803"}],"wp:attachment":[{"href":"https:\/\/compuviper.mx\/tienda\/wp-json\/wp\/v2\/media?parent=220802"}],"wp:term":[{"taxonomy":"product_cat","embeddable":true,"href":"https:\/\/compuviper.mx\/tienda\/wp-json\/wp\/v2\/product_cat?post=220802"},{"taxonomy":"product_tag","embeddable":true,"href":"https:\/\/compuviper.mx\/tienda\/wp-json\/wp\/v2\/product_tag?post=220802"}],"curies":[{"name":"wp","href":"https:\/\/api.w.org\/{rel}","templated":true}]}}