{"id":220800,"date":"2026-04-02T01:03:05","date_gmt":"2026-04-02T07:03:05","guid":{"rendered":"https:\/\/compuviper.mx\/tienda\/producto\/tp-link-ms105g-switch-mercusys-5-puertos-rj45-gigabit-10-100-1000-mbps-no-administrable-para-escritorio\/"},"modified":"2026-04-02T01:03:06","modified_gmt":"2026-04-02T07:03:06","slug":"tp-link-ms105g-switch-mercusys-5-puertos-rj45-gigabit-10-100-1000-mbps-no-administrable-para-escritorio","status":"publish","type":"product","link":"https:\/\/compuviper.mx\/tienda\/producto\/tp-link-ms105g-switch-mercusys-5-puertos-rj45-gigabit-10-100-1000-mbps-no-administrable-para-escritorio\/","title":{"rendered":"Tp Link Ms105g Switch | Mercusys|   |5 Puertos Rj45 Gigabit 10\/100\/1000 Mbps | No Administrable | Para Escritorio"},"content":{"rendered":"<table class=\"descripcion\">\n<tr>\n<td>Interfaces : 5 puertos de 10\/100\/1000mbps  \/  negociaci\u00f3n autom\u00e1tica, auto-mdi \/ mdix<\/td>\n<\/tr>\n<tr>\n<td>Marco jumbo: 9 kb<\/td>\n<\/tr>\n<tr>\n<td>M\u00e9todo de transferencia: almacenamiento y reenvio<\/td>\n<\/tr>\n<tr>\n<td>Contenidos del paquete:<\/td>\n<\/tr>\n<tr>\n<td>1. switch de escritorio de 5 puertos 10\/100 \/ 1000mbps (ms105g)<\/td>\n<\/tr>\n<tr>\n<td>2. adaptador de corriente<\/td>\n<\/tr>\n<tr>\n<td>3. gu\u00eda de instalaci\u00f3n r\u00e1pida<\/td>\n<\/tr>\n<tr>\n<td>Led: puertos ethernet (1, 2, 3, 4, 5), alimentaci\u00f3n<\/td>\n<\/tr>\n<tr>\n<td>Fuente de alimentaci\u00f3n externa: 5v \/ 0.6a<\/td>\n<\/tr>\n<tr>\n<td>Dimensiones (wxdxh): 105 \u00d7 70 \u00d7 24.9 mm<\/td>\n<\/tr>\n<tr>\n<td>Normas y protocolos: ieee 802.3, ieee 802.3u, ieee 802.3x csma \/ cd<\/td>\n<\/tr>\n<tr>\n<td>Tasas de transferencia de datos: 10\/100\/1000 mbps en half duplex  \/  20\/200\/2000 mbps en full duplex<\/td>\n<\/tr>\n<tr>\n<td>Capacidad del b\u00faffer: 512 kbps<\/td>\n<\/tr>\n<\/table>\n","protected":false},"excerpt":{"rendered":"<p>Switch de escritorio de 5 puertos 10\/100 \/ 1,000 mbps. Ms105g. * cinco puertos rj45 de autonegociaci\u00f3n de 10\/100 \/ 1,000 mbps con mdi \/ mdix autom\u00e1tico admitidos. * expansi\u00f3n de red f\u00e1cilmente cableada. * dise\u00f1o compacto para disposici\u00f3n flexible. * configuraci\u00f3n plug and play, no requiere configuraci\u00f3n. * la tecnolog\u00eda green ethernet ahorra energ\u00eda hasta en un 82. Expandir la red ethernet con puertos gigabit. Ampl\u00ede r\u00e1pidamente su red cableada con cinco puertos ethernet de 10\/100\/1000 mbps, 10 veces m\u00e1s r\u00e1pido que los puertos ethernet normales de 10\/100 mbps. Ms105g es flexible y totalmente compatible con televisores 4k ultra hd, computadoras, impresoras, c\u00e1maras ip, consolas de juegos y m\u00e1s. Esto lo hace perfecto para usar en entornos dom\u00e9sticos, de oficinas peque\u00f1as e incluso de dormitorios. Dise\u00f1o fresco y ultra compacto. Una construcci\u00f3n elegante y cuadrada con una combinaci\u00f3n fresca de color rojo y negro brinda una apariencia y sensaci\u00f3n de alta tecnolog\u00eda. Con el mismo tama\u00f1o que un tel\u00e9fono inteligente, ms105g se encuentra en cualquier lugar de su hogar sin tomar demasiado. Conecta y reproduce. Olv\u00eddate de la instalaci\u00f3n complicada. Simplemente conecte el interruptor a su tv o computadora a trav\u00e9s de un cable ethernet para expandir inmediatamente su red cableada. Absolutamente ninguna configuraci\u00f3n es necesaria. Desempe\u00f1o confiable. Con la tecnolog\u00eda half-full duplex y mac address learning, ms105g proporciona hasta 10 gbps de ancho de banda de conmutaci\u00f3n estable. Cada unidad se somete a pruebas exhaustivas antes del env\u00edo para garantizar que proporcionar\u00e1 conexiones confiables e ininterrumpidas durante los pr\u00f3ximos a\u00f1os. Ahora tiene la opci\u00f3n de cambiar a verde cuando se actualiza a una red de gigabits! ms105g cuenta con las \u00faltimas tecnolog\u00edas innovadoras de eficiencia energ\u00e9tica para ampliar enormemente la capacidad de su red con mucha menos energ\u00eda. Ajusta autom\u00e1ticamente el consumo de energ\u00eda seg\u00fan el estado del enlace y la longitud del cable para limitar la huella de carbono de su red.<\/p>\n","protected":false},"featured_media":220801,"comment_status":"open","ping_status":"open","template":"","meta":[],"product_cat":[1563,1564],"product_tag":[1562],"acf":[],"yoast_head":"<!-- This site is optimized with the Yoast SEO plugin v21.7 - https:\/\/yoast.com\/wordpress\/plugins\/seo\/ -->\n<title>[ Tp Link ] &#129351; Ms105g Switch | Mercusys| |5 Puertos Rj45 Gigabit 10\/100\/1000 Mbps | No Administrable | Para Escritorio<\/title>\n<meta name=\"description\" content=\"Compra Ms105g Switch | Mercusys| |5 Puertos Rj45 Gigabit 10\/100\/1000 Mbps | No Administrable | Para Escritorio + Env\u00edo a domicilio + Pago seguro + Garant\u00eda\" \/>\n<meta name=\"robots\" content=\"index, follow, max-snippet:-1, max-image-preview:large, max-video-preview:-1\" \/>\n<link rel=\"canonical\" href=\"https:\/\/compuviper.mx\/tienda\/producto\/tp-link-ms105g-switch-mercusys-5-puertos-rj45-gigabit-10-100-1000-mbps-no-administrable-para-escritorio\/\" \/>\n<meta property=\"og:locale\" content=\"es_MX\" \/>\n<meta property=\"og:type\" content=\"article\" \/>\n<meta property=\"og:title\" content=\"[ Tp Link ] &#129351; Ms105g Switch | Mercusys| |5 Puertos Rj45 Gigabit 10\/100\/1000 Mbps | No Administrable | Para Escritorio\" \/>\n<meta property=\"og:description\" content=\"Compra Ms105g Switch | Mercusys| |5 Puertos Rj45 Gigabit 10\/100\/1000 Mbps | No Administrable | Para Escritorio + Env\u00edo a domicilio + Pago seguro + Garant\u00eda\" \/>\n<meta property=\"og:url\" content=\"https:\/\/compuviper.mx\/tienda\/producto\/tp-link-ms105g-switch-mercusys-5-puertos-rj45-gigabit-10-100-1000-mbps-no-administrable-para-escritorio\/\" \/>\n<meta property=\"og:site_name\" content=\"Compuviper\" \/>\n<meta property=\"article:publisher\" content=\"https:\/\/www.facebook.com\/compuviper\" \/>\n<meta property=\"article:modified_time\" content=\"2026-04-02T07:03:06+00:00\" \/>\n<meta property=\"og:image\" content=\"https:\/\/compuviper.mx\/tienda\/wp-content\/uploads\/2023\/12\/Switch-mercusys-ms105g-5-puertos-rj45-gigabit-101001000-mbps-no-administrable-para-escritorio.jpg\" \/>\n\t<meta property=\"og:image:width\" content=\"200\" \/>\n\t<meta property=\"og:image:height\" content=\"200\" \/>\n\t<meta property=\"og:image:type\" content=\"image\/jpeg\" \/>\n<meta name=\"twitter:card\" content=\"summary_large_image\" \/>\n<meta name=\"twitter:label1\" content=\"Precio\" \/>\n\t<meta name=\"twitter:data1\" content=\"&#36;130 con IVA\" \/>\n\t<meta name=\"twitter:label2\" content=\"Availability\" \/>\n\t<meta name=\"twitter:data2\" content=\"In stock\" \/>\n<script type=\"application\/ld+json\" class=\"yoast-schema-graph\">{\"@context\":\"https:\/\/schema.org\",\"@graph\":[{\"@type\":\"WebPage\",\"@id\":\"https:\/\/compuviper.mx\/tienda\/producto\/tp-link-ms105g-switch-mercusys-5-puertos-rj45-gigabit-10-100-1000-mbps-no-administrable-para-escritorio\/\",\"url\":\"https:\/\/compuviper.mx\/tienda\/producto\/tp-link-ms105g-switch-mercusys-5-puertos-rj45-gigabit-10-100-1000-mbps-no-administrable-para-escritorio\/\",\"name\":\"[ Tp Link ] &#129351; Ms105g Switch | Mercusys| |5 Puertos Rj45 Gigabit 10\/100\/1000 Mbps | No Administrable | Para Escritorio\",\"isPartOf\":{\"@id\":\"https:\/\/compuviper.mx\/tienda\/#website\"},\"datePublished\":\"2026-04-02T07:03:05+00:00\",\"dateModified\":\"2026-04-02T07:03:06+00:00\",\"description\":\"Compra Ms105g Switch | Mercusys| |5 Puertos Rj45 Gigabit 10\/100\/1000 Mbps | No Administrable | Para Escritorio + Env\u00edo a domicilio + Pago seguro + Garant\u00eda\",\"breadcrumb\":{\"@id\":\"https:\/\/compuviper.mx\/tienda\/producto\/tp-link-ms105g-switch-mercusys-5-puertos-rj45-gigabit-10-100-1000-mbps-no-administrable-para-escritorio\/#breadcrumb\"},\"inLanguage\":\"es-MX\",\"potentialAction\":[{\"@type\":\"ReadAction\",\"target\":[\"https:\/\/compuviper.mx\/tienda\/producto\/tp-link-ms105g-switch-mercusys-5-puertos-rj45-gigabit-10-100-1000-mbps-no-administrable-para-escritorio\/\"]}]},{\"@type\":\"BreadcrumbList\",\"@id\":\"https:\/\/compuviper.mx\/tienda\/producto\/tp-link-ms105g-switch-mercusys-5-puertos-rj45-gigabit-10-100-1000-mbps-no-administrable-para-escritorio\/#breadcrumb\",\"itemListElement\":[{\"@type\":\"ListItem\",\"position\":1,\"name\":\"Inicio\",\"item\":\"https:\/\/compuviper.mx\/tienda\/\"},{\"@type\":\"ListItem\",\"position\":2,\"name\":\"Productos\",\"item\":\"https:\/\/compuviper.mx\/tienda\/productos\/\"},{\"@type\":\"ListItem\",\"position\":3,\"name\":\"Redes\",\"item\":\"https:\/\/compuviper.mx\/tienda\/categoria-producto\/redes\/\"},{\"@type\":\"ListItem\",\"position\":4,\"name\":\"Switch\",\"item\":\"https:\/\/compuviper.mx\/tienda\/categoria-producto\/redes\/switch\/\"},{\"@type\":\"ListItem\",\"position\":5,\"name\":\"Tp Link Ms105g Switch | Mercusys| |5 Puertos Rj45 Gigabit 10\/100\/1000 Mbps | No Administrable | Para Escritorio\"}]},{\"@type\":\"WebSite\",\"@id\":\"https:\/\/compuviper.mx\/tienda\/#website\",\"url\":\"https:\/\/compuviper.mx\/tienda\/\",\"name\":\"Compuviper\",\"description\":\"Proveedor de Computadoras, Laptops, Servidores, Monitores, Puntos de Venta, Teclados,   Impresoras, T\u00f3ner, C\u00e1maras de Seguridad y m\u00e1s en tu tienda en l\u00ednea\",\"publisher\":{\"@id\":\"https:\/\/compuviper.mx\/tienda\/#organization\"},\"potentialAction\":[{\"@type\":\"SearchAction\",\"target\":{\"@type\":\"EntryPoint\",\"urlTemplate\":\"https:\/\/compuviper.mx\/tienda\/?s={search_term_string}\"},\"query-input\":\"required name=search_term_string\"}],\"inLanguage\":\"es-MX\"},{\"@type\":\"Organization\",\"@id\":\"https:\/\/compuviper.mx\/tienda\/#organization\",\"name\":\"Compuviper\",\"url\":\"https:\/\/compuviper.mx\/tienda\/\",\"logo\":{\"@type\":\"ImageObject\",\"inLanguage\":\"es-MX\",\"@id\":\"https:\/\/compuviper.mx\/tienda\/#\/schema\/logo\/image\/\",\"url\":\"https:\/\/compuviper.mx\/tienda\/wp-content\/uploads\/2021\/08\/Logo-Compuviper-10.png\",\"contentUrl\":\"https:\/\/compuviper.mx\/tienda\/wp-content\/uploads\/2021\/08\/Logo-Compuviper-10.png\",\"width\":1000,\"height\":500,\"caption\":\"Compuviper\"},\"image\":{\"@id\":\"https:\/\/compuviper.mx\/tienda\/#\/schema\/logo\/image\/\"},\"sameAs\":[\"https:\/\/www.facebook.com\/compuviper\",\"https:\/\/www.youtube.com\/channel\/UCf73dERp9Y3cfOq7q8BhLjA?view_as=subscriber\"]}]}<\/script>\n<meta property=\"product:brand\" content=\"TP LINK\" \/>\n<meta property=\"product:price:amount\" content=\"130\" \/>\n<meta property=\"product:price:currency\" content=\"MXN\" \/>\n<meta property=\"og:availability\" content=\"instock\" \/>\n<meta property=\"product:availability\" content=\"instock\" \/>\n<meta property=\"product:retailer_item_id\" content=\"MS105G\" \/>\n<meta property=\"product:condition\" content=\"new\" \/>\n<!-- \/ Yoast SEO plugin. -->","yoast_head_json":{"title":"[ Tp Link ] &#129351; Ms105g Switch | Mercusys| |5 Puertos Rj45 Gigabit 10\/100\/1000 Mbps | No Administrable | Para Escritorio","description":"Compra Ms105g Switch | Mercusys| |5 Puertos Rj45 Gigabit 10\/100\/1000 Mbps | No Administrable | Para Escritorio + Env\u00edo a domicilio + Pago seguro + Garant\u00eda","robots":{"index":"index","follow":"follow","max-snippet":"max-snippet:-1","max-image-preview":"max-image-preview:large","max-video-preview":"max-video-preview:-1"},"canonical":"https:\/\/compuviper.mx\/tienda\/producto\/tp-link-ms105g-switch-mercusys-5-puertos-rj45-gigabit-10-100-1000-mbps-no-administrable-para-escritorio\/","og_locale":"es_MX","og_type":"article","og_title":"[ Tp Link ] &#129351; Ms105g Switch | Mercusys| |5 Puertos Rj45 Gigabit 10\/100\/1000 Mbps | No Administrable | Para Escritorio","og_description":"Compra Ms105g Switch | Mercusys| |5 Puertos Rj45 Gigabit 10\/100\/1000 Mbps | No Administrable | Para Escritorio + Env\u00edo a domicilio + Pago seguro + Garant\u00eda","og_url":"https:\/\/compuviper.mx\/tienda\/producto\/tp-link-ms105g-switch-mercusys-5-puertos-rj45-gigabit-10-100-1000-mbps-no-administrable-para-escritorio\/","og_site_name":"Compuviper","article_publisher":"https:\/\/www.facebook.com\/compuviper","article_modified_time":"2026-04-02T07:03:06+00:00","og_image":[{"width":200,"height":200,"url":"https:\/\/compuviper.mx\/tienda\/wp-content\/uploads\/2023\/12\/Switch-mercusys-ms105g-5-puertos-rj45-gigabit-101001000-mbps-no-administrable-para-escritorio.jpg","type":"image\/jpeg"}],"twitter_card":"summary_large_image","twitter_misc":{"Precio":"&#36;130 con IVA","Availability":"In stock"},"schema":{"@context":"https:\/\/schema.org","@graph":[{"@type":"WebPage","@id":"https:\/\/compuviper.mx\/tienda\/producto\/tp-link-ms105g-switch-mercusys-5-puertos-rj45-gigabit-10-100-1000-mbps-no-administrable-para-escritorio\/","url":"https:\/\/compuviper.mx\/tienda\/producto\/tp-link-ms105g-switch-mercusys-5-puertos-rj45-gigabit-10-100-1000-mbps-no-administrable-para-escritorio\/","name":"[ Tp Link ] &#129351; Ms105g Switch | Mercusys| |5 Puertos Rj45 Gigabit 10\/100\/1000 Mbps | No Administrable | Para Escritorio","isPartOf":{"@id":"https:\/\/compuviper.mx\/tienda\/#website"},"datePublished":"2026-04-02T07:03:05+00:00","dateModified":"2026-04-02T07:03:06+00:00","description":"Compra Ms105g Switch | Mercusys| |5 Puertos Rj45 Gigabit 10\/100\/1000 Mbps | No Administrable | Para Escritorio + Env\u00edo a domicilio + Pago seguro + Garant\u00eda","breadcrumb":{"@id":"https:\/\/compuviper.mx\/tienda\/producto\/tp-link-ms105g-switch-mercusys-5-puertos-rj45-gigabit-10-100-1000-mbps-no-administrable-para-escritorio\/#breadcrumb"},"inLanguage":"es-MX","potentialAction":[{"@type":"ReadAction","target":["https:\/\/compuviper.mx\/tienda\/producto\/tp-link-ms105g-switch-mercusys-5-puertos-rj45-gigabit-10-100-1000-mbps-no-administrable-para-escritorio\/"]}]},{"@type":"BreadcrumbList","@id":"https:\/\/compuviper.mx\/tienda\/producto\/tp-link-ms105g-switch-mercusys-5-puertos-rj45-gigabit-10-100-1000-mbps-no-administrable-para-escritorio\/#breadcrumb","itemListElement":[{"@type":"ListItem","position":1,"name":"Inicio","item":"https:\/\/compuviper.mx\/tienda\/"},{"@type":"ListItem","position":2,"name":"Productos","item":"https:\/\/compuviper.mx\/tienda\/productos\/"},{"@type":"ListItem","position":3,"name":"Redes","item":"https:\/\/compuviper.mx\/tienda\/categoria-producto\/redes\/"},{"@type":"ListItem","position":4,"name":"Switch","item":"https:\/\/compuviper.mx\/tienda\/categoria-producto\/redes\/switch\/"},{"@type":"ListItem","position":5,"name":"Tp Link Ms105g Switch | Mercusys| |5 Puertos Rj45 Gigabit 10\/100\/1000 Mbps | No Administrable | Para Escritorio"}]},{"@type":"WebSite","@id":"https:\/\/compuviper.mx\/tienda\/#website","url":"https:\/\/compuviper.mx\/tienda\/","name":"Compuviper","description":"Proveedor de Computadoras, Laptops, Servidores, Monitores, Puntos de Venta, Teclados,   Impresoras, T\u00f3ner, C\u00e1maras de Seguridad y m\u00e1s en tu tienda en l\u00ednea","publisher":{"@id":"https:\/\/compuviper.mx\/tienda\/#organization"},"potentialAction":[{"@type":"SearchAction","target":{"@type":"EntryPoint","urlTemplate":"https:\/\/compuviper.mx\/tienda\/?s={search_term_string}"},"query-input":"required name=search_term_string"}],"inLanguage":"es-MX"},{"@type":"Organization","@id":"https:\/\/compuviper.mx\/tienda\/#organization","name":"Compuviper","url":"https:\/\/compuviper.mx\/tienda\/","logo":{"@type":"ImageObject","inLanguage":"es-MX","@id":"https:\/\/compuviper.mx\/tienda\/#\/schema\/logo\/image\/","url":"https:\/\/compuviper.mx\/tienda\/wp-content\/uploads\/2021\/08\/Logo-Compuviper-10.png","contentUrl":"https:\/\/compuviper.mx\/tienda\/wp-content\/uploads\/2021\/08\/Logo-Compuviper-10.png","width":1000,"height":500,"caption":"Compuviper"},"image":{"@id":"https:\/\/compuviper.mx\/tienda\/#\/schema\/logo\/image\/"},"sameAs":["https:\/\/www.facebook.com\/compuviper","https:\/\/www.youtube.com\/channel\/UCf73dERp9Y3cfOq7q8BhLjA?view_as=subscriber"]}]},"product_brand":"TP LINK","product_price_amount":"130","product_price_currency":"MXN","og_availability":"instock","product_availability":"instock","product_retailer_item_id":"MS105G","product_condition":"new"},"_links":{"self":[{"href":"https:\/\/compuviper.mx\/tienda\/wp-json\/wp\/v2\/product\/220800"}],"collection":[{"href":"https:\/\/compuviper.mx\/tienda\/wp-json\/wp\/v2\/product"}],"about":[{"href":"https:\/\/compuviper.mx\/tienda\/wp-json\/wp\/v2\/types\/product"}],"replies":[{"embeddable":true,"href":"https:\/\/compuviper.mx\/tienda\/wp-json\/wp\/v2\/comments?post=220800"}],"wp:featuredmedia":[{"embeddable":true,"href":"https:\/\/compuviper.mx\/tienda\/wp-json\/wp\/v2\/media\/220801"}],"wp:attachment":[{"href":"https:\/\/compuviper.mx\/tienda\/wp-json\/wp\/v2\/media?parent=220800"}],"wp:term":[{"taxonomy":"product_cat","embeddable":true,"href":"https:\/\/compuviper.mx\/tienda\/wp-json\/wp\/v2\/product_cat?post=220800"},{"taxonomy":"product_tag","embeddable":true,"href":"https:\/\/compuviper.mx\/tienda\/wp-json\/wp\/v2\/product_tag?post=220800"}],"curies":[{"name":"wp","href":"https:\/\/api.w.org\/{rel}","templated":true}]}}