{"id":220798,"date":"2026-04-10T00:58:40","date_gmt":"2026-04-10T06:58:40","guid":{"rendered":"https:\/\/compuviper.mx\/tienda\/producto\/tp-link-mw300uh-tarjeta-de-red-mercusys-usb-300mbps-2-antenas\/"},"modified":"2026-04-10T00:58:40","modified_gmt":"2026-04-10T06:58:40","slug":"tp-link-mw300uh-tarjeta-de-red-mercusys-usb-300mbps-2-antenas","status":"publish","type":"product","link":"https:\/\/compuviper.mx\/tienda\/producto\/tp-link-mw300uh-tarjeta-de-red-mercusys-usb-300mbps-2-antenas\/","title":{"rendered":"Tp Link Mw300uh Tarjeta De Red Mercusys  Usb 300mbps 2 Antenas"},"content":{"rendered":"<table class=\"descripcion\">\n<tr>\n<td>Mw300uh<\/td>\n<\/tr>\n<tr>\n<td>Tipo de antena: externo<\/td>\n<\/tr>\n<tr>\n<td>Dimensiones (wxdxh)<\/td>\n<\/tr>\n<tr>\n<td>4.46 \u00d7 2.51 \u00d7 0.85 pulg. (sin antenas)<\/td>\n<\/tr>\n<tr>\n<td>4.46 \u00d7 3.96 \u00d7 7.92 pulg. (con antenas verticales)<\/td>\n<\/tr>\n<tr>\n<td>113.2 \u00d7 63.8 \u00d7 21.7 mm (sin antenas)<\/td>\n<\/tr>\n<tr>\n<td>113.2 \u00d7 100.5 \u00d7 201.1 mm (con antenas verticales)<\/td>\n<\/tr>\n<tr>\n<td>Tasa de se\u00f1al<\/td>\n<\/tr>\n<tr>\n<td>11n: hasta 300 mbps (din\u00e1mico)<\/td>\n<\/tr>\n<tr>\n<td>11g: hasta 54 mbps (din\u00e1mico)<\/td>\n<\/tr>\n<tr>\n<td>11b: hasta 11 mbps (din\u00e1mico)<\/td>\n<\/tr>\n<tr>\n<td>Est\u00e1ndares inal\u00e1mbricos<\/td>\n<\/tr>\n<tr>\n<td>Ieee 802.11n, ieee 802.11g, ieee 802.11b<\/td>\n<\/tr>\n<tr>\n<td>Frecuencia<\/td>\n<\/tr>\n<tr>\n<td>2.400 &#8211; 2.4835 ghz<\/td>\n<\/tr>\n<tr>\n<td>Sensibilidad de recepci\u00f3n<\/td>\n<\/tr>\n<tr>\n<td>300m: -68 dbm @ 10% per<\/td>\n<\/tr>\n<tr>\n<td>270m: -68 dbm @ 10% per<\/td>\n<\/tr>\n<tr>\n<td>144m: -71 dbm @ 10% per<\/td>\n<\/tr>\n<tr>\n<td>130m: -71 dbm @ 10% per<\/td>\n<\/tr>\n<tr>\n<td>54m: -74 dbm @ 10% per<\/td>\n<\/tr>\n<tr>\n<td>11m: -86 dbm @ 8% per<\/td>\n<\/tr>\n<tr>\n<td>6m: -90 dbm @ 10% per<\/td>\n<\/tr>\n<tr>\n<td>1m: -94 dbm @ 8% por<\/td>\n<\/tr>\n<tr>\n<td>Interfaces: micro usb 2.0<\/td>\n<\/tr>\n<tr>\n<td>Certificaciones: ce, rohs<\/td>\n<\/tr>\n<tr>\n<td>Contenidos del paquete:<\/td>\n<\/tr>\n<tr>\n<td>Adaptador usb inal\u00e1mbrico de alta ganancia de 300 mbps (mw300uh)<\/td>\n<\/tr>\n<tr>\n<td>Gu\u00eda de instalaci\u00f3n r\u00e1pida<\/td>\n<\/tr>\n<tr>\n<td>Resource cd<\/td>\n<\/tr>\n<tr>\n<td>Cable usb (micro usb a usb a)<\/td>\n<\/tr>\n<tr>\n<td>Ambiente:<\/td>\n<\/tr>\n<tr>\n<td>Temperatura de funcionamiento: 0  and #8304; c ~ 40  and #8304; c (32  and #8304; f ~ 104  and #8304; f)<\/td>\n<\/tr>\n<tr>\n<td>Temperatura de almacenamiento: -40  and #8304; c ~ 70  and #8304; c (-40  and #8304; f ~ 158  and #8304; f)<\/td>\n<\/tr>\n<tr>\n<td>Humedad de funcionamiento: 10% ~ 90% sin condensaci\u00f3n<\/td>\n<\/tr>\n<tr>\n<td>Humedad de almacenamiento: 5% ~ 90% sin condensaci\u00f3n<\/td>\n<\/tr>\n<tr>\n<td>Poder de transmision:  and #8804;20 dbm (eirp)<\/td>\n<\/tr>\n<tr>\n<td>Seguridad inal\u00e1mbrica: wep, wpa \/ wpa2, wpa-psk \/ wpa2-psk<\/td>\n<\/tr>\n<tr>\n<td>Requisitos del sistema: windows 10 \/ 8.1 \/ 8\/7 \/ xp (32\/64 bit)<\/td>\n<\/tr>\n<\/table>\n","protected":false},"excerpt":{"rendered":"<p>Mw300uh. Adaptador usb inal\u00e1mbrico de alta ganancia de 300mbps. * proporciona conexiones wi-fi r\u00e1pidas de 300 mbps para dispositivos con cable. * dos antenas de alta ganancia de 5dbi ofrecen un mejor rendimiento de transmisi\u00f3n y recepci\u00f3n. * con 2 \u00d7 2 mimo, los usuarios pueden acceder f\u00e1cilmente a la conexi\u00f3n inal\u00e1mbrica de alta velocidad. * admite windows 10 \/ 8.1 \/ 8\/7 \/ xp (32 \/ 64bit. Mw300uh tiene dos antenas externas de alta ganancia para garantizar una transmisi\u00f3n y recepci\u00f3n de la se\u00f1al m\u00e1s fuertes, lo que ayuda a los usuarios a obtener una conexi\u00f3n wi-fi estable en su hogar. El cable hace que sea f\u00e1cil encontrar un lugar para mw300uh en su lugar de trabajo. Adem\u00e1s, en comparaci\u00f3n con los adaptadores insertados en la ranura, este dise\u00f1o le permite acercarlo al enrutador, de manera que pueda recibir se\u00f1ales m\u00e1s fuertes.<\/p>\n","protected":false},"featured_media":220799,"comment_status":"open","ping_status":"open","template":"","meta":[],"product_cat":[1563,1572],"product_tag":[1562],"acf":[],"yoast_head":"<!-- This site is optimized with the Yoast SEO plugin v21.7 - https:\/\/yoast.com\/wordpress\/plugins\/seo\/ -->\n<title>[ Tp Link ] &#129351; Mw300uh Tarjeta De Red Mercusys Usb 300mbps 2 Antenas<\/title>\n<meta name=\"description\" content=\"Compra Mw300uh Tarjeta De Red Mercusys Usb 300mbps 2 Antenas + Env\u00edo a domicilio + Pago seguro + Garant\u00eda\" \/>\n<meta name=\"robots\" content=\"index, follow, max-snippet:-1, max-image-preview:large, max-video-preview:-1\" \/>\n<link rel=\"canonical\" href=\"https:\/\/compuviper.mx\/tienda\/producto\/tp-link-mw300uh-tarjeta-de-red-mercusys-usb-300mbps-2-antenas\/\" \/>\n<meta property=\"og:locale\" content=\"es_MX\" \/>\n<meta property=\"og:type\" content=\"article\" \/>\n<meta property=\"og:title\" content=\"[ Tp Link ] &#129351; Mw300uh Tarjeta De Red Mercusys Usb 300mbps 2 Antenas\" \/>\n<meta property=\"og:description\" content=\"Compra Mw300uh Tarjeta De Red Mercusys Usb 300mbps 2 Antenas + Env\u00edo a domicilio + Pago seguro + Garant\u00eda\" \/>\n<meta property=\"og:url\" content=\"https:\/\/compuviper.mx\/tienda\/producto\/tp-link-mw300uh-tarjeta-de-red-mercusys-usb-300mbps-2-antenas\/\" \/>\n<meta property=\"og:site_name\" content=\"Compuviper\" \/>\n<meta property=\"article:publisher\" content=\"https:\/\/www.facebook.com\/compuviper\" \/>\n<meta property=\"og:image\" content=\"https:\/\/compuviper.mx\/tienda\/wp-content\/uploads\/2023\/12\/Tarjeta-de-red-mercusys-mw300uh-usb-300mbps-2-antenas.jpg\" \/>\n\t<meta property=\"og:image:width\" content=\"200\" \/>\n\t<meta property=\"og:image:height\" content=\"200\" \/>\n\t<meta property=\"og:image:type\" content=\"image\/jpeg\" \/>\n<meta name=\"twitter:card\" content=\"summary_large_image\" \/>\n<meta name=\"twitter:label1\" content=\"Precio\" \/>\n\t<meta name=\"twitter:data1\" content=\"&#36;158 con IVA\" \/>\n\t<meta name=\"twitter:label2\" content=\"Availability\" \/>\n\t<meta name=\"twitter:data2\" content=\"Out of stock\" \/>\n<script type=\"application\/ld+json\" class=\"yoast-schema-graph\">{\"@context\":\"https:\/\/schema.org\",\"@graph\":[{\"@type\":\"WebPage\",\"@id\":\"https:\/\/compuviper.mx\/tienda\/producto\/tp-link-mw300uh-tarjeta-de-red-mercusys-usb-300mbps-2-antenas\/\",\"url\":\"https:\/\/compuviper.mx\/tienda\/producto\/tp-link-mw300uh-tarjeta-de-red-mercusys-usb-300mbps-2-antenas\/\",\"name\":\"[ Tp Link ] &#129351; Mw300uh Tarjeta De Red Mercusys Usb 300mbps 2 Antenas\",\"isPartOf\":{\"@id\":\"https:\/\/compuviper.mx\/tienda\/#website\"},\"datePublished\":\"2026-04-10T06:58:40+00:00\",\"dateModified\":\"2026-04-10T06:58:40+00:00\",\"description\":\"Compra Mw300uh Tarjeta De Red Mercusys Usb 300mbps 2 Antenas + Env\u00edo a domicilio + Pago seguro + Garant\u00eda\",\"breadcrumb\":{\"@id\":\"https:\/\/compuviper.mx\/tienda\/producto\/tp-link-mw300uh-tarjeta-de-red-mercusys-usb-300mbps-2-antenas\/#breadcrumb\"},\"inLanguage\":\"es-MX\",\"potentialAction\":[{\"@type\":\"ReadAction\",\"target\":[\"https:\/\/compuviper.mx\/tienda\/producto\/tp-link-mw300uh-tarjeta-de-red-mercusys-usb-300mbps-2-antenas\/\"]}]},{\"@type\":\"BreadcrumbList\",\"@id\":\"https:\/\/compuviper.mx\/tienda\/producto\/tp-link-mw300uh-tarjeta-de-red-mercusys-usb-300mbps-2-antenas\/#breadcrumb\",\"itemListElement\":[{\"@type\":\"ListItem\",\"position\":1,\"name\":\"Inicio\",\"item\":\"https:\/\/compuviper.mx\/tienda\/\"},{\"@type\":\"ListItem\",\"position\":2,\"name\":\"Productos\",\"item\":\"https:\/\/compuviper.mx\/tienda\/productos\/\"},{\"@type\":\"ListItem\",\"position\":3,\"name\":\"Redes\",\"item\":\"https:\/\/compuviper.mx\/tienda\/categoria-producto\/redes\/\"},{\"@type\":\"ListItem\",\"position\":4,\"name\":\"Tarjetas De Red\",\"item\":\"https:\/\/compuviper.mx\/tienda\/categoria-producto\/redes\/tarjetas-de-red\/\"},{\"@type\":\"ListItem\",\"position\":5,\"name\":\"Tp Link Mw300uh Tarjeta De Red Mercusys Usb 300mbps 2 Antenas\"}]},{\"@type\":\"WebSite\",\"@id\":\"https:\/\/compuviper.mx\/tienda\/#website\",\"url\":\"https:\/\/compuviper.mx\/tienda\/\",\"name\":\"Compuviper\",\"description\":\"Proveedor de Computadoras, Laptops, Servidores, Monitores, Puntos de Venta, Teclados,   Impresoras, T\u00f3ner, C\u00e1maras de Seguridad y m\u00e1s en tu tienda en l\u00ednea\",\"publisher\":{\"@id\":\"https:\/\/compuviper.mx\/tienda\/#organization\"},\"potentialAction\":[{\"@type\":\"SearchAction\",\"target\":{\"@type\":\"EntryPoint\",\"urlTemplate\":\"https:\/\/compuviper.mx\/tienda\/?s={search_term_string}\"},\"query-input\":\"required name=search_term_string\"}],\"inLanguage\":\"es-MX\"},{\"@type\":\"Organization\",\"@id\":\"https:\/\/compuviper.mx\/tienda\/#organization\",\"name\":\"Compuviper\",\"url\":\"https:\/\/compuviper.mx\/tienda\/\",\"logo\":{\"@type\":\"ImageObject\",\"inLanguage\":\"es-MX\",\"@id\":\"https:\/\/compuviper.mx\/tienda\/#\/schema\/logo\/image\/\",\"url\":\"https:\/\/compuviper.mx\/tienda\/wp-content\/uploads\/2021\/08\/Logo-Compuviper-10.png\",\"contentUrl\":\"https:\/\/compuviper.mx\/tienda\/wp-content\/uploads\/2021\/08\/Logo-Compuviper-10.png\",\"width\":1000,\"height\":500,\"caption\":\"Compuviper\"},\"image\":{\"@id\":\"https:\/\/compuviper.mx\/tienda\/#\/schema\/logo\/image\/\"},\"sameAs\":[\"https:\/\/www.facebook.com\/compuviper\",\"https:\/\/www.youtube.com\/channel\/UCf73dERp9Y3cfOq7q8BhLjA?view_as=subscriber\"]}]}<\/script>\n<meta property=\"product:brand\" content=\"TP LINK\" \/>\n<meta property=\"product:price:amount\" content=\"158\" \/>\n<meta property=\"product:price:currency\" content=\"MXN\" \/>\n<meta property=\"og:availability\" content=\"out of stock\" \/>\n<meta property=\"product:availability\" content=\"out of stock\" \/>\n<meta property=\"product:retailer_item_id\" content=\"MW300UH\" \/>\n<meta property=\"product:condition\" content=\"new\" \/>\n<!-- \/ Yoast SEO plugin. -->","yoast_head_json":{"title":"[ Tp Link ] &#129351; Mw300uh Tarjeta De Red Mercusys Usb 300mbps 2 Antenas","description":"Compra Mw300uh Tarjeta De Red Mercusys Usb 300mbps 2 Antenas + Env\u00edo a domicilio + Pago seguro + Garant\u00eda","robots":{"index":"index","follow":"follow","max-snippet":"max-snippet:-1","max-image-preview":"max-image-preview:large","max-video-preview":"max-video-preview:-1"},"canonical":"https:\/\/compuviper.mx\/tienda\/producto\/tp-link-mw300uh-tarjeta-de-red-mercusys-usb-300mbps-2-antenas\/","og_locale":"es_MX","og_type":"article","og_title":"[ Tp Link ] &#129351; Mw300uh Tarjeta De Red Mercusys Usb 300mbps 2 Antenas","og_description":"Compra Mw300uh Tarjeta De Red Mercusys Usb 300mbps 2 Antenas + Env\u00edo a domicilio + Pago seguro + Garant\u00eda","og_url":"https:\/\/compuviper.mx\/tienda\/producto\/tp-link-mw300uh-tarjeta-de-red-mercusys-usb-300mbps-2-antenas\/","og_site_name":"Compuviper","article_publisher":"https:\/\/www.facebook.com\/compuviper","og_image":[{"width":200,"height":200,"url":"https:\/\/compuviper.mx\/tienda\/wp-content\/uploads\/2023\/12\/Tarjeta-de-red-mercusys-mw300uh-usb-300mbps-2-antenas.jpg","type":"image\/jpeg"}],"twitter_card":"summary_large_image","twitter_misc":{"Precio":"&#36;158 con IVA","Availability":"Out of stock"},"schema":{"@context":"https:\/\/schema.org","@graph":[{"@type":"WebPage","@id":"https:\/\/compuviper.mx\/tienda\/producto\/tp-link-mw300uh-tarjeta-de-red-mercusys-usb-300mbps-2-antenas\/","url":"https:\/\/compuviper.mx\/tienda\/producto\/tp-link-mw300uh-tarjeta-de-red-mercusys-usb-300mbps-2-antenas\/","name":"[ Tp Link ] &#129351; Mw300uh Tarjeta De Red Mercusys Usb 300mbps 2 Antenas","isPartOf":{"@id":"https:\/\/compuviper.mx\/tienda\/#website"},"datePublished":"2026-04-10T06:58:40+00:00","dateModified":"2026-04-10T06:58:40+00:00","description":"Compra Mw300uh Tarjeta De Red Mercusys Usb 300mbps 2 Antenas + Env\u00edo a domicilio + Pago seguro + Garant\u00eda","breadcrumb":{"@id":"https:\/\/compuviper.mx\/tienda\/producto\/tp-link-mw300uh-tarjeta-de-red-mercusys-usb-300mbps-2-antenas\/#breadcrumb"},"inLanguage":"es-MX","potentialAction":[{"@type":"ReadAction","target":["https:\/\/compuviper.mx\/tienda\/producto\/tp-link-mw300uh-tarjeta-de-red-mercusys-usb-300mbps-2-antenas\/"]}]},{"@type":"BreadcrumbList","@id":"https:\/\/compuviper.mx\/tienda\/producto\/tp-link-mw300uh-tarjeta-de-red-mercusys-usb-300mbps-2-antenas\/#breadcrumb","itemListElement":[{"@type":"ListItem","position":1,"name":"Inicio","item":"https:\/\/compuviper.mx\/tienda\/"},{"@type":"ListItem","position":2,"name":"Productos","item":"https:\/\/compuviper.mx\/tienda\/productos\/"},{"@type":"ListItem","position":3,"name":"Redes","item":"https:\/\/compuviper.mx\/tienda\/categoria-producto\/redes\/"},{"@type":"ListItem","position":4,"name":"Tarjetas De Red","item":"https:\/\/compuviper.mx\/tienda\/categoria-producto\/redes\/tarjetas-de-red\/"},{"@type":"ListItem","position":5,"name":"Tp Link Mw300uh Tarjeta De Red Mercusys Usb 300mbps 2 Antenas"}]},{"@type":"WebSite","@id":"https:\/\/compuviper.mx\/tienda\/#website","url":"https:\/\/compuviper.mx\/tienda\/","name":"Compuviper","description":"Proveedor de Computadoras, Laptops, Servidores, Monitores, Puntos de Venta, Teclados,   Impresoras, T\u00f3ner, C\u00e1maras de Seguridad y m\u00e1s en tu tienda en l\u00ednea","publisher":{"@id":"https:\/\/compuviper.mx\/tienda\/#organization"},"potentialAction":[{"@type":"SearchAction","target":{"@type":"EntryPoint","urlTemplate":"https:\/\/compuviper.mx\/tienda\/?s={search_term_string}"},"query-input":"required name=search_term_string"}],"inLanguage":"es-MX"},{"@type":"Organization","@id":"https:\/\/compuviper.mx\/tienda\/#organization","name":"Compuviper","url":"https:\/\/compuviper.mx\/tienda\/","logo":{"@type":"ImageObject","inLanguage":"es-MX","@id":"https:\/\/compuviper.mx\/tienda\/#\/schema\/logo\/image\/","url":"https:\/\/compuviper.mx\/tienda\/wp-content\/uploads\/2021\/08\/Logo-Compuviper-10.png","contentUrl":"https:\/\/compuviper.mx\/tienda\/wp-content\/uploads\/2021\/08\/Logo-Compuviper-10.png","width":1000,"height":500,"caption":"Compuviper"},"image":{"@id":"https:\/\/compuviper.mx\/tienda\/#\/schema\/logo\/image\/"},"sameAs":["https:\/\/www.facebook.com\/compuviper","https:\/\/www.youtube.com\/channel\/UCf73dERp9Y3cfOq7q8BhLjA?view_as=subscriber"]}]},"product_brand":"TP LINK","product_price_amount":"158","product_price_currency":"MXN","og_availability":"out of stock","product_availability":"out of stock","product_retailer_item_id":"MW300UH","product_condition":"new"},"_links":{"self":[{"href":"https:\/\/compuviper.mx\/tienda\/wp-json\/wp\/v2\/product\/220798"}],"collection":[{"href":"https:\/\/compuviper.mx\/tienda\/wp-json\/wp\/v2\/product"}],"about":[{"href":"https:\/\/compuviper.mx\/tienda\/wp-json\/wp\/v2\/types\/product"}],"replies":[{"embeddable":true,"href":"https:\/\/compuviper.mx\/tienda\/wp-json\/wp\/v2\/comments?post=220798"}],"wp:featuredmedia":[{"embeddable":true,"href":"https:\/\/compuviper.mx\/tienda\/wp-json\/wp\/v2\/media\/220799"}],"wp:attachment":[{"href":"https:\/\/compuviper.mx\/tienda\/wp-json\/wp\/v2\/media?parent=220798"}],"wp:term":[{"taxonomy":"product_cat","embeddable":true,"href":"https:\/\/compuviper.mx\/tienda\/wp-json\/wp\/v2\/product_cat?post=220798"},{"taxonomy":"product_tag","embeddable":true,"href":"https:\/\/compuviper.mx\/tienda\/wp-json\/wp\/v2\/product_tag?post=220798"}],"curies":[{"name":"wp","href":"https:\/\/api.w.org\/{rel}","templated":true}]}}