{"id":220796,"date":"2026-04-02T01:03:04","date_gmt":"2026-04-02T07:03:04","guid":{"rendered":"https:\/\/compuviper.mx\/tienda\/producto\/tp-link-mw330hp-router-mercusys-inalambrico-300mbps-sustituye-a-tl-wr941hp\/"},"modified":"2026-04-02T01:03:04","modified_gmt":"2026-04-02T07:03:04","slug":"tp-link-mw330hp-router-mercusys-inalambrico-300mbps-sustituye-a-tl-wr941hp","status":"publish","type":"product","link":"https:\/\/compuviper.mx\/tienda\/producto\/tp-link-mw330hp-router-mercusys-inalambrico-300mbps-sustituye-a-tl-wr941hp\/","title":{"rendered":"Tp Link Mw330hp Router | Mercusys |  | Inalambrico | 300mbps | Sustituye A Tl-wr941hp"},"content":{"rendered":"<table class=\"descripcion\">\n<tr>\n<td>Interfaces: 3 * 10 \/ 100mbps puertos lan  \/  1 * 10 \/ 100mbps puerto wan<\/td>\n<\/tr>\n<tr>\n<td>Dimensiones (wxdxh): 192mm\u00d7127mm\u00d736mm<\/td>\n<\/tr>\n<tr>\n<td>Fuente de alimentaci\u00f3n externa: 9v \/ 0.6a<\/td>\n<\/tr>\n<tr>\n<td>Tipo de antena: 3 * 7dbi<\/td>\n<\/tr>\n<tr>\n<td>Tasa de se\u00f1al: 11n: hasta 300mbps (din\u00e1mico)  \/  11g: hasta 54mbps (din\u00e1mico)  \/  11b: hasta 11mbps (din\u00e1mico)<\/td>\n<\/tr>\n<tr>\n<td>Bot\u00f3n: turbo, wps \/ reset<\/td>\n<\/tr>\n<tr>\n<td>Est\u00e1ndares inal\u00e1mbricos: ieee 802.11b \/ g \/ n<\/td>\n<\/tr>\n<tr>\n<td>Frecuencia: 2.402-2.482ghz<\/td>\n<\/tr>\n<tr>\n<td>Sensibilidad de recepci\u00f3n: 270m: -74dbm @ 10% para  \/  130m: -76dbm @ 10% para  \/  54m: -78dbm @ 10% para  \/  11m: -90dbm @ 10% para  \/  6m: -94dbm @ 10% para  \/  1m: -96dbm @ 10% para<\/td>\n<\/tr>\n<tr>\n<td>Contenidos del paquete: router inal\u00e1mbrico n de alta potencia a 300 mbps (mw330hp)  \/  cable ethernet  \/  adaptador de alimentaci\u00f3n  \/  gu\u00eda de instalaci\u00f3n r\u00e1pida<\/td>\n<\/tr>\n<tr>\n<td>Ambiente: temperatura de funcionamiento: 0 \u00b0 c ~ 40 \u00b0 c (32 \u00b0 f ~ 104 \u00b0 f)  \/  temperatura de almacenamiento: -40 \u00b0 c ~ 70 \u00b0 c (-40 \u00b0 f ~ 158 \u00b0 f)  \/  humedad de funcionamiento: 10% ~ 90% non-  \/  humedad de almacenamiento de condensaci\u00f3n : 5% ~ 90% sin condensaci\u00f3n<\/td>\n<\/tr>\n<tr>\n<td>Poder de transmision:  20dbm (eirp)<\/td>\n<\/tr>\n<tr>\n<td>Seguridad inal\u00e1mbrica: wpa-psk \/ wpa2-psk<\/td>\n<\/tr>\n<tr>\n<td>Funciones inal\u00e1mbricas: activar \/ desactivar radio inal\u00e1mbrica, wds bridging<\/td>\n<\/tr>\n<tr>\n<td>Tipo de wan: ip din\u00e1mica \/ ip est\u00e1tica \/ pppoe \/ pptp \/ l2tp<\/td>\n<\/tr>\n<tr>\n<td>Administraci\u00f3n: control de acceso \/ gesti\u00f3n local \/ gesti\u00f3n remota<\/td>\n<\/tr>\n<tr>\n<td>Dhcp: servidor<\/td>\n<\/tr>\n<tr>\n<td>Reenv\u00edo de puertos: servidor virtual, upnp, dmz<\/td>\n<\/tr>\n<tr>\n<td>Seguridad de firewall: enlace de direcciones ip y mac<\/td>\n<\/tr>\n<tr>\n<td>Red de invitados: red de invitados de 2.4ghz<\/td>\n<\/tr>\n<\/table>\n","protected":false},"excerpt":{"rendered":"<p>Router inal\u00e1mbrico n de alta potencia de 300mbps. Mw330hp. * velocidad inal\u00e1mbrica de 300mbps: ideal para la transmisi\u00f3n r\u00e1pida de video, juegos en l\u00ednea y descargas de archivos. * bot\u00f3n turbo: mejora instant\u00e1neamente la se\u00f1al de wi-fi y expande la cobertura inal\u00e1mbrica. * chip pa: proporciona una potencia de transmisi\u00f3n de hasta 2x, lo suficientemente fuerte como para penetrar en las paredes y otros obst\u00e1culos. * antenas de 7dbi de alta ganancia: aumenta considerablemente el alcance y la cobertura inal\u00e1mbricos. * instalaci\u00f3n sencilla: la p\u00e1gina web intuitiva lo gu\u00eda a trav\u00e9s del proceso de configuraci\u00f3n en minutos. Cobertura ampliada de wi-fi y conexiones estables. El mw330hp usa el bot\u00f3n turbo, el chip pa aut\u00f3nomo y las antenas de 7dbi de alta ganancia para brindar una experiencia inal\u00e1mbrica superior. Con una cobertura wi-fi ampliada y conexiones estables, puede disfrutar de internet en cada rinc\u00f3n de su hogar. Chip de pa independiente. Superando a una parte interna de la cpu, el amplificador de potencia independiente (pa) proporciona hasta 2 veces la potencia de transmisi\u00f3n, lo que garantiza que. Su se\u00f1al inal\u00e1mbrica sea lo suficientemente fuerte como para penetrar en las paredes y. Otros obst\u00e1culos. Tres antenas 7dbi. Las antenas de alta ganancia pueden aumentar el alcance y la cobertura inal\u00e1mbrica. Haciendo que todas sus conexiones sean m\u00e1s fuertes. Instalaci\u00f3n en tres pasos. Sin la necesidad de una configuraci\u00f3n complicada, simplemente puede seguir las. Instrucciones paso a paso en la p\u00e1gina web intuitiva para configurar su mw325r en minutos. 1 \/ crear una contrase\u00f1a de inicio de sesi\u00f3n \u00fanica. 2 \/ elija su servicio de internet y complete la informaci\u00f3n requerida. 3 \/ configure su nombre de red inal\u00e1mbrica (ssid) y contrase\u00f1a. * wi-fi de 300mbps: ideal para la transmisi\u00f3n r\u00e1pida de videos, juegos en l\u00ednea y descargas de archivos. * bot\u00f3n wps: establezca una conexi\u00f3n encriptada con solo presionar el bot\u00f3n wps. * controles parentales: los padres pueden establecer pol\u00edticas apropiadas para controlar el acceso a internet de los ni\u00f1os. (las velocidades m\u00e1ximas de se\u00f1al inal\u00e1mbrica son las velocidades f\u00edsicas derivadas de las especificaciones ieee standard 802.11. El rendimiento real de los datos inal\u00e1mbricos y la cobertura inal\u00e1mbrica no est\u00e1n garantizados y variar\u00e1n como resultado de 1) factores ambientales, incluidos los materiales de construcci\u00f3n, objetos f\u00edsicos y obst\u00e1culos, 2) las condiciones de la red, incluidas la interferencia local, el volumen y la densidad del tr\u00e1fico, la ubicaci\u00f3n del producto, la complejidad de la red y la sobrecarga de la red, y 3) las limitaciones del cliente, incluido el rendimiento nominal, la ubicaci\u00f3n, la conexi\u00f3n, la calidad y la condici\u00f3n del cliente)<\/p>\n","protected":false},"featured_media":220797,"comment_status":"open","ping_status":"open","template":"","meta":[],"product_cat":[1563,1753],"product_tag":[1562],"acf":[],"yoast_head":"<!-- This site is optimized with the Yoast SEO plugin v21.7 - https:\/\/yoast.com\/wordpress\/plugins\/seo\/ -->\n<title>[ Tp Link ] &#129351; Mw330hp Router | Mercusys | | Inalambrico | 300mbps | Sustituye A Tl-wr941hp<\/title>\n<meta name=\"description\" content=\"Compra Mw330hp Router | Mercusys | | Inalambrico | 300mbps | Sustituye A Tl-wr941hp + Env\u00edo a domicilio + Pago seguro + Garant\u00eda\" \/>\n<meta name=\"robots\" content=\"index, follow, max-snippet:-1, max-image-preview:large, max-video-preview:-1\" \/>\n<link rel=\"canonical\" href=\"https:\/\/compuviper.mx\/tienda\/producto\/tp-link-mw330hp-router-mercusys-inalambrico-300mbps-sustituye-a-tl-wr941hp\/\" \/>\n<meta property=\"og:locale\" content=\"es_MX\" \/>\n<meta property=\"og:type\" content=\"article\" \/>\n<meta property=\"og:title\" content=\"[ Tp Link ] &#129351; Mw330hp Router | Mercusys | | Inalambrico | 300mbps | Sustituye A Tl-wr941hp\" \/>\n<meta property=\"og:description\" content=\"Compra Mw330hp Router | Mercusys | | Inalambrico | 300mbps | Sustituye A Tl-wr941hp + Env\u00edo a domicilio + Pago seguro + Garant\u00eda\" \/>\n<meta property=\"og:url\" content=\"https:\/\/compuviper.mx\/tienda\/producto\/tp-link-mw330hp-router-mercusys-inalambrico-300mbps-sustituye-a-tl-wr941hp\/\" \/>\n<meta property=\"og:site_name\" content=\"Compuviper\" \/>\n<meta property=\"article:publisher\" content=\"https:\/\/www.facebook.com\/compuviper\" \/>\n<meta property=\"og:image\" content=\"https:\/\/compuviper.mx\/tienda\/wp-content\/uploads\/2023\/12\/Router-mercusys-mw330hp-inalambrico-300mbps-sustituye-a-tl-wr941hp.jpg\" \/>\n\t<meta property=\"og:image:width\" content=\"200\" \/>\n\t<meta property=\"og:image:height\" content=\"200\" \/>\n\t<meta property=\"og:image:type\" content=\"image\/jpeg\" \/>\n<meta name=\"twitter:card\" content=\"summary_large_image\" \/>\n<meta name=\"twitter:label1\" content=\"Precio\" \/>\n\t<meta name=\"twitter:data1\" content=\"&#36;255 con IVA\" \/>\n\t<meta name=\"twitter:label2\" content=\"Availability\" \/>\n\t<meta name=\"twitter:data2\" content=\"In stock\" \/>\n<script type=\"application\/ld+json\" class=\"yoast-schema-graph\">{\"@context\":\"https:\/\/schema.org\",\"@graph\":[{\"@type\":\"WebPage\",\"@id\":\"https:\/\/compuviper.mx\/tienda\/producto\/tp-link-mw330hp-router-mercusys-inalambrico-300mbps-sustituye-a-tl-wr941hp\/\",\"url\":\"https:\/\/compuviper.mx\/tienda\/producto\/tp-link-mw330hp-router-mercusys-inalambrico-300mbps-sustituye-a-tl-wr941hp\/\",\"name\":\"[ Tp Link ] &#129351; Mw330hp Router | Mercusys | | Inalambrico | 300mbps | Sustituye A Tl-wr941hp\",\"isPartOf\":{\"@id\":\"https:\/\/compuviper.mx\/tienda\/#website\"},\"datePublished\":\"2026-04-02T07:03:04+00:00\",\"dateModified\":\"2026-04-02T07:03:04+00:00\",\"description\":\"Compra Mw330hp Router | Mercusys | | Inalambrico | 300mbps | Sustituye A Tl-wr941hp + Env\u00edo a domicilio + Pago seguro + Garant\u00eda\",\"breadcrumb\":{\"@id\":\"https:\/\/compuviper.mx\/tienda\/producto\/tp-link-mw330hp-router-mercusys-inalambrico-300mbps-sustituye-a-tl-wr941hp\/#breadcrumb\"},\"inLanguage\":\"es-MX\",\"potentialAction\":[{\"@type\":\"ReadAction\",\"target\":[\"https:\/\/compuviper.mx\/tienda\/producto\/tp-link-mw330hp-router-mercusys-inalambrico-300mbps-sustituye-a-tl-wr941hp\/\"]}]},{\"@type\":\"BreadcrumbList\",\"@id\":\"https:\/\/compuviper.mx\/tienda\/producto\/tp-link-mw330hp-router-mercusys-inalambrico-300mbps-sustituye-a-tl-wr941hp\/#breadcrumb\",\"itemListElement\":[{\"@type\":\"ListItem\",\"position\":1,\"name\":\"Inicio\",\"item\":\"https:\/\/compuviper.mx\/tienda\/\"},{\"@type\":\"ListItem\",\"position\":2,\"name\":\"Productos\",\"item\":\"https:\/\/compuviper.mx\/tienda\/productos\/\"},{\"@type\":\"ListItem\",\"position\":3,\"name\":\"Redes\",\"item\":\"https:\/\/compuviper.mx\/tienda\/categoria-producto\/redes\/\"},{\"@type\":\"ListItem\",\"position\":4,\"name\":\"Router\",\"item\":\"https:\/\/compuviper.mx\/tienda\/categoria-producto\/redes\/router\/\"},{\"@type\":\"ListItem\",\"position\":5,\"name\":\"Tp Link Mw330hp Router | Mercusys | | Inalambrico | 300mbps | Sustituye A Tl-wr941hp\"}]},{\"@type\":\"WebSite\",\"@id\":\"https:\/\/compuviper.mx\/tienda\/#website\",\"url\":\"https:\/\/compuviper.mx\/tienda\/\",\"name\":\"Compuviper\",\"description\":\"Proveedor de Computadoras, Laptops, Servidores, Monitores, Puntos de Venta, Teclados,   Impresoras, T\u00f3ner, C\u00e1maras de Seguridad y m\u00e1s en tu tienda en l\u00ednea\",\"publisher\":{\"@id\":\"https:\/\/compuviper.mx\/tienda\/#organization\"},\"potentialAction\":[{\"@type\":\"SearchAction\",\"target\":{\"@type\":\"EntryPoint\",\"urlTemplate\":\"https:\/\/compuviper.mx\/tienda\/?s={search_term_string}\"},\"query-input\":\"required name=search_term_string\"}],\"inLanguage\":\"es-MX\"},{\"@type\":\"Organization\",\"@id\":\"https:\/\/compuviper.mx\/tienda\/#organization\",\"name\":\"Compuviper\",\"url\":\"https:\/\/compuviper.mx\/tienda\/\",\"logo\":{\"@type\":\"ImageObject\",\"inLanguage\":\"es-MX\",\"@id\":\"https:\/\/compuviper.mx\/tienda\/#\/schema\/logo\/image\/\",\"url\":\"https:\/\/compuviper.mx\/tienda\/wp-content\/uploads\/2021\/08\/Logo-Compuviper-10.png\",\"contentUrl\":\"https:\/\/compuviper.mx\/tienda\/wp-content\/uploads\/2021\/08\/Logo-Compuviper-10.png\",\"width\":1000,\"height\":500,\"caption\":\"Compuviper\"},\"image\":{\"@id\":\"https:\/\/compuviper.mx\/tienda\/#\/schema\/logo\/image\/\"},\"sameAs\":[\"https:\/\/www.facebook.com\/compuviper\",\"https:\/\/www.youtube.com\/channel\/UCf73dERp9Y3cfOq7q8BhLjA?view_as=subscriber\"]}]}<\/script>\n<meta property=\"product:brand\" content=\"TP LINK\" \/>\n<meta property=\"product:price:amount\" content=\"255\" \/>\n<meta property=\"product:price:currency\" content=\"MXN\" \/>\n<meta property=\"og:availability\" content=\"instock\" \/>\n<meta property=\"product:availability\" content=\"instock\" \/>\n<meta property=\"product:retailer_item_id\" content=\"MW330HP\" \/>\n<meta property=\"product:condition\" content=\"new\" \/>\n<!-- \/ Yoast SEO plugin. -->","yoast_head_json":{"title":"[ Tp Link ] &#129351; Mw330hp Router | Mercusys | | Inalambrico | 300mbps | Sustituye A Tl-wr941hp","description":"Compra Mw330hp Router | Mercusys | | Inalambrico | 300mbps | Sustituye A Tl-wr941hp + Env\u00edo a domicilio + Pago seguro + Garant\u00eda","robots":{"index":"index","follow":"follow","max-snippet":"max-snippet:-1","max-image-preview":"max-image-preview:large","max-video-preview":"max-video-preview:-1"},"canonical":"https:\/\/compuviper.mx\/tienda\/producto\/tp-link-mw330hp-router-mercusys-inalambrico-300mbps-sustituye-a-tl-wr941hp\/","og_locale":"es_MX","og_type":"article","og_title":"[ Tp Link ] &#129351; Mw330hp Router | Mercusys | | Inalambrico | 300mbps | Sustituye A Tl-wr941hp","og_description":"Compra Mw330hp Router | Mercusys | | Inalambrico | 300mbps | Sustituye A Tl-wr941hp + Env\u00edo a domicilio + Pago seguro + Garant\u00eda","og_url":"https:\/\/compuviper.mx\/tienda\/producto\/tp-link-mw330hp-router-mercusys-inalambrico-300mbps-sustituye-a-tl-wr941hp\/","og_site_name":"Compuviper","article_publisher":"https:\/\/www.facebook.com\/compuviper","og_image":[{"width":200,"height":200,"url":"https:\/\/compuviper.mx\/tienda\/wp-content\/uploads\/2023\/12\/Router-mercusys-mw330hp-inalambrico-300mbps-sustituye-a-tl-wr941hp.jpg","type":"image\/jpeg"}],"twitter_card":"summary_large_image","twitter_misc":{"Precio":"&#36;255 con IVA","Availability":"In stock"},"schema":{"@context":"https:\/\/schema.org","@graph":[{"@type":"WebPage","@id":"https:\/\/compuviper.mx\/tienda\/producto\/tp-link-mw330hp-router-mercusys-inalambrico-300mbps-sustituye-a-tl-wr941hp\/","url":"https:\/\/compuviper.mx\/tienda\/producto\/tp-link-mw330hp-router-mercusys-inalambrico-300mbps-sustituye-a-tl-wr941hp\/","name":"[ Tp Link ] &#129351; Mw330hp Router | Mercusys | | Inalambrico | 300mbps | Sustituye A Tl-wr941hp","isPartOf":{"@id":"https:\/\/compuviper.mx\/tienda\/#website"},"datePublished":"2026-04-02T07:03:04+00:00","dateModified":"2026-04-02T07:03:04+00:00","description":"Compra Mw330hp Router | Mercusys | | Inalambrico | 300mbps | Sustituye A Tl-wr941hp + Env\u00edo a domicilio + Pago seguro + Garant\u00eda","breadcrumb":{"@id":"https:\/\/compuviper.mx\/tienda\/producto\/tp-link-mw330hp-router-mercusys-inalambrico-300mbps-sustituye-a-tl-wr941hp\/#breadcrumb"},"inLanguage":"es-MX","potentialAction":[{"@type":"ReadAction","target":["https:\/\/compuviper.mx\/tienda\/producto\/tp-link-mw330hp-router-mercusys-inalambrico-300mbps-sustituye-a-tl-wr941hp\/"]}]},{"@type":"BreadcrumbList","@id":"https:\/\/compuviper.mx\/tienda\/producto\/tp-link-mw330hp-router-mercusys-inalambrico-300mbps-sustituye-a-tl-wr941hp\/#breadcrumb","itemListElement":[{"@type":"ListItem","position":1,"name":"Inicio","item":"https:\/\/compuviper.mx\/tienda\/"},{"@type":"ListItem","position":2,"name":"Productos","item":"https:\/\/compuviper.mx\/tienda\/productos\/"},{"@type":"ListItem","position":3,"name":"Redes","item":"https:\/\/compuviper.mx\/tienda\/categoria-producto\/redes\/"},{"@type":"ListItem","position":4,"name":"Router","item":"https:\/\/compuviper.mx\/tienda\/categoria-producto\/redes\/router\/"},{"@type":"ListItem","position":5,"name":"Tp Link Mw330hp Router | Mercusys | | Inalambrico | 300mbps | Sustituye A Tl-wr941hp"}]},{"@type":"WebSite","@id":"https:\/\/compuviper.mx\/tienda\/#website","url":"https:\/\/compuviper.mx\/tienda\/","name":"Compuviper","description":"Proveedor de Computadoras, Laptops, Servidores, Monitores, Puntos de Venta, Teclados,   Impresoras, T\u00f3ner, C\u00e1maras de Seguridad y m\u00e1s en tu tienda en l\u00ednea","publisher":{"@id":"https:\/\/compuviper.mx\/tienda\/#organization"},"potentialAction":[{"@type":"SearchAction","target":{"@type":"EntryPoint","urlTemplate":"https:\/\/compuviper.mx\/tienda\/?s={search_term_string}"},"query-input":"required name=search_term_string"}],"inLanguage":"es-MX"},{"@type":"Organization","@id":"https:\/\/compuviper.mx\/tienda\/#organization","name":"Compuviper","url":"https:\/\/compuviper.mx\/tienda\/","logo":{"@type":"ImageObject","inLanguage":"es-MX","@id":"https:\/\/compuviper.mx\/tienda\/#\/schema\/logo\/image\/","url":"https:\/\/compuviper.mx\/tienda\/wp-content\/uploads\/2021\/08\/Logo-Compuviper-10.png","contentUrl":"https:\/\/compuviper.mx\/tienda\/wp-content\/uploads\/2021\/08\/Logo-Compuviper-10.png","width":1000,"height":500,"caption":"Compuviper"},"image":{"@id":"https:\/\/compuviper.mx\/tienda\/#\/schema\/logo\/image\/"},"sameAs":["https:\/\/www.facebook.com\/compuviper","https:\/\/www.youtube.com\/channel\/UCf73dERp9Y3cfOq7q8BhLjA?view_as=subscriber"]}]},"product_brand":"TP LINK","product_price_amount":"255","product_price_currency":"MXN","og_availability":"instock","product_availability":"instock","product_retailer_item_id":"MW330HP","product_condition":"new"},"_links":{"self":[{"href":"https:\/\/compuviper.mx\/tienda\/wp-json\/wp\/v2\/product\/220796"}],"collection":[{"href":"https:\/\/compuviper.mx\/tienda\/wp-json\/wp\/v2\/product"}],"about":[{"href":"https:\/\/compuviper.mx\/tienda\/wp-json\/wp\/v2\/types\/product"}],"replies":[{"embeddable":true,"href":"https:\/\/compuviper.mx\/tienda\/wp-json\/wp\/v2\/comments?post=220796"}],"wp:featuredmedia":[{"embeddable":true,"href":"https:\/\/compuviper.mx\/tienda\/wp-json\/wp\/v2\/media\/220797"}],"wp:attachment":[{"href":"https:\/\/compuviper.mx\/tienda\/wp-json\/wp\/v2\/media?parent=220796"}],"wp:term":[{"taxonomy":"product_cat","embeddable":true,"href":"https:\/\/compuviper.mx\/tienda\/wp-json\/wp\/v2\/product_cat?post=220796"},{"taxonomy":"product_tag","embeddable":true,"href":"https:\/\/compuviper.mx\/tienda\/wp-json\/wp\/v2\/product_tag?post=220796"}],"curies":[{"name":"wp","href":"https:\/\/api.w.org\/{rel}","templated":true}]}}