{"id":220788,"date":"2026-04-11T01:02:22","date_gmt":"2026-04-11T07:02:22","guid":{"rendered":"https:\/\/compuviper.mx\/tienda\/producto\/tp-link-archer-t2u-nano-tarjeta-de-red-tp-link-usb-dual-band-ac600-5ghz-433mbps-2-4ghz-150mbps\/"},"modified":"2026-04-11T01:02:22","modified_gmt":"2026-04-11T07:02:22","slug":"tp-link-archer-t2u-nano-tarjeta-de-red-tp-link-usb-dual-band-ac600-5ghz-433mbps-2-4ghz-150mbps","status":"publish","type":"product","link":"https:\/\/compuviper.mx\/tienda\/producto\/tp-link-archer-t2u-nano-tarjeta-de-red-tp-link-usb-dual-band-ac600-5ghz-433mbps-2-4ghz-150mbps\/","title":{"rendered":"Tp Link Archer T2u Nano Tarjeta De Red | Tp-link |  | Usb | Dual Band Ac600 | 5ghz 433mbps 2.4ghz  | 150mbps"},"content":{"rendered":"<table class=\"descripcion\">\n<tr>\n<td>Caracter\u00edsticas de hardware<\/td>\n<\/tr>\n<tr>\n<td>Interfaz: usb 2.0<\/td>\n<\/tr>\n<tr>\n<td>Dimensiones: 15*7.1*18.6mm<\/td>\n<\/tr>\n<tr>\n<td>Tipo de antena: omni direccional<\/td>\n<\/tr>\n<tr>\n<td>Caracter\u00edsticas inal\u00e1mbricas<\/td>\n<\/tr>\n<tr>\n<td>Est\u00e1ndares inal\u00e1mbricos: ieee 802.11ac, ieee 802.11a, ieee 802.11n, ieee 802.11g, ieee 802.11b<\/td>\n<\/tr>\n<tr>\n<td>Frecuencia: 5ghz  \/  2.4ghz<\/td>\n<\/tr>\n<tr>\n<td>Tasa de se\u00f1al:<\/td>\n<\/tr>\n<tr>\n<td>5ghz  11ac: up to 433mbps(din\u00e1mico)  \/  11n: up to 150mbps(din\u00e1mico)  \/  11a: up to 54mbps(din\u00e1mico)<\/td>\n<\/tr>\n<tr>\n<td>2.4ghz  11n: up to 200mbps(din\u00e1mico)  \/  11g: up to 54mbps(din\u00e1mico)  \/  11b: up to 11mbps(din\u00e1mico)<\/td>\n<\/tr>\n<tr>\n<td>Sensibilidad de recepci\u00f3n:<\/td>\n<\/tr>\n<tr>\n<td>5ghz  11a 6mbps: -90dbm  \/  11a 54mbps: -73dbm  \/  11n ht20 mcs0: -89dbm  \/  11n ht20 mcs7: -70dbm  \/  11n ht40 mcs0: -86dbm  \/  11n ht40 mcs7: -67dbm  \/  11ac vht80 mcs0: -82dbm  \/  11ac vht80 mcs9: -56dbm<\/td>\n<\/tr>\n<tr>\n<td>2.4ghz  11b 1mbps: -96dbm  \/  11b 11mbps: -88dbm  \/  11g 6mbps: -89dbm  \/  11g 54mbps: -74dbm  \/  11n ht20 mcs0: -89dbm  \/  11n ht20 mcs7: -72dbm  \/  11n ht40 mcs0: -86dbm  \/  11n ht40 mcs7: -66dbm<\/td>\n<\/tr>\n<tr>\n<td>Potencia de transmisi\u00f3n:  20dbm (eirp)<\/td>\n<\/tr>\n<tr>\n<td>Modos inal\u00e1mbricos: ad-hoc \/ modo infraestructura<\/td>\n<\/tr>\n<tr>\n<td>Seguridad inal\u00e1mbrica: soporta 64\/128 bit wep, wpa-psk\/wpa2-psk, 802.1x<\/td>\n<\/tr>\n<tr>\n<td>Tecnolog\u00eda de modulaci\u00f3n: dbpsk, dqpsk, cck, ofdm, 16-qam, 64-qam, 256-qam<\/td>\n<\/tr>\n<tr>\n<td>Otros<\/td>\n<\/tr>\n<tr>\n<td>Certificaciones: ce, fcc, rohs<\/td>\n<\/tr>\n<tr>\n<td>Contenido del paquete: adaptador usb inal\u00e1mbrico ac600 nano archer t2u nano  \/  cd de recursos  \/  gu\u00eda de instalaci\u00f3n r\u00e1pida<\/td>\n<\/tr>\n<tr>\n<td>Requisitos del sistema: windows 10\/8.1\/8\/7\/xp (32\/64bits)  \/  mac os x 10.9-10.13<\/td>\n<\/tr>\n<tr>\n<td>Factores ambientales: temperatura de funcionamiento: 0 \u00b0 c ~ 40 \u00b0 c (32 ~ 104\u00bf)  \/  temperatura de almacenamiento:-40 \u00b0 c ~ 70 \u00b0 c (-40\u00bf ~ 158 \u00b0 f)  \/  humedad de funcionamiento: 10% ~ 90% sin condensaci\u00f3n  \/  humedad de almacenamiento: 5% ~ 90% sin condensaci\u00f3n<\/td>\n<\/tr>\n<\/table>\n","protected":false},"excerpt":{"rendered":"<p>Adaptador inal\u00e1mbrico nano usb de doble banda ac600. Archer t2u nano. *  alta velocidad wi-fi \u00bf hasta velocidades de 600mbps con 200mbps en 2.4ghz y 433 mbps a 5ghz, actualiza tus dispositivos a velocidades m\u00e1s altas de ac wifi. * doble banda inal\u00e1mbrica\u00bf 2,4 ghz y 5ghz banda de conectividad flexibles, actualiza tus dispositivos para trabajar con el \u00faltimo router de wifi de doble banda para mayor velocidad y rango extendido. * nano dise\u00f1o \u00bf dise\u00f1o peque\u00f1o y discreto le permite conectar y olvidarse de que esta conectado el dispositivo. * sistema operativo: soporta windows 10\/8.1\/8\/7\/xp, mac os x. * seguridad avanzada, soporta 64\/128-bit wep, wpa\/wpa2 y wpa-psk\/wpa2-psk est\u00e1ndares de cifrado. Adaptador de doble banda de alta velocidad para mejorar conexiones. El archer t2u nano recibe se\u00f1ales wi-fi en dos bandas separadas. Compatible con la tecnolog\u00eda 256qam aumenta 2,4 ghz velocidad de datos de 150mbps a 200mbps de 33% de rendimiento m\u00e1s r\u00e1pido. 433mbps en 5ghz es ideal para streaming de v\u00eddeo hd y juegos online, mientras que 200mbps en 2.4ghz es perfecto para el uso normal como navegar por internet con tus dispositivos. Dise\u00f1o en miniatura &#8211; con\u00e9ctalo y olv\u00eddate. Con su dise\u00f1o elegante y tama\u00f1o miniatura, los usuarios pueden conectar el adaptador nano en cualquier puerto usb, tanto para viaje como para casa. Tama\u00f1o de viaje y conexi\u00f3n wi-fi m\u00f3vil &#8211; ideal para navegaci\u00f3n m\u00f3vil. Crecimiento de los servicios p\u00fablicos de conexi\u00f3n wi-fi viene con un inconveniente: puede que tenga que seleccionar y conectar a diferentes redes wi-fi mientras se mueve repetidamente. Archer t2u nano soporta wi-fi m\u00f3vil y ayuda a los dispositivos conectarse al wi-fi m\u00e1s adecuado autom\u00e1ticamente, va a asegurar que tu red sea ininterrumpida, con este dise\u00f1o peque\u00f1o, archer t2u nano es sin duda una gran opci\u00f3n para navegaci\u00f3n m\u00f3vil. * f\u00e1cil instalaci\u00f3n: una interfaz de usuario amigable para una instalaci\u00f3n sencilla. * seguridad avanzada: est\u00e1ndares de cifrado wpa\/wpa2 aseguran que tu conexi\u00f3n inal\u00e1mbrica est\u00e1 a salvo de intrusos. * sistema operativo: soporta los sistemas operativos windows, mac os.<\/p>\n","protected":false},"featured_media":220789,"comment_status":"open","ping_status":"open","template":"","meta":[],"product_cat":[1563,1572],"product_tag":[1562],"acf":[],"yoast_head":"<!-- This site is optimized with the Yoast SEO plugin v21.7 - https:\/\/yoast.com\/wordpress\/plugins\/seo\/ -->\n<title>[ Tp Link ] &#129351; Archer T2u Nano Tarjeta De Red | Tp-link | | Usb | Dual Band Ac600 | 5ghz 433mbps 2.4ghz | 150mbps<\/title>\n<meta name=\"description\" content=\"Compra Archer T2u Nano Tarjeta De Red | Tp-link | | Usb | Dual Band Ac600 | 5ghz 433mbps 2.4ghz | 150mbps + Env\u00edo a domicilio + Pago seguro + Garant\u00eda\" \/>\n<meta name=\"robots\" content=\"index, follow, max-snippet:-1, max-image-preview:large, max-video-preview:-1\" \/>\n<link rel=\"canonical\" href=\"https:\/\/compuviper.mx\/tienda\/producto\/tp-link-archer-t2u-nano-tarjeta-de-red-tp-link-usb-dual-band-ac600-5ghz-433mbps-2-4ghz-150mbps\/\" \/>\n<meta property=\"og:locale\" content=\"es_MX\" \/>\n<meta property=\"og:type\" content=\"article\" \/>\n<meta property=\"og:title\" content=\"[ Tp Link ] &#129351; Archer T2u Nano Tarjeta De Red | Tp-link | | Usb | Dual Band Ac600 | 5ghz 433mbps 2.4ghz | 150mbps\" \/>\n<meta property=\"og:description\" content=\"Compra Archer T2u Nano Tarjeta De Red | Tp-link | | Usb | Dual Band Ac600 | 5ghz 433mbps 2.4ghz | 150mbps + Env\u00edo a domicilio + Pago seguro + Garant\u00eda\" \/>\n<meta property=\"og:url\" content=\"https:\/\/compuviper.mx\/tienda\/producto\/tp-link-archer-t2u-nano-tarjeta-de-red-tp-link-usb-dual-band-ac600-5ghz-433mbps-2-4ghz-150mbps\/\" \/>\n<meta property=\"og:site_name\" content=\"Compuviper\" \/>\n<meta property=\"article:publisher\" content=\"https:\/\/www.facebook.com\/compuviper\" \/>\n<meta property=\"og:image\" content=\"https:\/\/compuviper.mx\/tienda\/wp-content\/uploads\/2023\/12\/Tarjeta-de-red-tp-link-archer-t2u-nano-usb-dual-band-ac600-5ghz-433mbps-2.4ghz-150mbps.jpg\" \/>\n\t<meta property=\"og:image:width\" content=\"200\" \/>\n\t<meta property=\"og:image:height\" content=\"200\" \/>\n\t<meta property=\"og:image:type\" content=\"image\/jpeg\" \/>\n<meta name=\"twitter:card\" content=\"summary_large_image\" \/>\n<meta name=\"twitter:label1\" content=\"Precio\" \/>\n\t<meta name=\"twitter:data1\" content=\"&#36;180 con IVA\" \/>\n\t<meta name=\"twitter:label2\" content=\"Availability\" \/>\n\t<meta name=\"twitter:data2\" content=\"In stock\" \/>\n<script type=\"application\/ld+json\" class=\"yoast-schema-graph\">{\"@context\":\"https:\/\/schema.org\",\"@graph\":[{\"@type\":\"WebPage\",\"@id\":\"https:\/\/compuviper.mx\/tienda\/producto\/tp-link-archer-t2u-nano-tarjeta-de-red-tp-link-usb-dual-band-ac600-5ghz-433mbps-2-4ghz-150mbps\/\",\"url\":\"https:\/\/compuviper.mx\/tienda\/producto\/tp-link-archer-t2u-nano-tarjeta-de-red-tp-link-usb-dual-band-ac600-5ghz-433mbps-2-4ghz-150mbps\/\",\"name\":\"[ Tp Link ] &#129351; Archer T2u Nano Tarjeta De Red | Tp-link | | Usb | Dual Band Ac600 | 5ghz 433mbps 2.4ghz | 150mbps\",\"isPartOf\":{\"@id\":\"https:\/\/compuviper.mx\/tienda\/#website\"},\"datePublished\":\"2026-04-11T07:02:22+00:00\",\"dateModified\":\"2026-04-11T07:02:22+00:00\",\"description\":\"Compra Archer T2u Nano Tarjeta De Red | Tp-link | | Usb | Dual Band Ac600 | 5ghz 433mbps 2.4ghz | 150mbps + Env\u00edo a domicilio + Pago seguro + Garant\u00eda\",\"breadcrumb\":{\"@id\":\"https:\/\/compuviper.mx\/tienda\/producto\/tp-link-archer-t2u-nano-tarjeta-de-red-tp-link-usb-dual-band-ac600-5ghz-433mbps-2-4ghz-150mbps\/#breadcrumb\"},\"inLanguage\":\"es-MX\",\"potentialAction\":[{\"@type\":\"ReadAction\",\"target\":[\"https:\/\/compuviper.mx\/tienda\/producto\/tp-link-archer-t2u-nano-tarjeta-de-red-tp-link-usb-dual-band-ac600-5ghz-433mbps-2-4ghz-150mbps\/\"]}]},{\"@type\":\"BreadcrumbList\",\"@id\":\"https:\/\/compuviper.mx\/tienda\/producto\/tp-link-archer-t2u-nano-tarjeta-de-red-tp-link-usb-dual-band-ac600-5ghz-433mbps-2-4ghz-150mbps\/#breadcrumb\",\"itemListElement\":[{\"@type\":\"ListItem\",\"position\":1,\"name\":\"Inicio\",\"item\":\"https:\/\/compuviper.mx\/tienda\/\"},{\"@type\":\"ListItem\",\"position\":2,\"name\":\"Productos\",\"item\":\"https:\/\/compuviper.mx\/tienda\/productos\/\"},{\"@type\":\"ListItem\",\"position\":3,\"name\":\"Redes\",\"item\":\"https:\/\/compuviper.mx\/tienda\/categoria-producto\/redes\/\"},{\"@type\":\"ListItem\",\"position\":4,\"name\":\"Tarjetas De Red\",\"item\":\"https:\/\/compuviper.mx\/tienda\/categoria-producto\/redes\/tarjetas-de-red\/\"},{\"@type\":\"ListItem\",\"position\":5,\"name\":\"Tp Link Archer T2u Nano Tarjeta De Red | Tp-link | | Usb | Dual Band Ac600 | 5ghz 433mbps 2.4ghz | 150mbps\"}]},{\"@type\":\"WebSite\",\"@id\":\"https:\/\/compuviper.mx\/tienda\/#website\",\"url\":\"https:\/\/compuviper.mx\/tienda\/\",\"name\":\"Compuviper\",\"description\":\"Proveedor de Computadoras, Laptops, Servidores, Monitores, Puntos de Venta, Teclados,   Impresoras, T\u00f3ner, C\u00e1maras de Seguridad y m\u00e1s en tu tienda en l\u00ednea\",\"publisher\":{\"@id\":\"https:\/\/compuviper.mx\/tienda\/#organization\"},\"potentialAction\":[{\"@type\":\"SearchAction\",\"target\":{\"@type\":\"EntryPoint\",\"urlTemplate\":\"https:\/\/compuviper.mx\/tienda\/?s={search_term_string}\"},\"query-input\":\"required name=search_term_string\"}],\"inLanguage\":\"es-MX\"},{\"@type\":\"Organization\",\"@id\":\"https:\/\/compuviper.mx\/tienda\/#organization\",\"name\":\"Compuviper\",\"url\":\"https:\/\/compuviper.mx\/tienda\/\",\"logo\":{\"@type\":\"ImageObject\",\"inLanguage\":\"es-MX\",\"@id\":\"https:\/\/compuviper.mx\/tienda\/#\/schema\/logo\/image\/\",\"url\":\"https:\/\/compuviper.mx\/tienda\/wp-content\/uploads\/2021\/08\/Logo-Compuviper-10.png\",\"contentUrl\":\"https:\/\/compuviper.mx\/tienda\/wp-content\/uploads\/2021\/08\/Logo-Compuviper-10.png\",\"width\":1000,\"height\":500,\"caption\":\"Compuviper\"},\"image\":{\"@id\":\"https:\/\/compuviper.mx\/tienda\/#\/schema\/logo\/image\/\"},\"sameAs\":[\"https:\/\/www.facebook.com\/compuviper\",\"https:\/\/www.youtube.com\/channel\/UCf73dERp9Y3cfOq7q8BhLjA?view_as=subscriber\"]}]}<\/script>\n<meta property=\"product:brand\" content=\"TP LINK\" \/>\n<meta property=\"product:price:amount\" content=\"180\" \/>\n<meta property=\"product:price:currency\" content=\"MXN\" \/>\n<meta property=\"og:availability\" content=\"instock\" \/>\n<meta property=\"product:availability\" content=\"instock\" \/>\n<meta property=\"product:retailer_item_id\" content=\"ARCHER T2U NANO\" \/>\n<meta property=\"product:condition\" content=\"new\" \/>\n<!-- \/ Yoast SEO plugin. -->","yoast_head_json":{"title":"[ Tp Link ] &#129351; Archer T2u Nano Tarjeta De Red | Tp-link | | Usb | Dual Band Ac600 | 5ghz 433mbps 2.4ghz | 150mbps","description":"Compra Archer T2u Nano Tarjeta De Red | Tp-link | | Usb | Dual Band Ac600 | 5ghz 433mbps 2.4ghz | 150mbps + Env\u00edo a domicilio + Pago seguro + Garant\u00eda","robots":{"index":"index","follow":"follow","max-snippet":"max-snippet:-1","max-image-preview":"max-image-preview:large","max-video-preview":"max-video-preview:-1"},"canonical":"https:\/\/compuviper.mx\/tienda\/producto\/tp-link-archer-t2u-nano-tarjeta-de-red-tp-link-usb-dual-band-ac600-5ghz-433mbps-2-4ghz-150mbps\/","og_locale":"es_MX","og_type":"article","og_title":"[ Tp Link ] &#129351; Archer T2u Nano Tarjeta De Red | Tp-link | | Usb | Dual Band Ac600 | 5ghz 433mbps 2.4ghz | 150mbps","og_description":"Compra Archer T2u Nano Tarjeta De Red | Tp-link | | Usb | Dual Band Ac600 | 5ghz 433mbps 2.4ghz | 150mbps + Env\u00edo a domicilio + Pago seguro + Garant\u00eda","og_url":"https:\/\/compuviper.mx\/tienda\/producto\/tp-link-archer-t2u-nano-tarjeta-de-red-tp-link-usb-dual-band-ac600-5ghz-433mbps-2-4ghz-150mbps\/","og_site_name":"Compuviper","article_publisher":"https:\/\/www.facebook.com\/compuviper","og_image":[{"width":200,"height":200,"url":"https:\/\/compuviper.mx\/tienda\/wp-content\/uploads\/2023\/12\/Tarjeta-de-red-tp-link-archer-t2u-nano-usb-dual-band-ac600-5ghz-433mbps-2.4ghz-150mbps.jpg","type":"image\/jpeg"}],"twitter_card":"summary_large_image","twitter_misc":{"Precio":"&#36;180 con IVA","Availability":"In stock"},"schema":{"@context":"https:\/\/schema.org","@graph":[{"@type":"WebPage","@id":"https:\/\/compuviper.mx\/tienda\/producto\/tp-link-archer-t2u-nano-tarjeta-de-red-tp-link-usb-dual-band-ac600-5ghz-433mbps-2-4ghz-150mbps\/","url":"https:\/\/compuviper.mx\/tienda\/producto\/tp-link-archer-t2u-nano-tarjeta-de-red-tp-link-usb-dual-band-ac600-5ghz-433mbps-2-4ghz-150mbps\/","name":"[ Tp Link ] &#129351; Archer T2u Nano Tarjeta De Red | Tp-link | | Usb | Dual Band Ac600 | 5ghz 433mbps 2.4ghz | 150mbps","isPartOf":{"@id":"https:\/\/compuviper.mx\/tienda\/#website"},"datePublished":"2026-04-11T07:02:22+00:00","dateModified":"2026-04-11T07:02:22+00:00","description":"Compra Archer T2u Nano Tarjeta De Red | Tp-link | | Usb | Dual Band Ac600 | 5ghz 433mbps 2.4ghz | 150mbps + Env\u00edo a domicilio + Pago seguro + Garant\u00eda","breadcrumb":{"@id":"https:\/\/compuviper.mx\/tienda\/producto\/tp-link-archer-t2u-nano-tarjeta-de-red-tp-link-usb-dual-band-ac600-5ghz-433mbps-2-4ghz-150mbps\/#breadcrumb"},"inLanguage":"es-MX","potentialAction":[{"@type":"ReadAction","target":["https:\/\/compuviper.mx\/tienda\/producto\/tp-link-archer-t2u-nano-tarjeta-de-red-tp-link-usb-dual-band-ac600-5ghz-433mbps-2-4ghz-150mbps\/"]}]},{"@type":"BreadcrumbList","@id":"https:\/\/compuviper.mx\/tienda\/producto\/tp-link-archer-t2u-nano-tarjeta-de-red-tp-link-usb-dual-band-ac600-5ghz-433mbps-2-4ghz-150mbps\/#breadcrumb","itemListElement":[{"@type":"ListItem","position":1,"name":"Inicio","item":"https:\/\/compuviper.mx\/tienda\/"},{"@type":"ListItem","position":2,"name":"Productos","item":"https:\/\/compuviper.mx\/tienda\/productos\/"},{"@type":"ListItem","position":3,"name":"Redes","item":"https:\/\/compuviper.mx\/tienda\/categoria-producto\/redes\/"},{"@type":"ListItem","position":4,"name":"Tarjetas De Red","item":"https:\/\/compuviper.mx\/tienda\/categoria-producto\/redes\/tarjetas-de-red\/"},{"@type":"ListItem","position":5,"name":"Tp Link Archer T2u Nano Tarjeta De Red | Tp-link | | Usb | Dual Band Ac600 | 5ghz 433mbps 2.4ghz | 150mbps"}]},{"@type":"WebSite","@id":"https:\/\/compuviper.mx\/tienda\/#website","url":"https:\/\/compuviper.mx\/tienda\/","name":"Compuviper","description":"Proveedor de Computadoras, Laptops, Servidores, Monitores, Puntos de Venta, Teclados,   Impresoras, T\u00f3ner, C\u00e1maras de Seguridad y m\u00e1s en tu tienda en l\u00ednea","publisher":{"@id":"https:\/\/compuviper.mx\/tienda\/#organization"},"potentialAction":[{"@type":"SearchAction","target":{"@type":"EntryPoint","urlTemplate":"https:\/\/compuviper.mx\/tienda\/?s={search_term_string}"},"query-input":"required name=search_term_string"}],"inLanguage":"es-MX"},{"@type":"Organization","@id":"https:\/\/compuviper.mx\/tienda\/#organization","name":"Compuviper","url":"https:\/\/compuviper.mx\/tienda\/","logo":{"@type":"ImageObject","inLanguage":"es-MX","@id":"https:\/\/compuviper.mx\/tienda\/#\/schema\/logo\/image\/","url":"https:\/\/compuviper.mx\/tienda\/wp-content\/uploads\/2021\/08\/Logo-Compuviper-10.png","contentUrl":"https:\/\/compuviper.mx\/tienda\/wp-content\/uploads\/2021\/08\/Logo-Compuviper-10.png","width":1000,"height":500,"caption":"Compuviper"},"image":{"@id":"https:\/\/compuviper.mx\/tienda\/#\/schema\/logo\/image\/"},"sameAs":["https:\/\/www.facebook.com\/compuviper","https:\/\/www.youtube.com\/channel\/UCf73dERp9Y3cfOq7q8BhLjA?view_as=subscriber"]}]},"product_brand":"TP LINK","product_price_amount":"180","product_price_currency":"MXN","og_availability":"instock","product_availability":"instock","product_retailer_item_id":"ARCHER T2U NANO","product_condition":"new"},"_links":{"self":[{"href":"https:\/\/compuviper.mx\/tienda\/wp-json\/wp\/v2\/product\/220788"}],"collection":[{"href":"https:\/\/compuviper.mx\/tienda\/wp-json\/wp\/v2\/product"}],"about":[{"href":"https:\/\/compuviper.mx\/tienda\/wp-json\/wp\/v2\/types\/product"}],"replies":[{"embeddable":true,"href":"https:\/\/compuviper.mx\/tienda\/wp-json\/wp\/v2\/comments?post=220788"}],"wp:featuredmedia":[{"embeddable":true,"href":"https:\/\/compuviper.mx\/tienda\/wp-json\/wp\/v2\/media\/220789"}],"wp:attachment":[{"href":"https:\/\/compuviper.mx\/tienda\/wp-json\/wp\/v2\/media?parent=220788"}],"wp:term":[{"taxonomy":"product_cat","embeddable":true,"href":"https:\/\/compuviper.mx\/tienda\/wp-json\/wp\/v2\/product_cat?post=220788"},{"taxonomy":"product_tag","embeddable":true,"href":"https:\/\/compuviper.mx\/tienda\/wp-json\/wp\/v2\/product_tag?post=220788"}],"curies":[{"name":"wp","href":"https:\/\/api.w.org\/{rel}","templated":true}]}}