{"id":220754,"date":"2026-04-18T01:07:12","date_gmt":"2026-04-18T07:07:12","guid":{"rendered":"https:\/\/compuviper.mx\/tienda\/producto\/tp-link-tl-sg1005p-switch-tp-link-5-puertos-rj45-gigabit-10-100-1000-mbps-no-administrable-con-4-puertos-poe-para-escritorio\/"},"modified":"2026-04-18T01:07:12","modified_gmt":"2026-04-18T07:07:12","slug":"tp-link-tl-sg1005p-switch-tp-link-5-puertos-rj45-gigabit-10-100-1000-mbps-no-administrable-con-4-puertos-poe-para-escritorio","status":"publish","type":"product","link":"https:\/\/compuviper.mx\/tienda\/producto\/tp-link-tl-sg1005p-switch-tp-link-5-puertos-rj45-gigabit-10-100-1000-mbps-no-administrable-con-4-puertos-poe-para-escritorio\/","title":{"rendered":"Tp Link Tl-sg1005p Switch | Tp-link |  | 5 Puertos Rj45 Gigabit 10\/100\/1000 Mbps | No Administrable |con 4 Puertos Poe | Para Escritorio"},"content":{"rendered":"<table class=\"descripcion\">\n<tr>\n<td>Caracter\u00edsticas de hardware<\/td>\n<\/tr>\n<tr>\n<td>Interfaz: 5 puertos rj45 de 10\/100 \/ 1000mbps  \/  auto negociaci\u00f3n \/ auto mdi \/ mdix<\/td>\n<\/tr>\n<tr>\n<td>Medios de red: 10base-t: utp categor\u00eda 3, 4, 5 cable (m\u00e1ximo 100m)  eia \/ tia-568 100\u00bf stp (m\u00e1ximo 100m)  \/  100base-tx: utp categor\u00eda 5, 5e cable (m\u00e1ximo 100m)  eia \/ tia-568 100\u00bf stp (m\u00e1ximo 100m)  \/  1000base-t: cable utp categor\u00eda 5, 5e, 6 o superior (m\u00e1ximo 100m)  eia \/ tia-568 100\u00bf stp (m\u00e1ximo 100m)<\/td>\n<\/tr>\n<tr>\n<td>Cantidad de ventiladores: sin ventilador<\/td>\n<\/tr>\n<tr>\n<td>Fuente de alimentaci\u00f3n externa: adaptador de alimentaci\u00f3n externa (salida: 48vdc \/ 1.25a)<\/td>\n<\/tr>\n<tr>\n<td>Puertos poe (rj45): est\u00e1ndar: 802.3 af  \/  puertos poe compatibles : puerto1- puerto4  \/  fuente de alimentaci\u00f3n: 56w<\/td>\n<\/tr>\n<tr>\n<td>Ancho de banda de retroceso: 10 gbps<\/td>\n<\/tr>\n<tr>\n<td>Tabla de direcciones mac: 2k<\/td>\n<\/tr>\n<tr>\n<td>Dimensiones (w x d x h): 3.9 x 3.9 x 1.0 pulg. (99.8 x 98 x 25 mm)<\/td>\n<\/tr>\n<tr>\n<td>Consumo m\u00e1ximo de energ\u00eda: 3.95w (220 \/ 50hz. no pd conectado)  \/  64.44w (220 \/ 50hz. con 55w pd conectado)<\/td>\n<\/tr>\n<tr>\n<td>Disipaci\u00f3n de calor m\u00e1xima: 13.48btu \/ h (sin pd conectado)  \/  219.87btu \/ h (con 56w pd conectado)<\/td>\n<\/tr>\n<tr>\n<td>Funciones de software<\/td>\n<\/tr>\n<tr>\n<td>Caracter\u00edsticas avanzadas: compatible con ieee 802.3af pd compatibles  \/  funci\u00f3n de prioridad  \/  direcci\u00f3n de mac autoaprendizaje y envejecimiento autom\u00e1tico  \/  ieee 802.3x control de flujo  \/  802.1p \/ dscp qos  \/  igmp snooping<\/td>\n<\/tr>\n<tr>\n<td>M\u00e9todo de transferencia: almacenamiento y reenvio<\/td>\n<\/tr>\n<tr>\n<td>Otros<\/td>\n<\/tr>\n<tr>\n<td>Certificaci\u00f3n: fcc, ce, rohs<\/td>\n<\/tr>\n<tr>\n<td>Contenidos del paquete: tl-sg1005p, adaptador de corriente, gu\u00eda de instalaci\u00f3n<\/td>\n<\/tr>\n<tr>\n<td>Consumo: 4.26 vatios (m\u00e1x. no pd conectado)  \/  63.31 vatios (m\u00e1x. con 56w pd conectado)<\/td>\n<\/tr>\n<tr>\n<td>Ambiente: temperatura de funcionamiento: 0 \u00bf ~ 40 (32 \u00bf ~ 104 \u00bf)  \/  temperatura de almacenamiento: -40 \u00bf ~ 70 \u00bf (-40 \u00bf ~ 158 \u00bf)  \/  humedad de funcionamiento: 10% ~ 90% rh sin condensaci\u00f3n  \/  humedad de almacenamiento: 5% ~ 90% hr sin condensaci\u00f3n<\/td>\n<\/tr>\n<\/table>\n","protected":false},"excerpt":{"rendered":"<p>Switch de escritorio gigabit de 5 puertos con poe. Tl-sg1005p. * 5 puertos 10\/100\/1000mbps rj45. * con cuatro puertos poe, transfiere datos y energ\u00eda a un solo cable. * al trabajar con pd compatibles con ieee 802.3af, se expande la red dom\u00e9stica y de oficina. * 802.1p \/ dscp qos permite un tr\u00e1fico suave sensible a la latencia. * admite poe power hasta 15.4w para cada puerto poe. * admite poe power hasta 56w para todos los puertos poe. * no requiere configuraci\u00f3n e instalaci\u00f3n. Tl-sg1005p es un conmutador no administrado de 5 10\/100 \/ 1000mbps que no requiere configuraci\u00f3n y proporciona 4 puertos poe (power over ethernet). Puede detectar y suministrar energ\u00eda autom\u00e1ticamente con todos los dispositivos con alimentaci\u00f3n (pd) compatibles con ieee 802.3af. En esta situaci\u00f3n, la energ\u00eda el\u00e9ctrica se transmite junto con los datos en un solo cable, lo que le permite expandir su red a donde no haya l\u00edneas el\u00e9ctricas o tomas de corriente, donde desee reparar dispositivos como ap, c\u00e1maras ip o tel\u00e9fonos ip, etc. Alimentaci\u00f3n a trav\u00e9s de ethernet. 4 de los 5 puertos rj45 de auto-negociaci\u00f3n (puerto 1 al puerto 4) del conmutador son compatibles con la funci\u00f3n power over ethernet (poe). Estos puertos poe pueden detectar y suministrar energ\u00eda autom\u00e1ticamente con los dispositivos con alimentaci\u00f3n (pd) compatibles con ieee 802.3af. Arreglo de sobrecarga: tl-sg1005p tiene la funci\u00f3n de prioridad que ayudar\u00e1 a proteger el sistema cuando se sobrecargue la alimentaci\u00f3n del sistema. Si todo el consumo de energ\u00eda de poe pd es  = 56w, se establecer\u00e1 una prioridad entre los puertos poe, entonces el sistema cortar\u00e1 la alimentaci\u00f3n del puerto de prioridad m\u00e1s baja. Funci\u00f3n de prioridad de puerto: prioridad (puerto 1 = puerto 2 = puerto 3  puerto 4): esta funci\u00f3n ayudar\u00e1 a garantizar el funcionamiento normal del sistema, lo que significa que el puerto 4 se cortar\u00e1 cuando el consumo total de energ\u00eda de los poe pd supere los 56w. Por ejemplo, los puertos 1, 2 y 4 usan 15.4w (la potencia m\u00e1xima por puerto es de 15.4w); la potencia del sistema es de 46.2w en total. Si hay un pd adicional insertado en el puerto 3 con 10w, y luego el sistema cortar\u00e1 la alimentaci\u00f3n del puerto 4 debido a la potencia sobrecargada, esto significa que el puerto 1, 2 usar\u00e1 15.4w, y el puerto 3 usar\u00e1 10w, sin alimentaci\u00f3n ser\u00e1 suministrado al puerto 4. F\u00e1cil de usar. Tl-sg1005p es f\u00e1cil de instalar y usar. No requiere configuraci\u00f3n e instalaci\u00f3n. Con un dise\u00f1o de escritorio, un rendimiento y una calidad excepcionales, el conmutador de escritorio gigabit tl-sg1005p de 5 puertos de tp-link con 4 puertos de poe es una opci\u00f3n ideal para expandir la red de su hogar u oficina.<\/p>\n","protected":false},"featured_media":220755,"comment_status":"open","ping_status":"open","template":"","meta":[],"product_cat":[1563,1564],"product_tag":[1562],"acf":[],"yoast_head":"<!-- This site is optimized with the Yoast SEO plugin v21.7 - https:\/\/yoast.com\/wordpress\/plugins\/seo\/ -->\n<title>[ Tp Link ] &#129351; Tl-sg1005p Switch | Tp-link | | 5 Puertos Rj45 Gigabit 10\/100\/1000 Mbps | No Administrable |con 4 Puertos Poe | Para Escritorio<\/title>\n<meta name=\"description\" content=\"Compra Tl-sg1005p Switch | Tp-link | | 5 Puertos Rj45 Gigabit 10\/100\/1000 Mbps | No Administrable |con 4 Puertos Poe | Para Escritorio + Env\u00edo a domicilio + Pago seguro + Garant\u00eda\" \/>\n<meta name=\"robots\" content=\"index, follow, max-snippet:-1, max-image-preview:large, max-video-preview:-1\" \/>\n<link rel=\"canonical\" href=\"https:\/\/compuviper.mx\/tienda\/producto\/tp-link-tl-sg1005p-switch-tp-link-5-puertos-rj45-gigabit-10-100-1000-mbps-no-administrable-con-4-puertos-poe-para-escritorio\/\" \/>\n<meta property=\"og:locale\" content=\"es_MX\" \/>\n<meta property=\"og:type\" content=\"article\" \/>\n<meta property=\"og:title\" content=\"[ Tp Link ] &#129351; Tl-sg1005p Switch | Tp-link | | 5 Puertos Rj45 Gigabit 10\/100\/1000 Mbps | No Administrable |con 4 Puertos Poe | Para Escritorio\" \/>\n<meta property=\"og:description\" content=\"Compra Tl-sg1005p Switch | Tp-link | | 5 Puertos Rj45 Gigabit 10\/100\/1000 Mbps | No Administrable |con 4 Puertos Poe | Para Escritorio + Env\u00edo a domicilio + Pago seguro + Garant\u00eda\" \/>\n<meta property=\"og:url\" content=\"https:\/\/compuviper.mx\/tienda\/producto\/tp-link-tl-sg1005p-switch-tp-link-5-puertos-rj45-gigabit-10-100-1000-mbps-no-administrable-con-4-puertos-poe-para-escritorio\/\" \/>\n<meta property=\"og:site_name\" content=\"Compuviper\" \/>\n<meta property=\"article:publisher\" content=\"https:\/\/www.facebook.com\/compuviper\" \/>\n<meta property=\"og:image\" content=\"https:\/\/compuviper.mx\/tienda\/wp-content\/uploads\/2023\/12\/Switch-tp-link-tl-sg1005p-5-puertos-rj45-gigabit-101001000-mbps-no-administrable-con-4-puertos-poe-para-escritorio.jpg\" \/>\n\t<meta property=\"og:image:width\" content=\"200\" \/>\n\t<meta property=\"og:image:height\" content=\"200\" \/>\n\t<meta property=\"og:image:type\" content=\"image\/jpeg\" \/>\n<meta name=\"twitter:card\" content=\"summary_large_image\" \/>\n<meta name=\"twitter:label1\" content=\"Precio\" \/>\n\t<meta name=\"twitter:data1\" content=\"&#36;577 con IVA\" \/>\n\t<meta name=\"twitter:label2\" content=\"Availability\" \/>\n\t<meta name=\"twitter:data2\" content=\"Out of stock\" \/>\n<script type=\"application\/ld+json\" class=\"yoast-schema-graph\">{\"@context\":\"https:\/\/schema.org\",\"@graph\":[{\"@type\":\"WebPage\",\"@id\":\"https:\/\/compuviper.mx\/tienda\/producto\/tp-link-tl-sg1005p-switch-tp-link-5-puertos-rj45-gigabit-10-100-1000-mbps-no-administrable-con-4-puertos-poe-para-escritorio\/\",\"url\":\"https:\/\/compuviper.mx\/tienda\/producto\/tp-link-tl-sg1005p-switch-tp-link-5-puertos-rj45-gigabit-10-100-1000-mbps-no-administrable-con-4-puertos-poe-para-escritorio\/\",\"name\":\"[ Tp Link ] &#129351; Tl-sg1005p Switch | Tp-link | | 5 Puertos Rj45 Gigabit 10\/100\/1000 Mbps | No Administrable |con 4 Puertos Poe | Para Escritorio\",\"isPartOf\":{\"@id\":\"https:\/\/compuviper.mx\/tienda\/#website\"},\"datePublished\":\"2026-04-18T07:07:12+00:00\",\"dateModified\":\"2026-04-18T07:07:12+00:00\",\"description\":\"Compra Tl-sg1005p Switch | Tp-link | | 5 Puertos Rj45 Gigabit 10\/100\/1000 Mbps | No Administrable |con 4 Puertos Poe | Para Escritorio + Env\u00edo a domicilio + Pago seguro + Garant\u00eda\",\"breadcrumb\":{\"@id\":\"https:\/\/compuviper.mx\/tienda\/producto\/tp-link-tl-sg1005p-switch-tp-link-5-puertos-rj45-gigabit-10-100-1000-mbps-no-administrable-con-4-puertos-poe-para-escritorio\/#breadcrumb\"},\"inLanguage\":\"es-MX\",\"potentialAction\":[{\"@type\":\"ReadAction\",\"target\":[\"https:\/\/compuviper.mx\/tienda\/producto\/tp-link-tl-sg1005p-switch-tp-link-5-puertos-rj45-gigabit-10-100-1000-mbps-no-administrable-con-4-puertos-poe-para-escritorio\/\"]}]},{\"@type\":\"BreadcrumbList\",\"@id\":\"https:\/\/compuviper.mx\/tienda\/producto\/tp-link-tl-sg1005p-switch-tp-link-5-puertos-rj45-gigabit-10-100-1000-mbps-no-administrable-con-4-puertos-poe-para-escritorio\/#breadcrumb\",\"itemListElement\":[{\"@type\":\"ListItem\",\"position\":1,\"name\":\"Inicio\",\"item\":\"https:\/\/compuviper.mx\/tienda\/\"},{\"@type\":\"ListItem\",\"position\":2,\"name\":\"Productos\",\"item\":\"https:\/\/compuviper.mx\/tienda\/productos\/\"},{\"@type\":\"ListItem\",\"position\":3,\"name\":\"Redes\",\"item\":\"https:\/\/compuviper.mx\/tienda\/categoria-producto\/redes\/\"},{\"@type\":\"ListItem\",\"position\":4,\"name\":\"Switch\",\"item\":\"https:\/\/compuviper.mx\/tienda\/categoria-producto\/redes\/switch\/\"},{\"@type\":\"ListItem\",\"position\":5,\"name\":\"Tp Link Tl-sg1005p Switch | Tp-link | | 5 Puertos Rj45 Gigabit 10\/100\/1000 Mbps | No Administrable |con 4 Puertos Poe | Para Escritorio\"}]},{\"@type\":\"WebSite\",\"@id\":\"https:\/\/compuviper.mx\/tienda\/#website\",\"url\":\"https:\/\/compuviper.mx\/tienda\/\",\"name\":\"Compuviper\",\"description\":\"Proveedor de Computadoras, Laptops, Servidores, Monitores, Puntos de Venta, Teclados,   Impresoras, T\u00f3ner, C\u00e1maras de Seguridad y m\u00e1s en tu tienda en l\u00ednea\",\"publisher\":{\"@id\":\"https:\/\/compuviper.mx\/tienda\/#organization\"},\"potentialAction\":[{\"@type\":\"SearchAction\",\"target\":{\"@type\":\"EntryPoint\",\"urlTemplate\":\"https:\/\/compuviper.mx\/tienda\/?s={search_term_string}\"},\"query-input\":\"required name=search_term_string\"}],\"inLanguage\":\"es-MX\"},{\"@type\":\"Organization\",\"@id\":\"https:\/\/compuviper.mx\/tienda\/#organization\",\"name\":\"Compuviper\",\"url\":\"https:\/\/compuviper.mx\/tienda\/\",\"logo\":{\"@type\":\"ImageObject\",\"inLanguage\":\"es-MX\",\"@id\":\"https:\/\/compuviper.mx\/tienda\/#\/schema\/logo\/image\/\",\"url\":\"https:\/\/compuviper.mx\/tienda\/wp-content\/uploads\/2021\/08\/Logo-Compuviper-10.png\",\"contentUrl\":\"https:\/\/compuviper.mx\/tienda\/wp-content\/uploads\/2021\/08\/Logo-Compuviper-10.png\",\"width\":1000,\"height\":500,\"caption\":\"Compuviper\"},\"image\":{\"@id\":\"https:\/\/compuviper.mx\/tienda\/#\/schema\/logo\/image\/\"},\"sameAs\":[\"https:\/\/www.facebook.com\/compuviper\",\"https:\/\/www.youtube.com\/channel\/UCf73dERp9Y3cfOq7q8BhLjA?view_as=subscriber\"]}]}<\/script>\n<meta property=\"product:brand\" content=\"TP LINK\" \/>\n<meta property=\"product:price:amount\" content=\"577\" \/>\n<meta property=\"product:price:currency\" content=\"MXN\" \/>\n<meta property=\"og:availability\" content=\"out of stock\" \/>\n<meta property=\"product:availability\" content=\"out of stock\" \/>\n<meta property=\"product:retailer_item_id\" content=\"TL-SG1005P\" \/>\n<meta property=\"product:condition\" content=\"new\" \/>\n<!-- \/ Yoast SEO plugin. -->","yoast_head_json":{"title":"[ Tp Link ] &#129351; Tl-sg1005p Switch | Tp-link | | 5 Puertos Rj45 Gigabit 10\/100\/1000 Mbps | No Administrable |con 4 Puertos Poe | Para Escritorio","description":"Compra Tl-sg1005p Switch | Tp-link | | 5 Puertos Rj45 Gigabit 10\/100\/1000 Mbps | No Administrable |con 4 Puertos Poe | Para Escritorio + Env\u00edo a domicilio + Pago seguro + Garant\u00eda","robots":{"index":"index","follow":"follow","max-snippet":"max-snippet:-1","max-image-preview":"max-image-preview:large","max-video-preview":"max-video-preview:-1"},"canonical":"https:\/\/compuviper.mx\/tienda\/producto\/tp-link-tl-sg1005p-switch-tp-link-5-puertos-rj45-gigabit-10-100-1000-mbps-no-administrable-con-4-puertos-poe-para-escritorio\/","og_locale":"es_MX","og_type":"article","og_title":"[ Tp Link ] &#129351; Tl-sg1005p Switch | Tp-link | | 5 Puertos Rj45 Gigabit 10\/100\/1000 Mbps | No Administrable |con 4 Puertos Poe | Para Escritorio","og_description":"Compra Tl-sg1005p Switch | Tp-link | | 5 Puertos Rj45 Gigabit 10\/100\/1000 Mbps | No Administrable |con 4 Puertos Poe | Para Escritorio + Env\u00edo a domicilio + Pago seguro + Garant\u00eda","og_url":"https:\/\/compuviper.mx\/tienda\/producto\/tp-link-tl-sg1005p-switch-tp-link-5-puertos-rj45-gigabit-10-100-1000-mbps-no-administrable-con-4-puertos-poe-para-escritorio\/","og_site_name":"Compuviper","article_publisher":"https:\/\/www.facebook.com\/compuviper","og_image":[{"width":200,"height":200,"url":"https:\/\/compuviper.mx\/tienda\/wp-content\/uploads\/2023\/12\/Switch-tp-link-tl-sg1005p-5-puertos-rj45-gigabit-101001000-mbps-no-administrable-con-4-puertos-poe-para-escritorio.jpg","type":"image\/jpeg"}],"twitter_card":"summary_large_image","twitter_misc":{"Precio":"&#36;577 con IVA","Availability":"Out of stock"},"schema":{"@context":"https:\/\/schema.org","@graph":[{"@type":"WebPage","@id":"https:\/\/compuviper.mx\/tienda\/producto\/tp-link-tl-sg1005p-switch-tp-link-5-puertos-rj45-gigabit-10-100-1000-mbps-no-administrable-con-4-puertos-poe-para-escritorio\/","url":"https:\/\/compuviper.mx\/tienda\/producto\/tp-link-tl-sg1005p-switch-tp-link-5-puertos-rj45-gigabit-10-100-1000-mbps-no-administrable-con-4-puertos-poe-para-escritorio\/","name":"[ Tp Link ] &#129351; Tl-sg1005p Switch | Tp-link | | 5 Puertos Rj45 Gigabit 10\/100\/1000 Mbps | No Administrable |con 4 Puertos Poe | Para Escritorio","isPartOf":{"@id":"https:\/\/compuviper.mx\/tienda\/#website"},"datePublished":"2026-04-18T07:07:12+00:00","dateModified":"2026-04-18T07:07:12+00:00","description":"Compra Tl-sg1005p Switch | Tp-link | | 5 Puertos Rj45 Gigabit 10\/100\/1000 Mbps | No Administrable |con 4 Puertos Poe | Para Escritorio + Env\u00edo a domicilio + Pago seguro + Garant\u00eda","breadcrumb":{"@id":"https:\/\/compuviper.mx\/tienda\/producto\/tp-link-tl-sg1005p-switch-tp-link-5-puertos-rj45-gigabit-10-100-1000-mbps-no-administrable-con-4-puertos-poe-para-escritorio\/#breadcrumb"},"inLanguage":"es-MX","potentialAction":[{"@type":"ReadAction","target":["https:\/\/compuviper.mx\/tienda\/producto\/tp-link-tl-sg1005p-switch-tp-link-5-puertos-rj45-gigabit-10-100-1000-mbps-no-administrable-con-4-puertos-poe-para-escritorio\/"]}]},{"@type":"BreadcrumbList","@id":"https:\/\/compuviper.mx\/tienda\/producto\/tp-link-tl-sg1005p-switch-tp-link-5-puertos-rj45-gigabit-10-100-1000-mbps-no-administrable-con-4-puertos-poe-para-escritorio\/#breadcrumb","itemListElement":[{"@type":"ListItem","position":1,"name":"Inicio","item":"https:\/\/compuviper.mx\/tienda\/"},{"@type":"ListItem","position":2,"name":"Productos","item":"https:\/\/compuviper.mx\/tienda\/productos\/"},{"@type":"ListItem","position":3,"name":"Redes","item":"https:\/\/compuviper.mx\/tienda\/categoria-producto\/redes\/"},{"@type":"ListItem","position":4,"name":"Switch","item":"https:\/\/compuviper.mx\/tienda\/categoria-producto\/redes\/switch\/"},{"@type":"ListItem","position":5,"name":"Tp Link Tl-sg1005p Switch | Tp-link | | 5 Puertos Rj45 Gigabit 10\/100\/1000 Mbps | No Administrable |con 4 Puertos Poe | Para Escritorio"}]},{"@type":"WebSite","@id":"https:\/\/compuviper.mx\/tienda\/#website","url":"https:\/\/compuviper.mx\/tienda\/","name":"Compuviper","description":"Proveedor de Computadoras, Laptops, Servidores, Monitores, Puntos de Venta, Teclados,   Impresoras, T\u00f3ner, C\u00e1maras de Seguridad y m\u00e1s en tu tienda en l\u00ednea","publisher":{"@id":"https:\/\/compuviper.mx\/tienda\/#organization"},"potentialAction":[{"@type":"SearchAction","target":{"@type":"EntryPoint","urlTemplate":"https:\/\/compuviper.mx\/tienda\/?s={search_term_string}"},"query-input":"required name=search_term_string"}],"inLanguage":"es-MX"},{"@type":"Organization","@id":"https:\/\/compuviper.mx\/tienda\/#organization","name":"Compuviper","url":"https:\/\/compuviper.mx\/tienda\/","logo":{"@type":"ImageObject","inLanguage":"es-MX","@id":"https:\/\/compuviper.mx\/tienda\/#\/schema\/logo\/image\/","url":"https:\/\/compuviper.mx\/tienda\/wp-content\/uploads\/2021\/08\/Logo-Compuviper-10.png","contentUrl":"https:\/\/compuviper.mx\/tienda\/wp-content\/uploads\/2021\/08\/Logo-Compuviper-10.png","width":1000,"height":500,"caption":"Compuviper"},"image":{"@id":"https:\/\/compuviper.mx\/tienda\/#\/schema\/logo\/image\/"},"sameAs":["https:\/\/www.facebook.com\/compuviper","https:\/\/www.youtube.com\/channel\/UCf73dERp9Y3cfOq7q8BhLjA?view_as=subscriber"]}]},"product_brand":"TP LINK","product_price_amount":"577","product_price_currency":"MXN","og_availability":"out of stock","product_availability":"out of stock","product_retailer_item_id":"TL-SG1005P","product_condition":"new"},"_links":{"self":[{"href":"https:\/\/compuviper.mx\/tienda\/wp-json\/wp\/v2\/product\/220754"}],"collection":[{"href":"https:\/\/compuviper.mx\/tienda\/wp-json\/wp\/v2\/product"}],"about":[{"href":"https:\/\/compuviper.mx\/tienda\/wp-json\/wp\/v2\/types\/product"}],"replies":[{"embeddable":true,"href":"https:\/\/compuviper.mx\/tienda\/wp-json\/wp\/v2\/comments?post=220754"}],"wp:featuredmedia":[{"embeddable":true,"href":"https:\/\/compuviper.mx\/tienda\/wp-json\/wp\/v2\/media\/220755"}],"wp:attachment":[{"href":"https:\/\/compuviper.mx\/tienda\/wp-json\/wp\/v2\/media?parent=220754"}],"wp:term":[{"taxonomy":"product_cat","embeddable":true,"href":"https:\/\/compuviper.mx\/tienda\/wp-json\/wp\/v2\/product_cat?post=220754"},{"taxonomy":"product_tag","embeddable":true,"href":"https:\/\/compuviper.mx\/tienda\/wp-json\/wp\/v2\/product_tag?post=220754"}],"curies":[{"name":"wp","href":"https:\/\/api.w.org\/{rel}","templated":true}]}}