{"id":220752,"date":"2026-04-18T01:07:11","date_gmt":"2026-04-18T07:07:11","guid":{"rendered":"https:\/\/compuviper.mx\/tienda\/producto\/tp-link-tl-sf1005p-switch-tp-link-5-puertos-no-administrable-con-4-puertos-poe-para-escritorio\/"},"modified":"2026-04-18T01:07:12","modified_gmt":"2026-04-18T07:07:12","slug":"tp-link-tl-sf1005p-switch-tp-link-5-puertos-no-administrable-con-4-puertos-poe-para-escritorio","status":"publish","type":"product","link":"https:\/\/compuviper.mx\/tienda\/producto\/tp-link-tl-sf1005p-switch-tp-link-5-puertos-no-administrable-con-4-puertos-poe-para-escritorio\/","title":{"rendered":"Tp Link Tl-sf1005p Switch | Tp-link |  | 5 Puertos | No Administrable | Con 4 Puertos Poe | Para Escritorio"},"content":{"rendered":"<table class=\"descripcion\">\n<tr>\n<td>Caracter\u00edsticas de hardware<\/td>\n<\/tr>\n<tr>\n<td>Interfaz: 5 puertos rj45 a 10\/100mbps  \/  negociaci\u00f3n autom\u00e1tica, mdi\/mdix autom\u00e1tico<\/td>\n<\/tr>\n<tr>\n<td>Medios de red: 10base-t: cable utp categor\u00eda 3, 4, 5 (m\u00e1ximo 100 metros)  \/  eia\/tia-568 100\u00bf stp (m\u00e1ximo 100 m)  \/  100base-tx: cable utp categor\u00edas 5, 5e (m\u00e1ximo 100 metros)  \/  eia\/tia-568 100\u00bf stp (m\u00e1ximo 100 m)<\/td>\n<\/tr>\n<tr>\n<td>Cantidad de ventiladores: sin ventiladores<\/td>\n<\/tr>\n<tr>\n<td>Fuente de alimentaci\u00f3n externa: fuente de alimentaci\u00f3n externa (salida: 48vdc \/ 1.25a)<\/td>\n<\/tr>\n<tr>\n<td>Puertos poe (rj45): est\u00e1ndard: 802.3 af compatible  \/  puertos poe: puerto1- puerto4<\/td>\n<\/tr>\n<tr>\n<td>Alimentaci\u00f3n el\u00e9ctrica: 58w<\/td>\n<\/tr>\n<tr>\n<td>Tabla de direcci\u00f3n mac: 2k<\/td>\n<\/tr>\n<tr>\n<td>Capacidad de switcheo: 1gbps<\/td>\n<\/tr>\n<tr>\n<td>Dimensiones (w x d x h): 99.8 x 98 x 25 mm (3.9 x 3.9 x 1.0 pulg.)<\/td>\n<\/tr>\n<tr>\n<td>Distancia de transmisi\u00f3n: store-and-forward (almacenamiento y reenv\u00edo)<\/td>\n<\/tr>\n<tr>\n<td>Consumo m\u00e1ximo de energ\u00eda: m\u00e1ximo (poe encendido): 63,51w (220v \/ 50hz)  \/  m\u00e1ximo (poe apagado): 1,70w (220v \/ 50hz)<\/td>\n<\/tr>\n<tr>\n<td>Disipaci\u00f3n m\u00e1xima de calor: 5.73btu \/ h (sin pd conectado)  \/  221.17btu \/ h (con 58w pd conectado)<\/td>\n<\/tr>\n<tr>\n<td>Caracter\u00edsticas de software<\/td>\n<\/tr>\n<tr>\n<td>M\u00e9todo de transmisi\u00f3n: almacenamiento y reenvio<\/td>\n<\/tr>\n<tr>\n<td>Funciones avanzadas: compatible con dispositivos alimentados ieee 802.3af  \/  funci\u00f3n de prioridad  \/  direcciones mac: auto aprendizaje y auto envejecimiento  \/  control de flujo eee802.3x para modo full-duplex y backpressure para modo half-duplex<\/td>\n<\/tr>\n<tr>\n<td>Otros<\/td>\n<\/tr>\n<tr>\n<td>Certificaci\u00f3n: fcc, ce, rohs<\/td>\n<\/tr>\n<tr>\n<td>Contenidos del paquete: tl-sf1005p, adaptador de corriente, manual de usuario<\/td>\n<\/tr>\n<tr>\n<td>Consumo: 1,70 vatios (m\u00e1x. sin dispositivos poe conectados)  \/  63,51 vatios (m\u00e1x. con dispositivos poe conectados consumiendo 58w)<\/td>\n<\/tr>\n<tr>\n<td>Ambiente: temperatura de funcionamiento: 0\u00bf~40\u00bf (32\u00bf~104\u00bf)  \/  temperatura de almacenamiento: -40\u00bf~70\u00bf (-40\u00bf~158\u00bf)  \/  humedad de funcionamiento: 10%~90% sin condensaci\u00f3n  \/  humedad de almacenamiento: 5%~90% sin condensaci\u00f3n<\/td>\n<\/tr>\n<\/table>\n","protected":false},"excerpt":{"rendered":"<p>Switch de escritorio con 5 puertos a 10\/100 mbps poe. Tl-sf1005p. * 5 puertos rj45 10\/100mbps. * con 4 puertos poe, transferencia de data y energ\u00eda en un solo cable. * funcionan con dispositivos pd que cumplen con el standard ieee 802.3af, expandiendo la red de casa y oficina. * soporta hasta 15.4w por cada puerto poe. * soporta hasta 58w en los cuatro puertos poe. * no requiere de configuraci\u00f3n ni instalaci\u00f3n. El tl-sf1005p se trata de un switch de 5 puertos 10\/100mbps no gestionable, luego no requiere de coonfiguraci\u00f3n, y proporciona 4 puertos poe (energ\u00eda sobre ethernet). Detecta y suministra energ\u00eda el\u00e9ctrica autom\u00e1ticamenteand a aquellos dispositivos compatibles con el standard ieee 802.3af. En este caso, la energ\u00eda el\u00e9ctrica es transmitida conjuntamente con los datos v\u00eda cable ethernet proporcionando la expansi\u00f3n de su red hacia zonas sin cables el\u00e9ctricos o enchufes, donde usted desea instalar dispositivos como puntos de acceso, c\u00e1maras ip o tel\u00e9fonos ip, etc. Energ\u00eda sobre ethernet. 4 de los 5 puertos rj45 auto-negociables (puerto 1 al puerto 4) del switch soportan la funci\u00f3n energ\u00eda sobre ethernet (poe). \u00e9stos puertos poe pueden detectar y suministrar energ\u00eda el\u00e9ctrica a aquellos dispositivos compatibles con el standardieee 802.3af. Protecci\u00f3n contra sobrecargas. El tl-sf1005p dispone de una funci\u00f3n de prioridad* que ayuda a proteger el equipo cuando se produce una sobrecarga en la alimentaci\u00f3n del sistema. Si el consumo el\u00e9ctrico de todos los equipos poe es mayor o igual que 58 w, se establece una prioridad de alimentaci\u00f3n entre los puertos poe en funci\u00f3n de la cual el switch interrumpe la alimentaci\u00f3n en el puerto que posea una menor prioridad. Funci\u00f3n de prioridad en los puertos. Prioridad (puerto 1   puerto 2   puerto 3   puerto 4): esta funci\u00f3n le ayuda a proteger el sistema en condiciones de trabajo normal, lo que significa que el puerto 4 dejar\u00e1 de suministrar energ\u00eda cuando le portencia total de todos los equipos alimentados supere 58w. Por ejemplo, los puertos 1, 2 y 4 est\u00e1n utilizando 15,4 w (la potencia m\u00e1xima por puerto es de 15,4 w), por lo que el suministro del sistema es de 46,2 w en total. Si se conecta un dispositivo poe adicional que consume 10 w en el puerto 3, el equipo desconecta la alimentaci\u00f3n del puerto 4 para protegerse. De este modo, los puertos 1 y 2 consumir\u00e1n 15,4 w, el puerto 3 utilizar\u00e1 12 w y no se suministrar\u00e1 alimentaci\u00f3n al puerto 4. F\u00e1cil de usar. Tl-sf1005p es f\u00e1cil de instalar y usar. No requiere configuraci\u00f3n e instalaci\u00f3n. Con un dise\u00f1o de escritorio, un rendimiento y una calidad excepcionales, el conmutador de escritorio tl-sf1005p de 5 puertos a 10 \/ 100mbps de tp-link con poe de 4 puertos es una opci\u00f3n ideal para ampliar la red de su hogar u oficina.<\/p>\n","protected":false},"featured_media":220753,"comment_status":"open","ping_status":"open","template":"","meta":[],"product_cat":[1563,1564],"product_tag":[1562],"acf":[],"yoast_head":"<!-- This site is optimized with the Yoast SEO plugin v21.7 - https:\/\/yoast.com\/wordpress\/plugins\/seo\/ -->\n<title>[ Tp Link ] &#129351; Tl-sf1005p Switch | Tp-link | | 5 Puertos | No Administrable | Con 4 Puertos Poe | Para Escritorio<\/title>\n<meta name=\"description\" content=\"Compra Tl-sf1005p Switch | Tp-link | | 5 Puertos | No Administrable | Con 4 Puertos Poe | Para Escritorio + Env\u00edo a domicilio + Pago seguro + Garant\u00eda\" \/>\n<meta name=\"robots\" content=\"index, follow, max-snippet:-1, max-image-preview:large, max-video-preview:-1\" \/>\n<link rel=\"canonical\" href=\"https:\/\/compuviper.mx\/tienda\/producto\/tp-link-tl-sf1005p-switch-tp-link-5-puertos-no-administrable-con-4-puertos-poe-para-escritorio\/\" \/>\n<meta property=\"og:locale\" content=\"es_MX\" \/>\n<meta property=\"og:type\" content=\"article\" \/>\n<meta property=\"og:title\" content=\"[ Tp Link ] &#129351; Tl-sf1005p Switch | Tp-link | | 5 Puertos | No Administrable | Con 4 Puertos Poe | Para Escritorio\" \/>\n<meta property=\"og:description\" content=\"Compra Tl-sf1005p Switch | Tp-link | | 5 Puertos | No Administrable | Con 4 Puertos Poe | Para Escritorio + Env\u00edo a domicilio + Pago seguro + Garant\u00eda\" \/>\n<meta property=\"og:url\" content=\"https:\/\/compuviper.mx\/tienda\/producto\/tp-link-tl-sf1005p-switch-tp-link-5-puertos-no-administrable-con-4-puertos-poe-para-escritorio\/\" \/>\n<meta property=\"og:site_name\" content=\"Compuviper\" \/>\n<meta property=\"article:publisher\" content=\"https:\/\/www.facebook.com\/compuviper\" \/>\n<meta property=\"article:modified_time\" content=\"2026-04-18T07:07:12+00:00\" \/>\n<meta property=\"og:image\" content=\"https:\/\/compuviper.mx\/tienda\/wp-content\/uploads\/2023\/12\/Switch-tp-link-tl-sf1005p-5-puertos-no-administrable-con-4-puertos-poe-para-escritorio.jpg\" \/>\n\t<meta property=\"og:image:width\" content=\"200\" \/>\n\t<meta property=\"og:image:height\" content=\"200\" \/>\n\t<meta property=\"og:image:type\" content=\"image\/jpeg\" \/>\n<meta name=\"twitter:card\" content=\"summary_large_image\" \/>\n<meta name=\"twitter:label1\" content=\"Precio\" \/>\n\t<meta name=\"twitter:data1\" content=\"&#36;512 con IVA\" \/>\n\t<meta name=\"twitter:label2\" content=\"Availability\" \/>\n\t<meta name=\"twitter:data2\" content=\"In stock\" \/>\n<script type=\"application\/ld+json\" class=\"yoast-schema-graph\">{\"@context\":\"https:\/\/schema.org\",\"@graph\":[{\"@type\":\"WebPage\",\"@id\":\"https:\/\/compuviper.mx\/tienda\/producto\/tp-link-tl-sf1005p-switch-tp-link-5-puertos-no-administrable-con-4-puertos-poe-para-escritorio\/\",\"url\":\"https:\/\/compuviper.mx\/tienda\/producto\/tp-link-tl-sf1005p-switch-tp-link-5-puertos-no-administrable-con-4-puertos-poe-para-escritorio\/\",\"name\":\"[ Tp Link ] &#129351; Tl-sf1005p Switch | Tp-link | | 5 Puertos | No Administrable | Con 4 Puertos Poe | Para Escritorio\",\"isPartOf\":{\"@id\":\"https:\/\/compuviper.mx\/tienda\/#website\"},\"datePublished\":\"2026-04-18T07:07:11+00:00\",\"dateModified\":\"2026-04-18T07:07:12+00:00\",\"description\":\"Compra Tl-sf1005p Switch | Tp-link | | 5 Puertos | No Administrable | Con 4 Puertos Poe | Para Escritorio + Env\u00edo a domicilio + Pago seguro + Garant\u00eda\",\"breadcrumb\":{\"@id\":\"https:\/\/compuviper.mx\/tienda\/producto\/tp-link-tl-sf1005p-switch-tp-link-5-puertos-no-administrable-con-4-puertos-poe-para-escritorio\/#breadcrumb\"},\"inLanguage\":\"es-MX\",\"potentialAction\":[{\"@type\":\"ReadAction\",\"target\":[\"https:\/\/compuviper.mx\/tienda\/producto\/tp-link-tl-sf1005p-switch-tp-link-5-puertos-no-administrable-con-4-puertos-poe-para-escritorio\/\"]}]},{\"@type\":\"BreadcrumbList\",\"@id\":\"https:\/\/compuviper.mx\/tienda\/producto\/tp-link-tl-sf1005p-switch-tp-link-5-puertos-no-administrable-con-4-puertos-poe-para-escritorio\/#breadcrumb\",\"itemListElement\":[{\"@type\":\"ListItem\",\"position\":1,\"name\":\"Inicio\",\"item\":\"https:\/\/compuviper.mx\/tienda\/\"},{\"@type\":\"ListItem\",\"position\":2,\"name\":\"Productos\",\"item\":\"https:\/\/compuviper.mx\/tienda\/productos\/\"},{\"@type\":\"ListItem\",\"position\":3,\"name\":\"Redes\",\"item\":\"https:\/\/compuviper.mx\/tienda\/categoria-producto\/redes\/\"},{\"@type\":\"ListItem\",\"position\":4,\"name\":\"Switch\",\"item\":\"https:\/\/compuviper.mx\/tienda\/categoria-producto\/redes\/switch\/\"},{\"@type\":\"ListItem\",\"position\":5,\"name\":\"Tp Link Tl-sf1005p Switch | Tp-link | | 5 Puertos | No Administrable | Con 4 Puertos Poe | Para Escritorio\"}]},{\"@type\":\"WebSite\",\"@id\":\"https:\/\/compuviper.mx\/tienda\/#website\",\"url\":\"https:\/\/compuviper.mx\/tienda\/\",\"name\":\"Compuviper\",\"description\":\"Proveedor de Computadoras, Laptops, Servidores, Monitores, Puntos de Venta, Teclados,   Impresoras, T\u00f3ner, C\u00e1maras de Seguridad y m\u00e1s en tu tienda en l\u00ednea\",\"publisher\":{\"@id\":\"https:\/\/compuviper.mx\/tienda\/#organization\"},\"potentialAction\":[{\"@type\":\"SearchAction\",\"target\":{\"@type\":\"EntryPoint\",\"urlTemplate\":\"https:\/\/compuviper.mx\/tienda\/?s={search_term_string}\"},\"query-input\":\"required name=search_term_string\"}],\"inLanguage\":\"es-MX\"},{\"@type\":\"Organization\",\"@id\":\"https:\/\/compuviper.mx\/tienda\/#organization\",\"name\":\"Compuviper\",\"url\":\"https:\/\/compuviper.mx\/tienda\/\",\"logo\":{\"@type\":\"ImageObject\",\"inLanguage\":\"es-MX\",\"@id\":\"https:\/\/compuviper.mx\/tienda\/#\/schema\/logo\/image\/\",\"url\":\"https:\/\/compuviper.mx\/tienda\/wp-content\/uploads\/2021\/08\/Logo-Compuviper-10.png\",\"contentUrl\":\"https:\/\/compuviper.mx\/tienda\/wp-content\/uploads\/2021\/08\/Logo-Compuviper-10.png\",\"width\":1000,\"height\":500,\"caption\":\"Compuviper\"},\"image\":{\"@id\":\"https:\/\/compuviper.mx\/tienda\/#\/schema\/logo\/image\/\"},\"sameAs\":[\"https:\/\/www.facebook.com\/compuviper\",\"https:\/\/www.youtube.com\/channel\/UCf73dERp9Y3cfOq7q8BhLjA?view_as=subscriber\"]}]}<\/script>\n<meta property=\"product:brand\" content=\"TP LINK\" \/>\n<meta property=\"product:price:amount\" content=\"512\" \/>\n<meta property=\"product:price:currency\" content=\"MXN\" \/>\n<meta property=\"og:availability\" content=\"instock\" \/>\n<meta property=\"product:availability\" content=\"instock\" \/>\n<meta property=\"product:retailer_item_id\" content=\"TL-SF1005P\" \/>\n<meta property=\"product:condition\" content=\"new\" \/>\n<!-- \/ Yoast SEO plugin. -->","yoast_head_json":{"title":"[ Tp Link ] &#129351; Tl-sf1005p Switch | Tp-link | | 5 Puertos | No Administrable | Con 4 Puertos Poe | Para Escritorio","description":"Compra Tl-sf1005p Switch | Tp-link | | 5 Puertos | No Administrable | Con 4 Puertos Poe | Para Escritorio + Env\u00edo a domicilio + Pago seguro + Garant\u00eda","robots":{"index":"index","follow":"follow","max-snippet":"max-snippet:-1","max-image-preview":"max-image-preview:large","max-video-preview":"max-video-preview:-1"},"canonical":"https:\/\/compuviper.mx\/tienda\/producto\/tp-link-tl-sf1005p-switch-tp-link-5-puertos-no-administrable-con-4-puertos-poe-para-escritorio\/","og_locale":"es_MX","og_type":"article","og_title":"[ Tp Link ] &#129351; Tl-sf1005p Switch | Tp-link | | 5 Puertos | No Administrable | Con 4 Puertos Poe | Para Escritorio","og_description":"Compra Tl-sf1005p Switch | Tp-link | | 5 Puertos | No Administrable | Con 4 Puertos Poe | Para Escritorio + Env\u00edo a domicilio + Pago seguro + Garant\u00eda","og_url":"https:\/\/compuviper.mx\/tienda\/producto\/tp-link-tl-sf1005p-switch-tp-link-5-puertos-no-administrable-con-4-puertos-poe-para-escritorio\/","og_site_name":"Compuviper","article_publisher":"https:\/\/www.facebook.com\/compuviper","article_modified_time":"2026-04-18T07:07:12+00:00","og_image":[{"width":200,"height":200,"url":"https:\/\/compuviper.mx\/tienda\/wp-content\/uploads\/2023\/12\/Switch-tp-link-tl-sf1005p-5-puertos-no-administrable-con-4-puertos-poe-para-escritorio.jpg","type":"image\/jpeg"}],"twitter_card":"summary_large_image","twitter_misc":{"Precio":"&#36;512 con IVA","Availability":"In stock"},"schema":{"@context":"https:\/\/schema.org","@graph":[{"@type":"WebPage","@id":"https:\/\/compuviper.mx\/tienda\/producto\/tp-link-tl-sf1005p-switch-tp-link-5-puertos-no-administrable-con-4-puertos-poe-para-escritorio\/","url":"https:\/\/compuviper.mx\/tienda\/producto\/tp-link-tl-sf1005p-switch-tp-link-5-puertos-no-administrable-con-4-puertos-poe-para-escritorio\/","name":"[ Tp Link ] &#129351; Tl-sf1005p Switch | Tp-link | | 5 Puertos | No Administrable | Con 4 Puertos Poe | Para Escritorio","isPartOf":{"@id":"https:\/\/compuviper.mx\/tienda\/#website"},"datePublished":"2026-04-18T07:07:11+00:00","dateModified":"2026-04-18T07:07:12+00:00","description":"Compra Tl-sf1005p Switch | Tp-link | | 5 Puertos | No Administrable | Con 4 Puertos Poe | Para Escritorio + Env\u00edo a domicilio + Pago seguro + Garant\u00eda","breadcrumb":{"@id":"https:\/\/compuviper.mx\/tienda\/producto\/tp-link-tl-sf1005p-switch-tp-link-5-puertos-no-administrable-con-4-puertos-poe-para-escritorio\/#breadcrumb"},"inLanguage":"es-MX","potentialAction":[{"@type":"ReadAction","target":["https:\/\/compuviper.mx\/tienda\/producto\/tp-link-tl-sf1005p-switch-tp-link-5-puertos-no-administrable-con-4-puertos-poe-para-escritorio\/"]}]},{"@type":"BreadcrumbList","@id":"https:\/\/compuviper.mx\/tienda\/producto\/tp-link-tl-sf1005p-switch-tp-link-5-puertos-no-administrable-con-4-puertos-poe-para-escritorio\/#breadcrumb","itemListElement":[{"@type":"ListItem","position":1,"name":"Inicio","item":"https:\/\/compuviper.mx\/tienda\/"},{"@type":"ListItem","position":2,"name":"Productos","item":"https:\/\/compuviper.mx\/tienda\/productos\/"},{"@type":"ListItem","position":3,"name":"Redes","item":"https:\/\/compuviper.mx\/tienda\/categoria-producto\/redes\/"},{"@type":"ListItem","position":4,"name":"Switch","item":"https:\/\/compuviper.mx\/tienda\/categoria-producto\/redes\/switch\/"},{"@type":"ListItem","position":5,"name":"Tp Link Tl-sf1005p Switch | Tp-link | | 5 Puertos | No Administrable | Con 4 Puertos Poe | Para Escritorio"}]},{"@type":"WebSite","@id":"https:\/\/compuviper.mx\/tienda\/#website","url":"https:\/\/compuviper.mx\/tienda\/","name":"Compuviper","description":"Proveedor de Computadoras, Laptops, Servidores, Monitores, Puntos de Venta, Teclados,   Impresoras, T\u00f3ner, C\u00e1maras de Seguridad y m\u00e1s en tu tienda en l\u00ednea","publisher":{"@id":"https:\/\/compuviper.mx\/tienda\/#organization"},"potentialAction":[{"@type":"SearchAction","target":{"@type":"EntryPoint","urlTemplate":"https:\/\/compuviper.mx\/tienda\/?s={search_term_string}"},"query-input":"required name=search_term_string"}],"inLanguage":"es-MX"},{"@type":"Organization","@id":"https:\/\/compuviper.mx\/tienda\/#organization","name":"Compuviper","url":"https:\/\/compuviper.mx\/tienda\/","logo":{"@type":"ImageObject","inLanguage":"es-MX","@id":"https:\/\/compuviper.mx\/tienda\/#\/schema\/logo\/image\/","url":"https:\/\/compuviper.mx\/tienda\/wp-content\/uploads\/2021\/08\/Logo-Compuviper-10.png","contentUrl":"https:\/\/compuviper.mx\/tienda\/wp-content\/uploads\/2021\/08\/Logo-Compuviper-10.png","width":1000,"height":500,"caption":"Compuviper"},"image":{"@id":"https:\/\/compuviper.mx\/tienda\/#\/schema\/logo\/image\/"},"sameAs":["https:\/\/www.facebook.com\/compuviper","https:\/\/www.youtube.com\/channel\/UCf73dERp9Y3cfOq7q8BhLjA?view_as=subscriber"]}]},"product_brand":"TP LINK","product_price_amount":"512","product_price_currency":"MXN","og_availability":"instock","product_availability":"instock","product_retailer_item_id":"TL-SF1005P","product_condition":"new"},"_links":{"self":[{"href":"https:\/\/compuviper.mx\/tienda\/wp-json\/wp\/v2\/product\/220752"}],"collection":[{"href":"https:\/\/compuviper.mx\/tienda\/wp-json\/wp\/v2\/product"}],"about":[{"href":"https:\/\/compuviper.mx\/tienda\/wp-json\/wp\/v2\/types\/product"}],"replies":[{"embeddable":true,"href":"https:\/\/compuviper.mx\/tienda\/wp-json\/wp\/v2\/comments?post=220752"}],"wp:featuredmedia":[{"embeddable":true,"href":"https:\/\/compuviper.mx\/tienda\/wp-json\/wp\/v2\/media\/220753"}],"wp:attachment":[{"href":"https:\/\/compuviper.mx\/tienda\/wp-json\/wp\/v2\/media?parent=220752"}],"wp:term":[{"taxonomy":"product_cat","embeddable":true,"href":"https:\/\/compuviper.mx\/tienda\/wp-json\/wp\/v2\/product_cat?post=220752"},{"taxonomy":"product_tag","embeddable":true,"href":"https:\/\/compuviper.mx\/tienda\/wp-json\/wp\/v2\/product_tag?post=220752"}],"curies":[{"name":"wp","href":"https:\/\/api.w.org\/{rel}","templated":true}]}}