{"id":220746,"date":"2026-04-18T01:07:10","date_gmt":"2026-04-18T07:07:10","guid":{"rendered":"https:\/\/compuviper.mx\/tienda\/producto\/intellinet-560559-poe-switch-gb-24-ptos-19-30w-pto-240w-2-sfp\/"},"modified":"2026-04-18T01:07:10","modified_gmt":"2026-04-18T07:07:10","slug":"intellinet-560559-poe-switch-gb-24-ptos-19-30w-pto-240w-2-sfp","status":"publish","type":"product","link":"https:\/\/compuviper.mx\/tienda\/producto\/intellinet-560559-poe-switch-gb-24-ptos-19-30w-pto-240w-2-sfp\/","title":{"rendered":"Intellinet 560559 Poe Switch,,, Gb 24 Ptos 19 30w\/pto, 240w + 2 Sfp"},"content":{"rendered":"<table class=\"descripcion\">\n<tr>\n<td>Est\u00e1ndares<\/td>\n<\/tr>\n<tr>\n<td>Ieee 802.1d (protocolo spanning tree)<\/td>\n<\/tr>\n<tr>\n<td>Ieee 802.1p (prioridad de tr\u00e1fico)<\/td>\n<\/tr>\n<tr>\n<td>Ieee 802.1q (vlan basada en etiquetas)<\/td>\n<\/tr>\n<tr>\n<td>Ieee 802.1w (protocolo r\u00e1pido spanning tree)<\/td>\n<\/tr>\n<tr>\n<td>Ieee 802.3 (10base-t ethernet)<\/td>\n<\/tr>\n<tr>\n<td>Ieee 802.3ab (gigabit ethernet para par trenzado)<\/td>\n<\/tr>\n<tr>\n<td>Ieee 802.3ad (link aggregation control protocol lacp)<\/td>\n<\/tr>\n<tr>\n<td>Ieee 802.3af (power over ethernet 802.3at tipo 1)<\/td>\n<\/tr>\n<tr>\n<td>Ieee 802.3at (power over ethernet 802.3at tipo 2)<\/td>\n<\/tr>\n<tr>\n<td>Ieee 802.3u (100base-tx fast ethernet)<\/td>\n<\/tr>\n<tr>\n<td>Ieee 802.3x (control de flujo, para modo full d\u00faplex)<\/td>\n<\/tr>\n<tr>\n<td>General<\/td>\n<\/tr>\n<tr>\n<td>Medios soportados:<\/td>\n<\/tr>\n<tr>\n<td>&#8211; 10base-t cat3, 4, 5 utp\/stp rj45<\/td>\n<\/tr>\n<tr>\n<td>&#8211; 100base-tx cat5 utp\/stp rj45<\/td>\n<\/tr>\n<tr>\n<td>&#8211; 1000base-t cat5e utp\/stp rj-45<\/td>\n<\/tr>\n<tr>\n<td>Filtrado de paquetes\/ tasa de env\u00edo:<\/td>\n<\/tr>\n<tr>\n<td>&#8211; 1,488,000 pps (1000 mbps)<\/td>\n<\/tr>\n<tr>\n<td>&#8211; 148,800 pps (100 mbps)<\/td>\n<\/tr>\n<tr>\n<td>&#8211; 14,880 pps (10 mbps)<\/td>\n<\/tr>\n<tr>\n<td>Tabla de direcciones mac: 8k<\/td>\n<\/tr>\n<tr>\n<td>Velocidad de backplane: 52 gbps<\/td>\n<\/tr>\n<tr>\n<td>Arquitectura del switch: almacenaje y env\u00edo<\/td>\n<\/tr>\n<tr>\n<td>Opciones de configuraci\u00f3n:<\/td>\n<\/tr>\n<tr>\n<td>&#8211; velocidad de enlace del puerto: 10 mbps, 100 mbps, 1000 mbps o auto negociaci\u00f3n<\/td>\n<\/tr>\n<tr>\n<td>&#8211; encendido\/apagado individual de puertos poe<\/td>\n<\/tr>\n<tr>\n<td>&#8211; control de flujo encendido\/apagado por puerto<\/td>\n<\/tr>\n<tr>\n<td>&#8211; vlan<\/td>\n<\/tr>\n<tr>\n<td>&#8211; l\u00edmite de velocidad (velocidad de ingreso y velocidad de egreso)<\/td>\n<\/tr>\n<tr>\n<td>&#8211; port mirroring<\/td>\n<\/tr>\n<tr>\n<td>&#8211; port aggregation\/ lacp: 8 grupos<\/td>\n<\/tr>\n<tr>\n<td>&#8211; configuraci\u00f3n de tormentas de broadcast con tasa de broadcast, tasa de multicast y tasa de inundaci\u00f3n por unicast<\/td>\n<\/tr>\n<tr>\n<td>&#8211; igmp snooping<\/td>\n<\/tr>\n<tr>\n<td>&#8211; calidad de servicio (qos): basada en puertos o dscp<\/td>\n<\/tr>\n<tr>\n<td>&#8211; herramienta de diagn\u00f3sticos de cable integrada, veriphy<\/td>\n<\/tr>\n<tr>\n<td>&#8211; cliente ping icmp integrado env\u00eda solicitudes de ping a otros nodos de la red<\/td>\n<\/tr>\n<tr>\n<td>&#8211; snmpv1\/v2c (protocolo simple de administraci\u00f3n de redes)<\/td>\n<\/tr>\n<tr>\n<td>&#8211; par\u00e1metros de lan (direcci\u00f3n ip, gateway, etc.)<\/td>\n<\/tr>\n<tr>\n<td>Certificaciones: fcc clase a, marca ce<\/td>\n<\/tr>\n<tr>\n<td>Leds<\/td>\n<\/tr>\n<tr>\n<td>Poe<\/td>\n<\/tr>\n<tr>\n<td>Alimentaci\u00f3n<\/td>\n<\/tr>\n<tr>\n<td>Enlace\/actividad<\/td>\n<\/tr>\n<tr>\n<td>Alimentaci\u00f3n<\/td>\n<\/tr>\n<tr>\n<td>Entrada: 90 a 260 v ca, 50 a 60 hz<\/td>\n<\/tr>\n<tr>\n<td>Consumo de energ\u00eda: 260 watts (m\u00e1ximo)<\/td>\n<\/tr>\n<tr>\n<td>Dise\u00f1o<\/td>\n<\/tr>\n<tr>\n<td>Gabinete met\u00e1lico<\/td>\n<\/tr>\n<tr>\n<td>Dimensiones: 440 (ancho) x 208 (largo) x 44 (alto) mm<\/td>\n<\/tr>\n<tr>\n<td>Peso: 3.1 kg<\/td>\n<\/tr>\n<tr>\n<td>Temperatura de operaci\u00f3n: 0\u00b0 c \u0096 40\u00b0 c<\/td>\n<\/tr>\n<tr>\n<td>Factor de humedad: 10% \u0096 90% rh, sin condensaci\u00f3n<\/td>\n<\/tr>\n<tr>\n<td>Temperatura de almacenaje: -20\u00b0 a 70\u00b0c<\/td>\n<\/tr>\n<tr>\n<td>Contenido del paquete<\/td>\n<\/tr>\n<tr>\n<td>Switch administrable por web gigabit ethernet de 24 puertos poe+ y 2 puertos sfp<\/td>\n<\/tr>\n<tr>\n<td>Cable de alimentaci\u00f3n<\/td>\n<\/tr>\n<tr>\n<td>Manual del usuario<\/td>\n<\/tr>\n<\/table>\n","protected":false},"excerpt":{"rendered":"<p>Proporciona conexiones con alimentaci\u00f3n y datos para hasta 24 dispositivos de red poe. Ahorre en costos de instalaci\u00f3n al entregar datos y alimentaci\u00f3n sobre el cableado de red existente. Puertos 10\/ 100\/ 1000 autosentitivos que autom\u00e1ticamente detectan las velocidades \u00f3ptimas de la red. Dos ranuras de conexi\u00f3n para m\u00f3dulos transceiver mini gbic (sfp. Puertos rj45 que cumplen con los est\u00e1ndares ieee 802.3at y 802.3af, poe y poe. Potencia de salida hasta de 30 watts por puerto. Potencia poe entregada de 240 watts. Soporta dispositivos poe que cumplen los est\u00e1ndares ieee 802.3at e ieee 802.3af (access points, tel\u00e9fonos voip y c\u00e1maras ip. Soporta detecci\u00f3n de protocolo ieee 802.3at\/af y cortocircuitos, sobrecarga y protecci\u00f3n de alto voltaje. Todos los puertos rj45 con soporte de auto-mdix y autonegociaci\u00f3n nway. Consola de administraci\u00f3n basada en web. Soporta administraci\u00f3n snmp. Soporta vlan (basada en etiquetas y en puertos. Proporciona seguridad basada en puertos 802.1x. Soporta link aggregation (trunking. Igmp para filtrado de multicast. Soporta control de ancho de banda por puerto. Soporta puerto de reflejo. Soporta dos tipos de calidad de servicio (qos): basada en puertos y dscp. Control de tormentas de broadcast con ajuste de tasa de transmisi\u00f3n de paquetes de multicast. Soporta tramas jumbo hasta 9 kbytes. Soporta protocolos spanning tree r\u00e1pido \/ spanning tree. Arquitectura de intercambio de almacenaje y env\u00edo. Operaci\u00f3n full\/ half d\u00faplex. Control de flujo para modo full d\u00faplex, ieee 802.3x. Soporta 8k entradas de direcciones mac. Memoria b\u00fafer de 400 kbytes. Leds de encendido, enlace\/ actividad y poe. Dos ventiladores de alto volumen aseguran una ventilaci\u00f3n perfecta. Incluye soportes para montaje en rack de 19. Tres a\u00f1os de garant\u00eda<\/p>\n","protected":false},"featured_media":220747,"comment_status":"open","ping_status":"open","template":"","meta":[],"product_cat":[1563,1564],"product_tag":[1489],"acf":[],"yoast_head":"<!-- This site is optimized with the Yoast SEO plugin v21.7 - https:\/\/yoast.com\/wordpress\/plugins\/seo\/ -->\n<title>[ Intellinet ] &#129351; 560559 Poe Switch,,, Gb 24 Ptos 19 30w\/pto, 240w + 2 Sfp<\/title>\n<meta name=\"description\" content=\"Compra 560559 Poe Switch,,, Gb 24 Ptos 19 30w\/pto, 240w + 2 Sfp + Env\u00edo a domicilio + Pago seguro + Garant\u00eda\" \/>\n<meta name=\"robots\" content=\"index, follow, max-snippet:-1, max-image-preview:large, max-video-preview:-1\" \/>\n<link rel=\"canonical\" href=\"https:\/\/compuviper.mx\/tienda\/producto\/intellinet-560559-poe-switch-gb-24-ptos-19-30w-pto-240w-2-sfp\/\" \/>\n<meta property=\"og:locale\" content=\"es_MX\" \/>\n<meta property=\"og:type\" content=\"article\" \/>\n<meta property=\"og:title\" content=\"[ Intellinet ] &#129351; 560559 Poe Switch,,, Gb 24 Ptos 19 30w\/pto, 240w + 2 Sfp\" \/>\n<meta property=\"og:description\" content=\"Compra 560559 Poe Switch,,, Gb 24 Ptos 19 30w\/pto, 240w + 2 Sfp + Env\u00edo a domicilio + Pago seguro + Garant\u00eda\" \/>\n<meta property=\"og:url\" content=\"https:\/\/compuviper.mx\/tienda\/producto\/intellinet-560559-poe-switch-gb-24-ptos-19-30w-pto-240w-2-sfp\/\" \/>\n<meta property=\"og:site_name\" content=\"Compuviper\" \/>\n<meta property=\"article:publisher\" content=\"https:\/\/www.facebook.com\/compuviper\" \/>\n<meta property=\"og:image\" content=\"https:\/\/compuviper.mx\/tienda\/wp-content\/uploads\/2023\/12\/Poe-switchintellinet560559-gb-24-ptos-19-30wpto-240w-2-sfp.jpg\" \/>\n\t<meta property=\"og:image:width\" content=\"200\" \/>\n\t<meta property=\"og:image:height\" content=\"200\" \/>\n\t<meta property=\"og:image:type\" content=\"image\/jpeg\" \/>\n<meta name=\"twitter:card\" content=\"summary_large_image\" \/>\n<meta name=\"twitter:label1\" content=\"Precio\" \/>\n\t<meta name=\"twitter:data1\" content=\"&#36;6,835 con IVA\" \/>\n\t<meta name=\"twitter:label2\" content=\"Availability\" \/>\n\t<meta name=\"twitter:data2\" content=\"Out of stock\" \/>\n<script type=\"application\/ld+json\" class=\"yoast-schema-graph\">{\"@context\":\"https:\/\/schema.org\",\"@graph\":[{\"@type\":\"WebPage\",\"@id\":\"https:\/\/compuviper.mx\/tienda\/producto\/intellinet-560559-poe-switch-gb-24-ptos-19-30w-pto-240w-2-sfp\/\",\"url\":\"https:\/\/compuviper.mx\/tienda\/producto\/intellinet-560559-poe-switch-gb-24-ptos-19-30w-pto-240w-2-sfp\/\",\"name\":\"[ Intellinet ] &#129351; 560559 Poe Switch,,, Gb 24 Ptos 19 30w\/pto, 240w + 2 Sfp\",\"isPartOf\":{\"@id\":\"https:\/\/compuviper.mx\/tienda\/#website\"},\"datePublished\":\"2026-04-18T07:07:10+00:00\",\"dateModified\":\"2026-04-18T07:07:10+00:00\",\"description\":\"Compra 560559 Poe Switch,,, Gb 24 Ptos 19 30w\/pto, 240w + 2 Sfp + Env\u00edo a domicilio + Pago seguro + Garant\u00eda\",\"breadcrumb\":{\"@id\":\"https:\/\/compuviper.mx\/tienda\/producto\/intellinet-560559-poe-switch-gb-24-ptos-19-30w-pto-240w-2-sfp\/#breadcrumb\"},\"inLanguage\":\"es-MX\",\"potentialAction\":[{\"@type\":\"ReadAction\",\"target\":[\"https:\/\/compuviper.mx\/tienda\/producto\/intellinet-560559-poe-switch-gb-24-ptos-19-30w-pto-240w-2-sfp\/\"]}]},{\"@type\":\"BreadcrumbList\",\"@id\":\"https:\/\/compuviper.mx\/tienda\/producto\/intellinet-560559-poe-switch-gb-24-ptos-19-30w-pto-240w-2-sfp\/#breadcrumb\",\"itemListElement\":[{\"@type\":\"ListItem\",\"position\":1,\"name\":\"Inicio\",\"item\":\"https:\/\/compuviper.mx\/tienda\/\"},{\"@type\":\"ListItem\",\"position\":2,\"name\":\"Productos\",\"item\":\"https:\/\/compuviper.mx\/tienda\/productos\/\"},{\"@type\":\"ListItem\",\"position\":3,\"name\":\"Redes\",\"item\":\"https:\/\/compuviper.mx\/tienda\/categoria-producto\/redes\/\"},{\"@type\":\"ListItem\",\"position\":4,\"name\":\"Switch\",\"item\":\"https:\/\/compuviper.mx\/tienda\/categoria-producto\/redes\/switch\/\"},{\"@type\":\"ListItem\",\"position\":5,\"name\":\"Intellinet 560559 Poe Switch,,, Gb 24 Ptos 19 30w\/pto, 240w + 2 Sfp\"}]},{\"@type\":\"WebSite\",\"@id\":\"https:\/\/compuviper.mx\/tienda\/#website\",\"url\":\"https:\/\/compuviper.mx\/tienda\/\",\"name\":\"Compuviper\",\"description\":\"Proveedor de Computadoras, Laptops, Servidores, Monitores, Puntos de Venta, Teclados,   Impresoras, T\u00f3ner, C\u00e1maras de Seguridad y m\u00e1s en tu tienda en l\u00ednea\",\"publisher\":{\"@id\":\"https:\/\/compuviper.mx\/tienda\/#organization\"},\"potentialAction\":[{\"@type\":\"SearchAction\",\"target\":{\"@type\":\"EntryPoint\",\"urlTemplate\":\"https:\/\/compuviper.mx\/tienda\/?s={search_term_string}\"},\"query-input\":\"required name=search_term_string\"}],\"inLanguage\":\"es-MX\"},{\"@type\":\"Organization\",\"@id\":\"https:\/\/compuviper.mx\/tienda\/#organization\",\"name\":\"Compuviper\",\"url\":\"https:\/\/compuviper.mx\/tienda\/\",\"logo\":{\"@type\":\"ImageObject\",\"inLanguage\":\"es-MX\",\"@id\":\"https:\/\/compuviper.mx\/tienda\/#\/schema\/logo\/image\/\",\"url\":\"https:\/\/compuviper.mx\/tienda\/wp-content\/uploads\/2021\/08\/Logo-Compuviper-10.png\",\"contentUrl\":\"https:\/\/compuviper.mx\/tienda\/wp-content\/uploads\/2021\/08\/Logo-Compuviper-10.png\",\"width\":1000,\"height\":500,\"caption\":\"Compuviper\"},\"image\":{\"@id\":\"https:\/\/compuviper.mx\/tienda\/#\/schema\/logo\/image\/\"},\"sameAs\":[\"https:\/\/www.facebook.com\/compuviper\",\"https:\/\/www.youtube.com\/channel\/UCf73dERp9Y3cfOq7q8BhLjA?view_as=subscriber\"]}]}<\/script>\n<meta property=\"product:brand\" content=\"INTELLINET\" \/>\n<meta property=\"product:price:amount\" content=\"6835\" \/>\n<meta property=\"product:price:currency\" content=\"MXN\" \/>\n<meta property=\"og:availability\" content=\"out of stock\" \/>\n<meta property=\"product:availability\" content=\"out of stock\" \/>\n<meta property=\"product:retailer_item_id\" content=\"560559\" \/>\n<meta property=\"product:condition\" content=\"new\" \/>\n<!-- \/ Yoast SEO plugin. -->","yoast_head_json":{"title":"[ Intellinet ] &#129351; 560559 Poe Switch,,, Gb 24 Ptos 19 30w\/pto, 240w + 2 Sfp","description":"Compra 560559 Poe Switch,,, Gb 24 Ptos 19 30w\/pto, 240w + 2 Sfp + Env\u00edo a domicilio + Pago seguro + Garant\u00eda","robots":{"index":"index","follow":"follow","max-snippet":"max-snippet:-1","max-image-preview":"max-image-preview:large","max-video-preview":"max-video-preview:-1"},"canonical":"https:\/\/compuviper.mx\/tienda\/producto\/intellinet-560559-poe-switch-gb-24-ptos-19-30w-pto-240w-2-sfp\/","og_locale":"es_MX","og_type":"article","og_title":"[ Intellinet ] &#129351; 560559 Poe Switch,,, Gb 24 Ptos 19 30w\/pto, 240w + 2 Sfp","og_description":"Compra 560559 Poe Switch,,, Gb 24 Ptos 19 30w\/pto, 240w + 2 Sfp + Env\u00edo a domicilio + Pago seguro + Garant\u00eda","og_url":"https:\/\/compuviper.mx\/tienda\/producto\/intellinet-560559-poe-switch-gb-24-ptos-19-30w-pto-240w-2-sfp\/","og_site_name":"Compuviper","article_publisher":"https:\/\/www.facebook.com\/compuviper","og_image":[{"width":200,"height":200,"url":"https:\/\/compuviper.mx\/tienda\/wp-content\/uploads\/2023\/12\/Poe-switchintellinet560559-gb-24-ptos-19-30wpto-240w-2-sfp.jpg","type":"image\/jpeg"}],"twitter_card":"summary_large_image","twitter_misc":{"Precio":"&#36;6,835 con IVA","Availability":"Out of stock"},"schema":{"@context":"https:\/\/schema.org","@graph":[{"@type":"WebPage","@id":"https:\/\/compuviper.mx\/tienda\/producto\/intellinet-560559-poe-switch-gb-24-ptos-19-30w-pto-240w-2-sfp\/","url":"https:\/\/compuviper.mx\/tienda\/producto\/intellinet-560559-poe-switch-gb-24-ptos-19-30w-pto-240w-2-sfp\/","name":"[ Intellinet ] &#129351; 560559 Poe Switch,,, Gb 24 Ptos 19 30w\/pto, 240w + 2 Sfp","isPartOf":{"@id":"https:\/\/compuviper.mx\/tienda\/#website"},"datePublished":"2026-04-18T07:07:10+00:00","dateModified":"2026-04-18T07:07:10+00:00","description":"Compra 560559 Poe Switch,,, Gb 24 Ptos 19 30w\/pto, 240w + 2 Sfp + Env\u00edo a domicilio + Pago seguro + Garant\u00eda","breadcrumb":{"@id":"https:\/\/compuviper.mx\/tienda\/producto\/intellinet-560559-poe-switch-gb-24-ptos-19-30w-pto-240w-2-sfp\/#breadcrumb"},"inLanguage":"es-MX","potentialAction":[{"@type":"ReadAction","target":["https:\/\/compuviper.mx\/tienda\/producto\/intellinet-560559-poe-switch-gb-24-ptos-19-30w-pto-240w-2-sfp\/"]}]},{"@type":"BreadcrumbList","@id":"https:\/\/compuviper.mx\/tienda\/producto\/intellinet-560559-poe-switch-gb-24-ptos-19-30w-pto-240w-2-sfp\/#breadcrumb","itemListElement":[{"@type":"ListItem","position":1,"name":"Inicio","item":"https:\/\/compuviper.mx\/tienda\/"},{"@type":"ListItem","position":2,"name":"Productos","item":"https:\/\/compuviper.mx\/tienda\/productos\/"},{"@type":"ListItem","position":3,"name":"Redes","item":"https:\/\/compuviper.mx\/tienda\/categoria-producto\/redes\/"},{"@type":"ListItem","position":4,"name":"Switch","item":"https:\/\/compuviper.mx\/tienda\/categoria-producto\/redes\/switch\/"},{"@type":"ListItem","position":5,"name":"Intellinet 560559 Poe Switch,,, Gb 24 Ptos 19 30w\/pto, 240w + 2 Sfp"}]},{"@type":"WebSite","@id":"https:\/\/compuviper.mx\/tienda\/#website","url":"https:\/\/compuviper.mx\/tienda\/","name":"Compuviper","description":"Proveedor de Computadoras, Laptops, Servidores, Monitores, Puntos de Venta, Teclados,   Impresoras, T\u00f3ner, C\u00e1maras de Seguridad y m\u00e1s en tu tienda en l\u00ednea","publisher":{"@id":"https:\/\/compuviper.mx\/tienda\/#organization"},"potentialAction":[{"@type":"SearchAction","target":{"@type":"EntryPoint","urlTemplate":"https:\/\/compuviper.mx\/tienda\/?s={search_term_string}"},"query-input":"required name=search_term_string"}],"inLanguage":"es-MX"},{"@type":"Organization","@id":"https:\/\/compuviper.mx\/tienda\/#organization","name":"Compuviper","url":"https:\/\/compuviper.mx\/tienda\/","logo":{"@type":"ImageObject","inLanguage":"es-MX","@id":"https:\/\/compuviper.mx\/tienda\/#\/schema\/logo\/image\/","url":"https:\/\/compuviper.mx\/tienda\/wp-content\/uploads\/2021\/08\/Logo-Compuviper-10.png","contentUrl":"https:\/\/compuviper.mx\/tienda\/wp-content\/uploads\/2021\/08\/Logo-Compuviper-10.png","width":1000,"height":500,"caption":"Compuviper"},"image":{"@id":"https:\/\/compuviper.mx\/tienda\/#\/schema\/logo\/image\/"},"sameAs":["https:\/\/www.facebook.com\/compuviper","https:\/\/www.youtube.com\/channel\/UCf73dERp9Y3cfOq7q8BhLjA?view_as=subscriber"]}]},"product_brand":"INTELLINET","product_price_amount":"6835","product_price_currency":"MXN","og_availability":"out of stock","product_availability":"out of stock","product_retailer_item_id":"560559","product_condition":"new"},"_links":{"self":[{"href":"https:\/\/compuviper.mx\/tienda\/wp-json\/wp\/v2\/product\/220746"}],"collection":[{"href":"https:\/\/compuviper.mx\/tienda\/wp-json\/wp\/v2\/product"}],"about":[{"href":"https:\/\/compuviper.mx\/tienda\/wp-json\/wp\/v2\/types\/product"}],"replies":[{"embeddable":true,"href":"https:\/\/compuviper.mx\/tienda\/wp-json\/wp\/v2\/comments?post=220746"}],"wp:featuredmedia":[{"embeddable":true,"href":"https:\/\/compuviper.mx\/tienda\/wp-json\/wp\/v2\/media\/220747"}],"wp:attachment":[{"href":"https:\/\/compuviper.mx\/tienda\/wp-json\/wp\/v2\/media?parent=220746"}],"wp:term":[{"taxonomy":"product_cat","embeddable":true,"href":"https:\/\/compuviper.mx\/tienda\/wp-json\/wp\/v2\/product_cat?post=220746"},{"taxonomy":"product_tag","embeddable":true,"href":"https:\/\/compuviper.mx\/tienda\/wp-json\/wp\/v2\/product_tag?post=220746"}],"curies":[{"name":"wp","href":"https:\/\/api.w.org\/{rel}","templated":true}]}}