{"id":220740,"date":"2026-04-18T01:07:08","date_gmt":"2026-04-18T07:07:08","guid":{"rendered":"https:\/\/compuviper.mx\/tienda\/producto\/intellinet-560917-switch-gb-24-ptos-19-admin-2-sfp\/"},"modified":"2026-04-18T01:07:08","modified_gmt":"2026-04-18T07:07:08","slug":"intellinet-560917-switch-gb-24-ptos-19-admin-2-sfp","status":"publish","type":"product","link":"https:\/\/compuviper.mx\/tienda\/producto\/intellinet-560917-switch-gb-24-ptos-19-admin-2-sfp\/","title":{"rendered":"Intellinet 560917 Switch,,, Gb 24 Ptos 19 ,admin + 2 Sfp"},"content":{"rendered":"<table class=\"descripcion\">\n<tr>\n<td>Estandar:<\/td>\n<\/tr>\n<tr>\n<td>Ieee 802.1d (protocolo spanning tree)<\/td>\n<\/tr>\n<tr>\n<td>Ieee 802.1p (prioridad de trafico)<\/td>\n<\/tr>\n<tr>\n<td>Ieee 802.1q (vlan basada en etiquetas)<\/td>\n<\/tr>\n<tr>\n<td>Ieee 802.1s (protocolo de spanning tree (mstp))<\/td>\n<\/tr>\n<tr>\n<td>Ieee 802.3ad (link aggregation)<\/td>\n<\/tr>\n<tr>\n<td>Ieee 802.3 (10base-t ethernet)<\/td>\n<\/tr>\n<tr>\n<td>Ieee 802.3ab (gigabit ethernet para par trenzado)<\/td>\n<\/tr>\n<tr>\n<td>Ieee 802.3ad (link aggregation control protocol lacp)<\/td>\n<\/tr>\n<tr>\n<td>Ieee 802.3az (ethernet eficiente en energ\u00eda, eee)<\/td>\n<\/tr>\n<tr>\n<td>Ieee 802.3u (100base-tx fast ethernet)<\/td>\n<\/tr>\n<tr>\n<td>Ieee 802.3z (gigabit ethernet por fibra \u00f3ptica)<\/td>\n<\/tr>\n<tr>\n<td>Snmpv1\/v2 (protocolo simple de administraci\u00f3n de red)<\/td>\n<\/tr>\n<tr>\n<td>General:<\/td>\n<\/tr>\n<tr>\n<td>Medios soportados:<\/td>\n<\/tr>\n<tr>\n<td>&#8211; 10base-t cat3, 4, 5 utp\/stp rj-45<\/td>\n<\/tr>\n<tr>\n<td>&#8211; 100base-tx cat5 utp\/stp rj-45<\/td>\n<\/tr>\n<tr>\n<td>&#8211; 1000base-t cat5e utp\/stp rj-45<\/td>\n<\/tr>\n<tr>\n<td>Filtrado de paquetes\/ tasa de env\u00edo:<\/td>\n<\/tr>\n<tr>\n<td>&#8211; 1,488,000 pps (1000 mbps)<\/td>\n<\/tr>\n<tr>\n<td>&#8211; 148,000 pps (100 mbps)<\/td>\n<\/tr>\n<tr>\n<td>&#8211; 14,880 pps (10 mbps)<\/td>\n<\/tr>\n<tr>\n<td>Tabla de direcciones mac: 8k<\/td>\n<\/tr>\n<tr>\n<td>Memoria de b\u00fafer: 512 kbytes<\/td>\n<\/tr>\n<tr>\n<td>Velocidad de backplane \/ infraestructura de conmutaci\u00f3n: 52 gbps<\/td>\n<\/tr>\n<tr>\n<td>Arquitectura del switch: almacenaje y env\u00edo<\/td>\n<\/tr>\n<tr>\n<td>Opciones de configuraci\u00f3n:<\/td>\n<\/tr>\n<tr>\n<td>&#8211; velocidad de enlace del puerto: 10 mbps, 100 mbps, 1000 mbps o auto negociaci\u00f3n<\/td>\n<\/tr>\n<tr>\n<td>&#8211; control de flujo encendido\/apagado por puerto<\/td>\n<\/tr>\n<tr>\n<td>&#8211; vlan, s-vlan<\/td>\n<\/tr>\n<tr>\n<td>&#8211; l\u00edmite de velocidad (velocidad de ingreso y velocidad de egreso)<\/td>\n<\/tr>\n<tr>\n<td>&#8211; l\u00edmite de velocidad: basado en pol\u00edticas o por control de ancho de banda por puertos, en pasos de 16 kbps hasta 1 gbps<\/td>\n<\/tr>\n<tr>\n<td>&#8211; puerto de reflejo<\/td>\n<\/tr>\n<tr>\n<td>&#8211; acl (lista de control de acceso)<\/td>\n<\/tr>\n<tr>\n<td>&#8211; puerto aggregation\/ lacp: 8 grupos<\/td>\n<\/tr>\n<tr>\n<td>&#8211; configuraci\u00f3n de tormentas de broadcast con tasa de broadcast, tasa de multicast y tasa de inundaci\u00f3n por unicast<\/td>\n<\/tr>\n<tr>\n<td>&#8211; igmp snooping<\/td>\n<\/tr>\n<tr>\n<td>&#8211; bit\u00e1cora de eventos\/ bit\u00e1cora remota<\/td>\n<\/tr>\n<tr>\n<td>&#8211; calidad de servicio (qos): basado en puertos, 802.1 o dscp<\/td>\n<\/tr>\n<tr>\n<td>&#8211; cliente ping icmp integrado env\u00eda solicitudes de ping a otros nodos de la red<\/td>\n<\/tr>\n<tr>\n<td>&#8211; snmpv1\/v2 (protocolo simple de administraci\u00f3n de red)<\/td>\n<\/tr>\n<tr>\n<td>&#8211; par\u00e1metros de lan (direcci\u00f3n ip, gateway, etc)<\/td>\n<\/tr>\n<tr>\n<td>Certificaciones: fcc clase a, marca ce<\/td>\n<\/tr>\n<tr>\n<td>Leds<\/td>\n<\/tr>\n<tr>\n<td>Alimentacion<\/td>\n<\/tr>\n<tr>\n<td>Conexion\/actividad\/velocidad<\/td>\n<\/tr>\n<tr>\n<td>Alimentacion<\/td>\n<\/tr>\n<tr>\n<td>Entrada: 100 &#8211; 240 vac, 50 &#8211; 60 hz<\/td>\n<\/tr>\n<tr>\n<td>Consumo de enrg\u00eda: 20 watts (m\u00e1ximo)<\/td>\n<\/tr>\n<tr>\n<td>Condiciones ambientales<\/td>\n<\/tr>\n<tr>\n<td>Gabinete met\u00e1lico<\/td>\n<\/tr>\n<tr>\n<td>Dimensiones: 440 (ancho) x 205 (largo) x 44 (alto) mm (17.3 x 8.1 x 1.7 in)<\/td>\n<\/tr>\n<tr>\n<td>Peso: 2.2 kg<\/td>\n<\/tr>\n<tr>\n<td>Temperatura de operaci\u00f3n: 0\u00b0 c &#8211; 40\u00b0 c (32 &#8211; 104\u00b0f)<\/td>\n<\/tr>\n<tr>\n<td>Factor de humedad: 10% \u0096 90% rh, sin condensaci\u00f3n<\/td>\n<\/tr>\n<tr>\n<td>Temperatura de almacenamiento: -40\u00b0 c \u0096 70\u00b0 c<\/td>\n<\/tr>\n<tr>\n<td>Contenido del paquete:<\/td>\n<\/tr>\n<tr>\n<td>Switch de 24 puertos gibagit ethernet administrable con 2 puertos sfp<\/td>\n<\/tr>\n<tr>\n<td>Cable de alimentaci\u00f3n<\/td>\n<\/tr>\n<tr>\n<td>Soportes para montaje en rack\/gabinete de 19<\/td>\n<\/tr>\n<tr>\n<td>Manual del usuario<\/td>\n<\/tr>\n<\/table>\n","protected":false},"excerpt":{"rendered":"<p>24 puertos 10\/100\/1000 mbps autosensitivos que autom\u00e1ticamente detectan las velocidades \u00f3ptimas de la red. Dos ranuras de conexi\u00f3n para m\u00f3dulos transceiver mini gbic (sfp. Todos los puertos rj45 con soporte de auto-mdix y autonegociaci\u00f3n nway. Cumple con la especificaci\u00f3n ieee 802.3az (ethernet de eficiencia energ\u00e9tica, eee. Configuraci\u00f3n mediante web o telnet. Administrador snmp y monitoreo a distancia (rmon. Snmp v1, v2 con grupos rmon 1, 2, 3 y 9. Soporta vlan (basada en etiquetas y en puertos. Autenticaci\u00f3n 802.1x y lista de control de acceso basada en ip\/mac. Soporta incorporaci\u00f3n de enlaces (trunking. Igmp para filtrado de multicast. Soporta control de ancho de banda por puerto. Soporta puerto de reflejo. Soporta tres tipos de qos: basada en puertos, 80,1p y dscp. Control de tormentas de broadcast con ajuste de tasa de transmisi\u00f3n de paquetes de multicast. Soporta tramas jumbo de hasta 9 kbytes. Soporta rapid spanning tree (rstp) \/ spanning tree. Arquitectura de intercambio de almacenaje y env\u00edo. Dise\u00f1o sin ventiladores, ideal paa una operaci\u00f3n silente. Operaci\u00f3n full\/half d\u00faplex. Control de flujo para modo full d\u00faplex, ieee 802.3x. Soporta 8k entradas de direcciones mac. Memoria bufer de 512 kbytes. Incluye soportes para montaje en rack\/gabinete de 19. Tres anos de garantia<\/p>\n","protected":false},"featured_media":220741,"comment_status":"open","ping_status":"open","template":"","meta":[],"product_cat":[1563,1564],"product_tag":[1489],"acf":[],"yoast_head":"<!-- This site is optimized with the Yoast SEO plugin v21.7 - https:\/\/yoast.com\/wordpress\/plugins\/seo\/ -->\n<title>[ Intellinet ] &#129351; 560917 Switch,,, Gb 24 Ptos 19 ,admin + 2 Sfp<\/title>\n<meta name=\"description\" content=\"Compra 560917 Switch,,, Gb 24 Ptos 19 ,admin + 2 Sfp + Env\u00edo a domicilio + Pago seguro + Garant\u00eda\" \/>\n<meta name=\"robots\" content=\"index, follow, max-snippet:-1, max-image-preview:large, max-video-preview:-1\" \/>\n<link rel=\"canonical\" href=\"https:\/\/compuviper.mx\/tienda\/producto\/intellinet-560917-switch-gb-24-ptos-19-admin-2-sfp\/\" \/>\n<meta property=\"og:locale\" content=\"es_MX\" \/>\n<meta property=\"og:type\" content=\"article\" \/>\n<meta property=\"og:title\" content=\"[ Intellinet ] &#129351; 560917 Switch,,, Gb 24 Ptos 19 ,admin + 2 Sfp\" \/>\n<meta property=\"og:description\" content=\"Compra 560917 Switch,,, Gb 24 Ptos 19 ,admin + 2 Sfp + Env\u00edo a domicilio + Pago seguro + Garant\u00eda\" \/>\n<meta property=\"og:url\" content=\"https:\/\/compuviper.mx\/tienda\/producto\/intellinet-560917-switch-gb-24-ptos-19-admin-2-sfp\/\" \/>\n<meta property=\"og:site_name\" content=\"Compuviper\" \/>\n<meta property=\"article:publisher\" content=\"https:\/\/www.facebook.com\/compuviper\" \/>\n<meta property=\"og:image\" content=\"https:\/\/compuviper.mx\/tienda\/wp-content\/uploads\/2023\/12\/Switchintellinet560917-gb-24-ptos-19-admin-2-sfp.jpg\" \/>\n\t<meta property=\"og:image:width\" content=\"200\" \/>\n\t<meta property=\"og:image:height\" content=\"200\" \/>\n\t<meta property=\"og:image:type\" content=\"image\/jpeg\" \/>\n<meta name=\"twitter:card\" content=\"summary_large_image\" \/>\n<meta name=\"twitter:label1\" content=\"Precio\" \/>\n\t<meta name=\"twitter:data1\" content=\"&#36;2,876 con IVA\" \/>\n\t<meta name=\"twitter:label2\" content=\"Availability\" \/>\n\t<meta name=\"twitter:data2\" content=\"In stock\" \/>\n<script type=\"application\/ld+json\" class=\"yoast-schema-graph\">{\"@context\":\"https:\/\/schema.org\",\"@graph\":[{\"@type\":\"WebPage\",\"@id\":\"https:\/\/compuviper.mx\/tienda\/producto\/intellinet-560917-switch-gb-24-ptos-19-admin-2-sfp\/\",\"url\":\"https:\/\/compuviper.mx\/tienda\/producto\/intellinet-560917-switch-gb-24-ptos-19-admin-2-sfp\/\",\"name\":\"[ Intellinet ] &#129351; 560917 Switch,,, Gb 24 Ptos 19 ,admin + 2 Sfp\",\"isPartOf\":{\"@id\":\"https:\/\/compuviper.mx\/tienda\/#website\"},\"datePublished\":\"2026-04-18T07:07:08+00:00\",\"dateModified\":\"2026-04-18T07:07:08+00:00\",\"description\":\"Compra 560917 Switch,,, Gb 24 Ptos 19 ,admin + 2 Sfp + Env\u00edo a domicilio + Pago seguro + Garant\u00eda\",\"breadcrumb\":{\"@id\":\"https:\/\/compuviper.mx\/tienda\/producto\/intellinet-560917-switch-gb-24-ptos-19-admin-2-sfp\/#breadcrumb\"},\"inLanguage\":\"es-MX\",\"potentialAction\":[{\"@type\":\"ReadAction\",\"target\":[\"https:\/\/compuviper.mx\/tienda\/producto\/intellinet-560917-switch-gb-24-ptos-19-admin-2-sfp\/\"]}]},{\"@type\":\"BreadcrumbList\",\"@id\":\"https:\/\/compuviper.mx\/tienda\/producto\/intellinet-560917-switch-gb-24-ptos-19-admin-2-sfp\/#breadcrumb\",\"itemListElement\":[{\"@type\":\"ListItem\",\"position\":1,\"name\":\"Inicio\",\"item\":\"https:\/\/compuviper.mx\/tienda\/\"},{\"@type\":\"ListItem\",\"position\":2,\"name\":\"Productos\",\"item\":\"https:\/\/compuviper.mx\/tienda\/productos\/\"},{\"@type\":\"ListItem\",\"position\":3,\"name\":\"Redes\",\"item\":\"https:\/\/compuviper.mx\/tienda\/categoria-producto\/redes\/\"},{\"@type\":\"ListItem\",\"position\":4,\"name\":\"Switch\",\"item\":\"https:\/\/compuviper.mx\/tienda\/categoria-producto\/redes\/switch\/\"},{\"@type\":\"ListItem\",\"position\":5,\"name\":\"Intellinet 560917 Switch,,, Gb 24 Ptos 19 ,admin + 2 Sfp\"}]},{\"@type\":\"WebSite\",\"@id\":\"https:\/\/compuviper.mx\/tienda\/#website\",\"url\":\"https:\/\/compuviper.mx\/tienda\/\",\"name\":\"Compuviper\",\"description\":\"Proveedor de Computadoras, Laptops, Servidores, Monitores, Puntos de Venta, Teclados,   Impresoras, T\u00f3ner, C\u00e1maras de Seguridad y m\u00e1s en tu tienda en l\u00ednea\",\"publisher\":{\"@id\":\"https:\/\/compuviper.mx\/tienda\/#organization\"},\"potentialAction\":[{\"@type\":\"SearchAction\",\"target\":{\"@type\":\"EntryPoint\",\"urlTemplate\":\"https:\/\/compuviper.mx\/tienda\/?s={search_term_string}\"},\"query-input\":\"required name=search_term_string\"}],\"inLanguage\":\"es-MX\"},{\"@type\":\"Organization\",\"@id\":\"https:\/\/compuviper.mx\/tienda\/#organization\",\"name\":\"Compuviper\",\"url\":\"https:\/\/compuviper.mx\/tienda\/\",\"logo\":{\"@type\":\"ImageObject\",\"inLanguage\":\"es-MX\",\"@id\":\"https:\/\/compuviper.mx\/tienda\/#\/schema\/logo\/image\/\",\"url\":\"https:\/\/compuviper.mx\/tienda\/wp-content\/uploads\/2021\/08\/Logo-Compuviper-10.png\",\"contentUrl\":\"https:\/\/compuviper.mx\/tienda\/wp-content\/uploads\/2021\/08\/Logo-Compuviper-10.png\",\"width\":1000,\"height\":500,\"caption\":\"Compuviper\"},\"image\":{\"@id\":\"https:\/\/compuviper.mx\/tienda\/#\/schema\/logo\/image\/\"},\"sameAs\":[\"https:\/\/www.facebook.com\/compuviper\",\"https:\/\/www.youtube.com\/channel\/UCf73dERp9Y3cfOq7q8BhLjA?view_as=subscriber\"]}]}<\/script>\n<meta property=\"product:brand\" content=\"INTELLINET\" \/>\n<meta property=\"product:price:amount\" content=\"2876\" \/>\n<meta property=\"product:price:currency\" content=\"MXN\" \/>\n<meta property=\"og:availability\" content=\"instock\" \/>\n<meta property=\"product:availability\" content=\"instock\" \/>\n<meta property=\"product:retailer_item_id\" content=\"560917\" \/>\n<meta property=\"product:condition\" content=\"new\" \/>\n<!-- \/ Yoast SEO plugin. -->","yoast_head_json":{"title":"[ Intellinet ] &#129351; 560917 Switch,,, Gb 24 Ptos 19 ,admin + 2 Sfp","description":"Compra 560917 Switch,,, Gb 24 Ptos 19 ,admin + 2 Sfp + Env\u00edo a domicilio + Pago seguro + Garant\u00eda","robots":{"index":"index","follow":"follow","max-snippet":"max-snippet:-1","max-image-preview":"max-image-preview:large","max-video-preview":"max-video-preview:-1"},"canonical":"https:\/\/compuviper.mx\/tienda\/producto\/intellinet-560917-switch-gb-24-ptos-19-admin-2-sfp\/","og_locale":"es_MX","og_type":"article","og_title":"[ Intellinet ] &#129351; 560917 Switch,,, Gb 24 Ptos 19 ,admin + 2 Sfp","og_description":"Compra 560917 Switch,,, Gb 24 Ptos 19 ,admin + 2 Sfp + Env\u00edo a domicilio + Pago seguro + Garant\u00eda","og_url":"https:\/\/compuviper.mx\/tienda\/producto\/intellinet-560917-switch-gb-24-ptos-19-admin-2-sfp\/","og_site_name":"Compuviper","article_publisher":"https:\/\/www.facebook.com\/compuviper","og_image":[{"width":200,"height":200,"url":"https:\/\/compuviper.mx\/tienda\/wp-content\/uploads\/2023\/12\/Switchintellinet560917-gb-24-ptos-19-admin-2-sfp.jpg","type":"image\/jpeg"}],"twitter_card":"summary_large_image","twitter_misc":{"Precio":"&#36;2,876 con IVA","Availability":"In stock"},"schema":{"@context":"https:\/\/schema.org","@graph":[{"@type":"WebPage","@id":"https:\/\/compuviper.mx\/tienda\/producto\/intellinet-560917-switch-gb-24-ptos-19-admin-2-sfp\/","url":"https:\/\/compuviper.mx\/tienda\/producto\/intellinet-560917-switch-gb-24-ptos-19-admin-2-sfp\/","name":"[ Intellinet ] &#129351; 560917 Switch,,, Gb 24 Ptos 19 ,admin + 2 Sfp","isPartOf":{"@id":"https:\/\/compuviper.mx\/tienda\/#website"},"datePublished":"2026-04-18T07:07:08+00:00","dateModified":"2026-04-18T07:07:08+00:00","description":"Compra 560917 Switch,,, Gb 24 Ptos 19 ,admin + 2 Sfp + Env\u00edo a domicilio + Pago seguro + Garant\u00eda","breadcrumb":{"@id":"https:\/\/compuviper.mx\/tienda\/producto\/intellinet-560917-switch-gb-24-ptos-19-admin-2-sfp\/#breadcrumb"},"inLanguage":"es-MX","potentialAction":[{"@type":"ReadAction","target":["https:\/\/compuviper.mx\/tienda\/producto\/intellinet-560917-switch-gb-24-ptos-19-admin-2-sfp\/"]}]},{"@type":"BreadcrumbList","@id":"https:\/\/compuviper.mx\/tienda\/producto\/intellinet-560917-switch-gb-24-ptos-19-admin-2-sfp\/#breadcrumb","itemListElement":[{"@type":"ListItem","position":1,"name":"Inicio","item":"https:\/\/compuviper.mx\/tienda\/"},{"@type":"ListItem","position":2,"name":"Productos","item":"https:\/\/compuviper.mx\/tienda\/productos\/"},{"@type":"ListItem","position":3,"name":"Redes","item":"https:\/\/compuviper.mx\/tienda\/categoria-producto\/redes\/"},{"@type":"ListItem","position":4,"name":"Switch","item":"https:\/\/compuviper.mx\/tienda\/categoria-producto\/redes\/switch\/"},{"@type":"ListItem","position":5,"name":"Intellinet 560917 Switch,,, Gb 24 Ptos 19 ,admin + 2 Sfp"}]},{"@type":"WebSite","@id":"https:\/\/compuviper.mx\/tienda\/#website","url":"https:\/\/compuviper.mx\/tienda\/","name":"Compuviper","description":"Proveedor de Computadoras, Laptops, Servidores, Monitores, Puntos de Venta, Teclados,   Impresoras, T\u00f3ner, C\u00e1maras de Seguridad y m\u00e1s en tu tienda en l\u00ednea","publisher":{"@id":"https:\/\/compuviper.mx\/tienda\/#organization"},"potentialAction":[{"@type":"SearchAction","target":{"@type":"EntryPoint","urlTemplate":"https:\/\/compuviper.mx\/tienda\/?s={search_term_string}"},"query-input":"required name=search_term_string"}],"inLanguage":"es-MX"},{"@type":"Organization","@id":"https:\/\/compuviper.mx\/tienda\/#organization","name":"Compuviper","url":"https:\/\/compuviper.mx\/tienda\/","logo":{"@type":"ImageObject","inLanguage":"es-MX","@id":"https:\/\/compuviper.mx\/tienda\/#\/schema\/logo\/image\/","url":"https:\/\/compuviper.mx\/tienda\/wp-content\/uploads\/2021\/08\/Logo-Compuviper-10.png","contentUrl":"https:\/\/compuviper.mx\/tienda\/wp-content\/uploads\/2021\/08\/Logo-Compuviper-10.png","width":1000,"height":500,"caption":"Compuviper"},"image":{"@id":"https:\/\/compuviper.mx\/tienda\/#\/schema\/logo\/image\/"},"sameAs":["https:\/\/www.facebook.com\/compuviper","https:\/\/www.youtube.com\/channel\/UCf73dERp9Y3cfOq7q8BhLjA?view_as=subscriber"]}]},"product_brand":"INTELLINET","product_price_amount":"2876","product_price_currency":"MXN","og_availability":"instock","product_availability":"instock","product_retailer_item_id":"560917","product_condition":"new"},"_links":{"self":[{"href":"https:\/\/compuviper.mx\/tienda\/wp-json\/wp\/v2\/product\/220740"}],"collection":[{"href":"https:\/\/compuviper.mx\/tienda\/wp-json\/wp\/v2\/product"}],"about":[{"href":"https:\/\/compuviper.mx\/tienda\/wp-json\/wp\/v2\/types\/product"}],"replies":[{"embeddable":true,"href":"https:\/\/compuviper.mx\/tienda\/wp-json\/wp\/v2\/comments?post=220740"}],"wp:featuredmedia":[{"embeddable":true,"href":"https:\/\/compuviper.mx\/tienda\/wp-json\/wp\/v2\/media\/220741"}],"wp:attachment":[{"href":"https:\/\/compuviper.mx\/tienda\/wp-json\/wp\/v2\/media?parent=220740"}],"wp:term":[{"taxonomy":"product_cat","embeddable":true,"href":"https:\/\/compuviper.mx\/tienda\/wp-json\/wp\/v2\/product_cat?post=220740"},{"taxonomy":"product_tag","embeddable":true,"href":"https:\/\/compuviper.mx\/tienda\/wp-json\/wp\/v2\/product_tag?post=220740"}],"curies":[{"name":"wp","href":"https:\/\/api.w.org\/{rel}","templated":true}]}}