{"id":220738,"date":"2026-04-18T01:07:07","date_gmt":"2026-04-18T07:07:07","guid":{"rendered":"https:\/\/compuviper.mx\/tienda\/producto\/intellinet-561341-poe-switch-gb-16-ptos-19-30w-pto-220w-admin-2-sfp\/"},"modified":"2026-04-18T01:07:07","modified_gmt":"2026-04-18T07:07:07","slug":"intellinet-561341-poe-switch-gb-16-ptos-19-30w-pto-220w-admin-2-sfp","status":"publish","type":"product","link":"https:\/\/compuviper.mx\/tienda\/producto\/intellinet-561341-poe-switch-gb-16-ptos-19-30w-pto-220w-admin-2-sfp\/","title":{"rendered":"Intellinet 561341 Poe Switch,,, Gb 16 Ptos 19, 30w\/pto, 220w, Admin + 2 Sfp"},"content":{"rendered":"<table class=\"descripcion\">\n<tr>\n<td>Est\u00e1ndares<\/td>\n<\/tr>\n<tr>\n<td>Ieee 802.1d (protocolo spanning tree)<\/td>\n<\/tr>\n<tr>\n<td>Ieee 802.1p (priorizaci\u00f3n de tr\u00e1fico)<\/td>\n<\/tr>\n<tr>\n<td>Ieee 802.1q (marcado vlan)<\/td>\n<\/tr>\n<tr>\n<td>Ieee 802.1w (protocolo rapid spanning tree)<\/td>\n<\/tr>\n<tr>\n<td>Ieee 802.3ad (agregaci\u00f3n de enlaces)<\/td>\n<\/tr>\n<tr>\n<td>Ieee 802.3 (10base-t ethernet)<\/td>\n<\/tr>\n<tr>\n<td>Ieee 802.3ab (gigabit ethernet en par trenzado)<\/td>\n<\/tr>\n<tr>\n<td>Ieee 802.3ad (link aggregation control protocol lacp)<\/td>\n<\/tr>\n<tr>\n<td>Ieee 802.3az (ethernet de eficiencia de energ\u00eda eee)<\/td>\n<\/tr>\n<tr>\n<td>Ieee 802.3af (power over ethernet 802.3at tipo 1)<\/td>\n<\/tr>\n<tr>\n<td>Ieee 802.3at (power over ethernet 802.3at tipo 2)<\/td>\n<\/tr>\n<tr>\n<td>Ieee 802.3u (fast ethernet 100base-tx)<\/td>\n<\/tr>\n<tr>\n<td>Ieee 802.3x (control de flujo, para un modo d\u00faplex completo)<\/td>\n<\/tr>\n<tr>\n<td>General<\/td>\n<\/tr>\n<tr>\n<td>Soporte de medios:<\/td>\n<\/tr>\n<tr>\n<td>&#8211; 10base-t cat3, 4, 5 utp\/stp rj45<\/td>\n<\/tr>\n<tr>\n<td>&#8211; 100base-tx cat5 utp\/stp rj45<\/td>\n<\/tr>\n<tr>\n<td>&#8211; 1000base-t cat5e utp\/stp rj45<\/td>\n<\/tr>\n<tr>\n<td>Filtro de paquetes\/tasa de transmisi\u00f3n:<\/td>\n<\/tr>\n<tr>\n<td>&#8211; 1,488,000 pps (1000 mbps)<\/td>\n<\/tr>\n<tr>\n<td>&#8211; 148,800 pps (100 mbps)<\/td>\n<\/tr>\n<tr>\n<td>&#8211; 14,880 pps (10 mbps)<\/td>\n<\/tr>\n<tr>\n<td>Tabla de direcicones mac: 8k<\/td>\n<\/tr>\n<tr>\n<td>Memoria b\u00fafer: 512 kbytes<\/td>\n<\/tr>\n<tr>\n<td>Velocidades de backplane \/ conmutaci\u00f3n: 36 gbps<\/td>\n<\/tr>\n<tr>\n<td>Arquitectura del switch: almacenamiento y env\u00edo<\/td>\n<\/tr>\n<tr>\n<td>Opciones de configuraci\u00f3n:<\/td>\n<\/tr>\n<tr>\n<td>&#8211; velocidad de enlace del puerto: 10 mbps, 100 mbps, 1000 mbps o auto-negociaci\u00f3n<\/td>\n<\/tr>\n<tr>\n<td>&#8211; encendido\/apagado de poe por puerto<\/td>\n<\/tr>\n<tr>\n<td>&#8211; m\u00e1ximo de energ\u00eda poe por puerto<\/td>\n<\/tr>\n<tr>\n<td>&#8211; modo poe por puerto<\/td>\n<\/tr>\n<tr>\n<td>&#8211; prioridad de poe por puerto<\/td>\n<\/tr>\n<tr>\n<td>&#8211; monitoreo de dispositivo poe<\/td>\n<\/tr>\n<tr>\n<td>&#8211; encendido\/apagado de control de flujo por puerto<\/td>\n<\/tr>\n<tr>\n<td>&#8211; vlan<\/td>\n<\/tr>\n<tr>\n<td>&#8211; limitaci\u00f3n de la velocidad (velocidad de entrada y salida)<\/td>\n<\/tr>\n<tr>\n<td>&#8211; duplicaci\u00f3n de puertos<\/td>\n<\/tr>\n<tr>\n<td>&#8211; aislamiento de puertos<\/td>\n<\/tr>\n<tr>\n<td>&#8211; agregaci\u00f3n de puertos\/lacp: 8 grupos<\/td>\n<\/tr>\n<tr>\n<td>&#8211; configuraci\u00f3n de tormenta de transmisi\u00f3n, con tasa de transmisi\u00f3n, tasa de multidifusi\u00f3n, y tasa de unidifusi\u00f3n<\/td>\n<\/tr>\n<tr>\n<td>&#8211; calidad del servicio (qos): basado en el puerto o dscp<\/td>\n<\/tr>\n<tr>\n<td>&#8211; el cliente icmp integrado env\u00eda solicitudes de ping a otros nodos de red<\/td>\n<\/tr>\n<tr>\n<td>&#8211; snmpv1\/v2c\/v3 (protocolo simple de administraci\u00f3n de red)<\/td>\n<\/tr>\n<tr>\n<td>&#8211; rmon (grupos 1,2,3  and  9)<\/td>\n<\/tr>\n<tr>\n<td>&#8211; ajustes lan (direcci\u00f3n ip, gateway, etc.)<\/td>\n<\/tr>\n<tr>\n<td>&#8211; sshv2<\/td>\n<\/tr>\n<tr>\n<td>&#8211; tacas+<\/td>\n<\/tr>\n<tr>\n<td>Puertos de salida rj45 (datos + energ\u00eda)<\/td>\n<\/tr>\n<tr>\n<td>&#8211; ieee alternative b<\/td>\n<\/tr>\n<tr>\n<td>&#8211; requiere cables de red con conector rj45 de 8 pines<\/td>\n<\/tr>\n<tr>\n<td>&#8211; pin 1: rx+ (recibo de datos)<\/td>\n<\/tr>\n<tr>\n<td>&#8211; pin 2: rx- (recibo de datos)<\/td>\n<\/tr>\n<tr>\n<td>&#8211; pin 3: tx+ (transmisi\u00f3n de datos)<\/td>\n<\/tr>\n<tr>\n<td>&#8211; pin 4: -vdc_return (+) (alimentaci\u00f3n de energ\u00eda [+])<\/td>\n<\/tr>\n<tr>\n<td>&#8211; pin 5: -vdc_return (+) (alimentaci\u00f3n de energ\u00eda [+])<\/td>\n<\/tr>\n<tr>\n<td>&#8211; pin 6: tx- (transmisi\u00f3n de datos)<\/td>\n<\/tr>\n<tr>\n<td>&#8211; pin 7: -vdc (alimentaci\u00f3n de energ\u00eda [-])<\/td>\n<\/tr>\n<tr>\n<td>&#8211; pin 8: -vdc (alimentaci\u00f3n de energ\u00eda [-])<\/td>\n<\/tr>\n<tr>\n<td>Certificaciones: fcc clase a, ce<\/td>\n<\/tr>\n<tr>\n<td>Leds<\/td>\n<\/tr>\n<tr>\n<td>Poe<\/td>\n<\/tr>\n<tr>\n<td>Energ\u00eda<\/td>\n<\/tr>\n<tr>\n<td>Enlace\/actividad<\/td>\n<\/tr>\n<tr>\n<td>Energ\u00eda<\/td>\n<\/tr>\n<tr>\n<td>Entrada: 100 \u0096 240 vac, 50 \u0096 60 hz<\/td>\n<\/tr>\n<tr>\n<td>Consumo de energ\u00eda: 260 watts (m\u00e1ximo)<\/td>\n<\/tr>\n<tr>\n<td>Caracter\u00edsticas f\u00edsicas<\/td>\n<\/tr>\n<tr>\n<td>Chasis met\u00e1lico<\/td>\n<\/tr>\n<tr>\n<td>Dimensiones: 440 (w) x 208 (l) x 44 (h) [mm]<\/td>\n<\/tr>\n<tr>\n<td>Peso: 2.5 kg (5.5 lbs.)<\/td>\n<\/tr>\n<tr>\n<td>Temperatura de operaci\u00f3n: 0 \u0096 40\u00b0c (32 \u0096 104\u00b0f)<\/td>\n<\/tr>\n<tr>\n<td>Humedad de operaraci\u00f3n: 10 \u0096 90% rh, non-condensing<\/td>\n<\/tr>\n<tr>\n<td>Temperatura de almacenamiento: -20 \u0096 90\u00b0c (-4 \u0096 194\u00b0f)<\/td>\n<\/tr>\n<tr>\n<td>Contenido en el empaque<\/td>\n<\/tr>\n<tr>\n<td>Switch administrable de 16 puertos gigabit ethernet poe+ con 2 puertos sfp<\/td>\n<\/tr>\n<tr>\n<td>Cable de alimentaci\u00f3n<\/td>\n<\/tr>\n<tr>\n<td>Manual del usuario<\/td>\n<\/tr>\n<tr>\n<td>Soportes para montaje en rack de 19<\/td>\n<\/tr>\n<\/table>\n","protected":false},"excerpt":{"rendered":"<p>Proporciona una conexi\u00f3n con energ\u00eda y datos para hasta 16 dispositivos de red poe. Ahorra costos de instalaci\u00f3n al entregar datos y energ\u00eda sobre el cableado de red existente. Puertos 10\/100\/1000 autosentitivos que autom\u00e1ticamente detectan las velocidades \u00f3ptimas de la red. Dos ranuras para modulos sfp. Puertos de salida rj45 que cumplen con los est\u00e1ndares ieee 802.3at y af, poe y poe. Potencia de salida de hasta 30 watts por puerto. Presupuesto de energ\u00eda poe de 220w. Conmutaci\u00f3n de 136 gbps. Soporta dispositivos compatibles con ieee 802.3at e ieee 802.3af (access points inal\u00e1mbricos, tel\u00e9fonos voip, c\u00e1maras ip, etc.. Soporta detecci\u00f3n de protocolo ieee 802.3at\/af, cortocircuitos, sobrecarga y protecci\u00f3n de alto voltaje. Todos los puertos rj45 con soporte de auto-mdix y autonegociaci\u00f3n nway. Cumple con la especificaci\u00f3n ieee 802.3az (ethernet de eficiencia de energ\u00eda, eee. Funciones administrativas poe que incluyen ajustes de puerto poe, prioridad, energ\u00eda en retraso, reseteo programado de dispositivo poe y monitoreo de dispositivo poe. Administrador snmp y monitoreo a distancia (rmon. Snmp v1, v2c, v3 con grupos rmon 1, 2, 3  and  9. Protocolo dual ipv4\/v6. Soporta vlan (basada en etiquetas y en puertos. Proporciona seguridad basada en puertos 802.1x. Soporta incorporaci\u00f3n de enlaces (trunking. Soporta control de ancho de banda por puerto. Soporta duplicaci\u00f3n de puertos. Soporta dos tipos de calidad de servicio (qos): basada en puertos y dscp. Control de tormentas de broadcast con ajuste de tasa de transmisi\u00f3n para paquetes de multicast. Memoria b\u00fafer de 512 kbytes. Soporta 8k entradas de direcciones mac. Soporta tramas jumbo de hasta 9 kbytes. Soporta rapid spanning tree (rstp) \/ spanning tree. Arquitectura de almacenamiento y conmutaci\u00f3n. Operaci\u00f3n full\/half d\u00faplex. Control de flujo para modo full d\u00faplex, ieee 802.3x. Configuraci\u00f3n a traves de explorador web, telnet o ssh. Leds de encendido, enlace\/ actividad y poe. Dos ventiladores de alto volumen aseguran una ventilaci\u00f3n perfecta. Tres a\u00f1os de garant\u00eda<\/p>\n","protected":false},"featured_media":220739,"comment_status":"open","ping_status":"open","template":"","meta":[],"product_cat":[1563,1564],"product_tag":[1489],"acf":[],"yoast_head":"<!-- This site is optimized with the Yoast SEO plugin v21.7 - https:\/\/yoast.com\/wordpress\/plugins\/seo\/ -->\n<title>[ Intellinet ] &#129351; 561341 Poe Switch,,, Gb 16 Ptos 19, 30w\/pto, 220w, Admin + 2 Sfp<\/title>\n<meta name=\"description\" content=\"Compra 561341 Poe Switch,,, Gb 16 Ptos 19, 30w\/pto, 220w, Admin + 2 Sfp + Env\u00edo a domicilio + Pago seguro + Garant\u00eda\" \/>\n<meta name=\"robots\" content=\"index, follow, max-snippet:-1, max-image-preview:large, max-video-preview:-1\" \/>\n<link rel=\"canonical\" href=\"https:\/\/compuviper.mx\/tienda\/producto\/intellinet-561341-poe-switch-gb-16-ptos-19-30w-pto-220w-admin-2-sfp\/\" \/>\n<meta property=\"og:locale\" content=\"es_MX\" \/>\n<meta property=\"og:type\" content=\"article\" \/>\n<meta property=\"og:title\" content=\"[ Intellinet ] &#129351; 561341 Poe Switch,,, Gb 16 Ptos 19, 30w\/pto, 220w, Admin + 2 Sfp\" \/>\n<meta property=\"og:description\" content=\"Compra 561341 Poe Switch,,, Gb 16 Ptos 19, 30w\/pto, 220w, Admin + 2 Sfp + Env\u00edo a domicilio + Pago seguro + Garant\u00eda\" \/>\n<meta property=\"og:url\" content=\"https:\/\/compuviper.mx\/tienda\/producto\/intellinet-561341-poe-switch-gb-16-ptos-19-30w-pto-220w-admin-2-sfp\/\" \/>\n<meta property=\"og:site_name\" content=\"Compuviper\" \/>\n<meta property=\"article:publisher\" content=\"https:\/\/www.facebook.com\/compuviper\" \/>\n<meta property=\"og:image\" content=\"https:\/\/compuviper.mx\/tienda\/wp-content\/uploads\/2023\/12\/Poe-switchintellinet561341-gb-16-ptos-19-30wpto-220w-admin-2-sfp.jpg\" \/>\n\t<meta property=\"og:image:width\" content=\"200\" \/>\n\t<meta property=\"og:image:height\" content=\"200\" \/>\n\t<meta property=\"og:image:type\" content=\"image\/jpeg\" \/>\n<meta name=\"twitter:card\" content=\"summary_large_image\" \/>\n<meta name=\"twitter:label1\" content=\"Precio\" \/>\n\t<meta name=\"twitter:data1\" content=\"&#36;6,159 con IVA\" \/>\n\t<meta name=\"twitter:label2\" content=\"Availability\" \/>\n\t<meta name=\"twitter:data2\" content=\"Out of stock\" \/>\n<script type=\"application\/ld+json\" class=\"yoast-schema-graph\">{\"@context\":\"https:\/\/schema.org\",\"@graph\":[{\"@type\":\"WebPage\",\"@id\":\"https:\/\/compuviper.mx\/tienda\/producto\/intellinet-561341-poe-switch-gb-16-ptos-19-30w-pto-220w-admin-2-sfp\/\",\"url\":\"https:\/\/compuviper.mx\/tienda\/producto\/intellinet-561341-poe-switch-gb-16-ptos-19-30w-pto-220w-admin-2-sfp\/\",\"name\":\"[ Intellinet ] &#129351; 561341 Poe Switch,,, Gb 16 Ptos 19, 30w\/pto, 220w, Admin + 2 Sfp\",\"isPartOf\":{\"@id\":\"https:\/\/compuviper.mx\/tienda\/#website\"},\"datePublished\":\"2026-04-18T07:07:07+00:00\",\"dateModified\":\"2026-04-18T07:07:07+00:00\",\"description\":\"Compra 561341 Poe Switch,,, Gb 16 Ptos 19, 30w\/pto, 220w, Admin + 2 Sfp + Env\u00edo a domicilio + Pago seguro + Garant\u00eda\",\"breadcrumb\":{\"@id\":\"https:\/\/compuviper.mx\/tienda\/producto\/intellinet-561341-poe-switch-gb-16-ptos-19-30w-pto-220w-admin-2-sfp\/#breadcrumb\"},\"inLanguage\":\"es-MX\",\"potentialAction\":[{\"@type\":\"ReadAction\",\"target\":[\"https:\/\/compuviper.mx\/tienda\/producto\/intellinet-561341-poe-switch-gb-16-ptos-19-30w-pto-220w-admin-2-sfp\/\"]}]},{\"@type\":\"BreadcrumbList\",\"@id\":\"https:\/\/compuviper.mx\/tienda\/producto\/intellinet-561341-poe-switch-gb-16-ptos-19-30w-pto-220w-admin-2-sfp\/#breadcrumb\",\"itemListElement\":[{\"@type\":\"ListItem\",\"position\":1,\"name\":\"Inicio\",\"item\":\"https:\/\/compuviper.mx\/tienda\/\"},{\"@type\":\"ListItem\",\"position\":2,\"name\":\"Productos\",\"item\":\"https:\/\/compuviper.mx\/tienda\/productos\/\"},{\"@type\":\"ListItem\",\"position\":3,\"name\":\"Redes\",\"item\":\"https:\/\/compuviper.mx\/tienda\/categoria-producto\/redes\/\"},{\"@type\":\"ListItem\",\"position\":4,\"name\":\"Switch\",\"item\":\"https:\/\/compuviper.mx\/tienda\/categoria-producto\/redes\/switch\/\"},{\"@type\":\"ListItem\",\"position\":5,\"name\":\"Intellinet 561341 Poe Switch,,, Gb 16 Ptos 19, 30w\/pto, 220w, Admin + 2 Sfp\"}]},{\"@type\":\"WebSite\",\"@id\":\"https:\/\/compuviper.mx\/tienda\/#website\",\"url\":\"https:\/\/compuviper.mx\/tienda\/\",\"name\":\"Compuviper\",\"description\":\"Proveedor de Computadoras, Laptops, Servidores, Monitores, Puntos de Venta, Teclados,   Impresoras, T\u00f3ner, C\u00e1maras de Seguridad y m\u00e1s en tu tienda en l\u00ednea\",\"publisher\":{\"@id\":\"https:\/\/compuviper.mx\/tienda\/#organization\"},\"potentialAction\":[{\"@type\":\"SearchAction\",\"target\":{\"@type\":\"EntryPoint\",\"urlTemplate\":\"https:\/\/compuviper.mx\/tienda\/?s={search_term_string}\"},\"query-input\":\"required name=search_term_string\"}],\"inLanguage\":\"es-MX\"},{\"@type\":\"Organization\",\"@id\":\"https:\/\/compuviper.mx\/tienda\/#organization\",\"name\":\"Compuviper\",\"url\":\"https:\/\/compuviper.mx\/tienda\/\",\"logo\":{\"@type\":\"ImageObject\",\"inLanguage\":\"es-MX\",\"@id\":\"https:\/\/compuviper.mx\/tienda\/#\/schema\/logo\/image\/\",\"url\":\"https:\/\/compuviper.mx\/tienda\/wp-content\/uploads\/2021\/08\/Logo-Compuviper-10.png\",\"contentUrl\":\"https:\/\/compuviper.mx\/tienda\/wp-content\/uploads\/2021\/08\/Logo-Compuviper-10.png\",\"width\":1000,\"height\":500,\"caption\":\"Compuviper\"},\"image\":{\"@id\":\"https:\/\/compuviper.mx\/tienda\/#\/schema\/logo\/image\/\"},\"sameAs\":[\"https:\/\/www.facebook.com\/compuviper\",\"https:\/\/www.youtube.com\/channel\/UCf73dERp9Y3cfOq7q8BhLjA?view_as=subscriber\"]}]}<\/script>\n<meta property=\"product:brand\" content=\"INTELLINET\" \/>\n<meta property=\"product:price:amount\" content=\"6159\" \/>\n<meta property=\"product:price:currency\" content=\"MXN\" \/>\n<meta property=\"og:availability\" content=\"out of stock\" \/>\n<meta property=\"product:availability\" content=\"out of stock\" \/>\n<meta property=\"product:retailer_item_id\" content=\"561341\" \/>\n<meta property=\"product:condition\" content=\"new\" \/>\n<!-- \/ Yoast SEO plugin. -->","yoast_head_json":{"title":"[ Intellinet ] &#129351; 561341 Poe Switch,,, Gb 16 Ptos 19, 30w\/pto, 220w, Admin + 2 Sfp","description":"Compra 561341 Poe Switch,,, Gb 16 Ptos 19, 30w\/pto, 220w, Admin + 2 Sfp + Env\u00edo a domicilio + Pago seguro + Garant\u00eda","robots":{"index":"index","follow":"follow","max-snippet":"max-snippet:-1","max-image-preview":"max-image-preview:large","max-video-preview":"max-video-preview:-1"},"canonical":"https:\/\/compuviper.mx\/tienda\/producto\/intellinet-561341-poe-switch-gb-16-ptos-19-30w-pto-220w-admin-2-sfp\/","og_locale":"es_MX","og_type":"article","og_title":"[ Intellinet ] &#129351; 561341 Poe Switch,,, Gb 16 Ptos 19, 30w\/pto, 220w, Admin + 2 Sfp","og_description":"Compra 561341 Poe Switch,,, Gb 16 Ptos 19, 30w\/pto, 220w, Admin + 2 Sfp + Env\u00edo a domicilio + Pago seguro + Garant\u00eda","og_url":"https:\/\/compuviper.mx\/tienda\/producto\/intellinet-561341-poe-switch-gb-16-ptos-19-30w-pto-220w-admin-2-sfp\/","og_site_name":"Compuviper","article_publisher":"https:\/\/www.facebook.com\/compuviper","og_image":[{"width":200,"height":200,"url":"https:\/\/compuviper.mx\/tienda\/wp-content\/uploads\/2023\/12\/Poe-switchintellinet561341-gb-16-ptos-19-30wpto-220w-admin-2-sfp.jpg","type":"image\/jpeg"}],"twitter_card":"summary_large_image","twitter_misc":{"Precio":"&#36;6,159 con IVA","Availability":"Out of stock"},"schema":{"@context":"https:\/\/schema.org","@graph":[{"@type":"WebPage","@id":"https:\/\/compuviper.mx\/tienda\/producto\/intellinet-561341-poe-switch-gb-16-ptos-19-30w-pto-220w-admin-2-sfp\/","url":"https:\/\/compuviper.mx\/tienda\/producto\/intellinet-561341-poe-switch-gb-16-ptos-19-30w-pto-220w-admin-2-sfp\/","name":"[ Intellinet ] &#129351; 561341 Poe Switch,,, Gb 16 Ptos 19, 30w\/pto, 220w, Admin + 2 Sfp","isPartOf":{"@id":"https:\/\/compuviper.mx\/tienda\/#website"},"datePublished":"2026-04-18T07:07:07+00:00","dateModified":"2026-04-18T07:07:07+00:00","description":"Compra 561341 Poe Switch,,, Gb 16 Ptos 19, 30w\/pto, 220w, Admin + 2 Sfp + Env\u00edo a domicilio + Pago seguro + Garant\u00eda","breadcrumb":{"@id":"https:\/\/compuviper.mx\/tienda\/producto\/intellinet-561341-poe-switch-gb-16-ptos-19-30w-pto-220w-admin-2-sfp\/#breadcrumb"},"inLanguage":"es-MX","potentialAction":[{"@type":"ReadAction","target":["https:\/\/compuviper.mx\/tienda\/producto\/intellinet-561341-poe-switch-gb-16-ptos-19-30w-pto-220w-admin-2-sfp\/"]}]},{"@type":"BreadcrumbList","@id":"https:\/\/compuviper.mx\/tienda\/producto\/intellinet-561341-poe-switch-gb-16-ptos-19-30w-pto-220w-admin-2-sfp\/#breadcrumb","itemListElement":[{"@type":"ListItem","position":1,"name":"Inicio","item":"https:\/\/compuviper.mx\/tienda\/"},{"@type":"ListItem","position":2,"name":"Productos","item":"https:\/\/compuviper.mx\/tienda\/productos\/"},{"@type":"ListItem","position":3,"name":"Redes","item":"https:\/\/compuviper.mx\/tienda\/categoria-producto\/redes\/"},{"@type":"ListItem","position":4,"name":"Switch","item":"https:\/\/compuviper.mx\/tienda\/categoria-producto\/redes\/switch\/"},{"@type":"ListItem","position":5,"name":"Intellinet 561341 Poe Switch,,, Gb 16 Ptos 19, 30w\/pto, 220w, Admin + 2 Sfp"}]},{"@type":"WebSite","@id":"https:\/\/compuviper.mx\/tienda\/#website","url":"https:\/\/compuviper.mx\/tienda\/","name":"Compuviper","description":"Proveedor de Computadoras, Laptops, Servidores, Monitores, Puntos de Venta, Teclados,   Impresoras, T\u00f3ner, C\u00e1maras de Seguridad y m\u00e1s en tu tienda en l\u00ednea","publisher":{"@id":"https:\/\/compuviper.mx\/tienda\/#organization"},"potentialAction":[{"@type":"SearchAction","target":{"@type":"EntryPoint","urlTemplate":"https:\/\/compuviper.mx\/tienda\/?s={search_term_string}"},"query-input":"required name=search_term_string"}],"inLanguage":"es-MX"},{"@type":"Organization","@id":"https:\/\/compuviper.mx\/tienda\/#organization","name":"Compuviper","url":"https:\/\/compuviper.mx\/tienda\/","logo":{"@type":"ImageObject","inLanguage":"es-MX","@id":"https:\/\/compuviper.mx\/tienda\/#\/schema\/logo\/image\/","url":"https:\/\/compuviper.mx\/tienda\/wp-content\/uploads\/2021\/08\/Logo-Compuviper-10.png","contentUrl":"https:\/\/compuviper.mx\/tienda\/wp-content\/uploads\/2021\/08\/Logo-Compuviper-10.png","width":1000,"height":500,"caption":"Compuviper"},"image":{"@id":"https:\/\/compuviper.mx\/tienda\/#\/schema\/logo\/image\/"},"sameAs":["https:\/\/www.facebook.com\/compuviper","https:\/\/www.youtube.com\/channel\/UCf73dERp9Y3cfOq7q8BhLjA?view_as=subscriber"]}]},"product_brand":"INTELLINET","product_price_amount":"6159","product_price_currency":"MXN","og_availability":"out of stock","product_availability":"out of stock","product_retailer_item_id":"561341","product_condition":"new"},"_links":{"self":[{"href":"https:\/\/compuviper.mx\/tienda\/wp-json\/wp\/v2\/product\/220738"}],"collection":[{"href":"https:\/\/compuviper.mx\/tienda\/wp-json\/wp\/v2\/product"}],"about":[{"href":"https:\/\/compuviper.mx\/tienda\/wp-json\/wp\/v2\/types\/product"}],"replies":[{"embeddable":true,"href":"https:\/\/compuviper.mx\/tienda\/wp-json\/wp\/v2\/comments?post=220738"}],"wp:featuredmedia":[{"embeddable":true,"href":"https:\/\/compuviper.mx\/tienda\/wp-json\/wp\/v2\/media\/220739"}],"wp:attachment":[{"href":"https:\/\/compuviper.mx\/tienda\/wp-json\/wp\/v2\/media?parent=220738"}],"wp:term":[{"taxonomy":"product_cat","embeddable":true,"href":"https:\/\/compuviper.mx\/tienda\/wp-json\/wp\/v2\/product_cat?post=220738"},{"taxonomy":"product_tag","embeddable":true,"href":"https:\/\/compuviper.mx\/tienda\/wp-json\/wp\/v2\/product_tag?post=220738"}],"curies":[{"name":"wp","href":"https:\/\/api.w.org\/{rel}","templated":true}]}}