{"id":220736,"date":"2026-04-18T01:07:06","date_gmt":"2026-04-18T07:07:06","guid":{"rendered":"https:\/\/compuviper.mx\/tienda\/producto\/intellinet-561204-poe-switch-gb-8-ptos-30w-pto-60w\/"},"modified":"2026-04-18T01:07:07","modified_gmt":"2026-04-18T07:07:07","slug":"intellinet-561204-poe-switch-gb-8-ptos-30w-pto-60w","status":"publish","type":"product","link":"https:\/\/compuviper.mx\/tienda\/producto\/intellinet-561204-poe-switch-gb-8-ptos-30w-pto-60w\/","title":{"rendered":"Intellinet 561204 Poe Switch,,, Gb  8 Ptos 30w\/pto,  60w"},"content":{"rendered":"<table class=\"descripcion\">\n<tr>\n<td>Est\u00e1ndar<\/td>\n<\/tr>\n<tr>\n<td>Ieee 802.3 (10base-t ethernet)<\/td>\n<\/tr>\n<tr>\n<td>Ieee 802.3ab (gigabit ethernet en par trenzado)<\/td>\n<\/tr>\n<tr>\n<td>Ieee 802.3af (power over ethernet 802.3at tipo 1)<\/td>\n<\/tr>\n<tr>\n<td>Ieee 802.3at (power over ethernet 802.3at tipo 2)<\/td>\n<\/tr>\n<tr>\n<td>Ieee 802.3az (energy efficient ethernet eee)<\/td>\n<\/tr>\n<tr>\n<td>Ieee 802.3u (100base-tx fast ethernet)<\/td>\n<\/tr>\n<tr>\n<td>Ieee 802.3x (control de flujo, modo full d\u00faplex)<\/td>\n<\/tr>\n<tr>\n<td>General<\/td>\n<\/tr>\n<tr>\n<td>Medios soportados:<\/td>\n<\/tr>\n<tr>\n<td>&#8211; 10base-t cat3, 4, 5 utp\/stp rj45<\/td>\n<\/tr>\n<tr>\n<td>&#8211; 100base-tx cat5 utp\/stp rj45<\/td>\n<\/tr>\n<tr>\n<td>&#8211; 1000base-t cat5e utp\/stp rj45<\/td>\n<\/tr>\n<tr>\n<td>Packet filter\/tasa de env\u00edo:<\/td>\n<\/tr>\n<tr>\n<td>&#8211; 1,488,000 pps (1000 mbps)<\/td>\n<\/tr>\n<tr>\n<td>&#8211; 148,800 pps (100 mbps)<\/td>\n<\/tr>\n<tr>\n<td>&#8211; 14,880 pps (10 mbps)<\/td>\n<\/tr>\n<tr>\n<td>Tabla de direcciones mac: 4096 entradas<\/td>\n<\/tr>\n<tr>\n<td>Memoria intermedia: 1.5 gbps<\/td>\n<\/tr>\n<tr>\n<td>Velocidad backplane \/ estructura switch: 16 gbps<\/td>\n<\/tr>\n<tr>\n<td>Arquitectura del switch: almacenaje y env\u00edo<\/td>\n<\/tr>\n<tr>\n<td>Aislamiento de puerto \/ vlan privada: conmutable mediante un bot\u00f3n en el panel frontal<\/td>\n<\/tr>\n<tr>\n<td>Configuraci\u00f3n de los pines en puertos rj45 (datos + energ\u00eda)<\/td>\n<\/tr>\n<tr>\n<td>&#8211; ieee alternativa a<\/td>\n<\/tr>\n<tr>\n<td>&#8211; pin 1: rx+ (recibo de datos)<\/td>\n<\/tr>\n<tr>\n<td>&#8211; pin 2: rx- (recibo de datos)<\/td>\n<\/tr>\n<tr>\n<td>&#8211; pin 3: tx+ (transmisi\u00f3n de datos)<\/td>\n<\/tr>\n<tr>\n<td>&#8211; pin 4: sin usar<\/td>\n<\/tr>\n<tr>\n<td>&#8211; pin 5: sin usar<\/td>\n<\/tr>\n<tr>\n<td>&#8211; pin 6: tx (transmisi\u00f3n de datos) + vport [-]<\/td>\n<\/tr>\n<tr>\n<td>&#8211; pin 7: sin usar<\/td>\n<\/tr>\n<tr>\n<td>&#8211; pin 8: sin usar<\/td>\n<\/tr>\n<tr>\n<td>Certificaciones: fcc clase b, marca ce, rohs<\/td>\n<\/tr>\n<tr>\n<td>Leds<\/td>\n<\/tr>\n<tr>\n<td>Poe<\/td>\n<\/tr>\n<tr>\n<td>Energ\u00eda<\/td>\n<\/tr>\n<tr>\n<td>Enlace\/actividad<\/td>\n<\/tr>\n<tr>\n<td>Energ\u00eda<\/td>\n<\/tr>\n<tr>\n<td>Entrada: 100 v a 240 v ac, 50 \u00f3 60 hz<\/td>\n<\/tr>\n<tr>\n<td>Consumo de energ\u00eda: 67.3 watts (m\u00e1ximo)<\/td>\n<\/tr>\n<tr>\n<td>Ambiente:<\/td>\n<\/tr>\n<tr>\n<td>Gabinete met\u00e1lico<\/td>\n<\/tr>\n<tr>\n<td>Dimensiones: 118 (largo) x 155 (ancho) x 46 (altura) [mm] \/ 4.65 (l) x 6.1 (w) x 1.81 (h) [in]<\/td>\n<\/tr>\n<tr>\n<td>Peso: 0.93 kg (2.04 lbs.)<\/td>\n<\/tr>\n<tr>\n<td>Temperatura de operaci\u00f3n: 0\u00b0 c \u0096 40\u00b0 c<\/td>\n<\/tr>\n<tr>\n<td>Humedad de operaci\u00f3n: 10 \u0096 90% rh, (sin condensar)<\/td>\n<\/tr>\n<tr>\n<td>Contenido del empaque<\/td>\n<\/tr>\n<tr>\n<td>Switch de 8 puertos gigabit poe+<\/td>\n<\/tr>\n<tr>\n<td>Adaptador de corriente<\/td>\n<\/tr>\n<tr>\n<td>Cable de alimentaci\u00f3n<\/td>\n<\/tr>\n<tr>\n<td>Manual del usuario<\/td>\n<\/tr>\n<\/table>\n","protected":false},"excerpt":{"rendered":"<p>Proporciona alimentaci\u00f3n y conmutaci\u00f3n de datos hasta para ocho dispositivos poe. Ahorre tiempo y dinero al enviar datos y alimentaci\u00f3n sobre el mismo cable de red. Puertos 10\/100\/1000 autosentitivos que autom\u00e1ticamente detectan las velocidades \u00f3ptimas de la red. Puertos de salida rj45 que cumplen con los est\u00e1ndares ieee 802.3at y af, poe y poe. Provee funcionalidad vlan privada (aislamiento de puerto. La funci\u00f3n green ethernet desactiva el consumo de corriente en los puertos no utilizados, y en los utilizados, los ajusta dependiendo de la longitud del cable. Potencia total de 60 watts. Soporta dispositivos poe que cumplen los est\u00e1ndares ieee 802.3at e ieee 802.3af (access points, tel\u00e9fonos voip y c\u00e1maras ip. Soporta detecci\u00f3n de protocolo ieee 802.3at\/af, protecci\u00f3n contra cortocircuitos, sobrecargas y alto voltaje. Todos los puertos rj45 cuentan con soporte mdi-mdix (uplink- autom\u00e1tico. Arquitectura de conmutaci\u00f3n de almacenamiento y env\u00edo. F\u00e1brica de switch de 16 gbps. Control de flujo para modo full d\u00faplex, ieee 802.3x. Soporta hasta 4096 entradas de direcciones mac. Memoria intermedia de 1.5 mb. Dise\u00f1o sin ventiladores, ideal paa una operaci\u00f3n silente. Gabinete met\u00e1lico, de escritorio. Tres a\u00f1os de garant\u00eda<\/p>\n","protected":false},"featured_media":220737,"comment_status":"open","ping_status":"open","template":"","meta":[],"product_cat":[1563,1564],"product_tag":[1489],"acf":[],"yoast_head":"<!-- This site is optimized with the Yoast SEO plugin v21.7 - https:\/\/yoast.com\/wordpress\/plugins\/seo\/ -->\n<title>[ Intellinet ] &#129351; 561204 Poe Switch,,, Gb 8 Ptos 30w\/pto, 60w<\/title>\n<meta name=\"description\" content=\"Compra 561204 Poe Switch,,, Gb 8 Ptos 30w\/pto, 60w + Env\u00edo a domicilio + Pago seguro + Garant\u00eda\" \/>\n<meta name=\"robots\" content=\"index, follow, max-snippet:-1, max-image-preview:large, max-video-preview:-1\" \/>\n<link rel=\"canonical\" href=\"https:\/\/compuviper.mx\/tienda\/producto\/intellinet-561204-poe-switch-gb-8-ptos-30w-pto-60w\/\" \/>\n<meta property=\"og:locale\" content=\"es_MX\" \/>\n<meta property=\"og:type\" content=\"article\" \/>\n<meta property=\"og:title\" content=\"[ Intellinet ] &#129351; 561204 Poe Switch,,, Gb 8 Ptos 30w\/pto, 60w\" \/>\n<meta property=\"og:description\" content=\"Compra 561204 Poe Switch,,, Gb 8 Ptos 30w\/pto, 60w + Env\u00edo a domicilio + Pago seguro + Garant\u00eda\" \/>\n<meta property=\"og:url\" content=\"https:\/\/compuviper.mx\/tienda\/producto\/intellinet-561204-poe-switch-gb-8-ptos-30w-pto-60w\/\" \/>\n<meta property=\"og:site_name\" content=\"Compuviper\" \/>\n<meta property=\"article:publisher\" content=\"https:\/\/www.facebook.com\/compuviper\" \/>\n<meta property=\"article:modified_time\" content=\"2026-04-18T07:07:07+00:00\" \/>\n<meta property=\"og:image\" content=\"https:\/\/compuviper.mx\/tienda\/wp-content\/uploads\/2023\/12\/Poe-switchintellinet561204-gb-8-ptos-30wpto-60w.jpg\" \/>\n\t<meta property=\"og:image:width\" content=\"200\" \/>\n\t<meta property=\"og:image:height\" content=\"200\" \/>\n\t<meta property=\"og:image:type\" content=\"image\/jpeg\" \/>\n<meta name=\"twitter:card\" content=\"summary_large_image\" \/>\n<meta name=\"twitter:label1\" content=\"Precio\" \/>\n\t<meta name=\"twitter:data1\" content=\"&#36;1,392 con IVA\" \/>\n\t<meta name=\"twitter:label2\" content=\"Availability\" \/>\n\t<meta name=\"twitter:data2\" content=\"In stock\" \/>\n<script type=\"application\/ld+json\" class=\"yoast-schema-graph\">{\"@context\":\"https:\/\/schema.org\",\"@graph\":[{\"@type\":\"WebPage\",\"@id\":\"https:\/\/compuviper.mx\/tienda\/producto\/intellinet-561204-poe-switch-gb-8-ptos-30w-pto-60w\/\",\"url\":\"https:\/\/compuviper.mx\/tienda\/producto\/intellinet-561204-poe-switch-gb-8-ptos-30w-pto-60w\/\",\"name\":\"[ Intellinet ] &#129351; 561204 Poe Switch,,, Gb 8 Ptos 30w\/pto, 60w\",\"isPartOf\":{\"@id\":\"https:\/\/compuviper.mx\/tienda\/#website\"},\"datePublished\":\"2026-04-18T07:07:06+00:00\",\"dateModified\":\"2026-04-18T07:07:07+00:00\",\"description\":\"Compra 561204 Poe Switch,,, Gb 8 Ptos 30w\/pto, 60w + Env\u00edo a domicilio + Pago seguro + Garant\u00eda\",\"breadcrumb\":{\"@id\":\"https:\/\/compuviper.mx\/tienda\/producto\/intellinet-561204-poe-switch-gb-8-ptos-30w-pto-60w\/#breadcrumb\"},\"inLanguage\":\"es-MX\",\"potentialAction\":[{\"@type\":\"ReadAction\",\"target\":[\"https:\/\/compuviper.mx\/tienda\/producto\/intellinet-561204-poe-switch-gb-8-ptos-30w-pto-60w\/\"]}]},{\"@type\":\"BreadcrumbList\",\"@id\":\"https:\/\/compuviper.mx\/tienda\/producto\/intellinet-561204-poe-switch-gb-8-ptos-30w-pto-60w\/#breadcrumb\",\"itemListElement\":[{\"@type\":\"ListItem\",\"position\":1,\"name\":\"Inicio\",\"item\":\"https:\/\/compuviper.mx\/tienda\/\"},{\"@type\":\"ListItem\",\"position\":2,\"name\":\"Productos\",\"item\":\"https:\/\/compuviper.mx\/tienda\/productos\/\"},{\"@type\":\"ListItem\",\"position\":3,\"name\":\"Redes\",\"item\":\"https:\/\/compuviper.mx\/tienda\/categoria-producto\/redes\/\"},{\"@type\":\"ListItem\",\"position\":4,\"name\":\"Switch\",\"item\":\"https:\/\/compuviper.mx\/tienda\/categoria-producto\/redes\/switch\/\"},{\"@type\":\"ListItem\",\"position\":5,\"name\":\"Intellinet 561204 Poe Switch,,, Gb 8 Ptos 30w\/pto, 60w\"}]},{\"@type\":\"WebSite\",\"@id\":\"https:\/\/compuviper.mx\/tienda\/#website\",\"url\":\"https:\/\/compuviper.mx\/tienda\/\",\"name\":\"Compuviper\",\"description\":\"Proveedor de Computadoras, Laptops, Servidores, Monitores, Puntos de Venta, Teclados,   Impresoras, T\u00f3ner, C\u00e1maras de Seguridad y m\u00e1s en tu tienda en l\u00ednea\",\"publisher\":{\"@id\":\"https:\/\/compuviper.mx\/tienda\/#organization\"},\"potentialAction\":[{\"@type\":\"SearchAction\",\"target\":{\"@type\":\"EntryPoint\",\"urlTemplate\":\"https:\/\/compuviper.mx\/tienda\/?s={search_term_string}\"},\"query-input\":\"required name=search_term_string\"}],\"inLanguage\":\"es-MX\"},{\"@type\":\"Organization\",\"@id\":\"https:\/\/compuviper.mx\/tienda\/#organization\",\"name\":\"Compuviper\",\"url\":\"https:\/\/compuviper.mx\/tienda\/\",\"logo\":{\"@type\":\"ImageObject\",\"inLanguage\":\"es-MX\",\"@id\":\"https:\/\/compuviper.mx\/tienda\/#\/schema\/logo\/image\/\",\"url\":\"https:\/\/compuviper.mx\/tienda\/wp-content\/uploads\/2021\/08\/Logo-Compuviper-10.png\",\"contentUrl\":\"https:\/\/compuviper.mx\/tienda\/wp-content\/uploads\/2021\/08\/Logo-Compuviper-10.png\",\"width\":1000,\"height\":500,\"caption\":\"Compuviper\"},\"image\":{\"@id\":\"https:\/\/compuviper.mx\/tienda\/#\/schema\/logo\/image\/\"},\"sameAs\":[\"https:\/\/www.facebook.com\/compuviper\",\"https:\/\/www.youtube.com\/channel\/UCf73dERp9Y3cfOq7q8BhLjA?view_as=subscriber\"]}]}<\/script>\n<meta property=\"product:brand\" content=\"INTELLINET\" \/>\n<meta property=\"product:price:amount\" content=\"1392\" \/>\n<meta property=\"product:price:currency\" content=\"MXN\" \/>\n<meta property=\"og:availability\" content=\"instock\" \/>\n<meta property=\"product:availability\" content=\"instock\" \/>\n<meta property=\"product:retailer_item_id\" content=\"561204\" \/>\n<meta property=\"product:condition\" content=\"new\" \/>\n<!-- \/ Yoast SEO plugin. -->","yoast_head_json":{"title":"[ Intellinet ] &#129351; 561204 Poe Switch,,, Gb 8 Ptos 30w\/pto, 60w","description":"Compra 561204 Poe Switch,,, Gb 8 Ptos 30w\/pto, 60w + Env\u00edo a domicilio + Pago seguro + Garant\u00eda","robots":{"index":"index","follow":"follow","max-snippet":"max-snippet:-1","max-image-preview":"max-image-preview:large","max-video-preview":"max-video-preview:-1"},"canonical":"https:\/\/compuviper.mx\/tienda\/producto\/intellinet-561204-poe-switch-gb-8-ptos-30w-pto-60w\/","og_locale":"es_MX","og_type":"article","og_title":"[ Intellinet ] &#129351; 561204 Poe Switch,,, Gb 8 Ptos 30w\/pto, 60w","og_description":"Compra 561204 Poe Switch,,, Gb 8 Ptos 30w\/pto, 60w + Env\u00edo a domicilio + Pago seguro + Garant\u00eda","og_url":"https:\/\/compuviper.mx\/tienda\/producto\/intellinet-561204-poe-switch-gb-8-ptos-30w-pto-60w\/","og_site_name":"Compuviper","article_publisher":"https:\/\/www.facebook.com\/compuviper","article_modified_time":"2026-04-18T07:07:07+00:00","og_image":[{"width":200,"height":200,"url":"https:\/\/compuviper.mx\/tienda\/wp-content\/uploads\/2023\/12\/Poe-switchintellinet561204-gb-8-ptos-30wpto-60w.jpg","type":"image\/jpeg"}],"twitter_card":"summary_large_image","twitter_misc":{"Precio":"&#36;1,392 con IVA","Availability":"In stock"},"schema":{"@context":"https:\/\/schema.org","@graph":[{"@type":"WebPage","@id":"https:\/\/compuviper.mx\/tienda\/producto\/intellinet-561204-poe-switch-gb-8-ptos-30w-pto-60w\/","url":"https:\/\/compuviper.mx\/tienda\/producto\/intellinet-561204-poe-switch-gb-8-ptos-30w-pto-60w\/","name":"[ Intellinet ] &#129351; 561204 Poe Switch,,, Gb 8 Ptos 30w\/pto, 60w","isPartOf":{"@id":"https:\/\/compuviper.mx\/tienda\/#website"},"datePublished":"2026-04-18T07:07:06+00:00","dateModified":"2026-04-18T07:07:07+00:00","description":"Compra 561204 Poe Switch,,, Gb 8 Ptos 30w\/pto, 60w + Env\u00edo a domicilio + Pago seguro + Garant\u00eda","breadcrumb":{"@id":"https:\/\/compuviper.mx\/tienda\/producto\/intellinet-561204-poe-switch-gb-8-ptos-30w-pto-60w\/#breadcrumb"},"inLanguage":"es-MX","potentialAction":[{"@type":"ReadAction","target":["https:\/\/compuviper.mx\/tienda\/producto\/intellinet-561204-poe-switch-gb-8-ptos-30w-pto-60w\/"]}]},{"@type":"BreadcrumbList","@id":"https:\/\/compuviper.mx\/tienda\/producto\/intellinet-561204-poe-switch-gb-8-ptos-30w-pto-60w\/#breadcrumb","itemListElement":[{"@type":"ListItem","position":1,"name":"Inicio","item":"https:\/\/compuviper.mx\/tienda\/"},{"@type":"ListItem","position":2,"name":"Productos","item":"https:\/\/compuviper.mx\/tienda\/productos\/"},{"@type":"ListItem","position":3,"name":"Redes","item":"https:\/\/compuviper.mx\/tienda\/categoria-producto\/redes\/"},{"@type":"ListItem","position":4,"name":"Switch","item":"https:\/\/compuviper.mx\/tienda\/categoria-producto\/redes\/switch\/"},{"@type":"ListItem","position":5,"name":"Intellinet 561204 Poe Switch,,, Gb 8 Ptos 30w\/pto, 60w"}]},{"@type":"WebSite","@id":"https:\/\/compuviper.mx\/tienda\/#website","url":"https:\/\/compuviper.mx\/tienda\/","name":"Compuviper","description":"Proveedor de Computadoras, Laptops, Servidores, Monitores, Puntos de Venta, Teclados,   Impresoras, T\u00f3ner, C\u00e1maras de Seguridad y m\u00e1s en tu tienda en l\u00ednea","publisher":{"@id":"https:\/\/compuviper.mx\/tienda\/#organization"},"potentialAction":[{"@type":"SearchAction","target":{"@type":"EntryPoint","urlTemplate":"https:\/\/compuviper.mx\/tienda\/?s={search_term_string}"},"query-input":"required name=search_term_string"}],"inLanguage":"es-MX"},{"@type":"Organization","@id":"https:\/\/compuviper.mx\/tienda\/#organization","name":"Compuviper","url":"https:\/\/compuviper.mx\/tienda\/","logo":{"@type":"ImageObject","inLanguage":"es-MX","@id":"https:\/\/compuviper.mx\/tienda\/#\/schema\/logo\/image\/","url":"https:\/\/compuviper.mx\/tienda\/wp-content\/uploads\/2021\/08\/Logo-Compuviper-10.png","contentUrl":"https:\/\/compuviper.mx\/tienda\/wp-content\/uploads\/2021\/08\/Logo-Compuviper-10.png","width":1000,"height":500,"caption":"Compuviper"},"image":{"@id":"https:\/\/compuviper.mx\/tienda\/#\/schema\/logo\/image\/"},"sameAs":["https:\/\/www.facebook.com\/compuviper","https:\/\/www.youtube.com\/channel\/UCf73dERp9Y3cfOq7q8BhLjA?view_as=subscriber"]}]},"product_brand":"INTELLINET","product_price_amount":"1392","product_price_currency":"MXN","og_availability":"instock","product_availability":"instock","product_retailer_item_id":"561204","product_condition":"new"},"_links":{"self":[{"href":"https:\/\/compuviper.mx\/tienda\/wp-json\/wp\/v2\/product\/220736"}],"collection":[{"href":"https:\/\/compuviper.mx\/tienda\/wp-json\/wp\/v2\/product"}],"about":[{"href":"https:\/\/compuviper.mx\/tienda\/wp-json\/wp\/v2\/types\/product"}],"replies":[{"embeddable":true,"href":"https:\/\/compuviper.mx\/tienda\/wp-json\/wp\/v2\/comments?post=220736"}],"wp:featuredmedia":[{"embeddable":true,"href":"https:\/\/compuviper.mx\/tienda\/wp-json\/wp\/v2\/media\/220737"}],"wp:attachment":[{"href":"https:\/\/compuviper.mx\/tienda\/wp-json\/wp\/v2\/media?parent=220736"}],"wp:term":[{"taxonomy":"product_cat","embeddable":true,"href":"https:\/\/compuviper.mx\/tienda\/wp-json\/wp\/v2\/product_cat?post=220736"},{"taxonomy":"product_tag","embeddable":true,"href":"https:\/\/compuviper.mx\/tienda\/wp-json\/wp\/v2\/product_tag?post=220736"}],"curies":[{"name":"wp","href":"https:\/\/api.w.org\/{rel}","templated":true}]}}