{"id":220734,"date":"2026-04-18T01:07:06","date_gmt":"2026-04-18T07:07:06","guid":{"rendered":"https:\/\/compuviper.mx\/tienda\/producto\/intellinet-561082-poe-switch-gb-5-ptos-30w-pto-68w\/"},"modified":"2026-04-18T01:07:06","modified_gmt":"2026-04-18T07:07:06","slug":"intellinet-561082-poe-switch-gb-5-ptos-30w-pto-68w","status":"publish","type":"product","link":"https:\/\/compuviper.mx\/tienda\/producto\/intellinet-561082-poe-switch-gb-5-ptos-30w-pto-68w\/","title":{"rendered":"Intellinet 561082 Poe Switch,,, Gb  5 Ptos 30w\/pto, 68w"},"content":{"rendered":"<table class=\"descripcion\">\n<tr>\n<td>Est\u00e1ndar<\/td>\n<\/tr>\n<tr>\n<td>Ieee 802.3 (10base-t ethernet)<\/td>\n<\/tr>\n<tr>\n<td>Ieee 802.3ab (gigabit ethernet para par trenzado)<\/td>\n<\/tr>\n<tr>\n<td>Ieee 802.3af (power over ethernet 802.3at clase 1)<\/td>\n<\/tr>\n<tr>\n<td>Ieee 802.3at (power over ethernet 802.3at clase 2)<\/td>\n<\/tr>\n<tr>\n<td>Ieee 802.3az (ethernet eficiente en energ\u00eda, eee)<\/td>\n<\/tr>\n<tr>\n<td>Ieee 802.3u (100base-tx fast ethernet)<\/td>\n<\/tr>\n<tr>\n<td>Ieee 802.3x (control de flujo, para modo full d\u00faplex)<\/td>\n<\/tr>\n<tr>\n<td>General<\/td>\n<\/tr>\n<tr>\n<td>Medios soportados:<\/td>\n<\/tr>\n<tr>\n<td>&#8211; 10base-t cat3, 4, 5 utp\/stp rj-45<\/td>\n<\/tr>\n<tr>\n<td>&#8211; 100base-tx cat5 utp\/stp rj-45<\/td>\n<\/tr>\n<tr>\n<td>&#8211; 1000base-t cat5e utp\/stp rj-45<\/td>\n<\/tr>\n<tr>\n<td>Filtrado de paquetes\/ tasa de env\u00edo:<\/td>\n<\/tr>\n<tr>\n<td>&#8211; 1,488,000 pps (1000 mbps)<\/td>\n<\/tr>\n<tr>\n<td>&#8211; 148,000 pps (100 mbps)<\/td>\n<\/tr>\n<tr>\n<td>&#8211; 14,880 pps (10 mbps)<\/td>\n<\/tr>\n<tr>\n<td>Tabla de direcciones mac: 2048 entradas<\/td>\n<\/tr>\n<tr>\n<td>Memoria del b\u00faffer: 256 kbytes<\/td>\n<\/tr>\n<tr>\n<td>Velocidad del backplane: 10 gbps<\/td>\n<\/tr>\n<tr>\n<td>Arquitectura del switch: almacenaje y env\u00edo<\/td>\n<\/tr>\n<tr>\n<td>Certificaciones: fcc clase b, marca ce, rohs<\/td>\n<\/tr>\n<tr>\n<td>Leds<\/td>\n<\/tr>\n<tr>\n<td>Alimentaci\u00f3n<\/td>\n<\/tr>\n<tr>\n<td>Max<\/td>\n<\/tr>\n<tr>\n<td>Enlace\/actividad<\/td>\n<\/tr>\n<tr>\n<td>Pines de salida de poe<\/td>\n<\/tr>\n<tr>\n<td>Est\u00e1ndar ieee 802.3af modo a<\/td>\n<\/tr>\n<tr>\n<td>&#8211; pin 1: dc (+)<\/td>\n<\/tr>\n<tr>\n<td>&#8211; pin 2: dc (+)<\/td>\n<\/tr>\n<tr>\n<td>&#8211; pin 3: dc (-)<\/td>\n<\/tr>\n<tr>\n<td>&#8211; pin 6: dc (-)<\/td>\n<\/tr>\n<tr>\n<td>Alimentaci\u00f3n<\/td>\n<\/tr>\n<tr>\n<td>Adaptador de energ\u00eda incluido:<\/td>\n<\/tr>\n<tr>\n<td>&#8211; entrada: 100 \u0096 240 vac, 50 \u0096 60 hz, 2.5 a<\/td>\n<\/tr>\n<tr>\n<td>&#8211; salida: dc, 51 v, 1.5 a<\/td>\n<\/tr>\n<tr>\n<td>&#8211; presupuesto de poe: 68 watts (m\u00e1ximo)<\/td>\n<\/tr>\n<tr>\n<td>&#8211; consumo de energ\u00eda: 75 watts (m\u00e1ximo)<\/td>\n<\/tr>\n<tr>\n<td>A trav\u00e9s del puerto pd (puerto 1)<\/td>\n<\/tr>\n<tr>\n<td>&#8211; entrada: compatible conieee802.3af\/at<\/td>\n<\/tr>\n<tr>\n<td>&#8211; presupuesto poe: 26 watts (m\u00e1ximo)<\/td>\n<\/tr>\n<tr>\n<td>&#8211; consumo de energ\u00eda: 30 watts (m\u00e1ximo)<\/td>\n<\/tr>\n<tr>\n<td>Dise\u00f1o:<\/td>\n<\/tr>\n<tr>\n<td>Gabinete met\u00e1lico<\/td>\n<\/tr>\n<tr>\n<td>Dimensiones: 78 (l) x 140 (w) x 28 (h) mm \/ 3.07 (l) x 5.51 (w) x 1.1 (h) in.<\/td>\n<\/tr>\n<tr>\n<td>Peso: 0.6 kg<\/td>\n<\/tr>\n<tr>\n<td>Temperatura de operaci\u00f3n: 0\u00b0 c \u0096 40\u00b0 c<\/td>\n<\/tr>\n<tr>\n<td>Temperatura de almacenamiento: 0 \u0096 70\u00b0c (32 \u0096 158\u00b0f)<\/td>\n<\/tr>\n<tr>\n<td>Factor de humedad: 10% \u0096 90% rh, sin condensaci\u00f3n<\/td>\n<\/tr>\n<tr>\n<td>Contenido del paquete:<\/td>\n<\/tr>\n<tr>\n<td>Switch con 5 puertos gigabit alimentado por poe, con traferencia de poe<\/td>\n<\/tr>\n<tr>\n<td>Adaptador de corriente<\/td>\n<\/tr>\n<tr>\n<td>Cable de alimentaci\u00f3n<\/td>\n<\/tr>\n<tr>\n<td>Manual del usuario<\/td>\n<\/tr>\n<\/table>\n","protected":false},"excerpt":{"rendered":"<p>Recibe energ\u00eda desde un inyector o switch poe y brinda energ\u00eda hasta a 4 dispositivos poe. Ahorre tiempo y dinero al enviar datos y alimentaci\u00f3n sobre el mismo cable de red. Puertos 10\/100\/1000 autosentitivos que autom\u00e1ticamente detectan las velocidades \u00f3ptimas de la red. Puertos de salida rj45 que cumplen con los est\u00e1ndares ieee 802.3at y af, poe y poe. La tecnolog\u00eda de ahorro de energ\u00eda green ethernet desactiva el consumo de corriente en los puertos no utilizados, y ajusta el nivel de energ\u00eda de acuerdo a la longitud del cable. Puede ser alimentado a trav\u00e9s de poe o con su adaptador de corriente incluido. Presupuesto de alimentaci\u00f3n poe de 68 watts utilizando energ\u00eda ac. Presupuesto de energ\u00eda poe de 26 watts cuando es alimentado a trav\u00e9s de su puerto de entrada pd. Potencia de salida de hasta 30 watts por puerto. Soporta dispositivos poe que cumplen los est\u00e1ndares ieee 802.3at e ieee 802.3af (access points, tel\u00e9fonos voip y c\u00e1maras ip. Soporta detecci\u00f3n de protocolo ieee 802.3at\/af, cortocircuitos, sobrecarga y protecci\u00f3n de alto voltaje. Todos los puertos rj45 cuentan con soporte mdi-mdix (uplink- autom\u00e1tico. Arquitectura de almacenamiento y conmutaci\u00f3n. Control de flujo para modo full d\u00faplex, ieee 802.3x. Soporta hasta 2048 entradas de direcciones mac. 256 kbytes de memoria b\u00fafer. Tres a\u00f1os de garant\u00eda<\/p>\n","protected":false},"featured_media":220735,"comment_status":"open","ping_status":"open","template":"","meta":[],"product_cat":[1563,1564],"product_tag":[1489],"acf":[],"yoast_head":"<!-- This site is optimized with the Yoast SEO plugin v21.7 - https:\/\/yoast.com\/wordpress\/plugins\/seo\/ -->\n<title>[ Intellinet ] &#129351; 561082 Poe Switch,,, Gb 5 Ptos 30w\/pto, 68w<\/title>\n<meta name=\"description\" content=\"Compra 561082 Poe Switch,,, Gb 5 Ptos 30w\/pto, 68w + Env\u00edo a domicilio + Pago seguro + Garant\u00eda\" \/>\n<meta name=\"robots\" content=\"index, follow, max-snippet:-1, max-image-preview:large, max-video-preview:-1\" \/>\n<link rel=\"canonical\" href=\"https:\/\/compuviper.mx\/tienda\/producto\/intellinet-561082-poe-switch-gb-5-ptos-30w-pto-68w\/\" \/>\n<meta property=\"og:locale\" content=\"es_MX\" \/>\n<meta property=\"og:type\" content=\"article\" \/>\n<meta property=\"og:title\" content=\"[ Intellinet ] &#129351; 561082 Poe Switch,,, Gb 5 Ptos 30w\/pto, 68w\" \/>\n<meta property=\"og:description\" content=\"Compra 561082 Poe Switch,,, Gb 5 Ptos 30w\/pto, 68w + Env\u00edo a domicilio + Pago seguro + Garant\u00eda\" \/>\n<meta property=\"og:url\" content=\"https:\/\/compuviper.mx\/tienda\/producto\/intellinet-561082-poe-switch-gb-5-ptos-30w-pto-68w\/\" \/>\n<meta property=\"og:site_name\" content=\"Compuviper\" \/>\n<meta property=\"article:publisher\" content=\"https:\/\/www.facebook.com\/compuviper\" \/>\n<meta property=\"og:image\" content=\"https:\/\/compuviper.mx\/tienda\/wp-content\/uploads\/2023\/12\/Poe-switchintellinet561082-gb-5-ptos-30wpto-68w.jpg\" \/>\n\t<meta property=\"og:image:width\" content=\"200\" \/>\n\t<meta property=\"og:image:height\" content=\"200\" \/>\n\t<meta property=\"og:image:type\" content=\"image\/jpeg\" \/>\n<meta name=\"twitter:card\" content=\"summary_large_image\" \/>\n<meta name=\"twitter:label1\" content=\"Precio\" \/>\n\t<meta name=\"twitter:data1\" content=\"&#36;1,080 con IVA\" \/>\n\t<meta name=\"twitter:label2\" content=\"Availability\" \/>\n\t<meta name=\"twitter:data2\" content=\"Out of stock\" \/>\n<script type=\"application\/ld+json\" class=\"yoast-schema-graph\">{\"@context\":\"https:\/\/schema.org\",\"@graph\":[{\"@type\":\"WebPage\",\"@id\":\"https:\/\/compuviper.mx\/tienda\/producto\/intellinet-561082-poe-switch-gb-5-ptos-30w-pto-68w\/\",\"url\":\"https:\/\/compuviper.mx\/tienda\/producto\/intellinet-561082-poe-switch-gb-5-ptos-30w-pto-68w\/\",\"name\":\"[ Intellinet ] &#129351; 561082 Poe Switch,,, Gb 5 Ptos 30w\/pto, 68w\",\"isPartOf\":{\"@id\":\"https:\/\/compuviper.mx\/tienda\/#website\"},\"datePublished\":\"2026-04-18T07:07:06+00:00\",\"dateModified\":\"2026-04-18T07:07:06+00:00\",\"description\":\"Compra 561082 Poe Switch,,, Gb 5 Ptos 30w\/pto, 68w + Env\u00edo a domicilio + Pago seguro + Garant\u00eda\",\"breadcrumb\":{\"@id\":\"https:\/\/compuviper.mx\/tienda\/producto\/intellinet-561082-poe-switch-gb-5-ptos-30w-pto-68w\/#breadcrumb\"},\"inLanguage\":\"es-MX\",\"potentialAction\":[{\"@type\":\"ReadAction\",\"target\":[\"https:\/\/compuviper.mx\/tienda\/producto\/intellinet-561082-poe-switch-gb-5-ptos-30w-pto-68w\/\"]}]},{\"@type\":\"BreadcrumbList\",\"@id\":\"https:\/\/compuviper.mx\/tienda\/producto\/intellinet-561082-poe-switch-gb-5-ptos-30w-pto-68w\/#breadcrumb\",\"itemListElement\":[{\"@type\":\"ListItem\",\"position\":1,\"name\":\"Inicio\",\"item\":\"https:\/\/compuviper.mx\/tienda\/\"},{\"@type\":\"ListItem\",\"position\":2,\"name\":\"Productos\",\"item\":\"https:\/\/compuviper.mx\/tienda\/productos\/\"},{\"@type\":\"ListItem\",\"position\":3,\"name\":\"Redes\",\"item\":\"https:\/\/compuviper.mx\/tienda\/categoria-producto\/redes\/\"},{\"@type\":\"ListItem\",\"position\":4,\"name\":\"Switch\",\"item\":\"https:\/\/compuviper.mx\/tienda\/categoria-producto\/redes\/switch\/\"},{\"@type\":\"ListItem\",\"position\":5,\"name\":\"Intellinet 561082 Poe Switch,,, Gb 5 Ptos 30w\/pto, 68w\"}]},{\"@type\":\"WebSite\",\"@id\":\"https:\/\/compuviper.mx\/tienda\/#website\",\"url\":\"https:\/\/compuviper.mx\/tienda\/\",\"name\":\"Compuviper\",\"description\":\"Proveedor de Computadoras, Laptops, Servidores, Monitores, Puntos de Venta, Teclados,   Impresoras, T\u00f3ner, C\u00e1maras de Seguridad y m\u00e1s en tu tienda en l\u00ednea\",\"publisher\":{\"@id\":\"https:\/\/compuviper.mx\/tienda\/#organization\"},\"potentialAction\":[{\"@type\":\"SearchAction\",\"target\":{\"@type\":\"EntryPoint\",\"urlTemplate\":\"https:\/\/compuviper.mx\/tienda\/?s={search_term_string}\"},\"query-input\":\"required name=search_term_string\"}],\"inLanguage\":\"es-MX\"},{\"@type\":\"Organization\",\"@id\":\"https:\/\/compuviper.mx\/tienda\/#organization\",\"name\":\"Compuviper\",\"url\":\"https:\/\/compuviper.mx\/tienda\/\",\"logo\":{\"@type\":\"ImageObject\",\"inLanguage\":\"es-MX\",\"@id\":\"https:\/\/compuviper.mx\/tienda\/#\/schema\/logo\/image\/\",\"url\":\"https:\/\/compuviper.mx\/tienda\/wp-content\/uploads\/2021\/08\/Logo-Compuviper-10.png\",\"contentUrl\":\"https:\/\/compuviper.mx\/tienda\/wp-content\/uploads\/2021\/08\/Logo-Compuviper-10.png\",\"width\":1000,\"height\":500,\"caption\":\"Compuviper\"},\"image\":{\"@id\":\"https:\/\/compuviper.mx\/tienda\/#\/schema\/logo\/image\/\"},\"sameAs\":[\"https:\/\/www.facebook.com\/compuviper\",\"https:\/\/www.youtube.com\/channel\/UCf73dERp9Y3cfOq7q8BhLjA?view_as=subscriber\"]}]}<\/script>\n<meta property=\"product:brand\" content=\"INTELLINET\" \/>\n<meta property=\"product:price:amount\" content=\"1080\" \/>\n<meta property=\"product:price:currency\" content=\"MXN\" \/>\n<meta property=\"og:availability\" content=\"out of stock\" \/>\n<meta property=\"product:availability\" content=\"out of stock\" \/>\n<meta property=\"product:retailer_item_id\" content=\"561082\" \/>\n<meta property=\"product:condition\" content=\"new\" \/>\n<!-- \/ Yoast SEO plugin. -->","yoast_head_json":{"title":"[ Intellinet ] &#129351; 561082 Poe Switch,,, Gb 5 Ptos 30w\/pto, 68w","description":"Compra 561082 Poe Switch,,, Gb 5 Ptos 30w\/pto, 68w + Env\u00edo a domicilio + Pago seguro + Garant\u00eda","robots":{"index":"index","follow":"follow","max-snippet":"max-snippet:-1","max-image-preview":"max-image-preview:large","max-video-preview":"max-video-preview:-1"},"canonical":"https:\/\/compuviper.mx\/tienda\/producto\/intellinet-561082-poe-switch-gb-5-ptos-30w-pto-68w\/","og_locale":"es_MX","og_type":"article","og_title":"[ Intellinet ] &#129351; 561082 Poe Switch,,, Gb 5 Ptos 30w\/pto, 68w","og_description":"Compra 561082 Poe Switch,,, Gb 5 Ptos 30w\/pto, 68w + Env\u00edo a domicilio + Pago seguro + Garant\u00eda","og_url":"https:\/\/compuviper.mx\/tienda\/producto\/intellinet-561082-poe-switch-gb-5-ptos-30w-pto-68w\/","og_site_name":"Compuviper","article_publisher":"https:\/\/www.facebook.com\/compuviper","og_image":[{"width":200,"height":200,"url":"https:\/\/compuviper.mx\/tienda\/wp-content\/uploads\/2023\/12\/Poe-switchintellinet561082-gb-5-ptos-30wpto-68w.jpg","type":"image\/jpeg"}],"twitter_card":"summary_large_image","twitter_misc":{"Precio":"&#36;1,080 con IVA","Availability":"Out of stock"},"schema":{"@context":"https:\/\/schema.org","@graph":[{"@type":"WebPage","@id":"https:\/\/compuviper.mx\/tienda\/producto\/intellinet-561082-poe-switch-gb-5-ptos-30w-pto-68w\/","url":"https:\/\/compuviper.mx\/tienda\/producto\/intellinet-561082-poe-switch-gb-5-ptos-30w-pto-68w\/","name":"[ Intellinet ] &#129351; 561082 Poe Switch,,, Gb 5 Ptos 30w\/pto, 68w","isPartOf":{"@id":"https:\/\/compuviper.mx\/tienda\/#website"},"datePublished":"2026-04-18T07:07:06+00:00","dateModified":"2026-04-18T07:07:06+00:00","description":"Compra 561082 Poe Switch,,, Gb 5 Ptos 30w\/pto, 68w + Env\u00edo a domicilio + Pago seguro + Garant\u00eda","breadcrumb":{"@id":"https:\/\/compuviper.mx\/tienda\/producto\/intellinet-561082-poe-switch-gb-5-ptos-30w-pto-68w\/#breadcrumb"},"inLanguage":"es-MX","potentialAction":[{"@type":"ReadAction","target":["https:\/\/compuviper.mx\/tienda\/producto\/intellinet-561082-poe-switch-gb-5-ptos-30w-pto-68w\/"]}]},{"@type":"BreadcrumbList","@id":"https:\/\/compuviper.mx\/tienda\/producto\/intellinet-561082-poe-switch-gb-5-ptos-30w-pto-68w\/#breadcrumb","itemListElement":[{"@type":"ListItem","position":1,"name":"Inicio","item":"https:\/\/compuviper.mx\/tienda\/"},{"@type":"ListItem","position":2,"name":"Productos","item":"https:\/\/compuviper.mx\/tienda\/productos\/"},{"@type":"ListItem","position":3,"name":"Redes","item":"https:\/\/compuviper.mx\/tienda\/categoria-producto\/redes\/"},{"@type":"ListItem","position":4,"name":"Switch","item":"https:\/\/compuviper.mx\/tienda\/categoria-producto\/redes\/switch\/"},{"@type":"ListItem","position":5,"name":"Intellinet 561082 Poe Switch,,, Gb 5 Ptos 30w\/pto, 68w"}]},{"@type":"WebSite","@id":"https:\/\/compuviper.mx\/tienda\/#website","url":"https:\/\/compuviper.mx\/tienda\/","name":"Compuviper","description":"Proveedor de Computadoras, Laptops, Servidores, Monitores, Puntos de Venta, Teclados,   Impresoras, T\u00f3ner, C\u00e1maras de Seguridad y m\u00e1s en tu tienda en l\u00ednea","publisher":{"@id":"https:\/\/compuviper.mx\/tienda\/#organization"},"potentialAction":[{"@type":"SearchAction","target":{"@type":"EntryPoint","urlTemplate":"https:\/\/compuviper.mx\/tienda\/?s={search_term_string}"},"query-input":"required name=search_term_string"}],"inLanguage":"es-MX"},{"@type":"Organization","@id":"https:\/\/compuviper.mx\/tienda\/#organization","name":"Compuviper","url":"https:\/\/compuviper.mx\/tienda\/","logo":{"@type":"ImageObject","inLanguage":"es-MX","@id":"https:\/\/compuviper.mx\/tienda\/#\/schema\/logo\/image\/","url":"https:\/\/compuviper.mx\/tienda\/wp-content\/uploads\/2021\/08\/Logo-Compuviper-10.png","contentUrl":"https:\/\/compuviper.mx\/tienda\/wp-content\/uploads\/2021\/08\/Logo-Compuviper-10.png","width":1000,"height":500,"caption":"Compuviper"},"image":{"@id":"https:\/\/compuviper.mx\/tienda\/#\/schema\/logo\/image\/"},"sameAs":["https:\/\/www.facebook.com\/compuviper","https:\/\/www.youtube.com\/channel\/UCf73dERp9Y3cfOq7q8BhLjA?view_as=subscriber"]}]},"product_brand":"INTELLINET","product_price_amount":"1080","product_price_currency":"MXN","og_availability":"out of stock","product_availability":"out of stock","product_retailer_item_id":"561082","product_condition":"new"},"_links":{"self":[{"href":"https:\/\/compuviper.mx\/tienda\/wp-json\/wp\/v2\/product\/220734"}],"collection":[{"href":"https:\/\/compuviper.mx\/tienda\/wp-json\/wp\/v2\/product"}],"about":[{"href":"https:\/\/compuviper.mx\/tienda\/wp-json\/wp\/v2\/types\/product"}],"replies":[{"embeddable":true,"href":"https:\/\/compuviper.mx\/tienda\/wp-json\/wp\/v2\/comments?post=220734"}],"wp:featuredmedia":[{"embeddable":true,"href":"https:\/\/compuviper.mx\/tienda\/wp-json\/wp\/v2\/media\/220735"}],"wp:attachment":[{"href":"https:\/\/compuviper.mx\/tienda\/wp-json\/wp\/v2\/media?parent=220734"}],"wp:term":[{"taxonomy":"product_cat","embeddable":true,"href":"https:\/\/compuviper.mx\/tienda\/wp-json\/wp\/v2\/product_cat?post=220734"},{"taxonomy":"product_tag","embeddable":true,"href":"https:\/\/compuviper.mx\/tienda\/wp-json\/wp\/v2\/product_tag?post=220734"}],"curies":[{"name":"wp","href":"https:\/\/api.w.org\/{rel}","templated":true}]}}