{"id":220726,"date":"2026-04-11T01:02:11","date_gmt":"2026-04-11T07:02:11","guid":{"rendered":"https:\/\/compuviper.mx\/tienda\/producto\/tp-link-eap225-outdoor-access-point-tp-link-de-interior-exterior-ac1200-banda-dual-2-4ghz-a-300mbps-y-5ghz-a-867mbps-1-rj45-gigabit-admite-poe-ieee802-3af-y-poe-pasivo-incluido-ant-4dbi\/"},"modified":"2026-04-11T01:02:11","modified_gmt":"2026-04-11T07:02:11","slug":"tp-link-eap225-outdoor-access-point-tp-link-omada-ac1200-wireless-mu-mimo-gigabit-indoor-outdoor","status":"publish","type":"product","link":"https:\/\/compuviper.mx\/tienda\/producto\/tp-link-eap225-outdoor-access-point-tp-link-omada-ac1200-wireless-mu-mimo-gigabit-indoor-outdoor\/","title":{"rendered":"Tp Link Eap225-outdoor Access Point Tp-link  Omada Ac1200 Wireless Mu-mimo Gigabit Indoor\/outdoor"},"content":{"rendered":"<table class=\"descripcion\">\n<tr>\n<td>Caracter\u00edsticas de hardware<\/td>\n<\/tr>\n<tr>\n<td>Interfaz: puerto gigabit ethernet (rj-45) * 1 (soporte 802.3af poe y poe pasivo)<\/td>\n<\/tr>\n<tr>\n<td>Bot\u00f3n: reiniciar<\/td>\n<\/tr>\n<tr>\n<td>Fuente de alimentaci\u00f3n: 802.3af \/ a poe  \/  24v poe pasivo (+ 4,5 pines; -7,8 pines. incluye adaptador poe)<\/td>\n<\/tr>\n<tr>\n<td>Consumo de energ\u00eda: 10.5w<\/td>\n<\/tr>\n<tr>\n<td>Dimensiones (w x d x h): 8.5 \u00d7 1.8 \u00d7 1.1in. (215 \u00d7 46 \u00d7 27 mm)<\/td>\n<\/tr>\n<tr>\n<td>Antena: 2.4ghz: 2 * 3dbi, 5ghz: 2 * 4dbi<\/td>\n<\/tr>\n<tr>\n<td>Resistencia a la intemperie: ip65<\/td>\n<\/tr>\n<tr>\n<td>Montaje: montaje en poste \/ pared (kits incluidos)<\/td>\n<\/tr>\n<tr>\n<td>Watch dog por hardware: s\u00ed<\/td>\n<\/tr>\n<tr>\n<td>Caracter\u00edsticas inal\u00e1mbricas<\/td>\n<\/tr>\n<tr>\n<td>Est\u00e1ndares inal\u00e1mbricos: ieee 802.11a \/ b \/ g \/ n \/ ac<\/td>\n<\/tr>\n<tr>\n<td>Frecuencia: 2.4ghz, 5ghz<\/td>\n<\/tr>\n<tr>\n<td>Tasa de se\u00f1al: 802.11ac: 5g: 6.5 mbps a 867mbps (mcs0-mcs9, nss = 1 a 2 vht20 \/ 40\/80) 2.4g: 78mbps a 300mbps (mcs8-mcs9 vht20 \/ 40, nss = 1 a 3)<\/td>\n<\/tr>\n<tr>\n<td>802.11n: 6.5 mbps a 300 mbps (mcs0-mcs15, vht 20\/40)<\/td>\n<\/tr>\n<tr>\n<td>802.11g: 6, 9, 12, 18, 24, 36, 48, 54 mbps<\/td>\n<\/tr>\n<tr>\n<td>802.11b: 1, 5.5, 11 mbps<\/td>\n<\/tr>\n<tr>\n<td>802.11a: 6, 9, 12, 18 , 24, 36, 48, 54 mbps<\/td>\n<\/tr>\n<tr>\n<td>Funciones inal\u00e1mbricas: m\u00faltiples ssid (hasta 16 ssid, 8 para cada banda)  \/  activar\/desactivar radio inal\u00e1mbrica  \/  autom\u00e1tica de asignaci\u00f3n de canal  \/  de control de potencia de transmisi\u00f3n (ajuste de potencia de transmisi\u00f3n en dbm)  \/  qos (wmm)  \/  mu-mimo  \/ de tiempo de uso imparcialidad  \/  formaci\u00f3n de haces  \/  de la banda de direcci\u00f3n  \/  de equilibrio de carga  \/  l\u00edmite de velocidad  \/  programar reinicio  \/  inal\u00e1mbrico programar  \/  estad\u00edsticas inal\u00e1mbricas basadas en ssid\/ap\/cliente<\/td>\n<\/tr>\n<tr>\n<td>Seguridad inal\u00e1mbrica: autenticaci\u00f3n de portal cautivo  \/  control de acceso  \/  conexi\u00f3n de mac inal\u00e1mbrica filtrado  \/  aislamiento inal\u00e1mbrico entre clientes  \/  asignaci\u00f3n de vlan a vlan  \/  detecci\u00f3n de puntos de acceso de ap 802.1x<\/td>\n<\/tr>\n<tr>\n<td>Potencia de transmisi\u00f3n: ce:  20dbm (2.4ghz, eirp),  25dbm (5ghz, eirp)  \/  fcc:  23dbm (2.4ghz),  22dbm (5ghz)<\/td>\n<\/tr>\n<tr>\n<td>Administraci\u00f3n<\/td>\n<\/tr>\n<tr>\n<td>Aplicaci\u00f3n omada: s\u00ed<\/td>\n<\/tr>\n<tr>\n<td>Omada cloud controller: s\u00ed<\/td>\n<\/tr>\n<tr>\n<td>Software controlador omada: s\u00ed<\/td>\n<\/tr>\n<tr>\n<td>Acceso a la nube: s\u00ed<\/td>\n<\/tr>\n<tr>\n<td>Alertas de correo electr\u00f3nico: s\u00ed<\/td>\n<\/tr>\n<tr>\n<td>Gesti\u00f3n de control de acceso mac: s\u00ed<\/td>\n<\/tr>\n<tr>\n<td>Registro de sistema local \/ remoto syslog: s\u00ed<\/td>\n<\/tr>\n<tr>\n<td>Ssh: s\u00ed<\/td>\n<\/tr>\n<tr>\n<td>Gesti\u00f3n basada en web: s\u00ed<\/td>\n<\/tr>\n<tr>\n<td>Gesti\u00f3n l3 : s\u00ed<\/td>\n<\/tr>\n<tr>\n<td>Gesti\u00f3n multisitio: s\u00ed<\/td>\n<\/tr>\n<tr>\n<td>Vlan de gesti\u00f3n: s\u00ed<\/td>\n<\/tr>\n<tr>\n<td>Otros<\/td>\n<\/tr>\n<tr>\n<td>Certificaci\u00f3n: ce \u00bf fcc \u00bf rohs<\/td>\n<\/tr>\n<tr>\n<td>Contenidos del paquete: ac1200 wireless mu-mimo gigabit punto de acceso para nteriores \/ exteriores  \/  adaptador de corriente para exteriores  \/  kits de montaje  \/  gu\u00eda de instalaci\u00f3n<\/td>\n<\/tr>\n<tr>\n<td>Ambiente: temperatura de funcionamiento: -30 \u00bf ~ 70 \u00bf (-22 \u00bf ~ 158 \u00bf)  \/  temperatura de almacenamiento: -40 ~ 70 \u00bf (-40 \u00bf ~ 158 \u00bf)  \/  humedad de funcionamiento: 10% ~ 90% sin condensaci\u00f3n  \/  humedad de almacenamiento: 5% ~ 90% sin condensaci\u00f3n<\/td>\n<\/tr>\n<\/table>\n","protected":false},"excerpt":{"rendered":"<p>Omada punto de acceso inal\u00e1mbrico mu-mimo ac1200 para exterior\/interior. Eap225-outdoor. * cubierta duradera y resistente a inclemencias meteorol\u00f3gicas para aplicaciones wi-fi de exterior. * hasta 1200mbps con tecnolog\u00eda  2\u00d72 mimo. * tecnolog\u00eda omada mesh permite la conectividad inal\u00e1mbrica entre ap para un alcance extendido, haciendo que las implementaciones inal\u00e1mbricas sean m\u00e1s flexibles y convenientes. * admite itinerancia sin interrupciones para que incluso las transmisiones de video y las llamadas de voz no se vean afectadas a medida que los usuarios se mueven entre ubicaciones. * alta potencia de transmisi\u00f3n y antenas de alta ganancia proporcionan una gran cobertura. * controlador software gratuito omada habilita a los administradores para que gestionen f\u00e1cilmente cientos de eaps. * portal cautivo proporciona un m\u00e9todo conveniente de autenticaci\u00f3n de invitados v\u00eda sms, facebook wi-fi, baucher etc. * 802.3af\/poe pasivo (adaptador poe incluido) compatible y con dise\u00f1o simple de montaje permite un despliegue flexible y una instalaci\u00f3n conveniente. Ac1200 wave2 con tecnolog\u00eda mesh para una red wi-fi empresarial m\u00e1s estable y confiable. Ruta inteligente. Los eap de omada con tecnolog\u00eda mesh, eligen autom\u00e1ticamente la mejor ruta para extender su wi-fi a\u00fan m\u00e1s y de manera m\u00e1s flexible. Direccionamiento inteligente. Si un enlace tiene un problema, el sistema redirigir\u00e1 autom\u00e1ticamente los datos a trav\u00e9s de los otros dispositivos de omada para asegurarse de que permanezca en l\u00ednea. Rendimiento wi-fi superior y cobertura de largo alcance. El amplificador de alta potencia dedicado y las antenas de alta ganancia en junto con la tecnolog\u00eda 802.11ac wave 2 mu-mimo de \u00faltima generaci\u00f3n aseguran un mejor rendimiento de wi-fi y cobertura de largo alcance en bandas de 2,4 ghz y 5 ghz. Roaming eficaz para una movilidad perfecta. Los servicios de itinerancia r\u00e1pida 802.11k y 802.11v cambian autom\u00e1ticamente a los clientes al punto de acceso con la se\u00f1al \u00f3ptima con una transici\u00f3n sin inconvenientes al moverse. Esto permite que aplicaciones delicadas como voip y videoconferencias no se interrumpan. Carcasa impermeable especialmente dise\u00f1ada para escenarios en exteriores. Calificado como ip55 durante las pruebas de protecci\u00f3n, con un gabinete resistente a la intemperie para proteger los puntos de acceso contra las condiciones extremas en el exterior. &#8211; protecci\u00f3n contra rayos de 6kv y protecci\u00f3n esde 15kv. &#8211; protecci\u00f3n contra el polvo. &#8211; carcasa impermeable. Excelente dise\u00f1o y hardware. Antenas especialmente dise\u00f1adas, con opciones de potencia y m\u00e9todo de instalaci\u00f3n, el eap225-outdoor es la opci\u00f3n perfecta para diferentes escenarios tanto de interior como exterior. Antenas desmontables. Eap225-outdoor est\u00e1 equipado con 2 antenas desmontables omnidireccionales, lo que implica que otras antenas pueden ser utilizadas seg\u00fan las necesidades espec\u00edficas. Antenas mimo omnidireccionales. Ac 1200 wave2 con tecnolog\u00eda mesh para una red wi-fi empresarial mas estable y confiables. Eap225-outdoor es similar a un tel\u00e9fono celular, con una dimensi\u00f3n de 8.5 \u00d7 1.8 \u00d7 1.1in. (215 \u00d7 46 \u00d7 27mm. M\u00faltiples opciones poe para instalaciones f\u00e1ciles. El eap225-outdoor soporta tanto poe 802.3af como poe pasivo, lo que implica que puede ser alimentado por un switch poe o por el adaptador poe suministrado.. Puerto gigabit ethernet 802.3af poe \/ 24v poe pasivo. Despliegue flexible. Eap225-outdoor puede instalarse f\u00e1cilmente en una pared o en un poste con los kits de montaje provistos. Gesti\u00f3n centralizada en la nube gratuita. En cualquier momento, en cualquier lugar (compatible con tanaza. El controlador omada cloud oc200 y el controlador por software facilitan la administraci\u00f3n y el monitoreo de toda la red omada en tiempo real, mientras que el servicio en la nube permite un acceso remoto y seguro sin importar d\u00f3nde se encuentre. F\u00e1cil gesti\u00f3n con la aplicaci\u00f3n omada. Siga las instrucciones de configuraci\u00f3n en la aplicaci\u00f3n gratuita de omada para configurarlo en minutos. Omada le permite configurar ajustes, supervisar el estado de la red y administrar a clientes, todo desde la comodidad de un tel\u00e9fono inteligente o tableta.. \u00a1conoce nuestro nuevo producto. El controlador omada cloud est\u00e1 dedicado a proporcionar administraci\u00f3n centralizada para toda la red de omada.<\/p>\n","protected":false},"featured_media":220727,"comment_status":"open","ping_status":"open","template":"","meta":[],"product_cat":[1563,1754],"product_tag":[1562],"acf":[],"yoast_head":"<!-- This site is optimized with the Yoast SEO plugin v21.7 - https:\/\/yoast.com\/wordpress\/plugins\/seo\/ -->\n<title>[ Tp Link ] &#129351; Eap225-outdoor Access Point Tp-link Omada Ac1200 Wireless Mu-mimo Gigabit Indoor\/outdoor<\/title>\n<meta name=\"description\" content=\"Compra Eap225-outdoor Access Point Tp-link Omada Ac1200 Wireless Mu-mimo Gigabit Indoor\/outdoor + Env\u00edo a domicilio + Pago seguro + Garant\u00eda\" \/>\n<meta name=\"robots\" content=\"index, follow, max-snippet:-1, max-image-preview:large, max-video-preview:-1\" \/>\n<link rel=\"canonical\" href=\"https:\/\/compuviper.mx\/tienda\/producto\/tp-link-eap225-outdoor-access-point-tp-link-omada-ac1200-wireless-mu-mimo-gigabit-indoor-outdoor\/\" \/>\n<meta property=\"og:locale\" content=\"es_MX\" \/>\n<meta property=\"og:type\" content=\"article\" \/>\n<meta property=\"og:title\" content=\"[ Tp Link ] &#129351; Eap225-outdoor Access Point Tp-link Omada Ac1200 Wireless Mu-mimo Gigabit Indoor\/outdoor\" \/>\n<meta property=\"og:description\" content=\"Compra Eap225-outdoor Access Point Tp-link Omada Ac1200 Wireless Mu-mimo Gigabit Indoor\/outdoor + Env\u00edo a domicilio + Pago seguro + Garant\u00eda\" \/>\n<meta property=\"og:url\" content=\"https:\/\/compuviper.mx\/tienda\/producto\/tp-link-eap225-outdoor-access-point-tp-link-omada-ac1200-wireless-mu-mimo-gigabit-indoor-outdoor\/\" \/>\n<meta property=\"og:site_name\" content=\"Compuviper\" \/>\n<meta property=\"article:publisher\" content=\"https:\/\/www.facebook.com\/compuviper\" \/>\n<meta property=\"og:image\" content=\"https:\/\/compuviper.mx\/tienda\/wp-content\/uploads\/2023\/12\/Access-point-tp-link-eap225-outdoor-de-interiorexterior-ac1200-banda-dual-2.4ghz-a-300mbps-y-5ghz-a-867mbps-1-rj45-gigabit-admite-poe-ieee802.3af-y-poe-pasivo-incluido-ant-4dbi.jpg\" \/>\n\t<meta property=\"og:image:width\" content=\"200\" \/>\n\t<meta property=\"og:image:height\" content=\"200\" \/>\n\t<meta property=\"og:image:type\" content=\"image\/jpeg\" \/>\n<meta name=\"twitter:card\" content=\"summary_large_image\" \/>\n<meta name=\"twitter:label1\" content=\"Precio\" \/>\n\t<meta name=\"twitter:data1\" content=\"&#36;1,149 con IVA\" \/>\n\t<meta name=\"twitter:label2\" content=\"Availability\" \/>\n\t<meta name=\"twitter:data2\" content=\"In stock\" \/>\n<script type=\"application\/ld+json\" class=\"yoast-schema-graph\">{\"@context\":\"https:\/\/schema.org\",\"@graph\":[{\"@type\":\"WebPage\",\"@id\":\"https:\/\/compuviper.mx\/tienda\/producto\/tp-link-eap225-outdoor-access-point-tp-link-omada-ac1200-wireless-mu-mimo-gigabit-indoor-outdoor\/\",\"url\":\"https:\/\/compuviper.mx\/tienda\/producto\/tp-link-eap225-outdoor-access-point-tp-link-omada-ac1200-wireless-mu-mimo-gigabit-indoor-outdoor\/\",\"name\":\"[ Tp Link ] &#129351; Eap225-outdoor Access Point Tp-link Omada Ac1200 Wireless Mu-mimo Gigabit Indoor\/outdoor\",\"isPartOf\":{\"@id\":\"https:\/\/compuviper.mx\/tienda\/#website\"},\"datePublished\":\"2026-04-11T07:02:11+00:00\",\"dateModified\":\"2026-04-11T07:02:11+00:00\",\"description\":\"Compra Eap225-outdoor Access Point Tp-link Omada Ac1200 Wireless Mu-mimo Gigabit Indoor\/outdoor + Env\u00edo a domicilio + Pago seguro + Garant\u00eda\",\"breadcrumb\":{\"@id\":\"https:\/\/compuviper.mx\/tienda\/producto\/tp-link-eap225-outdoor-access-point-tp-link-omada-ac1200-wireless-mu-mimo-gigabit-indoor-outdoor\/#breadcrumb\"},\"inLanguage\":\"es-MX\",\"potentialAction\":[{\"@type\":\"ReadAction\",\"target\":[\"https:\/\/compuviper.mx\/tienda\/producto\/tp-link-eap225-outdoor-access-point-tp-link-omada-ac1200-wireless-mu-mimo-gigabit-indoor-outdoor\/\"]}]},{\"@type\":\"BreadcrumbList\",\"@id\":\"https:\/\/compuviper.mx\/tienda\/producto\/tp-link-eap225-outdoor-access-point-tp-link-omada-ac1200-wireless-mu-mimo-gigabit-indoor-outdoor\/#breadcrumb\",\"itemListElement\":[{\"@type\":\"ListItem\",\"position\":1,\"name\":\"Inicio\",\"item\":\"https:\/\/compuviper.mx\/tienda\/\"},{\"@type\":\"ListItem\",\"position\":2,\"name\":\"Productos\",\"item\":\"https:\/\/compuviper.mx\/tienda\/productos\/\"},{\"@type\":\"ListItem\",\"position\":3,\"name\":\"Redes\",\"item\":\"https:\/\/compuviper.mx\/tienda\/categoria-producto\/redes\/\"},{\"@type\":\"ListItem\",\"position\":4,\"name\":\"Access Point\",\"item\":\"https:\/\/compuviper.mx\/tienda\/categoria-producto\/redes\/access-point\/\"},{\"@type\":\"ListItem\",\"position\":5,\"name\":\"Tp Link Eap225-outdoor Access Point Tp-link Omada Ac1200 Wireless Mu-mimo Gigabit Indoor\/outdoor\"}]},{\"@type\":\"WebSite\",\"@id\":\"https:\/\/compuviper.mx\/tienda\/#website\",\"url\":\"https:\/\/compuviper.mx\/tienda\/\",\"name\":\"Compuviper\",\"description\":\"Proveedor de Computadoras, Laptops, Servidores, Monitores, Puntos de Venta, Teclados,   Impresoras, T\u00f3ner, C\u00e1maras de Seguridad y m\u00e1s en tu tienda en l\u00ednea\",\"publisher\":{\"@id\":\"https:\/\/compuviper.mx\/tienda\/#organization\"},\"potentialAction\":[{\"@type\":\"SearchAction\",\"target\":{\"@type\":\"EntryPoint\",\"urlTemplate\":\"https:\/\/compuviper.mx\/tienda\/?s={search_term_string}\"},\"query-input\":\"required name=search_term_string\"}],\"inLanguage\":\"es-MX\"},{\"@type\":\"Organization\",\"@id\":\"https:\/\/compuviper.mx\/tienda\/#organization\",\"name\":\"Compuviper\",\"url\":\"https:\/\/compuviper.mx\/tienda\/\",\"logo\":{\"@type\":\"ImageObject\",\"inLanguage\":\"es-MX\",\"@id\":\"https:\/\/compuviper.mx\/tienda\/#\/schema\/logo\/image\/\",\"url\":\"https:\/\/compuviper.mx\/tienda\/wp-content\/uploads\/2021\/08\/Logo-Compuviper-10.png\",\"contentUrl\":\"https:\/\/compuviper.mx\/tienda\/wp-content\/uploads\/2021\/08\/Logo-Compuviper-10.png\",\"width\":1000,\"height\":500,\"caption\":\"Compuviper\"},\"image\":{\"@id\":\"https:\/\/compuviper.mx\/tienda\/#\/schema\/logo\/image\/\"},\"sameAs\":[\"https:\/\/www.facebook.com\/compuviper\",\"https:\/\/www.youtube.com\/channel\/UCf73dERp9Y3cfOq7q8BhLjA?view_as=subscriber\"]}]}<\/script>\n<meta property=\"product:brand\" content=\"TP LINK\" \/>\n<meta property=\"product:price:amount\" content=\"1149\" \/>\n<meta property=\"product:price:currency\" content=\"MXN\" \/>\n<meta property=\"og:availability\" content=\"instock\" \/>\n<meta property=\"product:availability\" content=\"instock\" \/>\n<meta property=\"product:retailer_item_id\" content=\"EAP225-OUTDOOR\" \/>\n<meta property=\"product:condition\" content=\"new\" \/>\n<!-- \/ Yoast SEO plugin. -->","yoast_head_json":{"title":"[ Tp Link ] &#129351; Eap225-outdoor Access Point Tp-link Omada Ac1200 Wireless Mu-mimo Gigabit Indoor\/outdoor","description":"Compra Eap225-outdoor Access Point Tp-link Omada Ac1200 Wireless Mu-mimo Gigabit Indoor\/outdoor + Env\u00edo a domicilio + Pago seguro + Garant\u00eda","robots":{"index":"index","follow":"follow","max-snippet":"max-snippet:-1","max-image-preview":"max-image-preview:large","max-video-preview":"max-video-preview:-1"},"canonical":"https:\/\/compuviper.mx\/tienda\/producto\/tp-link-eap225-outdoor-access-point-tp-link-omada-ac1200-wireless-mu-mimo-gigabit-indoor-outdoor\/","og_locale":"es_MX","og_type":"article","og_title":"[ Tp Link ] &#129351; Eap225-outdoor Access Point Tp-link Omada Ac1200 Wireless Mu-mimo Gigabit Indoor\/outdoor","og_description":"Compra Eap225-outdoor Access Point Tp-link Omada Ac1200 Wireless Mu-mimo Gigabit Indoor\/outdoor + Env\u00edo a domicilio + Pago seguro + Garant\u00eda","og_url":"https:\/\/compuviper.mx\/tienda\/producto\/tp-link-eap225-outdoor-access-point-tp-link-omada-ac1200-wireless-mu-mimo-gigabit-indoor-outdoor\/","og_site_name":"Compuviper","article_publisher":"https:\/\/www.facebook.com\/compuviper","og_image":[{"width":200,"height":200,"url":"https:\/\/compuviper.mx\/tienda\/wp-content\/uploads\/2023\/12\/Access-point-tp-link-eap225-outdoor-de-interiorexterior-ac1200-banda-dual-2.4ghz-a-300mbps-y-5ghz-a-867mbps-1-rj45-gigabit-admite-poe-ieee802.3af-y-poe-pasivo-incluido-ant-4dbi.jpg","type":"image\/jpeg"}],"twitter_card":"summary_large_image","twitter_misc":{"Precio":"&#36;1,149 con IVA","Availability":"In stock"},"schema":{"@context":"https:\/\/schema.org","@graph":[{"@type":"WebPage","@id":"https:\/\/compuviper.mx\/tienda\/producto\/tp-link-eap225-outdoor-access-point-tp-link-omada-ac1200-wireless-mu-mimo-gigabit-indoor-outdoor\/","url":"https:\/\/compuviper.mx\/tienda\/producto\/tp-link-eap225-outdoor-access-point-tp-link-omada-ac1200-wireless-mu-mimo-gigabit-indoor-outdoor\/","name":"[ Tp Link ] &#129351; Eap225-outdoor Access Point Tp-link Omada Ac1200 Wireless Mu-mimo Gigabit Indoor\/outdoor","isPartOf":{"@id":"https:\/\/compuviper.mx\/tienda\/#website"},"datePublished":"2026-04-11T07:02:11+00:00","dateModified":"2026-04-11T07:02:11+00:00","description":"Compra Eap225-outdoor Access Point Tp-link Omada Ac1200 Wireless Mu-mimo Gigabit Indoor\/outdoor + Env\u00edo a domicilio + Pago seguro + Garant\u00eda","breadcrumb":{"@id":"https:\/\/compuviper.mx\/tienda\/producto\/tp-link-eap225-outdoor-access-point-tp-link-omada-ac1200-wireless-mu-mimo-gigabit-indoor-outdoor\/#breadcrumb"},"inLanguage":"es-MX","potentialAction":[{"@type":"ReadAction","target":["https:\/\/compuviper.mx\/tienda\/producto\/tp-link-eap225-outdoor-access-point-tp-link-omada-ac1200-wireless-mu-mimo-gigabit-indoor-outdoor\/"]}]},{"@type":"BreadcrumbList","@id":"https:\/\/compuviper.mx\/tienda\/producto\/tp-link-eap225-outdoor-access-point-tp-link-omada-ac1200-wireless-mu-mimo-gigabit-indoor-outdoor\/#breadcrumb","itemListElement":[{"@type":"ListItem","position":1,"name":"Inicio","item":"https:\/\/compuviper.mx\/tienda\/"},{"@type":"ListItem","position":2,"name":"Productos","item":"https:\/\/compuviper.mx\/tienda\/productos\/"},{"@type":"ListItem","position":3,"name":"Redes","item":"https:\/\/compuviper.mx\/tienda\/categoria-producto\/redes\/"},{"@type":"ListItem","position":4,"name":"Access Point","item":"https:\/\/compuviper.mx\/tienda\/categoria-producto\/redes\/access-point\/"},{"@type":"ListItem","position":5,"name":"Tp Link Eap225-outdoor Access Point Tp-link Omada Ac1200 Wireless Mu-mimo Gigabit Indoor\/outdoor"}]},{"@type":"WebSite","@id":"https:\/\/compuviper.mx\/tienda\/#website","url":"https:\/\/compuviper.mx\/tienda\/","name":"Compuviper","description":"Proveedor de Computadoras, Laptops, Servidores, Monitores, Puntos de Venta, Teclados,   Impresoras, T\u00f3ner, C\u00e1maras de Seguridad y m\u00e1s en tu tienda en l\u00ednea","publisher":{"@id":"https:\/\/compuviper.mx\/tienda\/#organization"},"potentialAction":[{"@type":"SearchAction","target":{"@type":"EntryPoint","urlTemplate":"https:\/\/compuviper.mx\/tienda\/?s={search_term_string}"},"query-input":"required name=search_term_string"}],"inLanguage":"es-MX"},{"@type":"Organization","@id":"https:\/\/compuviper.mx\/tienda\/#organization","name":"Compuviper","url":"https:\/\/compuviper.mx\/tienda\/","logo":{"@type":"ImageObject","inLanguage":"es-MX","@id":"https:\/\/compuviper.mx\/tienda\/#\/schema\/logo\/image\/","url":"https:\/\/compuviper.mx\/tienda\/wp-content\/uploads\/2021\/08\/Logo-Compuviper-10.png","contentUrl":"https:\/\/compuviper.mx\/tienda\/wp-content\/uploads\/2021\/08\/Logo-Compuviper-10.png","width":1000,"height":500,"caption":"Compuviper"},"image":{"@id":"https:\/\/compuviper.mx\/tienda\/#\/schema\/logo\/image\/"},"sameAs":["https:\/\/www.facebook.com\/compuviper","https:\/\/www.youtube.com\/channel\/UCf73dERp9Y3cfOq7q8BhLjA?view_as=subscriber"]}]},"product_brand":"TP LINK","product_price_amount":"1149","product_price_currency":"MXN","og_availability":"instock","product_availability":"instock","product_retailer_item_id":"EAP225-OUTDOOR","product_condition":"new"},"_links":{"self":[{"href":"https:\/\/compuviper.mx\/tienda\/wp-json\/wp\/v2\/product\/220726"}],"collection":[{"href":"https:\/\/compuviper.mx\/tienda\/wp-json\/wp\/v2\/product"}],"about":[{"href":"https:\/\/compuviper.mx\/tienda\/wp-json\/wp\/v2\/types\/product"}],"replies":[{"embeddable":true,"href":"https:\/\/compuviper.mx\/tienda\/wp-json\/wp\/v2\/comments?post=220726"}],"wp:featuredmedia":[{"embeddable":true,"href":"https:\/\/compuviper.mx\/tienda\/wp-json\/wp\/v2\/media\/220727"}],"wp:attachment":[{"href":"https:\/\/compuviper.mx\/tienda\/wp-json\/wp\/v2\/media?parent=220726"}],"wp:term":[{"taxonomy":"product_cat","embeddable":true,"href":"https:\/\/compuviper.mx\/tienda\/wp-json\/wp\/v2\/product_cat?post=220726"},{"taxonomy":"product_tag","embeddable":true,"href":"https:\/\/compuviper.mx\/tienda\/wp-json\/wp\/v2\/product_tag?post=220726"}],"curies":[{"name":"wp","href":"https:\/\/api.w.org\/{rel}","templated":true}]}}