{"id":220716,"date":"2026-04-18T01:07:03","date_gmt":"2026-04-18T07:07:03","guid":{"rendered":"https:\/\/compuviper.mx\/tienda\/producto\/hewlett-packard-enterprise-727055-b21-tarjeta-de-red-hpe-ethernet-10gb-2-port-562sfp-adptr\/"},"modified":"2026-04-18T01:07:04","modified_gmt":"2026-04-18T07:07:04","slug":"hewlett-packard-enterprise-727055-b21-tarjeta-de-red-hpe-ethernet-10gb-2-port-562sfp-adptr","status":"publish","type":"product","link":"https:\/\/compuviper.mx\/tienda\/producto\/hewlett-packard-enterprise-727055-b21-tarjeta-de-red-hpe-ethernet-10gb-2-port-562sfp-adptr\/","title":{"rendered":"Hewlett Packard Enterprise 727055-b21 Tarjeta De Red Hpe Ethernet 10gb 2-port 562sfp+ Adptr"},"content":{"rendered":"<table class=\"descripcion\">\n<tr>\n<td>Velocidad de datos<\/td>\n<\/tr>\n<tr>\n<td>10 gb<\/td>\n<\/tr>\n<tr>\n<td>Tipo de bus<\/td>\n<\/tr>\n<tr>\n<td>Pcie gen3 x8<\/td>\n<\/tr>\n<tr>\n<td>Factor de forma<\/td>\n<\/tr>\n<tr>\n<td>Vertical<\/td>\n<\/tr>\n<\/table>\n","protected":false},"excerpt":{"rendered":"<p>Rendimiento fant\u00e1stico de e\/s en entornos de servidores virtualizados. Reduce los cuellos de botella de e\/s al ofrecer descargas inteligentes para tr\u00e1fico de redes por m\u00e1quina virtual (vm), lo cual permite rendimiento casi nativo y escalabilidad de vm. La virtualizaci\u00f3n de e\/s de una ra\u00edz (sr-iov) permite que un dispositivo de e\/s se comparta entre varias m\u00e1quinas virtuales (vm), sin perder rendimiento de tiempo de ejecuci\u00f3n. Pcie 3.0 de puerto doble, 8 pistas de 10 gb, dise\u00f1ada para hpe proliant en rack\/torre y densidad. Kit para desarrolladores de planos de datos (dpdk) optimizado para el procesamiento eficiente de paquetes. La virtualizaci\u00f3n de redes es la pr\u00f3xima gran tendencia a la hora de crear centros de datos \u00e1giles. Ofrece descargas sin estado que preservan el rendimiento de las aplicaciones para redes de superposici\u00f3n. Con estas descargas se puede distribuir el tr\u00e1fico de redes en diferentes n\u00facleos de la cpu. Las descargas de vxlan y nvgre para descargas sin estado preservan el rendimiento de las aplicaciones en las redes de superposici\u00f3n y permiten distribuir el tr\u00e1fico de red entre diferentes n\u00facleos de la cpu. Excelente rendimiento con paquetes peque\u00f1os para dispositivos en redes y para virtualizaci\u00f3n de funciones de redes (nfv). Servidores optimizados que brindan velocidad casi de l\u00ednea bidireccional de hasta 40 gb\/s.<\/p>\n","protected":false},"featured_media":220717,"comment_status":"open","ping_status":"open","template":"","meta":[],"product_cat":[1563,1572],"product_tag":[1568],"acf":[],"yoast_head":"<!-- This site is optimized with the Yoast SEO plugin v21.7 - https:\/\/yoast.com\/wordpress\/plugins\/seo\/ -->\n<title>[ Hewlett Packard Enterprise ] &#129351; 727055-b21 Tarjeta De Red Hpe Ethernet 10gb 2-port 562sfp+ Adptr<\/title>\n<meta name=\"description\" content=\"Compra 727055-b21 Tarjeta De Red Hpe Ethernet 10gb 2-port 562sfp+ Adptr + Env\u00edo a domicilio + Pago seguro + Garant\u00eda\" \/>\n<meta name=\"robots\" content=\"index, follow, max-snippet:-1, max-image-preview:large, max-video-preview:-1\" \/>\n<link rel=\"canonical\" href=\"https:\/\/compuviper.mx\/tienda\/producto\/hewlett-packard-enterprise-727055-b21-tarjeta-de-red-hpe-ethernet-10gb-2-port-562sfp-adptr\/\" \/>\n<meta property=\"og:locale\" content=\"es_MX\" \/>\n<meta property=\"og:type\" content=\"article\" \/>\n<meta property=\"og:title\" content=\"[ Hewlett Packard Enterprise ] &#129351; 727055-b21 Tarjeta De Red Hpe Ethernet 10gb 2-port 562sfp+ Adptr\" \/>\n<meta property=\"og:description\" content=\"Compra 727055-b21 Tarjeta De Red Hpe Ethernet 10gb 2-port 562sfp+ Adptr + Env\u00edo a domicilio + Pago seguro + Garant\u00eda\" \/>\n<meta property=\"og:url\" content=\"https:\/\/compuviper.mx\/tienda\/producto\/hewlett-packard-enterprise-727055-b21-tarjeta-de-red-hpe-ethernet-10gb-2-port-562sfp-adptr\/\" \/>\n<meta property=\"og:site_name\" content=\"Compuviper\" \/>\n<meta property=\"article:publisher\" content=\"https:\/\/www.facebook.com\/compuviper\" \/>\n<meta property=\"article:modified_time\" content=\"2026-04-18T07:07:04+00:00\" \/>\n<meta property=\"og:image\" content=\"https:\/\/compuviper.mx\/tienda\/wp-content\/uploads\/2023\/12\/Tarjeta-de-red-hpe-ethernet-10gb-2-port-562sfp-adptr.jpg\" \/>\n\t<meta property=\"og:image:width\" content=\"200\" \/>\n\t<meta property=\"og:image:height\" content=\"200\" \/>\n\t<meta property=\"og:image:type\" content=\"image\/jpeg\" \/>\n<meta name=\"twitter:card\" content=\"summary_large_image\" \/>\n<meta name=\"twitter:label1\" content=\"Precio\" \/>\n\t<meta name=\"twitter:data1\" content=\"&#36;22,595 con IVA\" \/>\n\t<meta name=\"twitter:label2\" content=\"Availability\" \/>\n\t<meta name=\"twitter:data2\" content=\"On backorder\" \/>\n<script type=\"application\/ld+json\" class=\"yoast-schema-graph\">{\"@context\":\"https:\/\/schema.org\",\"@graph\":[{\"@type\":\"WebPage\",\"@id\":\"https:\/\/compuviper.mx\/tienda\/producto\/hewlett-packard-enterprise-727055-b21-tarjeta-de-red-hpe-ethernet-10gb-2-port-562sfp-adptr\/\",\"url\":\"https:\/\/compuviper.mx\/tienda\/producto\/hewlett-packard-enterprise-727055-b21-tarjeta-de-red-hpe-ethernet-10gb-2-port-562sfp-adptr\/\",\"name\":\"[ Hewlett Packard Enterprise ] &#129351; 727055-b21 Tarjeta De Red Hpe Ethernet 10gb 2-port 562sfp+ Adptr\",\"isPartOf\":{\"@id\":\"https:\/\/compuviper.mx\/tienda\/#website\"},\"datePublished\":\"2026-04-18T07:07:03+00:00\",\"dateModified\":\"2026-04-18T07:07:04+00:00\",\"description\":\"Compra 727055-b21 Tarjeta De Red Hpe Ethernet 10gb 2-port 562sfp+ Adptr + Env\u00edo a domicilio + Pago seguro + Garant\u00eda\",\"breadcrumb\":{\"@id\":\"https:\/\/compuviper.mx\/tienda\/producto\/hewlett-packard-enterprise-727055-b21-tarjeta-de-red-hpe-ethernet-10gb-2-port-562sfp-adptr\/#breadcrumb\"},\"inLanguage\":\"es-MX\",\"potentialAction\":[{\"@type\":\"ReadAction\",\"target\":[\"https:\/\/compuviper.mx\/tienda\/producto\/hewlett-packard-enterprise-727055-b21-tarjeta-de-red-hpe-ethernet-10gb-2-port-562sfp-adptr\/\"]}]},{\"@type\":\"BreadcrumbList\",\"@id\":\"https:\/\/compuviper.mx\/tienda\/producto\/hewlett-packard-enterprise-727055-b21-tarjeta-de-red-hpe-ethernet-10gb-2-port-562sfp-adptr\/#breadcrumb\",\"itemListElement\":[{\"@type\":\"ListItem\",\"position\":1,\"name\":\"Inicio\",\"item\":\"https:\/\/compuviper.mx\/tienda\/\"},{\"@type\":\"ListItem\",\"position\":2,\"name\":\"Productos\",\"item\":\"https:\/\/compuviper.mx\/tienda\/productos\/\"},{\"@type\":\"ListItem\",\"position\":3,\"name\":\"Redes\",\"item\":\"https:\/\/compuviper.mx\/tienda\/categoria-producto\/redes\/\"},{\"@type\":\"ListItem\",\"position\":4,\"name\":\"Tarjetas De Red\",\"item\":\"https:\/\/compuviper.mx\/tienda\/categoria-producto\/redes\/tarjetas-de-red\/\"},{\"@type\":\"ListItem\",\"position\":5,\"name\":\"Hewlett Packard Enterprise 727055-b21 Tarjeta De Red Hpe Ethernet 10gb 2-port 562sfp+ Adptr\"}]},{\"@type\":\"WebSite\",\"@id\":\"https:\/\/compuviper.mx\/tienda\/#website\",\"url\":\"https:\/\/compuviper.mx\/tienda\/\",\"name\":\"Compuviper\",\"description\":\"Proveedor de Computadoras, Laptops, Servidores, Monitores, Puntos de Venta, Teclados,   Impresoras, T\u00f3ner, C\u00e1maras de Seguridad y m\u00e1s en tu tienda en l\u00ednea\",\"publisher\":{\"@id\":\"https:\/\/compuviper.mx\/tienda\/#organization\"},\"potentialAction\":[{\"@type\":\"SearchAction\",\"target\":{\"@type\":\"EntryPoint\",\"urlTemplate\":\"https:\/\/compuviper.mx\/tienda\/?s={search_term_string}\"},\"query-input\":\"required name=search_term_string\"}],\"inLanguage\":\"es-MX\"},{\"@type\":\"Organization\",\"@id\":\"https:\/\/compuviper.mx\/tienda\/#organization\",\"name\":\"Compuviper\",\"url\":\"https:\/\/compuviper.mx\/tienda\/\",\"logo\":{\"@type\":\"ImageObject\",\"inLanguage\":\"es-MX\",\"@id\":\"https:\/\/compuviper.mx\/tienda\/#\/schema\/logo\/image\/\",\"url\":\"https:\/\/compuviper.mx\/tienda\/wp-content\/uploads\/2021\/08\/Logo-Compuviper-10.png\",\"contentUrl\":\"https:\/\/compuviper.mx\/tienda\/wp-content\/uploads\/2021\/08\/Logo-Compuviper-10.png\",\"width\":1000,\"height\":500,\"caption\":\"Compuviper\"},\"image\":{\"@id\":\"https:\/\/compuviper.mx\/tienda\/#\/schema\/logo\/image\/\"},\"sameAs\":[\"https:\/\/www.facebook.com\/compuviper\",\"https:\/\/www.youtube.com\/channel\/UCf73dERp9Y3cfOq7q8BhLjA?view_as=subscriber\"]}]}<\/script>\n<meta property=\"product:brand\" content=\"HEWLETT PACKARD ENTERPRISE\" \/>\n<meta property=\"product:price:amount\" content=\"22595\" \/>\n<meta property=\"product:price:currency\" content=\"MXN\" \/>\n<meta property=\"og:availability\" content=\"backorder\" \/>\n<meta property=\"product:availability\" content=\"available for order\" \/>\n<meta property=\"product:retailer_item_id\" content=\"727055-B21\" \/>\n<meta property=\"product:condition\" content=\"new\" \/>\n<!-- \/ Yoast SEO plugin. -->","yoast_head_json":{"title":"[ Hewlett Packard Enterprise ] &#129351; 727055-b21 Tarjeta De Red Hpe Ethernet 10gb 2-port 562sfp+ Adptr","description":"Compra 727055-b21 Tarjeta De Red Hpe Ethernet 10gb 2-port 562sfp+ Adptr + Env\u00edo a domicilio + Pago seguro + Garant\u00eda","robots":{"index":"index","follow":"follow","max-snippet":"max-snippet:-1","max-image-preview":"max-image-preview:large","max-video-preview":"max-video-preview:-1"},"canonical":"https:\/\/compuviper.mx\/tienda\/producto\/hewlett-packard-enterprise-727055-b21-tarjeta-de-red-hpe-ethernet-10gb-2-port-562sfp-adptr\/","og_locale":"es_MX","og_type":"article","og_title":"[ Hewlett Packard Enterprise ] &#129351; 727055-b21 Tarjeta De Red Hpe Ethernet 10gb 2-port 562sfp+ Adptr","og_description":"Compra 727055-b21 Tarjeta De Red Hpe Ethernet 10gb 2-port 562sfp+ Adptr + Env\u00edo a domicilio + Pago seguro + Garant\u00eda","og_url":"https:\/\/compuviper.mx\/tienda\/producto\/hewlett-packard-enterprise-727055-b21-tarjeta-de-red-hpe-ethernet-10gb-2-port-562sfp-adptr\/","og_site_name":"Compuviper","article_publisher":"https:\/\/www.facebook.com\/compuviper","article_modified_time":"2026-04-18T07:07:04+00:00","og_image":[{"width":200,"height":200,"url":"https:\/\/compuviper.mx\/tienda\/wp-content\/uploads\/2023\/12\/Tarjeta-de-red-hpe-ethernet-10gb-2-port-562sfp-adptr.jpg","type":"image\/jpeg"}],"twitter_card":"summary_large_image","twitter_misc":{"Precio":"&#36;22,595 con IVA","Availability":"On backorder"},"schema":{"@context":"https:\/\/schema.org","@graph":[{"@type":"WebPage","@id":"https:\/\/compuviper.mx\/tienda\/producto\/hewlett-packard-enterprise-727055-b21-tarjeta-de-red-hpe-ethernet-10gb-2-port-562sfp-adptr\/","url":"https:\/\/compuviper.mx\/tienda\/producto\/hewlett-packard-enterprise-727055-b21-tarjeta-de-red-hpe-ethernet-10gb-2-port-562sfp-adptr\/","name":"[ Hewlett Packard Enterprise ] &#129351; 727055-b21 Tarjeta De Red Hpe Ethernet 10gb 2-port 562sfp+ Adptr","isPartOf":{"@id":"https:\/\/compuviper.mx\/tienda\/#website"},"datePublished":"2026-04-18T07:07:03+00:00","dateModified":"2026-04-18T07:07:04+00:00","description":"Compra 727055-b21 Tarjeta De Red Hpe Ethernet 10gb 2-port 562sfp+ Adptr + Env\u00edo a domicilio + Pago seguro + Garant\u00eda","breadcrumb":{"@id":"https:\/\/compuviper.mx\/tienda\/producto\/hewlett-packard-enterprise-727055-b21-tarjeta-de-red-hpe-ethernet-10gb-2-port-562sfp-adptr\/#breadcrumb"},"inLanguage":"es-MX","potentialAction":[{"@type":"ReadAction","target":["https:\/\/compuviper.mx\/tienda\/producto\/hewlett-packard-enterprise-727055-b21-tarjeta-de-red-hpe-ethernet-10gb-2-port-562sfp-adptr\/"]}]},{"@type":"BreadcrumbList","@id":"https:\/\/compuviper.mx\/tienda\/producto\/hewlett-packard-enterprise-727055-b21-tarjeta-de-red-hpe-ethernet-10gb-2-port-562sfp-adptr\/#breadcrumb","itemListElement":[{"@type":"ListItem","position":1,"name":"Inicio","item":"https:\/\/compuviper.mx\/tienda\/"},{"@type":"ListItem","position":2,"name":"Productos","item":"https:\/\/compuviper.mx\/tienda\/productos\/"},{"@type":"ListItem","position":3,"name":"Redes","item":"https:\/\/compuviper.mx\/tienda\/categoria-producto\/redes\/"},{"@type":"ListItem","position":4,"name":"Tarjetas De Red","item":"https:\/\/compuviper.mx\/tienda\/categoria-producto\/redes\/tarjetas-de-red\/"},{"@type":"ListItem","position":5,"name":"Hewlett Packard Enterprise 727055-b21 Tarjeta De Red Hpe Ethernet 10gb 2-port 562sfp+ Adptr"}]},{"@type":"WebSite","@id":"https:\/\/compuviper.mx\/tienda\/#website","url":"https:\/\/compuviper.mx\/tienda\/","name":"Compuviper","description":"Proveedor de Computadoras, Laptops, Servidores, Monitores, Puntos de Venta, Teclados,   Impresoras, T\u00f3ner, C\u00e1maras de Seguridad y m\u00e1s en tu tienda en l\u00ednea","publisher":{"@id":"https:\/\/compuviper.mx\/tienda\/#organization"},"potentialAction":[{"@type":"SearchAction","target":{"@type":"EntryPoint","urlTemplate":"https:\/\/compuviper.mx\/tienda\/?s={search_term_string}"},"query-input":"required name=search_term_string"}],"inLanguage":"es-MX"},{"@type":"Organization","@id":"https:\/\/compuviper.mx\/tienda\/#organization","name":"Compuviper","url":"https:\/\/compuviper.mx\/tienda\/","logo":{"@type":"ImageObject","inLanguage":"es-MX","@id":"https:\/\/compuviper.mx\/tienda\/#\/schema\/logo\/image\/","url":"https:\/\/compuviper.mx\/tienda\/wp-content\/uploads\/2021\/08\/Logo-Compuviper-10.png","contentUrl":"https:\/\/compuviper.mx\/tienda\/wp-content\/uploads\/2021\/08\/Logo-Compuviper-10.png","width":1000,"height":500,"caption":"Compuviper"},"image":{"@id":"https:\/\/compuviper.mx\/tienda\/#\/schema\/logo\/image\/"},"sameAs":["https:\/\/www.facebook.com\/compuviper","https:\/\/www.youtube.com\/channel\/UCf73dERp9Y3cfOq7q8BhLjA?view_as=subscriber"]}]},"product_brand":"HEWLETT PACKARD ENTERPRISE","product_price_amount":"22595","product_price_currency":"MXN","og_availability":"backorder","product_availability":"available for order","product_retailer_item_id":"727055-B21","product_condition":"new"},"_links":{"self":[{"href":"https:\/\/compuviper.mx\/tienda\/wp-json\/wp\/v2\/product\/220716"}],"collection":[{"href":"https:\/\/compuviper.mx\/tienda\/wp-json\/wp\/v2\/product"}],"about":[{"href":"https:\/\/compuviper.mx\/tienda\/wp-json\/wp\/v2\/types\/product"}],"replies":[{"embeddable":true,"href":"https:\/\/compuviper.mx\/tienda\/wp-json\/wp\/v2\/comments?post=220716"}],"wp:featuredmedia":[{"embeddable":true,"href":"https:\/\/compuviper.mx\/tienda\/wp-json\/wp\/v2\/media\/220717"}],"wp:attachment":[{"href":"https:\/\/compuviper.mx\/tienda\/wp-json\/wp\/v2\/media?parent=220716"}],"wp:term":[{"taxonomy":"product_cat","embeddable":true,"href":"https:\/\/compuviper.mx\/tienda\/wp-json\/wp\/v2\/product_cat?post=220716"},{"taxonomy":"product_tag","embeddable":true,"href":"https:\/\/compuviper.mx\/tienda\/wp-json\/wp\/v2\/product_tag?post=220716"}],"curies":[{"name":"wp","href":"https:\/\/api.w.org\/{rel}","templated":true}]}}