{"id":220714,"date":"2026-04-11T01:02:08","date_gmt":"2026-04-11T07:02:08","guid":{"rendered":"https:\/\/compuviper.mx\/tienda\/producto\/tp-link-re205-repetidor-tp-link-inalambrico-extensor-de-rango-ac750-1-rj45-10-100-mbps-5ghz-a-433mbps-y-2-4ghz-a-300mbps-modo-repetidor-o-access-point\/"},"modified":"2026-04-11T01:02:09","modified_gmt":"2026-04-11T07:02:09","slug":"tp-link-re205-repetidor-tp-link-inalambrico-extensor-de-rango-ac750-1-rj45-10-100-mbps-5ghz-a-433mbps-y-2-4ghz-a-300mbps-modo-repetidor-o-access-point","status":"publish","type":"product","link":"https:\/\/compuviper.mx\/tienda\/producto\/tp-link-re205-repetidor-tp-link-inalambrico-extensor-de-rango-ac750-1-rj45-10-100-mbps-5ghz-a-433mbps-y-2-4ghz-a-300mbps-modo-repetidor-o-access-point\/","title":{"rendered":"Tp Link Re205 Repetidor Tp-link  Inalambrico Extensor De Rango Ac750 1 Rj45 10\/100 Mbps 5ghz A 433mbps Y 2.4ghz A 300mbps Modo Repetidor O Access Point"},"content":{"rendered":"<table class=\"descripcion\">\n<tr>\n<td>Est\u00e1ndares wi-fi ieee802.11ac, ieee 802.11n, ieee 802.11g, ieee 802.11a, ieee 802.11b<\/td>\n<\/tr>\n<tr>\n<td>Interfaz puerto ethernet de 1 x 10 \/ 100m (rj-45)<\/td>\n<\/tr>\n<tr>\n<td>Botones bot\u00f3n wps, bot\u00f3n restablecer<\/td>\n<\/tr>\n<tr>\n<td>El consumo de energ\u00eda 7.3 w (consumo m\u00e1ximo de energ\u00eda)<\/td>\n<\/tr>\n<tr>\n<td>Antenas 2 x externo<\/td>\n<\/tr>\n<tr>\n<td>Frecuencias soportadas 5 ghz: hasta 433 mbps \/ 2.4 ghz: hasta 300 mbps<\/td>\n<\/tr>\n<tr>\n<td>Recepci\u00f3n sensibilidad<\/td>\n<\/tr>\n<tr>\n<td>5 ghz<\/td>\n<\/tr>\n<tr>\n<td>11a 6 mbps: -94 dbm @ 10% por<\/td>\n<\/tr>\n<tr>\n<td>11a 54 mbps: -77 dbm @ 10% por<\/td>\n<\/tr>\n<tr>\n<td>11ac ht20: -69 dbm @ 10% por<\/td>\n<\/tr>\n<tr>\n<td>11ac ht40: -66 dbm @ 10% por<\/td>\n<\/tr>\n<tr>\n<td>11ac ht80: -63 dbm @ 10% per<\/td>\n<\/tr>\n<tr>\n<td>2.4 ghz<\/td>\n<\/tr>\n<tr>\n<td>11g 54 mbps: -79 dbm @ 10% por<\/td>\n<\/tr>\n<tr>\n<td>11n ht20: -77 dbm @ 10% por<\/td>\n<\/tr>\n<tr>\n<td>11n ht40: -74 dbm @ 10% per<\/td>\n<\/tr>\n<tr>\n<td>Modos inal\u00e1mbricos amplificador de alcance \/ punto de acceso<\/td>\n<\/tr>\n<tr>\n<td>Funciones inal\u00e1mbricas el modo concurrente de estad\u00edsticas inal\u00e1mbricas aumenta tanto la banda wi-fi de 2.4g\/5g \/ control de acceso \/ led control \/ funci\u00f3n de inicio de sesi\u00f3n de dominio<\/td>\n<\/tr>\n<tr>\n<td>Seguridad inal\u00e1mbrica 64\/128-bit wep \/ -psk \/ wpa2-psk<\/td>\n<\/tr>\n<tr>\n<td>Transmisi\u00f3n  19.5 dbm (2.4 ghz) \/  19.5 dbm (5 ghz)<\/td>\n<\/tr>\n<tr>\n<td>Certificaciones ce, fcc, rohs<\/td>\n<\/tr>\n<tr>\n<td>Requisitos del sistema microsoft windows 98se, nt, 2000, xp, vista o windows 7, 8, 10, mac os, netware, unix o linux<\/td>\n<\/tr>\n<tr>\n<td>Temperatura y humedad:<\/td>\n<\/tr>\n<tr>\n<td>Temperatura de funcionamiento<\/td>\n<\/tr>\n<tr>\n<td>32 a 104 \u00b0 f \/ 0 a 40 \u00b0 c<\/td>\n<\/tr>\n<tr>\n<td>Temperatura de almacenamiento<\/td>\n<\/tr>\n<tr>\n<td>-40 a 158 \u00b0 f \/ -40 a 70 \u00b0 c<\/td>\n<\/tr>\n<tr>\n<td>Humedad de funcionamiento<\/td>\n<\/tr>\n<tr>\n<td>10 a 90% sin condensaci\u00f3n<\/td>\n<\/tr>\n<tr>\n<td>Humedad de almacenamiento<\/td>\n<\/tr>\n<tr>\n<td>5 a 90% sin condensaci\u00f3n<\/td>\n<\/tr>\n<tr>\n<td>Dimensiones 6.15 x 4.00 x 3.70 \/ 156.5 x 101.5 x 95.0 mm<\/td>\n<\/tr>\n<tr>\n<td>Peso no especificado por el fabricante<\/td>\n<\/tr>\n<\/table>\n","protected":false},"excerpt":{"rendered":"<p>Re205. Ac750 repetidor de wifi. * elimina las zonas muertas de wi-fi con un extensi\u00f3n wi-fi con velocidades combinadas de hasta 750mbps. * funciona sobre las bandas de 2.4ghz (300mbps) y 5ghz (433mbps) para una experiencia inal\u00e1mbrica m\u00e1s estable. * indicadores de se\u00f1al que ayudan a encontrar la mejor ubicaci\u00f3n para una cobertura wi-fi \u00f3ptima mostrando la intensidad de se\u00f1al. * compatible con cualquier router wi-fi o punto de acceso inal\u00e1mbrico. Extienda el alcance de su red wi-fi y elimine las zonas muertas con el extensor de rango inal\u00e1mbrico de doble banda re205 ac750 de tp-link. Este extensor de rango admite el est\u00e1ndar de red wi-fi 802.11ac y opera tanto en las frecuencias de 2,4 ghz como de 5 ghz, admitiendo velocidades de transferencia de datos de hasta 750 mbps. La instalaci\u00f3n del re205 se ha simplificado enormemente, gracias a la luz de se\u00f1al inteligente integrada, que se ilumina en azul cuando tiene una buena conexi\u00f3n a la red wi-fi existente. Adem\u00e1s de la conectividad inal\u00e1mbrica, este extensor de rango tambi\u00e9n se puede configurar como un punto de acceso utilizando el puerto fast ethernet incorporado. Una vez que su red est\u00e1 configurada, puede aprovechar una variedad de herramientas de gesti\u00f3n de red avanzadas a trav\u00e9s de la aplicaci\u00f3n tp-link tether disponible para dispositivos m\u00f3viles basados  and #8203; and #8203;en ios y android. Ampl\u00ede f\u00e1cilmente su cobertura de wi-fi. El extensor de alcance re205 se conecta a su enrutador inal\u00e1mbrico de manera inal\u00e1mbrica, fortaleciendo y expandiendo su se\u00f1al en \u00e1reas que no puede alcanzar por s\u00ed misma, al tiempo que reduce la interferencia de se\u00f1al para asegurar una cobertura confiable de wi-fi en su hogar u oficina. Wi-fi de doble banda de alta velocidad para mejores conexiones. El re205 le permite mantener m\u00e1s dispositivos conectados al mismo tiempo con sus 2,4 ghz de 300 mbps y 5 ghz de 433 mbps de doble banda. Utilice la banda de 2,4 ghz para enviar correos electr\u00f3nicos y navegar por la web, y la banda de 5 ghz para juegos y transmisi\u00f3n de alta definici\u00f3n. Ubicaci\u00f3n perfecta en un vistazo. Una luz de se\u00f1al inteligente lo ayuda a encontrar r\u00e1pidamente la mejor ubicaci\u00f3n para instalar el re205. Modo de punto de acceso incorporado. El re205 es m\u00e1s que un extensor de rango inal\u00e1mbrico. Simplemente conecte el cable ethernet en su puerto ethernet para convertir f\u00e1cilmente su conexi\u00f3n a internet por cable en un punto de acceso inal\u00e1mbrico de doble banda. F\u00e1cil administraci\u00f3n y control remoto. El re205 funciona con todos los enrutadores wi-fi. Puede usar la aplicaci\u00f3n tether gratuita de tp-link para configurar el extensor de rango desde cualquier dispositivo android o ios en minutos. Esta aplicaci\u00f3n de tel\u00e9fono rica en caracter\u00edsticas le permite disfrutar no solo de una instalaci\u00f3n sin problemas, sino tambi\u00e9n de acceso a una administraci\u00f3n de red avanzada, todo al alcance de su mano.<\/p>\n","protected":false},"featured_media":220715,"comment_status":"open","ping_status":"open","template":"","meta":[],"product_cat":[1563,1755],"product_tag":[1562],"acf":[],"yoast_head":"<!-- This site is optimized with the Yoast SEO plugin v21.7 - https:\/\/yoast.com\/wordpress\/plugins\/seo\/ -->\n<title>[ Tp Link ] &#129351; Re205 Repetidor Tp-link Inalambrico Extensor De Rango Ac750 1 Rj45 10\/100 Mbps 5ghz A 433mbps Y 2.4ghz A 300mbps Modo Repetidor O Access Point<\/title>\n<meta name=\"description\" content=\"Compra Re205 Repetidor Tp-link Inalambrico Extensor De Rango Ac750 1 Rj45 10\/100 Mbps 5ghz A 433mbps Y 2.4ghz A 300mbps Modo Repetidor O Access Point + Env\u00edo a domicilio + Pago seguro + Garant\u00eda\" \/>\n<meta name=\"robots\" content=\"index, follow, max-snippet:-1, max-image-preview:large, max-video-preview:-1\" \/>\n<link rel=\"canonical\" href=\"https:\/\/compuviper.mx\/tienda\/producto\/tp-link-re205-repetidor-tp-link-inalambrico-extensor-de-rango-ac750-1-rj45-10-100-mbps-5ghz-a-433mbps-y-2-4ghz-a-300mbps-modo-repetidor-o-access-point\/\" \/>\n<meta property=\"og:locale\" content=\"es_MX\" \/>\n<meta property=\"og:type\" content=\"article\" \/>\n<meta property=\"og:title\" content=\"[ Tp Link ] &#129351; Re205 Repetidor Tp-link Inalambrico Extensor De Rango Ac750 1 Rj45 10\/100 Mbps 5ghz A 433mbps Y 2.4ghz A 300mbps Modo Repetidor O Access Point\" \/>\n<meta property=\"og:description\" content=\"Compra Re205 Repetidor Tp-link Inalambrico Extensor De Rango Ac750 1 Rj45 10\/100 Mbps 5ghz A 433mbps Y 2.4ghz A 300mbps Modo Repetidor O Access Point + Env\u00edo a domicilio + Pago seguro + Garant\u00eda\" \/>\n<meta property=\"og:url\" content=\"https:\/\/compuviper.mx\/tienda\/producto\/tp-link-re205-repetidor-tp-link-inalambrico-extensor-de-rango-ac750-1-rj45-10-100-mbps-5ghz-a-433mbps-y-2-4ghz-a-300mbps-modo-repetidor-o-access-point\/\" \/>\n<meta property=\"og:site_name\" content=\"Compuviper\" \/>\n<meta property=\"article:publisher\" content=\"https:\/\/www.facebook.com\/compuviper\" \/>\n<meta property=\"article:modified_time\" content=\"2026-04-11T07:02:09+00:00\" \/>\n<meta property=\"og:image\" content=\"https:\/\/compuviper.mx\/tienda\/wp-content\/uploads\/2023\/12\/Repetidor-tp-link-re205-inalambrico-extensor-de-rango-ac750-1-rj45-10100-mbps-5ghz-a-433mbps-y-2.4ghz-a-300mbps-modo-repetidor-o-access-point.jpg\" \/>\n\t<meta property=\"og:image:width\" content=\"200\" \/>\n\t<meta property=\"og:image:height\" content=\"200\" \/>\n\t<meta property=\"og:image:type\" content=\"image\/jpeg\" \/>\n<meta name=\"twitter:card\" content=\"summary_large_image\" \/>\n<meta name=\"twitter:label1\" content=\"Precio\" \/>\n\t<meta name=\"twitter:data1\" content=\"&#36;434 con IVA\" \/>\n\t<meta name=\"twitter:label2\" content=\"Availability\" \/>\n\t<meta name=\"twitter:data2\" content=\"In stock\" \/>\n<script type=\"application\/ld+json\" class=\"yoast-schema-graph\">{\"@context\":\"https:\/\/schema.org\",\"@graph\":[{\"@type\":\"WebPage\",\"@id\":\"https:\/\/compuviper.mx\/tienda\/producto\/tp-link-re205-repetidor-tp-link-inalambrico-extensor-de-rango-ac750-1-rj45-10-100-mbps-5ghz-a-433mbps-y-2-4ghz-a-300mbps-modo-repetidor-o-access-point\/\",\"url\":\"https:\/\/compuviper.mx\/tienda\/producto\/tp-link-re205-repetidor-tp-link-inalambrico-extensor-de-rango-ac750-1-rj45-10-100-mbps-5ghz-a-433mbps-y-2-4ghz-a-300mbps-modo-repetidor-o-access-point\/\",\"name\":\"[ Tp Link ] &#129351; Re205 Repetidor Tp-link Inalambrico Extensor De Rango Ac750 1 Rj45 10\/100 Mbps 5ghz A 433mbps Y 2.4ghz A 300mbps Modo Repetidor O Access Point\",\"isPartOf\":{\"@id\":\"https:\/\/compuviper.mx\/tienda\/#website\"},\"datePublished\":\"2026-04-11T07:02:08+00:00\",\"dateModified\":\"2026-04-11T07:02:09+00:00\",\"description\":\"Compra Re205 Repetidor Tp-link Inalambrico Extensor De Rango Ac750 1 Rj45 10\/100 Mbps 5ghz A 433mbps Y 2.4ghz A 300mbps Modo Repetidor O Access Point + Env\u00edo a domicilio + Pago seguro + Garant\u00eda\",\"breadcrumb\":{\"@id\":\"https:\/\/compuviper.mx\/tienda\/producto\/tp-link-re205-repetidor-tp-link-inalambrico-extensor-de-rango-ac750-1-rj45-10-100-mbps-5ghz-a-433mbps-y-2-4ghz-a-300mbps-modo-repetidor-o-access-point\/#breadcrumb\"},\"inLanguage\":\"es-MX\",\"potentialAction\":[{\"@type\":\"ReadAction\",\"target\":[\"https:\/\/compuviper.mx\/tienda\/producto\/tp-link-re205-repetidor-tp-link-inalambrico-extensor-de-rango-ac750-1-rj45-10-100-mbps-5ghz-a-433mbps-y-2-4ghz-a-300mbps-modo-repetidor-o-access-point\/\"]}]},{\"@type\":\"BreadcrumbList\",\"@id\":\"https:\/\/compuviper.mx\/tienda\/producto\/tp-link-re205-repetidor-tp-link-inalambrico-extensor-de-rango-ac750-1-rj45-10-100-mbps-5ghz-a-433mbps-y-2-4ghz-a-300mbps-modo-repetidor-o-access-point\/#breadcrumb\",\"itemListElement\":[{\"@type\":\"ListItem\",\"position\":1,\"name\":\"Inicio\",\"item\":\"https:\/\/compuviper.mx\/tienda\/\"},{\"@type\":\"ListItem\",\"position\":2,\"name\":\"Productos\",\"item\":\"https:\/\/compuviper.mx\/tienda\/productos\/\"},{\"@type\":\"ListItem\",\"position\":3,\"name\":\"Redes\",\"item\":\"https:\/\/compuviper.mx\/tienda\/categoria-producto\/redes\/\"},{\"@type\":\"ListItem\",\"position\":4,\"name\":\"Repetidor Wireless\",\"item\":\"https:\/\/compuviper.mx\/tienda\/categoria-producto\/redes\/repetidor-wireless\/\"},{\"@type\":\"ListItem\",\"position\":5,\"name\":\"Tp Link Re205 Repetidor Tp-link Inalambrico Extensor De Rango Ac750 1 Rj45 10\/100 Mbps 5ghz A 433mbps Y 2.4ghz A 300mbps Modo Repetidor O Access Point\"}]},{\"@type\":\"WebSite\",\"@id\":\"https:\/\/compuviper.mx\/tienda\/#website\",\"url\":\"https:\/\/compuviper.mx\/tienda\/\",\"name\":\"Compuviper\",\"description\":\"Proveedor de Computadoras, Laptops, Servidores, Monitores, Puntos de Venta, Teclados,   Impresoras, T\u00f3ner, C\u00e1maras de Seguridad y m\u00e1s en tu tienda en l\u00ednea\",\"publisher\":{\"@id\":\"https:\/\/compuviper.mx\/tienda\/#organization\"},\"potentialAction\":[{\"@type\":\"SearchAction\",\"target\":{\"@type\":\"EntryPoint\",\"urlTemplate\":\"https:\/\/compuviper.mx\/tienda\/?s={search_term_string}\"},\"query-input\":\"required name=search_term_string\"}],\"inLanguage\":\"es-MX\"},{\"@type\":\"Organization\",\"@id\":\"https:\/\/compuviper.mx\/tienda\/#organization\",\"name\":\"Compuviper\",\"url\":\"https:\/\/compuviper.mx\/tienda\/\",\"logo\":{\"@type\":\"ImageObject\",\"inLanguage\":\"es-MX\",\"@id\":\"https:\/\/compuviper.mx\/tienda\/#\/schema\/logo\/image\/\",\"url\":\"https:\/\/compuviper.mx\/tienda\/wp-content\/uploads\/2021\/08\/Logo-Compuviper-10.png\",\"contentUrl\":\"https:\/\/compuviper.mx\/tienda\/wp-content\/uploads\/2021\/08\/Logo-Compuviper-10.png\",\"width\":1000,\"height\":500,\"caption\":\"Compuviper\"},\"image\":{\"@id\":\"https:\/\/compuviper.mx\/tienda\/#\/schema\/logo\/image\/\"},\"sameAs\":[\"https:\/\/www.facebook.com\/compuviper\",\"https:\/\/www.youtube.com\/channel\/UCf73dERp9Y3cfOq7q8BhLjA?view_as=subscriber\"]}]}<\/script>\n<meta property=\"product:brand\" content=\"TP LINK\" \/>\n<meta property=\"product:price:amount\" content=\"434\" \/>\n<meta property=\"product:price:currency\" content=\"MXN\" \/>\n<meta property=\"og:availability\" content=\"instock\" \/>\n<meta property=\"product:availability\" content=\"instock\" \/>\n<meta property=\"product:retailer_item_id\" content=\"RE205\" \/>\n<meta property=\"product:condition\" content=\"new\" \/>\n<!-- \/ Yoast SEO plugin. -->","yoast_head_json":{"title":"[ Tp Link ] &#129351; Re205 Repetidor Tp-link Inalambrico Extensor De Rango Ac750 1 Rj45 10\/100 Mbps 5ghz A 433mbps Y 2.4ghz A 300mbps Modo Repetidor O Access Point","description":"Compra Re205 Repetidor Tp-link Inalambrico Extensor De Rango Ac750 1 Rj45 10\/100 Mbps 5ghz A 433mbps Y 2.4ghz A 300mbps Modo Repetidor O Access Point + Env\u00edo a domicilio + Pago seguro + Garant\u00eda","robots":{"index":"index","follow":"follow","max-snippet":"max-snippet:-1","max-image-preview":"max-image-preview:large","max-video-preview":"max-video-preview:-1"},"canonical":"https:\/\/compuviper.mx\/tienda\/producto\/tp-link-re205-repetidor-tp-link-inalambrico-extensor-de-rango-ac750-1-rj45-10-100-mbps-5ghz-a-433mbps-y-2-4ghz-a-300mbps-modo-repetidor-o-access-point\/","og_locale":"es_MX","og_type":"article","og_title":"[ Tp Link ] &#129351; Re205 Repetidor Tp-link Inalambrico Extensor De Rango Ac750 1 Rj45 10\/100 Mbps 5ghz A 433mbps Y 2.4ghz A 300mbps Modo Repetidor O Access Point","og_description":"Compra Re205 Repetidor Tp-link Inalambrico Extensor De Rango Ac750 1 Rj45 10\/100 Mbps 5ghz A 433mbps Y 2.4ghz A 300mbps Modo Repetidor O Access Point + Env\u00edo a domicilio + Pago seguro + Garant\u00eda","og_url":"https:\/\/compuviper.mx\/tienda\/producto\/tp-link-re205-repetidor-tp-link-inalambrico-extensor-de-rango-ac750-1-rj45-10-100-mbps-5ghz-a-433mbps-y-2-4ghz-a-300mbps-modo-repetidor-o-access-point\/","og_site_name":"Compuviper","article_publisher":"https:\/\/www.facebook.com\/compuviper","article_modified_time":"2026-04-11T07:02:09+00:00","og_image":[{"width":200,"height":200,"url":"https:\/\/compuviper.mx\/tienda\/wp-content\/uploads\/2023\/12\/Repetidor-tp-link-re205-inalambrico-extensor-de-rango-ac750-1-rj45-10100-mbps-5ghz-a-433mbps-y-2.4ghz-a-300mbps-modo-repetidor-o-access-point.jpg","type":"image\/jpeg"}],"twitter_card":"summary_large_image","twitter_misc":{"Precio":"&#36;434 con IVA","Availability":"In stock"},"schema":{"@context":"https:\/\/schema.org","@graph":[{"@type":"WebPage","@id":"https:\/\/compuviper.mx\/tienda\/producto\/tp-link-re205-repetidor-tp-link-inalambrico-extensor-de-rango-ac750-1-rj45-10-100-mbps-5ghz-a-433mbps-y-2-4ghz-a-300mbps-modo-repetidor-o-access-point\/","url":"https:\/\/compuviper.mx\/tienda\/producto\/tp-link-re205-repetidor-tp-link-inalambrico-extensor-de-rango-ac750-1-rj45-10-100-mbps-5ghz-a-433mbps-y-2-4ghz-a-300mbps-modo-repetidor-o-access-point\/","name":"[ Tp Link ] &#129351; Re205 Repetidor Tp-link Inalambrico Extensor De Rango Ac750 1 Rj45 10\/100 Mbps 5ghz A 433mbps Y 2.4ghz A 300mbps Modo Repetidor O Access Point","isPartOf":{"@id":"https:\/\/compuviper.mx\/tienda\/#website"},"datePublished":"2026-04-11T07:02:08+00:00","dateModified":"2026-04-11T07:02:09+00:00","description":"Compra Re205 Repetidor Tp-link Inalambrico Extensor De Rango Ac750 1 Rj45 10\/100 Mbps 5ghz A 433mbps Y 2.4ghz A 300mbps Modo Repetidor O Access Point + Env\u00edo a domicilio + Pago seguro + Garant\u00eda","breadcrumb":{"@id":"https:\/\/compuviper.mx\/tienda\/producto\/tp-link-re205-repetidor-tp-link-inalambrico-extensor-de-rango-ac750-1-rj45-10-100-mbps-5ghz-a-433mbps-y-2-4ghz-a-300mbps-modo-repetidor-o-access-point\/#breadcrumb"},"inLanguage":"es-MX","potentialAction":[{"@type":"ReadAction","target":["https:\/\/compuviper.mx\/tienda\/producto\/tp-link-re205-repetidor-tp-link-inalambrico-extensor-de-rango-ac750-1-rj45-10-100-mbps-5ghz-a-433mbps-y-2-4ghz-a-300mbps-modo-repetidor-o-access-point\/"]}]},{"@type":"BreadcrumbList","@id":"https:\/\/compuviper.mx\/tienda\/producto\/tp-link-re205-repetidor-tp-link-inalambrico-extensor-de-rango-ac750-1-rj45-10-100-mbps-5ghz-a-433mbps-y-2-4ghz-a-300mbps-modo-repetidor-o-access-point\/#breadcrumb","itemListElement":[{"@type":"ListItem","position":1,"name":"Inicio","item":"https:\/\/compuviper.mx\/tienda\/"},{"@type":"ListItem","position":2,"name":"Productos","item":"https:\/\/compuviper.mx\/tienda\/productos\/"},{"@type":"ListItem","position":3,"name":"Redes","item":"https:\/\/compuviper.mx\/tienda\/categoria-producto\/redes\/"},{"@type":"ListItem","position":4,"name":"Repetidor Wireless","item":"https:\/\/compuviper.mx\/tienda\/categoria-producto\/redes\/repetidor-wireless\/"},{"@type":"ListItem","position":5,"name":"Tp Link Re205 Repetidor Tp-link Inalambrico Extensor De Rango Ac750 1 Rj45 10\/100 Mbps 5ghz A 433mbps Y 2.4ghz A 300mbps Modo Repetidor O Access Point"}]},{"@type":"WebSite","@id":"https:\/\/compuviper.mx\/tienda\/#website","url":"https:\/\/compuviper.mx\/tienda\/","name":"Compuviper","description":"Proveedor de Computadoras, Laptops, Servidores, Monitores, Puntos de Venta, Teclados,   Impresoras, T\u00f3ner, C\u00e1maras de Seguridad y m\u00e1s en tu tienda en l\u00ednea","publisher":{"@id":"https:\/\/compuviper.mx\/tienda\/#organization"},"potentialAction":[{"@type":"SearchAction","target":{"@type":"EntryPoint","urlTemplate":"https:\/\/compuviper.mx\/tienda\/?s={search_term_string}"},"query-input":"required name=search_term_string"}],"inLanguage":"es-MX"},{"@type":"Organization","@id":"https:\/\/compuviper.mx\/tienda\/#organization","name":"Compuviper","url":"https:\/\/compuviper.mx\/tienda\/","logo":{"@type":"ImageObject","inLanguage":"es-MX","@id":"https:\/\/compuviper.mx\/tienda\/#\/schema\/logo\/image\/","url":"https:\/\/compuviper.mx\/tienda\/wp-content\/uploads\/2021\/08\/Logo-Compuviper-10.png","contentUrl":"https:\/\/compuviper.mx\/tienda\/wp-content\/uploads\/2021\/08\/Logo-Compuviper-10.png","width":1000,"height":500,"caption":"Compuviper"},"image":{"@id":"https:\/\/compuviper.mx\/tienda\/#\/schema\/logo\/image\/"},"sameAs":["https:\/\/www.facebook.com\/compuviper","https:\/\/www.youtube.com\/channel\/UCf73dERp9Y3cfOq7q8BhLjA?view_as=subscriber"]}]},"product_brand":"TP LINK","product_price_amount":"434","product_price_currency":"MXN","og_availability":"instock","product_availability":"instock","product_retailer_item_id":"RE205","product_condition":"new"},"_links":{"self":[{"href":"https:\/\/compuviper.mx\/tienda\/wp-json\/wp\/v2\/product\/220714"}],"collection":[{"href":"https:\/\/compuviper.mx\/tienda\/wp-json\/wp\/v2\/product"}],"about":[{"href":"https:\/\/compuviper.mx\/tienda\/wp-json\/wp\/v2\/types\/product"}],"replies":[{"embeddable":true,"href":"https:\/\/compuviper.mx\/tienda\/wp-json\/wp\/v2\/comments?post=220714"}],"wp:featuredmedia":[{"embeddable":true,"href":"https:\/\/compuviper.mx\/tienda\/wp-json\/wp\/v2\/media\/220715"}],"wp:attachment":[{"href":"https:\/\/compuviper.mx\/tienda\/wp-json\/wp\/v2\/media?parent=220714"}],"wp:term":[{"taxonomy":"product_cat","embeddable":true,"href":"https:\/\/compuviper.mx\/tienda\/wp-json\/wp\/v2\/product_cat?post=220714"},{"taxonomy":"product_tag","embeddable":true,"href":"https:\/\/compuviper.mx\/tienda\/wp-json\/wp\/v2\/product_tag?post=220714"}],"curies":[{"name":"wp","href":"https:\/\/api.w.org\/{rel}","templated":true}]}}