{"id":220712,"date":"2026-04-11T01:02:08","date_gmt":"2026-04-11T07:02:08","guid":{"rendered":"https:\/\/compuviper.mx\/tienda\/producto\/intellinet-560962-poe-extensor-30w-max-gigabit\/"},"modified":"2026-04-11T01:02:08","modified_gmt":"2026-04-11T07:02:08","slug":"intellinet-560962-poe-extensor-30w-max-gigabit","status":"publish","type":"product","link":"https:\/\/compuviper.mx\/tienda\/producto\/intellinet-560962-poe-extensor-30w-max-gigabit\/","title":{"rendered":"Intellinet 560962 Poe Extensor,,, 30w Max Gigabit"},"content":{"rendered":"<table class=\"descripcion\">\n<tr>\n<td>Est\u00e1ndar<\/td>\n<\/tr>\n<tr>\n<td>Ieee 802.3af (poe)<\/td>\n<\/tr>\n<tr>\n<td>Ieee 802.3at (poe+ power over ethernet de alta potencia)<\/td>\n<\/tr>\n<tr>\n<td>Ieee 802.3 (10base-t ethernet)<\/td>\n<\/tr>\n<tr>\n<td>Ieee 802.3ab (gigabit ethernet)<\/td>\n<\/tr>\n<tr>\n<td>Ieee 802.3u (100base-tx fast ethernet)<\/td>\n<\/tr>\n<tr>\n<td>General<\/td>\n<\/tr>\n<tr>\n<td>Medios soportados:<\/td>\n<\/tr>\n<tr>\n<td>&#8211; 100base-tx cat5 utp\/stp rj45, de 8 pines<\/td>\n<\/tr>\n<tr>\n<td>&#8211; 1000base-t cat5e utp\/stp rj45, de 8 pines<\/td>\n<\/tr>\n<tr>\n<td>Puertos:<\/td>\n<\/tr>\n<tr>\n<td>&#8211; 1 puerto de entrada rj45 10\/100\/1000 mbps para una se\u00f1al ieee 802.3at\/af de 48v<\/td>\n<\/tr>\n<tr>\n<td>&#8211; 1 puerto de salida rj45 10\/100\/1000 mbps<\/td>\n<\/tr>\n<tr>\n<td>Certificaciones: fcc clase a, marca ce<\/td>\n<\/tr>\n<tr>\n<td>Energ\u00eda<\/td>\n<\/tr>\n<tr>\n<td>M\u00e1xima salida de energ\u00eda para dispositivos<\/td>\n<\/tr>\n<tr>\n<td>&#8211; 24.6 w cuando se usa un extensor poe para una longitud de 200 m<\/td>\n<\/tr>\n<tr>\n<td>&#8211; 20 w cuando se usan dos extensores poe para llegar a una longitud de 300 m<\/td>\n<\/tr>\n<tr>\n<td>&#8211; 16.2 w cuando se usan tres extensores poe para una distancia de hasta 400 m<\/td>\n<\/tr>\n<tr>\n<td>&#8211; 12.5 w cuando se usan cuatro extensores poe para alcanzar hasta 500 m<\/td>\n<\/tr>\n<tr>\n<td>&#8211; 8.6 w cuando se usan cinco extensores poe para alcanzar hasta 600 m<\/td>\n<\/tr>\n<tr>\n<td>Entrada de energ\u00eda: de acuerdo a los switches o inyectores compatibles con ieee 802.3af\/at<\/td>\n<\/tr>\n<tr>\n<td>Dise\u00f1o<\/td>\n<\/tr>\n<tr>\n<td>Gabinete met\u00e1lico<\/td>\n<\/tr>\n<tr>\n<td>Dimensiones: 102.8 (l) x 31 (w) x 20 (h) [mm]<\/td>\n<\/tr>\n<tr>\n<td>Peso: 0.1 kg<\/td>\n<\/tr>\n<tr>\n<td>Temperatura de operaci\u00f3n: -10\u00b0 ~ 50\u00b0c<\/td>\n<\/tr>\n<tr>\n<td>Contenido del paquete<\/td>\n<\/tr>\n<tr>\n<td>Extensor\/repetidor de un puerto poe+ de alta potencia gigabit<\/td>\n<\/tr>\n<tr>\n<td>Instrucciones<\/td>\n<\/tr>\n<\/table>\n","protected":false},"excerpt":{"rendered":"<p>Extiende una conexi\u00f3n poe existente mas all\u00e1 del l\u00edmite de los 100 m. Ahorra tiempo y dinero enviando datos y energ\u00eda a trav\u00e9s del cableado de red existente. Cubre distancias m\u00e1s largas colocando multiples extensores poe (modelo 560962) en cascada. Encadenable hasta 5 extensores poe para una distancia de hasta 600 m. Soporta tasas de datos de 10\/100\/1000 mbps y brinda hasta 25w a un dispositivo poe conectado. El reconocimiento poe se asegura de que la energ\u00eda s\u00f3lo sea enviada a dispositivos compatibles con ieee 802.3af\/at, los dispositivos no compatibles con poe s\u00f3lo recibir\u00e1n datos. No requiere energ\u00eda adicional; toma la energ\u00eda directamente desde la entrada poe. Compatible con injectores y switches poe que cumplan con ieee 802.3at\/af. Compatible con dispositivos alimentados por poe y que cumplan con ieee 802.3at\/af. Indicadores led para datos y poe. Dise\u00f1o sin ventiladores, ideal paa una operaci\u00f3n silente. Gabinete compacto met\u00e1lico. Orificios para montaje en muros. Atenci\u00f3n: no es compatible para el switch de 16 puertos fast ethernet poe+ modelo 560849. Tres a\u00f1os de garant\u00eda<\/p>\n","protected":false},"featured_media":220713,"comment_status":"open","ping_status":"open","template":"","meta":[],"product_cat":[1563,1755],"product_tag":[1489],"acf":[],"yoast_head":"<!-- This site is optimized with the Yoast SEO plugin v21.7 - https:\/\/yoast.com\/wordpress\/plugins\/seo\/ -->\n<title>[ Intellinet ] &#129351; 560962 Poe Extensor,,, 30w Max Gigabit<\/title>\n<meta name=\"description\" content=\"Compra 560962 Poe Extensor,,, 30w Max Gigabit + Env\u00edo a domicilio + Pago seguro + Garant\u00eda\" \/>\n<meta name=\"robots\" content=\"index, follow, max-snippet:-1, max-image-preview:large, max-video-preview:-1\" \/>\n<link rel=\"canonical\" href=\"https:\/\/compuviper.mx\/tienda\/producto\/intellinet-560962-poe-extensor-30w-max-gigabit\/\" \/>\n<meta property=\"og:locale\" content=\"es_MX\" \/>\n<meta property=\"og:type\" content=\"article\" \/>\n<meta property=\"og:title\" content=\"[ Intellinet ] &#129351; 560962 Poe Extensor,,, 30w Max Gigabit\" \/>\n<meta property=\"og:description\" content=\"Compra 560962 Poe Extensor,,, 30w Max Gigabit + Env\u00edo a domicilio + Pago seguro + Garant\u00eda\" \/>\n<meta property=\"og:url\" content=\"https:\/\/compuviper.mx\/tienda\/producto\/intellinet-560962-poe-extensor-30w-max-gigabit\/\" \/>\n<meta property=\"og:site_name\" content=\"Compuviper\" \/>\n<meta property=\"article:publisher\" content=\"https:\/\/www.facebook.com\/compuviper\" \/>\n<meta property=\"og:image\" content=\"https:\/\/compuviper.mx\/tienda\/wp-content\/uploads\/2023\/12\/Poe-extensorintellinet560962-30w-max-gigabit.jpg\" \/>\n\t<meta property=\"og:image:width\" content=\"200\" \/>\n\t<meta property=\"og:image:height\" content=\"200\" \/>\n\t<meta property=\"og:image:type\" content=\"image\/jpeg\" \/>\n<meta name=\"twitter:card\" content=\"summary_large_image\" \/>\n<meta name=\"twitter:label1\" content=\"Precio\" \/>\n\t<meta name=\"twitter:data1\" content=\"&#36;1,181 con IVA\" \/>\n\t<meta name=\"twitter:label2\" content=\"Availability\" \/>\n\t<meta name=\"twitter:data2\" content=\"Out of stock\" \/>\n<script type=\"application\/ld+json\" class=\"yoast-schema-graph\">{\"@context\":\"https:\/\/schema.org\",\"@graph\":[{\"@type\":\"WebPage\",\"@id\":\"https:\/\/compuviper.mx\/tienda\/producto\/intellinet-560962-poe-extensor-30w-max-gigabit\/\",\"url\":\"https:\/\/compuviper.mx\/tienda\/producto\/intellinet-560962-poe-extensor-30w-max-gigabit\/\",\"name\":\"[ Intellinet ] &#129351; 560962 Poe Extensor,,, 30w Max Gigabit\",\"isPartOf\":{\"@id\":\"https:\/\/compuviper.mx\/tienda\/#website\"},\"datePublished\":\"2026-04-11T07:02:08+00:00\",\"dateModified\":\"2026-04-11T07:02:08+00:00\",\"description\":\"Compra 560962 Poe Extensor,,, 30w Max Gigabit + Env\u00edo a domicilio + Pago seguro + Garant\u00eda\",\"breadcrumb\":{\"@id\":\"https:\/\/compuviper.mx\/tienda\/producto\/intellinet-560962-poe-extensor-30w-max-gigabit\/#breadcrumb\"},\"inLanguage\":\"es-MX\",\"potentialAction\":[{\"@type\":\"ReadAction\",\"target\":[\"https:\/\/compuviper.mx\/tienda\/producto\/intellinet-560962-poe-extensor-30w-max-gigabit\/\"]}]},{\"@type\":\"BreadcrumbList\",\"@id\":\"https:\/\/compuviper.mx\/tienda\/producto\/intellinet-560962-poe-extensor-30w-max-gigabit\/#breadcrumb\",\"itemListElement\":[{\"@type\":\"ListItem\",\"position\":1,\"name\":\"Inicio\",\"item\":\"https:\/\/compuviper.mx\/tienda\/\"},{\"@type\":\"ListItem\",\"position\":2,\"name\":\"Productos\",\"item\":\"https:\/\/compuviper.mx\/tienda\/productos\/\"},{\"@type\":\"ListItem\",\"position\":3,\"name\":\"Redes\",\"item\":\"https:\/\/compuviper.mx\/tienda\/categoria-producto\/redes\/\"},{\"@type\":\"ListItem\",\"position\":4,\"name\":\"Repetidor Wireless\",\"item\":\"https:\/\/compuviper.mx\/tienda\/categoria-producto\/redes\/repetidor-wireless\/\"},{\"@type\":\"ListItem\",\"position\":5,\"name\":\"Intellinet 560962 Poe Extensor,,, 30w Max Gigabit\"}]},{\"@type\":\"WebSite\",\"@id\":\"https:\/\/compuviper.mx\/tienda\/#website\",\"url\":\"https:\/\/compuviper.mx\/tienda\/\",\"name\":\"Compuviper\",\"description\":\"Proveedor de Computadoras, Laptops, Servidores, Monitores, Puntos de Venta, Teclados,   Impresoras, T\u00f3ner, C\u00e1maras de Seguridad y m\u00e1s en tu tienda en l\u00ednea\",\"publisher\":{\"@id\":\"https:\/\/compuviper.mx\/tienda\/#organization\"},\"potentialAction\":[{\"@type\":\"SearchAction\",\"target\":{\"@type\":\"EntryPoint\",\"urlTemplate\":\"https:\/\/compuviper.mx\/tienda\/?s={search_term_string}\"},\"query-input\":\"required name=search_term_string\"}],\"inLanguage\":\"es-MX\"},{\"@type\":\"Organization\",\"@id\":\"https:\/\/compuviper.mx\/tienda\/#organization\",\"name\":\"Compuviper\",\"url\":\"https:\/\/compuviper.mx\/tienda\/\",\"logo\":{\"@type\":\"ImageObject\",\"inLanguage\":\"es-MX\",\"@id\":\"https:\/\/compuviper.mx\/tienda\/#\/schema\/logo\/image\/\",\"url\":\"https:\/\/compuviper.mx\/tienda\/wp-content\/uploads\/2021\/08\/Logo-Compuviper-10.png\",\"contentUrl\":\"https:\/\/compuviper.mx\/tienda\/wp-content\/uploads\/2021\/08\/Logo-Compuviper-10.png\",\"width\":1000,\"height\":500,\"caption\":\"Compuviper\"},\"image\":{\"@id\":\"https:\/\/compuviper.mx\/tienda\/#\/schema\/logo\/image\/\"},\"sameAs\":[\"https:\/\/www.facebook.com\/compuviper\",\"https:\/\/www.youtube.com\/channel\/UCf73dERp9Y3cfOq7q8BhLjA?view_as=subscriber\"]}]}<\/script>\n<meta property=\"product:brand\" content=\"INTELLINET\" \/>\n<meta property=\"product:price:amount\" content=\"1181\" \/>\n<meta property=\"product:price:currency\" content=\"MXN\" \/>\n<meta property=\"og:availability\" content=\"out of stock\" \/>\n<meta property=\"product:availability\" content=\"out of stock\" \/>\n<meta property=\"product:retailer_item_id\" content=\"560962\" \/>\n<meta property=\"product:condition\" content=\"new\" \/>\n<!-- \/ Yoast SEO plugin. -->","yoast_head_json":{"title":"[ Intellinet ] &#129351; 560962 Poe Extensor,,, 30w Max Gigabit","description":"Compra 560962 Poe Extensor,,, 30w Max Gigabit + Env\u00edo a domicilio + Pago seguro + Garant\u00eda","robots":{"index":"index","follow":"follow","max-snippet":"max-snippet:-1","max-image-preview":"max-image-preview:large","max-video-preview":"max-video-preview:-1"},"canonical":"https:\/\/compuviper.mx\/tienda\/producto\/intellinet-560962-poe-extensor-30w-max-gigabit\/","og_locale":"es_MX","og_type":"article","og_title":"[ Intellinet ] &#129351; 560962 Poe Extensor,,, 30w Max Gigabit","og_description":"Compra 560962 Poe Extensor,,, 30w Max Gigabit + Env\u00edo a domicilio + Pago seguro + Garant\u00eda","og_url":"https:\/\/compuviper.mx\/tienda\/producto\/intellinet-560962-poe-extensor-30w-max-gigabit\/","og_site_name":"Compuviper","article_publisher":"https:\/\/www.facebook.com\/compuviper","og_image":[{"width":200,"height":200,"url":"https:\/\/compuviper.mx\/tienda\/wp-content\/uploads\/2023\/12\/Poe-extensorintellinet560962-30w-max-gigabit.jpg","type":"image\/jpeg"}],"twitter_card":"summary_large_image","twitter_misc":{"Precio":"&#36;1,181 con IVA","Availability":"Out of stock"},"schema":{"@context":"https:\/\/schema.org","@graph":[{"@type":"WebPage","@id":"https:\/\/compuviper.mx\/tienda\/producto\/intellinet-560962-poe-extensor-30w-max-gigabit\/","url":"https:\/\/compuviper.mx\/tienda\/producto\/intellinet-560962-poe-extensor-30w-max-gigabit\/","name":"[ Intellinet ] &#129351; 560962 Poe Extensor,,, 30w Max Gigabit","isPartOf":{"@id":"https:\/\/compuviper.mx\/tienda\/#website"},"datePublished":"2026-04-11T07:02:08+00:00","dateModified":"2026-04-11T07:02:08+00:00","description":"Compra 560962 Poe Extensor,,, 30w Max Gigabit + Env\u00edo a domicilio + Pago seguro + Garant\u00eda","breadcrumb":{"@id":"https:\/\/compuviper.mx\/tienda\/producto\/intellinet-560962-poe-extensor-30w-max-gigabit\/#breadcrumb"},"inLanguage":"es-MX","potentialAction":[{"@type":"ReadAction","target":["https:\/\/compuviper.mx\/tienda\/producto\/intellinet-560962-poe-extensor-30w-max-gigabit\/"]}]},{"@type":"BreadcrumbList","@id":"https:\/\/compuviper.mx\/tienda\/producto\/intellinet-560962-poe-extensor-30w-max-gigabit\/#breadcrumb","itemListElement":[{"@type":"ListItem","position":1,"name":"Inicio","item":"https:\/\/compuviper.mx\/tienda\/"},{"@type":"ListItem","position":2,"name":"Productos","item":"https:\/\/compuviper.mx\/tienda\/productos\/"},{"@type":"ListItem","position":3,"name":"Redes","item":"https:\/\/compuviper.mx\/tienda\/categoria-producto\/redes\/"},{"@type":"ListItem","position":4,"name":"Repetidor Wireless","item":"https:\/\/compuviper.mx\/tienda\/categoria-producto\/redes\/repetidor-wireless\/"},{"@type":"ListItem","position":5,"name":"Intellinet 560962 Poe Extensor,,, 30w Max Gigabit"}]},{"@type":"WebSite","@id":"https:\/\/compuviper.mx\/tienda\/#website","url":"https:\/\/compuviper.mx\/tienda\/","name":"Compuviper","description":"Proveedor de Computadoras, Laptops, Servidores, Monitores, Puntos de Venta, Teclados,   Impresoras, T\u00f3ner, C\u00e1maras de Seguridad y m\u00e1s en tu tienda en l\u00ednea","publisher":{"@id":"https:\/\/compuviper.mx\/tienda\/#organization"},"potentialAction":[{"@type":"SearchAction","target":{"@type":"EntryPoint","urlTemplate":"https:\/\/compuviper.mx\/tienda\/?s={search_term_string}"},"query-input":"required name=search_term_string"}],"inLanguage":"es-MX"},{"@type":"Organization","@id":"https:\/\/compuviper.mx\/tienda\/#organization","name":"Compuviper","url":"https:\/\/compuviper.mx\/tienda\/","logo":{"@type":"ImageObject","inLanguage":"es-MX","@id":"https:\/\/compuviper.mx\/tienda\/#\/schema\/logo\/image\/","url":"https:\/\/compuviper.mx\/tienda\/wp-content\/uploads\/2021\/08\/Logo-Compuviper-10.png","contentUrl":"https:\/\/compuviper.mx\/tienda\/wp-content\/uploads\/2021\/08\/Logo-Compuviper-10.png","width":1000,"height":500,"caption":"Compuviper"},"image":{"@id":"https:\/\/compuviper.mx\/tienda\/#\/schema\/logo\/image\/"},"sameAs":["https:\/\/www.facebook.com\/compuviper","https:\/\/www.youtube.com\/channel\/UCf73dERp9Y3cfOq7q8BhLjA?view_as=subscriber"]}]},"product_brand":"INTELLINET","product_price_amount":"1181","product_price_currency":"MXN","og_availability":"out of stock","product_availability":"out of stock","product_retailer_item_id":"560962","product_condition":"new"},"_links":{"self":[{"href":"https:\/\/compuviper.mx\/tienda\/wp-json\/wp\/v2\/product\/220712"}],"collection":[{"href":"https:\/\/compuviper.mx\/tienda\/wp-json\/wp\/v2\/product"}],"about":[{"href":"https:\/\/compuviper.mx\/tienda\/wp-json\/wp\/v2\/types\/product"}],"replies":[{"embeddable":true,"href":"https:\/\/compuviper.mx\/tienda\/wp-json\/wp\/v2\/comments?post=220712"}],"wp:featuredmedia":[{"embeddable":true,"href":"https:\/\/compuviper.mx\/tienda\/wp-json\/wp\/v2\/media\/220713"}],"wp:attachment":[{"href":"https:\/\/compuviper.mx\/tienda\/wp-json\/wp\/v2\/media?parent=220712"}],"wp:term":[{"taxonomy":"product_cat","embeddable":true,"href":"https:\/\/compuviper.mx\/tienda\/wp-json\/wp\/v2\/product_cat?post=220712"},{"taxonomy":"product_tag","embeddable":true,"href":"https:\/\/compuviper.mx\/tienda\/wp-json\/wp\/v2\/product_tag?post=220712"}],"curies":[{"name":"wp","href":"https:\/\/api.w.org\/{rel}","templated":true}]}}