{"id":220708,"date":"2026-04-11T23:22:52","date_gmt":"2026-04-12T05:22:52","guid":{"rendered":"https:\/\/compuviper.mx\/tienda\/producto\/tp-link-deco-m51-pack-router-tp-link-ac1300-wifi-mesh-modo-ap-repetidor-la-cobertura-depende-de-las-condiciones-ambientales-y-el-trafico-de-cada-usuario\/"},"modified":"2026-04-11T23:22:52","modified_gmt":"2026-04-12T05:22:52","slug":"tp-link-deco-m51-pack-router-tp-link-ac1300-wifi-mesh-modo-ap-repetidor-la-cobertura-depende-de-las-condiciones-ambientales-y-el-trafico-de-cada-usuario","status":"publish","type":"product","link":"https:\/\/compuviper.mx\/tienda\/producto\/tp-link-deco-m51-pack-router-tp-link-ac1300-wifi-mesh-modo-ap-repetidor-la-cobertura-depende-de-las-condiciones-ambientales-y-el-trafico-de-cada-usuario\/","title":{"rendered":"Tp Link Deco M5(1-pack) Router | Tp-link |  | Ac1300 | Wifi Mesh | Modo Ap\/repetidor | La Cobertura Depende De Las Condiciones Ambientales Y El Trafico De Cada Usuario"},"content":{"rendered":"<table class=\"descripcion\">\n<tr>\n<td>Marca: tp-link<\/td>\n<\/tr>\n<tr>\n<td>Color: blanco<\/td>\n<\/tr>\n<tr>\n<td>Alimentaci\u00f3n<\/td>\n<\/tr>\n<tr>\n<td>Entrada del adaptador ac: 100-240v ~ 50 \/ 60hz 0.4a<\/td>\n<\/tr>\n<tr>\n<td>Salida del adaptador ac: 12v \u00bf 1.2a<\/td>\n<\/tr>\n<tr>\n<td>Caracter\u00edsticas de hardware<\/td>\n<\/tr>\n<tr>\n<td>Procesador: cpu de cuatro n\u00facleos<\/td>\n<\/tr>\n<tr>\n<td>Interfaz: 2 puertos lan \/ wan gigabit ethernet<\/td>\n<\/tr>\n<tr>\n<td>Bot\u00f3n: 1 bot\u00f3n de reinicio en la parte inferior<\/td>\n<\/tr>\n<tr>\n<td>Fuente de alimentaci\u00f3n externa: 12 v \/ 1.2 a<\/td>\n<\/tr>\n<tr>\n<td>Dimensiones: 4.7 pulg. x 1.5 pulg. (120 mm x 38 mm)<\/td>\n<\/tr>\n<tr>\n<td>Antena: 4 antenas internas por unidad deco<\/td>\n<\/tr>\n<tr>\n<td>Versi\u00f3n de bluetooth: 4.2 y superior<\/td>\n<\/tr>\n<tr>\n<td>Caracter\u00edsticas inal\u00e1mbricas<\/td>\n<\/tr>\n<tr>\n<td>Est\u00e1ndares inal\u00e1mbricos: ieee 802.11 ac\/n\/a 5 ghz, ieee 802.11 b\/g\/n 2.4 ghz<\/td>\n<\/tr>\n<tr>\n<td>Frecuencia: 2.4 ghz y 5 ghz<\/td>\n<\/tr>\n<tr>\n<td>Tasa de se\u00f1al: 400 mbps en 2.4 ghz y 867 mbps en 5 ghz<\/td>\n<\/tr>\n<tr>\n<td>Potencia de transmision: fcc:  30 dbm \/ ce:  20 dbm (2.4 ghz) \/  23 dbm (5 ghz)<\/td>\n<\/tr>\n<tr>\n<td>Seguridad inal\u00e1mbrica: wpa-psk \/ wpa2-psk<\/td>\n<\/tr>\n<tr>\n<td>Funciones avanzadas:<\/td>\n<\/tr>\n<tr>\n<td>\u00bf modo de enrutador \/ punto de acceso<\/td>\n<\/tr>\n<tr>\n<td>\u00bf backhaul ethernet opcional<\/td>\n<\/tr>\n<tr>\n<td>\u00bf tecnolog\u00eda de malla tp-link: mu-mimo \/ selecci\u00f3n autom\u00e1tica de ruta \/ autorremallable \/ ap \/ banda de direcci\u00f3n \/ forma de haz de direcci\u00f3n<\/td>\n<\/tr>\n<tr>\n<td>Caracter\u00edsticas de software<\/td>\n<\/tr>\n<tr>\n<td>Calidad de servicio: wmm<\/td>\n<\/tr>\n<tr>\n<td>Ipv6: apoyo<\/td>\n<\/tr>\n<tr>\n<td>Tipo de wan: ip din\u00e1mica \/ ip est\u00e1tica \/ pppoe<\/td>\n<\/tr>\n<tr>\n<td>Administraci\u00f3n: gesti\u00f3n local, gesti\u00f3n remota<\/td>\n<\/tr>\n<tr>\n<td>Dhcp: servidor, cliente<\/td>\n<\/tr>\n<tr>\n<td>Reenv\u00edo de puertos: apoyo<\/td>\n<\/tr>\n<tr>\n<td>Control de acceso: lista negra<\/td>\n<\/tr>\n<tr>\n<td>Seguridad de firewall: cortafuegos spi<\/td>\n<\/tr>\n<tr>\n<td>Protocolos: soporta ipv4 y ipv6<\/td>\n<\/tr>\n<tr>\n<td>Caracter\u00edsticas avanzadas: antivirus \/ controles parentales \/ calidad de servicio<\/td>\n<\/tr>\n<tr>\n<td>Funciones avanzadas: informes de uso mensuales de speedtest \/ actualizaci\u00f3n autom\u00e1tica de fw<\/td>\n<\/tr>\n<tr>\n<td>Red de invitados: red invitada de 2.4 ghz * 1 \/ red invitada de 5 ghz * 1<\/td>\n<\/tr>\n<tr>\n<td>Formacion de haz: apoyo<\/td>\n<\/tr>\n<tr>\n<td>App: f\u00e1cil configuraci\u00f3n por deco app<\/td>\n<\/tr>\n<tr>\n<td>Otros<\/td>\n<\/tr>\n<tr>\n<td>Certificaci\u00f3n: ce, fcc, ic, ncc, bsmi, ida, rcm, jpa, jrf, vcci, kc, rohs<\/td>\n<\/tr>\n<tr>\n<td>Contenidos del paquete:<\/td>\n<\/tr>\n<tr>\n<td>1 unidad deco<\/td>\n<\/tr>\n<tr>\n<td>1 cable ethernet rj45<\/td>\n<\/tr>\n<tr>\n<td>1 adaptador de alimentaci\u00f3n<\/td>\n<\/tr>\n<tr>\n<td>Requisitos para tel\u00e9fonos inteligentes \/ tabletas: ios 8.0 o posterior \/ android 4.3 o posterior \/ bluetooth 4.0 o posterior<\/td>\n<\/tr>\n<tr>\n<td>Ambiente:<\/td>\n<\/tr>\n<tr>\n<td>Temperatura de funcionamiento: 0 \u00bf ~ 40 (32 \u00bf ~ 104 \u00bf)<\/td>\n<\/tr>\n<tr>\n<td>Temperatura de almacenamiento: -40 \u00bf ~ 70 \u00bf (-40 \u00bf ~ 158 \u00bf)<\/td>\n<\/tr>\n<tr>\n<td>Humedad de funcionamiento: 10% ~ 90% sin condensaci\u00f3n<\/td>\n<\/tr>\n<tr>\n<td>Humedad de almacenamiento: 5% ~ 90 % sin condensaci\u00f3n<\/td>\n<\/tr>\n<\/table>\n","protected":false},"excerpt":{"rendered":"<p>Sistema deco ac1300 wi-fi para todo el hogar. Deco m5 (1 pieza. &#8211; deco utiliza un sistema de unidades para lograr una cobertura de wi-fi sin interrupciones en todo el hogar: \u00a1elimine las \u00e1reas de se\u00f1al d\u00e9bil de una vez por todas. &#8211; con la avanzada tecnolog\u00eda deco mesh, las unidades trabajan juntas para formar una red unificada para toda la casa con el mismo nombre de red. Los dispositivos cambian autom\u00e1ticamente entre decos a medida que se desplaza por su hogar para obtener las velocidades m\u00e1s r\u00e1pidas posibles. &#8211; un paquete de tres deco m5 ofrece wi-fi a un \u00e1rea de hasta 5500 pies cuadrados, mientras que un paquete de dos deco m5 ofrece hasta 3800 pies cuadrados. Y si eso no es suficiente, simplemente agregue m\u00e1s decos a la red en cualquier momento para aumentar la cobertura. &#8211; deco m5 proporciona conexiones r\u00e1pidas y estables con velocidades de hasta 1267 mbps y funciona con cualquier proveedor de servicios de internet (isp) y m\u00f3dem. &#8211; deco puede manejar el tr\u00e1fico incluso desde las redes m\u00e1s ocupadas, proporcionando conexiones sin demora para m\u00e1s de 100 dispositivos. &#8211; tp-link homecare tm ofrece un conjunto de funciones personalizadas y seguras, que incluyen control parental, antivirus incorporado y calidad de servicio (qos). &#8211; la configuraci\u00f3n es m\u00e1s f\u00e1cil que nunca con la aplicaci\u00f3n deco para guiarte en cada paso. * 1. Las velocidades m\u00e1ximas de transmisi\u00f3n inal\u00e1mbrica son las velocidades f\u00edsicas derivadas de las especificaciones ieee standard 802.11. El alcance, la cobertura y la cantidad m\u00e1xima de dispositivos conectados se basan en los resultados de las pruebas en condiciones de uso normales. Rendimiento de datos inal\u00e1mbrico real. La cobertura inal\u00e1mbrica y la cantidad de dispositivos conectados no est\u00e1n garantizados y variar\u00e1n como resultado de 1) factores ambientales, incluidos los materiales de construcci\u00f3n, objetos f\u00edsicos y obst\u00e1culos, 2) las condiciones de la red, incluidas la interferencia local, el volumen y la densidad del tr\u00e1fico, la ubicaci\u00f3n del producto , la complejidad de la red y la sobrecarga de la red, y 3) las limitaciones del cliente, incluido el rendimiento nominal, la ubicaci\u00f3n, la calidad de la conexi\u00f3n y la condici\u00f3n del cliente. * 2. Un paquete b\u00e1sico de tp-link homecare tm, impulsado por trend micro tm , se incluye por 3 a\u00f1os a partir de la fecha de activaci\u00f3n sin costo adicional. Incluye controles parentales, calidad de servicio y antivirus. La desactivaci\u00f3n de homecare tm deshabilitar\u00e1 ciertos controles y protecciones. Para obtener una lista completa de las funciones de homecare tm , vaya a www.Tp-link.Com\/homecare\/<\/p>\n","protected":false},"featured_media":220709,"comment_status":"open","ping_status":"open","template":"","meta":[],"product_cat":[1563,1754],"product_tag":[1562],"acf":[],"yoast_head":"<!-- This site is optimized with the Yoast SEO plugin v21.7 - https:\/\/yoast.com\/wordpress\/plugins\/seo\/ -->\n<title>[ Tp Link ] &#129351; Deco M5(1-pack) Router | Tp-link | | Ac1300 | Wifi Mesh | Modo Ap\/repetidor | La Cobertura Depende De Las Condiciones Ambientales Y El Trafico De Cada Usuario<\/title>\n<meta name=\"description\" content=\"Compra Deco M5(1-pack) Router | Tp-link | | Ac1300 | Wifi Mesh | Modo Ap\/repetidor | La Cobertura Depende De Las Condiciones Ambientales Y El Trafico De Cada Usuario + Env\u00edo a domicilio + Pago seguro + Garant\u00eda\" \/>\n<meta name=\"robots\" content=\"index, follow, max-snippet:-1, max-image-preview:large, max-video-preview:-1\" \/>\n<link rel=\"canonical\" href=\"https:\/\/compuviper.mx\/tienda\/producto\/tp-link-deco-m51-pack-router-tp-link-ac1300-wifi-mesh-modo-ap-repetidor-la-cobertura-depende-de-las-condiciones-ambientales-y-el-trafico-de-cada-usuario\/\" \/>\n<meta property=\"og:locale\" content=\"es_MX\" \/>\n<meta property=\"og:type\" content=\"article\" \/>\n<meta property=\"og:title\" content=\"[ Tp Link ] &#129351; Deco M5(1-pack) Router | Tp-link | | Ac1300 | Wifi Mesh | Modo Ap\/repetidor | La Cobertura Depende De Las Condiciones Ambientales Y El Trafico De Cada Usuario\" \/>\n<meta property=\"og:description\" content=\"Compra Deco M5(1-pack) Router | Tp-link | | Ac1300 | Wifi Mesh | Modo Ap\/repetidor | La Cobertura Depende De Las Condiciones Ambientales Y El Trafico De Cada Usuario + Env\u00edo a domicilio + Pago seguro + Garant\u00eda\" \/>\n<meta property=\"og:url\" content=\"https:\/\/compuviper.mx\/tienda\/producto\/tp-link-deco-m51-pack-router-tp-link-ac1300-wifi-mesh-modo-ap-repetidor-la-cobertura-depende-de-las-condiciones-ambientales-y-el-trafico-de-cada-usuario\/\" \/>\n<meta property=\"og:site_name\" content=\"Compuviper\" \/>\n<meta property=\"article:publisher\" content=\"https:\/\/www.facebook.com\/compuviper\" \/>\n<meta property=\"og:image\" content=\"https:\/\/compuviper.mx\/tienda\/wp-content\/uploads\/2023\/12\/Router-tp-link-deco-m51-pack-ac1300-wifi-mesh-modo-aprepetidor-la-cobertura-depende-de-las-condiciones-ambientales-y-el-trafico-de-cada-usuario.jpg\" \/>\n\t<meta property=\"og:image:width\" content=\"200\" \/>\n\t<meta property=\"og:image:height\" content=\"200\" \/>\n\t<meta property=\"og:image:type\" content=\"image\/jpeg\" \/>\n<meta name=\"twitter:card\" content=\"summary_large_image\" \/>\n<meta name=\"twitter:label1\" content=\"Precio\" \/>\n\t<meta name=\"twitter:data1\" content=\"&#36;1,194 con IVA\" \/>\n\t<meta name=\"twitter:label2\" content=\"Availability\" \/>\n\t<meta name=\"twitter:data2\" content=\"In stock\" \/>\n<script type=\"application\/ld+json\" class=\"yoast-schema-graph\">{\"@context\":\"https:\/\/schema.org\",\"@graph\":[{\"@type\":\"WebPage\",\"@id\":\"https:\/\/compuviper.mx\/tienda\/producto\/tp-link-deco-m51-pack-router-tp-link-ac1300-wifi-mesh-modo-ap-repetidor-la-cobertura-depende-de-las-condiciones-ambientales-y-el-trafico-de-cada-usuario\/\",\"url\":\"https:\/\/compuviper.mx\/tienda\/producto\/tp-link-deco-m51-pack-router-tp-link-ac1300-wifi-mesh-modo-ap-repetidor-la-cobertura-depende-de-las-condiciones-ambientales-y-el-trafico-de-cada-usuario\/\",\"name\":\"[ Tp Link ] &#129351; Deco M5(1-pack) Router | Tp-link | | Ac1300 | Wifi Mesh | Modo Ap\/repetidor | La Cobertura Depende De Las Condiciones Ambientales Y El Trafico De Cada Usuario\",\"isPartOf\":{\"@id\":\"https:\/\/compuviper.mx\/tienda\/#website\"},\"datePublished\":\"2026-04-12T05:22:52+00:00\",\"dateModified\":\"2026-04-12T05:22:52+00:00\",\"description\":\"Compra Deco M5(1-pack) Router | Tp-link | | Ac1300 | Wifi Mesh | Modo Ap\/repetidor | La Cobertura Depende De Las Condiciones Ambientales Y El Trafico De Cada Usuario + Env\u00edo a domicilio + Pago seguro + Garant\u00eda\",\"breadcrumb\":{\"@id\":\"https:\/\/compuviper.mx\/tienda\/producto\/tp-link-deco-m51-pack-router-tp-link-ac1300-wifi-mesh-modo-ap-repetidor-la-cobertura-depende-de-las-condiciones-ambientales-y-el-trafico-de-cada-usuario\/#breadcrumb\"},\"inLanguage\":\"es-MX\",\"potentialAction\":[{\"@type\":\"ReadAction\",\"target\":[\"https:\/\/compuviper.mx\/tienda\/producto\/tp-link-deco-m51-pack-router-tp-link-ac1300-wifi-mesh-modo-ap-repetidor-la-cobertura-depende-de-las-condiciones-ambientales-y-el-trafico-de-cada-usuario\/\"]}]},{\"@type\":\"BreadcrumbList\",\"@id\":\"https:\/\/compuviper.mx\/tienda\/producto\/tp-link-deco-m51-pack-router-tp-link-ac1300-wifi-mesh-modo-ap-repetidor-la-cobertura-depende-de-las-condiciones-ambientales-y-el-trafico-de-cada-usuario\/#breadcrumb\",\"itemListElement\":[{\"@type\":\"ListItem\",\"position\":1,\"name\":\"Inicio\",\"item\":\"https:\/\/compuviper.mx\/tienda\/\"},{\"@type\":\"ListItem\",\"position\":2,\"name\":\"Productos\",\"item\":\"https:\/\/compuviper.mx\/tienda\/productos\/\"},{\"@type\":\"ListItem\",\"position\":3,\"name\":\"Redes\",\"item\":\"https:\/\/compuviper.mx\/tienda\/categoria-producto\/redes\/\"},{\"@type\":\"ListItem\",\"position\":4,\"name\":\"Access Point\",\"item\":\"https:\/\/compuviper.mx\/tienda\/categoria-producto\/redes\/access-point\/\"},{\"@type\":\"ListItem\",\"position\":5,\"name\":\"Tp Link Deco M5(1-pack) Router | Tp-link | | Ac1300 | Wifi Mesh | Modo Ap\/repetidor | La Cobertura Depende De Las Condiciones Ambientales Y El Trafico De Cada Usuario\"}]},{\"@type\":\"WebSite\",\"@id\":\"https:\/\/compuviper.mx\/tienda\/#website\",\"url\":\"https:\/\/compuviper.mx\/tienda\/\",\"name\":\"Compuviper\",\"description\":\"Proveedor de Computadoras, Laptops, Servidores, Monitores, Puntos de Venta, Teclados,   Impresoras, T\u00f3ner, C\u00e1maras de Seguridad y m\u00e1s en tu tienda en l\u00ednea\",\"publisher\":{\"@id\":\"https:\/\/compuviper.mx\/tienda\/#organization\"},\"potentialAction\":[{\"@type\":\"SearchAction\",\"target\":{\"@type\":\"EntryPoint\",\"urlTemplate\":\"https:\/\/compuviper.mx\/tienda\/?s={search_term_string}\"},\"query-input\":\"required name=search_term_string\"}],\"inLanguage\":\"es-MX\"},{\"@type\":\"Organization\",\"@id\":\"https:\/\/compuviper.mx\/tienda\/#organization\",\"name\":\"Compuviper\",\"url\":\"https:\/\/compuviper.mx\/tienda\/\",\"logo\":{\"@type\":\"ImageObject\",\"inLanguage\":\"es-MX\",\"@id\":\"https:\/\/compuviper.mx\/tienda\/#\/schema\/logo\/image\/\",\"url\":\"https:\/\/compuviper.mx\/tienda\/wp-content\/uploads\/2021\/08\/Logo-Compuviper-10.png\",\"contentUrl\":\"https:\/\/compuviper.mx\/tienda\/wp-content\/uploads\/2021\/08\/Logo-Compuviper-10.png\",\"width\":1000,\"height\":500,\"caption\":\"Compuviper\"},\"image\":{\"@id\":\"https:\/\/compuviper.mx\/tienda\/#\/schema\/logo\/image\/\"},\"sameAs\":[\"https:\/\/www.facebook.com\/compuviper\",\"https:\/\/www.youtube.com\/channel\/UCf73dERp9Y3cfOq7q8BhLjA?view_as=subscriber\"]}]}<\/script>\n<meta property=\"product:brand\" content=\"TP LINK\" \/>\n<meta property=\"product:price:amount\" content=\"1194\" \/>\n<meta property=\"product:price:currency\" content=\"MXN\" \/>\n<meta property=\"og:availability\" content=\"instock\" \/>\n<meta property=\"product:availability\" content=\"instock\" \/>\n<meta property=\"product:retailer_item_id\" content=\"DECO M5(1-PACK)\" \/>\n<meta property=\"product:condition\" content=\"new\" \/>\n<!-- \/ Yoast SEO plugin. -->","yoast_head_json":{"title":"[ Tp Link ] &#129351; Deco M5(1-pack) Router | Tp-link | | Ac1300 | Wifi Mesh | Modo Ap\/repetidor | La Cobertura Depende De Las Condiciones Ambientales Y El Trafico De Cada Usuario","description":"Compra Deco M5(1-pack) Router | Tp-link | | Ac1300 | Wifi Mesh | Modo Ap\/repetidor | La Cobertura Depende De Las Condiciones Ambientales Y El Trafico De Cada Usuario + Env\u00edo a domicilio + Pago seguro + Garant\u00eda","robots":{"index":"index","follow":"follow","max-snippet":"max-snippet:-1","max-image-preview":"max-image-preview:large","max-video-preview":"max-video-preview:-1"},"canonical":"https:\/\/compuviper.mx\/tienda\/producto\/tp-link-deco-m51-pack-router-tp-link-ac1300-wifi-mesh-modo-ap-repetidor-la-cobertura-depende-de-las-condiciones-ambientales-y-el-trafico-de-cada-usuario\/","og_locale":"es_MX","og_type":"article","og_title":"[ Tp Link ] &#129351; Deco M5(1-pack) Router | Tp-link | | Ac1300 | Wifi Mesh | Modo Ap\/repetidor | La Cobertura Depende De Las Condiciones Ambientales Y El Trafico De Cada Usuario","og_description":"Compra Deco M5(1-pack) Router | Tp-link | | Ac1300 | Wifi Mesh | Modo Ap\/repetidor | La Cobertura Depende De Las Condiciones Ambientales Y El Trafico De Cada Usuario + Env\u00edo a domicilio + Pago seguro + Garant\u00eda","og_url":"https:\/\/compuviper.mx\/tienda\/producto\/tp-link-deco-m51-pack-router-tp-link-ac1300-wifi-mesh-modo-ap-repetidor-la-cobertura-depende-de-las-condiciones-ambientales-y-el-trafico-de-cada-usuario\/","og_site_name":"Compuviper","article_publisher":"https:\/\/www.facebook.com\/compuviper","og_image":[{"width":200,"height":200,"url":"https:\/\/compuviper.mx\/tienda\/wp-content\/uploads\/2023\/12\/Router-tp-link-deco-m51-pack-ac1300-wifi-mesh-modo-aprepetidor-la-cobertura-depende-de-las-condiciones-ambientales-y-el-trafico-de-cada-usuario.jpg","type":"image\/jpeg"}],"twitter_card":"summary_large_image","twitter_misc":{"Precio":"&#36;1,194 con IVA","Availability":"In stock"},"schema":{"@context":"https:\/\/schema.org","@graph":[{"@type":"WebPage","@id":"https:\/\/compuviper.mx\/tienda\/producto\/tp-link-deco-m51-pack-router-tp-link-ac1300-wifi-mesh-modo-ap-repetidor-la-cobertura-depende-de-las-condiciones-ambientales-y-el-trafico-de-cada-usuario\/","url":"https:\/\/compuviper.mx\/tienda\/producto\/tp-link-deco-m51-pack-router-tp-link-ac1300-wifi-mesh-modo-ap-repetidor-la-cobertura-depende-de-las-condiciones-ambientales-y-el-trafico-de-cada-usuario\/","name":"[ Tp Link ] &#129351; Deco M5(1-pack) Router | Tp-link | | Ac1300 | Wifi Mesh | Modo Ap\/repetidor | La Cobertura Depende De Las Condiciones Ambientales Y El Trafico De Cada Usuario","isPartOf":{"@id":"https:\/\/compuviper.mx\/tienda\/#website"},"datePublished":"2026-04-12T05:22:52+00:00","dateModified":"2026-04-12T05:22:52+00:00","description":"Compra Deco M5(1-pack) Router | Tp-link | | Ac1300 | Wifi Mesh | Modo Ap\/repetidor | La Cobertura Depende De Las Condiciones Ambientales Y El Trafico De Cada Usuario + Env\u00edo a domicilio + Pago seguro + Garant\u00eda","breadcrumb":{"@id":"https:\/\/compuviper.mx\/tienda\/producto\/tp-link-deco-m51-pack-router-tp-link-ac1300-wifi-mesh-modo-ap-repetidor-la-cobertura-depende-de-las-condiciones-ambientales-y-el-trafico-de-cada-usuario\/#breadcrumb"},"inLanguage":"es-MX","potentialAction":[{"@type":"ReadAction","target":["https:\/\/compuviper.mx\/tienda\/producto\/tp-link-deco-m51-pack-router-tp-link-ac1300-wifi-mesh-modo-ap-repetidor-la-cobertura-depende-de-las-condiciones-ambientales-y-el-trafico-de-cada-usuario\/"]}]},{"@type":"BreadcrumbList","@id":"https:\/\/compuviper.mx\/tienda\/producto\/tp-link-deco-m51-pack-router-tp-link-ac1300-wifi-mesh-modo-ap-repetidor-la-cobertura-depende-de-las-condiciones-ambientales-y-el-trafico-de-cada-usuario\/#breadcrumb","itemListElement":[{"@type":"ListItem","position":1,"name":"Inicio","item":"https:\/\/compuviper.mx\/tienda\/"},{"@type":"ListItem","position":2,"name":"Productos","item":"https:\/\/compuviper.mx\/tienda\/productos\/"},{"@type":"ListItem","position":3,"name":"Redes","item":"https:\/\/compuviper.mx\/tienda\/categoria-producto\/redes\/"},{"@type":"ListItem","position":4,"name":"Access Point","item":"https:\/\/compuviper.mx\/tienda\/categoria-producto\/redes\/access-point\/"},{"@type":"ListItem","position":5,"name":"Tp Link Deco M5(1-pack) Router | Tp-link | | Ac1300 | Wifi Mesh | Modo Ap\/repetidor | La Cobertura Depende De Las Condiciones Ambientales Y El Trafico De Cada Usuario"}]},{"@type":"WebSite","@id":"https:\/\/compuviper.mx\/tienda\/#website","url":"https:\/\/compuviper.mx\/tienda\/","name":"Compuviper","description":"Proveedor de Computadoras, Laptops, Servidores, Monitores, Puntos de Venta, Teclados,   Impresoras, T\u00f3ner, C\u00e1maras de Seguridad y m\u00e1s en tu tienda en l\u00ednea","publisher":{"@id":"https:\/\/compuviper.mx\/tienda\/#organization"},"potentialAction":[{"@type":"SearchAction","target":{"@type":"EntryPoint","urlTemplate":"https:\/\/compuviper.mx\/tienda\/?s={search_term_string}"},"query-input":"required name=search_term_string"}],"inLanguage":"es-MX"},{"@type":"Organization","@id":"https:\/\/compuviper.mx\/tienda\/#organization","name":"Compuviper","url":"https:\/\/compuviper.mx\/tienda\/","logo":{"@type":"ImageObject","inLanguage":"es-MX","@id":"https:\/\/compuviper.mx\/tienda\/#\/schema\/logo\/image\/","url":"https:\/\/compuviper.mx\/tienda\/wp-content\/uploads\/2021\/08\/Logo-Compuviper-10.png","contentUrl":"https:\/\/compuviper.mx\/tienda\/wp-content\/uploads\/2021\/08\/Logo-Compuviper-10.png","width":1000,"height":500,"caption":"Compuviper"},"image":{"@id":"https:\/\/compuviper.mx\/tienda\/#\/schema\/logo\/image\/"},"sameAs":["https:\/\/www.facebook.com\/compuviper","https:\/\/www.youtube.com\/channel\/UCf73dERp9Y3cfOq7q8BhLjA?view_as=subscriber"]}]},"product_brand":"TP LINK","product_price_amount":"1194","product_price_currency":"MXN","og_availability":"instock","product_availability":"instock","product_retailer_item_id":"DECO M5(1-PACK)","product_condition":"new"},"_links":{"self":[{"href":"https:\/\/compuviper.mx\/tienda\/wp-json\/wp\/v2\/product\/220708"}],"collection":[{"href":"https:\/\/compuviper.mx\/tienda\/wp-json\/wp\/v2\/product"}],"about":[{"href":"https:\/\/compuviper.mx\/tienda\/wp-json\/wp\/v2\/types\/product"}],"replies":[{"embeddable":true,"href":"https:\/\/compuviper.mx\/tienda\/wp-json\/wp\/v2\/comments?post=220708"}],"wp:featuredmedia":[{"embeddable":true,"href":"https:\/\/compuviper.mx\/tienda\/wp-json\/wp\/v2\/media\/220709"}],"wp:attachment":[{"href":"https:\/\/compuviper.mx\/tienda\/wp-json\/wp\/v2\/media?parent=220708"}],"wp:term":[{"taxonomy":"product_cat","embeddable":true,"href":"https:\/\/compuviper.mx\/tienda\/wp-json\/wp\/v2\/product_cat?post=220708"},{"taxonomy":"product_tag","embeddable":true,"href":"https:\/\/compuviper.mx\/tienda\/wp-json\/wp\/v2\/product_tag?post=220708"}],"curies":[{"name":"wp","href":"https:\/\/api.w.org\/{rel}","templated":true}]}}