{"id":220704,"date":"2026-04-11T01:02:05","date_gmt":"2026-04-11T07:02:05","guid":{"rendered":"https:\/\/compuviper.mx\/tienda\/producto\/tp-link-re305-repetidor-tp-link-inalambrico-extensor-de-rango-ac1200-modo-repetidor-o-access-point\/"},"modified":"2026-04-11T01:02:06","modified_gmt":"2026-04-11T07:02:06","slug":"tp-link-re305-repetidor-tp-link-inalambrico-extensor-de-rango-ac1200-modo-repetidor-o-access-point","status":"publish","type":"product","link":"https:\/\/compuviper.mx\/tienda\/producto\/tp-link-re305-repetidor-tp-link-inalambrico-extensor-de-rango-ac1200-modo-repetidor-o-access-point\/","title":{"rendered":"Tp Link Re305 Repetidor | Tp-link |  | Inalambrico Extensor De Rango |ac1200| Modo Repetidor O Access Point"},"content":{"rendered":"<table class=\"descripcion\">\n<tr>\n<td>Caracter\u00edsticas de hardware<\/td>\n<\/tr>\n<tr>\n<td>Tipo de enchufe eu, uk, us<\/td>\n<\/tr>\n<tr>\n<td>Est\u00e1ndares y protocolos ieee802.11ac, ieee 802.11n, ieee 802.11g, ieee 802.11a, ieee 802.11b<\/td>\n<\/tr>\n<tr>\n<td>Interfaz 1 x 10\/100m ethernet port (rj45)<\/td>\n<\/tr>\n<tr>\n<td>Bot\u00f3n wps button, reset button<\/td>\n<\/tr>\n<tr>\n<td>Consumo de energ\u00eda 7.3w and #65288;max power consumption and #65289;<\/td>\n<\/tr>\n<tr>\n<td>Antena 2 x external<\/td>\n<\/tr>\n<tr>\n<td>Dimensiones (w x d x h) 3.1 x 3.0 x 3.0 in. (80 x 78 x 77mm)<\/td>\n<\/tr>\n<tr>\n<td>Caracter\u00edsticas inal\u00e1mbricas<\/td>\n<\/tr>\n<tr>\n<td>Frequency 2.4ghz  and  5ghz(11ac)<\/td>\n<\/tr>\n<tr>\n<td>Signal rate 5ghz:up to 867mbps<\/td>\n<\/tr>\n<tr>\n<td>2.4ghz:up to 300mpbs<\/td>\n<\/tr>\n<tr>\n<td>Reception sensitivity 5ghz and #65306;<\/td>\n<\/tr>\n<tr>\n<td>11a 6mbps:-91dbm@10% per<\/td>\n<\/tr>\n<tr>\n<td>11a 54mbps: -74dbm@10% per<\/td>\n<\/tr>\n<tr>\n<td>11ac ht20 mcs8: -68dbm@10% per<\/td>\n<\/tr>\n<tr>\n<td>11ac ht40 mcs9: -63dbm@10% per<\/td>\n<\/tr>\n<tr>\n<td>11ac ht80 mcs9: -59dbm@10% per<\/td>\n<\/tr>\n<tr>\n<td>2.4ghz<\/td>\n<\/tr>\n<tr>\n<td>11g 54m: -79dbm@10% per<\/td>\n<\/tr>\n<tr>\n<td>11n ht20 mcs7: -77dbm@10% per<\/td>\n<\/tr>\n<tr>\n<td>11n ht40 mcs7: -74dbm@10% per<\/td>\n<\/tr>\n<tr>\n<td>Wireless modes range extender\/access point<\/td>\n<\/tr>\n<tr>\n<td>Wireless statistic<\/td>\n<\/tr>\n<tr>\n<td>Concurrent mode boost both 2.4g\/5g wi-fi band<\/td>\n<\/tr>\n<tr>\n<td>Wireless functions wireless statistic<\/td>\n<\/tr>\n<tr>\n<td>Concurrent mode boost both 2.4g\/5g wi-fi band<\/td>\n<\/tr>\n<tr>\n<td>Access control<\/td>\n<\/tr>\n<tr>\n<td>Led control<\/td>\n<\/tr>\n<tr>\n<td>Domain login function<\/td>\n<\/tr>\n<tr>\n<td>Wireless security 64\/128-bit wep<\/td>\n<\/tr>\n<tr>\n<td>Wpa-psk \/ wpa2-psk<\/td>\n<\/tr>\n<tr>\n<td>Transmission power  17dbm(2.4ghz)<\/td>\n<\/tr>\n<tr>\n<td> 17dbm(5ghz)<\/td>\n<\/tr>\n<tr>\n<td>Others<\/td>\n<\/tr>\n<tr>\n<td>Certification ce, fcc, rohs<\/td>\n<\/tr>\n<tr>\n<td>Package contents ac1200 wi-fi range extender re305<\/td>\n<\/tr>\n<tr>\n<td>Quick installation guide<\/td>\n<\/tr>\n<tr>\n<td>Box dimensions (w x d x h) 6.15 x 4 x 3.7 in. (156.5 x 101.5 x 95mm)<\/td>\n<\/tr>\n<tr>\n<td>System requirements microsoft\u00ae windows\u00ae 98se, nt, 2000, xp, vista or windows 7, 8, 10, mac\u00ae os, netware\u00ae, unix\u00ae or linux.<\/td>\n<\/tr>\n<tr>\n<td>Environment operating temperature: 0\u00b0c~40\u00b0c (32\u00b0f~104\u00b0f)<\/td>\n<\/tr>\n<tr>\n<td>Storage temperature: -40\u00b0c~70\u00b0c (-40\u00b0f~158\u00b0f)<\/td>\n<\/tr>\n<tr>\n<td>Operating humidity: 10%~90% non-condensing<\/td>\n<\/tr>\n<tr>\n<td>Storage humidity: 5%~90% non-condensing<\/td>\n<\/tr>\n<\/table>\n","protected":false},"excerpt":{"rendered":"<p>Re305 extensor de rango wi-fi ac1200. Reviva la zona sin recepci\u00f3n son una potente expansi\u00f3n de wi-fi a una velocidad combinada de hasta 1.2gbps. Opera tanto sobre la banda de 2.4ghz (300mbps) como de 5ghz (867mbps) para una experiencia inal\u00e1mbrica m\u00e1s estable. La luz de se\u00f1al inteligente ayuda a encontrar r la mejor ubicaci\u00f3n para una cobertura wi-fi \u00f3ptima mostrando la potencia de la se\u00f1al. Funciona con cualquier router wi-fi o punto de acceso inal\u00e1mbrico. Extensi\u00f3n wi-fi de doble banda estable para revivir las zonas sin recepci\u00f3n. Expanda f\u00e1cilmente su cobertura wi-fi. \u00bfcansado de las zonas sin recepci\u00f3n de wi-fi en su casa? el extensor de rango el re305 se conecta a su router wi-fi inal\u00e1mbricamente, intensificando y expandiendo su se\u00f1al a \u00e1reas que no puede llegar por s\u00ed mismo, mientras que reduce la interferencia de se\u00f1al para asegurar una cobertura de wi-fi confiable en toda su casa u oficina. Wi-fi de banda dual de alta velocidad para mejores conexiones. El re305 le permite mantener m\u00e1s dispositivos conectados al mismo tiempo con sus bandas duales de 2.4ghz 300mbps y 5ghz 867mbps. Use la banda de 2.4ghz para enviar correos electr\u00f3nicos y navegar por internet y la banda de 5ghz para los juegos en l\u00ednea y el streaming en hd. Ubicaci\u00f3n perfecta a primer vistazo. Una luz de se\u00f1al inteligente le ayuda a encontrar r\u00e1pidamente la mejor ubicaci\u00f3n para instalar el re305. Azul buena. Conexi\u00f3n  rojo demasiado alejado. Del router. Modo de punto de acceso integrado. El re305 es m\u00e1s que un extensor de rango inal\u00e1mbrico. Simplemente conecte el cable ethernet en su puerto ethernet para cambiar f\u00e1cilmente su conexi\u00f3n de internet en un punto de acceso inal\u00e1mbrico de banda dual. F\u00e1cil administraci\u00f3n y control remoto. El re305 funciona con todos los routers wi-fi. Puede usar la app gratis de tether de tp-link para configurar el extensor de rango desde cualquier dispositivo android o ios en minutos. Esta app para tel\u00e9fono con infinidad de caracter\u00edsticas le permite disfrutar no s\u00f3lo de una instalaci\u00f3n sin complicaciones, sino que tambi\u00e9n puede acceder a una administraci\u00f3n avanzada de la red, todo al alcance de la mano.<\/p>\n","protected":false},"featured_media":220705,"comment_status":"open","ping_status":"open","template":"","meta":[],"product_cat":[1563,1755],"product_tag":[1562],"acf":[],"yoast_head":"<!-- This site is optimized with the Yoast SEO plugin v21.7 - https:\/\/yoast.com\/wordpress\/plugins\/seo\/ -->\n<title>[ Tp Link ] &#129351; Re305 Repetidor | Tp-link | | Inalambrico Extensor De Rango |ac1200| Modo Repetidor O Access Point<\/title>\n<meta name=\"description\" content=\"Compra Re305 Repetidor | Tp-link | | Inalambrico Extensor De Rango |ac1200| Modo Repetidor O Access Point + Env\u00edo a domicilio + Pago seguro + Garant\u00eda\" \/>\n<meta name=\"robots\" content=\"index, follow, max-snippet:-1, max-image-preview:large, max-video-preview:-1\" \/>\n<link rel=\"canonical\" href=\"https:\/\/compuviper.mx\/tienda\/producto\/tp-link-re305-repetidor-tp-link-inalambrico-extensor-de-rango-ac1200-modo-repetidor-o-access-point\/\" \/>\n<meta property=\"og:locale\" content=\"es_MX\" \/>\n<meta property=\"og:type\" content=\"article\" \/>\n<meta property=\"og:title\" content=\"[ Tp Link ] &#129351; Re305 Repetidor | Tp-link | | Inalambrico Extensor De Rango |ac1200| Modo Repetidor O Access Point\" \/>\n<meta property=\"og:description\" content=\"Compra Re305 Repetidor | Tp-link | | Inalambrico Extensor De Rango |ac1200| Modo Repetidor O Access Point + Env\u00edo a domicilio + Pago seguro + Garant\u00eda\" \/>\n<meta property=\"og:url\" content=\"https:\/\/compuviper.mx\/tienda\/producto\/tp-link-re305-repetidor-tp-link-inalambrico-extensor-de-rango-ac1200-modo-repetidor-o-access-point\/\" \/>\n<meta property=\"og:site_name\" content=\"Compuviper\" \/>\n<meta property=\"article:publisher\" content=\"https:\/\/www.facebook.com\/compuviper\" \/>\n<meta property=\"article:modified_time\" content=\"2026-04-11T07:02:06+00:00\" \/>\n<meta property=\"og:image\" content=\"https:\/\/compuviper.mx\/tienda\/wp-content\/uploads\/2023\/12\/Repetidor-tp-link-re305-inalambrico-extensor-de-rango-ac1200-modo-repetidor-o-access-point.jpg\" \/>\n\t<meta property=\"og:image:width\" content=\"200\" \/>\n\t<meta property=\"og:image:height\" content=\"200\" \/>\n\t<meta property=\"og:image:type\" content=\"image\/jpeg\" \/>\n<meta name=\"twitter:card\" content=\"summary_large_image\" \/>\n<meta name=\"twitter:label1\" content=\"Precio\" \/>\n\t<meta name=\"twitter:data1\" content=\"&#36;445 con IVA\" \/>\n\t<meta name=\"twitter:label2\" content=\"Availability\" \/>\n\t<meta name=\"twitter:data2\" content=\"In stock\" \/>\n<script type=\"application\/ld+json\" class=\"yoast-schema-graph\">{\"@context\":\"https:\/\/schema.org\",\"@graph\":[{\"@type\":\"WebPage\",\"@id\":\"https:\/\/compuviper.mx\/tienda\/producto\/tp-link-re305-repetidor-tp-link-inalambrico-extensor-de-rango-ac1200-modo-repetidor-o-access-point\/\",\"url\":\"https:\/\/compuviper.mx\/tienda\/producto\/tp-link-re305-repetidor-tp-link-inalambrico-extensor-de-rango-ac1200-modo-repetidor-o-access-point\/\",\"name\":\"[ Tp Link ] &#129351; Re305 Repetidor | Tp-link | | Inalambrico Extensor De Rango |ac1200| Modo Repetidor O Access Point\",\"isPartOf\":{\"@id\":\"https:\/\/compuviper.mx\/tienda\/#website\"},\"datePublished\":\"2026-04-11T07:02:05+00:00\",\"dateModified\":\"2026-04-11T07:02:06+00:00\",\"description\":\"Compra Re305 Repetidor | Tp-link | | Inalambrico Extensor De Rango |ac1200| Modo Repetidor O Access Point + Env\u00edo a domicilio + Pago seguro + Garant\u00eda\",\"breadcrumb\":{\"@id\":\"https:\/\/compuviper.mx\/tienda\/producto\/tp-link-re305-repetidor-tp-link-inalambrico-extensor-de-rango-ac1200-modo-repetidor-o-access-point\/#breadcrumb\"},\"inLanguage\":\"es-MX\",\"potentialAction\":[{\"@type\":\"ReadAction\",\"target\":[\"https:\/\/compuviper.mx\/tienda\/producto\/tp-link-re305-repetidor-tp-link-inalambrico-extensor-de-rango-ac1200-modo-repetidor-o-access-point\/\"]}]},{\"@type\":\"BreadcrumbList\",\"@id\":\"https:\/\/compuviper.mx\/tienda\/producto\/tp-link-re305-repetidor-tp-link-inalambrico-extensor-de-rango-ac1200-modo-repetidor-o-access-point\/#breadcrumb\",\"itemListElement\":[{\"@type\":\"ListItem\",\"position\":1,\"name\":\"Inicio\",\"item\":\"https:\/\/compuviper.mx\/tienda\/\"},{\"@type\":\"ListItem\",\"position\":2,\"name\":\"Productos\",\"item\":\"https:\/\/compuviper.mx\/tienda\/productos\/\"},{\"@type\":\"ListItem\",\"position\":3,\"name\":\"Redes\",\"item\":\"https:\/\/compuviper.mx\/tienda\/categoria-producto\/redes\/\"},{\"@type\":\"ListItem\",\"position\":4,\"name\":\"Repetidor Wireless\",\"item\":\"https:\/\/compuviper.mx\/tienda\/categoria-producto\/redes\/repetidor-wireless\/\"},{\"@type\":\"ListItem\",\"position\":5,\"name\":\"Tp Link Re305 Repetidor | Tp-link | | Inalambrico Extensor De Rango |ac1200| Modo Repetidor O Access Point\"}]},{\"@type\":\"WebSite\",\"@id\":\"https:\/\/compuviper.mx\/tienda\/#website\",\"url\":\"https:\/\/compuviper.mx\/tienda\/\",\"name\":\"Compuviper\",\"description\":\"Proveedor de Computadoras, Laptops, Servidores, Monitores, Puntos de Venta, Teclados,   Impresoras, T\u00f3ner, C\u00e1maras de Seguridad y m\u00e1s en tu tienda en l\u00ednea\",\"publisher\":{\"@id\":\"https:\/\/compuviper.mx\/tienda\/#organization\"},\"potentialAction\":[{\"@type\":\"SearchAction\",\"target\":{\"@type\":\"EntryPoint\",\"urlTemplate\":\"https:\/\/compuviper.mx\/tienda\/?s={search_term_string}\"},\"query-input\":\"required name=search_term_string\"}],\"inLanguage\":\"es-MX\"},{\"@type\":\"Organization\",\"@id\":\"https:\/\/compuviper.mx\/tienda\/#organization\",\"name\":\"Compuviper\",\"url\":\"https:\/\/compuviper.mx\/tienda\/\",\"logo\":{\"@type\":\"ImageObject\",\"inLanguage\":\"es-MX\",\"@id\":\"https:\/\/compuviper.mx\/tienda\/#\/schema\/logo\/image\/\",\"url\":\"https:\/\/compuviper.mx\/tienda\/wp-content\/uploads\/2021\/08\/Logo-Compuviper-10.png\",\"contentUrl\":\"https:\/\/compuviper.mx\/tienda\/wp-content\/uploads\/2021\/08\/Logo-Compuviper-10.png\",\"width\":1000,\"height\":500,\"caption\":\"Compuviper\"},\"image\":{\"@id\":\"https:\/\/compuviper.mx\/tienda\/#\/schema\/logo\/image\/\"},\"sameAs\":[\"https:\/\/www.facebook.com\/compuviper\",\"https:\/\/www.youtube.com\/channel\/UCf73dERp9Y3cfOq7q8BhLjA?view_as=subscriber\"]}]}<\/script>\n<meta property=\"product:brand\" content=\"TP LINK\" \/>\n<meta property=\"product:price:amount\" content=\"445\" \/>\n<meta property=\"product:price:currency\" content=\"MXN\" \/>\n<meta property=\"og:availability\" content=\"instock\" \/>\n<meta property=\"product:availability\" content=\"instock\" \/>\n<meta property=\"product:retailer_item_id\" content=\"RE305\" \/>\n<meta property=\"product:condition\" content=\"new\" \/>\n<!-- \/ Yoast SEO plugin. -->","yoast_head_json":{"title":"[ Tp Link ] &#129351; Re305 Repetidor | Tp-link | | Inalambrico Extensor De Rango |ac1200| Modo Repetidor O Access Point","description":"Compra Re305 Repetidor | Tp-link | | Inalambrico Extensor De Rango |ac1200| Modo Repetidor O Access Point + Env\u00edo a domicilio + Pago seguro + Garant\u00eda","robots":{"index":"index","follow":"follow","max-snippet":"max-snippet:-1","max-image-preview":"max-image-preview:large","max-video-preview":"max-video-preview:-1"},"canonical":"https:\/\/compuviper.mx\/tienda\/producto\/tp-link-re305-repetidor-tp-link-inalambrico-extensor-de-rango-ac1200-modo-repetidor-o-access-point\/","og_locale":"es_MX","og_type":"article","og_title":"[ Tp Link ] &#129351; Re305 Repetidor | Tp-link | | Inalambrico Extensor De Rango |ac1200| Modo Repetidor O Access Point","og_description":"Compra Re305 Repetidor | Tp-link | | Inalambrico Extensor De Rango |ac1200| Modo Repetidor O Access Point + Env\u00edo a domicilio + Pago seguro + Garant\u00eda","og_url":"https:\/\/compuviper.mx\/tienda\/producto\/tp-link-re305-repetidor-tp-link-inalambrico-extensor-de-rango-ac1200-modo-repetidor-o-access-point\/","og_site_name":"Compuviper","article_publisher":"https:\/\/www.facebook.com\/compuviper","article_modified_time":"2026-04-11T07:02:06+00:00","og_image":[{"width":200,"height":200,"url":"https:\/\/compuviper.mx\/tienda\/wp-content\/uploads\/2023\/12\/Repetidor-tp-link-re305-inalambrico-extensor-de-rango-ac1200-modo-repetidor-o-access-point.jpg","type":"image\/jpeg"}],"twitter_card":"summary_large_image","twitter_misc":{"Precio":"&#36;445 con IVA","Availability":"In stock"},"schema":{"@context":"https:\/\/schema.org","@graph":[{"@type":"WebPage","@id":"https:\/\/compuviper.mx\/tienda\/producto\/tp-link-re305-repetidor-tp-link-inalambrico-extensor-de-rango-ac1200-modo-repetidor-o-access-point\/","url":"https:\/\/compuviper.mx\/tienda\/producto\/tp-link-re305-repetidor-tp-link-inalambrico-extensor-de-rango-ac1200-modo-repetidor-o-access-point\/","name":"[ Tp Link ] &#129351; Re305 Repetidor | Tp-link | | Inalambrico Extensor De Rango |ac1200| Modo Repetidor O Access Point","isPartOf":{"@id":"https:\/\/compuviper.mx\/tienda\/#website"},"datePublished":"2026-04-11T07:02:05+00:00","dateModified":"2026-04-11T07:02:06+00:00","description":"Compra Re305 Repetidor | Tp-link | | Inalambrico Extensor De Rango |ac1200| Modo Repetidor O Access Point + Env\u00edo a domicilio + Pago seguro + Garant\u00eda","breadcrumb":{"@id":"https:\/\/compuviper.mx\/tienda\/producto\/tp-link-re305-repetidor-tp-link-inalambrico-extensor-de-rango-ac1200-modo-repetidor-o-access-point\/#breadcrumb"},"inLanguage":"es-MX","potentialAction":[{"@type":"ReadAction","target":["https:\/\/compuviper.mx\/tienda\/producto\/tp-link-re305-repetidor-tp-link-inalambrico-extensor-de-rango-ac1200-modo-repetidor-o-access-point\/"]}]},{"@type":"BreadcrumbList","@id":"https:\/\/compuviper.mx\/tienda\/producto\/tp-link-re305-repetidor-tp-link-inalambrico-extensor-de-rango-ac1200-modo-repetidor-o-access-point\/#breadcrumb","itemListElement":[{"@type":"ListItem","position":1,"name":"Inicio","item":"https:\/\/compuviper.mx\/tienda\/"},{"@type":"ListItem","position":2,"name":"Productos","item":"https:\/\/compuviper.mx\/tienda\/productos\/"},{"@type":"ListItem","position":3,"name":"Redes","item":"https:\/\/compuviper.mx\/tienda\/categoria-producto\/redes\/"},{"@type":"ListItem","position":4,"name":"Repetidor Wireless","item":"https:\/\/compuviper.mx\/tienda\/categoria-producto\/redes\/repetidor-wireless\/"},{"@type":"ListItem","position":5,"name":"Tp Link Re305 Repetidor | Tp-link | | Inalambrico Extensor De Rango |ac1200| Modo Repetidor O Access Point"}]},{"@type":"WebSite","@id":"https:\/\/compuviper.mx\/tienda\/#website","url":"https:\/\/compuviper.mx\/tienda\/","name":"Compuviper","description":"Proveedor de Computadoras, Laptops, Servidores, Monitores, Puntos de Venta, Teclados,   Impresoras, T\u00f3ner, C\u00e1maras de Seguridad y m\u00e1s en tu tienda en l\u00ednea","publisher":{"@id":"https:\/\/compuviper.mx\/tienda\/#organization"},"potentialAction":[{"@type":"SearchAction","target":{"@type":"EntryPoint","urlTemplate":"https:\/\/compuviper.mx\/tienda\/?s={search_term_string}"},"query-input":"required name=search_term_string"}],"inLanguage":"es-MX"},{"@type":"Organization","@id":"https:\/\/compuviper.mx\/tienda\/#organization","name":"Compuviper","url":"https:\/\/compuviper.mx\/tienda\/","logo":{"@type":"ImageObject","inLanguage":"es-MX","@id":"https:\/\/compuviper.mx\/tienda\/#\/schema\/logo\/image\/","url":"https:\/\/compuviper.mx\/tienda\/wp-content\/uploads\/2021\/08\/Logo-Compuviper-10.png","contentUrl":"https:\/\/compuviper.mx\/tienda\/wp-content\/uploads\/2021\/08\/Logo-Compuviper-10.png","width":1000,"height":500,"caption":"Compuviper"},"image":{"@id":"https:\/\/compuviper.mx\/tienda\/#\/schema\/logo\/image\/"},"sameAs":["https:\/\/www.facebook.com\/compuviper","https:\/\/www.youtube.com\/channel\/UCf73dERp9Y3cfOq7q8BhLjA?view_as=subscriber"]}]},"product_brand":"TP LINK","product_price_amount":"445","product_price_currency":"MXN","og_availability":"instock","product_availability":"instock","product_retailer_item_id":"RE305","product_condition":"new"},"_links":{"self":[{"href":"https:\/\/compuviper.mx\/tienda\/wp-json\/wp\/v2\/product\/220704"}],"collection":[{"href":"https:\/\/compuviper.mx\/tienda\/wp-json\/wp\/v2\/product"}],"about":[{"href":"https:\/\/compuviper.mx\/tienda\/wp-json\/wp\/v2\/types\/product"}],"replies":[{"embeddable":true,"href":"https:\/\/compuviper.mx\/tienda\/wp-json\/wp\/v2\/comments?post=220704"}],"wp:featuredmedia":[{"embeddable":true,"href":"https:\/\/compuviper.mx\/tienda\/wp-json\/wp\/v2\/media\/220705"}],"wp:attachment":[{"href":"https:\/\/compuviper.mx\/tienda\/wp-json\/wp\/v2\/media?parent=220704"}],"wp:term":[{"taxonomy":"product_cat","embeddable":true,"href":"https:\/\/compuviper.mx\/tienda\/wp-json\/wp\/v2\/product_cat?post=220704"},{"taxonomy":"product_tag","embeddable":true,"href":"https:\/\/compuviper.mx\/tienda\/wp-json\/wp\/v2\/product_tag?post=220704"}],"curies":[{"name":"wp","href":"https:\/\/api.w.org\/{rel}","templated":true}]}}