{"id":220692,"date":"2026-04-25T23:20:00","date_gmt":"2026-04-26T05:20:00","guid":{"rendered":"https:\/\/compuviper.mx\/tienda\/producto\/tp-link-ms108-switch-mercusys-8-puertos-rj45-10-100-mbps-no-administrable-para-escritorio\/"},"modified":"2026-04-25T23:20:00","modified_gmt":"2026-04-26T05:20:00","slug":"tp-link-ms108-switch-mercusys-8-puertos-rj45-10-100-mbps-no-administrable","status":"publish","type":"product","link":"https:\/\/compuviper.mx\/tienda\/producto\/tp-link-ms108-switch-mercusys-8-puertos-rj45-10-100-mbps-no-administrable\/","title":{"rendered":"Tp Link Ms108 Switch   Mercusys   8 Puertos Rj45 10\/100 Mbps No Administrable"},"content":{"rendered":"<table class=\"descripcion\">\n<tr>\n<td>Dimensiones: 127 x 60,3 x 22 mm<\/td>\n<\/tr>\n<tr>\n<td>Interfaces: 8 puertos 10 \/ 100mbps, negociaci\u00f3n autom\u00e1tica, auto-mdi \/ mdix<\/td>\n<\/tr>\n<tr>\n<td>Fuente de alimentaci\u00f3n externa: adaptador de energ\u00eda externo (salida: 5.0vdc \/ 0.6a)<\/td>\n<\/tr>\n<tr>\n<td>Normas y protocolos: ieee 802.3, ieee 802.3u, ieee 802.3x   csma \/ cd<\/td>\n<\/tr>\n<tr>\n<td>Ventilador: sin ventilador<\/td>\n<\/tr>\n<tr>\n<td>Tasas de transferencia de datos: 10 \/ 100mbps half d\u00faplex   20\/200 mbps full duplex<\/td>\n<\/tr>\n<tr>\n<td>Capacidad del b\u00faffer: 768kb<\/td>\n<\/tr>\n<tr>\n<td>Jumbo frame: 2 kb<\/td>\n<\/tr>\n<tr>\n<td>Capacidad de conmutaci\u00f3n: 1.6 gbps<\/td>\n<\/tr>\n<tr>\n<td>Led: ethernet (1, 2, 3, 4, 5, 6, 7, 8), power<\/td>\n<\/tr>\n<tr>\n<td>M\u00e9todo de transferencia: almacenamiento y reenvio<\/td>\n<\/tr>\n<tr>\n<td>Certificaciones: ce, rohs<\/td>\n<\/tr>\n<tr>\n<td>Contenidos del paquete: interruptor de escritorio 8 puertos a 10 \/ 100mbps, adaptador de corriente, gu\u00eda de instalaci\u00f3n r\u00e1pida.<\/td>\n<\/tr>\n<tr>\n<td>Ambiente:<\/td>\n<\/tr>\n<tr>\n<td>Temperatura de funcionamiento: 0 \u00b0 c ~ 40 \u00b0 c (32 \u00b0 f ~ 104 \u00b0 f)<\/td>\n<\/tr>\n<tr>\n<td>Temperatura de almacenamiento: -40 \u00b0 c ~ 70 \u00b0 c (-40 \u00b0 f ~ 158 \u00b0 f)<\/td>\n<\/tr>\n<tr>\n<td>Humedad de funcionamiento: 10% ~ 90% sin condensaci\u00f3n<\/td>\n<\/tr>\n<tr>\n<td>Humedad de almacenamiento: 5% ~ 90% sin condensaci\u00f3n<\/td>\n<\/tr>\n<\/table>\n","protected":false},"excerpt":{"rendered":"<p>Ms108 interruptor de escritorio 8 puertos a 10\/100mbps. * ocho puertos rj45 de negociaci\u00f3n autom\u00e1tica 10 \/ 100mbps con auto mdi \/ mdix soportados. * expansi\u00f3n de la red f\u00e1cilmente cableada. * dise\u00f1o compacto para una colocaci\u00f3n flexible. * plug and play de instalaci\u00f3n, no requiere configuraci\u00f3n. Dise\u00f1o elegante y ultra compacto: sobre el mismo tama\u00f1o que un tel\u00e9fono inteligente, el ms108 se puede colocar en cualquier lugar de su hogar sin ocupar demasiado espacio. Su dise\u00f1o sin ventilador permite que siga siendo discreto, independientemente de cu\u00e1nto tiempo ha estado funcionando. Ampliar la red de ethernet: con ocho puertos 10 \/ 100mbps ethernet, puede expandir r\u00e1pidamente su red cableada. El ms108 es flexible y es totalmente compatible con ordenadores, impresoras, c\u00e1maras ip, televisores inteligentes, consolas de juegos y mucho m\u00e1s. Esto hace que sea perfecto para el hogar, peque\u00f1a oficina, e incluso entornos compartidos. Facilidad de uso: olvidarse de instalaci\u00f3n complicada. S\u00f3lo tiene que conectar el interruptor a su televisor o un ordenador mediante un cable ethernet para expandir inmediatamente a su red cableada. Absolutamente no se requiere ninguna configuraci\u00f3n. Desempe\u00f1o confiable: half \/ full d\u00faplex y la direcci\u00f3n mac tecnolog\u00eda de aprendizaje. El ms108 proporciona hasta 1.6 gbps de ancho de banda de conmutaci\u00f3n estable. Cada unidad se somete a pruebas exhaustivas antes de su env\u00edo, asegurando que el ms108 proporcionar\u00e1 conexiones fiables y sin interrupciones. En los a\u00f1os venideros.<\/p>\n","protected":false},"featured_media":220693,"comment_status":"open","ping_status":"open","template":"","meta":[],"product_cat":[1563,1564],"product_tag":[1562],"acf":[],"yoast_head":"<!-- This site is optimized with the Yoast SEO plugin v21.7 - https:\/\/yoast.com\/wordpress\/plugins\/seo\/ -->\n<title>[ Tp Link ] &#129351; Ms108 Switch Mercusys 8 Puertos Rj45 10\/100 Mbps No Administrable<\/title>\n<meta name=\"description\" content=\"Compra Ms108 Switch Mercusys 8 Puertos Rj45 10\/100 Mbps No Administrable + Env\u00edo a domicilio + Pago seguro + Garant\u00eda\" \/>\n<meta name=\"robots\" content=\"index, follow, max-snippet:-1, max-image-preview:large, max-video-preview:-1\" \/>\n<link rel=\"canonical\" href=\"https:\/\/compuviper.mx\/tienda\/producto\/tp-link-ms108-switch-mercusys-8-puertos-rj45-10-100-mbps-no-administrable\/\" \/>\n<meta property=\"og:locale\" content=\"es_MX\" \/>\n<meta property=\"og:type\" content=\"article\" \/>\n<meta property=\"og:title\" content=\"[ Tp Link ] &#129351; Ms108 Switch Mercusys 8 Puertos Rj45 10\/100 Mbps No Administrable\" \/>\n<meta property=\"og:description\" content=\"Compra Ms108 Switch Mercusys 8 Puertos Rj45 10\/100 Mbps No Administrable + Env\u00edo a domicilio + Pago seguro + Garant\u00eda\" \/>\n<meta property=\"og:url\" content=\"https:\/\/compuviper.mx\/tienda\/producto\/tp-link-ms108-switch-mercusys-8-puertos-rj45-10-100-mbps-no-administrable\/\" \/>\n<meta property=\"og:site_name\" content=\"Compuviper\" \/>\n<meta property=\"article:publisher\" content=\"https:\/\/www.facebook.com\/compuviper\" \/>\n<meta property=\"og:image\" content=\"https:\/\/compuviper.mx\/tienda\/wp-content\/uploads\/2023\/12\/Switch-mercusys-ms108-8-puertos-rj45-10100-mbps-no-administrable-para-escritorio.jpg\" \/>\n\t<meta property=\"og:image:width\" content=\"200\" \/>\n\t<meta property=\"og:image:height\" content=\"200\" \/>\n\t<meta property=\"og:image:type\" content=\"image\/jpeg\" \/>\n<meta name=\"twitter:card\" content=\"summary_large_image\" \/>\n<meta name=\"twitter:label1\" content=\"Precio\" \/>\n\t<meta name=\"twitter:data1\" content=\"&#36;96 con IVA\" \/>\n\t<meta name=\"twitter:label2\" content=\"Availability\" \/>\n\t<meta name=\"twitter:data2\" content=\"In stock\" \/>\n<script type=\"application\/ld+json\" class=\"yoast-schema-graph\">{\"@context\":\"https:\/\/schema.org\",\"@graph\":[{\"@type\":\"WebPage\",\"@id\":\"https:\/\/compuviper.mx\/tienda\/producto\/tp-link-ms108-switch-mercusys-8-puertos-rj45-10-100-mbps-no-administrable\/\",\"url\":\"https:\/\/compuviper.mx\/tienda\/producto\/tp-link-ms108-switch-mercusys-8-puertos-rj45-10-100-mbps-no-administrable\/\",\"name\":\"[ Tp Link ] &#129351; Ms108 Switch Mercusys 8 Puertos Rj45 10\/100 Mbps No Administrable\",\"isPartOf\":{\"@id\":\"https:\/\/compuviper.mx\/tienda\/#website\"},\"datePublished\":\"2026-04-26T05:20:00+00:00\",\"dateModified\":\"2026-04-26T05:20:00+00:00\",\"description\":\"Compra Ms108 Switch Mercusys 8 Puertos Rj45 10\/100 Mbps No Administrable + Env\u00edo a domicilio + Pago seguro + Garant\u00eda\",\"breadcrumb\":{\"@id\":\"https:\/\/compuviper.mx\/tienda\/producto\/tp-link-ms108-switch-mercusys-8-puertos-rj45-10-100-mbps-no-administrable\/#breadcrumb\"},\"inLanguage\":\"es-MX\",\"potentialAction\":[{\"@type\":\"ReadAction\",\"target\":[\"https:\/\/compuviper.mx\/tienda\/producto\/tp-link-ms108-switch-mercusys-8-puertos-rj45-10-100-mbps-no-administrable\/\"]}]},{\"@type\":\"BreadcrumbList\",\"@id\":\"https:\/\/compuviper.mx\/tienda\/producto\/tp-link-ms108-switch-mercusys-8-puertos-rj45-10-100-mbps-no-administrable\/#breadcrumb\",\"itemListElement\":[{\"@type\":\"ListItem\",\"position\":1,\"name\":\"Inicio\",\"item\":\"https:\/\/compuviper.mx\/tienda\/\"},{\"@type\":\"ListItem\",\"position\":2,\"name\":\"Productos\",\"item\":\"https:\/\/compuviper.mx\/tienda\/productos\/\"},{\"@type\":\"ListItem\",\"position\":3,\"name\":\"Redes\",\"item\":\"https:\/\/compuviper.mx\/tienda\/categoria-producto\/redes\/\"},{\"@type\":\"ListItem\",\"position\":4,\"name\":\"Switch\",\"item\":\"https:\/\/compuviper.mx\/tienda\/categoria-producto\/redes\/switch\/\"},{\"@type\":\"ListItem\",\"position\":5,\"name\":\"Tp Link Ms108 Switch Mercusys 8 Puertos Rj45 10\/100 Mbps No Administrable\"}]},{\"@type\":\"WebSite\",\"@id\":\"https:\/\/compuviper.mx\/tienda\/#website\",\"url\":\"https:\/\/compuviper.mx\/tienda\/\",\"name\":\"Compuviper\",\"description\":\"Proveedor de Computadoras, Laptops, Servidores, Monitores, Puntos de Venta, Teclados,   Impresoras, T\u00f3ner, C\u00e1maras de Seguridad y m\u00e1s en tu tienda en l\u00ednea\",\"publisher\":{\"@id\":\"https:\/\/compuviper.mx\/tienda\/#organization\"},\"potentialAction\":[{\"@type\":\"SearchAction\",\"target\":{\"@type\":\"EntryPoint\",\"urlTemplate\":\"https:\/\/compuviper.mx\/tienda\/?s={search_term_string}\"},\"query-input\":\"required name=search_term_string\"}],\"inLanguage\":\"es-MX\"},{\"@type\":\"Organization\",\"@id\":\"https:\/\/compuviper.mx\/tienda\/#organization\",\"name\":\"Compuviper\",\"url\":\"https:\/\/compuviper.mx\/tienda\/\",\"logo\":{\"@type\":\"ImageObject\",\"inLanguage\":\"es-MX\",\"@id\":\"https:\/\/compuviper.mx\/tienda\/#\/schema\/logo\/image\/\",\"url\":\"https:\/\/compuviper.mx\/tienda\/wp-content\/uploads\/2021\/08\/Logo-Compuviper-10.png\",\"contentUrl\":\"https:\/\/compuviper.mx\/tienda\/wp-content\/uploads\/2021\/08\/Logo-Compuviper-10.png\",\"width\":1000,\"height\":500,\"caption\":\"Compuviper\"},\"image\":{\"@id\":\"https:\/\/compuviper.mx\/tienda\/#\/schema\/logo\/image\/\"},\"sameAs\":[\"https:\/\/www.facebook.com\/compuviper\",\"https:\/\/www.youtube.com\/channel\/UCf73dERp9Y3cfOq7q8BhLjA?view_as=subscriber\"]}]}<\/script>\n<meta property=\"product:brand\" content=\"TP LINK\" \/>\n<meta property=\"product:price:amount\" content=\"96\" \/>\n<meta property=\"product:price:currency\" content=\"MXN\" \/>\n<meta property=\"og:availability\" content=\"instock\" \/>\n<meta property=\"product:availability\" content=\"instock\" \/>\n<meta property=\"product:retailer_item_id\" content=\"MS108\" \/>\n<meta property=\"product:condition\" content=\"new\" \/>\n<!-- \/ Yoast SEO plugin. -->","yoast_head_json":{"title":"[ Tp Link ] &#129351; Ms108 Switch Mercusys 8 Puertos Rj45 10\/100 Mbps No Administrable","description":"Compra Ms108 Switch Mercusys 8 Puertos Rj45 10\/100 Mbps No Administrable + Env\u00edo a domicilio + Pago seguro + Garant\u00eda","robots":{"index":"index","follow":"follow","max-snippet":"max-snippet:-1","max-image-preview":"max-image-preview:large","max-video-preview":"max-video-preview:-1"},"canonical":"https:\/\/compuviper.mx\/tienda\/producto\/tp-link-ms108-switch-mercusys-8-puertos-rj45-10-100-mbps-no-administrable\/","og_locale":"es_MX","og_type":"article","og_title":"[ Tp Link ] &#129351; Ms108 Switch Mercusys 8 Puertos Rj45 10\/100 Mbps No Administrable","og_description":"Compra Ms108 Switch Mercusys 8 Puertos Rj45 10\/100 Mbps No Administrable + Env\u00edo a domicilio + Pago seguro + Garant\u00eda","og_url":"https:\/\/compuviper.mx\/tienda\/producto\/tp-link-ms108-switch-mercusys-8-puertos-rj45-10-100-mbps-no-administrable\/","og_site_name":"Compuviper","article_publisher":"https:\/\/www.facebook.com\/compuviper","og_image":[{"width":200,"height":200,"url":"https:\/\/compuviper.mx\/tienda\/wp-content\/uploads\/2023\/12\/Switch-mercusys-ms108-8-puertos-rj45-10100-mbps-no-administrable-para-escritorio.jpg","type":"image\/jpeg"}],"twitter_card":"summary_large_image","twitter_misc":{"Precio":"&#36;96 con IVA","Availability":"In stock"},"schema":{"@context":"https:\/\/schema.org","@graph":[{"@type":"WebPage","@id":"https:\/\/compuviper.mx\/tienda\/producto\/tp-link-ms108-switch-mercusys-8-puertos-rj45-10-100-mbps-no-administrable\/","url":"https:\/\/compuviper.mx\/tienda\/producto\/tp-link-ms108-switch-mercusys-8-puertos-rj45-10-100-mbps-no-administrable\/","name":"[ Tp Link ] &#129351; Ms108 Switch Mercusys 8 Puertos Rj45 10\/100 Mbps No Administrable","isPartOf":{"@id":"https:\/\/compuviper.mx\/tienda\/#website"},"datePublished":"2026-04-26T05:20:00+00:00","dateModified":"2026-04-26T05:20:00+00:00","description":"Compra Ms108 Switch Mercusys 8 Puertos Rj45 10\/100 Mbps No Administrable + Env\u00edo a domicilio + Pago seguro + Garant\u00eda","breadcrumb":{"@id":"https:\/\/compuviper.mx\/tienda\/producto\/tp-link-ms108-switch-mercusys-8-puertos-rj45-10-100-mbps-no-administrable\/#breadcrumb"},"inLanguage":"es-MX","potentialAction":[{"@type":"ReadAction","target":["https:\/\/compuviper.mx\/tienda\/producto\/tp-link-ms108-switch-mercusys-8-puertos-rj45-10-100-mbps-no-administrable\/"]}]},{"@type":"BreadcrumbList","@id":"https:\/\/compuviper.mx\/tienda\/producto\/tp-link-ms108-switch-mercusys-8-puertos-rj45-10-100-mbps-no-administrable\/#breadcrumb","itemListElement":[{"@type":"ListItem","position":1,"name":"Inicio","item":"https:\/\/compuviper.mx\/tienda\/"},{"@type":"ListItem","position":2,"name":"Productos","item":"https:\/\/compuviper.mx\/tienda\/productos\/"},{"@type":"ListItem","position":3,"name":"Redes","item":"https:\/\/compuviper.mx\/tienda\/categoria-producto\/redes\/"},{"@type":"ListItem","position":4,"name":"Switch","item":"https:\/\/compuviper.mx\/tienda\/categoria-producto\/redes\/switch\/"},{"@type":"ListItem","position":5,"name":"Tp Link Ms108 Switch Mercusys 8 Puertos Rj45 10\/100 Mbps No Administrable"}]},{"@type":"WebSite","@id":"https:\/\/compuviper.mx\/tienda\/#website","url":"https:\/\/compuviper.mx\/tienda\/","name":"Compuviper","description":"Proveedor de Computadoras, Laptops, Servidores, Monitores, Puntos de Venta, Teclados,   Impresoras, T\u00f3ner, C\u00e1maras de Seguridad y m\u00e1s en tu tienda en l\u00ednea","publisher":{"@id":"https:\/\/compuviper.mx\/tienda\/#organization"},"potentialAction":[{"@type":"SearchAction","target":{"@type":"EntryPoint","urlTemplate":"https:\/\/compuviper.mx\/tienda\/?s={search_term_string}"},"query-input":"required name=search_term_string"}],"inLanguage":"es-MX"},{"@type":"Organization","@id":"https:\/\/compuviper.mx\/tienda\/#organization","name":"Compuviper","url":"https:\/\/compuviper.mx\/tienda\/","logo":{"@type":"ImageObject","inLanguage":"es-MX","@id":"https:\/\/compuviper.mx\/tienda\/#\/schema\/logo\/image\/","url":"https:\/\/compuviper.mx\/tienda\/wp-content\/uploads\/2021\/08\/Logo-Compuviper-10.png","contentUrl":"https:\/\/compuviper.mx\/tienda\/wp-content\/uploads\/2021\/08\/Logo-Compuviper-10.png","width":1000,"height":500,"caption":"Compuviper"},"image":{"@id":"https:\/\/compuviper.mx\/tienda\/#\/schema\/logo\/image\/"},"sameAs":["https:\/\/www.facebook.com\/compuviper","https:\/\/www.youtube.com\/channel\/UCf73dERp9Y3cfOq7q8BhLjA?view_as=subscriber"]}]},"product_brand":"TP LINK","product_price_amount":"96","product_price_currency":"MXN","og_availability":"instock","product_availability":"instock","product_retailer_item_id":"MS108","product_condition":"new"},"_links":{"self":[{"href":"https:\/\/compuviper.mx\/tienda\/wp-json\/wp\/v2\/product\/220692"}],"collection":[{"href":"https:\/\/compuviper.mx\/tienda\/wp-json\/wp\/v2\/product"}],"about":[{"href":"https:\/\/compuviper.mx\/tienda\/wp-json\/wp\/v2\/types\/product"}],"replies":[{"embeddable":true,"href":"https:\/\/compuviper.mx\/tienda\/wp-json\/wp\/v2\/comments?post=220692"}],"wp:featuredmedia":[{"embeddable":true,"href":"https:\/\/compuviper.mx\/tienda\/wp-json\/wp\/v2\/media\/220693"}],"wp:attachment":[{"href":"https:\/\/compuviper.mx\/tienda\/wp-json\/wp\/v2\/media?parent=220692"}],"wp:term":[{"taxonomy":"product_cat","embeddable":true,"href":"https:\/\/compuviper.mx\/tienda\/wp-json\/wp\/v2\/product_cat?post=220692"},{"taxonomy":"product_tag","embeddable":true,"href":"https:\/\/compuviper.mx\/tienda\/wp-json\/wp\/v2\/product_tag?post=220692"}],"curies":[{"name":"wp","href":"https:\/\/api.w.org\/{rel}","templated":true}]}}