{"id":220686,"date":"2026-04-14T00:59:54","date_gmt":"2026-04-14T06:59:54","guid":{"rendered":"https:\/\/compuviper.mx\/tienda\/producto\/hewlett-packard-enterprise-jl262a-switch-hp-aruba-2930f-48-puertos-rj45-10-100-1000-poe-370w-y-4-sfp-1g-administrable-capa-3-rip-ospf-acls-qos\/"},"modified":"2026-04-14T00:59:54","modified_gmt":"2026-04-14T06:59:54","slug":"hewlett-packard-enterprise-jl262a-switch-hpe-aruba-2930f-48g-rj45-poe-370w-y-4-sfp-1g-administrable-l3","status":"publish","type":"product","link":"https:\/\/compuviper.mx\/tienda\/producto\/hewlett-packard-enterprise-jl262a-switch-hpe-aruba-2930f-48g-rj45-poe-370w-y-4-sfp-1g-administrable-l3\/","title":{"rendered":"Hewlett Packard Enterprise Jl262a Switch Hpe Aruba  2930f 48g Rj45 Poe 370w Y 4 Sfp 1g Administrable L3"},"content":{"rendered":"<table class=\"descripcion\">\n<tr>\n<td>*puertos: (48) puertos rj-45 poe+ 10\/100\/1000 con detecci\u00f3n autom\u00e1tica; (4) sfp.<\/td>\n<\/tr>\n<tr>\n<td>*puertos adicionales y slots: 1 puerto serial de consola dual-personalidad (rj45 o usb micro-b).<\/td>\n<\/tr>\n<tr>\n<td>*memoria y procesador: dual core arm coretex a 1016 mhz; 1 gb de sdram ddr3; tama\u00f1o de b\u00fafer para paquetes: entrada de 12,38 gb 4,5 mb \/ salida de 7,875 mb; emmc de 4 gb.<\/td>\n<\/tr>\n<tr>\n<td>*latencia: latencia de 1000 mb:   3,8 \u00b5s.<\/td>\n<\/tr>\n<tr>\n<td>*velocidad: hasta 77,4 mpps.<\/td>\n<\/tr>\n<tr>\n<td>*capacidad de conmutaci\u00f3n: 104 gbps.<\/td>\n<\/tr>\n<tr>\n<td>* tama\u00f1o de la tabla de enrutamiento: 2000 entradas (ipv4), 1000 entradas (ipv6).<\/td>\n<\/tr>\n<tr>\n<td>* tama\u00f1o de la tabla de direcciones mac: 32768 entradas.<\/td>\n<\/tr>\n<tr>\n<td>*funci\u00f3n poe: 370 w poe+.<\/td>\n<\/tr>\n<tr>\n<td>*funciones de gesti\u00f3n: gesti\u00f3n de redes airwave aruba; imc &#8211; intelligent management center; interfaz de l\u00ednea de comandos; explorador web; men\u00fa de configuraci\u00f3n; gestor de snmp; telnet<\/td>\n<\/tr>\n<tr>\n<td>Rmon1; ftp; gesti\u00f3n fuera de banda (rs-232c de serie o micro usb).<\/td>\n<\/tr>\n<tr>\n<td>*voltaje de entrada: 100 &#8211; 127 \/ 200 &#8211; 240 vca, valor nominal.<\/td>\n<\/tr>\n<tr>\n<td>*margen de temperaturas operativas: de 0 a 45\u00b0c.<\/td>\n<\/tr>\n<tr>\n<td>*intervalo de humedad en funcionamiento: de 15 a 95% (sin condensaci\u00f3n).<\/td>\n<\/tr>\n<tr>\n<td>*consumo energ\u00e9tico: 459 w (m\u00e1ximo).<\/td>\n<\/tr>\n<tr>\n<td>*disipaci\u00f3n del calor: 1566 btu\/h (1652,13 kj\/h).<\/td>\n<\/tr>\n<tr>\n<td>*garant\u00eda: garant\u00eda limitada de por vida: consulte www.hpe.com\/networking\/warrantysummary para obtener informaci\u00f3n sobre la garant\u00eda y el soporte incluidos con la compra del producto.<\/td>\n<\/tr>\n<tr>\n<td>*dimensiones m\u00ednimas (p x a x l): 44,25 x 30,42 x 4,39 cm.<\/td>\n<\/tr>\n<tr>\n<td>*peso: 4,46 kg; 4,45 kg (9,83 lb).<\/td>\n<\/tr>\n<tr>\n<td>*contenido de la caja: (1) conmutador aruba 2930f 48g poe+ 4sfp, (1) cable de alimentaci\u00f3n,(1) kit de tornillos, (4) orejas de montaje, (4) patas de tope, (1) sujeta cables.<\/td>\n<\/tr>\n<\/table>\n","protected":false},"excerpt":{"rendered":"<p>La serie de conmutadores aruba 2930f est\u00e1 dise\u00f1ada para clientes que crean lugares de trabajo digitales optimizados para usuarios m\u00f3viles. Estos conmutadores b\u00e1sicos de acceso de nivel 3 son f\u00e1ciles de implementar y gestionar con herramientas avanzadas de gesti\u00f3n de red y seguridad, como aruba clearpass policy manager y aruba airwave y aruba central basado en la nube. El marco de conmutaci\u00f3n virtual (vsf) proporciona sencillez y escalabilidad de apilamiento para el borde empresarial, pymes y oficinas sucursales. El 2930f ofrece un rendimiento y valor con compatibilidad para sdn, acceso ospf, enlaces ascendentes de 10 gbe, poe +, calidad de servicio s\u00f3lida, enrutamiento est\u00e1tico y rip y no requiere licencias de software. Los conmutadores aruba de la serie 2930f est\u00e1n dise\u00f1ados con un potente circuito integrado aruba provision para aplicaciones espec\u00edficas para habilitar el campus m\u00f3vil con optimizaciones sdn, latencia baja, almacenamiento en b\u00fafer de paquetes mejorado y consumo de energ\u00eda adaptable. Aumente el rendimiento con las configuraciones de colas seleccionables y el b\u00fafer de memoria asociado, que se adaptan a los requisitos espec\u00edficos de las aplicaciones de red. El virtual switching framework (vsf) virtualiza hasta cuatro conmutadores f\u00edsicos en un dispositivo l\u00f3gico para redes m\u00e1s sencillas, planas y \u00e1giles.<\/p>\n","protected":false},"featured_media":220687,"comment_status":"open","ping_status":"open","template":"","meta":[],"product_cat":[1563,1564],"product_tag":[1568],"acf":[],"yoast_head":"<!-- This site is optimized with the Yoast SEO plugin v21.7 - https:\/\/yoast.com\/wordpress\/plugins\/seo\/ -->\n<title>[ Hewlett Packard Enterprise ] &#129351; Jl262a Switch Hpe Aruba 2930f 48g Rj45 Poe 370w Y 4 Sfp 1g Administrable L3<\/title>\n<meta name=\"description\" content=\"Compra Jl262a Switch Hpe Aruba 2930f 48g Rj45 Poe 370w Y 4 Sfp 1g Administrable L3 + Env\u00edo a domicilio + Pago seguro + Garant\u00eda\" \/>\n<meta name=\"robots\" content=\"index, follow, max-snippet:-1, max-image-preview:large, max-video-preview:-1\" \/>\n<link rel=\"canonical\" href=\"https:\/\/compuviper.mx\/tienda\/producto\/hewlett-packard-enterprise-jl262a-switch-hpe-aruba-2930f-48g-rj45-poe-370w-y-4-sfp-1g-administrable-l3\/\" \/>\n<meta property=\"og:locale\" content=\"es_MX\" \/>\n<meta property=\"og:type\" content=\"article\" \/>\n<meta property=\"og:title\" content=\"[ Hewlett Packard Enterprise ] &#129351; Jl262a Switch Hpe Aruba 2930f 48g Rj45 Poe 370w Y 4 Sfp 1g Administrable L3\" \/>\n<meta property=\"og:description\" content=\"Compra Jl262a Switch Hpe Aruba 2930f 48g Rj45 Poe 370w Y 4 Sfp 1g Administrable L3 + Env\u00edo a domicilio + Pago seguro + Garant\u00eda\" \/>\n<meta property=\"og:url\" content=\"https:\/\/compuviper.mx\/tienda\/producto\/hewlett-packard-enterprise-jl262a-switch-hpe-aruba-2930f-48g-rj45-poe-370w-y-4-sfp-1g-administrable-l3\/\" \/>\n<meta property=\"og:site_name\" content=\"Compuviper\" \/>\n<meta property=\"article:publisher\" content=\"https:\/\/www.facebook.com\/compuviper\" \/>\n<meta property=\"og:image\" content=\"https:\/\/compuviper.mx\/tienda\/wp-content\/uploads\/2023\/12\/Switch-hp-aruba-jl262a-2930f-48-puertos-rj45-101001000-poe-370w-y-4-sfp-1g-administrable-capa-3-rip-ospf-acls-qos.jpg\" \/>\n\t<meta property=\"og:image:width\" content=\"200\" \/>\n\t<meta property=\"og:image:height\" content=\"200\" \/>\n\t<meta property=\"og:image:type\" content=\"image\/jpeg\" \/>\n<meta name=\"twitter:card\" content=\"summary_large_image\" \/>\n<meta name=\"twitter:label1\" content=\"Precio\" \/>\n\t<meta name=\"twitter:data1\" content=\"&#36;65,677 &#36;40,475 con IVA\" \/>\n\t<meta name=\"twitter:label2\" content=\"Availability\" \/>\n\t<meta name=\"twitter:data2\" content=\"In stock\" \/>\n<script type=\"application\/ld+json\" class=\"yoast-schema-graph\">{\"@context\":\"https:\/\/schema.org\",\"@graph\":[{\"@type\":\"WebPage\",\"@id\":\"https:\/\/compuviper.mx\/tienda\/producto\/hewlett-packard-enterprise-jl262a-switch-hpe-aruba-2930f-48g-rj45-poe-370w-y-4-sfp-1g-administrable-l3\/\",\"url\":\"https:\/\/compuviper.mx\/tienda\/producto\/hewlett-packard-enterprise-jl262a-switch-hpe-aruba-2930f-48g-rj45-poe-370w-y-4-sfp-1g-administrable-l3\/\",\"name\":\"[ Hewlett Packard Enterprise ] &#129351; Jl262a Switch Hpe Aruba 2930f 48g Rj45 Poe 370w Y 4 Sfp 1g Administrable L3\",\"isPartOf\":{\"@id\":\"https:\/\/compuviper.mx\/tienda\/#website\"},\"datePublished\":\"2026-04-14T06:59:54+00:00\",\"dateModified\":\"2026-04-14T06:59:54+00:00\",\"description\":\"Compra Jl262a Switch Hpe Aruba 2930f 48g Rj45 Poe 370w Y 4 Sfp 1g Administrable L3 + Env\u00edo a domicilio + Pago seguro + Garant\u00eda\",\"breadcrumb\":{\"@id\":\"https:\/\/compuviper.mx\/tienda\/producto\/hewlett-packard-enterprise-jl262a-switch-hpe-aruba-2930f-48g-rj45-poe-370w-y-4-sfp-1g-administrable-l3\/#breadcrumb\"},\"inLanguage\":\"es-MX\",\"potentialAction\":[{\"@type\":\"ReadAction\",\"target\":[\"https:\/\/compuviper.mx\/tienda\/producto\/hewlett-packard-enterprise-jl262a-switch-hpe-aruba-2930f-48g-rj45-poe-370w-y-4-sfp-1g-administrable-l3\/\"]}]},{\"@type\":\"BreadcrumbList\",\"@id\":\"https:\/\/compuviper.mx\/tienda\/producto\/hewlett-packard-enterprise-jl262a-switch-hpe-aruba-2930f-48g-rj45-poe-370w-y-4-sfp-1g-administrable-l3\/#breadcrumb\",\"itemListElement\":[{\"@type\":\"ListItem\",\"position\":1,\"name\":\"Inicio\",\"item\":\"https:\/\/compuviper.mx\/tienda\/\"},{\"@type\":\"ListItem\",\"position\":2,\"name\":\"Productos\",\"item\":\"https:\/\/compuviper.mx\/tienda\/productos\/\"},{\"@type\":\"ListItem\",\"position\":3,\"name\":\"Redes\",\"item\":\"https:\/\/compuviper.mx\/tienda\/categoria-producto\/redes\/\"},{\"@type\":\"ListItem\",\"position\":4,\"name\":\"Switch\",\"item\":\"https:\/\/compuviper.mx\/tienda\/categoria-producto\/redes\/switch\/\"},{\"@type\":\"ListItem\",\"position\":5,\"name\":\"Hewlett Packard Enterprise Jl262a Switch Hpe Aruba 2930f 48g Rj45 Poe 370w Y 4 Sfp 1g Administrable L3\"}]},{\"@type\":\"WebSite\",\"@id\":\"https:\/\/compuviper.mx\/tienda\/#website\",\"url\":\"https:\/\/compuviper.mx\/tienda\/\",\"name\":\"Compuviper\",\"description\":\"Proveedor de Computadoras, Laptops, Servidores, Monitores, Puntos de Venta, Teclados,   Impresoras, T\u00f3ner, C\u00e1maras de Seguridad y m\u00e1s en tu tienda en l\u00ednea\",\"publisher\":{\"@id\":\"https:\/\/compuviper.mx\/tienda\/#organization\"},\"potentialAction\":[{\"@type\":\"SearchAction\",\"target\":{\"@type\":\"EntryPoint\",\"urlTemplate\":\"https:\/\/compuviper.mx\/tienda\/?s={search_term_string}\"},\"query-input\":\"required name=search_term_string\"}],\"inLanguage\":\"es-MX\"},{\"@type\":\"Organization\",\"@id\":\"https:\/\/compuviper.mx\/tienda\/#organization\",\"name\":\"Compuviper\",\"url\":\"https:\/\/compuviper.mx\/tienda\/\",\"logo\":{\"@type\":\"ImageObject\",\"inLanguage\":\"es-MX\",\"@id\":\"https:\/\/compuviper.mx\/tienda\/#\/schema\/logo\/image\/\",\"url\":\"https:\/\/compuviper.mx\/tienda\/wp-content\/uploads\/2021\/08\/Logo-Compuviper-10.png\",\"contentUrl\":\"https:\/\/compuviper.mx\/tienda\/wp-content\/uploads\/2021\/08\/Logo-Compuviper-10.png\",\"width\":1000,\"height\":500,\"caption\":\"Compuviper\"},\"image\":{\"@id\":\"https:\/\/compuviper.mx\/tienda\/#\/schema\/logo\/image\/\"},\"sameAs\":[\"https:\/\/www.facebook.com\/compuviper\",\"https:\/\/www.youtube.com\/channel\/UCf73dERp9Y3cfOq7q8BhLjA?view_as=subscriber\"]}]}<\/script>\n<meta property=\"product:brand\" content=\"HEWLETT PACKARD ENTERPRISE\" \/>\n<meta property=\"product:price:amount\" content=\"40475\" \/>\n<meta property=\"product:price:currency\" content=\"MXN\" \/>\n<meta property=\"og:availability\" content=\"instock\" \/>\n<meta property=\"product:availability\" content=\"instock\" \/>\n<meta property=\"product:retailer_item_id\" content=\"JL262A\" \/>\n<meta property=\"product:condition\" content=\"new\" \/>\n<!-- \/ Yoast SEO plugin. -->","yoast_head_json":{"title":"[ Hewlett Packard Enterprise ] &#129351; Jl262a Switch Hpe Aruba 2930f 48g Rj45 Poe 370w Y 4 Sfp 1g Administrable L3","description":"Compra Jl262a Switch Hpe Aruba 2930f 48g Rj45 Poe 370w Y 4 Sfp 1g Administrable L3 + Env\u00edo a domicilio + Pago seguro + Garant\u00eda","robots":{"index":"index","follow":"follow","max-snippet":"max-snippet:-1","max-image-preview":"max-image-preview:large","max-video-preview":"max-video-preview:-1"},"canonical":"https:\/\/compuviper.mx\/tienda\/producto\/hewlett-packard-enterprise-jl262a-switch-hpe-aruba-2930f-48g-rj45-poe-370w-y-4-sfp-1g-administrable-l3\/","og_locale":"es_MX","og_type":"article","og_title":"[ Hewlett Packard Enterprise ] &#129351; Jl262a Switch Hpe Aruba 2930f 48g Rj45 Poe 370w Y 4 Sfp 1g Administrable L3","og_description":"Compra Jl262a Switch Hpe Aruba 2930f 48g Rj45 Poe 370w Y 4 Sfp 1g Administrable L3 + Env\u00edo a domicilio + Pago seguro + Garant\u00eda","og_url":"https:\/\/compuviper.mx\/tienda\/producto\/hewlett-packard-enterprise-jl262a-switch-hpe-aruba-2930f-48g-rj45-poe-370w-y-4-sfp-1g-administrable-l3\/","og_site_name":"Compuviper","article_publisher":"https:\/\/www.facebook.com\/compuviper","og_image":[{"width":200,"height":200,"url":"https:\/\/compuviper.mx\/tienda\/wp-content\/uploads\/2023\/12\/Switch-hp-aruba-jl262a-2930f-48-puertos-rj45-101001000-poe-370w-y-4-sfp-1g-administrable-capa-3-rip-ospf-acls-qos.jpg","type":"image\/jpeg"}],"twitter_card":"summary_large_image","twitter_misc":{"Precio":"&#36;65,677 &#36;40,475 con IVA","Availability":"In stock"},"schema":{"@context":"https:\/\/schema.org","@graph":[{"@type":"WebPage","@id":"https:\/\/compuviper.mx\/tienda\/producto\/hewlett-packard-enterprise-jl262a-switch-hpe-aruba-2930f-48g-rj45-poe-370w-y-4-sfp-1g-administrable-l3\/","url":"https:\/\/compuviper.mx\/tienda\/producto\/hewlett-packard-enterprise-jl262a-switch-hpe-aruba-2930f-48g-rj45-poe-370w-y-4-sfp-1g-administrable-l3\/","name":"[ Hewlett Packard Enterprise ] &#129351; Jl262a Switch Hpe Aruba 2930f 48g Rj45 Poe 370w Y 4 Sfp 1g Administrable L3","isPartOf":{"@id":"https:\/\/compuviper.mx\/tienda\/#website"},"datePublished":"2026-04-14T06:59:54+00:00","dateModified":"2026-04-14T06:59:54+00:00","description":"Compra Jl262a Switch Hpe Aruba 2930f 48g Rj45 Poe 370w Y 4 Sfp 1g Administrable L3 + Env\u00edo a domicilio + Pago seguro + Garant\u00eda","breadcrumb":{"@id":"https:\/\/compuviper.mx\/tienda\/producto\/hewlett-packard-enterprise-jl262a-switch-hpe-aruba-2930f-48g-rj45-poe-370w-y-4-sfp-1g-administrable-l3\/#breadcrumb"},"inLanguage":"es-MX","potentialAction":[{"@type":"ReadAction","target":["https:\/\/compuviper.mx\/tienda\/producto\/hewlett-packard-enterprise-jl262a-switch-hpe-aruba-2930f-48g-rj45-poe-370w-y-4-sfp-1g-administrable-l3\/"]}]},{"@type":"BreadcrumbList","@id":"https:\/\/compuviper.mx\/tienda\/producto\/hewlett-packard-enterprise-jl262a-switch-hpe-aruba-2930f-48g-rj45-poe-370w-y-4-sfp-1g-administrable-l3\/#breadcrumb","itemListElement":[{"@type":"ListItem","position":1,"name":"Inicio","item":"https:\/\/compuviper.mx\/tienda\/"},{"@type":"ListItem","position":2,"name":"Productos","item":"https:\/\/compuviper.mx\/tienda\/productos\/"},{"@type":"ListItem","position":3,"name":"Redes","item":"https:\/\/compuviper.mx\/tienda\/categoria-producto\/redes\/"},{"@type":"ListItem","position":4,"name":"Switch","item":"https:\/\/compuviper.mx\/tienda\/categoria-producto\/redes\/switch\/"},{"@type":"ListItem","position":5,"name":"Hewlett Packard Enterprise Jl262a Switch Hpe Aruba 2930f 48g Rj45 Poe 370w Y 4 Sfp 1g Administrable L3"}]},{"@type":"WebSite","@id":"https:\/\/compuviper.mx\/tienda\/#website","url":"https:\/\/compuviper.mx\/tienda\/","name":"Compuviper","description":"Proveedor de Computadoras, Laptops, Servidores, Monitores, Puntos de Venta, Teclados,   Impresoras, T\u00f3ner, C\u00e1maras de Seguridad y m\u00e1s en tu tienda en l\u00ednea","publisher":{"@id":"https:\/\/compuviper.mx\/tienda\/#organization"},"potentialAction":[{"@type":"SearchAction","target":{"@type":"EntryPoint","urlTemplate":"https:\/\/compuviper.mx\/tienda\/?s={search_term_string}"},"query-input":"required name=search_term_string"}],"inLanguage":"es-MX"},{"@type":"Organization","@id":"https:\/\/compuviper.mx\/tienda\/#organization","name":"Compuviper","url":"https:\/\/compuviper.mx\/tienda\/","logo":{"@type":"ImageObject","inLanguage":"es-MX","@id":"https:\/\/compuviper.mx\/tienda\/#\/schema\/logo\/image\/","url":"https:\/\/compuviper.mx\/tienda\/wp-content\/uploads\/2021\/08\/Logo-Compuviper-10.png","contentUrl":"https:\/\/compuviper.mx\/tienda\/wp-content\/uploads\/2021\/08\/Logo-Compuviper-10.png","width":1000,"height":500,"caption":"Compuviper"},"image":{"@id":"https:\/\/compuviper.mx\/tienda\/#\/schema\/logo\/image\/"},"sameAs":["https:\/\/www.facebook.com\/compuviper","https:\/\/www.youtube.com\/channel\/UCf73dERp9Y3cfOq7q8BhLjA?view_as=subscriber"]}]},"product_brand":"HEWLETT PACKARD ENTERPRISE","product_price_amount":"40475","product_price_currency":"MXN","og_availability":"instock","product_availability":"instock","product_retailer_item_id":"JL262A","product_condition":"new"},"_links":{"self":[{"href":"https:\/\/compuviper.mx\/tienda\/wp-json\/wp\/v2\/product\/220686"}],"collection":[{"href":"https:\/\/compuviper.mx\/tienda\/wp-json\/wp\/v2\/product"}],"about":[{"href":"https:\/\/compuviper.mx\/tienda\/wp-json\/wp\/v2\/types\/product"}],"replies":[{"embeddable":true,"href":"https:\/\/compuviper.mx\/tienda\/wp-json\/wp\/v2\/comments?post=220686"}],"wp:featuredmedia":[{"embeddable":true,"href":"https:\/\/compuviper.mx\/tienda\/wp-json\/wp\/v2\/media\/220687"}],"wp:attachment":[{"href":"https:\/\/compuviper.mx\/tienda\/wp-json\/wp\/v2\/media?parent=220686"}],"wp:term":[{"taxonomy":"product_cat","embeddable":true,"href":"https:\/\/compuviper.mx\/tienda\/wp-json\/wp\/v2\/product_cat?post=220686"},{"taxonomy":"product_tag","embeddable":true,"href":"https:\/\/compuviper.mx\/tienda\/wp-json\/wp\/v2\/product_tag?post=220686"}],"curies":[{"name":"wp","href":"https:\/\/api.w.org\/{rel}","templated":true}]}}