{"id":220666,"date":"2026-04-11T01:01:57","date_gmt":"2026-04-11T07:01:57","guid":{"rendered":"https:\/\/compuviper.mx\/tienda\/producto\/tp-link-eap245-access-point-tp-link-para-interior-ac1750-banda-dual-2-4ghz-a-450mbps-y-5ghz-a-1300mbps-2-rj45-gigabit-un-puerto-admite-poe-ieee802-3af-y-poe-pasivo-incluido-ant-4dbi\/"},"modified":"2026-04-11T01:01:58","modified_gmt":"2026-04-11T07:01:58","slug":"tp-link-eap245-access-point-tp-link-omada-ac1750-wireless-mu-mimo-gigabit-ceiling-mount","status":"publish","type":"product","link":"https:\/\/compuviper.mx\/tienda\/producto\/tp-link-eap245-access-point-tp-link-omada-ac1750-wireless-mu-mimo-gigabit-ceiling-mount\/","title":{"rendered":"Tp Link Eap245 Access Point Tp-link  Omada Ac1750 Wireless Mu-mimo Gigabit Ceiling Mount"},"content":{"rendered":"<table class=\"descripcion\">\n<tr>\n<td>Caracter\u00edsticas del hardware<\/td>\n<\/tr>\n<tr>\n<td>Interfaz 2 puertos gigabit ethernet (rj-45) (un puerto admite ieee802.3af poe y pasivo poe)<\/td>\n<\/tr>\n<tr>\n<td>Cerradura de seguridad f\u00edsica si<\/td>\n<\/tr>\n<tr>\n<td>Bot\u00f3n reiniciar<\/td>\n<\/tr>\n<tr>\n<td>Fuente de alimentaci\u00f3n 802.3af \/ a poe<\/td>\n<\/tr>\n<tr>\n<td>48v poe pasivo (+ 4,5 pines; -7,8 pines. adaptador poe incluido)<\/td>\n<\/tr>\n<tr>\n<td>El consumo de energ\u00eda 12,3 w<\/td>\n<\/tr>\n<tr>\n<td>Dimensiones (ancho x profundidad x altura) 8.1 \u00d7 7.1 \u00d7 1.5 pulg. (205.5 \u00d7 181.5 \u00d7 37.1 mm)<\/td>\n<\/tr>\n<tr>\n<td>Tipo de antena omni interno<\/td>\n<\/tr>\n<tr>\n<td>2.4ghz: 3 * 3.5dbi<\/td>\n<\/tr>\n<tr>\n<td>5ghz: 3 * 4dbi<\/td>\n<\/tr>\n<tr>\n<td>Montaje montaje en techo \/ pared (kits incluidos)<\/td>\n<\/tr>\n<tr>\n<td>Caracter\u00edsticas inal\u00e1mbricas<\/td>\n<\/tr>\n<tr>\n<td>Est\u00e1ndares inal\u00e1mbricos ieee 802.11ac \/ n \/ g \/ b \/ a<\/td>\n<\/tr>\n<tr>\n<td>Frecuencia 2.4ghz y 5ghz<\/td>\n<\/tr>\n<tr>\n<td>Tasa de se\u00f1al 5ghz: hasta 1300mbps<\/td>\n<\/tr>\n<tr>\n<td>2.4ghz: hasta 450mbps<\/td>\n<\/tr>\n<tr>\n<td>Funciones inal\u00e1mbricas m\u00faltiples ssid (hasta 16 ssid, 8 para cada banda)<\/td>\n<\/tr>\n<tr>\n<td>Activar \/ desactivar radio inal\u00e1mbrica<\/td>\n<\/tr>\n<tr>\n<td>Asignaci\u00f3n autom\u00e1tica de canales<\/td>\n<\/tr>\n<tr>\n<td>Control de potencia de transmisi\u00f3n (ajustar potencia de transmisi\u00f3n en dbm)<\/td>\n<\/tr>\n<tr>\n<td>Qos (wmm)<\/td>\n<\/tr>\n<tr>\n<td>Mu-mimo banda de<\/td>\n<\/tr>\n<tr>\n<td>Itinerancia sin costura<\/td>\n<\/tr>\n<tr>\n<td>Direcci\u00f3n<\/td>\n<\/tr>\n<tr>\n<td>Equilibrio de carga<\/td>\n<\/tr>\n<tr>\n<td>Tiempo de uso equidad equilibrio l\u00edmite de velocidad de<\/td>\n<\/tr>\n<tr>\n<td>Transmisi\u00f3n<\/td>\n<\/tr>\n<tr>\n<td>L\u00edmite de reinicio programar<\/td>\n<\/tr>\n<tr>\n<td>Inal\u00e1mbrico programar<\/td>\n<\/tr>\n<tr>\n<td>Estad\u00edsticas inal\u00e1mbricas basadas en ssid \/ ap \/ cliente<\/td>\n<\/tr>\n<tr>\n<td>Seguridad inal\u00e1mbrica autenticaci\u00f3n de portal cautivo<\/td>\n<\/tr>\n<tr>\n<td>Control de acceso<\/td>\n<\/tr>\n<tr>\n<td>Filtrado<\/td>\n<\/tr>\n<tr>\n<td>Inal\u00e1mbrico de direcciones de mac aislamiento inal\u00e1mbrico entre clientes<\/td>\n<\/tr>\n<tr>\n<td>Asignaci\u00f3n de ssid a vlan<\/td>\n<\/tr>\n<tr>\n<td>Detecci\u00f3n de p\u00edcaro ap detecci\u00f3n<\/td>\n<\/tr>\n<tr>\n<td>802.1x<\/td>\n<\/tr>\n<tr>\n<td>64\/128\/152-bit wep \/ wpa \/ wpa2-enterprise,<\/td>\n<\/tr>\n<tr>\n<td>Wpa-psk \/ wpa2-psk<\/td>\n<\/tr>\n<tr>\n<td>Poder de transmision ce:<\/td>\n<\/tr>\n<tr>\n<td>\u00bf20dbm (2.4ghz)<\/td>\n<\/tr>\n<tr>\n<td>\u00bf23dbm (5ghz)<\/td>\n<\/tr>\n<tr>\n<td>Fcc:<\/td>\n<\/tr>\n<tr>\n<td>\u00bf24dbm (2.4ghz)<\/td>\n<\/tr>\n<tr>\n<td>\u00bf24dbm (5ghz)<\/td>\n<\/tr>\n<tr>\n<td>Administraci\u00f3n<\/td>\n<\/tr>\n<tr>\n<td>Aplicaci\u00f3n omada si<\/td>\n<\/tr>\n<tr>\n<td>Gesti\u00f3n centralizada omada software controller<\/td>\n<\/tr>\n<tr>\n<td>Oc200<\/td>\n<\/tr>\n<tr>\n<td>Acceso a la nube s\u00ed (a trav\u00e9s de omada software controller o oc200)<\/td>\n<\/tr>\n<tr>\n<td>Alertas de correo electr\u00f3nico si<\/td>\n<\/tr>\n<tr>\n<td>Control led on \/ off si<\/td>\n<\/tr>\n<tr>\n<td>Control de acceso mac de gesti\u00f3n si<\/td>\n<\/tr>\n<tr>\n<td>Snmp si<\/td>\n<\/tr>\n<tr>\n<td>Registro del sistema syslog local \/ remoto syslog local \/ remoto<\/td>\n<\/tr>\n<tr>\n<td>Ssh si<\/td>\n<\/tr>\n<tr>\n<td>Gesti\u00f3n basada en web http \/ https<\/td>\n<\/tr>\n<tr>\n<td>L3 management si<\/td>\n<\/tr>\n<tr>\n<td>Gesti\u00f3n de m\u00faltiples sitios si<\/td>\n<\/tr>\n<tr>\n<td>Vlan de gesti\u00f3n si<\/td>\n<\/tr>\n<tr>\n<td>Otros<\/td>\n<\/tr>\n<tr>\n<td>Certificaciones ce, fcc, rohs<\/td>\n<\/tr>\n<tr>\n<td>Contenidos del paquete<\/td>\n<\/tr>\n<tr>\n<td>Ac1750 punto de acceso inal\u00e1mbrico de montaje en techo mu-mimo gigabit eap245<\/td>\n<\/tr>\n<tr>\n<td>Adaptador poe pasivo gigabit<\/td>\n<\/tr>\n<tr>\n<td>Kits de montaje<\/td>\n<\/tr>\n<tr>\n<td>Cable de alimentaci\u00f3n<\/td>\n<\/tr>\n<tr>\n<td>Gu\u00eda de instalaci\u00f3n<\/td>\n<\/tr>\n<tr>\n<td>Requisitos del sistema microsoft windows xp, vista, windows 7, windows 8, windows10, linux<\/td>\n<\/tr>\n<tr>\n<td>Ambiente temperatura de funcionamiento: 0 \u00bf ~ 40 \u00bf (32 \u00bf ~ 104 \u00bf)<\/td>\n<\/tr>\n<tr>\n<td>Temperatura de almacenamiento: -40 \u00bf ~ 70 \u00bf (-40 \u00bf ~ 158 \u00bf)<\/td>\n<\/tr>\n<tr>\n<td>Humedad de funcionamiento: 10% ~ 90% sin condensaci\u00f3n<\/td>\n<\/tr>\n<tr>\n<td>Humedad de almacenamiento: 5% ~ 90 % sin condensaci\u00f3n<\/td>\n<\/tr>\n<\/table>\n","protected":false},"excerpt":{"rendered":"<p>Punto de acceso de montaje en techo gigabit inal\u00e1mbrico de banda dual. Eap245 v3. * 450mbps simult\u00e1neos en 2.4ghz y 1300mbps en 5ghz suman velocidades de wi-fi de 1750mbps. * admite roaming continuo para que incluso las transmisiones de video y las llamadas de voz no se vean afectadas a medida que los usuarios se mueven entre ubicaciones. * administraci\u00f3n centralizada en la nube gratuita y aplicaci\u00f3n omada para mayor comodidad y f\u00e1cil administraci\u00f3n. * admite alimentaci\u00f3n a trav\u00e9s de ethernet (802.3at \/ 802.3af) para una instalaci\u00f3n conveniente y asequible. * red de invitados segura junto con m\u00faltiples opciones de autenticaci\u00f3n (sms \/ facebook wi-fi \/ vale, etc.) y abundantes tecnolog\u00edas de seguridad inal\u00e1mbrica. * direcci\u00f3n de banda mueve autom\u00e1ticamente los dispositivos de doble banda a la banda m\u00e1s amplia de 5 ghz para conexiones m\u00e1s r\u00e1pidas. * el equilibrio de carga garantiza que un gran n\u00famero de usuarios tengan experiencias de red fluidas en redes comerciales de alta densidad. * admite vlan de administraci\u00f3n para una administraci\u00f3n de red mejorada. Velocidades y rendimiento superiores de wi-fi. Los chipsets de clase empresarial qca, el amplificador de alta potencia dedicado y la antena profesional junto con la tecnolog\u00eda 802.11ac wave 2 mu-mimo de \u00faltima generaci\u00f3n, aseguran velocidades superiores de wi-fi de 1750 mbps y cobertura de largo alcance en bandas inal\u00e1mbricas de 2.4ghz y 5ghz. Roaming continuo. El roaming continuo 802.11k \/ 802.11v cambia a los clientes autom\u00e1ticamente al punto de acceso con la se\u00f1al \u00f3ptima con una transici\u00f3n perfecta cuando se mueve. Esto permite que aplicaciones delicadas como voip y videoconferencias no se interrumpan. Asegure la red de invitados con facebook wi-fi e inicio de sesi\u00f3n por sms. Guest network proporciona acceso seguro a los invitados que comparten su red wi-fi, con un portal cautivo que ayuda a mantener solo a los invitados autorizados a usar la red. La incorporaci\u00f3n de la autenticaci\u00f3n por sms y facebook simplifica a\u00fan m\u00e1s el portal cautivo para simplificar la conectividad e impulsar su negocio. M\u00faltiples opciones de poe para una f\u00e1cil instalaci\u00f3n. Eap245 admite la fuente de alimentaci\u00f3n 802.3af poe y pasiva poe, puede alimentarse mediante un interruptor poe o el adaptador poe proporcionado. La adici\u00f3n de una apariencia elegante y un dise\u00f1o de montaje simple para una f\u00e1cil fijaci\u00f3n a una pared o techo hace que la implementaci\u00f3n sea m\u00e1s f\u00e1cil y flexible. Gesti\u00f3n centralizada gratuita en la nube: en cualquier momento y en cualquier lugar. Omada cloud controller oc200 y omada software controller facilitan la administraci\u00f3n y el monitoreo de toda la red omada en tiempo real, mientras que el servicio en la nube permite el acceso remoto y seguro sin importar d\u00f3nde se encuentre. Administraci\u00f3n f\u00e1cil con la aplicaci\u00f3n omada. Siga las instrucciones de configuraci\u00f3n en la aplicaci\u00f3n gratuita omada para configurarlo en minutos. Omada le permite configurar ajustes, monitorear el estado de la red y administrar clientes, todo desde la comodidad de un tel\u00e9fono inteligente o tableta. \u00a1conoce nuestro nuevo producto hero. El oc200 omada cloud controller est\u00e1 dedicado a proporcionar una gesti\u00f3n centralizada para toda la red omada.<\/p>\n","protected":false},"featured_media":220667,"comment_status":"open","ping_status":"open","template":"","meta":[],"product_cat":[1754,1563],"product_tag":[1562],"acf":[],"yoast_head":"<!-- This site is optimized with the Yoast SEO plugin v21.7 - https:\/\/yoast.com\/wordpress\/plugins\/seo\/ -->\n<title>[ Tp Link ] &#129351; Eap245 Access Point Tp-link Omada Ac1750 Wireless Mu-mimo Gigabit Ceiling Mount<\/title>\n<meta name=\"description\" content=\"Compra Eap245 Access Point Tp-link Omada Ac1750 Wireless Mu-mimo Gigabit Ceiling Mount + Env\u00edo a domicilio + Pago seguro + Garant\u00eda\" \/>\n<meta name=\"robots\" content=\"index, follow, max-snippet:-1, max-image-preview:large, max-video-preview:-1\" \/>\n<link rel=\"canonical\" href=\"https:\/\/compuviper.mx\/tienda\/producto\/tp-link-eap245-access-point-tp-link-omada-ac1750-wireless-mu-mimo-gigabit-ceiling-mount\/\" \/>\n<meta property=\"og:locale\" content=\"es_MX\" \/>\n<meta property=\"og:type\" content=\"article\" \/>\n<meta property=\"og:title\" content=\"[ Tp Link ] &#129351; Eap245 Access Point Tp-link Omada Ac1750 Wireless Mu-mimo Gigabit Ceiling Mount\" \/>\n<meta property=\"og:description\" content=\"Compra Eap245 Access Point Tp-link Omada Ac1750 Wireless Mu-mimo Gigabit Ceiling Mount + Env\u00edo a domicilio + Pago seguro + Garant\u00eda\" \/>\n<meta property=\"og:url\" content=\"https:\/\/compuviper.mx\/tienda\/producto\/tp-link-eap245-access-point-tp-link-omada-ac1750-wireless-mu-mimo-gigabit-ceiling-mount\/\" \/>\n<meta property=\"og:site_name\" content=\"Compuviper\" \/>\n<meta property=\"article:publisher\" content=\"https:\/\/www.facebook.com\/compuviper\" \/>\n<meta property=\"article:modified_time\" content=\"2026-04-11T07:01:58+00:00\" \/>\n<meta property=\"og:image\" content=\"https:\/\/compuviper.mx\/tienda\/wp-content\/uploads\/2023\/12\/Access-point-tp-link-eap245-para-interior-ac1750-banda-dual-2.4ghz-a-450mbps-y-5ghz-a-1300mbps-2-rj45-gigabit-un-puerto-admite-poe-ieee802.3af-y-poe-pasivo-incluido-ant-4dbi.jpg\" \/>\n\t<meta property=\"og:image:width\" content=\"200\" \/>\n\t<meta property=\"og:image:height\" content=\"200\" \/>\n\t<meta property=\"og:image:type\" content=\"image\/jpeg\" \/>\n<meta name=\"twitter:card\" content=\"summary_large_image\" \/>\n<meta name=\"twitter:label1\" content=\"Precio\" \/>\n\t<meta name=\"twitter:data1\" content=\"&#36;1,298 con IVA\" \/>\n\t<meta name=\"twitter:label2\" content=\"Availability\" \/>\n\t<meta name=\"twitter:data2\" content=\"In stock\" \/>\n<script type=\"application\/ld+json\" class=\"yoast-schema-graph\">{\"@context\":\"https:\/\/schema.org\",\"@graph\":[{\"@type\":\"WebPage\",\"@id\":\"https:\/\/compuviper.mx\/tienda\/producto\/tp-link-eap245-access-point-tp-link-omada-ac1750-wireless-mu-mimo-gigabit-ceiling-mount\/\",\"url\":\"https:\/\/compuviper.mx\/tienda\/producto\/tp-link-eap245-access-point-tp-link-omada-ac1750-wireless-mu-mimo-gigabit-ceiling-mount\/\",\"name\":\"[ Tp Link ] &#129351; Eap245 Access Point Tp-link Omada Ac1750 Wireless Mu-mimo Gigabit Ceiling Mount\",\"isPartOf\":{\"@id\":\"https:\/\/compuviper.mx\/tienda\/#website\"},\"datePublished\":\"2026-04-11T07:01:57+00:00\",\"dateModified\":\"2026-04-11T07:01:58+00:00\",\"description\":\"Compra Eap245 Access Point Tp-link Omada Ac1750 Wireless Mu-mimo Gigabit Ceiling Mount + Env\u00edo a domicilio + Pago seguro + Garant\u00eda\",\"breadcrumb\":{\"@id\":\"https:\/\/compuviper.mx\/tienda\/producto\/tp-link-eap245-access-point-tp-link-omada-ac1750-wireless-mu-mimo-gigabit-ceiling-mount\/#breadcrumb\"},\"inLanguage\":\"es-MX\",\"potentialAction\":[{\"@type\":\"ReadAction\",\"target\":[\"https:\/\/compuviper.mx\/tienda\/producto\/tp-link-eap245-access-point-tp-link-omada-ac1750-wireless-mu-mimo-gigabit-ceiling-mount\/\"]}]},{\"@type\":\"BreadcrumbList\",\"@id\":\"https:\/\/compuviper.mx\/tienda\/producto\/tp-link-eap245-access-point-tp-link-omada-ac1750-wireless-mu-mimo-gigabit-ceiling-mount\/#breadcrumb\",\"itemListElement\":[{\"@type\":\"ListItem\",\"position\":1,\"name\":\"Inicio\",\"item\":\"https:\/\/compuviper.mx\/tienda\/\"},{\"@type\":\"ListItem\",\"position\":2,\"name\":\"Productos\",\"item\":\"https:\/\/compuviper.mx\/tienda\/productos\/\"},{\"@type\":\"ListItem\",\"position\":3,\"name\":\"Redes\",\"item\":\"https:\/\/compuviper.mx\/tienda\/categoria-producto\/redes\/\"},{\"@type\":\"ListItem\",\"position\":4,\"name\":\"Access Point\",\"item\":\"https:\/\/compuviper.mx\/tienda\/categoria-producto\/redes\/access-point\/\"},{\"@type\":\"ListItem\",\"position\":5,\"name\":\"Tp Link Eap245 Access Point Tp-link Omada Ac1750 Wireless Mu-mimo Gigabit Ceiling Mount\"}]},{\"@type\":\"WebSite\",\"@id\":\"https:\/\/compuviper.mx\/tienda\/#website\",\"url\":\"https:\/\/compuviper.mx\/tienda\/\",\"name\":\"Compuviper\",\"description\":\"Proveedor de Computadoras, Laptops, Servidores, Monitores, Puntos de Venta, Teclados,   Impresoras, T\u00f3ner, C\u00e1maras de Seguridad y m\u00e1s en tu tienda en l\u00ednea\",\"publisher\":{\"@id\":\"https:\/\/compuviper.mx\/tienda\/#organization\"},\"potentialAction\":[{\"@type\":\"SearchAction\",\"target\":{\"@type\":\"EntryPoint\",\"urlTemplate\":\"https:\/\/compuviper.mx\/tienda\/?s={search_term_string}\"},\"query-input\":\"required name=search_term_string\"}],\"inLanguage\":\"es-MX\"},{\"@type\":\"Organization\",\"@id\":\"https:\/\/compuviper.mx\/tienda\/#organization\",\"name\":\"Compuviper\",\"url\":\"https:\/\/compuviper.mx\/tienda\/\",\"logo\":{\"@type\":\"ImageObject\",\"inLanguage\":\"es-MX\",\"@id\":\"https:\/\/compuviper.mx\/tienda\/#\/schema\/logo\/image\/\",\"url\":\"https:\/\/compuviper.mx\/tienda\/wp-content\/uploads\/2021\/08\/Logo-Compuviper-10.png\",\"contentUrl\":\"https:\/\/compuviper.mx\/tienda\/wp-content\/uploads\/2021\/08\/Logo-Compuviper-10.png\",\"width\":1000,\"height\":500,\"caption\":\"Compuviper\"},\"image\":{\"@id\":\"https:\/\/compuviper.mx\/tienda\/#\/schema\/logo\/image\/\"},\"sameAs\":[\"https:\/\/www.facebook.com\/compuviper\",\"https:\/\/www.youtube.com\/channel\/UCf73dERp9Y3cfOq7q8BhLjA?view_as=subscriber\"]}]}<\/script>\n<meta property=\"product:brand\" content=\"TP LINK\" \/>\n<meta property=\"product:price:amount\" content=\"1298\" \/>\n<meta property=\"product:price:currency\" content=\"MXN\" \/>\n<meta property=\"og:availability\" content=\"instock\" \/>\n<meta property=\"product:availability\" content=\"instock\" \/>\n<meta property=\"product:retailer_item_id\" content=\"EAP245\" \/>\n<meta property=\"product:condition\" content=\"new\" \/>\n<!-- \/ Yoast SEO plugin. -->","yoast_head_json":{"title":"[ Tp Link ] &#129351; Eap245 Access Point Tp-link Omada Ac1750 Wireless Mu-mimo Gigabit Ceiling Mount","description":"Compra Eap245 Access Point Tp-link Omada Ac1750 Wireless Mu-mimo Gigabit Ceiling Mount + Env\u00edo a domicilio + Pago seguro + Garant\u00eda","robots":{"index":"index","follow":"follow","max-snippet":"max-snippet:-1","max-image-preview":"max-image-preview:large","max-video-preview":"max-video-preview:-1"},"canonical":"https:\/\/compuviper.mx\/tienda\/producto\/tp-link-eap245-access-point-tp-link-omada-ac1750-wireless-mu-mimo-gigabit-ceiling-mount\/","og_locale":"es_MX","og_type":"article","og_title":"[ Tp Link ] &#129351; Eap245 Access Point Tp-link Omada Ac1750 Wireless Mu-mimo Gigabit Ceiling Mount","og_description":"Compra Eap245 Access Point Tp-link Omada Ac1750 Wireless Mu-mimo Gigabit Ceiling Mount + Env\u00edo a domicilio + Pago seguro + Garant\u00eda","og_url":"https:\/\/compuviper.mx\/tienda\/producto\/tp-link-eap245-access-point-tp-link-omada-ac1750-wireless-mu-mimo-gigabit-ceiling-mount\/","og_site_name":"Compuviper","article_publisher":"https:\/\/www.facebook.com\/compuviper","article_modified_time":"2026-04-11T07:01:58+00:00","og_image":[{"width":200,"height":200,"url":"https:\/\/compuviper.mx\/tienda\/wp-content\/uploads\/2023\/12\/Access-point-tp-link-eap245-para-interior-ac1750-banda-dual-2.4ghz-a-450mbps-y-5ghz-a-1300mbps-2-rj45-gigabit-un-puerto-admite-poe-ieee802.3af-y-poe-pasivo-incluido-ant-4dbi.jpg","type":"image\/jpeg"}],"twitter_card":"summary_large_image","twitter_misc":{"Precio":"&#36;1,298 con IVA","Availability":"In stock"},"schema":{"@context":"https:\/\/schema.org","@graph":[{"@type":"WebPage","@id":"https:\/\/compuviper.mx\/tienda\/producto\/tp-link-eap245-access-point-tp-link-omada-ac1750-wireless-mu-mimo-gigabit-ceiling-mount\/","url":"https:\/\/compuviper.mx\/tienda\/producto\/tp-link-eap245-access-point-tp-link-omada-ac1750-wireless-mu-mimo-gigabit-ceiling-mount\/","name":"[ Tp Link ] &#129351; Eap245 Access Point Tp-link Omada Ac1750 Wireless Mu-mimo Gigabit Ceiling Mount","isPartOf":{"@id":"https:\/\/compuviper.mx\/tienda\/#website"},"datePublished":"2026-04-11T07:01:57+00:00","dateModified":"2026-04-11T07:01:58+00:00","description":"Compra Eap245 Access Point Tp-link Omada Ac1750 Wireless Mu-mimo Gigabit Ceiling Mount + Env\u00edo a domicilio + Pago seguro + Garant\u00eda","breadcrumb":{"@id":"https:\/\/compuviper.mx\/tienda\/producto\/tp-link-eap245-access-point-tp-link-omada-ac1750-wireless-mu-mimo-gigabit-ceiling-mount\/#breadcrumb"},"inLanguage":"es-MX","potentialAction":[{"@type":"ReadAction","target":["https:\/\/compuviper.mx\/tienda\/producto\/tp-link-eap245-access-point-tp-link-omada-ac1750-wireless-mu-mimo-gigabit-ceiling-mount\/"]}]},{"@type":"BreadcrumbList","@id":"https:\/\/compuviper.mx\/tienda\/producto\/tp-link-eap245-access-point-tp-link-omada-ac1750-wireless-mu-mimo-gigabit-ceiling-mount\/#breadcrumb","itemListElement":[{"@type":"ListItem","position":1,"name":"Inicio","item":"https:\/\/compuviper.mx\/tienda\/"},{"@type":"ListItem","position":2,"name":"Productos","item":"https:\/\/compuviper.mx\/tienda\/productos\/"},{"@type":"ListItem","position":3,"name":"Redes","item":"https:\/\/compuviper.mx\/tienda\/categoria-producto\/redes\/"},{"@type":"ListItem","position":4,"name":"Access Point","item":"https:\/\/compuviper.mx\/tienda\/categoria-producto\/redes\/access-point\/"},{"@type":"ListItem","position":5,"name":"Tp Link Eap245 Access Point Tp-link Omada Ac1750 Wireless Mu-mimo Gigabit Ceiling Mount"}]},{"@type":"WebSite","@id":"https:\/\/compuviper.mx\/tienda\/#website","url":"https:\/\/compuviper.mx\/tienda\/","name":"Compuviper","description":"Proveedor de Computadoras, Laptops, Servidores, Monitores, Puntos de Venta, Teclados,   Impresoras, T\u00f3ner, C\u00e1maras de Seguridad y m\u00e1s en tu tienda en l\u00ednea","publisher":{"@id":"https:\/\/compuviper.mx\/tienda\/#organization"},"potentialAction":[{"@type":"SearchAction","target":{"@type":"EntryPoint","urlTemplate":"https:\/\/compuviper.mx\/tienda\/?s={search_term_string}"},"query-input":"required name=search_term_string"}],"inLanguage":"es-MX"},{"@type":"Organization","@id":"https:\/\/compuviper.mx\/tienda\/#organization","name":"Compuviper","url":"https:\/\/compuviper.mx\/tienda\/","logo":{"@type":"ImageObject","inLanguage":"es-MX","@id":"https:\/\/compuviper.mx\/tienda\/#\/schema\/logo\/image\/","url":"https:\/\/compuviper.mx\/tienda\/wp-content\/uploads\/2021\/08\/Logo-Compuviper-10.png","contentUrl":"https:\/\/compuviper.mx\/tienda\/wp-content\/uploads\/2021\/08\/Logo-Compuviper-10.png","width":1000,"height":500,"caption":"Compuviper"},"image":{"@id":"https:\/\/compuviper.mx\/tienda\/#\/schema\/logo\/image\/"},"sameAs":["https:\/\/www.facebook.com\/compuviper","https:\/\/www.youtube.com\/channel\/UCf73dERp9Y3cfOq7q8BhLjA?view_as=subscriber"]}]},"product_brand":"TP LINK","product_price_amount":"1298","product_price_currency":"MXN","og_availability":"instock","product_availability":"instock","product_retailer_item_id":"EAP245","product_condition":"new"},"_links":{"self":[{"href":"https:\/\/compuviper.mx\/tienda\/wp-json\/wp\/v2\/product\/220666"}],"collection":[{"href":"https:\/\/compuviper.mx\/tienda\/wp-json\/wp\/v2\/product"}],"about":[{"href":"https:\/\/compuviper.mx\/tienda\/wp-json\/wp\/v2\/types\/product"}],"replies":[{"embeddable":true,"href":"https:\/\/compuviper.mx\/tienda\/wp-json\/wp\/v2\/comments?post=220666"}],"wp:featuredmedia":[{"embeddable":true,"href":"https:\/\/compuviper.mx\/tienda\/wp-json\/wp\/v2\/media\/220667"}],"wp:attachment":[{"href":"https:\/\/compuviper.mx\/tienda\/wp-json\/wp\/v2\/media?parent=220666"}],"wp:term":[{"taxonomy":"product_cat","embeddable":true,"href":"https:\/\/compuviper.mx\/tienda\/wp-json\/wp\/v2\/product_cat?post=220666"},{"taxonomy":"product_tag","embeddable":true,"href":"https:\/\/compuviper.mx\/tienda\/wp-json\/wp\/v2\/product_tag?post=220666"}],"curies":[{"name":"wp","href":"https:\/\/api.w.org\/{rel}","templated":true}]}}