{"id":220662,"date":"2026-04-18T01:06:52","date_gmt":"2026-04-18T07:06:52","guid":{"rendered":"https:\/\/compuviper.mx\/tienda\/producto\/tp-link-tl-sg108pe-switch-tp-link-8-puertos-rj45-10-100-1000-no-administrable-4-puertos-poe-auto-negotiation-auto-mdi-mdix\/"},"modified":"2026-04-18T01:06:52","modified_gmt":"2026-04-18T07:06:52","slug":"tp-link-tl-sg108pe-switch-tp-link-8-puertos-rj45-10-100-1000-no-administrable-4-puertos-poe-auto-negotiation-auto-mdi-mdix","status":"publish","type":"product","link":"https:\/\/compuviper.mx\/tienda\/producto\/tp-link-tl-sg108pe-switch-tp-link-8-puertos-rj45-10-100-1000-no-administrable-4-puertos-poe-auto-negotiation-auto-mdi-mdix\/","title":{"rendered":"Tp Link Tl-sg108pe Switch Tp-link  8 Puertos Rj45 10\/100\/1000 No Administrable 4 Puertos Poe Auto Negotiation\/auto Mdi\/mdix"},"content":{"rendered":"<table class=\"descripcion\">\n<tr>\n<td>Caracter\u00edsticas de hardware<\/td>\n<\/tr>\n<tr>\n<td>Est\u00e1ndares y protocolos: ieee 802.3i, ieee 802.3u, ieee 802.3ab, ieee 802.3af, ieee 802.3x, ieee 802.1q, ieee 802.1p<\/td>\n<\/tr>\n<tr>\n<td>Interfaz: 8 puertos rj45 de 10\/100 \/1000mbps  \/  auto negociaci\u00f3n \/ auto mdi \/ mdix<\/td>\n<\/tr>\n<tr>\n<td>Medios de red: 10base-t: utp categor\u00eda 3, 4, 5 cable (m\u00e1ximo 100m)  eia \/ tia-568 100\u00bf stp (m\u00e1ximo 100m)  \/  100base-tx: utp categor\u00eda 5, 5e cable (m\u00e1ximo 100m)<\/td>\n<\/tr>\n<tr>\n<td>Eia \/ tia-568 100\u00bf stp (m\u00e1ximo 100m)  \/  1000base-t: cable utp categor\u00eda 5, 5e, 6 o superior (m\u00e1ximo 100m) eia \/ tia-568 100\u00bf stp (m\u00e1ximo 100m)<\/td>\n<\/tr>\n<tr>\n<td>Cantidad de ventiladores: sin ventilador<\/td>\n<\/tr>\n<tr>\n<td>Fuente de alimentaci\u00f3n: adaptador de alimentaci\u00f3n externa (salida: 48vdc \/ 1.25a)<\/td>\n<\/tr>\n<tr>\n<td>Puertos poe (rj45): est\u00e1ndar: 802.3 af  \/  puertos poe compatibles : puerto 1- puerto 4  \/  poe presupuesto de alimentaci\u00f3n: 55w<\/td>\n<\/tr>\n<tr>\n<td>Consumo m\u00e1ximo de energ\u00eda: 5.15w (220v \/ 50hz sin pd conectado)  \/  65.18w (220v \/ 50hz con 55w pd conectado)<\/td>\n<\/tr>\n<tr>\n<td>Disipaci\u00f3n m\u00e1xima de calor: 17.57 btu \/ h (sin pd conectado)  \/  222.39 btu \/ h (con 55w pd conectado)<\/td>\n<\/tr>\n<tr>\n<td>Rendimiento<\/td>\n<\/tr>\n<tr>\n<td>Capacidad de switcheo: 16gbps<\/td>\n<\/tr>\n<tr>\n<td>Tasa de reenv\u00edo de paquetes: 11.9mpps<\/td>\n<\/tr>\n<tr>\n<td>Tabla de mac address: 4k<\/td>\n<\/tr>\n<tr>\n<td>Paquetes de memoria de b\u00fafer: 1.5mb<\/td>\n<\/tr>\n<tr>\n<td>Marco jumbo: 15kb<\/td>\n<\/tr>\n<tr>\n<td>Caracter\u00edsticas de software<\/td>\n<\/tr>\n<tr>\n<td>Calidad de servicio: admite prioridad basada en puerto \/ 802.1p \/ dscp  \/  admite 4 colas de prioridad  \/  limite de tasa  \/  control de tormenta<\/td>\n<\/tr>\n<tr>\n<td>Caracter\u00edsticas de l2: igmp snooping v1 \/ v2 \/ v3 puerto de agregaci\u00f3n est\u00e1tica  \/  reflejo del cable diagn\u00f3stico  \/  prevenci\u00f3n de bucles<\/td>\n<\/tr>\n<tr>\n<td>Vlan: admite hasta 32 vlan simult\u00e1neamente (de 4k id de vlan)  \/  mtu \/ port \/ tag vlan<\/td>\n<\/tr>\n<tr>\n<td>Administraci\u00f3n: utilidad de configuraci\u00f3n f\u00e1cil e inteligente de gui basada en web<\/td>\n<\/tr>\n<tr>\n<td>M\u00e9todo de transmisi\u00f3n: almacenamiento y reenvio<\/td>\n<\/tr>\n<tr>\n<td>Otros<\/td>\n<\/tr>\n<tr>\n<td>Certificaci\u00f3n: fcc, ce, rohs<\/td>\n<\/tr>\n<tr>\n<td>Contenidos del paquete: tl-sg108pe  \/  gu\u00eda de instalaci\u00f3n  \/  adaptador de alimentaci\u00f3n  \/  pies de goma<\/td>\n<\/tr>\n<tr>\n<td>Requisitos del sistema: microsoft\u00ae windows\u00ae para ejecutar la utilidad<\/td>\n<\/tr>\n<tr>\n<td>Ambiente: temperatura de funcionamiento: 0 \u00bf ~ 40 (32 \u00bf ~ 104 \u00bf)  \/  temperatura de almacenamiento: -40 \u00bf ~ 70 \u00bf (-40 \u00bf ~ 158 \u00bf)  \/  humedad de funcionamiento: 10% ~ 90% rh sin condensaci\u00f3n  \/  humedad de almacenamiento: 5% ~ 95% hr sin condensaci\u00f3n<\/td>\n<\/tr>\n<\/table>\n","protected":false},"excerpt":{"rendered":"<p>Switch easy smart de 8 puertos gigabit con 4 puertos poe. Tl-sg108pe. * 8 puertos rj45 10\/100\/1000mbps. * equipado con 4 puertos poe 802.3af con hasta 15.4w por puerto, datos y energ\u00eda se pueden transferir en un solo cable. * soporte energ\u00e9tico poe hasta un m\u00e1ximo de 55w para todos los puertos poe. * proporciona monitorizaci\u00f3n de red, prioridad de tr\u00e1fico caracter\u00edsticas vlan. * configuraci\u00f3n simple de red con conexi\u00f3n plug-and-play. * la interfaz de usuario v\u00eda web y la utilidad de configuraci\u00f3n easy smart permiten un configuraci\u00f3n simplificada. El tl-sg108pe es un switch gigabit easy smart de 8 puertos con 4 puertos poe, que representa una potente actualizaci\u00f3n de un switch no gestionable. Est\u00e1 dise\u00f1ado espec\u00edficamente para peque\u00f1as empresas que requieren una gesti\u00f3n de red sencilla con funci\u00f3n poe. El tl-sg108pe puede conectar y alimentar hasta cuatro dispositivos poe, como puntos de acceso inal\u00e1mbricos (ap), c\u00e1maras ip y tel\u00e9fonos ip. A trav\u00e9s de su interfaz de usuario basada en web y su utilidad de gesti\u00f3n, el tl-sg108pe ofrece una gran variedad de caracter\u00edsticas \u00fatiles, incluyendo monitoreo de red, priorizaci\u00f3n de tr\u00e1fico y qos mejorado. Adem\u00e1s, con vlan basada en puerto, etiquetas y mtu, el tl-sg108pe puede mejorar la seguridad y satisfacer m\u00e1s requisitos de segmentaci\u00f3n de red. Power over ethernet. 4 de los 8 puertos rj45 auto-negociaciables (puerto 1 a puerto 4) del switch soportan la funci\u00f3n power over ethernet (poe). Estos puertos poe pueden detectar y suministrar electricidad autom\u00e1ticamente a dispositivos alimentados compatibles con ieee 802.3af. Gesti\u00f3n efectiva. El tl-sg108pe ofrece monitorizaci\u00f3n de red para que los usuarios observen el comportamiento del tr\u00e1fico. A trav\u00e9s de su interfaz de usuario basada en web y su utilidad de gesti\u00f3n, el tl-sg108pe ofrece una gran variedad de caracter\u00edsticas \u00fatiles, incluyendo monitoreo de red, priorizaci\u00f3n de tr\u00e1fico y qos mejorada. Con las funciones de port mirroring, prevenci\u00f3n de bucles y diagn\u00f3stico por cable, el tl-sg108pe puede identificar e incluso localizar problemas de conexi\u00f3n en su red empresarial. Adem\u00e1s, los administradores pueden designar la prioridad del tr\u00e1fico en funci\u00f3n de la prioridad del puerto, la prioridad 802.1p y la prioridad dscp, para garantizar que la voz y el v\u00eddeo siempre sean claros, sin ruidos y sin retrasos. Adem\u00e1s, para mejorar la seguridad y el rendimiento de la red, el tl-sg108pe soporta funciones vlan basada en mtu, vlan basada en puerto y vlan basadas en 802.1q. El tl-sg108pe es una actualizaci\u00f3n del switch no gestionable plug-and-play, ofreciendo un gran valor al usuario final, al mismo tiempo que potencia su red. Facilidad de uso. El tl-sg108pe es f\u00e1cil de usar y administrar. La negociaci\u00f3n auto mdi\/mdi-x en todos los puertos elimina la necesidad de cables cruzados y puertos uplink. La negociaci\u00f3n autom\u00e1tica en cada puerto detecta la velocidad de enlace de un dispositivo de red (10, 100 \u00f3 1000 mbps) y se adapta inteligentemente para promover la compatibilidad y optimizar el rendimiento. El tama\u00f1o compacto y conveniente lo hace ideal para escritorios con espacio limitado. Los indicadores led activos proporcionan realimentaci\u00f3n de estado en tiempo real y diagn\u00f3sticos b\u00e1sicos de errores.<\/p>\n","protected":false},"featured_media":220663,"comment_status":"open","ping_status":"open","template":"","meta":[],"product_cat":[1563,1564],"product_tag":[1562],"acf":[],"yoast_head":"<!-- This site is optimized with the Yoast SEO plugin v21.7 - https:\/\/yoast.com\/wordpress\/plugins\/seo\/ -->\n<title>[ Tp Link ] &#129351; Tl-sg108pe Switch Tp-link 8 Puertos Rj45 10\/100\/1000 No Administrable 4 Puertos Poe Auto Negotiation\/auto Mdi\/mdix<\/title>\n<meta name=\"description\" content=\"Compra Tl-sg108pe Switch Tp-link 8 Puertos Rj45 10\/100\/1000 No Administrable 4 Puertos Poe Auto Negotiation\/auto Mdi\/mdix + Env\u00edo a domicilio + Pago seguro + Garant\u00eda\" \/>\n<meta name=\"robots\" content=\"index, follow, max-snippet:-1, max-image-preview:large, max-video-preview:-1\" \/>\n<link rel=\"canonical\" href=\"https:\/\/compuviper.mx\/tienda\/producto\/tp-link-tl-sg108pe-switch-tp-link-8-puertos-rj45-10-100-1000-no-administrable-4-puertos-poe-auto-negotiation-auto-mdi-mdix\/\" \/>\n<meta property=\"og:locale\" content=\"es_MX\" \/>\n<meta property=\"og:type\" content=\"article\" \/>\n<meta property=\"og:title\" content=\"[ Tp Link ] &#129351; Tl-sg108pe Switch Tp-link 8 Puertos Rj45 10\/100\/1000 No Administrable 4 Puertos Poe Auto Negotiation\/auto Mdi\/mdix\" \/>\n<meta property=\"og:description\" content=\"Compra Tl-sg108pe Switch Tp-link 8 Puertos Rj45 10\/100\/1000 No Administrable 4 Puertos Poe Auto Negotiation\/auto Mdi\/mdix + Env\u00edo a domicilio + Pago seguro + Garant\u00eda\" \/>\n<meta property=\"og:url\" content=\"https:\/\/compuviper.mx\/tienda\/producto\/tp-link-tl-sg108pe-switch-tp-link-8-puertos-rj45-10-100-1000-no-administrable-4-puertos-poe-auto-negotiation-auto-mdi-mdix\/\" \/>\n<meta property=\"og:site_name\" content=\"Compuviper\" \/>\n<meta property=\"article:publisher\" content=\"https:\/\/www.facebook.com\/compuviper\" \/>\n<meta property=\"og:image\" content=\"https:\/\/compuviper.mx\/tienda\/wp-content\/uploads\/2023\/12\/Switch-tp-link-tl-sg108pe-8-puertos-rj45-101001000-no-administrable-4-puertos-poe-auto-negotiationauto-mdimdix.jpg\" \/>\n\t<meta property=\"og:image:width\" content=\"200\" \/>\n\t<meta property=\"og:image:height\" content=\"200\" \/>\n\t<meta property=\"og:image:type\" content=\"image\/jpeg\" \/>\n<meta name=\"twitter:card\" content=\"summary_large_image\" \/>\n<meta name=\"twitter:label1\" content=\"Precio\" \/>\n\t<meta name=\"twitter:data1\" content=\"&#36;801 con IVA\" \/>\n\t<meta name=\"twitter:label2\" content=\"Availability\" \/>\n\t<meta name=\"twitter:data2\" content=\"Out of stock\" \/>\n<script type=\"application\/ld+json\" class=\"yoast-schema-graph\">{\"@context\":\"https:\/\/schema.org\",\"@graph\":[{\"@type\":\"WebPage\",\"@id\":\"https:\/\/compuviper.mx\/tienda\/producto\/tp-link-tl-sg108pe-switch-tp-link-8-puertos-rj45-10-100-1000-no-administrable-4-puertos-poe-auto-negotiation-auto-mdi-mdix\/\",\"url\":\"https:\/\/compuviper.mx\/tienda\/producto\/tp-link-tl-sg108pe-switch-tp-link-8-puertos-rj45-10-100-1000-no-administrable-4-puertos-poe-auto-negotiation-auto-mdi-mdix\/\",\"name\":\"[ Tp Link ] &#129351; Tl-sg108pe Switch Tp-link 8 Puertos Rj45 10\/100\/1000 No Administrable 4 Puertos Poe Auto Negotiation\/auto Mdi\/mdix\",\"isPartOf\":{\"@id\":\"https:\/\/compuviper.mx\/tienda\/#website\"},\"datePublished\":\"2026-04-18T07:06:52+00:00\",\"dateModified\":\"2026-04-18T07:06:52+00:00\",\"description\":\"Compra Tl-sg108pe Switch Tp-link 8 Puertos Rj45 10\/100\/1000 No Administrable 4 Puertos Poe Auto Negotiation\/auto Mdi\/mdix + Env\u00edo a domicilio + Pago seguro + Garant\u00eda\",\"breadcrumb\":{\"@id\":\"https:\/\/compuviper.mx\/tienda\/producto\/tp-link-tl-sg108pe-switch-tp-link-8-puertos-rj45-10-100-1000-no-administrable-4-puertos-poe-auto-negotiation-auto-mdi-mdix\/#breadcrumb\"},\"inLanguage\":\"es-MX\",\"potentialAction\":[{\"@type\":\"ReadAction\",\"target\":[\"https:\/\/compuviper.mx\/tienda\/producto\/tp-link-tl-sg108pe-switch-tp-link-8-puertos-rj45-10-100-1000-no-administrable-4-puertos-poe-auto-negotiation-auto-mdi-mdix\/\"]}]},{\"@type\":\"BreadcrumbList\",\"@id\":\"https:\/\/compuviper.mx\/tienda\/producto\/tp-link-tl-sg108pe-switch-tp-link-8-puertos-rj45-10-100-1000-no-administrable-4-puertos-poe-auto-negotiation-auto-mdi-mdix\/#breadcrumb\",\"itemListElement\":[{\"@type\":\"ListItem\",\"position\":1,\"name\":\"Inicio\",\"item\":\"https:\/\/compuviper.mx\/tienda\/\"},{\"@type\":\"ListItem\",\"position\":2,\"name\":\"Productos\",\"item\":\"https:\/\/compuviper.mx\/tienda\/productos\/\"},{\"@type\":\"ListItem\",\"position\":3,\"name\":\"Redes\",\"item\":\"https:\/\/compuviper.mx\/tienda\/categoria-producto\/redes\/\"},{\"@type\":\"ListItem\",\"position\":4,\"name\":\"Switch\",\"item\":\"https:\/\/compuviper.mx\/tienda\/categoria-producto\/redes\/switch\/\"},{\"@type\":\"ListItem\",\"position\":5,\"name\":\"Tp Link Tl-sg108pe Switch Tp-link 8 Puertos Rj45 10\/100\/1000 No Administrable 4 Puertos Poe Auto Negotiation\/auto Mdi\/mdix\"}]},{\"@type\":\"WebSite\",\"@id\":\"https:\/\/compuviper.mx\/tienda\/#website\",\"url\":\"https:\/\/compuviper.mx\/tienda\/\",\"name\":\"Compuviper\",\"description\":\"Proveedor de Computadoras, Laptops, Servidores, Monitores, Puntos de Venta, Teclados,   Impresoras, T\u00f3ner, C\u00e1maras de Seguridad y m\u00e1s en tu tienda en l\u00ednea\",\"publisher\":{\"@id\":\"https:\/\/compuviper.mx\/tienda\/#organization\"},\"potentialAction\":[{\"@type\":\"SearchAction\",\"target\":{\"@type\":\"EntryPoint\",\"urlTemplate\":\"https:\/\/compuviper.mx\/tienda\/?s={search_term_string}\"},\"query-input\":\"required name=search_term_string\"}],\"inLanguage\":\"es-MX\"},{\"@type\":\"Organization\",\"@id\":\"https:\/\/compuviper.mx\/tienda\/#organization\",\"name\":\"Compuviper\",\"url\":\"https:\/\/compuviper.mx\/tienda\/\",\"logo\":{\"@type\":\"ImageObject\",\"inLanguage\":\"es-MX\",\"@id\":\"https:\/\/compuviper.mx\/tienda\/#\/schema\/logo\/image\/\",\"url\":\"https:\/\/compuviper.mx\/tienda\/wp-content\/uploads\/2021\/08\/Logo-Compuviper-10.png\",\"contentUrl\":\"https:\/\/compuviper.mx\/tienda\/wp-content\/uploads\/2021\/08\/Logo-Compuviper-10.png\",\"width\":1000,\"height\":500,\"caption\":\"Compuviper\"},\"image\":{\"@id\":\"https:\/\/compuviper.mx\/tienda\/#\/schema\/logo\/image\/\"},\"sameAs\":[\"https:\/\/www.facebook.com\/compuviper\",\"https:\/\/www.youtube.com\/channel\/UCf73dERp9Y3cfOq7q8BhLjA?view_as=subscriber\"]}]}<\/script>\n<meta property=\"product:brand\" content=\"TP LINK\" \/>\n<meta property=\"product:price:amount\" content=\"801\" \/>\n<meta property=\"product:price:currency\" content=\"MXN\" \/>\n<meta property=\"og:availability\" content=\"out of stock\" \/>\n<meta property=\"product:availability\" content=\"out of stock\" \/>\n<meta property=\"product:retailer_item_id\" content=\"TL-SG108PE\" \/>\n<meta property=\"product:condition\" content=\"new\" \/>\n<!-- \/ Yoast SEO plugin. -->","yoast_head_json":{"title":"[ Tp Link ] &#129351; Tl-sg108pe Switch Tp-link 8 Puertos Rj45 10\/100\/1000 No Administrable 4 Puertos Poe Auto Negotiation\/auto Mdi\/mdix","description":"Compra Tl-sg108pe Switch Tp-link 8 Puertos Rj45 10\/100\/1000 No Administrable 4 Puertos Poe Auto Negotiation\/auto Mdi\/mdix + Env\u00edo a domicilio + Pago seguro + Garant\u00eda","robots":{"index":"index","follow":"follow","max-snippet":"max-snippet:-1","max-image-preview":"max-image-preview:large","max-video-preview":"max-video-preview:-1"},"canonical":"https:\/\/compuviper.mx\/tienda\/producto\/tp-link-tl-sg108pe-switch-tp-link-8-puertos-rj45-10-100-1000-no-administrable-4-puertos-poe-auto-negotiation-auto-mdi-mdix\/","og_locale":"es_MX","og_type":"article","og_title":"[ Tp Link ] &#129351; Tl-sg108pe Switch Tp-link 8 Puertos Rj45 10\/100\/1000 No Administrable 4 Puertos Poe Auto Negotiation\/auto Mdi\/mdix","og_description":"Compra Tl-sg108pe Switch Tp-link 8 Puertos Rj45 10\/100\/1000 No Administrable 4 Puertos Poe Auto Negotiation\/auto Mdi\/mdix + Env\u00edo a domicilio + Pago seguro + Garant\u00eda","og_url":"https:\/\/compuviper.mx\/tienda\/producto\/tp-link-tl-sg108pe-switch-tp-link-8-puertos-rj45-10-100-1000-no-administrable-4-puertos-poe-auto-negotiation-auto-mdi-mdix\/","og_site_name":"Compuviper","article_publisher":"https:\/\/www.facebook.com\/compuviper","og_image":[{"width":200,"height":200,"url":"https:\/\/compuviper.mx\/tienda\/wp-content\/uploads\/2023\/12\/Switch-tp-link-tl-sg108pe-8-puertos-rj45-101001000-no-administrable-4-puertos-poe-auto-negotiationauto-mdimdix.jpg","type":"image\/jpeg"}],"twitter_card":"summary_large_image","twitter_misc":{"Precio":"&#36;801 con IVA","Availability":"Out of stock"},"schema":{"@context":"https:\/\/schema.org","@graph":[{"@type":"WebPage","@id":"https:\/\/compuviper.mx\/tienda\/producto\/tp-link-tl-sg108pe-switch-tp-link-8-puertos-rj45-10-100-1000-no-administrable-4-puertos-poe-auto-negotiation-auto-mdi-mdix\/","url":"https:\/\/compuviper.mx\/tienda\/producto\/tp-link-tl-sg108pe-switch-tp-link-8-puertos-rj45-10-100-1000-no-administrable-4-puertos-poe-auto-negotiation-auto-mdi-mdix\/","name":"[ Tp Link ] &#129351; Tl-sg108pe Switch Tp-link 8 Puertos Rj45 10\/100\/1000 No Administrable 4 Puertos Poe Auto Negotiation\/auto Mdi\/mdix","isPartOf":{"@id":"https:\/\/compuviper.mx\/tienda\/#website"},"datePublished":"2026-04-18T07:06:52+00:00","dateModified":"2026-04-18T07:06:52+00:00","description":"Compra Tl-sg108pe Switch Tp-link 8 Puertos Rj45 10\/100\/1000 No Administrable 4 Puertos Poe Auto Negotiation\/auto Mdi\/mdix + Env\u00edo a domicilio + Pago seguro + Garant\u00eda","breadcrumb":{"@id":"https:\/\/compuviper.mx\/tienda\/producto\/tp-link-tl-sg108pe-switch-tp-link-8-puertos-rj45-10-100-1000-no-administrable-4-puertos-poe-auto-negotiation-auto-mdi-mdix\/#breadcrumb"},"inLanguage":"es-MX","potentialAction":[{"@type":"ReadAction","target":["https:\/\/compuviper.mx\/tienda\/producto\/tp-link-tl-sg108pe-switch-tp-link-8-puertos-rj45-10-100-1000-no-administrable-4-puertos-poe-auto-negotiation-auto-mdi-mdix\/"]}]},{"@type":"BreadcrumbList","@id":"https:\/\/compuviper.mx\/tienda\/producto\/tp-link-tl-sg108pe-switch-tp-link-8-puertos-rj45-10-100-1000-no-administrable-4-puertos-poe-auto-negotiation-auto-mdi-mdix\/#breadcrumb","itemListElement":[{"@type":"ListItem","position":1,"name":"Inicio","item":"https:\/\/compuviper.mx\/tienda\/"},{"@type":"ListItem","position":2,"name":"Productos","item":"https:\/\/compuviper.mx\/tienda\/productos\/"},{"@type":"ListItem","position":3,"name":"Redes","item":"https:\/\/compuviper.mx\/tienda\/categoria-producto\/redes\/"},{"@type":"ListItem","position":4,"name":"Switch","item":"https:\/\/compuviper.mx\/tienda\/categoria-producto\/redes\/switch\/"},{"@type":"ListItem","position":5,"name":"Tp Link Tl-sg108pe Switch Tp-link 8 Puertos Rj45 10\/100\/1000 No Administrable 4 Puertos Poe Auto Negotiation\/auto Mdi\/mdix"}]},{"@type":"WebSite","@id":"https:\/\/compuviper.mx\/tienda\/#website","url":"https:\/\/compuviper.mx\/tienda\/","name":"Compuviper","description":"Proveedor de Computadoras, Laptops, Servidores, Monitores, Puntos de Venta, Teclados,   Impresoras, T\u00f3ner, C\u00e1maras de Seguridad y m\u00e1s en tu tienda en l\u00ednea","publisher":{"@id":"https:\/\/compuviper.mx\/tienda\/#organization"},"potentialAction":[{"@type":"SearchAction","target":{"@type":"EntryPoint","urlTemplate":"https:\/\/compuviper.mx\/tienda\/?s={search_term_string}"},"query-input":"required name=search_term_string"}],"inLanguage":"es-MX"},{"@type":"Organization","@id":"https:\/\/compuviper.mx\/tienda\/#organization","name":"Compuviper","url":"https:\/\/compuviper.mx\/tienda\/","logo":{"@type":"ImageObject","inLanguage":"es-MX","@id":"https:\/\/compuviper.mx\/tienda\/#\/schema\/logo\/image\/","url":"https:\/\/compuviper.mx\/tienda\/wp-content\/uploads\/2021\/08\/Logo-Compuviper-10.png","contentUrl":"https:\/\/compuviper.mx\/tienda\/wp-content\/uploads\/2021\/08\/Logo-Compuviper-10.png","width":1000,"height":500,"caption":"Compuviper"},"image":{"@id":"https:\/\/compuviper.mx\/tienda\/#\/schema\/logo\/image\/"},"sameAs":["https:\/\/www.facebook.com\/compuviper","https:\/\/www.youtube.com\/channel\/UCf73dERp9Y3cfOq7q8BhLjA?view_as=subscriber"]}]},"product_brand":"TP LINK","product_price_amount":"801","product_price_currency":"MXN","og_availability":"out of stock","product_availability":"out of stock","product_retailer_item_id":"TL-SG108PE","product_condition":"new"},"_links":{"self":[{"href":"https:\/\/compuviper.mx\/tienda\/wp-json\/wp\/v2\/product\/220662"}],"collection":[{"href":"https:\/\/compuviper.mx\/tienda\/wp-json\/wp\/v2\/product"}],"about":[{"href":"https:\/\/compuviper.mx\/tienda\/wp-json\/wp\/v2\/types\/product"}],"replies":[{"embeddable":true,"href":"https:\/\/compuviper.mx\/tienda\/wp-json\/wp\/v2\/comments?post=220662"}],"wp:featuredmedia":[{"embeddable":true,"href":"https:\/\/compuviper.mx\/tienda\/wp-json\/wp\/v2\/media\/220663"}],"wp:attachment":[{"href":"https:\/\/compuviper.mx\/tienda\/wp-json\/wp\/v2\/media?parent=220662"}],"wp:term":[{"taxonomy":"product_cat","embeddable":true,"href":"https:\/\/compuviper.mx\/tienda\/wp-json\/wp\/v2\/product_cat?post=220662"},{"taxonomy":"product_tag","embeddable":true,"href":"https:\/\/compuviper.mx\/tienda\/wp-json\/wp\/v2\/product_tag?post=220662"}],"curies":[{"name":"wp","href":"https:\/\/api.w.org\/{rel}","templated":true}]}}