{"id":220660,"date":"2026-04-11T01:01:56","date_gmt":"2026-04-11T07:01:56","guid":{"rendered":"https:\/\/compuviper.mx\/tienda\/producto\/tp-link-eap225-access-point-tp-link-inalambrico-para-interior-ac1350-banda-dual-2-4ghz-a-450mbps-y-5ghz-a-867mbps-poe-pasivo-incluido\/"},"modified":"2026-04-11T01:01:56","modified_gmt":"2026-04-11T07:01:56","slug":"tp-link-eap225-access-point-tp-link-omada-ac1350-wireless-dual-band-ceiling-mount","status":"publish","type":"product","link":"https:\/\/compuviper.mx\/tienda\/producto\/tp-link-eap225-access-point-tp-link-omada-ac1350-wireless-dual-band-ceiling-mount\/","title":{"rendered":"Tp Link Eap225 Access Point Tp-link  Omada Ac1350 Wireless Dual Band Ceiling Mount"},"content":{"rendered":"<table class=\"descripcion\">\n<tr>\n<td>Caracter\u00edsticas de hardware<\/td>\n<\/tr>\n<tr>\n<td>Interfaz: puerto gigabit ethernet (rj-45) * 1 (admite poe ieee802.3af y poe pasivo *)<\/td>\n<\/tr>\n<tr>\n<td>Bot\u00f3n: reiniciar<\/td>\n<\/tr>\n<tr>\n<td>Fuente de alimentaci\u00f3n: 802.3af \/ a poe  \/  24v poe pasivo (+ 4,5 pines; -7,8 pines. incluye adaptador poe)<\/td>\n<\/tr>\n<tr>\n<td>Consumo de energ\u00eda: ue: 10.5 w  \/  us: 12.6w<\/td>\n<\/tr>\n<tr>\n<td>Dimensiones: 8.1 \u00d7 7.1 \u00d7 1.5 pulg. (205.5 \u00d7 181.5 \u00d7 37.1 mm)<\/td>\n<\/tr>\n<tr>\n<td>Tipo de antena: 3 omni interno *  \/  2.4ghz: 4dbi  \/  5ghz: 5dbi<\/td>\n<\/tr>\n<tr>\n<td>Montaje: montaje en techo \/ pared (kits incluidos)<\/td>\n<\/tr>\n<tr>\n<td>Cerradura de seguridad f\u00edsica: s\u00ed<\/td>\n<\/tr>\n<tr>\n<td>Watch dog por hardware: s\u00ed<\/td>\n<\/tr>\n<tr>\n<td>Caracter\u00edsticas inal\u00e1mbricas<\/td>\n<\/tr>\n<tr>\n<td>Est\u00e1ndares inal\u00e1mbricos: ieee 802.11ac \/ n \/ g \/ b \/ a<\/td>\n<\/tr>\n<tr>\n<td>Frecuencia: 2.4ghz y 5ghz<\/td>\n<\/tr>\n<tr>\n<td>Tasa de se\u00f1al: 5ghz: hasta 867mbps  \/  2.4ghz: hasta 450mbps *<\/td>\n<\/tr>\n<tr>\n<td>Funciones inal\u00e1mbricas: m\u00faltiples ssid (hasta 16 ssid, 8 para cada banda)  \/  activar &#8211; desactivar radio inal\u00e1mbrica  \/  asignaci\u00f3n autom\u00e1tica de canales  \/  transmisi\u00f3n de control de potencia (ajustar la potencia de transmisi\u00f3n en dbm)  \/  qos (wmm) equilibrio de carga de la direcci\u00f3n de la banda mu-mimo * equidad en tiempo de uso * forma de haz *  \/  l\u00edmite de frecuencia reinicio programaci\u00f3n inal\u00e1mbrica programaci\u00f3n inal\u00e1mbrica estad\u00edsticas basadas en ssid &#8211; ap &#8211; cliente<\/td>\n<\/tr>\n<tr>\n<td>Seguridad inal\u00e1mbrica: autenticaci\u00f3n de portal cautivo  \/  control de acceso  \/  conexi\u00f3n de mac inal\u00e1mbrica filtrado  \/  aislamiento inal\u00e1mbrico entre clientes  \/  asignaci\u00f3n de vlan a vlan  \/  detecci\u00f3n de puntos de acceso de ap 802.1x<\/td>\n<\/tr>\n<tr>\n<td>Potencia de transmisi\u00f3n: ce: \u00bf20dbm (2.4ghz, eirp)  \u00bf23dbm (5ghz, eirp)  \/  fcc:<\/td>\n<\/tr>\n<tr>\n<td>\u00bf24dbm (2.4ghz)  \u00bf22dbm (5ghz)<\/td>\n<\/tr>\n<tr>\n<td>Administraci\u00f3n<\/td>\n<\/tr>\n<tr>\n<td>Omada cloud access: s\u00ed<\/td>\n<\/tr>\n<tr>\n<td>Aplicaci\u00f3n omada: s\u00ed<\/td>\n<\/tr>\n<tr>\n<td>Omada cloud controller: s\u00ed<\/td>\n<\/tr>\n<tr>\n<td>Software controlador omada: s\u00ed<\/td>\n<\/tr>\n<tr>\n<td>Software de controlador eap: s\u00ed<\/td>\n<\/tr>\n<tr>\n<td>Alertas de correo electr\u00f3nico: s\u00ed<\/td>\n<\/tr>\n<tr>\n<td>Control led on \/ off: s\u00ed<\/td>\n<\/tr>\n<tr>\n<td>Gesti\u00f3n de control de acceso mac: s\u00ed<\/td>\n<\/tr>\n<tr>\n<td>Snmp: v1, v2c<\/td>\n<\/tr>\n<tr>\n<td>Registro de sistema local \/ remoto syslog: syslog local \/ remoto<\/td>\n<\/tr>\n<tr>\n<td>Telnet: s\u00ed<\/td>\n<\/tr>\n<tr>\n<td>Ssh: s\u00ed<\/td>\n<\/tr>\n<tr>\n<td>Gesti\u00f3n basada en web: http \/ https<\/td>\n<\/tr>\n<tr>\n<td>Gesti\u00f3n l3: s\u00ed<\/td>\n<\/tr>\n<tr>\n<td>Gesti\u00f3n multisitio: s\u00ed<\/td>\n<\/tr>\n<tr>\n<td>Vlan de gesti\u00f3n: s\u00ed<\/td>\n<\/tr>\n<tr>\n<td>Otros<\/td>\n<\/tr>\n<tr>\n<td>Certificaci\u00f3n: ce, fcc, rohs<\/td>\n<\/tr>\n<tr>\n<td>Contenido del paquete: access point ac1350 inal\u00e1mbrico mu-mimo gigabit montaje en techo  \/  adaptador poe pasivo  \/  cable de energ\u00eda  \/  kit de montaje  \/  gu\u00eda de instalaci\u00f3n<\/td>\n<\/tr>\n<tr>\n<td>Requisitos del sistema: microsoft windows xp, vista, windows 7, windows 8, windows10, linux<\/td>\n<\/tr>\n<tr>\n<td>Ambiente: temperatura de funcionamiento: 0 \u00bf ~ 60 (32 \u00bf ~ 144 \u00bf)  \/  temperatura de almacenamiento: -40 \u00bf ~ 70 \u00bf (-40 \u00bf ~ 158 \u00bf)  \/  humedad de funcionamiento: 10% ~ 90% sin condensaci\u00f3n  \/  humedad de almacenamiento: 5% ~ 90 % sin condensaci\u00f3n<\/td>\n<\/tr>\n<\/table>\n","protected":false},"excerpt":{"rendered":"<p>Punto de acceso gigabit inal\u00e1mbrico mu-mimo con montaje en techo eap225. * velocidades wi-fi de hasta 1350mbps en total, con 450mbps en 2.4ghz y 867mpbs en 5ghz.  Soporta roaming ininterrumpido, por lo que incluso las transmisiones de video y las llamadas de voz no se ven afectadas cuando los usuarios se mueven entre ubicaciones.  Software controlador eap gratuito que permite a los administradores gestionar f\u00e1cilmente cientos de eaps.  Soporta alimentaci\u00f3n sobre ethernet (802.3af) y poe pasivo para una instalaci\u00f3n pr\u00e1ctica y flexible.  Portal cautivo que proporciona un m\u00e9todo pr\u00e1ctico para la autenticaci\u00f3n de invitados.  La funci\u00f3n band steering traslada autom\u00e1ticamente los dispositivos de doble banda a la banda m\u00e1s amplia de 5ghz para conexiones m\u00e1s r\u00e1pidas. * mu-mimo significa que un punto de acceso transfiere datos de manera simult\u00e1nea con m\u00faltiples dispositivos, aumentando la velocidad de las conexiones. * beamforming concentra la se\u00f1al hacia donde m\u00e1s se necesita, proporcionando una experincia wi-fi r\u00e1pida y estable. * se pueden definir horarios sobre los puntos de acceso para que se reinician autom\u00e1ticamente y\/o se desactive\/active la se\u00f1al wifi  dentro de un horario deseado. Velocidad wi-fi superior gracias a la tecnolog\u00eda wi-fi mu-mimo. Con la \u00faltima generaci\u00f3n de wi-fi 802.11ac wave 2, el eap225 ofrece velocidades wifi en doble banda de hasta 1350mbps a m\u00faltiples dispositivos al mismo tiempo. Gesti\u00f3n centralizada en la nube gratuita. En cualquier momento, en cualquier lugar. Compatible con tanaza. El controlador omada cloud oc200 y software controlador de omada facilitan la administraci\u00f3n y el monitoreo de toda la red de omada en tiempo real, mientras que el servicio en la nube permite el acceso remoto y seguro sin importar d\u00f3nde se encuentre. Autenticaci\u00f3n eficiente de invitados con facebook y sms. El portal cautivo ayuda a mantener solo a los invitados autorizados para usar la red, presentando los dispositivos con un m\u00e9todo de autenticaci\u00f3n conveniente y f\u00e1cil de usar para otorgar acceso a wi-fi. La adici\u00f3n de la autenticaci\u00f3n de sms y facebook simplifica a\u00fan m\u00e1s el portal cautivo para simplificar la conectividad e impulsar su negocio. M\u00faltiples opciones de poe para una f\u00e1cil instalaci\u00f3n. El eap225 admite tanto fuente de alimentaci\u00f3n poe 802.3af, poe pasiva, y puede ser. Alimentada por un interruptor poe o el adaptador poe provisto, lo que hace que la implementaci\u00f3n sea f\u00e1cil y flexible. F\u00e1cil gesti\u00f3n con la app de omada. Siga las instrucciones de configuraci\u00f3n en la aplicaci\u00f3n gratuita de omada para configurar en minutos. Omada le permite configurar ajustes, monitorear el estado de la red y administrar clientes, todo desde la comodidad de un tel\u00e9fono inteligente o tableta. \u00a1conoce nuestro nuevo producto. El oc200 omada cloud controller est\u00e1 dedicado a proporcionar administraci\u00f3n centralizada para toda la red de omada.<\/p>\n","protected":false},"featured_media":220661,"comment_status":"open","ping_status":"open","template":"","meta":[],"product_cat":[1563,1754],"product_tag":[1562],"acf":[],"yoast_head":"<!-- This site is optimized with the Yoast SEO plugin v21.7 - https:\/\/yoast.com\/wordpress\/plugins\/seo\/ -->\n<title>[ Tp Link ] &#129351; Eap225 Access Point Tp-link Omada Ac1350 Wireless Dual Band Ceiling Mount<\/title>\n<meta name=\"description\" content=\"Compra Eap225 Access Point Tp-link Omada Ac1350 Wireless Dual Band Ceiling Mount + Env\u00edo a domicilio + Pago seguro + Garant\u00eda\" \/>\n<meta name=\"robots\" content=\"index, follow, max-snippet:-1, max-image-preview:large, max-video-preview:-1\" \/>\n<link rel=\"canonical\" href=\"https:\/\/compuviper.mx\/tienda\/producto\/tp-link-eap225-access-point-tp-link-omada-ac1350-wireless-dual-band-ceiling-mount\/\" \/>\n<meta property=\"og:locale\" content=\"es_MX\" \/>\n<meta property=\"og:type\" content=\"article\" \/>\n<meta property=\"og:title\" content=\"[ Tp Link ] &#129351; Eap225 Access Point Tp-link Omada Ac1350 Wireless Dual Band Ceiling Mount\" \/>\n<meta property=\"og:description\" content=\"Compra Eap225 Access Point Tp-link Omada Ac1350 Wireless Dual Band Ceiling Mount + Env\u00edo a domicilio + Pago seguro + Garant\u00eda\" \/>\n<meta property=\"og:url\" content=\"https:\/\/compuviper.mx\/tienda\/producto\/tp-link-eap225-access-point-tp-link-omada-ac1350-wireless-dual-band-ceiling-mount\/\" \/>\n<meta property=\"og:site_name\" content=\"Compuviper\" \/>\n<meta property=\"article:publisher\" content=\"https:\/\/www.facebook.com\/compuviper\" \/>\n<meta property=\"og:image\" content=\"https:\/\/compuviper.mx\/tienda\/wp-content\/uploads\/2023\/12\/Access-point-tp-link-eap225-inalambrico-para-interior-ac1350-banda-dual-2.4ghz-a-450mbps-y-5ghz-a-867mbps-poe-pasivo-incluido.jpg\" \/>\n\t<meta property=\"og:image:width\" content=\"200\" \/>\n\t<meta property=\"og:image:height\" content=\"200\" \/>\n\t<meta property=\"og:image:type\" content=\"image\/jpeg\" \/>\n<meta name=\"twitter:card\" content=\"summary_large_image\" \/>\n<meta name=\"twitter:label1\" content=\"Precio\" \/>\n\t<meta name=\"twitter:data1\" content=\"&#36;1,044 con IVA\" \/>\n\t<meta name=\"twitter:label2\" content=\"Availability\" \/>\n\t<meta name=\"twitter:data2\" content=\"Out of stock\" \/>\n<script type=\"application\/ld+json\" class=\"yoast-schema-graph\">{\"@context\":\"https:\/\/schema.org\",\"@graph\":[{\"@type\":\"WebPage\",\"@id\":\"https:\/\/compuviper.mx\/tienda\/producto\/tp-link-eap225-access-point-tp-link-omada-ac1350-wireless-dual-band-ceiling-mount\/\",\"url\":\"https:\/\/compuviper.mx\/tienda\/producto\/tp-link-eap225-access-point-tp-link-omada-ac1350-wireless-dual-band-ceiling-mount\/\",\"name\":\"[ Tp Link ] &#129351; Eap225 Access Point Tp-link Omada Ac1350 Wireless Dual Band Ceiling Mount\",\"isPartOf\":{\"@id\":\"https:\/\/compuviper.mx\/tienda\/#website\"},\"datePublished\":\"2026-04-11T07:01:56+00:00\",\"dateModified\":\"2026-04-11T07:01:56+00:00\",\"description\":\"Compra Eap225 Access Point Tp-link Omada Ac1350 Wireless Dual Band Ceiling Mount + Env\u00edo a domicilio + Pago seguro + Garant\u00eda\",\"breadcrumb\":{\"@id\":\"https:\/\/compuviper.mx\/tienda\/producto\/tp-link-eap225-access-point-tp-link-omada-ac1350-wireless-dual-band-ceiling-mount\/#breadcrumb\"},\"inLanguage\":\"es-MX\",\"potentialAction\":[{\"@type\":\"ReadAction\",\"target\":[\"https:\/\/compuviper.mx\/tienda\/producto\/tp-link-eap225-access-point-tp-link-omada-ac1350-wireless-dual-band-ceiling-mount\/\"]}]},{\"@type\":\"BreadcrumbList\",\"@id\":\"https:\/\/compuviper.mx\/tienda\/producto\/tp-link-eap225-access-point-tp-link-omada-ac1350-wireless-dual-band-ceiling-mount\/#breadcrumb\",\"itemListElement\":[{\"@type\":\"ListItem\",\"position\":1,\"name\":\"Inicio\",\"item\":\"https:\/\/compuviper.mx\/tienda\/\"},{\"@type\":\"ListItem\",\"position\":2,\"name\":\"Productos\",\"item\":\"https:\/\/compuviper.mx\/tienda\/productos\/\"},{\"@type\":\"ListItem\",\"position\":3,\"name\":\"Redes\",\"item\":\"https:\/\/compuviper.mx\/tienda\/categoria-producto\/redes\/\"},{\"@type\":\"ListItem\",\"position\":4,\"name\":\"Access Point\",\"item\":\"https:\/\/compuviper.mx\/tienda\/categoria-producto\/redes\/access-point\/\"},{\"@type\":\"ListItem\",\"position\":5,\"name\":\"Tp Link Eap225 Access Point Tp-link Omada Ac1350 Wireless Dual Band Ceiling Mount\"}]},{\"@type\":\"WebSite\",\"@id\":\"https:\/\/compuviper.mx\/tienda\/#website\",\"url\":\"https:\/\/compuviper.mx\/tienda\/\",\"name\":\"Compuviper\",\"description\":\"Proveedor de Computadoras, Laptops, Servidores, Monitores, Puntos de Venta, Teclados,   Impresoras, T\u00f3ner, C\u00e1maras de Seguridad y m\u00e1s en tu tienda en l\u00ednea\",\"publisher\":{\"@id\":\"https:\/\/compuviper.mx\/tienda\/#organization\"},\"potentialAction\":[{\"@type\":\"SearchAction\",\"target\":{\"@type\":\"EntryPoint\",\"urlTemplate\":\"https:\/\/compuviper.mx\/tienda\/?s={search_term_string}\"},\"query-input\":\"required name=search_term_string\"}],\"inLanguage\":\"es-MX\"},{\"@type\":\"Organization\",\"@id\":\"https:\/\/compuviper.mx\/tienda\/#organization\",\"name\":\"Compuviper\",\"url\":\"https:\/\/compuviper.mx\/tienda\/\",\"logo\":{\"@type\":\"ImageObject\",\"inLanguage\":\"es-MX\",\"@id\":\"https:\/\/compuviper.mx\/tienda\/#\/schema\/logo\/image\/\",\"url\":\"https:\/\/compuviper.mx\/tienda\/wp-content\/uploads\/2021\/08\/Logo-Compuviper-10.png\",\"contentUrl\":\"https:\/\/compuviper.mx\/tienda\/wp-content\/uploads\/2021\/08\/Logo-Compuviper-10.png\",\"width\":1000,\"height\":500,\"caption\":\"Compuviper\"},\"image\":{\"@id\":\"https:\/\/compuviper.mx\/tienda\/#\/schema\/logo\/image\/\"},\"sameAs\":[\"https:\/\/www.facebook.com\/compuviper\",\"https:\/\/www.youtube.com\/channel\/UCf73dERp9Y3cfOq7q8BhLjA?view_as=subscriber\"]}]}<\/script>\n<meta property=\"product:brand\" content=\"TP LINK\" \/>\n<meta property=\"product:price:amount\" content=\"1044\" \/>\n<meta property=\"product:price:currency\" content=\"MXN\" \/>\n<meta property=\"og:availability\" content=\"out of stock\" \/>\n<meta property=\"product:availability\" content=\"out of stock\" \/>\n<meta property=\"product:retailer_item_id\" content=\"EAP225\" \/>\n<meta property=\"product:condition\" content=\"new\" \/>\n<!-- \/ Yoast SEO plugin. -->","yoast_head_json":{"title":"[ Tp Link ] &#129351; Eap225 Access Point Tp-link Omada Ac1350 Wireless Dual Band Ceiling Mount","description":"Compra Eap225 Access Point Tp-link Omada Ac1350 Wireless Dual Band Ceiling Mount + Env\u00edo a domicilio + Pago seguro + Garant\u00eda","robots":{"index":"index","follow":"follow","max-snippet":"max-snippet:-1","max-image-preview":"max-image-preview:large","max-video-preview":"max-video-preview:-1"},"canonical":"https:\/\/compuviper.mx\/tienda\/producto\/tp-link-eap225-access-point-tp-link-omada-ac1350-wireless-dual-band-ceiling-mount\/","og_locale":"es_MX","og_type":"article","og_title":"[ Tp Link ] &#129351; Eap225 Access Point Tp-link Omada Ac1350 Wireless Dual Band Ceiling Mount","og_description":"Compra Eap225 Access Point Tp-link Omada Ac1350 Wireless Dual Band Ceiling Mount + Env\u00edo a domicilio + Pago seguro + Garant\u00eda","og_url":"https:\/\/compuviper.mx\/tienda\/producto\/tp-link-eap225-access-point-tp-link-omada-ac1350-wireless-dual-band-ceiling-mount\/","og_site_name":"Compuviper","article_publisher":"https:\/\/www.facebook.com\/compuviper","og_image":[{"width":200,"height":200,"url":"https:\/\/compuviper.mx\/tienda\/wp-content\/uploads\/2023\/12\/Access-point-tp-link-eap225-inalambrico-para-interior-ac1350-banda-dual-2.4ghz-a-450mbps-y-5ghz-a-867mbps-poe-pasivo-incluido.jpg","type":"image\/jpeg"}],"twitter_card":"summary_large_image","twitter_misc":{"Precio":"&#36;1,044 con IVA","Availability":"Out of stock"},"schema":{"@context":"https:\/\/schema.org","@graph":[{"@type":"WebPage","@id":"https:\/\/compuviper.mx\/tienda\/producto\/tp-link-eap225-access-point-tp-link-omada-ac1350-wireless-dual-band-ceiling-mount\/","url":"https:\/\/compuviper.mx\/tienda\/producto\/tp-link-eap225-access-point-tp-link-omada-ac1350-wireless-dual-band-ceiling-mount\/","name":"[ Tp Link ] &#129351; Eap225 Access Point Tp-link Omada Ac1350 Wireless Dual Band Ceiling Mount","isPartOf":{"@id":"https:\/\/compuviper.mx\/tienda\/#website"},"datePublished":"2026-04-11T07:01:56+00:00","dateModified":"2026-04-11T07:01:56+00:00","description":"Compra Eap225 Access Point Tp-link Omada Ac1350 Wireless Dual Band Ceiling Mount + Env\u00edo a domicilio + Pago seguro + Garant\u00eda","breadcrumb":{"@id":"https:\/\/compuviper.mx\/tienda\/producto\/tp-link-eap225-access-point-tp-link-omada-ac1350-wireless-dual-band-ceiling-mount\/#breadcrumb"},"inLanguage":"es-MX","potentialAction":[{"@type":"ReadAction","target":["https:\/\/compuviper.mx\/tienda\/producto\/tp-link-eap225-access-point-tp-link-omada-ac1350-wireless-dual-band-ceiling-mount\/"]}]},{"@type":"BreadcrumbList","@id":"https:\/\/compuviper.mx\/tienda\/producto\/tp-link-eap225-access-point-tp-link-omada-ac1350-wireless-dual-band-ceiling-mount\/#breadcrumb","itemListElement":[{"@type":"ListItem","position":1,"name":"Inicio","item":"https:\/\/compuviper.mx\/tienda\/"},{"@type":"ListItem","position":2,"name":"Productos","item":"https:\/\/compuviper.mx\/tienda\/productos\/"},{"@type":"ListItem","position":3,"name":"Redes","item":"https:\/\/compuviper.mx\/tienda\/categoria-producto\/redes\/"},{"@type":"ListItem","position":4,"name":"Access Point","item":"https:\/\/compuviper.mx\/tienda\/categoria-producto\/redes\/access-point\/"},{"@type":"ListItem","position":5,"name":"Tp Link Eap225 Access Point Tp-link Omada Ac1350 Wireless Dual Band Ceiling Mount"}]},{"@type":"WebSite","@id":"https:\/\/compuviper.mx\/tienda\/#website","url":"https:\/\/compuviper.mx\/tienda\/","name":"Compuviper","description":"Proveedor de Computadoras, Laptops, Servidores, Monitores, Puntos de Venta, Teclados,   Impresoras, T\u00f3ner, C\u00e1maras de Seguridad y m\u00e1s en tu tienda en l\u00ednea","publisher":{"@id":"https:\/\/compuviper.mx\/tienda\/#organization"},"potentialAction":[{"@type":"SearchAction","target":{"@type":"EntryPoint","urlTemplate":"https:\/\/compuviper.mx\/tienda\/?s={search_term_string}"},"query-input":"required name=search_term_string"}],"inLanguage":"es-MX"},{"@type":"Organization","@id":"https:\/\/compuviper.mx\/tienda\/#organization","name":"Compuviper","url":"https:\/\/compuviper.mx\/tienda\/","logo":{"@type":"ImageObject","inLanguage":"es-MX","@id":"https:\/\/compuviper.mx\/tienda\/#\/schema\/logo\/image\/","url":"https:\/\/compuviper.mx\/tienda\/wp-content\/uploads\/2021\/08\/Logo-Compuviper-10.png","contentUrl":"https:\/\/compuviper.mx\/tienda\/wp-content\/uploads\/2021\/08\/Logo-Compuviper-10.png","width":1000,"height":500,"caption":"Compuviper"},"image":{"@id":"https:\/\/compuviper.mx\/tienda\/#\/schema\/logo\/image\/"},"sameAs":["https:\/\/www.facebook.com\/compuviper","https:\/\/www.youtube.com\/channel\/UCf73dERp9Y3cfOq7q8BhLjA?view_as=subscriber"]}]},"product_brand":"TP LINK","product_price_amount":"1044","product_price_currency":"MXN","og_availability":"out of stock","product_availability":"out of stock","product_retailer_item_id":"EAP225","product_condition":"new"},"_links":{"self":[{"href":"https:\/\/compuviper.mx\/tienda\/wp-json\/wp\/v2\/product\/220660"}],"collection":[{"href":"https:\/\/compuviper.mx\/tienda\/wp-json\/wp\/v2\/product"}],"about":[{"href":"https:\/\/compuviper.mx\/tienda\/wp-json\/wp\/v2\/types\/product"}],"replies":[{"embeddable":true,"href":"https:\/\/compuviper.mx\/tienda\/wp-json\/wp\/v2\/comments?post=220660"}],"wp:featuredmedia":[{"embeddable":true,"href":"https:\/\/compuviper.mx\/tienda\/wp-json\/wp\/v2\/media\/220661"}],"wp:attachment":[{"href":"https:\/\/compuviper.mx\/tienda\/wp-json\/wp\/v2\/media?parent=220660"}],"wp:term":[{"taxonomy":"product_cat","embeddable":true,"href":"https:\/\/compuviper.mx\/tienda\/wp-json\/wp\/v2\/product_cat?post=220660"},{"taxonomy":"product_tag","embeddable":true,"href":"https:\/\/compuviper.mx\/tienda\/wp-json\/wp\/v2\/product_tag?post=220660"}],"curies":[{"name":"wp","href":"https:\/\/api.w.org\/{rel}","templated":true}]}}