{"id":220656,"date":"2026-04-18T01:06:50","date_gmt":"2026-04-18T07:06:50","guid":{"rendered":"https:\/\/compuviper.mx\/tienda\/producto\/tp-link-tl-wr840n-router-tp-link-inalambrico-300mbps-multimodo-access-point-repetidor-wisp-4-puertos-lan-10-100-1-puerto-wan-10-100-2-antenas-fijas-externas\/"},"modified":"2026-04-18T01:06:50","modified_gmt":"2026-04-18T07:06:50","slug":"tp-link-tl-wr840n-router-tp-link-inalambrico-300mbps-mmf-ap-repetidor-wisp-4-lan-10-100-1-wan-10-100-2-antenas-fijas-externas","status":"publish","type":"product","link":"https:\/\/compuviper.mx\/tienda\/producto\/tp-link-tl-wr840n-router-tp-link-inalambrico-300mbps-mmf-ap-repetidor-wisp-4-lan-10-100-1-wan-10-100-2-antenas-fijas-externas\/","title":{"rendered":"Tp Link Tl-wr840n Router Tp-link  Inalambrico 300mbps Mmf, Ap, Repetidor Wisp 4 Lan 10\/100 1 Wan 10\/100 2 Antenas Fijas Externas"},"content":{"rendered":"<table class=\"descripcion\">\n<tr>\n<td>Caracter\u00edsticas de hardware<\/td>\n<\/tr>\n<tr>\n<td>Interfaz: 4 puertos lan 10\/100mbps 1 puerto wan 10\/100mbps<\/td>\n<\/tr>\n<tr>\n<td>Bot\u00f3n: bot\u00f3n wps \/ reset<\/td>\n<\/tr>\n<tr>\n<td>Fuente de alimentaci\u00f3n externa: 9vdc \/ 0.6a<\/td>\n<\/tr>\n<tr>\n<td>Est\u00e1ndares inal\u00e1mbricos: ieee 802.11n, ieee 802.11g, ieee 802.11b<\/td>\n<\/tr>\n<tr>\n<td>Dimensiones (w x d x h): 7.2 x 5.0 x 1.4 pulg. (182 x 128 x 35 mm)<\/td>\n<\/tr>\n<tr>\n<td>Antena: 2 antenas<\/td>\n<\/tr>\n<tr>\n<td>Caracter\u00edsticas inal\u00e1mbricas<\/td>\n<\/tr>\n<tr>\n<td>Frecuencia: 2.4-2.4835ghz<\/td>\n<\/tr>\n<tr>\n<td>Tasa de se\u00f1al: 11n: hasta 300mbps (din\u00e1mico)  \/  11g: hasta 54mbps (din\u00e1mico)  \/  11b: hasta 11mbps (din\u00e1mico)<\/td>\n<\/tr>\n<tr>\n<td>Sensibilidad de recepci\u00f3n: 270m: -68dbm @ 10% para  \/  130m: -68dbm @ 10% para  \/  108m: -68dbm @ 10% para  \/  54m: -68dbm @ 10% para  \/  11m: -85dbm @ 8% para  \/  6m: -88dbm @ 10% para  \/  1m: -90dbm @ 8% per<\/td>\n<\/tr>\n<tr>\n<td>Potencia de transmision: ce:  20dbm  \/  fcc:  30dbm<\/td>\n<\/tr>\n<tr>\n<td>Funciones inal\u00e1mbricas: activar \/ desactivar radio inal\u00e1mbrica, wds bridge, wmm, estad\u00edsticas inal\u00e1mbricas<\/td>\n<\/tr>\n<tr>\n<td>Seguridad inal\u00e1mbrica: wep de 64\/128 bits, wpa \/ wpa2, wpa-psk \/ wpa2-psk<\/td>\n<\/tr>\n<tr>\n<td>Caracter\u00edsticas de software<\/td>\n<\/tr>\n<tr>\n<td>Calidad de servicio:  wmm, bandwidth control<\/td>\n<\/tr>\n<tr>\n<td>Tipo de wan: ip din\u00e1mica \/ ip est\u00e1tica \/ pppoe \/ pptp \/ l2tp<\/td>\n<\/tr>\n<tr>\n<td>Administraci\u00f3n: control de acceso  \/  gesti\u00f3n local gesti\u00f3n  \/  remota<\/td>\n<\/tr>\n<tr>\n<td>Dhcp: servidor, cliente, lista de clientes dhcp, reserva de direcciones<\/td>\n<\/tr>\n<tr>\n<td>Reenv\u00edo de puertos: servidor virtual, activaci\u00f3n de puertos, upnp, dmz<\/td>\n<\/tr>\n<tr>\n<td>Dns din\u00e1mico: dyndns, comexe, no-ip<\/td>\n<\/tr>\n<tr>\n<td>Paso de vpn: pptp, l2tp, ipsec (jefe esp)<\/td>\n<\/tr>\n<tr>\n<td>Control de acceso: control parental, control de administraci\u00f3n local, lista de hosts, programaci\u00f3n de acceso, gesti\u00f3n de reglas<\/td>\n<\/tr>\n<tr>\n<td>Seguridad de firewall: dos, spi firewall  \/  filtro de direcci\u00f3n ip \/ filtro de direcci\u00f3n mac \/ dominio  \/  ip y enlace de direcci\u00f3n mac<\/td>\n<\/tr>\n<tr>\n<td>Protocolos: soporta ipv4 y ipv6<\/td>\n<\/tr>\n<tr>\n<td>Red de invitados: red de invitados de 2.4ghz x1<\/td>\n<\/tr>\n<tr>\n<td>Otros<\/td>\n<\/tr>\n<tr>\n<td>Certificaciones: ce, rohs<\/td>\n<\/tr>\n<tr>\n<td>Contenidos del paquete: wireless n router tl-wr840n  \/  unidad de fuente de alimentaci\u00f3n  \/  cable ethernet  \/  gu\u00eda de instalaci\u00f3n r\u00e1pida<\/td>\n<\/tr>\n<tr>\n<td>Requisitos del sistema: windows 2000 \/ xp \/ vista \u00bf, windows 7, windows 8, windows 8.1, windows 10 o mac os o sistema operativo basado en linux<\/td>\n<\/tr>\n<tr>\n<td>Ambiente: temperatura de funcionamiento: 0 \u00bf ~ 40 (32 \u00bf ~ 104 \u00bf)  \/  temperatura de almacenamiento: -40 \u00bf ~ 70 \u00bf (-40 \u00bf ~ 158 \u00bf)  \/  humedad de funcionamiento: 10% ~ 90% sin condensaci\u00f3n  \/  humedad de almacenamiento: 5% ~ 90 % sin condensaci\u00f3n<\/td>\n<\/tr>\n<\/table>\n","protected":false},"excerpt":{"rendered":"<p>Velocidad inal\u00e1mbrica n a 300 mbps. Tl-wr840n. * velocidad de transmisi\u00f3n inal\u00e1mbrica de 300mbps ideal para tareas sensibles al ancho de banda y trabajo b\u00e1sico. * admite el modo punto de acceso para crear un nuevo punto de acceso wi-fi. * admite el modo range extender para aumentar la cobertura inal\u00e1mbrica existente en su habitaci\u00f3n. * los controles parentales administran cu\u00e1ndo y c\u00f3mo los dispositivos conectados pueden acceder a internet. * iptv es compatible con igmp proxy \/ snooping, bridge y tag vlan para optimizar la transmisi\u00f3n de iptv. * compatible con ipv6 (protocolo de internet versi\u00f3n 6. * la red de invitados proporciona acceso separado para los invitados mientras protege la red dom\u00e9stica. El tl-wr840n de tp-link es una soluci\u00f3n de alta velocidad que es compatible con ieee 802.11b \/ g \/ n. Basado en la tecnolog\u00eda 802.11n, tl-wr840n brinda a los usuarios un rendimiento inal\u00e1mbrico de hasta 300mbps, que puede satisfacer sus necesidades de redes dom\u00e9sticas m\u00e1s exigentes, como transmisi\u00f3n de hd, juegos en l\u00ednea y descarga de archivos grandes. 1. Modo de enrutador. Con\u00e9ctese a ethernet para crear instant\u00e1neamente una red inal\u00e1mbrica privada y compartir el acceso a internet a todos sus dispositivos wi-fi. 2. Modo de punto de acceso. Transforme su red cableada existente a una inal\u00e1mbrica. 3. Range extender mode. Aumenta la cobertura inal\u00e1mbrica existente en tu habitaci\u00f3n. F\u00e1cil configuraci\u00f3n y uso. Configure el tl-wr840n en minutos gracias a su interfaz web intuitiva y la potente aplicaci\u00f3n tether. Tether tambi\u00e9n te permite administrar la configuraci\u00f3n de red desde cualquier dispositivo android o ios, incluidos los controles parentales y el control de acceso.<\/p>\n","protected":false},"featured_media":220657,"comment_status":"open","ping_status":"open","template":"","meta":[],"product_cat":[1563,1753],"product_tag":[1562],"acf":[],"yoast_head":"<!-- This site is optimized with the Yoast SEO plugin v21.7 - https:\/\/yoast.com\/wordpress\/plugins\/seo\/ -->\n<title>[ Tp Link ] &#129351; Tl-wr840n Router Tp-link Inalambrico 300mbps Mmf, Ap, Repetidor Wisp 4 Lan 10\/100 1 Wan 10\/100 2 Antenas Fijas Externas<\/title>\n<meta name=\"description\" content=\"Compra Tl-wr840n Router Tp-link Inalambrico 300mbps Mmf, Ap, Repetidor Wisp 4 Lan 10\/100 1 Wan 10\/100 2 Antenas Fijas Externas + Env\u00edo a domicilio + Pago seguro + Garant\u00eda\" \/>\n<meta name=\"robots\" content=\"index, follow, max-snippet:-1, max-image-preview:large, max-video-preview:-1\" \/>\n<link rel=\"canonical\" href=\"https:\/\/compuviper.mx\/tienda\/producto\/tp-link-tl-wr840n-router-tp-link-inalambrico-300mbps-mmf-ap-repetidor-wisp-4-lan-10-100-1-wan-10-100-2-antenas-fijas-externas\/\" \/>\n<meta property=\"og:locale\" content=\"es_MX\" \/>\n<meta property=\"og:type\" content=\"article\" \/>\n<meta property=\"og:title\" content=\"[ Tp Link ] &#129351; Tl-wr840n Router Tp-link Inalambrico 300mbps Mmf, Ap, Repetidor Wisp 4 Lan 10\/100 1 Wan 10\/100 2 Antenas Fijas Externas\" \/>\n<meta property=\"og:description\" content=\"Compra Tl-wr840n Router Tp-link Inalambrico 300mbps Mmf, Ap, Repetidor Wisp 4 Lan 10\/100 1 Wan 10\/100 2 Antenas Fijas Externas + Env\u00edo a domicilio + Pago seguro + Garant\u00eda\" \/>\n<meta property=\"og:url\" content=\"https:\/\/compuviper.mx\/tienda\/producto\/tp-link-tl-wr840n-router-tp-link-inalambrico-300mbps-mmf-ap-repetidor-wisp-4-lan-10-100-1-wan-10-100-2-antenas-fijas-externas\/\" \/>\n<meta property=\"og:site_name\" content=\"Compuviper\" \/>\n<meta property=\"article:publisher\" content=\"https:\/\/www.facebook.com\/compuviper\" \/>\n<meta property=\"og:image\" content=\"https:\/\/compuviper.mx\/tienda\/wp-content\/uploads\/2023\/12\/Router-tp-link-tl-wr840n-inalambrico-300mbps-multimodo-access-point-repetidor-wisp-4-puertos-lan-10100-1-puerto-wan-10100-2-antenas-fijas-externas.jpg\" \/>\n\t<meta property=\"og:image:width\" content=\"200\" \/>\n\t<meta property=\"og:image:height\" content=\"200\" \/>\n\t<meta property=\"og:image:type\" content=\"image\/jpeg\" \/>\n<meta name=\"twitter:card\" content=\"summary_large_image\" \/>\n<meta name=\"twitter:label1\" content=\"Precio\" \/>\n\t<meta name=\"twitter:data1\" content=\"&#36;236 con IVA\" \/>\n\t<meta name=\"twitter:label2\" content=\"Availability\" \/>\n\t<meta name=\"twitter:data2\" content=\"In stock\" \/>\n<script type=\"application\/ld+json\" class=\"yoast-schema-graph\">{\"@context\":\"https:\/\/schema.org\",\"@graph\":[{\"@type\":\"WebPage\",\"@id\":\"https:\/\/compuviper.mx\/tienda\/producto\/tp-link-tl-wr840n-router-tp-link-inalambrico-300mbps-mmf-ap-repetidor-wisp-4-lan-10-100-1-wan-10-100-2-antenas-fijas-externas\/\",\"url\":\"https:\/\/compuviper.mx\/tienda\/producto\/tp-link-tl-wr840n-router-tp-link-inalambrico-300mbps-mmf-ap-repetidor-wisp-4-lan-10-100-1-wan-10-100-2-antenas-fijas-externas\/\",\"name\":\"[ Tp Link ] &#129351; Tl-wr840n Router Tp-link Inalambrico 300mbps Mmf, Ap, Repetidor Wisp 4 Lan 10\/100 1 Wan 10\/100 2 Antenas Fijas Externas\",\"isPartOf\":{\"@id\":\"https:\/\/compuviper.mx\/tienda\/#website\"},\"datePublished\":\"2026-04-18T07:06:50+00:00\",\"dateModified\":\"2026-04-18T07:06:50+00:00\",\"description\":\"Compra Tl-wr840n Router Tp-link Inalambrico 300mbps Mmf, Ap, Repetidor Wisp 4 Lan 10\/100 1 Wan 10\/100 2 Antenas Fijas Externas + Env\u00edo a domicilio + Pago seguro + Garant\u00eda\",\"breadcrumb\":{\"@id\":\"https:\/\/compuviper.mx\/tienda\/producto\/tp-link-tl-wr840n-router-tp-link-inalambrico-300mbps-mmf-ap-repetidor-wisp-4-lan-10-100-1-wan-10-100-2-antenas-fijas-externas\/#breadcrumb\"},\"inLanguage\":\"es-MX\",\"potentialAction\":[{\"@type\":\"ReadAction\",\"target\":[\"https:\/\/compuviper.mx\/tienda\/producto\/tp-link-tl-wr840n-router-tp-link-inalambrico-300mbps-mmf-ap-repetidor-wisp-4-lan-10-100-1-wan-10-100-2-antenas-fijas-externas\/\"]}]},{\"@type\":\"BreadcrumbList\",\"@id\":\"https:\/\/compuviper.mx\/tienda\/producto\/tp-link-tl-wr840n-router-tp-link-inalambrico-300mbps-mmf-ap-repetidor-wisp-4-lan-10-100-1-wan-10-100-2-antenas-fijas-externas\/#breadcrumb\",\"itemListElement\":[{\"@type\":\"ListItem\",\"position\":1,\"name\":\"Inicio\",\"item\":\"https:\/\/compuviper.mx\/tienda\/\"},{\"@type\":\"ListItem\",\"position\":2,\"name\":\"Productos\",\"item\":\"https:\/\/compuviper.mx\/tienda\/productos\/\"},{\"@type\":\"ListItem\",\"position\":3,\"name\":\"Redes\",\"item\":\"https:\/\/compuviper.mx\/tienda\/categoria-producto\/redes\/\"},{\"@type\":\"ListItem\",\"position\":4,\"name\":\"Router\",\"item\":\"https:\/\/compuviper.mx\/tienda\/categoria-producto\/redes\/router\/\"},{\"@type\":\"ListItem\",\"position\":5,\"name\":\"Tp Link Tl-wr840n Router Tp-link Inalambrico 300mbps Mmf, Ap, Repetidor Wisp 4 Lan 10\/100 1 Wan 10\/100 2 Antenas Fijas Externas\"}]},{\"@type\":\"WebSite\",\"@id\":\"https:\/\/compuviper.mx\/tienda\/#website\",\"url\":\"https:\/\/compuviper.mx\/tienda\/\",\"name\":\"Compuviper\",\"description\":\"Proveedor de Computadoras, Laptops, Servidores, Monitores, Puntos de Venta, Teclados,   Impresoras, T\u00f3ner, C\u00e1maras de Seguridad y m\u00e1s en tu tienda en l\u00ednea\",\"publisher\":{\"@id\":\"https:\/\/compuviper.mx\/tienda\/#organization\"},\"potentialAction\":[{\"@type\":\"SearchAction\",\"target\":{\"@type\":\"EntryPoint\",\"urlTemplate\":\"https:\/\/compuviper.mx\/tienda\/?s={search_term_string}\"},\"query-input\":\"required name=search_term_string\"}],\"inLanguage\":\"es-MX\"},{\"@type\":\"Organization\",\"@id\":\"https:\/\/compuviper.mx\/tienda\/#organization\",\"name\":\"Compuviper\",\"url\":\"https:\/\/compuviper.mx\/tienda\/\",\"logo\":{\"@type\":\"ImageObject\",\"inLanguage\":\"es-MX\",\"@id\":\"https:\/\/compuviper.mx\/tienda\/#\/schema\/logo\/image\/\",\"url\":\"https:\/\/compuviper.mx\/tienda\/wp-content\/uploads\/2021\/08\/Logo-Compuviper-10.png\",\"contentUrl\":\"https:\/\/compuviper.mx\/tienda\/wp-content\/uploads\/2021\/08\/Logo-Compuviper-10.png\",\"width\":1000,\"height\":500,\"caption\":\"Compuviper\"},\"image\":{\"@id\":\"https:\/\/compuviper.mx\/tienda\/#\/schema\/logo\/image\/\"},\"sameAs\":[\"https:\/\/www.facebook.com\/compuviper\",\"https:\/\/www.youtube.com\/channel\/UCf73dERp9Y3cfOq7q8BhLjA?view_as=subscriber\"]}]}<\/script>\n<meta property=\"product:brand\" content=\"TP LINK\" \/>\n<meta property=\"product:price:amount\" content=\"236\" \/>\n<meta property=\"product:price:currency\" content=\"MXN\" \/>\n<meta property=\"og:availability\" content=\"instock\" \/>\n<meta property=\"product:availability\" content=\"instock\" \/>\n<meta property=\"product:retailer_item_id\" content=\"TL-WR840N\" \/>\n<meta property=\"product:condition\" content=\"new\" \/>\n<!-- \/ Yoast SEO plugin. -->","yoast_head_json":{"title":"[ Tp Link ] &#129351; Tl-wr840n Router Tp-link Inalambrico 300mbps Mmf, Ap, Repetidor Wisp 4 Lan 10\/100 1 Wan 10\/100 2 Antenas Fijas Externas","description":"Compra Tl-wr840n Router Tp-link Inalambrico 300mbps Mmf, Ap, Repetidor Wisp 4 Lan 10\/100 1 Wan 10\/100 2 Antenas Fijas Externas + Env\u00edo a domicilio + Pago seguro + Garant\u00eda","robots":{"index":"index","follow":"follow","max-snippet":"max-snippet:-1","max-image-preview":"max-image-preview:large","max-video-preview":"max-video-preview:-1"},"canonical":"https:\/\/compuviper.mx\/tienda\/producto\/tp-link-tl-wr840n-router-tp-link-inalambrico-300mbps-mmf-ap-repetidor-wisp-4-lan-10-100-1-wan-10-100-2-antenas-fijas-externas\/","og_locale":"es_MX","og_type":"article","og_title":"[ Tp Link ] &#129351; Tl-wr840n Router Tp-link Inalambrico 300mbps Mmf, Ap, Repetidor Wisp 4 Lan 10\/100 1 Wan 10\/100 2 Antenas Fijas Externas","og_description":"Compra Tl-wr840n Router Tp-link Inalambrico 300mbps Mmf, Ap, Repetidor Wisp 4 Lan 10\/100 1 Wan 10\/100 2 Antenas Fijas Externas + Env\u00edo a domicilio + Pago seguro + Garant\u00eda","og_url":"https:\/\/compuviper.mx\/tienda\/producto\/tp-link-tl-wr840n-router-tp-link-inalambrico-300mbps-mmf-ap-repetidor-wisp-4-lan-10-100-1-wan-10-100-2-antenas-fijas-externas\/","og_site_name":"Compuviper","article_publisher":"https:\/\/www.facebook.com\/compuviper","og_image":[{"width":200,"height":200,"url":"https:\/\/compuviper.mx\/tienda\/wp-content\/uploads\/2023\/12\/Router-tp-link-tl-wr840n-inalambrico-300mbps-multimodo-access-point-repetidor-wisp-4-puertos-lan-10100-1-puerto-wan-10100-2-antenas-fijas-externas.jpg","type":"image\/jpeg"}],"twitter_card":"summary_large_image","twitter_misc":{"Precio":"&#36;236 con IVA","Availability":"In stock"},"schema":{"@context":"https:\/\/schema.org","@graph":[{"@type":"WebPage","@id":"https:\/\/compuviper.mx\/tienda\/producto\/tp-link-tl-wr840n-router-tp-link-inalambrico-300mbps-mmf-ap-repetidor-wisp-4-lan-10-100-1-wan-10-100-2-antenas-fijas-externas\/","url":"https:\/\/compuviper.mx\/tienda\/producto\/tp-link-tl-wr840n-router-tp-link-inalambrico-300mbps-mmf-ap-repetidor-wisp-4-lan-10-100-1-wan-10-100-2-antenas-fijas-externas\/","name":"[ Tp Link ] &#129351; Tl-wr840n Router Tp-link Inalambrico 300mbps Mmf, Ap, Repetidor Wisp 4 Lan 10\/100 1 Wan 10\/100 2 Antenas Fijas Externas","isPartOf":{"@id":"https:\/\/compuviper.mx\/tienda\/#website"},"datePublished":"2026-04-18T07:06:50+00:00","dateModified":"2026-04-18T07:06:50+00:00","description":"Compra Tl-wr840n Router Tp-link Inalambrico 300mbps Mmf, Ap, Repetidor Wisp 4 Lan 10\/100 1 Wan 10\/100 2 Antenas Fijas Externas + Env\u00edo a domicilio + Pago seguro + Garant\u00eda","breadcrumb":{"@id":"https:\/\/compuviper.mx\/tienda\/producto\/tp-link-tl-wr840n-router-tp-link-inalambrico-300mbps-mmf-ap-repetidor-wisp-4-lan-10-100-1-wan-10-100-2-antenas-fijas-externas\/#breadcrumb"},"inLanguage":"es-MX","potentialAction":[{"@type":"ReadAction","target":["https:\/\/compuviper.mx\/tienda\/producto\/tp-link-tl-wr840n-router-tp-link-inalambrico-300mbps-mmf-ap-repetidor-wisp-4-lan-10-100-1-wan-10-100-2-antenas-fijas-externas\/"]}]},{"@type":"BreadcrumbList","@id":"https:\/\/compuviper.mx\/tienda\/producto\/tp-link-tl-wr840n-router-tp-link-inalambrico-300mbps-mmf-ap-repetidor-wisp-4-lan-10-100-1-wan-10-100-2-antenas-fijas-externas\/#breadcrumb","itemListElement":[{"@type":"ListItem","position":1,"name":"Inicio","item":"https:\/\/compuviper.mx\/tienda\/"},{"@type":"ListItem","position":2,"name":"Productos","item":"https:\/\/compuviper.mx\/tienda\/productos\/"},{"@type":"ListItem","position":3,"name":"Redes","item":"https:\/\/compuviper.mx\/tienda\/categoria-producto\/redes\/"},{"@type":"ListItem","position":4,"name":"Router","item":"https:\/\/compuviper.mx\/tienda\/categoria-producto\/redes\/router\/"},{"@type":"ListItem","position":5,"name":"Tp Link Tl-wr840n Router Tp-link Inalambrico 300mbps Mmf, Ap, Repetidor Wisp 4 Lan 10\/100 1 Wan 10\/100 2 Antenas Fijas Externas"}]},{"@type":"WebSite","@id":"https:\/\/compuviper.mx\/tienda\/#website","url":"https:\/\/compuviper.mx\/tienda\/","name":"Compuviper","description":"Proveedor de Computadoras, Laptops, Servidores, Monitores, Puntos de Venta, Teclados,   Impresoras, T\u00f3ner, C\u00e1maras de Seguridad y m\u00e1s en tu tienda en l\u00ednea","publisher":{"@id":"https:\/\/compuviper.mx\/tienda\/#organization"},"potentialAction":[{"@type":"SearchAction","target":{"@type":"EntryPoint","urlTemplate":"https:\/\/compuviper.mx\/tienda\/?s={search_term_string}"},"query-input":"required name=search_term_string"}],"inLanguage":"es-MX"},{"@type":"Organization","@id":"https:\/\/compuviper.mx\/tienda\/#organization","name":"Compuviper","url":"https:\/\/compuviper.mx\/tienda\/","logo":{"@type":"ImageObject","inLanguage":"es-MX","@id":"https:\/\/compuviper.mx\/tienda\/#\/schema\/logo\/image\/","url":"https:\/\/compuviper.mx\/tienda\/wp-content\/uploads\/2021\/08\/Logo-Compuviper-10.png","contentUrl":"https:\/\/compuviper.mx\/tienda\/wp-content\/uploads\/2021\/08\/Logo-Compuviper-10.png","width":1000,"height":500,"caption":"Compuviper"},"image":{"@id":"https:\/\/compuviper.mx\/tienda\/#\/schema\/logo\/image\/"},"sameAs":["https:\/\/www.facebook.com\/compuviper","https:\/\/www.youtube.com\/channel\/UCf73dERp9Y3cfOq7q8BhLjA?view_as=subscriber"]}]},"product_brand":"TP LINK","product_price_amount":"236","product_price_currency":"MXN","og_availability":"instock","product_availability":"instock","product_retailer_item_id":"TL-WR840N","product_condition":"new"},"_links":{"self":[{"href":"https:\/\/compuviper.mx\/tienda\/wp-json\/wp\/v2\/product\/220656"}],"collection":[{"href":"https:\/\/compuviper.mx\/tienda\/wp-json\/wp\/v2\/product"}],"about":[{"href":"https:\/\/compuviper.mx\/tienda\/wp-json\/wp\/v2\/types\/product"}],"replies":[{"embeddable":true,"href":"https:\/\/compuviper.mx\/tienda\/wp-json\/wp\/v2\/comments?post=220656"}],"wp:featuredmedia":[{"embeddable":true,"href":"https:\/\/compuviper.mx\/tienda\/wp-json\/wp\/v2\/media\/220657"}],"wp:attachment":[{"href":"https:\/\/compuviper.mx\/tienda\/wp-json\/wp\/v2\/media?parent=220656"}],"wp:term":[{"taxonomy":"product_cat","embeddable":true,"href":"https:\/\/compuviper.mx\/tienda\/wp-json\/wp\/v2\/product_cat?post=220656"},{"taxonomy":"product_tag","embeddable":true,"href":"https:\/\/compuviper.mx\/tienda\/wp-json\/wp\/v2\/product_tag?post=220656"}],"curies":[{"name":"wp","href":"https:\/\/api.w.org\/{rel}","templated":true}]}}