{"id":220654,"date":"2026-04-21T01:12:44","date_gmt":"2026-04-21T07:12:44","guid":{"rendered":"https:\/\/compuviper.mx\/tienda\/producto\/tp-link-tl-wr802n-router-tp-link-inalambrico-nano-300mbps-802-11b-g-n-1-puerto-lan-wan-10-100mbps-1-puerto-micro-usb-1-antena-interna\/"},"modified":"2026-04-21T01:12:44","modified_gmt":"2026-04-21T07:12:44","slug":"tp-link-tl-wr802n-router-tp-link-inalambrico-nano-300mbps-802-11b-g-n-1-puerto-lan-wan-10-100mbps-1-puerto-micro-usb-1-antena-interna","status":"publish","type":"product","link":"https:\/\/compuviper.mx\/tienda\/producto\/tp-link-tl-wr802n-router-tp-link-inalambrico-nano-300mbps-802-11b-g-n-1-puerto-lan-wan-10-100mbps-1-puerto-micro-usb-1-antena-interna\/","title":{"rendered":"Tp Link Tl-wr802n Router  | Tp-link  |  | Inalambrico Nano | 300mbps 802.11b\/g\/n | 1 Puerto Lan\/wan 10\/100mbps | 1 Puerto Micro Usb  | 1 Antena Interna"},"content":{"rendered":"<table class=\"descripcion\">\n<tr>\n<td>Caracter\u00edsticas de hardware<\/td>\n<\/tr>\n<tr>\n<td>Interfaz: 1 puerto wan\/lan 10\/100mbps  \/  1 puerto micro usb  \/  1 bot\u00f3n de reinicio<\/td>\n<\/tr>\n<tr>\n<td>Fuente de alimentaci\u00f3n externa: 5v \/ 1a<\/td>\n<\/tr>\n<tr>\n<td>Est\u00e1ndares inal\u00e1mbricos: ieee 802.11n, ieee 802.11g, ieee 802.11b<\/td>\n<\/tr>\n<tr>\n<td>Dimensiones (w x d x h): 2.2 x 2.2 x 0.7 pulgadas. (57 x 57 x18 mm)<\/td>\n<\/tr>\n<tr>\n<td>Tipo de antena: interna<\/td>\n<\/tr>\n<tr>\n<td>Caracter\u00edsticas inal\u00e1mbricas<\/td>\n<\/tr>\n<tr>\n<td>Frecuencia: 2.4-2.4835ghz<\/td>\n<\/tr>\n<tr>\n<td>Tasa de se\u00f1al: 11n: hasta 300mbps(din\u00e1mica)  \/  11g: hasta 54mbps(din\u00e1mica)  \/  11b: hasta 11mbps(din\u00e1mica)<\/td>\n<\/tr>\n<tr>\n<td>Sensibilidad de recepci\u00f3n: 270m: -65dbm @ 10% para  \/  130m: -70dbm @ 10% para  \/  108m: -82dbm @ 10% para  \/  54m: -73dbm @ 10% para  \/  11m: -82dbm @ 8% para  \/  6m: -86dbm @ 10% para  \/  1m: -90dbm @ 8% per<\/td>\n<\/tr>\n<tr>\n<td>Potencia de transmision: ce:  20dbm (2.4ghz)  \/  fcc:  30dbm<\/td>\n<\/tr>\n<tr>\n<td>Modos inal\u00e1mbricos: modo router, modo repetidor, modo cliente, modo ap, modo router wisp<\/td>\n<\/tr>\n<tr>\n<td>Funciones inal\u00e1mbricas: habilitar\/deshabitar radio inal\u00e1mbrica, wmm, estad\u00edsticas inal\u00e1mbricas<\/td>\n<\/tr>\n<tr>\n<td>Seguridad inal\u00e1mbrica: wep de 64\/128\/152 bits, wpa \/ wpa2, wpa-psk \/ wpa2-psk<\/td>\n<\/tr>\n<tr>\n<td>Caracter\u00edsticas de software<\/td>\n<\/tr>\n<tr>\n<td>Calidad de servicio: wmm, control de ancho de banda<\/td>\n<\/tr>\n<tr>\n<td>Tipo de wan: ip din\u00e1mica\/ip est\u00e1tica\/pppoe\/pptp\/l2tp<\/td>\n<\/tr>\n<tr>\n<td>Administraci\u00f3n: control de acceso  \/  administraci\u00f3n local  \/  administraci\u00f3n remota<\/td>\n<\/tr>\n<tr>\n<td>Dhcp: servidor, cliente,lista de cliente dhcp, reservaci\u00f3n de direcci\u00f3n<\/td>\n<\/tr>\n<tr>\n<td>Reenv\u00edo de puertos: servidor virtual, activaci\u00f3n de puertos, upnp, dmz<\/td>\n<\/tr>\n<tr>\n<td>Dns din\u00e1mico: dyndns, comexe, no-ip<\/td>\n<\/tr>\n<tr>\n<td>Paso de vpn: pptp, l2tp, ipsec (jefe esp)<\/td>\n<\/tr>\n<tr>\n<td>Control de acceso: control de administraci\u00f3n local, lista de hosteo, acceso a calendario, administraci\u00f3n de reglas.<\/td>\n<\/tr>\n<tr>\n<td>Seguridad de firewall: dos, spi firewall  \/  filtrado de direcci\u00f3n ip \/filtrado de direcci\u00f3n mac \/filtrado de dominio  \/  ip y mac address binding<\/td>\n<\/tr>\n<tr>\n<td>Otros<\/td>\n<\/tr>\n<tr>\n<td>Cerificaciones: ce, fcc, rohs<\/td>\n<\/tr>\n<tr>\n<td>Contenidos del paquete: tl-wr802n  \/  adaptador de corriente  \/  cable usb  \/  cable ethernet  \/  gu\u00eda de instalaci\u00f3n r\u00e1pida  \/  cd de recursos<\/td>\n<\/tr>\n<tr>\n<td>Requisitos del sistema: microsoft\u00ae windows\u00ae 98se, nt, 2000, xp, vista\u00bf o windows 8.1\/8\/7, mac\u00aeos, netware\u00ae, unix\u00ae o linux<\/td>\n<\/tr>\n<tr>\n<td>Ambiente: temperatura de funcionamiento: 0\u00bf~40 \u00bf (32 \u00bf~104\u00bf)  \/  temperatura de almacenamiento: -40\u00bf~70 \u00bf (-40 \u00bf~158\u00bf)  \/  humedad de funcionamiento: 10%~90% sin condensaci\u00f3n  \/  humedad de almacenamiento: 5%~90% sin condensaci\u00f3n<\/td>\n<\/tr>\n<\/table>\n","protected":false},"excerpt":{"rendered":"<p>Nano ruter inal\u00e1mbrico n 300mbps. Tl-wr802n. * velocidad de datos inal\u00e1mbricos de 300mbps, ideal para transmisi\u00f3n de video, juegos en l\u00ednea y llamadas por internet. * tama\u00f1o de bolsillo \u00bf ideal para el uso en casa o viaje. * soporta modo de operaci\u00f3n: router, repetidor, cliente, ap y hotspot. * alimentado a trav\u00e9s de un puerto micro usb mediante un adaptador de corriente o conexi\u00f3n usb externo a un equipo que proporciona flexibilidad para cualquier situaci\u00f3n. * f\u00e1cil instalaci\u00f3n en minutos. M\u00faltiples modos de operaci\u00f3n ideal para usar en casa o de viaje. Para satisfacer las necesidades inal\u00e1mbricas de casi cualquier situaci\u00f3n que se puede encontrar, el tl-wr802n soporta los modos  router, hotspot, range extender, cliente y punto de acceso. * modo enrutador: crea una redinstant\u00e1neamente y comparte acceso a internet inal\u00e1mbrico privado con m\u00faltiples dispositivos wi-fi. Ideal para la instalaci\u00f3n en la mayor\u00eda de los hoteles. * modo hotspot: disfruta el acceso a internet inal\u00e1mbrico conectando a un punto de acceso  wips de exterior. * modo extensor de rango: extiende tu wi-fi  existente para mejorar la fuerza de la se\u00f1al y maximizar la cobertura. * modo cliente: permite a los dispositivos que requieren una conexi\u00f3n por cable, acceder a una red wi-fi existente. * modo punto de acceso: crea una red inal\u00e1mbrica para dispositivos wi-fi. Portable y compacto &#8211; para uso en hogar y viajes. El tl-wr802n es el router inal\u00e1mbrico m\u00e1s peque\u00f1o del mundo. Es muy f\u00e1cil de usar y es una opci\u00f3n perfecta para los viajeros, estudiantes y cualquier otra persona que vive la vida en el camino. Fuente de alimentacion flexible  &#8211; encuentra poder donde quiera que est\u00e9s. El tl-wr802n puede ser alimentado mediante el adaptador de alimentaci\u00f3n incluido o con un cargador de tel\u00e9fono inteligente \/ usb.<\/p>\n","protected":false},"featured_media":220655,"comment_status":"open","ping_status":"open","template":"","meta":[],"product_cat":[1563,1753],"product_tag":[1562],"acf":[],"yoast_head":"<!-- This site is optimized with the Yoast SEO plugin v21.7 - https:\/\/yoast.com\/wordpress\/plugins\/seo\/ -->\n<title>[ Tp Link ] &#129351; Tl-wr802n Router | Tp-link | | Inalambrico Nano | 300mbps 802.11b\/g\/n | 1 Puerto Lan\/wan 10\/100mbps | 1 Puerto Micro Usb | 1 Antena Interna<\/title>\n<meta name=\"description\" content=\"Compra Tl-wr802n Router | Tp-link | | Inalambrico Nano | 300mbps 802.11b\/g\/n | 1 Puerto Lan\/wan 10\/100mbps | 1 Puerto Micro Usb | 1 Antena Interna + Env\u00edo a domicilio + Pago seguro + Garant\u00eda\" \/>\n<meta name=\"robots\" content=\"index, follow, max-snippet:-1, max-image-preview:large, max-video-preview:-1\" \/>\n<link rel=\"canonical\" href=\"https:\/\/compuviper.mx\/tienda\/producto\/tp-link-tl-wr802n-router-tp-link-inalambrico-nano-300mbps-802-11b-g-n-1-puerto-lan-wan-10-100mbps-1-puerto-micro-usb-1-antena-interna\/\" \/>\n<meta property=\"og:locale\" content=\"es_MX\" \/>\n<meta property=\"og:type\" content=\"article\" \/>\n<meta property=\"og:title\" content=\"[ Tp Link ] &#129351; Tl-wr802n Router | Tp-link | | Inalambrico Nano | 300mbps 802.11b\/g\/n | 1 Puerto Lan\/wan 10\/100mbps | 1 Puerto Micro Usb | 1 Antena Interna\" \/>\n<meta property=\"og:description\" content=\"Compra Tl-wr802n Router | Tp-link | | Inalambrico Nano | 300mbps 802.11b\/g\/n | 1 Puerto Lan\/wan 10\/100mbps | 1 Puerto Micro Usb | 1 Antena Interna + Env\u00edo a domicilio + Pago seguro + Garant\u00eda\" \/>\n<meta property=\"og:url\" content=\"https:\/\/compuviper.mx\/tienda\/producto\/tp-link-tl-wr802n-router-tp-link-inalambrico-nano-300mbps-802-11b-g-n-1-puerto-lan-wan-10-100mbps-1-puerto-micro-usb-1-antena-interna\/\" \/>\n<meta property=\"og:site_name\" content=\"Compuviper\" \/>\n<meta property=\"article:publisher\" content=\"https:\/\/www.facebook.com\/compuviper\" \/>\n<meta property=\"og:image\" content=\"https:\/\/compuviper.mx\/tienda\/wp-content\/uploads\/2023\/12\/Router-tp-link-tl-wr802n-inalambrico-nano-300mbps-802.11bgn-1-puerto-lanwan-10100mbps-1-puerto-micro-usb-1-antena-interna.jpg\" \/>\n\t<meta property=\"og:image:width\" content=\"200\" \/>\n\t<meta property=\"og:image:height\" content=\"200\" \/>\n\t<meta property=\"og:image:type\" content=\"image\/jpeg\" \/>\n<meta name=\"twitter:card\" content=\"summary_large_image\" \/>\n<meta name=\"twitter:label1\" content=\"Precio\" \/>\n\t<meta name=\"twitter:data1\" content=\"&#36;337 con IVA\" \/>\n\t<meta name=\"twitter:label2\" content=\"Availability\" \/>\n\t<meta name=\"twitter:data2\" content=\"In stock\" \/>\n<script type=\"application\/ld+json\" class=\"yoast-schema-graph\">{\"@context\":\"https:\/\/schema.org\",\"@graph\":[{\"@type\":\"WebPage\",\"@id\":\"https:\/\/compuviper.mx\/tienda\/producto\/tp-link-tl-wr802n-router-tp-link-inalambrico-nano-300mbps-802-11b-g-n-1-puerto-lan-wan-10-100mbps-1-puerto-micro-usb-1-antena-interna\/\",\"url\":\"https:\/\/compuviper.mx\/tienda\/producto\/tp-link-tl-wr802n-router-tp-link-inalambrico-nano-300mbps-802-11b-g-n-1-puerto-lan-wan-10-100mbps-1-puerto-micro-usb-1-antena-interna\/\",\"name\":\"[ Tp Link ] &#129351; Tl-wr802n Router | Tp-link | | Inalambrico Nano | 300mbps 802.11b\/g\/n | 1 Puerto Lan\/wan 10\/100mbps | 1 Puerto Micro Usb | 1 Antena Interna\",\"isPartOf\":{\"@id\":\"https:\/\/compuviper.mx\/tienda\/#website\"},\"datePublished\":\"2026-04-21T07:12:44+00:00\",\"dateModified\":\"2026-04-21T07:12:44+00:00\",\"description\":\"Compra Tl-wr802n Router | Tp-link | | Inalambrico Nano | 300mbps 802.11b\/g\/n | 1 Puerto Lan\/wan 10\/100mbps | 1 Puerto Micro Usb | 1 Antena Interna + Env\u00edo a domicilio + Pago seguro + Garant\u00eda\",\"breadcrumb\":{\"@id\":\"https:\/\/compuviper.mx\/tienda\/producto\/tp-link-tl-wr802n-router-tp-link-inalambrico-nano-300mbps-802-11b-g-n-1-puerto-lan-wan-10-100mbps-1-puerto-micro-usb-1-antena-interna\/#breadcrumb\"},\"inLanguage\":\"es-MX\",\"potentialAction\":[{\"@type\":\"ReadAction\",\"target\":[\"https:\/\/compuviper.mx\/tienda\/producto\/tp-link-tl-wr802n-router-tp-link-inalambrico-nano-300mbps-802-11b-g-n-1-puerto-lan-wan-10-100mbps-1-puerto-micro-usb-1-antena-interna\/\"]}]},{\"@type\":\"BreadcrumbList\",\"@id\":\"https:\/\/compuviper.mx\/tienda\/producto\/tp-link-tl-wr802n-router-tp-link-inalambrico-nano-300mbps-802-11b-g-n-1-puerto-lan-wan-10-100mbps-1-puerto-micro-usb-1-antena-interna\/#breadcrumb\",\"itemListElement\":[{\"@type\":\"ListItem\",\"position\":1,\"name\":\"Inicio\",\"item\":\"https:\/\/compuviper.mx\/tienda\/\"},{\"@type\":\"ListItem\",\"position\":2,\"name\":\"Productos\",\"item\":\"https:\/\/compuviper.mx\/tienda\/productos\/\"},{\"@type\":\"ListItem\",\"position\":3,\"name\":\"Redes\",\"item\":\"https:\/\/compuviper.mx\/tienda\/categoria-producto\/redes\/\"},{\"@type\":\"ListItem\",\"position\":4,\"name\":\"Router\",\"item\":\"https:\/\/compuviper.mx\/tienda\/categoria-producto\/redes\/router\/\"},{\"@type\":\"ListItem\",\"position\":5,\"name\":\"Tp Link Tl-wr802n Router | Tp-link | | Inalambrico Nano | 300mbps 802.11b\/g\/n | 1 Puerto Lan\/wan 10\/100mbps | 1 Puerto Micro Usb | 1 Antena Interna\"}]},{\"@type\":\"WebSite\",\"@id\":\"https:\/\/compuviper.mx\/tienda\/#website\",\"url\":\"https:\/\/compuviper.mx\/tienda\/\",\"name\":\"Compuviper\",\"description\":\"Proveedor de Computadoras, Laptops, Servidores, Monitores, Puntos de Venta, Teclados,   Impresoras, T\u00f3ner, C\u00e1maras de Seguridad y m\u00e1s en tu tienda en l\u00ednea\",\"publisher\":{\"@id\":\"https:\/\/compuviper.mx\/tienda\/#organization\"},\"potentialAction\":[{\"@type\":\"SearchAction\",\"target\":{\"@type\":\"EntryPoint\",\"urlTemplate\":\"https:\/\/compuviper.mx\/tienda\/?s={search_term_string}\"},\"query-input\":\"required name=search_term_string\"}],\"inLanguage\":\"es-MX\"},{\"@type\":\"Organization\",\"@id\":\"https:\/\/compuviper.mx\/tienda\/#organization\",\"name\":\"Compuviper\",\"url\":\"https:\/\/compuviper.mx\/tienda\/\",\"logo\":{\"@type\":\"ImageObject\",\"inLanguage\":\"es-MX\",\"@id\":\"https:\/\/compuviper.mx\/tienda\/#\/schema\/logo\/image\/\",\"url\":\"https:\/\/compuviper.mx\/tienda\/wp-content\/uploads\/2021\/08\/Logo-Compuviper-10.png\",\"contentUrl\":\"https:\/\/compuviper.mx\/tienda\/wp-content\/uploads\/2021\/08\/Logo-Compuviper-10.png\",\"width\":1000,\"height\":500,\"caption\":\"Compuviper\"},\"image\":{\"@id\":\"https:\/\/compuviper.mx\/tienda\/#\/schema\/logo\/image\/\"},\"sameAs\":[\"https:\/\/www.facebook.com\/compuviper\",\"https:\/\/www.youtube.com\/channel\/UCf73dERp9Y3cfOq7q8BhLjA?view_as=subscriber\"]}]}<\/script>\n<meta property=\"product:brand\" content=\"TP LINK\" \/>\n<meta property=\"product:price:amount\" content=\"337\" \/>\n<meta property=\"product:price:currency\" content=\"MXN\" \/>\n<meta property=\"og:availability\" content=\"instock\" \/>\n<meta property=\"product:availability\" content=\"instock\" \/>\n<meta property=\"product:retailer_item_id\" content=\"TL-WR802N\" \/>\n<meta property=\"product:condition\" content=\"new\" \/>\n<!-- \/ Yoast SEO plugin. -->","yoast_head_json":{"title":"[ Tp Link ] &#129351; Tl-wr802n Router | Tp-link | | Inalambrico Nano | 300mbps 802.11b\/g\/n | 1 Puerto Lan\/wan 10\/100mbps | 1 Puerto Micro Usb | 1 Antena Interna","description":"Compra Tl-wr802n Router | Tp-link | | Inalambrico Nano | 300mbps 802.11b\/g\/n | 1 Puerto Lan\/wan 10\/100mbps | 1 Puerto Micro Usb | 1 Antena Interna + Env\u00edo a domicilio + Pago seguro + Garant\u00eda","robots":{"index":"index","follow":"follow","max-snippet":"max-snippet:-1","max-image-preview":"max-image-preview:large","max-video-preview":"max-video-preview:-1"},"canonical":"https:\/\/compuviper.mx\/tienda\/producto\/tp-link-tl-wr802n-router-tp-link-inalambrico-nano-300mbps-802-11b-g-n-1-puerto-lan-wan-10-100mbps-1-puerto-micro-usb-1-antena-interna\/","og_locale":"es_MX","og_type":"article","og_title":"[ Tp Link ] &#129351; Tl-wr802n Router | Tp-link | | Inalambrico Nano | 300mbps 802.11b\/g\/n | 1 Puerto Lan\/wan 10\/100mbps | 1 Puerto Micro Usb | 1 Antena Interna","og_description":"Compra Tl-wr802n Router | Tp-link | | Inalambrico Nano | 300mbps 802.11b\/g\/n | 1 Puerto Lan\/wan 10\/100mbps | 1 Puerto Micro Usb | 1 Antena Interna + Env\u00edo a domicilio + Pago seguro + Garant\u00eda","og_url":"https:\/\/compuviper.mx\/tienda\/producto\/tp-link-tl-wr802n-router-tp-link-inalambrico-nano-300mbps-802-11b-g-n-1-puerto-lan-wan-10-100mbps-1-puerto-micro-usb-1-antena-interna\/","og_site_name":"Compuviper","article_publisher":"https:\/\/www.facebook.com\/compuviper","og_image":[{"width":200,"height":200,"url":"https:\/\/compuviper.mx\/tienda\/wp-content\/uploads\/2023\/12\/Router-tp-link-tl-wr802n-inalambrico-nano-300mbps-802.11bgn-1-puerto-lanwan-10100mbps-1-puerto-micro-usb-1-antena-interna.jpg","type":"image\/jpeg"}],"twitter_card":"summary_large_image","twitter_misc":{"Precio":"&#36;337 con IVA","Availability":"In stock"},"schema":{"@context":"https:\/\/schema.org","@graph":[{"@type":"WebPage","@id":"https:\/\/compuviper.mx\/tienda\/producto\/tp-link-tl-wr802n-router-tp-link-inalambrico-nano-300mbps-802-11b-g-n-1-puerto-lan-wan-10-100mbps-1-puerto-micro-usb-1-antena-interna\/","url":"https:\/\/compuviper.mx\/tienda\/producto\/tp-link-tl-wr802n-router-tp-link-inalambrico-nano-300mbps-802-11b-g-n-1-puerto-lan-wan-10-100mbps-1-puerto-micro-usb-1-antena-interna\/","name":"[ Tp Link ] &#129351; Tl-wr802n Router | Tp-link | | Inalambrico Nano | 300mbps 802.11b\/g\/n | 1 Puerto Lan\/wan 10\/100mbps | 1 Puerto Micro Usb | 1 Antena Interna","isPartOf":{"@id":"https:\/\/compuviper.mx\/tienda\/#website"},"datePublished":"2026-04-21T07:12:44+00:00","dateModified":"2026-04-21T07:12:44+00:00","description":"Compra Tl-wr802n Router | Tp-link | | Inalambrico Nano | 300mbps 802.11b\/g\/n | 1 Puerto Lan\/wan 10\/100mbps | 1 Puerto Micro Usb | 1 Antena Interna + Env\u00edo a domicilio + Pago seguro + Garant\u00eda","breadcrumb":{"@id":"https:\/\/compuviper.mx\/tienda\/producto\/tp-link-tl-wr802n-router-tp-link-inalambrico-nano-300mbps-802-11b-g-n-1-puerto-lan-wan-10-100mbps-1-puerto-micro-usb-1-antena-interna\/#breadcrumb"},"inLanguage":"es-MX","potentialAction":[{"@type":"ReadAction","target":["https:\/\/compuviper.mx\/tienda\/producto\/tp-link-tl-wr802n-router-tp-link-inalambrico-nano-300mbps-802-11b-g-n-1-puerto-lan-wan-10-100mbps-1-puerto-micro-usb-1-antena-interna\/"]}]},{"@type":"BreadcrumbList","@id":"https:\/\/compuviper.mx\/tienda\/producto\/tp-link-tl-wr802n-router-tp-link-inalambrico-nano-300mbps-802-11b-g-n-1-puerto-lan-wan-10-100mbps-1-puerto-micro-usb-1-antena-interna\/#breadcrumb","itemListElement":[{"@type":"ListItem","position":1,"name":"Inicio","item":"https:\/\/compuviper.mx\/tienda\/"},{"@type":"ListItem","position":2,"name":"Productos","item":"https:\/\/compuviper.mx\/tienda\/productos\/"},{"@type":"ListItem","position":3,"name":"Redes","item":"https:\/\/compuviper.mx\/tienda\/categoria-producto\/redes\/"},{"@type":"ListItem","position":4,"name":"Router","item":"https:\/\/compuviper.mx\/tienda\/categoria-producto\/redes\/router\/"},{"@type":"ListItem","position":5,"name":"Tp Link Tl-wr802n Router | Tp-link | | Inalambrico Nano | 300mbps 802.11b\/g\/n | 1 Puerto Lan\/wan 10\/100mbps | 1 Puerto Micro Usb | 1 Antena Interna"}]},{"@type":"WebSite","@id":"https:\/\/compuviper.mx\/tienda\/#website","url":"https:\/\/compuviper.mx\/tienda\/","name":"Compuviper","description":"Proveedor de Computadoras, Laptops, Servidores, Monitores, Puntos de Venta, Teclados,   Impresoras, T\u00f3ner, C\u00e1maras de Seguridad y m\u00e1s en tu tienda en l\u00ednea","publisher":{"@id":"https:\/\/compuviper.mx\/tienda\/#organization"},"potentialAction":[{"@type":"SearchAction","target":{"@type":"EntryPoint","urlTemplate":"https:\/\/compuviper.mx\/tienda\/?s={search_term_string}"},"query-input":"required name=search_term_string"}],"inLanguage":"es-MX"},{"@type":"Organization","@id":"https:\/\/compuviper.mx\/tienda\/#organization","name":"Compuviper","url":"https:\/\/compuviper.mx\/tienda\/","logo":{"@type":"ImageObject","inLanguage":"es-MX","@id":"https:\/\/compuviper.mx\/tienda\/#\/schema\/logo\/image\/","url":"https:\/\/compuviper.mx\/tienda\/wp-content\/uploads\/2021\/08\/Logo-Compuviper-10.png","contentUrl":"https:\/\/compuviper.mx\/tienda\/wp-content\/uploads\/2021\/08\/Logo-Compuviper-10.png","width":1000,"height":500,"caption":"Compuviper"},"image":{"@id":"https:\/\/compuviper.mx\/tienda\/#\/schema\/logo\/image\/"},"sameAs":["https:\/\/www.facebook.com\/compuviper","https:\/\/www.youtube.com\/channel\/UCf73dERp9Y3cfOq7q8BhLjA?view_as=subscriber"]}]},"product_brand":"TP LINK","product_price_amount":"337","product_price_currency":"MXN","og_availability":"instock","product_availability":"instock","product_retailer_item_id":"TL-WR802N","product_condition":"new"},"_links":{"self":[{"href":"https:\/\/compuviper.mx\/tienda\/wp-json\/wp\/v2\/product\/220654"}],"collection":[{"href":"https:\/\/compuviper.mx\/tienda\/wp-json\/wp\/v2\/product"}],"about":[{"href":"https:\/\/compuviper.mx\/tienda\/wp-json\/wp\/v2\/types\/product"}],"replies":[{"embeddable":true,"href":"https:\/\/compuviper.mx\/tienda\/wp-json\/wp\/v2\/comments?post=220654"}],"wp:featuredmedia":[{"embeddable":true,"href":"https:\/\/compuviper.mx\/tienda\/wp-json\/wp\/v2\/media\/220655"}],"wp:attachment":[{"href":"https:\/\/compuviper.mx\/tienda\/wp-json\/wp\/v2\/media?parent=220654"}],"wp:term":[{"taxonomy":"product_cat","embeddable":true,"href":"https:\/\/compuviper.mx\/tienda\/wp-json\/wp\/v2\/product_cat?post=220654"},{"taxonomy":"product_tag","embeddable":true,"href":"https:\/\/compuviper.mx\/tienda\/wp-json\/wp\/v2\/product_tag?post=220654"}],"curies":[{"name":"wp","href":"https:\/\/api.w.org\/{rel}","templated":true}]}}