{"id":220642,"date":"2026-04-18T01:06:48","date_gmt":"2026-04-18T07:06:48","guid":{"rendered":"https:\/\/compuviper.mx\/tienda\/producto\/hewlett-packard-enterprise-af651a-switch-de-consola-hpe-para-la-unidad-de-kvm-0x1x8-g3\/"},"modified":"2026-04-18T01:06:48","modified_gmt":"2026-04-18T07:06:48","slug":"hewlett-packard-enterprise-af651a-switch-de-consola-hpe-para-la-unidad-de-kvm-0x1x8-g3","status":"publish","type":"product","link":"https:\/\/compuviper.mx\/tienda\/producto\/hewlett-packard-enterprise-af651a-switch-de-consola-hpe-para-la-unidad-de-kvm-0x1x8-g3\/","title":{"rendered":"Hewlett Packard Enterprise Af651a Switch De Consola Hpe Para La Unidad De Kvm 0x1x8 G3"},"content":{"rendered":"<table class=\"descripcion\">\n<tr>\n<td>N\u00famero de puertos de servidor<\/td>\n<\/tr>\n<tr>\n<td>8<\/td>\n<\/tr>\n<tr>\n<td>N\u00famero de usuarios simult\u00e1neos, m\u00e1ximo<\/td>\n<\/tr>\n<tr>\n<td>1<\/td>\n<\/tr>\n<tr>\n<td>N\u00famero de servidores, m\u00e1ximo<\/td>\n<\/tr>\n<tr>\n<td>256<\/td>\n<\/tr>\n<tr>\n<td>Cable cat5<\/td>\n<\/tr>\n<tr>\n<td>S\u00ed<\/td>\n<\/tr>\n<tr>\n<td>Soporte por niveles<\/td>\n<\/tr>\n<tr>\n<td>S\u00ed<\/td>\n<\/tr>\n<tr>\n<td>Dimensiones m\u00ednimas (p x a x l)<\/td>\n<\/tr>\n<tr>\n<td>43,8 x 16,51 x 4,36 cm<\/td>\n<\/tr>\n<tr>\n<td>Peso<\/td>\n<\/tr>\n<tr>\n<td>2,04 kg<\/td>\n<\/tr>\n<tr>\n<td>Garant\u00eda<\/td>\n<\/tr>\n<tr>\n<td>3\/0\/0<\/td>\n<\/tr>\n<tr>\n<td>C\u00f3digo unspc<\/td>\n<\/tr>\n<tr>\n<td>39121106<\/td>\n<\/tr>\n<tr>\n<td>Contenido de la caja<\/td>\n<\/tr>\n<tr>\n<td>(1) conmutador de consola anal\u00f3gico kvm<\/td>\n<\/tr>\n<tr>\n<td>(1) kit de hardware para montaje en bastidor<\/td>\n<\/tr>\n<tr>\n<td>(1) adaptador db9-rj45<\/td>\n<\/tr>\n<tr>\n<td>(1) cable de alimentaci\u00f3n (us)<\/td>\n<\/tr>\n<tr>\n<td>(1) cable de alimentaci\u00f3n de puente (internacional)<\/td>\n<\/tr>\n<tr>\n<td>(1) kit de documentaci\u00f3n<\/td>\n<\/tr>\n<\/table>\n","protected":false},"excerpt":{"rendered":"<p>Adaptador de interfaz de consola kvm que admite conectividad usb y display port. Solo ventajas. Vea y gestione hasta 256 servidores a trav\u00e9s de una sola interfaz de usuario. Los conmutadores de consola anal\u00f3gicos hpe kvm utilizan una presentaci\u00f3n en pantalla (osd) local que proporciona acceso a la informaci\u00f3n relacionada con el sistema, tales como el nombre de servidor seleccionado, estado, datos de prueba de puesta en marcha y men\u00fas de configuraci\u00f3n. Los modelos g3 admiten una llave de acceso remoto usb que le permite actualizarse a la funcionalidad de kvm a trav\u00e9s de ip, que proporciona acceso y gesti\u00f3n remotos a trav\u00e9s de la interfaz web incorporada (obwi). Incluye an\u00e1lisis programables, una utilidad que permite evaluar el rendimiento del sistema explorando de forma secuencial cualquiera o todos los servidores, mediante el conmutador de consola. Modelos de 4, 8 y 16 puertos con varias opciones de instalaci\u00f3n y de conexi\u00f3n de servidor. Los conmutadores de consola anal\u00f3gicos hpe kvm incluyen el hardware de montaje que es compatible con instalaciones cero u, tanto en el lateral como en la parte trasera de bastidores de ti est\u00e1ndar, ahorrando un valioso espacio en sus bastidores. Admite una serie de conexiones de servidor con adaptadores de interfaz ps\/2, usb y vt 100 (soporte de consola de serie), as\u00ed como soporte para hpe bladesystems mediante el conector de diagn\u00f3stico delantero. Capacidad de gesti\u00f3n seguro. Para la protecci\u00f3n frente a los usuarios no autorizados, los conmutadores de consola anal\u00f3gicos hpe kvm proporcionan una opci\u00f3n de contrase\u00f1a por motivos de seguridad. Incluye soporte para hpe location discovery services (lds) y power discovery services (pds) cuando se conectan a una unidad hpe intelligent power distribution unit (ipdu) y el kit de consola para montaje en bastidor de 1u hpe lcd8500 (kit hpe location discovery services lcd8500 necesario).<\/p>\n","protected":false},"featured_media":220643,"comment_status":"open","ping_status":"open","template":"","meta":[],"product_cat":[1563,1564],"product_tag":[1568],"acf":[],"yoast_head":"<!-- This site is optimized with the Yoast SEO plugin v21.7 - https:\/\/yoast.com\/wordpress\/plugins\/seo\/ -->\n<title>[ Hewlett Packard Enterprise ] &#129351; Af651a Switch De Consola Hpe Para La Unidad De Kvm 0x1x8 G3<\/title>\n<meta name=\"description\" content=\"Compra Af651a Switch De Consola Hpe Para La Unidad De Kvm 0x1x8 G3 + Env\u00edo a domicilio + Pago seguro + Garant\u00eda\" \/>\n<meta name=\"robots\" content=\"index, follow, max-snippet:-1, max-image-preview:large, max-video-preview:-1\" \/>\n<link rel=\"canonical\" href=\"https:\/\/compuviper.mx\/tienda\/producto\/hewlett-packard-enterprise-af651a-switch-de-consola-hpe-para-la-unidad-de-kvm-0x1x8-g3\/\" \/>\n<meta property=\"og:locale\" content=\"es_MX\" \/>\n<meta property=\"og:type\" content=\"article\" \/>\n<meta property=\"og:title\" content=\"[ Hewlett Packard Enterprise ] &#129351; Af651a Switch De Consola Hpe Para La Unidad De Kvm 0x1x8 G3\" \/>\n<meta property=\"og:description\" content=\"Compra Af651a Switch De Consola Hpe Para La Unidad De Kvm 0x1x8 G3 + Env\u00edo a domicilio + Pago seguro + Garant\u00eda\" \/>\n<meta property=\"og:url\" content=\"https:\/\/compuviper.mx\/tienda\/producto\/hewlett-packard-enterprise-af651a-switch-de-consola-hpe-para-la-unidad-de-kvm-0x1x8-g3\/\" \/>\n<meta property=\"og:site_name\" content=\"Compuviper\" \/>\n<meta property=\"article:publisher\" content=\"https:\/\/www.facebook.com\/compuviper\" \/>\n<meta property=\"og:image\" content=\"https:\/\/compuviper.mx\/tienda\/wp-content\/uploads\/2023\/12\/Switch-de-consola-hpe-para-la-unidad-de-kvm-0x1x8-g3.jpg\" \/>\n\t<meta property=\"og:image:width\" content=\"200\" \/>\n\t<meta property=\"og:image:height\" content=\"200\" \/>\n\t<meta property=\"og:image:type\" content=\"image\/jpeg\" \/>\n<meta name=\"twitter:card\" content=\"summary_large_image\" \/>\n<meta name=\"twitter:label1\" content=\"Precio\" \/>\n\t<meta name=\"twitter:data1\" content=\"&#36;35,160 con IVA\" \/>\n\t<meta name=\"twitter:label2\" content=\"Availability\" \/>\n\t<meta name=\"twitter:data2\" content=\"On backorder\" \/>\n<script type=\"application\/ld+json\" class=\"yoast-schema-graph\">{\"@context\":\"https:\/\/schema.org\",\"@graph\":[{\"@type\":\"WebPage\",\"@id\":\"https:\/\/compuviper.mx\/tienda\/producto\/hewlett-packard-enterprise-af651a-switch-de-consola-hpe-para-la-unidad-de-kvm-0x1x8-g3\/\",\"url\":\"https:\/\/compuviper.mx\/tienda\/producto\/hewlett-packard-enterprise-af651a-switch-de-consola-hpe-para-la-unidad-de-kvm-0x1x8-g3\/\",\"name\":\"[ Hewlett Packard Enterprise ] &#129351; Af651a Switch De Consola Hpe Para La Unidad De Kvm 0x1x8 G3\",\"isPartOf\":{\"@id\":\"https:\/\/compuviper.mx\/tienda\/#website\"},\"datePublished\":\"2026-04-18T07:06:48+00:00\",\"dateModified\":\"2026-04-18T07:06:48+00:00\",\"description\":\"Compra Af651a Switch De Consola Hpe Para La Unidad De Kvm 0x1x8 G3 + Env\u00edo a domicilio + Pago seguro + Garant\u00eda\",\"breadcrumb\":{\"@id\":\"https:\/\/compuviper.mx\/tienda\/producto\/hewlett-packard-enterprise-af651a-switch-de-consola-hpe-para-la-unidad-de-kvm-0x1x8-g3\/#breadcrumb\"},\"inLanguage\":\"es-MX\",\"potentialAction\":[{\"@type\":\"ReadAction\",\"target\":[\"https:\/\/compuviper.mx\/tienda\/producto\/hewlett-packard-enterprise-af651a-switch-de-consola-hpe-para-la-unidad-de-kvm-0x1x8-g3\/\"]}]},{\"@type\":\"BreadcrumbList\",\"@id\":\"https:\/\/compuviper.mx\/tienda\/producto\/hewlett-packard-enterprise-af651a-switch-de-consola-hpe-para-la-unidad-de-kvm-0x1x8-g3\/#breadcrumb\",\"itemListElement\":[{\"@type\":\"ListItem\",\"position\":1,\"name\":\"Inicio\",\"item\":\"https:\/\/compuviper.mx\/tienda\/\"},{\"@type\":\"ListItem\",\"position\":2,\"name\":\"Productos\",\"item\":\"https:\/\/compuviper.mx\/tienda\/productos\/\"},{\"@type\":\"ListItem\",\"position\":3,\"name\":\"Redes\",\"item\":\"https:\/\/compuviper.mx\/tienda\/categoria-producto\/redes\/\"},{\"@type\":\"ListItem\",\"position\":4,\"name\":\"Switch\",\"item\":\"https:\/\/compuviper.mx\/tienda\/categoria-producto\/redes\/switch\/\"},{\"@type\":\"ListItem\",\"position\":5,\"name\":\"Hewlett Packard Enterprise Af651a Switch De Consola Hpe Para La Unidad De Kvm 0x1x8 G3\"}]},{\"@type\":\"WebSite\",\"@id\":\"https:\/\/compuviper.mx\/tienda\/#website\",\"url\":\"https:\/\/compuviper.mx\/tienda\/\",\"name\":\"Compuviper\",\"description\":\"Proveedor de Computadoras, Laptops, Servidores, Monitores, Puntos de Venta, Teclados,   Impresoras, T\u00f3ner, C\u00e1maras de Seguridad y m\u00e1s en tu tienda en l\u00ednea\",\"publisher\":{\"@id\":\"https:\/\/compuviper.mx\/tienda\/#organization\"},\"potentialAction\":[{\"@type\":\"SearchAction\",\"target\":{\"@type\":\"EntryPoint\",\"urlTemplate\":\"https:\/\/compuviper.mx\/tienda\/?s={search_term_string}\"},\"query-input\":\"required name=search_term_string\"}],\"inLanguage\":\"es-MX\"},{\"@type\":\"Organization\",\"@id\":\"https:\/\/compuviper.mx\/tienda\/#organization\",\"name\":\"Compuviper\",\"url\":\"https:\/\/compuviper.mx\/tienda\/\",\"logo\":{\"@type\":\"ImageObject\",\"inLanguage\":\"es-MX\",\"@id\":\"https:\/\/compuviper.mx\/tienda\/#\/schema\/logo\/image\/\",\"url\":\"https:\/\/compuviper.mx\/tienda\/wp-content\/uploads\/2021\/08\/Logo-Compuviper-10.png\",\"contentUrl\":\"https:\/\/compuviper.mx\/tienda\/wp-content\/uploads\/2021\/08\/Logo-Compuviper-10.png\",\"width\":1000,\"height\":500,\"caption\":\"Compuviper\"},\"image\":{\"@id\":\"https:\/\/compuviper.mx\/tienda\/#\/schema\/logo\/image\/\"},\"sameAs\":[\"https:\/\/www.facebook.com\/compuviper\",\"https:\/\/www.youtube.com\/channel\/UCf73dERp9Y3cfOq7q8BhLjA?view_as=subscriber\"]}]}<\/script>\n<meta property=\"product:brand\" content=\"HEWLETT PACKARD ENTERPRISE\" \/>\n<meta property=\"product:price:amount\" content=\"35160\" \/>\n<meta property=\"product:price:currency\" content=\"MXN\" \/>\n<meta property=\"og:availability\" content=\"backorder\" \/>\n<meta property=\"product:availability\" content=\"available for order\" \/>\n<meta property=\"product:retailer_item_id\" content=\"AF651A\" \/>\n<meta property=\"product:condition\" content=\"new\" \/>\n<!-- \/ Yoast SEO plugin. -->","yoast_head_json":{"title":"[ Hewlett Packard Enterprise ] &#129351; Af651a Switch De Consola Hpe Para La Unidad De Kvm 0x1x8 G3","description":"Compra Af651a Switch De Consola Hpe Para La Unidad De Kvm 0x1x8 G3 + Env\u00edo a domicilio + Pago seguro + Garant\u00eda","robots":{"index":"index","follow":"follow","max-snippet":"max-snippet:-1","max-image-preview":"max-image-preview:large","max-video-preview":"max-video-preview:-1"},"canonical":"https:\/\/compuviper.mx\/tienda\/producto\/hewlett-packard-enterprise-af651a-switch-de-consola-hpe-para-la-unidad-de-kvm-0x1x8-g3\/","og_locale":"es_MX","og_type":"article","og_title":"[ Hewlett Packard Enterprise ] &#129351; Af651a Switch De Consola Hpe Para La Unidad De Kvm 0x1x8 G3","og_description":"Compra Af651a Switch De Consola Hpe Para La Unidad De Kvm 0x1x8 G3 + Env\u00edo a domicilio + Pago seguro + Garant\u00eda","og_url":"https:\/\/compuviper.mx\/tienda\/producto\/hewlett-packard-enterprise-af651a-switch-de-consola-hpe-para-la-unidad-de-kvm-0x1x8-g3\/","og_site_name":"Compuviper","article_publisher":"https:\/\/www.facebook.com\/compuviper","og_image":[{"width":200,"height":200,"url":"https:\/\/compuviper.mx\/tienda\/wp-content\/uploads\/2023\/12\/Switch-de-consola-hpe-para-la-unidad-de-kvm-0x1x8-g3.jpg","type":"image\/jpeg"}],"twitter_card":"summary_large_image","twitter_misc":{"Precio":"&#36;35,160 con IVA","Availability":"On backorder"},"schema":{"@context":"https:\/\/schema.org","@graph":[{"@type":"WebPage","@id":"https:\/\/compuviper.mx\/tienda\/producto\/hewlett-packard-enterprise-af651a-switch-de-consola-hpe-para-la-unidad-de-kvm-0x1x8-g3\/","url":"https:\/\/compuviper.mx\/tienda\/producto\/hewlett-packard-enterprise-af651a-switch-de-consola-hpe-para-la-unidad-de-kvm-0x1x8-g3\/","name":"[ Hewlett Packard Enterprise ] &#129351; Af651a Switch De Consola Hpe Para La Unidad De Kvm 0x1x8 G3","isPartOf":{"@id":"https:\/\/compuviper.mx\/tienda\/#website"},"datePublished":"2026-04-18T07:06:48+00:00","dateModified":"2026-04-18T07:06:48+00:00","description":"Compra Af651a Switch De Consola Hpe Para La Unidad De Kvm 0x1x8 G3 + Env\u00edo a domicilio + Pago seguro + Garant\u00eda","breadcrumb":{"@id":"https:\/\/compuviper.mx\/tienda\/producto\/hewlett-packard-enterprise-af651a-switch-de-consola-hpe-para-la-unidad-de-kvm-0x1x8-g3\/#breadcrumb"},"inLanguage":"es-MX","potentialAction":[{"@type":"ReadAction","target":["https:\/\/compuviper.mx\/tienda\/producto\/hewlett-packard-enterprise-af651a-switch-de-consola-hpe-para-la-unidad-de-kvm-0x1x8-g3\/"]}]},{"@type":"BreadcrumbList","@id":"https:\/\/compuviper.mx\/tienda\/producto\/hewlett-packard-enterprise-af651a-switch-de-consola-hpe-para-la-unidad-de-kvm-0x1x8-g3\/#breadcrumb","itemListElement":[{"@type":"ListItem","position":1,"name":"Inicio","item":"https:\/\/compuviper.mx\/tienda\/"},{"@type":"ListItem","position":2,"name":"Productos","item":"https:\/\/compuviper.mx\/tienda\/productos\/"},{"@type":"ListItem","position":3,"name":"Redes","item":"https:\/\/compuviper.mx\/tienda\/categoria-producto\/redes\/"},{"@type":"ListItem","position":4,"name":"Switch","item":"https:\/\/compuviper.mx\/tienda\/categoria-producto\/redes\/switch\/"},{"@type":"ListItem","position":5,"name":"Hewlett Packard Enterprise Af651a Switch De Consola Hpe Para La Unidad De Kvm 0x1x8 G3"}]},{"@type":"WebSite","@id":"https:\/\/compuviper.mx\/tienda\/#website","url":"https:\/\/compuviper.mx\/tienda\/","name":"Compuviper","description":"Proveedor de Computadoras, Laptops, Servidores, Monitores, Puntos de Venta, Teclados,   Impresoras, T\u00f3ner, C\u00e1maras de Seguridad y m\u00e1s en tu tienda en l\u00ednea","publisher":{"@id":"https:\/\/compuviper.mx\/tienda\/#organization"},"potentialAction":[{"@type":"SearchAction","target":{"@type":"EntryPoint","urlTemplate":"https:\/\/compuviper.mx\/tienda\/?s={search_term_string}"},"query-input":"required name=search_term_string"}],"inLanguage":"es-MX"},{"@type":"Organization","@id":"https:\/\/compuviper.mx\/tienda\/#organization","name":"Compuviper","url":"https:\/\/compuviper.mx\/tienda\/","logo":{"@type":"ImageObject","inLanguage":"es-MX","@id":"https:\/\/compuviper.mx\/tienda\/#\/schema\/logo\/image\/","url":"https:\/\/compuviper.mx\/tienda\/wp-content\/uploads\/2021\/08\/Logo-Compuviper-10.png","contentUrl":"https:\/\/compuviper.mx\/tienda\/wp-content\/uploads\/2021\/08\/Logo-Compuviper-10.png","width":1000,"height":500,"caption":"Compuviper"},"image":{"@id":"https:\/\/compuviper.mx\/tienda\/#\/schema\/logo\/image\/"},"sameAs":["https:\/\/www.facebook.com\/compuviper","https:\/\/www.youtube.com\/channel\/UCf73dERp9Y3cfOq7q8BhLjA?view_as=subscriber"]}]},"product_brand":"HEWLETT PACKARD ENTERPRISE","product_price_amount":"35160","product_price_currency":"MXN","og_availability":"backorder","product_availability":"available for order","product_retailer_item_id":"AF651A","product_condition":"new"},"_links":{"self":[{"href":"https:\/\/compuviper.mx\/tienda\/wp-json\/wp\/v2\/product\/220642"}],"collection":[{"href":"https:\/\/compuviper.mx\/tienda\/wp-json\/wp\/v2\/product"}],"about":[{"href":"https:\/\/compuviper.mx\/tienda\/wp-json\/wp\/v2\/types\/product"}],"replies":[{"embeddable":true,"href":"https:\/\/compuviper.mx\/tienda\/wp-json\/wp\/v2\/comments?post=220642"}],"wp:featuredmedia":[{"embeddable":true,"href":"https:\/\/compuviper.mx\/tienda\/wp-json\/wp\/v2\/media\/220643"}],"wp:attachment":[{"href":"https:\/\/compuviper.mx\/tienda\/wp-json\/wp\/v2\/media?parent=220642"}],"wp:term":[{"taxonomy":"product_cat","embeddable":true,"href":"https:\/\/compuviper.mx\/tienda\/wp-json\/wp\/v2\/product_cat?post=220642"},{"taxonomy":"product_tag","embeddable":true,"href":"https:\/\/compuviper.mx\/tienda\/wp-json\/wp\/v2\/product_tag?post=220642"}],"curies":[{"name":"wp","href":"https:\/\/api.w.org\/{rel}","templated":true}]}}