{"id":220638,"date":"2026-04-11T23:22:47","date_gmt":"2026-04-12T05:22:47","guid":{"rendered":"https:\/\/compuviper.mx\/tienda\/producto\/tp-link-re450-repetidor-tp-link-inalambrico-extensor-de-rango-ac1750-802-11a-b-g-n-ac-1-rj45-gigabit-wifi-5ghz-1300mbps-y-2-4ghz-450mbps-3-antenas\/"},"modified":"2026-04-11T23:22:48","modified_gmt":"2026-04-12T05:22:48","slug":"tp-link-re450-repetidor-tp-link-inalambrico-extensor-de-rango-ac1750-802-11a-b-g-n-ac-1-rj45-gigabit-wifi-5ghz-1300mbps-y-2-4ghz-450mbps-3-antenas","status":"publish","type":"product","link":"https:\/\/compuviper.mx\/tienda\/producto\/tp-link-re450-repetidor-tp-link-inalambrico-extensor-de-rango-ac1750-802-11a-b-g-n-ac-1-rj45-gigabit-wifi-5ghz-1300mbps-y-2-4ghz-450mbps-3-antenas\/","title":{"rendered":"Tp Link Re450 Repetidor | Tp-link |  |  Inalambrico | Extensor De Rango |ac1750 802.11a\/b\/g\/n\/ac 1 Rj45 Gigabit Wifi 5ghz 1300mbps Y 2.4ghz 450mbps 3 Antenas"},"content":{"rendered":"<table class=\"descripcion\">\n<tr>\n<td>Caracter\u00edsticas de hardware<\/td>\n<\/tr>\n<tr>\n<td>Tipo de enchufe eu, uk, us<\/td>\n<\/tr>\n<tr>\n<td>Est\u00e1ndares y protocolos ieee802.11ac, ieee 802.11n, ieee 802.11g, ieee 802.11b<\/td>\n<\/tr>\n<tr>\n<td>Interfaz 1 puerto ethernet (rj45) 10\/100\/1000mbps<\/td>\n<\/tr>\n<tr>\n<td>Bot\u00f3n bot\u00f3n re (range extender), bot\u00f3n de reinicio , bot\u00f3n led , bot\u00f3n de encendido\/ apagado<\/td>\n<\/tr>\n<tr>\n<td>Dimensiones (w x d x h) 6.4x 3.0 x 2.6 pulgadas. (163 x 76.4 x 66.5mm)<\/td>\n<\/tr>\n<tr>\n<td>Consumo de energ\u00eda 9w (m\u00e1ximo consumo de energ\u00eda)<\/td>\n<\/tr>\n<tr>\n<td>Antena 3 externas<\/td>\n<\/tr>\n<tr>\n<td>Caracter\u00edsticas inal\u00e1mbricas<\/td>\n<\/tr>\n<tr>\n<td>Frequency 2.4ghz  and  5ghz(11ac)<\/td>\n<\/tr>\n<tr>\n<td>Signal rate 5ghz: hasta 1300mbps<\/td>\n<\/tr>\n<tr>\n<td>2.4ghz: hasta 450mpbs<\/td>\n<\/tr>\n<tr>\n<td>Reception sensitivity 5ghz and #65306;<\/td>\n<\/tr>\n<tr>\n<td>11a 6mbps:-93dbm@10% per<\/td>\n<\/tr>\n<tr>\n<td>11a 54mbps: -76dbm@10% per<\/td>\n<\/tr>\n<tr>\n<td>11ac ht20 mcs8: -68dbm@10% per<\/td>\n<\/tr>\n<tr>\n<td>11ac ht40 mcs9: -64dbm@10% per<\/td>\n<\/tr>\n<tr>\n<td>11ac ht80 mcs9: -61dbm@10% per<\/td>\n<\/tr>\n<tr>\n<td>2.4ghz<\/td>\n<\/tr>\n<tr>\n<td>11g 54m: -77dbm@10% per<\/td>\n<\/tr>\n<tr>\n<td>11n ht20 mcs7: -73dbm@10% per<\/td>\n<\/tr>\n<tr>\n<td>11n ht40 mcs7: -70dbm@10% per<\/td>\n<\/tr>\n<tr>\n<td>Wireless modes extensor de rango<\/td>\n<\/tr>\n<tr>\n<td>Wireless functions estad\u00edsticas inal\u00e1mbricas<\/td>\n<\/tr>\n<tr>\n<td>Modo concurrente boost en ambas bandas wi-fi 2.4g\/5g<\/td>\n<\/tr>\n<tr>\n<td>Modo de ultra velocidad para una gran velocidad de transmisi\u00f3n de video o juegos en l\u00ednea<\/td>\n<\/tr>\n<tr>\n<td>Control de acceso<\/td>\n<\/tr>\n<tr>\n<td>Control de led<\/td>\n<\/tr>\n<tr>\n<td>Funci\u00f3n de dominio de entrada<\/td>\n<\/tr>\n<tr>\n<td>Wireless security 64\/128-bit wep<\/td>\n<\/tr>\n<tr>\n<td>Wpa-psk \/ wpa2-psk<\/td>\n<\/tr>\n<tr>\n<td>Transmission power  20dbm(2.4ghz)<\/td>\n<\/tr>\n<tr>\n<td> 23dbm(5ghz)<\/td>\n<\/tr>\n<tr>\n<td>Others<\/td>\n<\/tr>\n<tr>\n<td>Certification ce, fcc, rohs<\/td>\n<\/tr>\n<tr>\n<td>Package contents extensor de rango wi-fi re450 ac1750<\/td>\n<\/tr>\n<tr>\n<td>Cable ethernet rj45<\/td>\n<\/tr>\n<tr>\n<td>Gu\u00eda de instalaci\u00f3n r\u00e1pida<\/td>\n<\/tr>\n<tr>\n<td>Box dimensions (w x d x h) 7.9 x 4.9 x 3.4in. (202x 125 x 86mm)<\/td>\n<\/tr>\n<tr>\n<td>System requirements microsoft\u00ae windows\u00ae 98se, nt, 2000, xp, vista o windows 7, 8, mac\u00ae os, netware\u00ae, unix\u00ae o linux.<\/td>\n<\/tr>\n<tr>\n<td>Environment temperatura de funcionamiento: 0 and #8451;~30  and #8451; (32  and #8457;~86 and #8457;)<\/td>\n<\/tr>\n<tr>\n<td>Temperatura de almacenamiento: -40 and #8451;~70  and #8451; (-40  and #8457;~158 and #8457;)<\/td>\n<\/tr>\n<tr>\n<td>Humedad de funcionamiento: 10%~90% sin condensaci\u00f3n<\/td>\n<\/tr>\n<tr>\n<td>Humedad de almacenamiento: 5%~90% sin condensaci\u00f3n<\/td>\n<\/tr>\n<\/table>\n","protected":false},"excerpt":{"rendered":"<p>Re450 extensor de rango wi-fi ac1750. Expande la red wi-fi para un m\u00e1ximo rendimiento. Expansi\u00f3n a 450mbps en 2.4ghz + 1300mbps en 5ghz para una velocidad wi-fi total de 1750mbps. Las 3 antenas externas ajustables proporcionan una \u00f3ptima cobertura wi-fi y conexi\u00f3n confiable. Su puerto gigabit  act\u00faa como un adaptador inal\u00e1mbrico para conectar un dispositivo por cable a tu red con velocidad gigabit. La se\u00f1al de luz inteligente ayuda a encontrar la mejor ubicaci\u00f3n para una cobertura wi-fi \u00f3ptima mostrando la intensidad de se\u00f1al. Trabaja con cualquier router wi-fi o punto de acceso inal\u00e1mbrico. El extensor de rango  ac1750de tp-link se conecta al router de forma inal\u00e1mbrica, fortaleciendo y la ampliando tu se\u00f1al en las zonas que no puede llegar por s\u00ed misma. El dispositivo tambi\u00e9n reduce la interferencia de la se\u00f1al para garantizar la cobertura wi-fi cofiable en todo tu hogar u oficina. El re450 de tp-link viene con tecnolog\u00eda 802.11ac wi-fi de pr\u00f3xima generaci\u00f3n, que es 3 veces m\u00e1s r\u00e1pido que las velocidades est\u00e1ndar 802.11nr. El re450 ofrece velocidades r\u00e1pidas de doble banda wi-fi de hasta 1750 mbps, proporcionando conexionesconfiables para tareas intensivas de banda ancha como transmisi\u00f3n hd \/ 4k ,  juegos en l\u00ednea sin retrasos, descarga de archivos grandes. El puerto ethernet gigabit  convierte el extensor en un puente inal\u00e1mbrico, lo que te permite conectar un dispositivo cableado como un reproductor de blu-ray, consola de juegos, dvr, o smart tv a tu red wi-fi. Conecta al instante el re450 a un routerpresionando el bot\u00f3n re del extensor seguido por el bot\u00f3n wps del router (si est\u00e1 disponible).<\/p>\n","protected":false},"featured_media":220639,"comment_status":"open","ping_status":"open","template":"","meta":[],"product_cat":[1563,1755],"product_tag":[1562],"acf":[],"yoast_head":"<!-- This site is optimized with the Yoast SEO plugin v21.7 - https:\/\/yoast.com\/wordpress\/plugins\/seo\/ -->\n<title>[ Tp Link ] &#129351; Re450 Repetidor | Tp-link | | Inalambrico | Extensor De Rango |ac1750 802.11a\/b\/g\/n\/ac 1 Rj45 Gigabit Wifi 5ghz 1300mbps Y 2.4ghz 450mbps 3 Antenas<\/title>\n<meta name=\"description\" content=\"Compra Re450 Repetidor | Tp-link | | Inalambrico | Extensor De Rango |ac1750 802.11a\/b\/g\/n\/ac 1 Rj45 Gigabit Wifi 5ghz 1300mbps Y 2.4ghz 450mbps 3 Antenas + Env\u00edo a domicilio + Pago seguro + Garant\u00eda\" \/>\n<meta name=\"robots\" content=\"index, follow, max-snippet:-1, max-image-preview:large, max-video-preview:-1\" \/>\n<link rel=\"canonical\" href=\"https:\/\/compuviper.mx\/tienda\/producto\/tp-link-re450-repetidor-tp-link-inalambrico-extensor-de-rango-ac1750-802-11a-b-g-n-ac-1-rj45-gigabit-wifi-5ghz-1300mbps-y-2-4ghz-450mbps-3-antenas\/\" \/>\n<meta property=\"og:locale\" content=\"es_MX\" \/>\n<meta property=\"og:type\" content=\"article\" \/>\n<meta property=\"og:title\" content=\"[ Tp Link ] &#129351; Re450 Repetidor | Tp-link | | Inalambrico | Extensor De Rango |ac1750 802.11a\/b\/g\/n\/ac 1 Rj45 Gigabit Wifi 5ghz 1300mbps Y 2.4ghz 450mbps 3 Antenas\" \/>\n<meta property=\"og:description\" content=\"Compra Re450 Repetidor | Tp-link | | Inalambrico | Extensor De Rango |ac1750 802.11a\/b\/g\/n\/ac 1 Rj45 Gigabit Wifi 5ghz 1300mbps Y 2.4ghz 450mbps 3 Antenas + Env\u00edo a domicilio + Pago seguro + Garant\u00eda\" \/>\n<meta property=\"og:url\" content=\"https:\/\/compuviper.mx\/tienda\/producto\/tp-link-re450-repetidor-tp-link-inalambrico-extensor-de-rango-ac1750-802-11a-b-g-n-ac-1-rj45-gigabit-wifi-5ghz-1300mbps-y-2-4ghz-450mbps-3-antenas\/\" \/>\n<meta property=\"og:site_name\" content=\"Compuviper\" \/>\n<meta property=\"article:publisher\" content=\"https:\/\/www.facebook.com\/compuviper\" \/>\n<meta property=\"article:modified_time\" content=\"2026-04-12T05:22:48+00:00\" \/>\n<meta property=\"og:image\" content=\"https:\/\/compuviper.mx\/tienda\/wp-content\/uploads\/2023\/12\/Repetidor-tp-link-re450-inalambrico-extensor-de-rango-ac1750-802.11abgnac-1-rj45-gigabit-wifi-5ghz-1300mbps-y-2.4ghz-450mbps-3-antenas.jpg\" \/>\n\t<meta property=\"og:image:width\" content=\"200\" \/>\n\t<meta property=\"og:image:height\" content=\"200\" \/>\n\t<meta property=\"og:image:type\" content=\"image\/jpeg\" \/>\n<meta name=\"twitter:card\" content=\"summary_large_image\" \/>\n<meta name=\"twitter:label1\" content=\"Precio\" \/>\n\t<meta name=\"twitter:data1\" content=\"&#36;735 con IVA\" \/>\n\t<meta name=\"twitter:label2\" content=\"Availability\" \/>\n\t<meta name=\"twitter:data2\" content=\"In stock\" \/>\n<script type=\"application\/ld+json\" class=\"yoast-schema-graph\">{\"@context\":\"https:\/\/schema.org\",\"@graph\":[{\"@type\":\"WebPage\",\"@id\":\"https:\/\/compuviper.mx\/tienda\/producto\/tp-link-re450-repetidor-tp-link-inalambrico-extensor-de-rango-ac1750-802-11a-b-g-n-ac-1-rj45-gigabit-wifi-5ghz-1300mbps-y-2-4ghz-450mbps-3-antenas\/\",\"url\":\"https:\/\/compuviper.mx\/tienda\/producto\/tp-link-re450-repetidor-tp-link-inalambrico-extensor-de-rango-ac1750-802-11a-b-g-n-ac-1-rj45-gigabit-wifi-5ghz-1300mbps-y-2-4ghz-450mbps-3-antenas\/\",\"name\":\"[ Tp Link ] &#129351; Re450 Repetidor | Tp-link | | Inalambrico | Extensor De Rango |ac1750 802.11a\/b\/g\/n\/ac 1 Rj45 Gigabit Wifi 5ghz 1300mbps Y 2.4ghz 450mbps 3 Antenas\",\"isPartOf\":{\"@id\":\"https:\/\/compuviper.mx\/tienda\/#website\"},\"datePublished\":\"2026-04-12T05:22:47+00:00\",\"dateModified\":\"2026-04-12T05:22:48+00:00\",\"description\":\"Compra Re450 Repetidor | Tp-link | | Inalambrico | Extensor De Rango |ac1750 802.11a\/b\/g\/n\/ac 1 Rj45 Gigabit Wifi 5ghz 1300mbps Y 2.4ghz 450mbps 3 Antenas + Env\u00edo a domicilio + Pago seguro + Garant\u00eda\",\"breadcrumb\":{\"@id\":\"https:\/\/compuviper.mx\/tienda\/producto\/tp-link-re450-repetidor-tp-link-inalambrico-extensor-de-rango-ac1750-802-11a-b-g-n-ac-1-rj45-gigabit-wifi-5ghz-1300mbps-y-2-4ghz-450mbps-3-antenas\/#breadcrumb\"},\"inLanguage\":\"es-MX\",\"potentialAction\":[{\"@type\":\"ReadAction\",\"target\":[\"https:\/\/compuviper.mx\/tienda\/producto\/tp-link-re450-repetidor-tp-link-inalambrico-extensor-de-rango-ac1750-802-11a-b-g-n-ac-1-rj45-gigabit-wifi-5ghz-1300mbps-y-2-4ghz-450mbps-3-antenas\/\"]}]},{\"@type\":\"BreadcrumbList\",\"@id\":\"https:\/\/compuviper.mx\/tienda\/producto\/tp-link-re450-repetidor-tp-link-inalambrico-extensor-de-rango-ac1750-802-11a-b-g-n-ac-1-rj45-gigabit-wifi-5ghz-1300mbps-y-2-4ghz-450mbps-3-antenas\/#breadcrumb\",\"itemListElement\":[{\"@type\":\"ListItem\",\"position\":1,\"name\":\"Inicio\",\"item\":\"https:\/\/compuviper.mx\/tienda\/\"},{\"@type\":\"ListItem\",\"position\":2,\"name\":\"Productos\",\"item\":\"https:\/\/compuviper.mx\/tienda\/productos\/\"},{\"@type\":\"ListItem\",\"position\":3,\"name\":\"Redes\",\"item\":\"https:\/\/compuviper.mx\/tienda\/categoria-producto\/redes\/\"},{\"@type\":\"ListItem\",\"position\":4,\"name\":\"Repetidor Wireless\",\"item\":\"https:\/\/compuviper.mx\/tienda\/categoria-producto\/redes\/repetidor-wireless\/\"},{\"@type\":\"ListItem\",\"position\":5,\"name\":\"Tp Link Re450 Repetidor | Tp-link | | Inalambrico | Extensor De Rango |ac1750 802.11a\/b\/g\/n\/ac 1 Rj45 Gigabit Wifi 5ghz 1300mbps Y 2.4ghz 450mbps 3 Antenas\"}]},{\"@type\":\"WebSite\",\"@id\":\"https:\/\/compuviper.mx\/tienda\/#website\",\"url\":\"https:\/\/compuviper.mx\/tienda\/\",\"name\":\"Compuviper\",\"description\":\"Proveedor de Computadoras, Laptops, Servidores, Monitores, Puntos de Venta, Teclados,   Impresoras, T\u00f3ner, C\u00e1maras de Seguridad y m\u00e1s en tu tienda en l\u00ednea\",\"publisher\":{\"@id\":\"https:\/\/compuviper.mx\/tienda\/#organization\"},\"potentialAction\":[{\"@type\":\"SearchAction\",\"target\":{\"@type\":\"EntryPoint\",\"urlTemplate\":\"https:\/\/compuviper.mx\/tienda\/?s={search_term_string}\"},\"query-input\":\"required name=search_term_string\"}],\"inLanguage\":\"es-MX\"},{\"@type\":\"Organization\",\"@id\":\"https:\/\/compuviper.mx\/tienda\/#organization\",\"name\":\"Compuviper\",\"url\":\"https:\/\/compuviper.mx\/tienda\/\",\"logo\":{\"@type\":\"ImageObject\",\"inLanguage\":\"es-MX\",\"@id\":\"https:\/\/compuviper.mx\/tienda\/#\/schema\/logo\/image\/\",\"url\":\"https:\/\/compuviper.mx\/tienda\/wp-content\/uploads\/2021\/08\/Logo-Compuviper-10.png\",\"contentUrl\":\"https:\/\/compuviper.mx\/tienda\/wp-content\/uploads\/2021\/08\/Logo-Compuviper-10.png\",\"width\":1000,\"height\":500,\"caption\":\"Compuviper\"},\"image\":{\"@id\":\"https:\/\/compuviper.mx\/tienda\/#\/schema\/logo\/image\/\"},\"sameAs\":[\"https:\/\/www.facebook.com\/compuviper\",\"https:\/\/www.youtube.com\/channel\/UCf73dERp9Y3cfOq7q8BhLjA?view_as=subscriber\"]}]}<\/script>\n<meta property=\"product:brand\" content=\"TP LINK\" \/>\n<meta property=\"product:price:amount\" content=\"735\" \/>\n<meta property=\"product:price:currency\" content=\"MXN\" \/>\n<meta property=\"og:availability\" content=\"instock\" \/>\n<meta property=\"product:availability\" content=\"instock\" \/>\n<meta property=\"product:retailer_item_id\" content=\"RE450\" \/>\n<meta property=\"product:condition\" content=\"new\" \/>\n<!-- \/ Yoast SEO plugin. -->","yoast_head_json":{"title":"[ Tp Link ] &#129351; Re450 Repetidor | Tp-link | | Inalambrico | Extensor De Rango |ac1750 802.11a\/b\/g\/n\/ac 1 Rj45 Gigabit Wifi 5ghz 1300mbps Y 2.4ghz 450mbps 3 Antenas","description":"Compra Re450 Repetidor | Tp-link | | Inalambrico | Extensor De Rango |ac1750 802.11a\/b\/g\/n\/ac 1 Rj45 Gigabit Wifi 5ghz 1300mbps Y 2.4ghz 450mbps 3 Antenas + Env\u00edo a domicilio + Pago seguro + Garant\u00eda","robots":{"index":"index","follow":"follow","max-snippet":"max-snippet:-1","max-image-preview":"max-image-preview:large","max-video-preview":"max-video-preview:-1"},"canonical":"https:\/\/compuviper.mx\/tienda\/producto\/tp-link-re450-repetidor-tp-link-inalambrico-extensor-de-rango-ac1750-802-11a-b-g-n-ac-1-rj45-gigabit-wifi-5ghz-1300mbps-y-2-4ghz-450mbps-3-antenas\/","og_locale":"es_MX","og_type":"article","og_title":"[ Tp Link ] &#129351; Re450 Repetidor | Tp-link | | Inalambrico | Extensor De Rango |ac1750 802.11a\/b\/g\/n\/ac 1 Rj45 Gigabit Wifi 5ghz 1300mbps Y 2.4ghz 450mbps 3 Antenas","og_description":"Compra Re450 Repetidor | Tp-link | | Inalambrico | Extensor De Rango |ac1750 802.11a\/b\/g\/n\/ac 1 Rj45 Gigabit Wifi 5ghz 1300mbps Y 2.4ghz 450mbps 3 Antenas + Env\u00edo a domicilio + Pago seguro + Garant\u00eda","og_url":"https:\/\/compuviper.mx\/tienda\/producto\/tp-link-re450-repetidor-tp-link-inalambrico-extensor-de-rango-ac1750-802-11a-b-g-n-ac-1-rj45-gigabit-wifi-5ghz-1300mbps-y-2-4ghz-450mbps-3-antenas\/","og_site_name":"Compuviper","article_publisher":"https:\/\/www.facebook.com\/compuviper","article_modified_time":"2026-04-12T05:22:48+00:00","og_image":[{"width":200,"height":200,"url":"https:\/\/compuviper.mx\/tienda\/wp-content\/uploads\/2023\/12\/Repetidor-tp-link-re450-inalambrico-extensor-de-rango-ac1750-802.11abgnac-1-rj45-gigabit-wifi-5ghz-1300mbps-y-2.4ghz-450mbps-3-antenas.jpg","type":"image\/jpeg"}],"twitter_card":"summary_large_image","twitter_misc":{"Precio":"&#36;735 con IVA","Availability":"In stock"},"schema":{"@context":"https:\/\/schema.org","@graph":[{"@type":"WebPage","@id":"https:\/\/compuviper.mx\/tienda\/producto\/tp-link-re450-repetidor-tp-link-inalambrico-extensor-de-rango-ac1750-802-11a-b-g-n-ac-1-rj45-gigabit-wifi-5ghz-1300mbps-y-2-4ghz-450mbps-3-antenas\/","url":"https:\/\/compuviper.mx\/tienda\/producto\/tp-link-re450-repetidor-tp-link-inalambrico-extensor-de-rango-ac1750-802-11a-b-g-n-ac-1-rj45-gigabit-wifi-5ghz-1300mbps-y-2-4ghz-450mbps-3-antenas\/","name":"[ Tp Link ] &#129351; Re450 Repetidor | Tp-link | | Inalambrico | Extensor De Rango |ac1750 802.11a\/b\/g\/n\/ac 1 Rj45 Gigabit Wifi 5ghz 1300mbps Y 2.4ghz 450mbps 3 Antenas","isPartOf":{"@id":"https:\/\/compuviper.mx\/tienda\/#website"},"datePublished":"2026-04-12T05:22:47+00:00","dateModified":"2026-04-12T05:22:48+00:00","description":"Compra Re450 Repetidor | Tp-link | | Inalambrico | Extensor De Rango |ac1750 802.11a\/b\/g\/n\/ac 1 Rj45 Gigabit Wifi 5ghz 1300mbps Y 2.4ghz 450mbps 3 Antenas + Env\u00edo a domicilio + Pago seguro + Garant\u00eda","breadcrumb":{"@id":"https:\/\/compuviper.mx\/tienda\/producto\/tp-link-re450-repetidor-tp-link-inalambrico-extensor-de-rango-ac1750-802-11a-b-g-n-ac-1-rj45-gigabit-wifi-5ghz-1300mbps-y-2-4ghz-450mbps-3-antenas\/#breadcrumb"},"inLanguage":"es-MX","potentialAction":[{"@type":"ReadAction","target":["https:\/\/compuviper.mx\/tienda\/producto\/tp-link-re450-repetidor-tp-link-inalambrico-extensor-de-rango-ac1750-802-11a-b-g-n-ac-1-rj45-gigabit-wifi-5ghz-1300mbps-y-2-4ghz-450mbps-3-antenas\/"]}]},{"@type":"BreadcrumbList","@id":"https:\/\/compuviper.mx\/tienda\/producto\/tp-link-re450-repetidor-tp-link-inalambrico-extensor-de-rango-ac1750-802-11a-b-g-n-ac-1-rj45-gigabit-wifi-5ghz-1300mbps-y-2-4ghz-450mbps-3-antenas\/#breadcrumb","itemListElement":[{"@type":"ListItem","position":1,"name":"Inicio","item":"https:\/\/compuviper.mx\/tienda\/"},{"@type":"ListItem","position":2,"name":"Productos","item":"https:\/\/compuviper.mx\/tienda\/productos\/"},{"@type":"ListItem","position":3,"name":"Redes","item":"https:\/\/compuviper.mx\/tienda\/categoria-producto\/redes\/"},{"@type":"ListItem","position":4,"name":"Repetidor Wireless","item":"https:\/\/compuviper.mx\/tienda\/categoria-producto\/redes\/repetidor-wireless\/"},{"@type":"ListItem","position":5,"name":"Tp Link Re450 Repetidor | Tp-link | | Inalambrico | Extensor De Rango |ac1750 802.11a\/b\/g\/n\/ac 1 Rj45 Gigabit Wifi 5ghz 1300mbps Y 2.4ghz 450mbps 3 Antenas"}]},{"@type":"WebSite","@id":"https:\/\/compuviper.mx\/tienda\/#website","url":"https:\/\/compuviper.mx\/tienda\/","name":"Compuviper","description":"Proveedor de Computadoras, Laptops, Servidores, Monitores, Puntos de Venta, Teclados,   Impresoras, T\u00f3ner, C\u00e1maras de Seguridad y m\u00e1s en tu tienda en l\u00ednea","publisher":{"@id":"https:\/\/compuviper.mx\/tienda\/#organization"},"potentialAction":[{"@type":"SearchAction","target":{"@type":"EntryPoint","urlTemplate":"https:\/\/compuviper.mx\/tienda\/?s={search_term_string}"},"query-input":"required name=search_term_string"}],"inLanguage":"es-MX"},{"@type":"Organization","@id":"https:\/\/compuviper.mx\/tienda\/#organization","name":"Compuviper","url":"https:\/\/compuviper.mx\/tienda\/","logo":{"@type":"ImageObject","inLanguage":"es-MX","@id":"https:\/\/compuviper.mx\/tienda\/#\/schema\/logo\/image\/","url":"https:\/\/compuviper.mx\/tienda\/wp-content\/uploads\/2021\/08\/Logo-Compuviper-10.png","contentUrl":"https:\/\/compuviper.mx\/tienda\/wp-content\/uploads\/2021\/08\/Logo-Compuviper-10.png","width":1000,"height":500,"caption":"Compuviper"},"image":{"@id":"https:\/\/compuviper.mx\/tienda\/#\/schema\/logo\/image\/"},"sameAs":["https:\/\/www.facebook.com\/compuviper","https:\/\/www.youtube.com\/channel\/UCf73dERp9Y3cfOq7q8BhLjA?view_as=subscriber"]}]},"product_brand":"TP LINK","product_price_amount":"735","product_price_currency":"MXN","og_availability":"instock","product_availability":"instock","product_retailer_item_id":"RE450","product_condition":"new"},"_links":{"self":[{"href":"https:\/\/compuviper.mx\/tienda\/wp-json\/wp\/v2\/product\/220638"}],"collection":[{"href":"https:\/\/compuviper.mx\/tienda\/wp-json\/wp\/v2\/product"}],"about":[{"href":"https:\/\/compuviper.mx\/tienda\/wp-json\/wp\/v2\/types\/product"}],"replies":[{"embeddable":true,"href":"https:\/\/compuviper.mx\/tienda\/wp-json\/wp\/v2\/comments?post=220638"}],"wp:featuredmedia":[{"embeddable":true,"href":"https:\/\/compuviper.mx\/tienda\/wp-json\/wp\/v2\/media\/220639"}],"wp:attachment":[{"href":"https:\/\/compuviper.mx\/tienda\/wp-json\/wp\/v2\/media?parent=220638"}],"wp:term":[{"taxonomy":"product_cat","embeddable":true,"href":"https:\/\/compuviper.mx\/tienda\/wp-json\/wp\/v2\/product_cat?post=220638"},{"taxonomy":"product_tag","embeddable":true,"href":"https:\/\/compuviper.mx\/tienda\/wp-json\/wp\/v2\/product_tag?post=220638"}],"curies":[{"name":"wp","href":"https:\/\/api.w.org\/{rel}","templated":true}]}}