{"id":220634,"date":"2026-04-11T01:01:50","date_gmt":"2026-04-11T07:01:50","guid":{"rendered":"https:\/\/compuviper.mx\/tienda\/producto\/tp-link-cpe220-access-point-tp-link-inalambriaco-2-4ghz-300mbps-modos-ap-cliente-repetidor-ap-router-ap-cliente-router-wisp-2-rj45-10-100-poe-pasivo-incluido-5km\/"},"modified":"2026-04-11T01:01:50","modified_gmt":"2026-04-11T07:01:50","slug":"tp-link-cpe220-access-point-tp-link-inalambriaco-2-4ghz-300mbps-modos-ap-cliente-repetidor-ap-router-ap-cliente-router-wisp-2-rj45-10-100-poe-pasivo-incluido-5km","status":"publish","type":"product","link":"https:\/\/compuviper.mx\/tienda\/producto\/tp-link-cpe220-access-point-tp-link-inalambriaco-2-4ghz-300mbps-modos-ap-cliente-repetidor-ap-router-ap-cliente-router-wisp-2-rj45-10-100-poe-pasivo-incluido-5km\/","title":{"rendered":"Tp Link Cpe220 Access Point | Tp-link |   | Inalambriaco | 2.4ghz 300mbps Modos Ap\/cliente\/repetidor \/ap Router\/ Ap Cliente Router Wisp 2 Rj45 10\/100 Poe Pasivo Incluido \/ 5km"},"content":{"rendered":"<table class=\"descripcion\">\n<tr>\n<td>Caracter\u00edsticas de hardware<\/td>\n<\/tr>\n<tr>\n<td>Procesador qualcomm atheros 560mhz cpu, mips 74kc<\/td>\n<\/tr>\n<tr>\n<td>Memoria 64mb ddr2 ram, 8mb flash<\/td>\n<\/tr>\n<tr>\n<td>Interface 1 puerto blindado ethernet 10\/100mbps (lan0,passive poe in)<\/td>\n<\/tr>\n<tr>\n<td>1 puerto blindado ethernet 10\/100mbps<\/td>\n<\/tr>\n<tr>\n<td>1 terminal puesta a tierra<\/td>\n<\/tr>\n<tr>\n<td>1 bot\u00f3n reset<\/td>\n<\/tr>\n<tr>\n<td>Fuente de alimentaci\u00f3n passive power over ethernet via lan0 (+4,5pins; -7,8pins)<\/td>\n<\/tr>\n<tr>\n<td>Rango de voltaje: 16-27vdc<\/td>\n<\/tr>\n<tr>\n<td>Consumo de energ\u00eda 10.8 watts max<\/td>\n<\/tr>\n<tr>\n<td>Nota: cuando se implementa utilizando poe pasivo, la energ\u00eda obtenida de la fuente de alimentaci\u00f3n es<\/td>\n<\/tr>\n<tr>\n<td>M\u00e1s alta por una cierta cantidad dependiendo de la longitud del cable de conexi\u00f3n.<\/td>\n<\/tr>\n<tr>\n<td>Dimensiones (w x d x h) 11\u00d73.1\u00d72.1 pulgadas (276\u00d779\u00d760 mm)<\/td>\n<\/tr>\n<tr>\n<td>Tipo de antena antena direccional doble polarizado de 12dbi 2&#215;2<\/td>\n<\/tr>\n<tr>\n<td>Beam width: 60\u00b0 (h-plane) \/ 30\u00b0 (e-plane)<\/td>\n<\/tr>\n<tr>\n<td>Nota: para m\u00e1s detalle,dir\u00edgete a la hoja de datos<\/td>\n<\/tr>\n<tr>\n<td>Protecci\u00f3n protecci\u00f3n 15kv esd<\/td>\n<\/tr>\n<tr>\n<td>Protecci\u00f3n contra rayos 6kv<\/td>\n<\/tr>\n<tr>\n<td>Cercado el asa de exterior estabiliza el material pl\u00e1stico<\/td>\n<\/tr>\n<tr>\n<td>Certificaci\u00f3n a prueba de agua ipx5<\/td>\n<\/tr>\n<tr>\n<td>Caracter\u00edsticas inal\u00e1mbricas<\/td>\n<\/tr>\n<tr>\n<td>Est\u00e1ndares inal\u00e1mbricos ieee 802.11b\/g\/n (with pharos maxtream disabled)<\/td>\n<\/tr>\n<tr>\n<td>Protocolo propietario modo tdma (con pharos maxtream habilitado)<\/td>\n<\/tr>\n<tr>\n<td>Velocidades inal\u00e1mbricas hasta 300mbps (40mhz,din\u00e1mico)<\/td>\n<\/tr>\n<tr>\n<td>Hasta 144.4mbps (20mhz,din\u00e1mico)<\/td>\n<\/tr>\n<tr>\n<td>Hasta 72.2mbps (10mhz,din\u00e1mico)<\/td>\n<\/tr>\n<tr>\n<td>Hasta 36.1mbps (5mhz,din\u00e1mico)<\/td>\n<\/tr>\n<tr>\n<td>Frecuencia 2.4~2.483ghz<\/td>\n<\/tr>\n<tr>\n<td>Nota:la frecuencia disponible de operaci\u00f3n puede variar en funci\u00f3n de las limitaciones<\/td>\n<\/tr>\n<tr>\n<td>De los paises o regiones en las que se utiliza el dispositivo.<\/td>\n<\/tr>\n<tr>\n<td>Potencia de transmisi\u00f3n 30dbm\/1000mw (adjustable power by 1dbm)<\/td>\n<\/tr>\n<tr>\n<td>Nota: la potencia de transmisi\u00f3n m\u00e1xima puede variar a trav\u00e9s de diferentes canales dependiendo<\/td>\n<\/tr>\n<tr>\n<td>En las limitaciones de los pa\u00edses o regiones en las que se utiliza el dispositivo.<\/td>\n<\/tr>\n<tr>\n<td>Caracter\u00edsticas de software<\/td>\n<\/tr>\n<tr>\n<td>Configuraciones inal\u00e1mbricas pharos maxtream tdma technology<\/td>\n<\/tr>\n<tr>\n<td>802.11b\/g\/n modes<\/td>\n<\/tr>\n<tr>\n<td>Selectable channel width: 5\/10\/20\/40mhz<\/td>\n<\/tr>\n<tr>\n<td>Automatic channel selection<\/td>\n<\/tr>\n<tr>\n<td>Transmission power control<\/td>\n<\/tr>\n<tr>\n<td>Dynamic frequency selection (dfs)<\/td>\n<\/tr>\n<tr>\n<td>Wds enable\/disable<\/td>\n<\/tr>\n<tr>\n<td>Security: wpa\/wpa2, wpa-psk\/wpa2-psk (aes\/tkip) encryption, 64\/128\/152-bit wep encryption<\/td>\n<\/tr>\n<tr>\n<td>Ssid broadcast enable\/disable<\/td>\n<\/tr>\n<tr>\n<td>Multi-ssid with vlan tagging (ap mode only)<\/td>\n<\/tr>\n<tr>\n<td>Distance\/ack timeout setting<\/td>\n<\/tr>\n<tr>\n<td>Wireless mac address filter<\/td>\n<\/tr>\n<tr>\n<td>Wireless advanced:<\/td>\n<\/tr>\n<tr>\n<td>  beacon interval\/rts threshold\/fragmentation<\/td>\n<\/tr>\n<tr>\n<td> threshold\/dtim interval\/ap isolation\/short gi\/wi-fi multimedia<\/td>\n<\/tr>\n<tr>\n<td>Administraci\u00f3n discovery and remote management via pharos control application<\/td>\n<\/tr>\n<tr>\n<td>Http\/https web-based management<\/td>\n<\/tr>\n<tr>\n<td>System log<\/td>\n<\/tr>\n<tr>\n<td>Snmp agent(v2c)<\/td>\n<\/tr>\n<tr>\n<td>Ping watch dog<\/td>\n<\/tr>\n<tr>\n<td>Dynamic ddns<\/td>\n<\/tr>\n<tr>\n<td>Ssh server<\/td>\n<\/tr>\n<tr>\n<td>Herramientas de sistema indicadores de calidad de se\u00f1al in\u00e1lambrica:<\/td>\n<\/tr>\n<tr>\n<td>Intensidad de se\u00f1al\/ruido\/transmisi\u00f3n ccq\/cpu\/memoria<\/td>\n<\/tr>\n<tr>\n<td>Monitores: rendimiento\/estaciones\/interfaces\/arp\/rutas\/wan\/dhcp<\/td>\n<\/tr>\n<tr>\n<td>Analizador de espectro<\/td>\n<\/tr>\n<tr>\n<td>Test de velocidad<\/td>\n<\/tr>\n<tr>\n<td>Ping<\/td>\n<\/tr>\n<tr>\n<td>Traceroute<\/td>\n<\/tr>\n<tr>\n<td>Optimizaciones a nivel de sistema optimized igmp snooping\/proxy for multicast applications<\/td>\n<\/tr>\n<tr>\n<td>Hardware watch dog<\/td>\n<\/tr>\n<tr>\n<td>Caracteristicas adaptador poe<\/td>\n<\/tr>\n<tr>\n<td>Dimensions(w x d x h) 110\u00d757\u00d733.5mm<\/td>\n<\/tr>\n<tr>\n<td>Interfaces 1 jack ac con tierra<\/td>\n<\/tr>\n<tr>\n<td>1 puerto blindado ethernet 10\/100mbps\/1000mbps (alimentaci\u00f3n + datos)<\/td>\n<\/tr>\n<tr>\n<td>1 puerto blindado ethernet 10\/100mbps\/1000mbps (datos)<\/td>\n<\/tr>\n<tr>\n<td>Bot\u00f3n bot\u00f3n de reseteo remoto<\/td>\n<\/tr>\n<tr>\n<td>Power status leds 0~0.8a: verde<\/td>\n<\/tr>\n<tr>\n<td>0.8a~1.0a: rojo<\/td>\n<\/tr>\n<tr>\n<td>Input 100-240vac, 50\/60hz<\/td>\n<\/tr>\n<tr>\n<td>Input voltage 100va~240vac @ 50hz~60hz<\/td>\n<\/tr>\n<tr>\n<td>Input current 0.8a max @ 100vac<\/td>\n<\/tr>\n<tr>\n<td>Output 24vdc, 1.0a max<\/td>\n<\/tr>\n<tr>\n<td>+4, 5pins; -7, 8pins. (soporta hasta 60m power over ethernet)<\/td>\n<\/tr>\n<tr>\n<td>Output voltage 24vdc(+4,5pins; -7,8pins)<\/td>\n<\/tr>\n<tr>\n<td>Eficiencia  80%<\/td>\n<\/tr>\n<tr>\n<td>Certificaciones ce\/fcc\/ul\/ic\/gs\/psb\/c-tick\/saa\/s-mark\/kc-mark<\/td>\n<\/tr>\n<tr>\n<td>Otros<\/td>\n<\/tr>\n<tr>\n<td>Certificacion ce, fcc, rohs, ipx5<\/td>\n<\/tr>\n<tr>\n<td>Contenidos del paquete:<\/td>\n<\/tr>\n<tr>\n<td>Cpe exterior inal\u00e1mbrico<\/td>\n<\/tr>\n<tr>\n<td>Adaptador pasivo poe 24v 1a<\/td>\n<\/tr>\n<tr>\n<td>Correas para montaje en poste<\/td>\n<\/tr>\n<tr>\n<td>Cable de corriente ac<\/td>\n<\/tr>\n<tr>\n<td>Gu\u00eda de instalaci\u00f3n<\/td>\n<\/tr>\n<tr>\n<td>Requisitos del sistema microsoft windows 98se, nt, 2000, xp, vista\u00bf o windows 10, windows 8, windows 7,<\/td>\n<\/tr>\n<tr>\n<td>Mac os, netware, unix o linux.<\/td>\n<\/tr>\n<tr>\n<td>Nota: se recomienda que utilices uno de los siguientes navegadores web para una mejor experiencia: google chrome, safari y firefox. no se recomiendan los navegadores internet explorer<\/td>\n<\/tr>\n<tr>\n<td>Ambiente temperatura de funcionamiento: -40\u00b0c~70\u00b0c (-40\u00bf~158\u00bf)<\/td>\n<\/tr>\n<tr>\n<td>Temperatura de almacenamiento: -40\u00bf~70\u00bf (-40\u00bf~158\u00bf)<\/td>\n<\/tr>\n<tr>\n<td>Humedad de funcionamiento: 10%~90% sin condensaci\u00f3n<\/td>\n<\/tr>\n<tr>\n<td>Humedad de almacenamiento: 5%~95% sin condensaci\u00f3n<\/td>\n<\/tr>\n<\/table>\n","protected":false},"excerpt":{"rendered":"<p>Cpe de exterior 2.4gz 300mbps 12dbi. Cpe220. * antena incorporada de 12dbi 2&#215;2 mimo direccional de doble polarizado. * potencia de transmisi\u00f3n ajustable de 0 a 30dbm\/1000mw. * optimizaciones a nivel de sistema para transmisi\u00f3n inal\u00e1mbrica de m\u00e1s de 13 kil\u00f3metros de largo alcance. * la tecnolog\u00eda tp-link pharos maxtream tdma (time-division-multiple-access) mejora el rendimiento del producto, la capacidad y rendimiento de latencia, ideal para aplicaciones ptmp. * sistema de administraci\u00f3n centralizada &#8211; control pharos. * modos de operaci\u00f3n ap \/ cliente \/ repetidor \/ ap router \/ ap cliente router (wisp. * adaptador poe pasivo soporta hasta 60 metros (200 pies). Alimentaci\u00f3n a trav\u00e9s de puerto de ethernet que permite que el dispositivo se restablezca de forma remota. Cp220e exterior tp-link 2.4ghz 300mbps 12dbi, especial para soluciones rentables para aplicaciones al aire libre de redes inal\u00e1mbricas. Con su aplicaci\u00f3n de gesti\u00f3n centralizada, es ideal para conexiones punto a punto, punto a multipunto y aplicaciones exteriores de cobertura wi-fi. Rendimiento profesional, con un dise\u00f1o f\u00e1cil de usar, hace del cpe220 una opci\u00f3n ideal para usuarios dom\u00e9sticos y empresariales. Con qualcomm atheros chipsets de nivel empresarial, antenas de alta ganancia, un material de gran calidad, caja especialmente dise\u00f1ada, y la fuente de alimentaci\u00f3n poe, cpe220 est\u00e1 especialmente dise\u00f1ado para uso en exteriores y puede operar sin problemas en casi cualquier clima, con temperaturas de funcionamiento desde -30 \u00bf (- 22 \u00bf) a 70 \u00bf (158 \u00bf). Transmisi\u00f3n inal\u00e1mbrica de m\u00e1s de 13 km de alcance. Un dise\u00f1o que rompe las barreras del rango tradicional de transmisi\u00f3n wi-fi, por lo que cpe220 es un producto ideal para aplicaciones al aire libre para redes inal\u00e1mbricas. Tecnolog\u00eda tdma tp-link maxtream. A medida que aumenta la escala de red, la competencia y las colisiones wireless entre los cpes y las estaciones base ser\u00e1 tan enorme que el rendimiento real de la red caer\u00e1, dando como resultado un grave impacto en la experiencia del usuario final. Para mitigar estos efectos, la cpe510 utiliza tecnolog\u00eda tdma maxtream. Control pharos \u00bf sistema de gesti\u00f3n centralizada. Cpe220 tambi\u00e9n viene equipado con un software de gesti\u00f3n centralizada que ayuda a los usuarios a gestionar f\u00e1cilmente todos los dispositivos de su red desde un solo ordenador \u00bf pharos control. Las funciones como la detecci\u00f3n de dispositivos, la monitorizaci\u00f3n del estado, la actualizaci\u00f3n de firmware, y el mantenimiento de la red se pueden manejar usando pharos control.<\/p>\n","protected":false},"featured_media":220635,"comment_status":"open","ping_status":"open","template":"","meta":[],"product_cat":[1563,1754],"product_tag":[1562],"acf":[],"yoast_head":"<!-- This site is optimized with the Yoast SEO plugin v21.7 - https:\/\/yoast.com\/wordpress\/plugins\/seo\/ -->\n<title>[ Tp Link ] &#129351; Cpe220 Access Point | Tp-link | | Inalambriaco | 2.4ghz 300mbps Modos Ap\/cliente\/repetidor \/ap Router\/ Ap Cliente Router Wisp 2 Rj45 10\/100 Poe Pasivo Incluido \/ 5km<\/title>\n<meta name=\"description\" content=\"Compra Cpe220 Access Point | Tp-link | | Inalambriaco | 2.4ghz 300mbps Modos Ap\/cliente\/repetidor \/ap Router\/ Ap Cliente Router Wisp 2 Rj45 10\/100 Poe Pasivo Incluido \/ 5km + Env\u00edo a domicilio + Pago seguro + Garant\u00eda\" \/>\n<meta name=\"robots\" content=\"index, follow, max-snippet:-1, max-image-preview:large, max-video-preview:-1\" \/>\n<link rel=\"canonical\" href=\"https:\/\/compuviper.mx\/tienda\/producto\/tp-link-cpe220-access-point-tp-link-inalambriaco-2-4ghz-300mbps-modos-ap-cliente-repetidor-ap-router-ap-cliente-router-wisp-2-rj45-10-100-poe-pasivo-incluido-5km\/\" \/>\n<meta property=\"og:locale\" content=\"es_MX\" \/>\n<meta property=\"og:type\" content=\"article\" \/>\n<meta property=\"og:title\" content=\"[ Tp Link ] &#129351; Cpe220 Access Point | Tp-link | | Inalambriaco | 2.4ghz 300mbps Modos Ap\/cliente\/repetidor \/ap Router\/ Ap Cliente Router Wisp 2 Rj45 10\/100 Poe Pasivo Incluido \/ 5km\" \/>\n<meta property=\"og:description\" content=\"Compra Cpe220 Access Point | Tp-link | | Inalambriaco | 2.4ghz 300mbps Modos Ap\/cliente\/repetidor \/ap Router\/ Ap Cliente Router Wisp 2 Rj45 10\/100 Poe Pasivo Incluido \/ 5km + Env\u00edo a domicilio + Pago seguro + Garant\u00eda\" \/>\n<meta property=\"og:url\" content=\"https:\/\/compuviper.mx\/tienda\/producto\/tp-link-cpe220-access-point-tp-link-inalambriaco-2-4ghz-300mbps-modos-ap-cliente-repetidor-ap-router-ap-cliente-router-wisp-2-rj45-10-100-poe-pasivo-incluido-5km\/\" \/>\n<meta property=\"og:site_name\" content=\"Compuviper\" \/>\n<meta property=\"article:publisher\" content=\"https:\/\/www.facebook.com\/compuviper\" \/>\n<meta property=\"og:image\" content=\"https:\/\/compuviper.mx\/tienda\/wp-content\/uploads\/2023\/12\/Access-point-tp-link-cpe220-inalambriaco-2.4ghz-300mbps-modos-apclienterepetidor-ap-router-ap-cliente-router-wisp-2-rj45-10100-poe-pasivo-incluido-5km.jpg\" \/>\n\t<meta property=\"og:image:width\" content=\"200\" \/>\n\t<meta property=\"og:image:height\" content=\"200\" \/>\n\t<meta property=\"og:image:type\" content=\"image\/jpeg\" \/>\n<meta name=\"twitter:card\" content=\"summary_large_image\" \/>\n<meta name=\"twitter:label1\" content=\"Precio\" \/>\n\t<meta name=\"twitter:data1\" content=\"&#36;833 con IVA\" \/>\n\t<meta name=\"twitter:label2\" content=\"Availability\" \/>\n\t<meta name=\"twitter:data2\" content=\"Out of stock\" \/>\n<script type=\"application\/ld+json\" class=\"yoast-schema-graph\">{\"@context\":\"https:\/\/schema.org\",\"@graph\":[{\"@type\":\"WebPage\",\"@id\":\"https:\/\/compuviper.mx\/tienda\/producto\/tp-link-cpe220-access-point-tp-link-inalambriaco-2-4ghz-300mbps-modos-ap-cliente-repetidor-ap-router-ap-cliente-router-wisp-2-rj45-10-100-poe-pasivo-incluido-5km\/\",\"url\":\"https:\/\/compuviper.mx\/tienda\/producto\/tp-link-cpe220-access-point-tp-link-inalambriaco-2-4ghz-300mbps-modos-ap-cliente-repetidor-ap-router-ap-cliente-router-wisp-2-rj45-10-100-poe-pasivo-incluido-5km\/\",\"name\":\"[ Tp Link ] &#129351; Cpe220 Access Point | Tp-link | | Inalambriaco | 2.4ghz 300mbps Modos Ap\/cliente\/repetidor \/ap Router\/ Ap Cliente Router Wisp 2 Rj45 10\/100 Poe Pasivo Incluido \/ 5km\",\"isPartOf\":{\"@id\":\"https:\/\/compuviper.mx\/tienda\/#website\"},\"datePublished\":\"2026-04-11T07:01:50+00:00\",\"dateModified\":\"2026-04-11T07:01:50+00:00\",\"description\":\"Compra Cpe220 Access Point | Tp-link | | Inalambriaco | 2.4ghz 300mbps Modos Ap\/cliente\/repetidor \/ap Router\/ Ap Cliente Router Wisp 2 Rj45 10\/100 Poe Pasivo Incluido \/ 5km + Env\u00edo a domicilio + Pago seguro + Garant\u00eda\",\"breadcrumb\":{\"@id\":\"https:\/\/compuviper.mx\/tienda\/producto\/tp-link-cpe220-access-point-tp-link-inalambriaco-2-4ghz-300mbps-modos-ap-cliente-repetidor-ap-router-ap-cliente-router-wisp-2-rj45-10-100-poe-pasivo-incluido-5km\/#breadcrumb\"},\"inLanguage\":\"es-MX\",\"potentialAction\":[{\"@type\":\"ReadAction\",\"target\":[\"https:\/\/compuviper.mx\/tienda\/producto\/tp-link-cpe220-access-point-tp-link-inalambriaco-2-4ghz-300mbps-modos-ap-cliente-repetidor-ap-router-ap-cliente-router-wisp-2-rj45-10-100-poe-pasivo-incluido-5km\/\"]}]},{\"@type\":\"BreadcrumbList\",\"@id\":\"https:\/\/compuviper.mx\/tienda\/producto\/tp-link-cpe220-access-point-tp-link-inalambriaco-2-4ghz-300mbps-modos-ap-cliente-repetidor-ap-router-ap-cliente-router-wisp-2-rj45-10-100-poe-pasivo-incluido-5km\/#breadcrumb\",\"itemListElement\":[{\"@type\":\"ListItem\",\"position\":1,\"name\":\"Inicio\",\"item\":\"https:\/\/compuviper.mx\/tienda\/\"},{\"@type\":\"ListItem\",\"position\":2,\"name\":\"Productos\",\"item\":\"https:\/\/compuviper.mx\/tienda\/productos\/\"},{\"@type\":\"ListItem\",\"position\":3,\"name\":\"Redes\",\"item\":\"https:\/\/compuviper.mx\/tienda\/categoria-producto\/redes\/\"},{\"@type\":\"ListItem\",\"position\":4,\"name\":\"Access Point\",\"item\":\"https:\/\/compuviper.mx\/tienda\/categoria-producto\/redes\/access-point\/\"},{\"@type\":\"ListItem\",\"position\":5,\"name\":\"Tp Link Cpe220 Access Point | Tp-link | | Inalambriaco | 2.4ghz 300mbps Modos Ap\/cliente\/repetidor \/ap Router\/ Ap Cliente Router Wisp 2 Rj45 10\/100 Poe Pasivo Incluido \/ 5km\"}]},{\"@type\":\"WebSite\",\"@id\":\"https:\/\/compuviper.mx\/tienda\/#website\",\"url\":\"https:\/\/compuviper.mx\/tienda\/\",\"name\":\"Compuviper\",\"description\":\"Proveedor de Computadoras, Laptops, Servidores, Monitores, Puntos de Venta, Teclados,   Impresoras, T\u00f3ner, C\u00e1maras de Seguridad y m\u00e1s en tu tienda en l\u00ednea\",\"publisher\":{\"@id\":\"https:\/\/compuviper.mx\/tienda\/#organization\"},\"potentialAction\":[{\"@type\":\"SearchAction\",\"target\":{\"@type\":\"EntryPoint\",\"urlTemplate\":\"https:\/\/compuviper.mx\/tienda\/?s={search_term_string}\"},\"query-input\":\"required name=search_term_string\"}],\"inLanguage\":\"es-MX\"},{\"@type\":\"Organization\",\"@id\":\"https:\/\/compuviper.mx\/tienda\/#organization\",\"name\":\"Compuviper\",\"url\":\"https:\/\/compuviper.mx\/tienda\/\",\"logo\":{\"@type\":\"ImageObject\",\"inLanguage\":\"es-MX\",\"@id\":\"https:\/\/compuviper.mx\/tienda\/#\/schema\/logo\/image\/\",\"url\":\"https:\/\/compuviper.mx\/tienda\/wp-content\/uploads\/2021\/08\/Logo-Compuviper-10.png\",\"contentUrl\":\"https:\/\/compuviper.mx\/tienda\/wp-content\/uploads\/2021\/08\/Logo-Compuviper-10.png\",\"width\":1000,\"height\":500,\"caption\":\"Compuviper\"},\"image\":{\"@id\":\"https:\/\/compuviper.mx\/tienda\/#\/schema\/logo\/image\/\"},\"sameAs\":[\"https:\/\/www.facebook.com\/compuviper\",\"https:\/\/www.youtube.com\/channel\/UCf73dERp9Y3cfOq7q8BhLjA?view_as=subscriber\"]}]}<\/script>\n<meta property=\"product:brand\" content=\"TP LINK\" \/>\n<meta property=\"product:price:amount\" content=\"833\" \/>\n<meta property=\"product:price:currency\" content=\"MXN\" \/>\n<meta property=\"og:availability\" content=\"out of stock\" \/>\n<meta property=\"product:availability\" content=\"out of stock\" \/>\n<meta property=\"product:retailer_item_id\" content=\"CPE220\" \/>\n<meta property=\"product:condition\" content=\"new\" \/>\n<!-- \/ Yoast SEO plugin. -->","yoast_head_json":{"title":"[ Tp Link ] &#129351; Cpe220 Access Point | Tp-link | | Inalambriaco | 2.4ghz 300mbps Modos Ap\/cliente\/repetidor \/ap Router\/ Ap Cliente Router Wisp 2 Rj45 10\/100 Poe Pasivo Incluido \/ 5km","description":"Compra Cpe220 Access Point | Tp-link | | Inalambriaco | 2.4ghz 300mbps Modos Ap\/cliente\/repetidor \/ap Router\/ Ap Cliente Router Wisp 2 Rj45 10\/100 Poe Pasivo Incluido \/ 5km + Env\u00edo a domicilio + Pago seguro + Garant\u00eda","robots":{"index":"index","follow":"follow","max-snippet":"max-snippet:-1","max-image-preview":"max-image-preview:large","max-video-preview":"max-video-preview:-1"},"canonical":"https:\/\/compuviper.mx\/tienda\/producto\/tp-link-cpe220-access-point-tp-link-inalambriaco-2-4ghz-300mbps-modos-ap-cliente-repetidor-ap-router-ap-cliente-router-wisp-2-rj45-10-100-poe-pasivo-incluido-5km\/","og_locale":"es_MX","og_type":"article","og_title":"[ Tp Link ] &#129351; Cpe220 Access Point | Tp-link | | Inalambriaco | 2.4ghz 300mbps Modos Ap\/cliente\/repetidor \/ap Router\/ Ap Cliente Router Wisp 2 Rj45 10\/100 Poe Pasivo Incluido \/ 5km","og_description":"Compra Cpe220 Access Point | Tp-link | | Inalambriaco | 2.4ghz 300mbps Modos Ap\/cliente\/repetidor \/ap Router\/ Ap Cliente Router Wisp 2 Rj45 10\/100 Poe Pasivo Incluido \/ 5km + Env\u00edo a domicilio + Pago seguro + Garant\u00eda","og_url":"https:\/\/compuviper.mx\/tienda\/producto\/tp-link-cpe220-access-point-tp-link-inalambriaco-2-4ghz-300mbps-modos-ap-cliente-repetidor-ap-router-ap-cliente-router-wisp-2-rj45-10-100-poe-pasivo-incluido-5km\/","og_site_name":"Compuviper","article_publisher":"https:\/\/www.facebook.com\/compuviper","og_image":[{"width":200,"height":200,"url":"https:\/\/compuviper.mx\/tienda\/wp-content\/uploads\/2023\/12\/Access-point-tp-link-cpe220-inalambriaco-2.4ghz-300mbps-modos-apclienterepetidor-ap-router-ap-cliente-router-wisp-2-rj45-10100-poe-pasivo-incluido-5km.jpg","type":"image\/jpeg"}],"twitter_card":"summary_large_image","twitter_misc":{"Precio":"&#36;833 con IVA","Availability":"Out of stock"},"schema":{"@context":"https:\/\/schema.org","@graph":[{"@type":"WebPage","@id":"https:\/\/compuviper.mx\/tienda\/producto\/tp-link-cpe220-access-point-tp-link-inalambriaco-2-4ghz-300mbps-modos-ap-cliente-repetidor-ap-router-ap-cliente-router-wisp-2-rj45-10-100-poe-pasivo-incluido-5km\/","url":"https:\/\/compuviper.mx\/tienda\/producto\/tp-link-cpe220-access-point-tp-link-inalambriaco-2-4ghz-300mbps-modos-ap-cliente-repetidor-ap-router-ap-cliente-router-wisp-2-rj45-10-100-poe-pasivo-incluido-5km\/","name":"[ Tp Link ] &#129351; Cpe220 Access Point | Tp-link | | Inalambriaco | 2.4ghz 300mbps Modos Ap\/cliente\/repetidor \/ap Router\/ Ap Cliente Router Wisp 2 Rj45 10\/100 Poe Pasivo Incluido \/ 5km","isPartOf":{"@id":"https:\/\/compuviper.mx\/tienda\/#website"},"datePublished":"2026-04-11T07:01:50+00:00","dateModified":"2026-04-11T07:01:50+00:00","description":"Compra Cpe220 Access Point | Tp-link | | Inalambriaco | 2.4ghz 300mbps Modos Ap\/cliente\/repetidor \/ap Router\/ Ap Cliente Router Wisp 2 Rj45 10\/100 Poe Pasivo Incluido \/ 5km + Env\u00edo a domicilio + Pago seguro + Garant\u00eda","breadcrumb":{"@id":"https:\/\/compuviper.mx\/tienda\/producto\/tp-link-cpe220-access-point-tp-link-inalambriaco-2-4ghz-300mbps-modos-ap-cliente-repetidor-ap-router-ap-cliente-router-wisp-2-rj45-10-100-poe-pasivo-incluido-5km\/#breadcrumb"},"inLanguage":"es-MX","potentialAction":[{"@type":"ReadAction","target":["https:\/\/compuviper.mx\/tienda\/producto\/tp-link-cpe220-access-point-tp-link-inalambriaco-2-4ghz-300mbps-modos-ap-cliente-repetidor-ap-router-ap-cliente-router-wisp-2-rj45-10-100-poe-pasivo-incluido-5km\/"]}]},{"@type":"BreadcrumbList","@id":"https:\/\/compuviper.mx\/tienda\/producto\/tp-link-cpe220-access-point-tp-link-inalambriaco-2-4ghz-300mbps-modos-ap-cliente-repetidor-ap-router-ap-cliente-router-wisp-2-rj45-10-100-poe-pasivo-incluido-5km\/#breadcrumb","itemListElement":[{"@type":"ListItem","position":1,"name":"Inicio","item":"https:\/\/compuviper.mx\/tienda\/"},{"@type":"ListItem","position":2,"name":"Productos","item":"https:\/\/compuviper.mx\/tienda\/productos\/"},{"@type":"ListItem","position":3,"name":"Redes","item":"https:\/\/compuviper.mx\/tienda\/categoria-producto\/redes\/"},{"@type":"ListItem","position":4,"name":"Access Point","item":"https:\/\/compuviper.mx\/tienda\/categoria-producto\/redes\/access-point\/"},{"@type":"ListItem","position":5,"name":"Tp Link Cpe220 Access Point | Tp-link | | Inalambriaco | 2.4ghz 300mbps Modos Ap\/cliente\/repetidor \/ap Router\/ Ap Cliente Router Wisp 2 Rj45 10\/100 Poe Pasivo Incluido \/ 5km"}]},{"@type":"WebSite","@id":"https:\/\/compuviper.mx\/tienda\/#website","url":"https:\/\/compuviper.mx\/tienda\/","name":"Compuviper","description":"Proveedor de Computadoras, Laptops, Servidores, Monitores, Puntos de Venta, Teclados,   Impresoras, T\u00f3ner, C\u00e1maras de Seguridad y m\u00e1s en tu tienda en l\u00ednea","publisher":{"@id":"https:\/\/compuviper.mx\/tienda\/#organization"},"potentialAction":[{"@type":"SearchAction","target":{"@type":"EntryPoint","urlTemplate":"https:\/\/compuviper.mx\/tienda\/?s={search_term_string}"},"query-input":"required name=search_term_string"}],"inLanguage":"es-MX"},{"@type":"Organization","@id":"https:\/\/compuviper.mx\/tienda\/#organization","name":"Compuviper","url":"https:\/\/compuviper.mx\/tienda\/","logo":{"@type":"ImageObject","inLanguage":"es-MX","@id":"https:\/\/compuviper.mx\/tienda\/#\/schema\/logo\/image\/","url":"https:\/\/compuviper.mx\/tienda\/wp-content\/uploads\/2021\/08\/Logo-Compuviper-10.png","contentUrl":"https:\/\/compuviper.mx\/tienda\/wp-content\/uploads\/2021\/08\/Logo-Compuviper-10.png","width":1000,"height":500,"caption":"Compuviper"},"image":{"@id":"https:\/\/compuviper.mx\/tienda\/#\/schema\/logo\/image\/"},"sameAs":["https:\/\/www.facebook.com\/compuviper","https:\/\/www.youtube.com\/channel\/UCf73dERp9Y3cfOq7q8BhLjA?view_as=subscriber"]}]},"product_brand":"TP LINK","product_price_amount":"833","product_price_currency":"MXN","og_availability":"out of stock","product_availability":"out of stock","product_retailer_item_id":"CPE220","product_condition":"new"},"_links":{"self":[{"href":"https:\/\/compuviper.mx\/tienda\/wp-json\/wp\/v2\/product\/220634"}],"collection":[{"href":"https:\/\/compuviper.mx\/tienda\/wp-json\/wp\/v2\/product"}],"about":[{"href":"https:\/\/compuviper.mx\/tienda\/wp-json\/wp\/v2\/types\/product"}],"replies":[{"embeddable":true,"href":"https:\/\/compuviper.mx\/tienda\/wp-json\/wp\/v2\/comments?post=220634"}],"wp:featuredmedia":[{"embeddable":true,"href":"https:\/\/compuviper.mx\/tienda\/wp-json\/wp\/v2\/media\/220635"}],"wp:attachment":[{"href":"https:\/\/compuviper.mx\/tienda\/wp-json\/wp\/v2\/media?parent=220634"}],"wp:term":[{"taxonomy":"product_cat","embeddable":true,"href":"https:\/\/compuviper.mx\/tienda\/wp-json\/wp\/v2\/product_cat?post=220634"},{"taxonomy":"product_tag","embeddable":true,"href":"https:\/\/compuviper.mx\/tienda\/wp-json\/wp\/v2\/product_tag?post=220634"}],"curies":[{"name":"wp","href":"https:\/\/api.w.org\/{rel}","templated":true}]}}