{"id":220624,"date":"2026-04-11T01:01:48","date_gmt":"2026-04-11T07:01:48","guid":{"rendered":"https:\/\/compuviper.mx\/tienda\/producto\/tp-link-eap110-access-point-tp-link-para-interior-300mbps-1rj45-montaje-en-techo-antenas-internas-2x4dbi-omnidireccionales-soporta-hasta-50-clientes-sustituye-a-tl-wa801n-tl-wa801nd-tl-w\/"},"modified":"2026-04-11T01:01:48","modified_gmt":"2026-04-11T07:01:48","slug":"tp-link-eap110-access-point-tp-link-omada-300mbps-wireless-ceiling-mount","status":"publish","type":"product","link":"https:\/\/compuviper.mx\/tienda\/producto\/tp-link-eap110-access-point-tp-link-omada-300mbps-wireless-ceiling-mount\/","title":{"rendered":"Tp Link Eap110 Access Point Tp-link  Omada 300mbps Wireless Ceiling Mount"},"content":{"rendered":"<table class=\"descripcion\">\n<tr>\n<td>Caracter\u00edsticas de hardware<\/td>\n<\/tr>\n<tr>\n<td>Interfaz: puerto fast ethernet (rj-45) * 1 \u00bfcompatibilidad con poe pasivo<\/td>\n<\/tr>\n<tr>\n<td>Bot\u00f3n: reiniciar<\/td>\n<\/tr>\n<tr>\n<td>Fuente de alimentaci\u00f3n: poe pasivo de 24 v (+ 4,5 pines; -7,8 pines. incluye daptador poe)<\/td>\n<\/tr>\n<tr>\n<td>Consumo de energ\u00eda: 2.8w<\/td>\n<\/tr>\n<tr>\n<td>Dimensiones: 7.5 \u00d7 6.8 \u00d7 1.2 pulg . (189.4 \u00d7 172.3 \u00d7 29.5mm)<\/td>\n<\/tr>\n<tr>\n<td>Tipo de antena: omni interno 2 * 4dbi<\/td>\n<\/tr>\n<tr>\n<td>Montaje: montaje en techo \/ pared (kits incluidos)<\/td>\n<\/tr>\n<tr>\n<td>Caracter\u00edsticas inal\u00e1mbricas<\/td>\n<\/tr>\n<tr>\n<td>Est\u00e1ndares inal\u00e1mbricos: ieee 802.11n, ieee 802.11g, ieee 802.11b<\/td>\n<\/tr>\n<tr>\n<td>Frecuencia: 2.4-2.4835ghz<\/td>\n<\/tr>\n<tr>\n<td>Tasa de se\u00f1al: 11n: hasta 300mbps (din\u00e1mico) \/ 11g: hasta 54mbps (din\u00e1mico) \/ 11b: hasta 11mbps (din\u00e1mico)<\/td>\n<\/tr>\n<tr>\n<td>Sensibilidad de recepci\u00f3n: 300m: -71dbm @ 10% para \/ 150m: -75dbm @ 10% para \/ 54m: -78dbm @ 10% para \/ 11m: -93dbm @ 8% para \/ 6m: -92dbm @ 10% para \/ 1m: -96dbm @ 8% para<\/td>\n<\/tr>\n<tr>\n<td>Funciones inal\u00e1mbricas: m\u00faltiples ssid \u00bfhasta 8 ssid\u00bf \/ activar &#8211; desactivar radio inal\u00e1mbrica \/ asignaci\u00f3n autom\u00e1tica de canales \/ transmisi\u00f3n control de potencia \u00bfajustar la potencia de transmisi\u00f3n en dbm\u00bf \/ qos (wmm) \/ l\u00edmite de velocidad \/ reinicio programaci\u00f3n \/ inal\u00e1mbrica programaci\u00f3n \/ estad\u00edsticas inal\u00e1mbricas basadas en ssid &#8211; ap &#8211; cliente<\/td>\n<\/tr>\n<tr>\n<td>Seguridad inal\u00e1mbrica: autenticaci\u00f3n de portal cautivo \/ control de acceso \/ inal\u00e1mbrico filtrado de direcciones mac \/ aislamiento inal\u00e1mbrico entre clientes \/ asignaci\u00f3n de vlan a vlan \/ detecci\u00f3n de punto de acceso no autorizado \/ 802.1x admite 64\/128\/152  \/ bits wep &#8211; wpa &#8211; wpa2-enterprise, wpa-psk &#8211; wpa2-psk<\/td>\n<\/tr>\n<tr>\n<td>Potencia de transmisi\u00f3n: ce: \u00bf19dbm (eirp)  \/  fcc: \u00bf21dbm<\/td>\n<\/tr>\n<tr>\n<td>Administraci\u00f3n<\/td>\n<\/tr>\n<tr>\n<td>Omada cloud access: s\u00ed<\/td>\n<\/tr>\n<tr>\n<td>Aplicaci\u00f3n omada: s\u00ed<\/td>\n<\/tr>\n<tr>\n<td>Omada cloud controller: s\u00ed<\/td>\n<\/tr>\n<tr>\n<td>Software controlador omada: s\u00ed<\/td>\n<\/tr>\n<tr>\n<td>Alertas de correo electr\u00f3nico: s\u00ed<\/td>\n<\/tr>\n<tr>\n<td>Control led on \/ off: s\u00ed<\/td>\n<\/tr>\n<tr>\n<td>Gesti\u00f3n de control de acceso mac: s\u00ed<\/td>\n<\/tr>\n<tr>\n<td>Snmp: v1, v2c<\/td>\n<\/tr>\n<tr>\n<td>Registro de sistema local \/ remoto syslog: syslog local \/ remoto<\/td>\n<\/tr>\n<tr>\n<td>Telnet: s\u00ed<\/td>\n<\/tr>\n<tr>\n<td>Ssh: s\u00ed<\/td>\n<\/tr>\n<tr>\n<td>Gesti\u00f3n basada en web: http \/ https<\/td>\n<\/tr>\n<tr>\n<td>Vlan de gesti\u00f3n: s\u00ed<\/td>\n<\/tr>\n<tr>\n<td>Otros<\/td>\n<\/tr>\n<tr>\n<td>Certificaci\u00f3n: ce, fcc, rohs<\/td>\n<\/tr>\n<tr>\n<td>Contenidos del paquete: adaptador poe pasivo eap110 de punto de acceso de montaje en el techo de 300mbps wireless n  \/  cable de alimentaci\u00f3n  \/  kits de montaje  \/  gu\u00eda de instalaci\u00f3n<\/td>\n<\/tr>\n<tr>\n<td>Requisitos del sistema: microsoft windows 10\/8\/7\/vista\/xp<\/td>\n<\/tr>\n<tr>\n<td>Ambiente: temperatura de funcionamiento: 0 \u00bf ~ 40 (32 \u00bf ~ 104 \u00bf)  \/  temperatura de almacenamiento: -40 \u00bf ~ 70 \u00bf (-40 \u00bf ~ 158 \u00bf)  \/  humedad de funcionamiento: 10% ~ 90% sin condensaci\u00f3n  \/  humedad de almacenamiento: 5% ~ 90 % sin condensaci\u00f3n<\/td>\n<\/tr>\n<\/table>\n","protected":false},"excerpt":{"rendered":"<p>Punto de acceso de montaje en techo inal\u00e1mbrico n a 300 mbps. * administraci\u00f3n centralizada en la nube gratuita y aplicaci\u00f3n omada para mayor comodidad y f\u00e1cil administraci\u00f3n. * admite poe pasivo para una instalaci\u00f3n conveniente de hasta 100 metros. * el dise\u00f1o de montaje en el techo con chasis facilita su instalaci\u00f3n en la pared o el techo. * red de invitados segura junto con m\u00faltiples opciones de autenticaci\u00f3n (sms \/ facebook wi-fi \/ vale, etc.) y abundantes tecnolog\u00edas de seguridad inal\u00e1mbrica. * multi-ssid divide m\u00faltiples redes inal\u00e1mbricas para diferentes usuarios. * ayuda de seguridad de clase empresarial wi-fi para disminuir las amenazas de seguridad de red. * admite la administraci\u00f3n vlan para una administraci\u00f3n de red mejorada. La apariencia elegante de eap y el dise\u00f1o de montaje f\u00e1cil con chasis facilitan su integraci\u00f3n perfecta en cualquier superficie de pared o techo para combinar con la mayor\u00eda de las decoraciones interiores. Eap110 es compatible con passive poe para que la implementaci\u00f3n sea f\u00e1cil y flexible. Gesti\u00f3n centralizada en la nube gratuita: en cualquier momento y en cualquier lugar. Omada cloud controller oc200 y omada software controller facilitan la administraci\u00f3n y el monitoreo de toda la red de omada en tiempo real, mientras que el servicio en la nube permite el acceso remoto y seguro sin importar d\u00f3nde se encuentre. Red de invitados con facebook y sms. El portal cautivo ayuda a mantener solo a los invitados autorizados para usar la red, presentando los dispositivos con un m\u00e9todo de autenticaci\u00f3n conveniente y f\u00e1cil de usar para otorgar acceso a wi-fi. La adici\u00f3n de la autenticaci\u00f3n de sms y facebook simplifica a\u00fan m\u00e1s el portal cautivo para simplificar la conectividad e impulsar su negocio. F\u00e1cil gesti\u00f3n con la aplicaci\u00f3n omada. Siga las instrucciones de configuraci\u00f3n en la aplicaci\u00f3n gratuita omada para configurar en minutos. Omada le permite configurar ajustes, monitorear el estado de la red y administrar clientes, todo desde la comodidad de un tel\u00e9fono inteligente o tableta. \u00a1conoce nuestro nuevo producto h\u00e9roe. El oc200 omada cloud controller est\u00e1 dedicado a proporcionar una gesti\u00f3n centralizada para toda la red omada.<\/p>\n","protected":false},"featured_media":220625,"comment_status":"open","ping_status":"open","template":"","meta":[],"product_cat":[1563,1754],"product_tag":[1562],"acf":[],"yoast_head":"<!-- This site is optimized with the Yoast SEO plugin v21.7 - https:\/\/yoast.com\/wordpress\/plugins\/seo\/ -->\n<title>[ Tp Link ] &#129351; Eap110 Access Point Tp-link Omada 300mbps Wireless Ceiling Mount<\/title>\n<meta name=\"description\" content=\"Compra Eap110 Access Point Tp-link Omada 300mbps Wireless Ceiling Mount + Env\u00edo a domicilio + Pago seguro + Garant\u00eda\" \/>\n<meta name=\"robots\" content=\"index, follow, max-snippet:-1, max-image-preview:large, max-video-preview:-1\" \/>\n<link rel=\"canonical\" href=\"https:\/\/compuviper.mx\/tienda\/producto\/tp-link-eap110-access-point-tp-link-omada-300mbps-wireless-ceiling-mount\/\" \/>\n<meta property=\"og:locale\" content=\"es_MX\" \/>\n<meta property=\"og:type\" content=\"article\" \/>\n<meta property=\"og:title\" content=\"[ Tp Link ] &#129351; Eap110 Access Point Tp-link Omada 300mbps Wireless Ceiling Mount\" \/>\n<meta property=\"og:description\" content=\"Compra Eap110 Access Point Tp-link Omada 300mbps Wireless Ceiling Mount + Env\u00edo a domicilio + Pago seguro + Garant\u00eda\" \/>\n<meta property=\"og:url\" content=\"https:\/\/compuviper.mx\/tienda\/producto\/tp-link-eap110-access-point-tp-link-omada-300mbps-wireless-ceiling-mount\/\" \/>\n<meta property=\"og:site_name\" content=\"Compuviper\" \/>\n<meta property=\"article:publisher\" content=\"https:\/\/www.facebook.com\/compuviper\" \/>\n<meta property=\"og:image\" content=\"https:\/\/compuviper.mx\/tienda\/wp-content\/uploads\/2023\/12\/Access-point-tp-link-eap110-para-interior-300mbps-1rj45-montaje-en-techo-antenas-internas-2x4dbi-omnidireccionales-soporta-hasta-50-clientes-sustituye-a-tl-wa801ntl-wa801ndtl-wa901n.jpg\" \/>\n\t<meta property=\"og:image:width\" content=\"200\" \/>\n\t<meta property=\"og:image:height\" content=\"200\" \/>\n\t<meta property=\"og:image:type\" content=\"image\/jpeg\" \/>\n<meta name=\"twitter:card\" content=\"summary_large_image\" \/>\n<meta name=\"twitter:label1\" content=\"Precio\" \/>\n\t<meta name=\"twitter:data1\" content=\"&#36;490 con IVA\" \/>\n\t<meta name=\"twitter:label2\" content=\"Availability\" \/>\n\t<meta name=\"twitter:data2\" content=\"Out of stock\" \/>\n<script type=\"application\/ld+json\" class=\"yoast-schema-graph\">{\"@context\":\"https:\/\/schema.org\",\"@graph\":[{\"@type\":\"WebPage\",\"@id\":\"https:\/\/compuviper.mx\/tienda\/producto\/tp-link-eap110-access-point-tp-link-omada-300mbps-wireless-ceiling-mount\/\",\"url\":\"https:\/\/compuviper.mx\/tienda\/producto\/tp-link-eap110-access-point-tp-link-omada-300mbps-wireless-ceiling-mount\/\",\"name\":\"[ Tp Link ] &#129351; Eap110 Access Point Tp-link Omada 300mbps Wireless Ceiling Mount\",\"isPartOf\":{\"@id\":\"https:\/\/compuviper.mx\/tienda\/#website\"},\"datePublished\":\"2026-04-11T07:01:48+00:00\",\"dateModified\":\"2026-04-11T07:01:48+00:00\",\"description\":\"Compra Eap110 Access Point Tp-link Omada 300mbps Wireless Ceiling Mount + Env\u00edo a domicilio + Pago seguro + Garant\u00eda\",\"breadcrumb\":{\"@id\":\"https:\/\/compuviper.mx\/tienda\/producto\/tp-link-eap110-access-point-tp-link-omada-300mbps-wireless-ceiling-mount\/#breadcrumb\"},\"inLanguage\":\"es-MX\",\"potentialAction\":[{\"@type\":\"ReadAction\",\"target\":[\"https:\/\/compuviper.mx\/tienda\/producto\/tp-link-eap110-access-point-tp-link-omada-300mbps-wireless-ceiling-mount\/\"]}]},{\"@type\":\"BreadcrumbList\",\"@id\":\"https:\/\/compuviper.mx\/tienda\/producto\/tp-link-eap110-access-point-tp-link-omada-300mbps-wireless-ceiling-mount\/#breadcrumb\",\"itemListElement\":[{\"@type\":\"ListItem\",\"position\":1,\"name\":\"Inicio\",\"item\":\"https:\/\/compuviper.mx\/tienda\/\"},{\"@type\":\"ListItem\",\"position\":2,\"name\":\"Productos\",\"item\":\"https:\/\/compuviper.mx\/tienda\/productos\/\"},{\"@type\":\"ListItem\",\"position\":3,\"name\":\"Redes\",\"item\":\"https:\/\/compuviper.mx\/tienda\/categoria-producto\/redes\/\"},{\"@type\":\"ListItem\",\"position\":4,\"name\":\"Access Point\",\"item\":\"https:\/\/compuviper.mx\/tienda\/categoria-producto\/redes\/access-point\/\"},{\"@type\":\"ListItem\",\"position\":5,\"name\":\"Tp Link Eap110 Access Point Tp-link Omada 300mbps Wireless Ceiling Mount\"}]},{\"@type\":\"WebSite\",\"@id\":\"https:\/\/compuviper.mx\/tienda\/#website\",\"url\":\"https:\/\/compuviper.mx\/tienda\/\",\"name\":\"Compuviper\",\"description\":\"Proveedor de Computadoras, Laptops, Servidores, Monitores, Puntos de Venta, Teclados,   Impresoras, T\u00f3ner, C\u00e1maras de Seguridad y m\u00e1s en tu tienda en l\u00ednea\",\"publisher\":{\"@id\":\"https:\/\/compuviper.mx\/tienda\/#organization\"},\"potentialAction\":[{\"@type\":\"SearchAction\",\"target\":{\"@type\":\"EntryPoint\",\"urlTemplate\":\"https:\/\/compuviper.mx\/tienda\/?s={search_term_string}\"},\"query-input\":\"required name=search_term_string\"}],\"inLanguage\":\"es-MX\"},{\"@type\":\"Organization\",\"@id\":\"https:\/\/compuviper.mx\/tienda\/#organization\",\"name\":\"Compuviper\",\"url\":\"https:\/\/compuviper.mx\/tienda\/\",\"logo\":{\"@type\":\"ImageObject\",\"inLanguage\":\"es-MX\",\"@id\":\"https:\/\/compuviper.mx\/tienda\/#\/schema\/logo\/image\/\",\"url\":\"https:\/\/compuviper.mx\/tienda\/wp-content\/uploads\/2021\/08\/Logo-Compuviper-10.png\",\"contentUrl\":\"https:\/\/compuviper.mx\/tienda\/wp-content\/uploads\/2021\/08\/Logo-Compuviper-10.png\",\"width\":1000,\"height\":500,\"caption\":\"Compuviper\"},\"image\":{\"@id\":\"https:\/\/compuviper.mx\/tienda\/#\/schema\/logo\/image\/\"},\"sameAs\":[\"https:\/\/www.facebook.com\/compuviper\",\"https:\/\/www.youtube.com\/channel\/UCf73dERp9Y3cfOq7q8BhLjA?view_as=subscriber\"]}]}<\/script>\n<meta property=\"product:brand\" content=\"TP LINK\" \/>\n<meta property=\"product:price:amount\" content=\"490\" \/>\n<meta property=\"product:price:currency\" content=\"MXN\" \/>\n<meta property=\"og:availability\" content=\"out of stock\" \/>\n<meta property=\"product:availability\" content=\"out of stock\" \/>\n<meta property=\"product:retailer_item_id\" content=\"EAP110\" \/>\n<meta property=\"product:condition\" content=\"new\" \/>\n<!-- \/ Yoast SEO plugin. -->","yoast_head_json":{"title":"[ Tp Link ] &#129351; Eap110 Access Point Tp-link Omada 300mbps Wireless Ceiling Mount","description":"Compra Eap110 Access Point Tp-link Omada 300mbps Wireless Ceiling Mount + Env\u00edo a domicilio + Pago seguro + Garant\u00eda","robots":{"index":"index","follow":"follow","max-snippet":"max-snippet:-1","max-image-preview":"max-image-preview:large","max-video-preview":"max-video-preview:-1"},"canonical":"https:\/\/compuviper.mx\/tienda\/producto\/tp-link-eap110-access-point-tp-link-omada-300mbps-wireless-ceiling-mount\/","og_locale":"es_MX","og_type":"article","og_title":"[ Tp Link ] &#129351; Eap110 Access Point Tp-link Omada 300mbps Wireless Ceiling Mount","og_description":"Compra Eap110 Access Point Tp-link Omada 300mbps Wireless Ceiling Mount + Env\u00edo a domicilio + Pago seguro + Garant\u00eda","og_url":"https:\/\/compuviper.mx\/tienda\/producto\/tp-link-eap110-access-point-tp-link-omada-300mbps-wireless-ceiling-mount\/","og_site_name":"Compuviper","article_publisher":"https:\/\/www.facebook.com\/compuviper","og_image":[{"width":200,"height":200,"url":"https:\/\/compuviper.mx\/tienda\/wp-content\/uploads\/2023\/12\/Access-point-tp-link-eap110-para-interior-300mbps-1rj45-montaje-en-techo-antenas-internas-2x4dbi-omnidireccionales-soporta-hasta-50-clientes-sustituye-a-tl-wa801ntl-wa801ndtl-wa901n.jpg","type":"image\/jpeg"}],"twitter_card":"summary_large_image","twitter_misc":{"Precio":"&#36;490 con IVA","Availability":"Out of stock"},"schema":{"@context":"https:\/\/schema.org","@graph":[{"@type":"WebPage","@id":"https:\/\/compuviper.mx\/tienda\/producto\/tp-link-eap110-access-point-tp-link-omada-300mbps-wireless-ceiling-mount\/","url":"https:\/\/compuviper.mx\/tienda\/producto\/tp-link-eap110-access-point-tp-link-omada-300mbps-wireless-ceiling-mount\/","name":"[ Tp Link ] &#129351; Eap110 Access Point Tp-link Omada 300mbps Wireless Ceiling Mount","isPartOf":{"@id":"https:\/\/compuviper.mx\/tienda\/#website"},"datePublished":"2026-04-11T07:01:48+00:00","dateModified":"2026-04-11T07:01:48+00:00","description":"Compra Eap110 Access Point Tp-link Omada 300mbps Wireless Ceiling Mount + Env\u00edo a domicilio + Pago seguro + Garant\u00eda","breadcrumb":{"@id":"https:\/\/compuviper.mx\/tienda\/producto\/tp-link-eap110-access-point-tp-link-omada-300mbps-wireless-ceiling-mount\/#breadcrumb"},"inLanguage":"es-MX","potentialAction":[{"@type":"ReadAction","target":["https:\/\/compuviper.mx\/tienda\/producto\/tp-link-eap110-access-point-tp-link-omada-300mbps-wireless-ceiling-mount\/"]}]},{"@type":"BreadcrumbList","@id":"https:\/\/compuviper.mx\/tienda\/producto\/tp-link-eap110-access-point-tp-link-omada-300mbps-wireless-ceiling-mount\/#breadcrumb","itemListElement":[{"@type":"ListItem","position":1,"name":"Inicio","item":"https:\/\/compuviper.mx\/tienda\/"},{"@type":"ListItem","position":2,"name":"Productos","item":"https:\/\/compuviper.mx\/tienda\/productos\/"},{"@type":"ListItem","position":3,"name":"Redes","item":"https:\/\/compuviper.mx\/tienda\/categoria-producto\/redes\/"},{"@type":"ListItem","position":4,"name":"Access Point","item":"https:\/\/compuviper.mx\/tienda\/categoria-producto\/redes\/access-point\/"},{"@type":"ListItem","position":5,"name":"Tp Link Eap110 Access Point Tp-link Omada 300mbps Wireless Ceiling Mount"}]},{"@type":"WebSite","@id":"https:\/\/compuviper.mx\/tienda\/#website","url":"https:\/\/compuviper.mx\/tienda\/","name":"Compuviper","description":"Proveedor de Computadoras, Laptops, Servidores, Monitores, Puntos de Venta, Teclados,   Impresoras, T\u00f3ner, C\u00e1maras de Seguridad y m\u00e1s en tu tienda en l\u00ednea","publisher":{"@id":"https:\/\/compuviper.mx\/tienda\/#organization"},"potentialAction":[{"@type":"SearchAction","target":{"@type":"EntryPoint","urlTemplate":"https:\/\/compuviper.mx\/tienda\/?s={search_term_string}"},"query-input":"required name=search_term_string"}],"inLanguage":"es-MX"},{"@type":"Organization","@id":"https:\/\/compuviper.mx\/tienda\/#organization","name":"Compuviper","url":"https:\/\/compuviper.mx\/tienda\/","logo":{"@type":"ImageObject","inLanguage":"es-MX","@id":"https:\/\/compuviper.mx\/tienda\/#\/schema\/logo\/image\/","url":"https:\/\/compuviper.mx\/tienda\/wp-content\/uploads\/2021\/08\/Logo-Compuviper-10.png","contentUrl":"https:\/\/compuviper.mx\/tienda\/wp-content\/uploads\/2021\/08\/Logo-Compuviper-10.png","width":1000,"height":500,"caption":"Compuviper"},"image":{"@id":"https:\/\/compuviper.mx\/tienda\/#\/schema\/logo\/image\/"},"sameAs":["https:\/\/www.facebook.com\/compuviper","https:\/\/www.youtube.com\/channel\/UCf73dERp9Y3cfOq7q8BhLjA?view_as=subscriber"]}]},"product_brand":"TP LINK","product_price_amount":"490","product_price_currency":"MXN","og_availability":"out of stock","product_availability":"out of stock","product_retailer_item_id":"EAP110","product_condition":"new"},"_links":{"self":[{"href":"https:\/\/compuviper.mx\/tienda\/wp-json\/wp\/v2\/product\/220624"}],"collection":[{"href":"https:\/\/compuviper.mx\/tienda\/wp-json\/wp\/v2\/product"}],"about":[{"href":"https:\/\/compuviper.mx\/tienda\/wp-json\/wp\/v2\/types\/product"}],"replies":[{"embeddable":true,"href":"https:\/\/compuviper.mx\/tienda\/wp-json\/wp\/v2\/comments?post=220624"}],"wp:featuredmedia":[{"embeddable":true,"href":"https:\/\/compuviper.mx\/tienda\/wp-json\/wp\/v2\/media\/220625"}],"wp:attachment":[{"href":"https:\/\/compuviper.mx\/tienda\/wp-json\/wp\/v2\/media?parent=220624"}],"wp:term":[{"taxonomy":"product_cat","embeddable":true,"href":"https:\/\/compuviper.mx\/tienda\/wp-json\/wp\/v2\/product_cat?post=220624"},{"taxonomy":"product_tag","embeddable":true,"href":"https:\/\/compuviper.mx\/tienda\/wp-json\/wp\/v2\/product_tag?post=220624"}],"curies":[{"name":"wp","href":"https:\/\/api.w.org\/{rel}","templated":true}]}}