{"id":220612,"date":"2026-04-07T01:00:32","date_gmt":"2026-04-07T07:00:32","guid":{"rendered":"https:\/\/compuviper.mx\/tienda\/producto\/tp-link-tl-sg2210pt1500g-10ps-switch-tp-link-tl-sg2210p-inteligente-10-100-1000-administrable-omada-sdn-8-puertos-poe-capa-2-con-2-ranuras-sfp-gigabit-802-3at-af-61w-para-escritorio-o-rack\/"},"modified":"2026-04-07T01:00:32","modified_gmt":"2026-04-07T07:00:32","slug":"tp-link-sg2210pt1500g-10ps-switch-tp-link-sg2210p-omada-10-100-1000-administrable-sdn-8p-poe-l2-con-2sfp-gigabit-802-3at-af-61w-para-escritorio-o-rack","status":"publish","type":"product","link":"https:\/\/compuviper.mx\/tienda\/producto\/tp-link-sg2210pt1500g-10ps-switch-tp-link-sg2210p-omada-10-100-1000-administrable-sdn-8p-poe-l2-con-2sfp-gigabit-802-3at-af-61w-para-escritorio-o-rack\/","title":{"rendered":"Tp Link Sg2210p,t1500g-10ps Switch Tp-link Sg2210p Omada 10\/100\/1000 Administrable Sdn 8p Poe L2 Con 2sfp Gigabit 802.3at\/af 61w Para Escritorio O Rack"},"content":{"rendered":"<table class=\"descripcion\">\n<tr>\n<td>Caracter\u00edsticas de hardware<\/td>\n<\/tr>\n<tr>\n<td>Est\u00e1ndares y protocolos ieee 802.3i, ieee 802.3u, ieee 802.3z, ieee 802.3ab,<\/td>\n<\/tr>\n<tr>\n<td>Ieee 802.3ad, ieee 802.3af, ieee 802.3at, ieee 802.3x, ieee 802.1d, ieee 802.1s,<\/td>\n<\/tr>\n<tr>\n<td>Ieee 802.1w, ieee 802.1q, ieee 802.1 p, ieee 802.1x<\/td>\n<\/tr>\n<tr>\n<td>Interfaz 8 puertos rj45 de 10\/100\/1000 mbps<\/td>\n<\/tr>\n<tr>\n<td>2 ranuras sfp de 1000 mbps<\/td>\n<\/tr>\n<tr>\n<td>(negociaci\u00f3n autom\u00e1tica \/ mdi autom\u00e1tico \/ mdix)<\/td>\n<\/tr>\n<tr>\n<td>Medios de red 10base-t: cable utp categor\u00eda 3, 4, 5 (m\u00e1ximo 100 m)<\/td>\n<\/tr>\n<tr>\n<td>100base-tx \/ 1000base-t: cable utp categor\u00eda 5, 5e o superior (m\u00e1ximo 100 m)<\/td>\n<\/tr>\n<tr>\n<td>1000base-x: mmf, smf<\/td>\n<\/tr>\n<tr>\n<td>Cantidad de ventiladores sin ventilador<\/td>\n<\/tr>\n<tr>\n<td>Fuente de alimentaci\u00f3n<\/td>\n<\/tr>\n<tr>\n<td>Adaptador de corriente externo de 100 ~ 240 vca , 50\/60 hz (salida: 53,5 vcc \/ 1,31 a)<\/td>\n<\/tr>\n<tr>\n<td>El consumo de energ\u00eda \u00bf 10,3 w (220 v \/ 50 hz) (sin pd conectado)<\/td>\n<\/tr>\n<tr>\n<td>\u00bf 76,5 w (220 v \/ 50 hz) (con pd de 61 w conectado)<\/td>\n<\/tr>\n<tr>\n<td>Puertos poe (rj45) \u00bf est\u00e1ndar: compatible con 802.3af \/ at<\/td>\n<\/tr>\n<tr>\n<td>\u00bf puertos poe: 8 puertos<\/td>\n<\/tr>\n<tr>\n<td>\u00bf fuente de alimentaci\u00f3n: 61 w *<\/td>\n<\/tr>\n<tr>\n<td>Dimensiones (an x pr x al) 8,2 x 4,9 x 1,0 pulgadas (209 x 126 x 26 mm)<\/td>\n<\/tr>\n<tr>\n<td>Rendimiento<\/td>\n<\/tr>\n<tr>\n<td>Ancho de banda \/ plano posterior 20 gbps<\/td>\n<\/tr>\n<tr>\n<td>Tasa de reenv\u00edo de paquetes 14,88 mpps<\/td>\n<\/tr>\n<tr>\n<td>Tabla de direcciones mac 8k<\/td>\n<\/tr>\n<tr>\n<td>Memoria de b\u00fafer de paquetes 4,1 mbit<\/td>\n<\/tr>\n<tr>\n<td>Marco jumbo 9 kb<\/td>\n<\/tr>\n<tr>\n<td>Funciones de software<\/td>\n<\/tr>\n<tr>\n<td>Calidad de servicio \u00bf prioridad 802.1p cos \/ dscp<\/td>\n<\/tr>\n<tr>\n<td>\u00bf 8 colas de prioridad<\/td>\n<\/tr>\n<tr>\n<td>\u00bf modo de programaci\u00f3n de prioridad<\/td>\n<\/tr>\n<tr>\n<td>&#8211; sp (prioridad estricta)<\/td>\n<\/tr>\n<tr>\n<td>&#8211; wrr (round robin ponderado)<\/td>\n<\/tr>\n<tr>\n<td>\u00bf configuraci\u00f3n de peso de cola<\/td>\n<\/tr>\n<tr>\n<td>\u00bf control de ancho de banda<\/td>\n<\/tr>\n<tr>\n<td>&#8211; l\u00edmite de clasificaci\u00f3n basado en puerto \/ flujo<\/td>\n<\/tr>\n<tr>\n<td>\u00bf rendimiento m\u00e1s suave<\/td>\n<\/tr>\n<tr>\n<td>\u00bf control de tormentas<\/td>\n<\/tr>\n<tr>\n<td>&#8211; m\u00faltiple modos de control (kbps \/ relaci\u00f3n)<\/td>\n<\/tr>\n<tr>\n<td>&#8211; control de difusi\u00f3n \/ multidifusi\u00f3n \/ unidifusi\u00f3n desconocida<\/td>\n<\/tr>\n<tr>\n<td>Funciones l2 y l2 + \u00bf 16 interfaces ip<\/td>\n<\/tr>\n<tr>\n<td>&#8211; admite interfaz ipv4 \/ ipv6<\/td>\n<\/tr>\n<tr>\n<td>\u00bf enrutamiento est\u00e1tico<\/td>\n<\/tr>\n<tr>\n<td>&#8211; 32 rutas est\u00e1ticas ipv4 \/ ipv6<\/td>\n<\/tr>\n<tr>\n<td>\u00bf servidor dhcp<\/td>\n<\/tr>\n<tr>\n<td>\u00bf rel\u00e9<\/td>\n<\/tr>\n<tr>\n<td>Dhcp<\/td>\n<\/tr>\n<tr>\n<td>&#8211; rel\u00e9 de interfaz dhcp &#8211; rel\u00e9 dhcp vlan<\/td>\n<\/tr>\n<tr>\n<td>\u00bf rel\u00e9 dhcp l2<\/td>\n<\/tr>\n<tr>\n<td>\u00bf arp est\u00e1tico<\/td>\n<\/tr>\n<tr>\n<td>\u00bf proxy arp<\/td>\n<\/tr>\n<tr>\n<td>\u00bf arp gratuito<\/td>\n<\/tr>\n<tr>\n<td>\u00bf agregaci\u00f3n de enlaces<\/td>\n<\/tr>\n<tr>\n<td>&#8211; agregaci\u00f3n de enlaces est\u00e1ticos<\/td>\n<\/tr>\n<tr>\n<td>&#8211; lacp 802.3ad<\/td>\n<\/tr>\n<tr>\n<td>&#8211; hasta 8 grupos de agregaci\u00f3n y hasta 8 puertos<\/td>\n<\/tr>\n<tr>\n<td>Por grupo<\/td>\n<\/tr>\n<tr>\n<td>\u00bf protocolo de \u00e1rbol de expansi\u00f3n<\/td>\n<\/tr>\n<tr>\n<td>&#8211; 802.1d stp<\/td>\n<\/tr>\n<tr>\n<td>&#8211; 802.1w rstp<\/td>\n<\/tr>\n<tr>\n<td>&#8211; 802.1s mstp<\/td>\n<\/tr>\n<tr>\n<td>&#8211; seguridad stp: tc protect, bpdu filter \/ protect,<\/td>\n<\/tr>\n<tr>\n<td>Root protecci\u00f3n<\/td>\n<\/tr>\n<tr>\n<td>\u00bf detecci\u00f3n de bucle invertido<\/td>\n<\/tr>\n<tr>\n<td>\u00bf control de flujo<\/td>\n<\/tr>\n<tr>\n<td>&#8211; control de flujo 802.3x<\/td>\n<\/tr>\n<tr>\n<td>\u00bf duplicaci\u00f3n<\/td>\n<\/tr>\n<tr>\n<td>&#8211; duplicaci\u00f3n de puertos &#8211; duplicaci\u00f3n de<\/td>\n<\/tr>\n<tr>\n<td>Cpu<\/td>\n<\/tr>\n<tr>\n<td>&#8211; uno a uno<\/td>\n<\/tr>\n<tr>\n<td>&#8211; muchos a uno<\/td>\n<\/tr>\n<tr>\n<td>&#8211; basado en flujo<\/td>\n<\/tr>\n<tr>\n<td>&#8211; entrada \/ salida \/ ambos<\/td>\n<\/tr>\n<tr>\n<td>\u00bf protocolo de detecci\u00f3n de enlace de dispositivo (dldp)<\/td>\n<\/tr>\n<tr>\n<td>\u00bf 802.1ab lldp \/ lldp-med<\/td>\n<\/tr>\n<tr>\n<td>Vlan \u00bf grupo de vlan<\/td>\n<\/tr>\n<tr>\n<td>: m\u00e1x. grupos de vlan 4k<\/td>\n<\/tr>\n<tr>\n<td>\u00bf vlan de etiqueta 802.1q \u00bf vlan<\/td>\n<\/tr>\n<tr>\n<td>Mac<\/td>\n<\/tr>\n<tr>\n<td>\u00bf vlan de protocolo<\/td>\n<\/tr>\n<tr>\n<td>\u00bf gvrp<\/td>\n<\/tr>\n<tr>\n<td>\u00bf vlan de voz<\/td>\n<\/tr>\n<tr>\n<td>Lista de control de acceso \u00bf admite hasta 230 entradas<\/td>\n<\/tr>\n<tr>\n<td>\u00bf intervalo de<\/td>\n<\/tr>\n<tr>\n<td>Tiempo &#8211; intervalo de tiempo &#8211; intervalo de tiempo de la<\/td>\n<\/tr>\n<tr>\n<td>Semana &#8211; intervalo de<\/td>\n<\/tr>\n<tr>\n<td>Tiempo absoluto<\/td>\n<\/tr>\n<tr>\n<td>&#8211; vacaciones<\/td>\n<\/tr>\n<tr>\n<td>\u00bf acl basada en el tiempo<\/td>\n<\/tr>\n<tr>\n<td>\u00bf mac acl<\/td>\n<\/tr>\n<tr>\n<td>&#8211; mac de origen<\/td>\n<\/tr>\n<tr>\n<td>&#8211; mac de destino<\/td>\n<\/tr>\n<tr>\n<td>&#8211; id de vlan<\/td>\n<\/tr>\n<tr>\n<td>&#8211; prioridad de usuario<\/td>\n<\/tr>\n<tr>\n<td>&#8211; tipo de ether<\/td>\n<\/tr>\n<tr>\n<td>\u00bf ip acl<\/td>\n<\/tr>\n<tr>\n<td>&#8211; ip de origen &#8211; ip de<\/td>\n<\/tr>\n<tr>\n<td>Destino<\/td>\n<\/tr>\n<tr>\n<td>&#8211; protocolo ip<\/td>\n<\/tr>\n<tr>\n<td>&#8211; indicador tcp<\/td>\n<\/tr>\n<tr>\n<td>&#8211; puerto de origen<\/td>\n<\/tr>\n<tr>\n<td>Tcp \/ udp<\/td>\n<\/tr>\n<tr>\n<td>&#8211; puerto de destino tcp \/ udp &#8211; tos dscp \/ ip<\/td>\n<\/tr>\n<tr>\n<td>\u00bf acl ipv6<\/td>\n<\/tr>\n<tr>\n<td>\u00bf acl combinada<\/td>\n<\/tr>\n<tr>\n<td>\u00bf operaci\u00f3n de reglas<\/td>\n<\/tr>\n<tr>\n<td>&#8211; permitir \/ denegar<\/td>\n<\/tr>\n<tr>\n<td>\u00bf acci\u00f3n de pol\u00edtica<\/td>\n<\/tr>\n<tr>\n<td>&#8211; espejo<\/td>\n<\/tr>\n<tr>\n<td>&#8211; tasa l\u00edmite<\/td>\n<\/tr>\n<tr>\n<td>&#8211; redirigir<\/td>\n<\/tr>\n<tr>\n<td>&#8211; observaci\u00f3n de qos<\/td>\n<\/tr>\n<tr>\n<td>\u00bf vinculaci\u00f3n de reglas de acl<\/td>\n<\/tr>\n<tr>\n<td>&#8211; enlace de puerto<\/td>\n<\/tr>\n<tr>\n<td>&#8211; enlace de vlan<\/td>\n<\/tr>\n<tr>\n<td>\u00bf acciones para flujos<\/td>\n<\/tr>\n<tr>\n<td>&#8211; espejo (a la interfaz compatible)<\/td>\n<\/tr>\n<tr>\n<td>&#8211; redirigir (a la interfaz compatible)<\/td>\n<\/tr>\n<tr>\n<td>&#8211; l\u00edmite de velocidad<\/td>\n<\/tr>\n<tr>\n<td>&#8211; observaci\u00f3n de qos<\/td>\n<\/tr>\n<tr>\n<td>Seguridad \u00bf aaa<\/td>\n<\/tr>\n<tr>\n<td>\u00bf 802.1x<\/td>\n<\/tr>\n<tr>\n<td>&#8211; autenticaci\u00f3n basada en puerto &#8211; autenticaci\u00f3n basada en<\/td>\n<\/tr>\n<tr>\n<td>Mac (host)<\/td>\n<\/tr>\n<tr>\n<td>&#8211; el m\u00e9todo de autenticaci\u00f3n incluye pap \/ eap-md5<\/td>\n<\/tr>\n<tr>\n<td>&#8211; mab<\/td>\n<\/tr>\n<tr>\n<td>&#8211; vlan de invitado<\/td>\n<\/tr>\n<tr>\n<td>&#8211; admite autenticaci\u00f3n y<\/td>\n<\/tr>\n<tr>\n<td>Responsabilidad radius<\/td>\n<\/tr>\n<tr>\n<td>\u00bf enlace ip \/ ipv6-mac<\/td>\n<\/tr>\n<tr>\n<td>&#8211; 512 entradas de enlace<\/td>\n<\/tr>\n<tr>\n<td>&#8211; indagaci\u00f3n dhcp<\/td>\n<\/tr>\n<tr>\n<td>&#8211; indagaci\u00f3n dhcpv6<\/td>\n<\/tr>\n<tr>\n<td>&#8211; inspecci\u00f3n arp<\/td>\n<\/tr>\n<tr>\n<td>&#8211; detecci\u00f3n nd<\/td>\n<\/tr>\n<tr>\n<td>\u00bf protecci\u00f3n de fuente ip<\/td>\n<\/tr>\n<tr>\n<td>&#8211; 253 entradas<\/td>\n<\/tr>\n<tr>\n<td>&#8211; ip de origen + mac de origen<\/td>\n<\/tr>\n<tr>\n<td>\u00bf protecci\u00f3n de fuente ipv6<\/td>\n<\/tr>\n<tr>\n<td>&#8211; 183 entradas<\/td>\n<\/tr>\n<tr>\n<td>&#8211; direcci\u00f3n ipv6 de origen + mac de origen<\/td>\n<\/tr>\n<tr>\n<td>\u00bf defensa dos<\/td>\n<\/tr>\n<tr>\n<td>\u00bf seguridad de puerto est\u00e1tica \/ din\u00e1mica \/ permanente<\/td>\n<\/tr>\n<tr>\n<td>&#8211; hasta 64 direcciones mac por puerto<\/td>\n<\/tr>\n<tr>\n<td>\u00bf broadcast \/ multicast \/ unicast storm control<\/td>\n<\/tr>\n<tr>\n<td>&#8211; modo de control kbps \/ relaci\u00f3n<\/td>\n<\/tr>\n<tr>\n<td>\u00bf aislamiento de puerto<\/td>\n<\/tr>\n<tr>\n<td>\u00bf gesti\u00f3n web segura a trav\u00e9s de https con<\/td>\n<\/tr>\n<tr>\n<td>Sslv3 \/ tls 1.2<\/td>\n<\/tr>\n<tr>\n<td>\u00bf<\/td>\n<\/tr>\n<tr>\n<td>Gesti\u00f3n de interfaz de l\u00ednea de comandos segura (cli) con sshv1 \/ sshv2<\/td>\n<\/tr>\n<tr>\n<td>\u00bf control de acceso basado en ip \/ puerto \/ mac<\/td>\n<\/tr>\n<tr>\n<td>Administraci\u00f3n \u00bf gui basada en web<\/td>\n<\/tr>\n<tr>\n<td>\u00bf interfaz de l\u00ednea de comandos (cli) a trav\u00e9s de telnet<\/td>\n<\/tr>\n<tr>\n<td>\u00bf snmpv1 \/ v2c \/ v3<\/td>\n<\/tr>\n<tr>\n<td>\u00bf captura \/ informaci\u00f3n snmp<\/td>\n<\/tr>\n<tr>\n<td>\u00bf rmon (1, 2, 3, 9 grupos)<\/td>\n<\/tr>\n<tr>\n<td>\u00bf plantilla sdm<\/td>\n<\/tr>\n<tr>\n<td>\u00bf cliente dhcp \/ bootp<\/td>\n<\/tr>\n<tr>\n<td>\u00bf imagen dual, dual configuraci\u00f3n<\/td>\n<\/tr>\n<tr>\n<td>\u00bf supervisi\u00f3n de cpu<\/td>\n<\/tr>\n<tr>\n<td>\u00bf diagn\u00f3stico de cables<\/td>\n<\/tr>\n<tr>\n<td>\u00bf eee<\/td>\n<\/tr>\n<tr>\n<td>\u00bf sntp<\/td>\n<\/tr>\n<tr>\n<td>\u00bf registro del sistema<\/td>\n<\/tr>\n<tr>\n<td>Otros<\/td>\n<\/tr>\n<tr>\n<td>Certificaci\u00f3n ce, fcc, rohs<\/td>\n<\/tr>\n<tr>\n<td>Contenidos del paquete tl-sg2210p gu\u00eda de instalaci\u00f3n del<\/td>\n<\/tr>\n<tr>\n<td>Adaptador de corriente pies de goma<\/td>\n<\/tr>\n<tr>\n<td>Requisitos del sistema microsoft\u00ae windows\u00ae 98se, nt, 2000, xp, vista \u00bf o windows 7\/8, mac\u00ae os, netware\u00ae, unix\u00ae o linux.<\/td>\n<\/tr>\n<tr>\n<td>Ambiente temperatura de funcionamiento: 0 \u00bf ~ 40 \u00bf (32 \u00bf ~ 104 \u00bf);<\/td>\n<\/tr>\n<tr>\n<td>Temperatura de almacenamiento: -40 \u00bf ~ 70 \u00bf (-40 \u00bf ~ 158 \u00bf)<\/td>\n<\/tr>\n<tr>\n<td>Humedad de funcionamiento: 10% ~ 90% sin condensaci\u00f3n<\/td>\n<\/tr>\n<tr>\n<td>Humedad de almacenamiento: 5% ~ 90% sin condensaci\u00f3n<\/td>\n<\/tr>\n<\/table>\n","protected":false},"excerpt":{"rendered":"<p>Tl-sg2210p. Conmutador inteligente jetstream gigabit de 10 puertos con poe + de 8 puertos. * presupuesto poe de 61 w : 8 puertos poe + compatibles con 802.3af \/ at con una fuente de alimentaci\u00f3n total de 61 w * . * puertos gigabit completos : 8 puertos gigabit poe + y 2 ranuras sfp gigabit proporcionan conexiones de alta velocidad. * integrado en omada sdn : aprovisionamiento zero-touch (ztp) ** , administraci\u00f3n centralizada en la nube y monitoreo inteligente. * gesti\u00f3n centralizada : acceso a la nube y aplicaci\u00f3n omada para una m\u00e1xima comodidad y una gesti\u00f3n sencilla. * estrategias de seguridad s\u00f3lidas : enlace de puerto ip-mac, acl, seguridad de puerto, defensa dos, control de tormentas, indagaci\u00f3n dhcp, 802.1x, autenticaci\u00f3n radius y m\u00e1s. * aplicaciones optimizadas de voz y video : l2 \/ l3 \/ l4 qos e igmp snooping. * administraci\u00f3n vers\u00e1til : los modos administrados web \/ cli, snmp y rmon brindan abundantes funciones de administraci\u00f3n.<\/p>\n","protected":false},"featured_media":220613,"comment_status":"open","ping_status":"open","template":"","meta":[],"product_cat":[1563,1564],"product_tag":[1562],"acf":[],"yoast_head":"<!-- This site is optimized with the Yoast SEO plugin v21.7 - https:\/\/yoast.com\/wordpress\/plugins\/seo\/ -->\n<title>[ Tp Link ] &#129351; Sg2210p,t1500g-10ps Switch Tp-link Sg2210p Omada 10\/100\/1000 Administrable Sdn 8p Poe L2 Con 2sfp Gigabit 802.3at\/af 61w Para Escritorio O Rack<\/title>\n<meta name=\"description\" content=\"Compra Sg2210p,t1500g-10ps Switch Tp-link Sg2210p Omada 10\/100\/1000 Administrable Sdn 8p Poe L2 Con 2sfp Gigabit 802.3at\/af 61w Para Escritorio O Rack + Env\u00edo a domicilio + Pago seguro + Garant\u00eda\" \/>\n<meta name=\"robots\" content=\"index, follow, max-snippet:-1, max-image-preview:large, max-video-preview:-1\" \/>\n<link rel=\"canonical\" href=\"https:\/\/compuviper.mx\/tienda\/producto\/tp-link-sg2210pt1500g-10ps-switch-tp-link-sg2210p-omada-10-100-1000-administrable-sdn-8p-poe-l2-con-2sfp-gigabit-802-3at-af-61w-para-escritorio-o-rack\/\" \/>\n<meta property=\"og:locale\" content=\"es_MX\" \/>\n<meta property=\"og:type\" content=\"article\" \/>\n<meta property=\"og:title\" content=\"[ Tp Link ] &#129351; Sg2210p,t1500g-10ps Switch Tp-link Sg2210p Omada 10\/100\/1000 Administrable Sdn 8p Poe L2 Con 2sfp Gigabit 802.3at\/af 61w Para Escritorio O Rack\" \/>\n<meta property=\"og:description\" content=\"Compra Sg2210p,t1500g-10ps Switch Tp-link Sg2210p Omada 10\/100\/1000 Administrable Sdn 8p Poe L2 Con 2sfp Gigabit 802.3at\/af 61w Para Escritorio O Rack + Env\u00edo a domicilio + Pago seguro + Garant\u00eda\" \/>\n<meta property=\"og:url\" content=\"https:\/\/compuviper.mx\/tienda\/producto\/tp-link-sg2210pt1500g-10ps-switch-tp-link-sg2210p-omada-10-100-1000-administrable-sdn-8p-poe-l2-con-2sfp-gigabit-802-3at-af-61w-para-escritorio-o-rack\/\" \/>\n<meta property=\"og:site_name\" content=\"Compuviper\" \/>\n<meta property=\"article:publisher\" content=\"https:\/\/www.facebook.com\/compuviper\" \/>\n<meta property=\"og:image\" content=\"https:\/\/compuviper.mx\/tienda\/wp-content\/uploads\/2023\/12\/Switch-tp-link-tl-sg2210p-inteligente-101001000-administrable-omada-sdn-8-puertos-poe-capa-2-con-2-ranuras-sfp-gigabit-802.3ataf-61w-para-escritorio-o-rack.jpg\" \/>\n\t<meta property=\"og:image:width\" content=\"200\" \/>\n\t<meta property=\"og:image:height\" content=\"200\" \/>\n\t<meta property=\"og:image:type\" content=\"image\/jpeg\" \/>\n<meta name=\"twitter:card\" content=\"summary_large_image\" \/>\n<meta name=\"twitter:label1\" content=\"Precio\" \/>\n\t<meta name=\"twitter:data1\" content=\"&#36;1,830 con IVA\" \/>\n\t<meta name=\"twitter:label2\" content=\"Availability\" \/>\n\t<meta name=\"twitter:data2\" content=\"Out of stock\" \/>\n<script type=\"application\/ld+json\" class=\"yoast-schema-graph\">{\"@context\":\"https:\/\/schema.org\",\"@graph\":[{\"@type\":\"WebPage\",\"@id\":\"https:\/\/compuviper.mx\/tienda\/producto\/tp-link-sg2210pt1500g-10ps-switch-tp-link-sg2210p-omada-10-100-1000-administrable-sdn-8p-poe-l2-con-2sfp-gigabit-802-3at-af-61w-para-escritorio-o-rack\/\",\"url\":\"https:\/\/compuviper.mx\/tienda\/producto\/tp-link-sg2210pt1500g-10ps-switch-tp-link-sg2210p-omada-10-100-1000-administrable-sdn-8p-poe-l2-con-2sfp-gigabit-802-3at-af-61w-para-escritorio-o-rack\/\",\"name\":\"[ Tp Link ] &#129351; Sg2210p,t1500g-10ps Switch Tp-link Sg2210p Omada 10\/100\/1000 Administrable Sdn 8p Poe L2 Con 2sfp Gigabit 802.3at\/af 61w Para Escritorio O Rack\",\"isPartOf\":{\"@id\":\"https:\/\/compuviper.mx\/tienda\/#website\"},\"datePublished\":\"2026-04-07T07:00:32+00:00\",\"dateModified\":\"2026-04-07T07:00:32+00:00\",\"description\":\"Compra Sg2210p,t1500g-10ps Switch Tp-link Sg2210p Omada 10\/100\/1000 Administrable Sdn 8p Poe L2 Con 2sfp Gigabit 802.3at\/af 61w Para Escritorio O Rack + Env\u00edo a domicilio + Pago seguro + Garant\u00eda\",\"breadcrumb\":{\"@id\":\"https:\/\/compuviper.mx\/tienda\/producto\/tp-link-sg2210pt1500g-10ps-switch-tp-link-sg2210p-omada-10-100-1000-administrable-sdn-8p-poe-l2-con-2sfp-gigabit-802-3at-af-61w-para-escritorio-o-rack\/#breadcrumb\"},\"inLanguage\":\"es-MX\",\"potentialAction\":[{\"@type\":\"ReadAction\",\"target\":[\"https:\/\/compuviper.mx\/tienda\/producto\/tp-link-sg2210pt1500g-10ps-switch-tp-link-sg2210p-omada-10-100-1000-administrable-sdn-8p-poe-l2-con-2sfp-gigabit-802-3at-af-61w-para-escritorio-o-rack\/\"]}]},{\"@type\":\"BreadcrumbList\",\"@id\":\"https:\/\/compuviper.mx\/tienda\/producto\/tp-link-sg2210pt1500g-10ps-switch-tp-link-sg2210p-omada-10-100-1000-administrable-sdn-8p-poe-l2-con-2sfp-gigabit-802-3at-af-61w-para-escritorio-o-rack\/#breadcrumb\",\"itemListElement\":[{\"@type\":\"ListItem\",\"position\":1,\"name\":\"Inicio\",\"item\":\"https:\/\/compuviper.mx\/tienda\/\"},{\"@type\":\"ListItem\",\"position\":2,\"name\":\"Productos\",\"item\":\"https:\/\/compuviper.mx\/tienda\/productos\/\"},{\"@type\":\"ListItem\",\"position\":3,\"name\":\"Redes\",\"item\":\"https:\/\/compuviper.mx\/tienda\/categoria-producto\/redes\/\"},{\"@type\":\"ListItem\",\"position\":4,\"name\":\"Switch\",\"item\":\"https:\/\/compuviper.mx\/tienda\/categoria-producto\/redes\/switch\/\"},{\"@type\":\"ListItem\",\"position\":5,\"name\":\"Tp Link Sg2210p,t1500g-10ps Switch Tp-link Sg2210p Omada 10\/100\/1000 Administrable Sdn 8p Poe L2 Con 2sfp Gigabit 802.3at\/af 61w Para Escritorio O Rack\"}]},{\"@type\":\"WebSite\",\"@id\":\"https:\/\/compuviper.mx\/tienda\/#website\",\"url\":\"https:\/\/compuviper.mx\/tienda\/\",\"name\":\"Compuviper\",\"description\":\"Proveedor de Computadoras, Laptops, Servidores, Monitores, Puntos de Venta, Teclados,   Impresoras, T\u00f3ner, C\u00e1maras de Seguridad y m\u00e1s en tu tienda en l\u00ednea\",\"publisher\":{\"@id\":\"https:\/\/compuviper.mx\/tienda\/#organization\"},\"potentialAction\":[{\"@type\":\"SearchAction\",\"target\":{\"@type\":\"EntryPoint\",\"urlTemplate\":\"https:\/\/compuviper.mx\/tienda\/?s={search_term_string}\"},\"query-input\":\"required name=search_term_string\"}],\"inLanguage\":\"es-MX\"},{\"@type\":\"Organization\",\"@id\":\"https:\/\/compuviper.mx\/tienda\/#organization\",\"name\":\"Compuviper\",\"url\":\"https:\/\/compuviper.mx\/tienda\/\",\"logo\":{\"@type\":\"ImageObject\",\"inLanguage\":\"es-MX\",\"@id\":\"https:\/\/compuviper.mx\/tienda\/#\/schema\/logo\/image\/\",\"url\":\"https:\/\/compuviper.mx\/tienda\/wp-content\/uploads\/2021\/08\/Logo-Compuviper-10.png\",\"contentUrl\":\"https:\/\/compuviper.mx\/tienda\/wp-content\/uploads\/2021\/08\/Logo-Compuviper-10.png\",\"width\":1000,\"height\":500,\"caption\":\"Compuviper\"},\"image\":{\"@id\":\"https:\/\/compuviper.mx\/tienda\/#\/schema\/logo\/image\/\"},\"sameAs\":[\"https:\/\/www.facebook.com\/compuviper\",\"https:\/\/www.youtube.com\/channel\/UCf73dERp9Y3cfOq7q8BhLjA?view_as=subscriber\"]}]}<\/script>\n<meta property=\"product:brand\" content=\"TP LINK\" \/>\n<meta property=\"product:price:amount\" content=\"1830\" \/>\n<meta property=\"product:price:currency\" content=\"MXN\" \/>\n<meta property=\"og:availability\" content=\"out of stock\" \/>\n<meta property=\"product:availability\" content=\"out of stock\" \/>\n<meta property=\"product:retailer_item_id\" content=\"SG2210P,T1500G-10PS\" \/>\n<meta property=\"product:condition\" content=\"new\" \/>\n<!-- \/ Yoast SEO plugin. -->","yoast_head_json":{"title":"[ Tp Link ] &#129351; Sg2210p,t1500g-10ps Switch Tp-link Sg2210p Omada 10\/100\/1000 Administrable Sdn 8p Poe L2 Con 2sfp Gigabit 802.3at\/af 61w Para Escritorio O Rack","description":"Compra Sg2210p,t1500g-10ps Switch Tp-link Sg2210p Omada 10\/100\/1000 Administrable Sdn 8p Poe L2 Con 2sfp Gigabit 802.3at\/af 61w Para Escritorio O Rack + Env\u00edo a domicilio + Pago seguro + Garant\u00eda","robots":{"index":"index","follow":"follow","max-snippet":"max-snippet:-1","max-image-preview":"max-image-preview:large","max-video-preview":"max-video-preview:-1"},"canonical":"https:\/\/compuviper.mx\/tienda\/producto\/tp-link-sg2210pt1500g-10ps-switch-tp-link-sg2210p-omada-10-100-1000-administrable-sdn-8p-poe-l2-con-2sfp-gigabit-802-3at-af-61w-para-escritorio-o-rack\/","og_locale":"es_MX","og_type":"article","og_title":"[ Tp Link ] &#129351; Sg2210p,t1500g-10ps Switch Tp-link Sg2210p Omada 10\/100\/1000 Administrable Sdn 8p Poe L2 Con 2sfp Gigabit 802.3at\/af 61w Para Escritorio O Rack","og_description":"Compra Sg2210p,t1500g-10ps Switch Tp-link Sg2210p Omada 10\/100\/1000 Administrable Sdn 8p Poe L2 Con 2sfp Gigabit 802.3at\/af 61w Para Escritorio O Rack + Env\u00edo a domicilio + Pago seguro + Garant\u00eda","og_url":"https:\/\/compuviper.mx\/tienda\/producto\/tp-link-sg2210pt1500g-10ps-switch-tp-link-sg2210p-omada-10-100-1000-administrable-sdn-8p-poe-l2-con-2sfp-gigabit-802-3at-af-61w-para-escritorio-o-rack\/","og_site_name":"Compuviper","article_publisher":"https:\/\/www.facebook.com\/compuviper","og_image":[{"width":200,"height":200,"url":"https:\/\/compuviper.mx\/tienda\/wp-content\/uploads\/2023\/12\/Switch-tp-link-tl-sg2210p-inteligente-101001000-administrable-omada-sdn-8-puertos-poe-capa-2-con-2-ranuras-sfp-gigabit-802.3ataf-61w-para-escritorio-o-rack.jpg","type":"image\/jpeg"}],"twitter_card":"summary_large_image","twitter_misc":{"Precio":"&#36;1,830 con IVA","Availability":"Out of stock"},"schema":{"@context":"https:\/\/schema.org","@graph":[{"@type":"WebPage","@id":"https:\/\/compuviper.mx\/tienda\/producto\/tp-link-sg2210pt1500g-10ps-switch-tp-link-sg2210p-omada-10-100-1000-administrable-sdn-8p-poe-l2-con-2sfp-gigabit-802-3at-af-61w-para-escritorio-o-rack\/","url":"https:\/\/compuviper.mx\/tienda\/producto\/tp-link-sg2210pt1500g-10ps-switch-tp-link-sg2210p-omada-10-100-1000-administrable-sdn-8p-poe-l2-con-2sfp-gigabit-802-3at-af-61w-para-escritorio-o-rack\/","name":"[ Tp Link ] &#129351; Sg2210p,t1500g-10ps Switch Tp-link Sg2210p Omada 10\/100\/1000 Administrable Sdn 8p Poe L2 Con 2sfp Gigabit 802.3at\/af 61w Para Escritorio O Rack","isPartOf":{"@id":"https:\/\/compuviper.mx\/tienda\/#website"},"datePublished":"2026-04-07T07:00:32+00:00","dateModified":"2026-04-07T07:00:32+00:00","description":"Compra Sg2210p,t1500g-10ps Switch Tp-link Sg2210p Omada 10\/100\/1000 Administrable Sdn 8p Poe L2 Con 2sfp Gigabit 802.3at\/af 61w Para Escritorio O Rack + Env\u00edo a domicilio + Pago seguro + Garant\u00eda","breadcrumb":{"@id":"https:\/\/compuviper.mx\/tienda\/producto\/tp-link-sg2210pt1500g-10ps-switch-tp-link-sg2210p-omada-10-100-1000-administrable-sdn-8p-poe-l2-con-2sfp-gigabit-802-3at-af-61w-para-escritorio-o-rack\/#breadcrumb"},"inLanguage":"es-MX","potentialAction":[{"@type":"ReadAction","target":["https:\/\/compuviper.mx\/tienda\/producto\/tp-link-sg2210pt1500g-10ps-switch-tp-link-sg2210p-omada-10-100-1000-administrable-sdn-8p-poe-l2-con-2sfp-gigabit-802-3at-af-61w-para-escritorio-o-rack\/"]}]},{"@type":"BreadcrumbList","@id":"https:\/\/compuviper.mx\/tienda\/producto\/tp-link-sg2210pt1500g-10ps-switch-tp-link-sg2210p-omada-10-100-1000-administrable-sdn-8p-poe-l2-con-2sfp-gigabit-802-3at-af-61w-para-escritorio-o-rack\/#breadcrumb","itemListElement":[{"@type":"ListItem","position":1,"name":"Inicio","item":"https:\/\/compuviper.mx\/tienda\/"},{"@type":"ListItem","position":2,"name":"Productos","item":"https:\/\/compuviper.mx\/tienda\/productos\/"},{"@type":"ListItem","position":3,"name":"Redes","item":"https:\/\/compuviper.mx\/tienda\/categoria-producto\/redes\/"},{"@type":"ListItem","position":4,"name":"Switch","item":"https:\/\/compuviper.mx\/tienda\/categoria-producto\/redes\/switch\/"},{"@type":"ListItem","position":5,"name":"Tp Link Sg2210p,t1500g-10ps Switch Tp-link Sg2210p Omada 10\/100\/1000 Administrable Sdn 8p Poe L2 Con 2sfp Gigabit 802.3at\/af 61w Para Escritorio O Rack"}]},{"@type":"WebSite","@id":"https:\/\/compuviper.mx\/tienda\/#website","url":"https:\/\/compuviper.mx\/tienda\/","name":"Compuviper","description":"Proveedor de Computadoras, Laptops, Servidores, Monitores, Puntos de Venta, Teclados,   Impresoras, T\u00f3ner, C\u00e1maras de Seguridad y m\u00e1s en tu tienda en l\u00ednea","publisher":{"@id":"https:\/\/compuviper.mx\/tienda\/#organization"},"potentialAction":[{"@type":"SearchAction","target":{"@type":"EntryPoint","urlTemplate":"https:\/\/compuviper.mx\/tienda\/?s={search_term_string}"},"query-input":"required name=search_term_string"}],"inLanguage":"es-MX"},{"@type":"Organization","@id":"https:\/\/compuviper.mx\/tienda\/#organization","name":"Compuviper","url":"https:\/\/compuviper.mx\/tienda\/","logo":{"@type":"ImageObject","inLanguage":"es-MX","@id":"https:\/\/compuviper.mx\/tienda\/#\/schema\/logo\/image\/","url":"https:\/\/compuviper.mx\/tienda\/wp-content\/uploads\/2021\/08\/Logo-Compuviper-10.png","contentUrl":"https:\/\/compuviper.mx\/tienda\/wp-content\/uploads\/2021\/08\/Logo-Compuviper-10.png","width":1000,"height":500,"caption":"Compuviper"},"image":{"@id":"https:\/\/compuviper.mx\/tienda\/#\/schema\/logo\/image\/"},"sameAs":["https:\/\/www.facebook.com\/compuviper","https:\/\/www.youtube.com\/channel\/UCf73dERp9Y3cfOq7q8BhLjA?view_as=subscriber"]}]},"product_brand":"TP LINK","product_price_amount":"1830","product_price_currency":"MXN","og_availability":"out of stock","product_availability":"out of stock","product_retailer_item_id":"SG2210P,T1500G-10PS","product_condition":"new"},"_links":{"self":[{"href":"https:\/\/compuviper.mx\/tienda\/wp-json\/wp\/v2\/product\/220612"}],"collection":[{"href":"https:\/\/compuviper.mx\/tienda\/wp-json\/wp\/v2\/product"}],"about":[{"href":"https:\/\/compuviper.mx\/tienda\/wp-json\/wp\/v2\/types\/product"}],"replies":[{"embeddable":true,"href":"https:\/\/compuviper.mx\/tienda\/wp-json\/wp\/v2\/comments?post=220612"}],"wp:featuredmedia":[{"embeddable":true,"href":"https:\/\/compuviper.mx\/tienda\/wp-json\/wp\/v2\/media\/220613"}],"wp:attachment":[{"href":"https:\/\/compuviper.mx\/tienda\/wp-json\/wp\/v2\/media?parent=220612"}],"wp:term":[{"taxonomy":"product_cat","embeddable":true,"href":"https:\/\/compuviper.mx\/tienda\/wp-json\/wp\/v2\/product_cat?post=220612"},{"taxonomy":"product_tag","embeddable":true,"href":"https:\/\/compuviper.mx\/tienda\/wp-json\/wp\/v2\/product_tag?post=220612"}],"curies":[{"name":"wp","href":"https:\/\/api.w.org\/{rel}","templated":true}]}}