{"id":220604,"date":"2026-04-21T01:12:34","date_gmt":"2026-04-21T07:12:34","guid":{"rendered":"https:\/\/compuviper.mx\/tienda\/producto\/tp-link-archer-t2u-tarjeta-de-red-tp-link-usb-dual-band-ac600-5ghz-433mbps-o-2-4ghz-150mbps\/"},"modified":"2026-04-21T01:12:34","modified_gmt":"2026-04-21T07:12:34","slug":"tp-link-archer-t2u-tarjeta-de-red-tp-link-usb-dual-band-ac600-5ghz-433mbps-o-2-4ghz-150mbps","status":"publish","type":"product","link":"https:\/\/compuviper.mx\/tienda\/producto\/tp-link-archer-t2u-tarjeta-de-red-tp-link-usb-dual-band-ac600-5ghz-433mbps-o-2-4ghz-150mbps\/","title":{"rendered":"Tp Link Archer T2u Tarjeta De Red  | Tp-link  |  | Usb | Dual Band Ac600 | 5ghz 433mbps O 2.4ghz | 150mbps"},"content":{"rendered":"<table class=\"descripcion\">\n<tr>\n<td>Caracter\u00edsticas de hardware<\/td>\n<\/tr>\n<tr>\n<td>Interfaz: usb 2.0<\/td>\n<\/tr>\n<tr>\n<td>Dimensiones (w x d x h): 1.6\u00d70.7\u00d70.3 pulgadas. (41\u00d719.5\u00d78.7mm)<\/td>\n<\/tr>\n<tr>\n<td>Tipo de antena: onmidireccional<\/td>\n<\/tr>\n<tr>\n<td>Caracter\u00edsticas inal\u00e1mbricas<\/td>\n<\/tr>\n<tr>\n<td>Est\u00e1ndares inal\u00e1mbricos: ieee 802.11ac, ieee 802.11a, ieee 802.11n, ieee 802.11g, ieee 802.11b<\/td>\n<\/tr>\n<tr>\n<td>Frecuencia: 5 ghz  \/  2.4 ghz<\/td>\n<\/tr>\n<tr>\n<td>Tasa de se\u00f1al: 5ghz 11ac: hasta 433mbps(din\u00e1mica)  \/  11a: hasta 54mbps(din\u00e1mica)<\/td>\n<\/tr>\n<tr>\n<td>2.4ghz 11n: hasta 150mbps(din\u00e1mica)  \/  11g: hasta 54mbps(din\u00e1mica)  \/  11b: hasta 11mbps(din\u00e1mica)<\/td>\n<\/tr>\n<tr>\n<td>Sensibilidad de recepci\u00f3n:<\/td>\n<\/tr>\n<tr>\n<td>5 ghz  (11a 6mbps: -94dbm \/ 11a 54mbps: -78dbm \/ 11n ht20 mcs0: -94dbm \/ 11n ht20 mcs7: -77dbm \/ 11n ht40 mcs0: -92dbm \/ 11n ht40 mcs7: -74dbm \/ 11ac vht80 mcs0: -89dbm \/ 11ac vht80 mcs9: -64dbm)<\/td>\n<\/tr>\n<tr>\n<td>2,4 ghz  (11b 1mbps: -99dbm \/ 11b 11mbps: -91dbm \/ 11g 6mbps: -94dbm \/ 11g 54mbps: -77dbm \/ 11n ht20 mcs0: -95dbm \/ 11n ht20 mcs7: -76dbm \/ 11n ht40 mcs0: -92dbm<\/td>\n<\/tr>\n<tr>\n<td>11n ht40 mcs7: -73dbm)<\/td>\n<\/tr>\n<tr>\n<td>Potencia de transmision:  20dbm (eirp)<\/td>\n<\/tr>\n<tr>\n<td>Modos inal\u00e1mbricos: modo ad-hoc \/ infraestructura<\/td>\n<\/tr>\n<tr>\n<td>Seguridad inal\u00e1mbrica: soporta 64\/128 bit wep, wpa-psk \/ wpa2-psk, 802.1x<\/td>\n<\/tr>\n<tr>\n<td>Tecnolog\u00eda de modulaci\u00f3n: dbpsk, dqpsk, cck, ofdm, 16-qam, 64-qam<\/td>\n<\/tr>\n<tr>\n<td>Otros<\/td>\n<\/tr>\n<tr>\n<td>Certificaciones: ce, fcc, rohs<\/td>\n<\/tr>\n<tr>\n<td>Contenidos del paquete: adaptador inal\u00e1mbrico archer t2u  \/  cd de instalaci\u00f3n  \/  gu\u00eda de instalaci\u00f3n r\u00e1pida<\/td>\n<\/tr>\n<tr>\n<td>Requisitos del sistema: windows 8 (32 \/ 64bits), windows 7 (32 \/ 64bits), windows xp (32 \/ 64bits)<\/td>\n<\/tr>\n<tr>\n<td>Ambiente: temperatura de funcionamiento: 0\u00bf~40 \u00bf (32 \u00bf~104\u00bf)  \/  temperatura de almacenamiento: -40\u00bf~70 \u00bf (-40 \u00bf~158\u00bf)  \/  humedad de funcionamiento: 10%~90% sin condensaci\u00f3n  \/  humedad de almacenamiento: 5%~90% sin condensaci\u00f3n<\/td>\n<\/tr>\n<\/table>\n","protected":false},"excerpt":{"rendered":"<p>Adaptador inal\u00e1mbrico usb banda dual ac600. Archer t2u. * velocidad inal\u00e1mbrica en 802.11ac de 600 (433+150)mbps. * una peque\u00f1a forma para conseguir conexiones wi-fi r\u00e1pidas de nueva generaci\u00f3n. * selecci\u00f3n de conexiones banda dual para transmisi\u00f3n de video hd video y juegos en l\u00ednea sin retraso. \u009f* seguridad avanzada: soporta 64\/128 wep, wpa, pa2\/wpa-psk\/wpa2-psk (tkip\/aes. \u009f* soporta windows 8\/7\/xp. 802.11ac \u00bf la siguiente generaci\u00f3n wi-fi. El archer t2u viene con el est\u00e1ndar de la siguiente generaci\u00f3n wi-fi\u00bf 802.11ac, 3 veces m\u00e1s r\u00e1pido que el inal\u00e1mbrico n. Proporciona una manera f\u00e1cil de actualizar laptops de se vieja a tener la siguiente generaci\u00f3n wi-fi. Ac 600 \u00bf velocidad seleccionable banda dual  433\/150mbps. El archer t2u proporciona alta velocidad  wi-fi de hasta 433mbps en 5ghz, perfecto para transmisi\u00f3n de video hd y juegos en l\u00ednea sin retrasos. Adicionalmente, en la banda 2.4ghz a 150mbps, ideal para tareas de uso de red \/ internet como navegaci\u00f3n web. Dise\u00f1o miniatura &#8211; f\u00e1cil de manejar en el camino. Con su dise\u00f1o compacto y elegante, es m\u00e1s peque\u00f1o que la mayor\u00eda de los adaptadores usb wi-fi  11ac  disponibles y f\u00e1ciles de tomar en el camino. Los usuarios pueden conectar el  miniadaptador a cualquier puerto usb. Elegante y con estilo \u00bf proceso de alto est\u00e1ndar de producci\u00f3n. Molde doubleshot  &#8211; nuestro avanzada tecnolog\u00eda de moldeo da al archer t2u una superficie de cristal, mientras que nuestro estricto tratamiento de pulido, provoca una superficie lisa y elegante con un toque de alta calidad. * f\u00e1cil de instalar: con una amigable interfaz de utilidad en cd para una instalaci\u00f3n simple. * suave ap: establece f\u00e1cilmente hotspot de altas velocidades wi-fi easily con tan solo unos clics. * compatible: trabaja con dispositivos 802.11 a\/b\/g\/n \/ac<\/p>\n","protected":false},"featured_media":220605,"comment_status":"open","ping_status":"open","template":"","meta":[],"product_cat":[1563,1572],"product_tag":[1562],"acf":[],"yoast_head":"<!-- This site is optimized with the Yoast SEO plugin v21.7 - https:\/\/yoast.com\/wordpress\/plugins\/seo\/ -->\n<title>[ Tp Link ] &#129351; Archer T2u Tarjeta De Red | Tp-link | | Usb | Dual Band Ac600 | 5ghz 433mbps O 2.4ghz | 150mbps<\/title>\n<meta name=\"description\" content=\"Compra Archer T2u Tarjeta De Red | Tp-link | | Usb | Dual Band Ac600 | 5ghz 433mbps O 2.4ghz | 150mbps + Env\u00edo a domicilio + Pago seguro + Garant\u00eda\" \/>\n<meta name=\"robots\" content=\"index, follow, max-snippet:-1, max-image-preview:large, max-video-preview:-1\" \/>\n<link rel=\"canonical\" href=\"https:\/\/compuviper.mx\/tienda\/producto\/tp-link-archer-t2u-tarjeta-de-red-tp-link-usb-dual-band-ac600-5ghz-433mbps-o-2-4ghz-150mbps\/\" \/>\n<meta property=\"og:locale\" content=\"es_MX\" \/>\n<meta property=\"og:type\" content=\"article\" \/>\n<meta property=\"og:title\" content=\"[ Tp Link ] &#129351; Archer T2u Tarjeta De Red | Tp-link | | Usb | Dual Band Ac600 | 5ghz 433mbps O 2.4ghz | 150mbps\" \/>\n<meta property=\"og:description\" content=\"Compra Archer T2u Tarjeta De Red | Tp-link | | Usb | Dual Band Ac600 | 5ghz 433mbps O 2.4ghz | 150mbps + Env\u00edo a domicilio + Pago seguro + Garant\u00eda\" \/>\n<meta property=\"og:url\" content=\"https:\/\/compuviper.mx\/tienda\/producto\/tp-link-archer-t2u-tarjeta-de-red-tp-link-usb-dual-band-ac600-5ghz-433mbps-o-2-4ghz-150mbps\/\" \/>\n<meta property=\"og:site_name\" content=\"Compuviper\" \/>\n<meta property=\"article:publisher\" content=\"https:\/\/www.facebook.com\/compuviper\" \/>\n<meta property=\"og:image\" content=\"https:\/\/compuviper.mx\/tienda\/wp-content\/uploads\/2023\/12\/Tarjeta-de-red-tp-link-archer-t2u-usb-dual-band-ac600-5ghz-433mbps-o-2.4ghz-150mbps.jpg\" \/>\n\t<meta property=\"og:image:width\" content=\"200\" \/>\n\t<meta property=\"og:image:height\" content=\"200\" \/>\n\t<meta property=\"og:image:type\" content=\"image\/jpeg\" \/>\n<meta name=\"twitter:card\" content=\"summary_large_image\" \/>\n<meta name=\"twitter:label1\" content=\"Precio\" \/>\n\t<meta name=\"twitter:data1\" content=\"&#36;168 con IVA\" \/>\n\t<meta name=\"twitter:label2\" content=\"Availability\" \/>\n\t<meta name=\"twitter:data2\" content=\"In stock\" \/>\n<script type=\"application\/ld+json\" class=\"yoast-schema-graph\">{\"@context\":\"https:\/\/schema.org\",\"@graph\":[{\"@type\":\"WebPage\",\"@id\":\"https:\/\/compuviper.mx\/tienda\/producto\/tp-link-archer-t2u-tarjeta-de-red-tp-link-usb-dual-band-ac600-5ghz-433mbps-o-2-4ghz-150mbps\/\",\"url\":\"https:\/\/compuviper.mx\/tienda\/producto\/tp-link-archer-t2u-tarjeta-de-red-tp-link-usb-dual-band-ac600-5ghz-433mbps-o-2-4ghz-150mbps\/\",\"name\":\"[ Tp Link ] &#129351; Archer T2u Tarjeta De Red | Tp-link | | Usb | Dual Band Ac600 | 5ghz 433mbps O 2.4ghz | 150mbps\",\"isPartOf\":{\"@id\":\"https:\/\/compuviper.mx\/tienda\/#website\"},\"datePublished\":\"2026-04-21T07:12:34+00:00\",\"dateModified\":\"2026-04-21T07:12:34+00:00\",\"description\":\"Compra Archer T2u Tarjeta De Red | Tp-link | | Usb | Dual Band Ac600 | 5ghz 433mbps O 2.4ghz | 150mbps + Env\u00edo a domicilio + Pago seguro + Garant\u00eda\",\"breadcrumb\":{\"@id\":\"https:\/\/compuviper.mx\/tienda\/producto\/tp-link-archer-t2u-tarjeta-de-red-tp-link-usb-dual-band-ac600-5ghz-433mbps-o-2-4ghz-150mbps\/#breadcrumb\"},\"inLanguage\":\"es-MX\",\"potentialAction\":[{\"@type\":\"ReadAction\",\"target\":[\"https:\/\/compuviper.mx\/tienda\/producto\/tp-link-archer-t2u-tarjeta-de-red-tp-link-usb-dual-band-ac600-5ghz-433mbps-o-2-4ghz-150mbps\/\"]}]},{\"@type\":\"BreadcrumbList\",\"@id\":\"https:\/\/compuviper.mx\/tienda\/producto\/tp-link-archer-t2u-tarjeta-de-red-tp-link-usb-dual-band-ac600-5ghz-433mbps-o-2-4ghz-150mbps\/#breadcrumb\",\"itemListElement\":[{\"@type\":\"ListItem\",\"position\":1,\"name\":\"Inicio\",\"item\":\"https:\/\/compuviper.mx\/tienda\/\"},{\"@type\":\"ListItem\",\"position\":2,\"name\":\"Productos\",\"item\":\"https:\/\/compuviper.mx\/tienda\/productos\/\"},{\"@type\":\"ListItem\",\"position\":3,\"name\":\"Redes\",\"item\":\"https:\/\/compuviper.mx\/tienda\/categoria-producto\/redes\/\"},{\"@type\":\"ListItem\",\"position\":4,\"name\":\"Tarjetas De Red\",\"item\":\"https:\/\/compuviper.mx\/tienda\/categoria-producto\/redes\/tarjetas-de-red\/\"},{\"@type\":\"ListItem\",\"position\":5,\"name\":\"Tp Link Archer T2u Tarjeta De Red | Tp-link | | Usb | Dual Band Ac600 | 5ghz 433mbps O 2.4ghz | 150mbps\"}]},{\"@type\":\"WebSite\",\"@id\":\"https:\/\/compuviper.mx\/tienda\/#website\",\"url\":\"https:\/\/compuviper.mx\/tienda\/\",\"name\":\"Compuviper\",\"description\":\"Proveedor de Computadoras, Laptops, Servidores, Monitores, Puntos de Venta, Teclados,   Impresoras, T\u00f3ner, C\u00e1maras de Seguridad y m\u00e1s en tu tienda en l\u00ednea\",\"publisher\":{\"@id\":\"https:\/\/compuviper.mx\/tienda\/#organization\"},\"potentialAction\":[{\"@type\":\"SearchAction\",\"target\":{\"@type\":\"EntryPoint\",\"urlTemplate\":\"https:\/\/compuviper.mx\/tienda\/?s={search_term_string}\"},\"query-input\":\"required name=search_term_string\"}],\"inLanguage\":\"es-MX\"},{\"@type\":\"Organization\",\"@id\":\"https:\/\/compuviper.mx\/tienda\/#organization\",\"name\":\"Compuviper\",\"url\":\"https:\/\/compuviper.mx\/tienda\/\",\"logo\":{\"@type\":\"ImageObject\",\"inLanguage\":\"es-MX\",\"@id\":\"https:\/\/compuviper.mx\/tienda\/#\/schema\/logo\/image\/\",\"url\":\"https:\/\/compuviper.mx\/tienda\/wp-content\/uploads\/2021\/08\/Logo-Compuviper-10.png\",\"contentUrl\":\"https:\/\/compuviper.mx\/tienda\/wp-content\/uploads\/2021\/08\/Logo-Compuviper-10.png\",\"width\":1000,\"height\":500,\"caption\":\"Compuviper\"},\"image\":{\"@id\":\"https:\/\/compuviper.mx\/tienda\/#\/schema\/logo\/image\/\"},\"sameAs\":[\"https:\/\/www.facebook.com\/compuviper\",\"https:\/\/www.youtube.com\/channel\/UCf73dERp9Y3cfOq7q8BhLjA?view_as=subscriber\"]}]}<\/script>\n<meta property=\"product:brand\" content=\"TP LINK\" \/>\n<meta property=\"product:price:amount\" content=\"168\" \/>\n<meta property=\"product:price:currency\" content=\"MXN\" \/>\n<meta property=\"og:availability\" content=\"instock\" \/>\n<meta property=\"product:availability\" content=\"instock\" \/>\n<meta property=\"product:retailer_item_id\" content=\"ARCHER T2U\" \/>\n<meta property=\"product:condition\" content=\"new\" \/>\n<!-- \/ Yoast SEO plugin. -->","yoast_head_json":{"title":"[ Tp Link ] &#129351; Archer T2u Tarjeta De Red | Tp-link | | Usb | Dual Band Ac600 | 5ghz 433mbps O 2.4ghz | 150mbps","description":"Compra Archer T2u Tarjeta De Red | Tp-link | | Usb | Dual Band Ac600 | 5ghz 433mbps O 2.4ghz | 150mbps + Env\u00edo a domicilio + Pago seguro + Garant\u00eda","robots":{"index":"index","follow":"follow","max-snippet":"max-snippet:-1","max-image-preview":"max-image-preview:large","max-video-preview":"max-video-preview:-1"},"canonical":"https:\/\/compuviper.mx\/tienda\/producto\/tp-link-archer-t2u-tarjeta-de-red-tp-link-usb-dual-band-ac600-5ghz-433mbps-o-2-4ghz-150mbps\/","og_locale":"es_MX","og_type":"article","og_title":"[ Tp Link ] &#129351; Archer T2u Tarjeta De Red | Tp-link | | Usb | Dual Band Ac600 | 5ghz 433mbps O 2.4ghz | 150mbps","og_description":"Compra Archer T2u Tarjeta De Red | Tp-link | | Usb | Dual Band Ac600 | 5ghz 433mbps O 2.4ghz | 150mbps + Env\u00edo a domicilio + Pago seguro + Garant\u00eda","og_url":"https:\/\/compuviper.mx\/tienda\/producto\/tp-link-archer-t2u-tarjeta-de-red-tp-link-usb-dual-band-ac600-5ghz-433mbps-o-2-4ghz-150mbps\/","og_site_name":"Compuviper","article_publisher":"https:\/\/www.facebook.com\/compuviper","og_image":[{"width":200,"height":200,"url":"https:\/\/compuviper.mx\/tienda\/wp-content\/uploads\/2023\/12\/Tarjeta-de-red-tp-link-archer-t2u-usb-dual-band-ac600-5ghz-433mbps-o-2.4ghz-150mbps.jpg","type":"image\/jpeg"}],"twitter_card":"summary_large_image","twitter_misc":{"Precio":"&#36;168 con IVA","Availability":"In stock"},"schema":{"@context":"https:\/\/schema.org","@graph":[{"@type":"WebPage","@id":"https:\/\/compuviper.mx\/tienda\/producto\/tp-link-archer-t2u-tarjeta-de-red-tp-link-usb-dual-band-ac600-5ghz-433mbps-o-2-4ghz-150mbps\/","url":"https:\/\/compuviper.mx\/tienda\/producto\/tp-link-archer-t2u-tarjeta-de-red-tp-link-usb-dual-band-ac600-5ghz-433mbps-o-2-4ghz-150mbps\/","name":"[ Tp Link ] &#129351; Archer T2u Tarjeta De Red | Tp-link | | Usb | Dual Band Ac600 | 5ghz 433mbps O 2.4ghz | 150mbps","isPartOf":{"@id":"https:\/\/compuviper.mx\/tienda\/#website"},"datePublished":"2026-04-21T07:12:34+00:00","dateModified":"2026-04-21T07:12:34+00:00","description":"Compra Archer T2u Tarjeta De Red | Tp-link | | Usb | Dual Band Ac600 | 5ghz 433mbps O 2.4ghz | 150mbps + Env\u00edo a domicilio + Pago seguro + Garant\u00eda","breadcrumb":{"@id":"https:\/\/compuviper.mx\/tienda\/producto\/tp-link-archer-t2u-tarjeta-de-red-tp-link-usb-dual-band-ac600-5ghz-433mbps-o-2-4ghz-150mbps\/#breadcrumb"},"inLanguage":"es-MX","potentialAction":[{"@type":"ReadAction","target":["https:\/\/compuviper.mx\/tienda\/producto\/tp-link-archer-t2u-tarjeta-de-red-tp-link-usb-dual-band-ac600-5ghz-433mbps-o-2-4ghz-150mbps\/"]}]},{"@type":"BreadcrumbList","@id":"https:\/\/compuviper.mx\/tienda\/producto\/tp-link-archer-t2u-tarjeta-de-red-tp-link-usb-dual-band-ac600-5ghz-433mbps-o-2-4ghz-150mbps\/#breadcrumb","itemListElement":[{"@type":"ListItem","position":1,"name":"Inicio","item":"https:\/\/compuviper.mx\/tienda\/"},{"@type":"ListItem","position":2,"name":"Productos","item":"https:\/\/compuviper.mx\/tienda\/productos\/"},{"@type":"ListItem","position":3,"name":"Redes","item":"https:\/\/compuviper.mx\/tienda\/categoria-producto\/redes\/"},{"@type":"ListItem","position":4,"name":"Tarjetas De Red","item":"https:\/\/compuviper.mx\/tienda\/categoria-producto\/redes\/tarjetas-de-red\/"},{"@type":"ListItem","position":5,"name":"Tp Link Archer T2u Tarjeta De Red | Tp-link | | Usb | Dual Band Ac600 | 5ghz 433mbps O 2.4ghz | 150mbps"}]},{"@type":"WebSite","@id":"https:\/\/compuviper.mx\/tienda\/#website","url":"https:\/\/compuviper.mx\/tienda\/","name":"Compuviper","description":"Proveedor de Computadoras, Laptops, Servidores, Monitores, Puntos de Venta, Teclados,   Impresoras, T\u00f3ner, C\u00e1maras de Seguridad y m\u00e1s en tu tienda en l\u00ednea","publisher":{"@id":"https:\/\/compuviper.mx\/tienda\/#organization"},"potentialAction":[{"@type":"SearchAction","target":{"@type":"EntryPoint","urlTemplate":"https:\/\/compuviper.mx\/tienda\/?s={search_term_string}"},"query-input":"required name=search_term_string"}],"inLanguage":"es-MX"},{"@type":"Organization","@id":"https:\/\/compuviper.mx\/tienda\/#organization","name":"Compuviper","url":"https:\/\/compuviper.mx\/tienda\/","logo":{"@type":"ImageObject","inLanguage":"es-MX","@id":"https:\/\/compuviper.mx\/tienda\/#\/schema\/logo\/image\/","url":"https:\/\/compuviper.mx\/tienda\/wp-content\/uploads\/2021\/08\/Logo-Compuviper-10.png","contentUrl":"https:\/\/compuviper.mx\/tienda\/wp-content\/uploads\/2021\/08\/Logo-Compuviper-10.png","width":1000,"height":500,"caption":"Compuviper"},"image":{"@id":"https:\/\/compuviper.mx\/tienda\/#\/schema\/logo\/image\/"},"sameAs":["https:\/\/www.facebook.com\/compuviper","https:\/\/www.youtube.com\/channel\/UCf73dERp9Y3cfOq7q8BhLjA?view_as=subscriber"]}]},"product_brand":"TP LINK","product_price_amount":"168","product_price_currency":"MXN","og_availability":"instock","product_availability":"instock","product_retailer_item_id":"ARCHER T2U","product_condition":"new"},"_links":{"self":[{"href":"https:\/\/compuviper.mx\/tienda\/wp-json\/wp\/v2\/product\/220604"}],"collection":[{"href":"https:\/\/compuviper.mx\/tienda\/wp-json\/wp\/v2\/product"}],"about":[{"href":"https:\/\/compuviper.mx\/tienda\/wp-json\/wp\/v2\/types\/product"}],"replies":[{"embeddable":true,"href":"https:\/\/compuviper.mx\/tienda\/wp-json\/wp\/v2\/comments?post=220604"}],"wp:featuredmedia":[{"embeddable":true,"href":"https:\/\/compuviper.mx\/tienda\/wp-json\/wp\/v2\/media\/220605"}],"wp:attachment":[{"href":"https:\/\/compuviper.mx\/tienda\/wp-json\/wp\/v2\/media?parent=220604"}],"wp:term":[{"taxonomy":"product_cat","embeddable":true,"href":"https:\/\/compuviper.mx\/tienda\/wp-json\/wp\/v2\/product_cat?post=220604"},{"taxonomy":"product_tag","embeddable":true,"href":"https:\/\/compuviper.mx\/tienda\/wp-json\/wp\/v2\/product_tag?post=220604"}],"curies":[{"name":"wp","href":"https:\/\/api.w.org\/{rel}","templated":true}]}}