{"id":220600,"date":"2026-04-11T01:01:43","date_gmt":"2026-04-11T07:01:43","guid":{"rendered":"https:\/\/compuviper.mx\/tienda\/producto\/tp-link-archer-t4u-tarjeta-de-red-tp-link-usb-inalambrica-banda-dual-ac1300-400mpbs-en-2-4ghz-y-867mbps-en-5ghz-802-11-ac-a-b-g-n-puerto-usb-3-0-para-windows-y-mac\/"},"modified":"2026-04-11T01:01:43","modified_gmt":"2026-04-11T07:01:43","slug":"tp-link-archer-t4u-tarjeta-de-red-tp-link-usb-inalambrica-banda-dual-ac1300-400mpbs-en-2-4ghz-y-867mbps-en-5ghz-802-11-ac-a-b-g-n-puerto-usb-3-0-para-windows-y-mac","status":"publish","type":"product","link":"https:\/\/compuviper.mx\/tienda\/producto\/tp-link-archer-t4u-tarjeta-de-red-tp-link-usb-inalambrica-banda-dual-ac1300-400mpbs-en-2-4ghz-y-867mbps-en-5ghz-802-11-ac-a-b-g-n-puerto-usb-3-0-para-windows-y-mac\/","title":{"rendered":"Tp Link Archer T4u Tarjeta De Red | Tp-link |  | Usb Inalambrica | Banda Dual | Ac1300 400mpbs En 2.4ghz Y 867mbps En 5ghz 802.11 Ac\/a\/b\/g\/n Puerto Usb 3.0 Para Windows Y Mac"},"content":{"rendered":"<table class=\"descripcion\">\n<tr>\n<td>*interface: usb 3.0<\/td>\n<\/tr>\n<tr>\n<td>*boton: boton wps.<\/td>\n<\/tr>\n<tr>\n<td>*dimensiones (w x d x h): 3.6\u00d71.2\u00d70.6 in. (92.2\u00d729\u00d714.6mm).<\/td>\n<\/tr>\n<tr>\n<td>*tipo de antena: omni-direccional.<\/td>\n<\/tr>\n<tr>\n<td>*estandares inalambricos: ieee 802.11ac, ieee 802.11a; ieee 802.11b,ieee 802.11g, ieee 802.11n.<\/td>\n<\/tr>\n<tr>\n<td>*frecuencia: 2.4ghz y 5ghz.<\/td>\n<\/tr>\n<tr>\n<td>*velocidad de senal: 2.4ghz; 11n: hasta 300mbps (dinamico), 11g: hasta 54mbps (dinamico), 11b: hasta 11mbps (dinamico). 5ghz;  11ac: hasta 867mbps (dinamico), 11a: hasta 54mbps (dinamico).<\/td>\n<\/tr>\n<tr>\n<td>*eirp:  20dbm (eirp).<\/td>\n<\/tr>\n<tr>\n<td>*modos inalambricos: modo de infraestructura \/ ad-hoc.<\/td>\n<\/tr>\n<tr>\n<td>*seguridad inalambrica: soporta wep, wpa-psk\/wpa2-psk, 802.1x de 64\/128 bit.<\/td>\n<\/tr>\n<tr>\n<td>*tecnologia de modulacion: dbpsk, dqpsk, cck, ofdm, 16-qam, 64-qam,  256-qam.<\/td>\n<\/tr>\n<tr>\n<td>*certificacion: ce, fcc, rohs.<\/td>\n<\/tr>\n<tr>\n<td>*contenido del paquete: adaptador inalambrico archer t4u, cd de recursos, guia de rapida instalacion, cable de extension usb.<\/td>\n<\/tr>\n<tr>\n<td>*requisitos del sistema: windows 8 (32\/64bits), windows 7 (32\/64bits), windows xp (32\/64bits).<\/td>\n<\/tr>\n<\/table>\n","protected":false},"excerpt":{"rendered":"<p>Archer t4u de tp-link viene con el estandar wifi de la proxima generacion \u0096 802.11ac, 3 veces mas rapido que las velocidades inalambricas n. Con velocidades inalambricas de 867mbps a traves de la banda nitida de 5ghz y 300mbps a traves de la banda de 2.4ghz, archer t4u es la opcion superior para el streaming en hd sin contratiempos, juegos en linea y otras tareas que utilizan bastante banda ancha. Experimente sorprendentes velocidades de transferencia de datos de hasta 4.8gbps con el usb 3.0 \u0096 la conectividad estandar usb mas reciente. El usb 3.0 transfiere datos hasta 10x mas rapido que el usb 2.0 y tambien es compatible con versiones anteriores con el usb 2.0. Esta velocidad de transferencia de alta velocidad con 802.11ac es ideal para el streaming en hd, juegos en linea y descargas de archivos grandes. El archer t4u esta equipado con el cable de extension de 1m del usb3.0, el cual extiende la longitud de conexion usb, haciendolo mas conveniente para conectar y desconectar el dispositivo usb de la toma de corriente usb. Su elegante y sofisticado diseno es adecuado para el uso domestico y mejorara aun mas el aspecto de su casa u oficina.<\/p>\n","protected":false},"featured_media":220601,"comment_status":"open","ping_status":"open","template":"","meta":[],"product_cat":[1563,1572],"product_tag":[1562],"acf":[],"yoast_head":"<!-- This site is optimized with the Yoast SEO plugin v21.7 - https:\/\/yoast.com\/wordpress\/plugins\/seo\/ -->\n<title>[ Tp Link ] &#129351; Archer T4u Tarjeta De Red | Tp-link | | Usb Inalambrica | Banda Dual | Ac1300 400mpbs En 2.4ghz Y 867mbps En 5ghz 802.11 Ac\/a\/b\/g\/n Puerto Usb 3.0 Para Windows Y Mac<\/title>\n<meta name=\"description\" content=\"Compra Archer T4u Tarjeta De Red | Tp-link | | Usb Inalambrica | Banda Dual | Ac1300 400mpbs En 2.4ghz Y 867mbps En 5ghz 802.11 Ac\/a\/b\/g\/n Puerto Usb 3.0 Para Windows Y Mac + Env\u00edo a domicilio + Pago seguro + Garant\u00eda\" \/>\n<meta name=\"robots\" content=\"index, follow, max-snippet:-1, max-image-preview:large, max-video-preview:-1\" \/>\n<link rel=\"canonical\" href=\"https:\/\/compuviper.mx\/tienda\/producto\/tp-link-archer-t4u-tarjeta-de-red-tp-link-usb-inalambrica-banda-dual-ac1300-400mpbs-en-2-4ghz-y-867mbps-en-5ghz-802-11-ac-a-b-g-n-puerto-usb-3-0-para-windows-y-mac\/\" \/>\n<meta property=\"og:locale\" content=\"es_MX\" \/>\n<meta property=\"og:type\" content=\"article\" \/>\n<meta property=\"og:title\" content=\"[ Tp Link ] &#129351; Archer T4u Tarjeta De Red | Tp-link | | Usb Inalambrica | Banda Dual | Ac1300 400mpbs En 2.4ghz Y 867mbps En 5ghz 802.11 Ac\/a\/b\/g\/n Puerto Usb 3.0 Para Windows Y Mac\" \/>\n<meta property=\"og:description\" content=\"Compra Archer T4u Tarjeta De Red | Tp-link | | Usb Inalambrica | Banda Dual | Ac1300 400mpbs En 2.4ghz Y 867mbps En 5ghz 802.11 Ac\/a\/b\/g\/n Puerto Usb 3.0 Para Windows Y Mac + Env\u00edo a domicilio + Pago seguro + Garant\u00eda\" \/>\n<meta property=\"og:url\" content=\"https:\/\/compuviper.mx\/tienda\/producto\/tp-link-archer-t4u-tarjeta-de-red-tp-link-usb-inalambrica-banda-dual-ac1300-400mpbs-en-2-4ghz-y-867mbps-en-5ghz-802-11-ac-a-b-g-n-puerto-usb-3-0-para-windows-y-mac\/\" \/>\n<meta property=\"og:site_name\" content=\"Compuviper\" \/>\n<meta property=\"article:publisher\" content=\"https:\/\/www.facebook.com\/compuviper\" \/>\n<meta property=\"og:image\" content=\"https:\/\/compuviper.mx\/tienda\/wp-content\/uploads\/2023\/12\/Tarjeta-de-red-tp-link-archer-t4u-usb-inalambrica-banda-dual-ac1300-400mpbs-en-2.4ghz-y-867mbps-en-5ghz-802.11-acabgn-puerto-usb-3.0-para-windows-y-mac.jpg\" \/>\n\t<meta property=\"og:image:width\" content=\"200\" \/>\n\t<meta property=\"og:image:height\" content=\"200\" \/>\n\t<meta property=\"og:image:type\" content=\"image\/jpeg\" \/>\n<meta name=\"twitter:card\" content=\"summary_large_image\" \/>\n<meta name=\"twitter:label1\" content=\"Precio\" \/>\n\t<meta name=\"twitter:data1\" content=\"&#36;356 con IVA\" \/>\n\t<meta name=\"twitter:label2\" content=\"Availability\" \/>\n\t<meta name=\"twitter:data2\" content=\"Out of stock\" \/>\n<script type=\"application\/ld+json\" class=\"yoast-schema-graph\">{\"@context\":\"https:\/\/schema.org\",\"@graph\":[{\"@type\":\"WebPage\",\"@id\":\"https:\/\/compuviper.mx\/tienda\/producto\/tp-link-archer-t4u-tarjeta-de-red-tp-link-usb-inalambrica-banda-dual-ac1300-400mpbs-en-2-4ghz-y-867mbps-en-5ghz-802-11-ac-a-b-g-n-puerto-usb-3-0-para-windows-y-mac\/\",\"url\":\"https:\/\/compuviper.mx\/tienda\/producto\/tp-link-archer-t4u-tarjeta-de-red-tp-link-usb-inalambrica-banda-dual-ac1300-400mpbs-en-2-4ghz-y-867mbps-en-5ghz-802-11-ac-a-b-g-n-puerto-usb-3-0-para-windows-y-mac\/\",\"name\":\"[ Tp Link ] &#129351; Archer T4u Tarjeta De Red | Tp-link | | Usb Inalambrica | Banda Dual | Ac1300 400mpbs En 2.4ghz Y 867mbps En 5ghz 802.11 Ac\/a\/b\/g\/n Puerto Usb 3.0 Para Windows Y Mac\",\"isPartOf\":{\"@id\":\"https:\/\/compuviper.mx\/tienda\/#website\"},\"datePublished\":\"2026-04-11T07:01:43+00:00\",\"dateModified\":\"2026-04-11T07:01:43+00:00\",\"description\":\"Compra Archer T4u Tarjeta De Red | Tp-link | | Usb Inalambrica | Banda Dual | Ac1300 400mpbs En 2.4ghz Y 867mbps En 5ghz 802.11 Ac\/a\/b\/g\/n Puerto Usb 3.0 Para Windows Y Mac + Env\u00edo a domicilio + Pago seguro + Garant\u00eda\",\"breadcrumb\":{\"@id\":\"https:\/\/compuviper.mx\/tienda\/producto\/tp-link-archer-t4u-tarjeta-de-red-tp-link-usb-inalambrica-banda-dual-ac1300-400mpbs-en-2-4ghz-y-867mbps-en-5ghz-802-11-ac-a-b-g-n-puerto-usb-3-0-para-windows-y-mac\/#breadcrumb\"},\"inLanguage\":\"es-MX\",\"potentialAction\":[{\"@type\":\"ReadAction\",\"target\":[\"https:\/\/compuviper.mx\/tienda\/producto\/tp-link-archer-t4u-tarjeta-de-red-tp-link-usb-inalambrica-banda-dual-ac1300-400mpbs-en-2-4ghz-y-867mbps-en-5ghz-802-11-ac-a-b-g-n-puerto-usb-3-0-para-windows-y-mac\/\"]}]},{\"@type\":\"BreadcrumbList\",\"@id\":\"https:\/\/compuviper.mx\/tienda\/producto\/tp-link-archer-t4u-tarjeta-de-red-tp-link-usb-inalambrica-banda-dual-ac1300-400mpbs-en-2-4ghz-y-867mbps-en-5ghz-802-11-ac-a-b-g-n-puerto-usb-3-0-para-windows-y-mac\/#breadcrumb\",\"itemListElement\":[{\"@type\":\"ListItem\",\"position\":1,\"name\":\"Inicio\",\"item\":\"https:\/\/compuviper.mx\/tienda\/\"},{\"@type\":\"ListItem\",\"position\":2,\"name\":\"Productos\",\"item\":\"https:\/\/compuviper.mx\/tienda\/productos\/\"},{\"@type\":\"ListItem\",\"position\":3,\"name\":\"Redes\",\"item\":\"https:\/\/compuviper.mx\/tienda\/categoria-producto\/redes\/\"},{\"@type\":\"ListItem\",\"position\":4,\"name\":\"Tarjetas De Red\",\"item\":\"https:\/\/compuviper.mx\/tienda\/categoria-producto\/redes\/tarjetas-de-red\/\"},{\"@type\":\"ListItem\",\"position\":5,\"name\":\"Tp Link Archer T4u Tarjeta De Red | Tp-link | | Usb Inalambrica | Banda Dual | Ac1300 400mpbs En 2.4ghz Y 867mbps En 5ghz 802.11 Ac\/a\/b\/g\/n Puerto Usb 3.0 Para Windows Y Mac\"}]},{\"@type\":\"WebSite\",\"@id\":\"https:\/\/compuviper.mx\/tienda\/#website\",\"url\":\"https:\/\/compuviper.mx\/tienda\/\",\"name\":\"Compuviper\",\"description\":\"Proveedor de Computadoras, Laptops, Servidores, Monitores, Puntos de Venta, Teclados,   Impresoras, T\u00f3ner, C\u00e1maras de Seguridad y m\u00e1s en tu tienda en l\u00ednea\",\"publisher\":{\"@id\":\"https:\/\/compuviper.mx\/tienda\/#organization\"},\"potentialAction\":[{\"@type\":\"SearchAction\",\"target\":{\"@type\":\"EntryPoint\",\"urlTemplate\":\"https:\/\/compuviper.mx\/tienda\/?s={search_term_string}\"},\"query-input\":\"required name=search_term_string\"}],\"inLanguage\":\"es-MX\"},{\"@type\":\"Organization\",\"@id\":\"https:\/\/compuviper.mx\/tienda\/#organization\",\"name\":\"Compuviper\",\"url\":\"https:\/\/compuviper.mx\/tienda\/\",\"logo\":{\"@type\":\"ImageObject\",\"inLanguage\":\"es-MX\",\"@id\":\"https:\/\/compuviper.mx\/tienda\/#\/schema\/logo\/image\/\",\"url\":\"https:\/\/compuviper.mx\/tienda\/wp-content\/uploads\/2021\/08\/Logo-Compuviper-10.png\",\"contentUrl\":\"https:\/\/compuviper.mx\/tienda\/wp-content\/uploads\/2021\/08\/Logo-Compuviper-10.png\",\"width\":1000,\"height\":500,\"caption\":\"Compuviper\"},\"image\":{\"@id\":\"https:\/\/compuviper.mx\/tienda\/#\/schema\/logo\/image\/\"},\"sameAs\":[\"https:\/\/www.facebook.com\/compuviper\",\"https:\/\/www.youtube.com\/channel\/UCf73dERp9Y3cfOq7q8BhLjA?view_as=subscriber\"]}]}<\/script>\n<meta property=\"product:brand\" content=\"TP LINK\" \/>\n<meta property=\"product:price:amount\" content=\"356\" \/>\n<meta property=\"product:price:currency\" content=\"MXN\" \/>\n<meta property=\"og:availability\" content=\"out of stock\" \/>\n<meta property=\"product:availability\" content=\"out of stock\" \/>\n<meta property=\"product:retailer_item_id\" content=\"ARCHER T4U\" \/>\n<meta property=\"product:condition\" content=\"new\" \/>\n<!-- \/ Yoast SEO plugin. -->","yoast_head_json":{"title":"[ Tp Link ] &#129351; Archer T4u Tarjeta De Red | Tp-link | | Usb Inalambrica | Banda Dual | Ac1300 400mpbs En 2.4ghz Y 867mbps En 5ghz 802.11 Ac\/a\/b\/g\/n Puerto Usb 3.0 Para Windows Y Mac","description":"Compra Archer T4u Tarjeta De Red | Tp-link | | Usb Inalambrica | Banda Dual | Ac1300 400mpbs En 2.4ghz Y 867mbps En 5ghz 802.11 Ac\/a\/b\/g\/n Puerto Usb 3.0 Para Windows Y Mac + Env\u00edo a domicilio + Pago seguro + Garant\u00eda","robots":{"index":"index","follow":"follow","max-snippet":"max-snippet:-1","max-image-preview":"max-image-preview:large","max-video-preview":"max-video-preview:-1"},"canonical":"https:\/\/compuviper.mx\/tienda\/producto\/tp-link-archer-t4u-tarjeta-de-red-tp-link-usb-inalambrica-banda-dual-ac1300-400mpbs-en-2-4ghz-y-867mbps-en-5ghz-802-11-ac-a-b-g-n-puerto-usb-3-0-para-windows-y-mac\/","og_locale":"es_MX","og_type":"article","og_title":"[ Tp Link ] &#129351; Archer T4u Tarjeta De Red | Tp-link | | Usb Inalambrica | Banda Dual | Ac1300 400mpbs En 2.4ghz Y 867mbps En 5ghz 802.11 Ac\/a\/b\/g\/n Puerto Usb 3.0 Para Windows Y Mac","og_description":"Compra Archer T4u Tarjeta De Red | Tp-link | | Usb Inalambrica | Banda Dual | Ac1300 400mpbs En 2.4ghz Y 867mbps En 5ghz 802.11 Ac\/a\/b\/g\/n Puerto Usb 3.0 Para Windows Y Mac + Env\u00edo a domicilio + Pago seguro + Garant\u00eda","og_url":"https:\/\/compuviper.mx\/tienda\/producto\/tp-link-archer-t4u-tarjeta-de-red-tp-link-usb-inalambrica-banda-dual-ac1300-400mpbs-en-2-4ghz-y-867mbps-en-5ghz-802-11-ac-a-b-g-n-puerto-usb-3-0-para-windows-y-mac\/","og_site_name":"Compuviper","article_publisher":"https:\/\/www.facebook.com\/compuviper","og_image":[{"width":200,"height":200,"url":"https:\/\/compuviper.mx\/tienda\/wp-content\/uploads\/2023\/12\/Tarjeta-de-red-tp-link-archer-t4u-usb-inalambrica-banda-dual-ac1300-400mpbs-en-2.4ghz-y-867mbps-en-5ghz-802.11-acabgn-puerto-usb-3.0-para-windows-y-mac.jpg","type":"image\/jpeg"}],"twitter_card":"summary_large_image","twitter_misc":{"Precio":"&#36;356 con IVA","Availability":"Out of stock"},"schema":{"@context":"https:\/\/schema.org","@graph":[{"@type":"WebPage","@id":"https:\/\/compuviper.mx\/tienda\/producto\/tp-link-archer-t4u-tarjeta-de-red-tp-link-usb-inalambrica-banda-dual-ac1300-400mpbs-en-2-4ghz-y-867mbps-en-5ghz-802-11-ac-a-b-g-n-puerto-usb-3-0-para-windows-y-mac\/","url":"https:\/\/compuviper.mx\/tienda\/producto\/tp-link-archer-t4u-tarjeta-de-red-tp-link-usb-inalambrica-banda-dual-ac1300-400mpbs-en-2-4ghz-y-867mbps-en-5ghz-802-11-ac-a-b-g-n-puerto-usb-3-0-para-windows-y-mac\/","name":"[ Tp Link ] &#129351; Archer T4u Tarjeta De Red | Tp-link | | Usb Inalambrica | Banda Dual | Ac1300 400mpbs En 2.4ghz Y 867mbps En 5ghz 802.11 Ac\/a\/b\/g\/n Puerto Usb 3.0 Para Windows Y Mac","isPartOf":{"@id":"https:\/\/compuviper.mx\/tienda\/#website"},"datePublished":"2026-04-11T07:01:43+00:00","dateModified":"2026-04-11T07:01:43+00:00","description":"Compra Archer T4u Tarjeta De Red | Tp-link | | Usb Inalambrica | Banda Dual | Ac1300 400mpbs En 2.4ghz Y 867mbps En 5ghz 802.11 Ac\/a\/b\/g\/n Puerto Usb 3.0 Para Windows Y Mac + Env\u00edo a domicilio + Pago seguro + Garant\u00eda","breadcrumb":{"@id":"https:\/\/compuviper.mx\/tienda\/producto\/tp-link-archer-t4u-tarjeta-de-red-tp-link-usb-inalambrica-banda-dual-ac1300-400mpbs-en-2-4ghz-y-867mbps-en-5ghz-802-11-ac-a-b-g-n-puerto-usb-3-0-para-windows-y-mac\/#breadcrumb"},"inLanguage":"es-MX","potentialAction":[{"@type":"ReadAction","target":["https:\/\/compuviper.mx\/tienda\/producto\/tp-link-archer-t4u-tarjeta-de-red-tp-link-usb-inalambrica-banda-dual-ac1300-400mpbs-en-2-4ghz-y-867mbps-en-5ghz-802-11-ac-a-b-g-n-puerto-usb-3-0-para-windows-y-mac\/"]}]},{"@type":"BreadcrumbList","@id":"https:\/\/compuviper.mx\/tienda\/producto\/tp-link-archer-t4u-tarjeta-de-red-tp-link-usb-inalambrica-banda-dual-ac1300-400mpbs-en-2-4ghz-y-867mbps-en-5ghz-802-11-ac-a-b-g-n-puerto-usb-3-0-para-windows-y-mac\/#breadcrumb","itemListElement":[{"@type":"ListItem","position":1,"name":"Inicio","item":"https:\/\/compuviper.mx\/tienda\/"},{"@type":"ListItem","position":2,"name":"Productos","item":"https:\/\/compuviper.mx\/tienda\/productos\/"},{"@type":"ListItem","position":3,"name":"Redes","item":"https:\/\/compuviper.mx\/tienda\/categoria-producto\/redes\/"},{"@type":"ListItem","position":4,"name":"Tarjetas De Red","item":"https:\/\/compuviper.mx\/tienda\/categoria-producto\/redes\/tarjetas-de-red\/"},{"@type":"ListItem","position":5,"name":"Tp Link Archer T4u Tarjeta De Red | Tp-link | | Usb Inalambrica | Banda Dual | Ac1300 400mpbs En 2.4ghz Y 867mbps En 5ghz 802.11 Ac\/a\/b\/g\/n Puerto Usb 3.0 Para Windows Y Mac"}]},{"@type":"WebSite","@id":"https:\/\/compuviper.mx\/tienda\/#website","url":"https:\/\/compuviper.mx\/tienda\/","name":"Compuviper","description":"Proveedor de Computadoras, Laptops, Servidores, Monitores, Puntos de Venta, Teclados,   Impresoras, T\u00f3ner, C\u00e1maras de Seguridad y m\u00e1s en tu tienda en l\u00ednea","publisher":{"@id":"https:\/\/compuviper.mx\/tienda\/#organization"},"potentialAction":[{"@type":"SearchAction","target":{"@type":"EntryPoint","urlTemplate":"https:\/\/compuviper.mx\/tienda\/?s={search_term_string}"},"query-input":"required name=search_term_string"}],"inLanguage":"es-MX"},{"@type":"Organization","@id":"https:\/\/compuviper.mx\/tienda\/#organization","name":"Compuviper","url":"https:\/\/compuviper.mx\/tienda\/","logo":{"@type":"ImageObject","inLanguage":"es-MX","@id":"https:\/\/compuviper.mx\/tienda\/#\/schema\/logo\/image\/","url":"https:\/\/compuviper.mx\/tienda\/wp-content\/uploads\/2021\/08\/Logo-Compuviper-10.png","contentUrl":"https:\/\/compuviper.mx\/tienda\/wp-content\/uploads\/2021\/08\/Logo-Compuviper-10.png","width":1000,"height":500,"caption":"Compuviper"},"image":{"@id":"https:\/\/compuviper.mx\/tienda\/#\/schema\/logo\/image\/"},"sameAs":["https:\/\/www.facebook.com\/compuviper","https:\/\/www.youtube.com\/channel\/UCf73dERp9Y3cfOq7q8BhLjA?view_as=subscriber"]}]},"product_brand":"TP LINK","product_price_amount":"356","product_price_currency":"MXN","og_availability":"out of stock","product_availability":"out of stock","product_retailer_item_id":"ARCHER T4U","product_condition":"new"},"_links":{"self":[{"href":"https:\/\/compuviper.mx\/tienda\/wp-json\/wp\/v2\/product\/220600"}],"collection":[{"href":"https:\/\/compuviper.mx\/tienda\/wp-json\/wp\/v2\/product"}],"about":[{"href":"https:\/\/compuviper.mx\/tienda\/wp-json\/wp\/v2\/types\/product"}],"replies":[{"embeddable":true,"href":"https:\/\/compuviper.mx\/tienda\/wp-json\/wp\/v2\/comments?post=220600"}],"wp:featuredmedia":[{"embeddable":true,"href":"https:\/\/compuviper.mx\/tienda\/wp-json\/wp\/v2\/media\/220601"}],"wp:attachment":[{"href":"https:\/\/compuviper.mx\/tienda\/wp-json\/wp\/v2\/media?parent=220600"}],"wp:term":[{"taxonomy":"product_cat","embeddable":true,"href":"https:\/\/compuviper.mx\/tienda\/wp-json\/wp\/v2\/product_cat?post=220600"},{"taxonomy":"product_tag","embeddable":true,"href":"https:\/\/compuviper.mx\/tienda\/wp-json\/wp\/v2\/product_tag?post=220600"}],"curies":[{"name":"wp","href":"https:\/\/api.w.org\/{rel}","templated":true}]}}