{"id":220594,"date":"2026-04-11T23:22:46","date_gmt":"2026-04-12T05:22:46","guid":{"rendered":"https:\/\/compuviper.mx\/tienda\/producto\/tp-link-tl-wa850re-repetidor-tp-link-extensor-de-rango-inalambrico-300mbps-1-rj45-10-100-mbps-plug-and-play-sin-cables\/"},"modified":"2026-04-11T23:22:46","modified_gmt":"2026-04-12T05:22:46","slug":"tp-link-tl-wa850re-repetidor-tp-link-extensor-de-rango-inalambrico-300mbps-1-rj45-10-100-mbps-plug-and-play-sin-cables","status":"publish","type":"product","link":"https:\/\/compuviper.mx\/tienda\/producto\/tp-link-tl-wa850re-repetidor-tp-link-extensor-de-rango-inalambrico-300mbps-1-rj45-10-100-mbps-plug-and-play-sin-cables\/","title":{"rendered":"Tp Link Tl-wa850re Repetidor | Tp-link |  |  Extensor De Rango Inalambrico | 300mbps | 1 Rj45 10\/100 Mbps | Plug And Play Sin Cables"},"content":{"rendered":"<table class=\"descripcion\">\n<tr>\n<td>Caracter\u00edsticas de hardware<\/td>\n<\/tr>\n<tr>\n<td>Tipo de enchufe: eu, uk, us<\/td>\n<\/tr>\n<tr>\n<td>Interfaz: 1 puerto ethernet rj45 10 \/ 100mbps<\/td>\n<\/tr>\n<tr>\n<td>Bot\u00f3n: bot\u00f3n re (range extender), bot\u00f3n de reinicio<\/td>\n<\/tr>\n<tr>\n<td>Consumo de energ\u00eda: alrededor de 3w<\/td>\n<\/tr>\n<tr>\n<td>Est\u00e1ndares inal\u00e1mbricos: ieee 802.11n, ieee 802.11g, ieee 802.11b<\/td>\n<\/tr>\n<tr>\n<td>Dimensiones (w x d x h): 4.3x 2.6 x 3.0 pulgadas. (110.0 x 65.8 x 75.2mm)<\/td>\n<\/tr>\n<tr>\n<td>Antena: 2 internas<\/td>\n<\/tr>\n<tr>\n<td>Caracter\u00edsticas inal\u00e1mbricas<\/td>\n<\/tr>\n<tr>\n<td>Frecuencia: 2.4 ~ 2.4835ghz<\/td>\n<\/tr>\n<tr>\n<td>Tasa de se\u00f1al: 11n: hasta 300mbps (din\u00e1mica)  \/  11g: hasta 54mbps (din\u00e1mica)  \/  11b: hasta 11mbps (din\u00e1mica)<\/td>\n<\/tr>\n<tr>\n<td>Sensibilidad de recepci\u00f3n: 270m: -68dbm @ 10% para  \/  130m: -68dbm @ 10% para  \/  108m: -68dbm @ 10% para  \/  54m: -68dbm @ 10% para  \/  11m: -85dbm @ 8% para  \/  6m: -88dbm @ 10% para  \/  1m: -90dbm @ 8% per<\/td>\n<\/tr>\n<tr>\n<td>Potencia de transmision:  20 dbm (eirp)<\/td>\n<\/tr>\n<tr>\n<td>Modos inal\u00e1mbricos: extensor de rango\/punto de acceso<\/td>\n<\/tr>\n<tr>\n<td>Funciones inal\u00e1mbricas: wmm (wi-fi multimedia)  \/  filtro de direcci\u00f3n mac inal\u00e1mbrico<\/td>\n<\/tr>\n<tr>\n<td>Estad\u00edsticas inal\u00e1mbricas  \/  funci\u00f3n de dominio de entrada<\/td>\n<\/tr>\n<tr>\n<td>Seguridad inal\u00e1mbrica: wep  \/  wpa-psk \/ wpa2-psk de 64\/128\/152 bits<\/td>\n<\/tr>\n<tr>\n<td>Otros<\/td>\n<\/tr>\n<tr>\n<td>Certificaciones: ce, rohs<\/td>\n<\/tr>\n<tr>\n<td>Contenidos del paquete: extensor de rango inal\u00e1mbrico n 300mbps tl-wa850re  \/  cable ethernet rj-45  \/  cd de recursos  \/  gu\u00eda de instalaci\u00f3n r\u00e1pida<\/td>\n<\/tr>\n<tr>\n<td>Requisitos del sistema: microsoft\u00ae windows\u00ae 98se, nt, 2000, xp, vista o windows 7, 8, mac\u00ae os, netware\u00ae, unix\u00ae o linux.<\/td>\n<\/tr>\n<tr>\n<td>Ambiente: temperatura de funcionamiento: 0\u00bf~40 \u00bf (32 \u00bf~104\u00bf)  \/  temperatura de almacenamiento: -40\u00bf~70 \u00bf (-40 \u00bf~158\u00bf)  \/  humedad de funcionamiento: 10%~90% sin condensaci\u00f3n  \/  humedad de almacenamiento: 5%~90% sin condensaci\u00f3n<\/td>\n<\/tr>\n<\/table>\n","protected":false},"excerpt":{"rendered":"<p>Extensor de rango inal\u00e1mbrico n 300mbps. Tl-wa850re. * el modo de extensor de rango mejora la se\u00f1al inal\u00e1mbrica a \u00e1reas anteriormente inalcanzables o dif\u00edciles de cablear a la perfecci\u00f3n. * el dise\u00f1o en miniatura y montado en la pared lo hace f\u00e1cil de usar y de mover de una manera m\u00e1s flexible. * expande f\u00e1cilmente la cobertura inal\u00e1mbrica con s\u00f3lo presionar el bot\u00f3n de extensor de rango. * el puerto ethernet permite que el extensor funcione como un adaptador inal\u00e1mbrico para conectar los dispositivos cableados. Aumenta tu red inal\u00e1mbrica. \u00bfcansado de la &#8221;zona muerta&#8221; de tu wi-fi? la gama tp-link extensor se conecta al router de forma inal\u00e1mbrica, fortalece y ampl\u00eda su se\u00f1al en las zonas que no puede por s\u00ed solo. El dispositivo tambi\u00e9n reduce la interferencia de la se\u00f1al para garantizar la cobertura wi-fi fiable en todo su hogar u oficina. F\u00e1cil configuraci\u00f3n y colocaci\u00f3n flexible. Presiona el bot\u00f3n wps en tu router y el bot\u00f3n range extender en tu 850re con tan solo 2 minutos se conectar\u00e1 a la red. Una vez conectado a un router existente, podr\u00e1s simplemente desconectar y conectar el tl-wa850re de nuevo en un lugar para la mejor calidad de se\u00f1al y cobertura en su casa, sin necesidad de configurar el extensor de nuevo. Puente ethernet. El tl-wa850re ethernet permite que el extender funcione como un adaptador inal\u00e1mbrico para conectar dispositivos cableados como reproductores de blu-ray\u00ae, consolas de videojuegos, grabadoras de dvd y televisores de internet. Al mismo tiempo, el dispositivo puede compartir la red inal\u00e1mbrica tambi\u00e9n. Indicador de se\u00f1al inteligente. 5 luces de se\u00f1al indican la intensidad de se\u00f1al que tl-wa850re recibe del router existente, lo que puede ayudar a encontrar el lugar adecuado para colocar el extensor de rango.Se recomienda que elija una ubicaci\u00f3n en la que al menos 3 luz de la se\u00f1al azul con el fin de garantizar un buen rendimiento. Aplicaci\u00f3n tether para uso m\u00e1s f\u00e1cil. Utilice cualquier dispositivo m\u00f3vil para acceder y administrar varias caracter\u00edsticas, incluyendo el modo nocturno de la funci\u00f3n de control de led, lo que le permite disfrutar de una noche de sue\u00f1o reparador m\u00e1s f\u00e1cilmente.<\/p>\n","protected":false},"featured_media":220595,"comment_status":"open","ping_status":"open","template":"","meta":[],"product_cat":[1563,1755],"product_tag":[1562],"acf":[],"yoast_head":"<!-- This site is optimized with the Yoast SEO plugin v21.7 - https:\/\/yoast.com\/wordpress\/plugins\/seo\/ -->\n<title>[ Tp Link ] &#129351; Tl-wa850re Repetidor | Tp-link | | Extensor De Rango Inalambrico | 300mbps | 1 Rj45 10\/100 Mbps | Plug And Play Sin Cables<\/title>\n<meta name=\"description\" content=\"Compra Tl-wa850re Repetidor | Tp-link | | Extensor De Rango Inalambrico | 300mbps | 1 Rj45 10\/100 Mbps | Plug And Play Sin Cables + Env\u00edo a domicilio + Pago seguro + Garant\u00eda\" \/>\n<meta name=\"robots\" content=\"index, follow, max-snippet:-1, max-image-preview:large, max-video-preview:-1\" \/>\n<link rel=\"canonical\" href=\"https:\/\/compuviper.mx\/tienda\/producto\/tp-link-tl-wa850re-repetidor-tp-link-extensor-de-rango-inalambrico-300mbps-1-rj45-10-100-mbps-plug-and-play-sin-cables\/\" \/>\n<meta property=\"og:locale\" content=\"es_MX\" \/>\n<meta property=\"og:type\" content=\"article\" \/>\n<meta property=\"og:title\" content=\"[ Tp Link ] &#129351; Tl-wa850re Repetidor | Tp-link | | Extensor De Rango Inalambrico | 300mbps | 1 Rj45 10\/100 Mbps | Plug And Play Sin Cables\" \/>\n<meta property=\"og:description\" content=\"Compra Tl-wa850re Repetidor | Tp-link | | Extensor De Rango Inalambrico | 300mbps | 1 Rj45 10\/100 Mbps | Plug And Play Sin Cables + Env\u00edo a domicilio + Pago seguro + Garant\u00eda\" \/>\n<meta property=\"og:url\" content=\"https:\/\/compuviper.mx\/tienda\/producto\/tp-link-tl-wa850re-repetidor-tp-link-extensor-de-rango-inalambrico-300mbps-1-rj45-10-100-mbps-plug-and-play-sin-cables\/\" \/>\n<meta property=\"og:site_name\" content=\"Compuviper\" \/>\n<meta property=\"article:publisher\" content=\"https:\/\/www.facebook.com\/compuviper\" \/>\n<meta property=\"og:image\" content=\"https:\/\/compuviper.mx\/tienda\/wp-content\/uploads\/2023\/12\/Repetidor-tp-link-tl-wa850re-extensor-de-rango-inalambrico-300mbps-1-rj45-10100-mbps-plug-and-play-sin-cables.jpg\" \/>\n\t<meta property=\"og:image:width\" content=\"200\" \/>\n\t<meta property=\"og:image:height\" content=\"200\" \/>\n\t<meta property=\"og:image:type\" content=\"image\/jpeg\" \/>\n<meta name=\"twitter:card\" content=\"summary_large_image\" \/>\n<meta name=\"twitter:label1\" content=\"Precio\" \/>\n\t<meta name=\"twitter:data1\" content=\"&#36;213 con IVA\" \/>\n\t<meta name=\"twitter:label2\" content=\"Availability\" \/>\n\t<meta name=\"twitter:data2\" content=\"In stock\" \/>\n<script type=\"application\/ld+json\" class=\"yoast-schema-graph\">{\"@context\":\"https:\/\/schema.org\",\"@graph\":[{\"@type\":\"WebPage\",\"@id\":\"https:\/\/compuviper.mx\/tienda\/producto\/tp-link-tl-wa850re-repetidor-tp-link-extensor-de-rango-inalambrico-300mbps-1-rj45-10-100-mbps-plug-and-play-sin-cables\/\",\"url\":\"https:\/\/compuviper.mx\/tienda\/producto\/tp-link-tl-wa850re-repetidor-tp-link-extensor-de-rango-inalambrico-300mbps-1-rj45-10-100-mbps-plug-and-play-sin-cables\/\",\"name\":\"[ Tp Link ] &#129351; Tl-wa850re Repetidor | Tp-link | | Extensor De Rango Inalambrico | 300mbps | 1 Rj45 10\/100 Mbps | Plug And Play Sin Cables\",\"isPartOf\":{\"@id\":\"https:\/\/compuviper.mx\/tienda\/#website\"},\"datePublished\":\"2026-04-12T05:22:46+00:00\",\"dateModified\":\"2026-04-12T05:22:46+00:00\",\"description\":\"Compra Tl-wa850re Repetidor | Tp-link | | Extensor De Rango Inalambrico | 300mbps | 1 Rj45 10\/100 Mbps | Plug And Play Sin Cables + Env\u00edo a domicilio + Pago seguro + Garant\u00eda\",\"breadcrumb\":{\"@id\":\"https:\/\/compuviper.mx\/tienda\/producto\/tp-link-tl-wa850re-repetidor-tp-link-extensor-de-rango-inalambrico-300mbps-1-rj45-10-100-mbps-plug-and-play-sin-cables\/#breadcrumb\"},\"inLanguage\":\"es-MX\",\"potentialAction\":[{\"@type\":\"ReadAction\",\"target\":[\"https:\/\/compuviper.mx\/tienda\/producto\/tp-link-tl-wa850re-repetidor-tp-link-extensor-de-rango-inalambrico-300mbps-1-rj45-10-100-mbps-plug-and-play-sin-cables\/\"]}]},{\"@type\":\"BreadcrumbList\",\"@id\":\"https:\/\/compuviper.mx\/tienda\/producto\/tp-link-tl-wa850re-repetidor-tp-link-extensor-de-rango-inalambrico-300mbps-1-rj45-10-100-mbps-plug-and-play-sin-cables\/#breadcrumb\",\"itemListElement\":[{\"@type\":\"ListItem\",\"position\":1,\"name\":\"Inicio\",\"item\":\"https:\/\/compuviper.mx\/tienda\/\"},{\"@type\":\"ListItem\",\"position\":2,\"name\":\"Productos\",\"item\":\"https:\/\/compuviper.mx\/tienda\/productos\/\"},{\"@type\":\"ListItem\",\"position\":3,\"name\":\"Redes\",\"item\":\"https:\/\/compuviper.mx\/tienda\/categoria-producto\/redes\/\"},{\"@type\":\"ListItem\",\"position\":4,\"name\":\"Repetidor Wireless\",\"item\":\"https:\/\/compuviper.mx\/tienda\/categoria-producto\/redes\/repetidor-wireless\/\"},{\"@type\":\"ListItem\",\"position\":5,\"name\":\"Tp Link Tl-wa850re Repetidor | Tp-link | | Extensor De Rango Inalambrico | 300mbps | 1 Rj45 10\/100 Mbps | Plug And Play Sin Cables\"}]},{\"@type\":\"WebSite\",\"@id\":\"https:\/\/compuviper.mx\/tienda\/#website\",\"url\":\"https:\/\/compuviper.mx\/tienda\/\",\"name\":\"Compuviper\",\"description\":\"Proveedor de Computadoras, Laptops, Servidores, Monitores, Puntos de Venta, Teclados,   Impresoras, T\u00f3ner, C\u00e1maras de Seguridad y m\u00e1s en tu tienda en l\u00ednea\",\"publisher\":{\"@id\":\"https:\/\/compuviper.mx\/tienda\/#organization\"},\"potentialAction\":[{\"@type\":\"SearchAction\",\"target\":{\"@type\":\"EntryPoint\",\"urlTemplate\":\"https:\/\/compuviper.mx\/tienda\/?s={search_term_string}\"},\"query-input\":\"required name=search_term_string\"}],\"inLanguage\":\"es-MX\"},{\"@type\":\"Organization\",\"@id\":\"https:\/\/compuviper.mx\/tienda\/#organization\",\"name\":\"Compuviper\",\"url\":\"https:\/\/compuviper.mx\/tienda\/\",\"logo\":{\"@type\":\"ImageObject\",\"inLanguage\":\"es-MX\",\"@id\":\"https:\/\/compuviper.mx\/tienda\/#\/schema\/logo\/image\/\",\"url\":\"https:\/\/compuviper.mx\/tienda\/wp-content\/uploads\/2021\/08\/Logo-Compuviper-10.png\",\"contentUrl\":\"https:\/\/compuviper.mx\/tienda\/wp-content\/uploads\/2021\/08\/Logo-Compuviper-10.png\",\"width\":1000,\"height\":500,\"caption\":\"Compuviper\"},\"image\":{\"@id\":\"https:\/\/compuviper.mx\/tienda\/#\/schema\/logo\/image\/\"},\"sameAs\":[\"https:\/\/www.facebook.com\/compuviper\",\"https:\/\/www.youtube.com\/channel\/UCf73dERp9Y3cfOq7q8BhLjA?view_as=subscriber\"]}]}<\/script>\n<meta property=\"product:brand\" content=\"TP LINK\" \/>\n<meta property=\"product:price:amount\" content=\"213\" \/>\n<meta property=\"product:price:currency\" content=\"MXN\" \/>\n<meta property=\"og:availability\" content=\"instock\" \/>\n<meta property=\"product:availability\" content=\"instock\" \/>\n<meta property=\"product:retailer_item_id\" content=\"TL-WA850RE\" \/>\n<meta property=\"product:condition\" content=\"new\" \/>\n<!-- \/ Yoast SEO plugin. -->","yoast_head_json":{"title":"[ Tp Link ] &#129351; Tl-wa850re Repetidor | Tp-link | | Extensor De Rango Inalambrico | 300mbps | 1 Rj45 10\/100 Mbps | Plug And Play Sin Cables","description":"Compra Tl-wa850re Repetidor | Tp-link | | Extensor De Rango Inalambrico | 300mbps | 1 Rj45 10\/100 Mbps | Plug And Play Sin Cables + Env\u00edo a domicilio + Pago seguro + Garant\u00eda","robots":{"index":"index","follow":"follow","max-snippet":"max-snippet:-1","max-image-preview":"max-image-preview:large","max-video-preview":"max-video-preview:-1"},"canonical":"https:\/\/compuviper.mx\/tienda\/producto\/tp-link-tl-wa850re-repetidor-tp-link-extensor-de-rango-inalambrico-300mbps-1-rj45-10-100-mbps-plug-and-play-sin-cables\/","og_locale":"es_MX","og_type":"article","og_title":"[ Tp Link ] &#129351; Tl-wa850re Repetidor | Tp-link | | Extensor De Rango Inalambrico | 300mbps | 1 Rj45 10\/100 Mbps | Plug And Play Sin Cables","og_description":"Compra Tl-wa850re Repetidor | Tp-link | | Extensor De Rango Inalambrico | 300mbps | 1 Rj45 10\/100 Mbps | Plug And Play Sin Cables + Env\u00edo a domicilio + Pago seguro + Garant\u00eda","og_url":"https:\/\/compuviper.mx\/tienda\/producto\/tp-link-tl-wa850re-repetidor-tp-link-extensor-de-rango-inalambrico-300mbps-1-rj45-10-100-mbps-plug-and-play-sin-cables\/","og_site_name":"Compuviper","article_publisher":"https:\/\/www.facebook.com\/compuviper","og_image":[{"width":200,"height":200,"url":"https:\/\/compuviper.mx\/tienda\/wp-content\/uploads\/2023\/12\/Repetidor-tp-link-tl-wa850re-extensor-de-rango-inalambrico-300mbps-1-rj45-10100-mbps-plug-and-play-sin-cables.jpg","type":"image\/jpeg"}],"twitter_card":"summary_large_image","twitter_misc":{"Precio":"&#36;213 con IVA","Availability":"In stock"},"schema":{"@context":"https:\/\/schema.org","@graph":[{"@type":"WebPage","@id":"https:\/\/compuviper.mx\/tienda\/producto\/tp-link-tl-wa850re-repetidor-tp-link-extensor-de-rango-inalambrico-300mbps-1-rj45-10-100-mbps-plug-and-play-sin-cables\/","url":"https:\/\/compuviper.mx\/tienda\/producto\/tp-link-tl-wa850re-repetidor-tp-link-extensor-de-rango-inalambrico-300mbps-1-rj45-10-100-mbps-plug-and-play-sin-cables\/","name":"[ Tp Link ] &#129351; Tl-wa850re Repetidor | Tp-link | | Extensor De Rango Inalambrico | 300mbps | 1 Rj45 10\/100 Mbps | Plug And Play Sin Cables","isPartOf":{"@id":"https:\/\/compuviper.mx\/tienda\/#website"},"datePublished":"2026-04-12T05:22:46+00:00","dateModified":"2026-04-12T05:22:46+00:00","description":"Compra Tl-wa850re Repetidor | Tp-link | | Extensor De Rango Inalambrico | 300mbps | 1 Rj45 10\/100 Mbps | Plug And Play Sin Cables + Env\u00edo a domicilio + Pago seguro + Garant\u00eda","breadcrumb":{"@id":"https:\/\/compuviper.mx\/tienda\/producto\/tp-link-tl-wa850re-repetidor-tp-link-extensor-de-rango-inalambrico-300mbps-1-rj45-10-100-mbps-plug-and-play-sin-cables\/#breadcrumb"},"inLanguage":"es-MX","potentialAction":[{"@type":"ReadAction","target":["https:\/\/compuviper.mx\/tienda\/producto\/tp-link-tl-wa850re-repetidor-tp-link-extensor-de-rango-inalambrico-300mbps-1-rj45-10-100-mbps-plug-and-play-sin-cables\/"]}]},{"@type":"BreadcrumbList","@id":"https:\/\/compuviper.mx\/tienda\/producto\/tp-link-tl-wa850re-repetidor-tp-link-extensor-de-rango-inalambrico-300mbps-1-rj45-10-100-mbps-plug-and-play-sin-cables\/#breadcrumb","itemListElement":[{"@type":"ListItem","position":1,"name":"Inicio","item":"https:\/\/compuviper.mx\/tienda\/"},{"@type":"ListItem","position":2,"name":"Productos","item":"https:\/\/compuviper.mx\/tienda\/productos\/"},{"@type":"ListItem","position":3,"name":"Redes","item":"https:\/\/compuviper.mx\/tienda\/categoria-producto\/redes\/"},{"@type":"ListItem","position":4,"name":"Repetidor Wireless","item":"https:\/\/compuviper.mx\/tienda\/categoria-producto\/redes\/repetidor-wireless\/"},{"@type":"ListItem","position":5,"name":"Tp Link Tl-wa850re Repetidor | Tp-link | | Extensor De Rango Inalambrico | 300mbps | 1 Rj45 10\/100 Mbps | Plug And Play Sin Cables"}]},{"@type":"WebSite","@id":"https:\/\/compuviper.mx\/tienda\/#website","url":"https:\/\/compuviper.mx\/tienda\/","name":"Compuviper","description":"Proveedor de Computadoras, Laptops, Servidores, Monitores, Puntos de Venta, Teclados,   Impresoras, T\u00f3ner, C\u00e1maras de Seguridad y m\u00e1s en tu tienda en l\u00ednea","publisher":{"@id":"https:\/\/compuviper.mx\/tienda\/#organization"},"potentialAction":[{"@type":"SearchAction","target":{"@type":"EntryPoint","urlTemplate":"https:\/\/compuviper.mx\/tienda\/?s={search_term_string}"},"query-input":"required name=search_term_string"}],"inLanguage":"es-MX"},{"@type":"Organization","@id":"https:\/\/compuviper.mx\/tienda\/#organization","name":"Compuviper","url":"https:\/\/compuviper.mx\/tienda\/","logo":{"@type":"ImageObject","inLanguage":"es-MX","@id":"https:\/\/compuviper.mx\/tienda\/#\/schema\/logo\/image\/","url":"https:\/\/compuviper.mx\/tienda\/wp-content\/uploads\/2021\/08\/Logo-Compuviper-10.png","contentUrl":"https:\/\/compuviper.mx\/tienda\/wp-content\/uploads\/2021\/08\/Logo-Compuviper-10.png","width":1000,"height":500,"caption":"Compuviper"},"image":{"@id":"https:\/\/compuviper.mx\/tienda\/#\/schema\/logo\/image\/"},"sameAs":["https:\/\/www.facebook.com\/compuviper","https:\/\/www.youtube.com\/channel\/UCf73dERp9Y3cfOq7q8BhLjA?view_as=subscriber"]}]},"product_brand":"TP LINK","product_price_amount":"213","product_price_currency":"MXN","og_availability":"instock","product_availability":"instock","product_retailer_item_id":"TL-WA850RE","product_condition":"new"},"_links":{"self":[{"href":"https:\/\/compuviper.mx\/tienda\/wp-json\/wp\/v2\/product\/220594"}],"collection":[{"href":"https:\/\/compuviper.mx\/tienda\/wp-json\/wp\/v2\/product"}],"about":[{"href":"https:\/\/compuviper.mx\/tienda\/wp-json\/wp\/v2\/types\/product"}],"replies":[{"embeddable":true,"href":"https:\/\/compuviper.mx\/tienda\/wp-json\/wp\/v2\/comments?post=220594"}],"wp:featuredmedia":[{"embeddable":true,"href":"https:\/\/compuviper.mx\/tienda\/wp-json\/wp\/v2\/media\/220595"}],"wp:attachment":[{"href":"https:\/\/compuviper.mx\/tienda\/wp-json\/wp\/v2\/media?parent=220594"}],"wp:term":[{"taxonomy":"product_cat","embeddable":true,"href":"https:\/\/compuviper.mx\/tienda\/wp-json\/wp\/v2\/product_cat?post=220594"},{"taxonomy":"product_tag","embeddable":true,"href":"https:\/\/compuviper.mx\/tienda\/wp-json\/wp\/v2\/product_tag?post=220594"}],"curies":[{"name":"wp","href":"https:\/\/api.w.org\/{rel}","templated":true}]}}