{"id":220590,"date":"2026-04-18T01:06:36","date_gmt":"2026-04-18T07:06:36","guid":{"rendered":"https:\/\/compuviper.mx\/tienda\/producto\/tp-link-tl-sg1024d-switch-tp-link-24-puertos-rj45-gigabit-10-100-1000-no-administrable-para-escritorio-o-rack-13-pulgadas\/"},"modified":"2026-04-18T01:06:37","modified_gmt":"2026-04-18T07:06:37","slug":"tp-link-tl-sg1024d-switch-tp-link-24-puertos-rj45-gigabit-10-100-1000-no-administrable-para-escritorio-o-rack-13-pulgadas","status":"publish","type":"product","link":"https:\/\/compuviper.mx\/tienda\/producto\/tp-link-tl-sg1024d-switch-tp-link-24-puertos-rj45-gigabit-10-100-1000-no-administrable-para-escritorio-o-rack-13-pulgadas\/","title":{"rendered":"Tp Link Tl-sg1024d Switch | Tp-link |  | 24 Puertos Rj45 Gigabit 10\/100\/1000 | No Administrable |para Escritorio O Rack 13 Pulgadas"},"content":{"rendered":"<table class=\"descripcion\">\n<tr>\n<td>Caracter\u00edsticas de hardware<\/td>\n<\/tr>\n<tr>\n<td>Est\u00e1ndares y protocolos: ieee 802.3i, ieee 802.3u, ieee 802.3ab, ieee 802.3x<\/td>\n<\/tr>\n<tr>\n<td>Interfaz: 24 puertos rj45 a 10\/100 \/ 1000mbps (negociaci\u00f3n autom\u00e1tica \/ mdi \/ mdix autom\u00e1tico)<\/td>\n<\/tr>\n<tr>\n<td>Medios de red: cable 3, 4 5, 10base-t: categor\u00eda utp (m\u00e1ximo 100m)  \/  100base-tx\/1000base-t: category 5 utp, 5e o sobre cable (m\u00e1ximo 100m)<\/td>\n<\/tr>\n<tr>\n<td>Cantidad de ventiladores: sin ventilador<\/td>\n<\/tr>\n<tr>\n<td>Fuente de alimentaci\u00f3n: 100-240vac, 50 \/ 60hz<\/td>\n<\/tr>\n<tr>\n<td>Dimensiones (w x d x h): 11.6*7.1*1.7 pulgads (294*180*44 mm)<\/td>\n<\/tr>\n<tr>\n<td>Montaje: montable en rack<\/td>\n<\/tr>\n<tr>\n<td>Consumo m\u00e1ximo de energ\u00eda: 13.08w (220v \/ 50hz)<\/td>\n<\/tr>\n<tr>\n<td>Disipaci\u00f3n m\u00e1xima de calor: 44.63btu \/ h<\/td>\n<\/tr>\n<tr>\n<td>Rendimiento<\/td>\n<\/tr>\n<tr>\n<td>Capacidad de switcheo: 48gbps<\/td>\n<\/tr>\n<tr>\n<td>Tasa de reenv\u00edo de paquetes: 35.7mpps<\/td>\n<\/tr>\n<tr>\n<td>Tabla de mac address: 8k<\/td>\n<\/tr>\n<tr>\n<td>Paquetes de memoria de b\u00fafer: 10kb<\/td>\n<\/tr>\n<tr>\n<td>Marco jumbo: 10kb<\/td>\n<\/tr>\n<tr>\n<td>Tecnolog\u00eda verde: tecnolog\u00eda de eficiencia energ\u00e9tica innovadora ahorra energ\u00eda hasta un 25%<\/td>\n<\/tr>\n<tr>\n<td>M\u00e9todo de transferencia: almacenamiento y env\u00edo<\/td>\n<\/tr>\n<tr>\n<td>Otros<\/td>\n<\/tr>\n<tr>\n<td>Certificaci\u00f3n: fcc, ce, rohs<\/td>\n<\/tr>\n<tr>\n<td>Contenidos del paquete: gigabit de sobremesa de 24 puertos \/ switch de montaje en rack  \/  cable de alimentaci\u00f3n  \/  gu\u00eda de instalaci\u00f3n  \/  kits de montaje en rack  \/  patas de goma<\/td>\n<\/tr>\n<tr>\n<td>Requisitos del sistema: microsoft\u00ae windows\u00ae xp, vista \u00bf, windows 7 o windows 8, mac\u00ae os, netware\u00ae, unix\u00ae o linux.<\/td>\n<\/tr>\n<tr>\n<td>Ambiente: temperatura de funcionamiento: 0\u00bf~40\u00bf (32\u00bf~104\u00bf)  \/  temperatura de almacenamiento: -40\u00bf~70\u00bf (-40\u00bf~158\u00bf)  \/  humedad de funcionamiento: 10%~90% sin condensaci\u00f3n  \/  humedad de almacenamiento: 5%~90% sin condensaci\u00f3n<\/td>\n<\/tr>\n<\/table>\n","protected":false},"excerpt":{"rendered":"<p>Switch gigabit 24 puertos montaje en escritorio \/ rack. Tl-sg1024d. * 24 puertos 10\/100\/1000 mbps. * innovadora tecnolog\u00eda de eficiencia energ\u00e9tica para ahorrar energ\u00eda hasta un 20. * es compatible con direcci\u00f3n mac auto-aprendizaje, auto mdi \/ mdix y auto-negociaci\u00f3n. * plug  and  play. El switch tl-sg1024d gigabit ethernet le ofrece una soluci\u00f3n de alto rendimiento, bajo costo, f\u00e1cil de usar, sin fisuras y est\u00e1ndar para mejorar su red antigua a una red a 1000mbps. Todos los puertos soportan auto mdi \/ mdix por lo que no hay necesidad de preocuparse por el tipo de cable, s\u00f3lo tiene que enchufar y listo. Por otra parte, con la innovadora tecnolog\u00eda de eficiencia energ\u00e9tica, el tl-sg1024d puede ahorrar hasta un 25% del consumo de energ\u00eda; y como el 80% del material de embalaje puede ser reciclado es una soluci\u00f3n ecol\u00f3gica para su red de negocios. Tecnolog\u00eda de eficiencia energ\u00e9tica de tp-link. Este switch gigabit tl-sg1024d de nueva generaci\u00f3n cuenta con las \u00faltimas e innovadoras tecnolog\u00edas de eficiencia energ\u00e9tica que pueden ampliar en gran medida su capacidad de red con mucho menos consumo. \u00e9ste ajusta autom\u00e1ticamente el consumo de energ\u00eda de acuerdo con el estado del enlace para limitar la huella de carbono de su red. Tambi\u00e9n cumple con la de rohs de la ue, que proh\u00edbe el uso de ciertos materiales peligrosos. Adem\u00e1s, el 80% del material de embalaje puede ser reciclado. Alto rendimiento. Todos sus 24 puertos son gigabit rj-45 que proporcionan una gran transferencia de archivos y tambi\u00e9n son compatible con dispositivos ethernet de 10mbps y 100mbps. Con su arquitectura de no bloqueo, el tl-sg1024d redirige y filtra paquetes a la m\u00e1xima velocidad del cable para un rendimiento m\u00e1ximo. Con su paquete jumbo 10kb, el rendimiento de grandes transferencias de archivos se mejora considerablemente. El control de flujo ieee 802.3x para el modo full duplex y la contrapresi\u00f3n para el modo half duplex alivian la congesti\u00f3n del tr\u00e1fico y hacen el trabajo del tl-sg1024d fiable. Es una opci\u00f3n perfecta para actualizar su red a gigabit al tiempo que protege correctamente su inversi\u00f3n anterior. F\u00e1cil de usar. Las caracter\u00edsticas autom\u00e1ticas de este switch gigabit hacen la instalaci\u00f3n plug and play y sin complicaciones. No se requiere ninguna configuraci\u00f3n. Su auto mdi \/ mdix elimina la necesidad de cables cruzados y su auto-negociaci\u00f3n en cada puerto detecta la velocidad de enlace de un dispositivo de red (10, 100 o 1000 mbps) y ajusta de forma inteligente para una compatibilidad y rendimiento \u00f3ptimos.<\/p>\n","protected":false},"featured_media":220591,"comment_status":"open","ping_status":"open","template":"","meta":[],"product_cat":[1563,1564],"product_tag":[1562],"acf":[],"yoast_head":"<!-- This site is optimized with the Yoast SEO plugin v21.7 - https:\/\/yoast.com\/wordpress\/plugins\/seo\/ -->\n<title>[ Tp Link ] &#129351; Tl-sg1024d Switch | Tp-link | | 24 Puertos Rj45 Gigabit 10\/100\/1000 | No Administrable |para Escritorio O Rack 13 Pulgadas<\/title>\n<meta name=\"description\" content=\"Compra Tl-sg1024d Switch | Tp-link | | 24 Puertos Rj45 Gigabit 10\/100\/1000 | No Administrable |para Escritorio O Rack 13 Pulgadas + Env\u00edo a domicilio + Pago seguro + Garant\u00eda\" \/>\n<meta name=\"robots\" content=\"index, follow, max-snippet:-1, max-image-preview:large, max-video-preview:-1\" \/>\n<link rel=\"canonical\" href=\"https:\/\/compuviper.mx\/tienda\/producto\/tp-link-tl-sg1024d-switch-tp-link-24-puertos-rj45-gigabit-10-100-1000-no-administrable-para-escritorio-o-rack-13-pulgadas\/\" \/>\n<meta property=\"og:locale\" content=\"es_MX\" \/>\n<meta property=\"og:type\" content=\"article\" \/>\n<meta property=\"og:title\" content=\"[ Tp Link ] &#129351; Tl-sg1024d Switch | Tp-link | | 24 Puertos Rj45 Gigabit 10\/100\/1000 | No Administrable |para Escritorio O Rack 13 Pulgadas\" \/>\n<meta property=\"og:description\" content=\"Compra Tl-sg1024d Switch | Tp-link | | 24 Puertos Rj45 Gigabit 10\/100\/1000 | No Administrable |para Escritorio O Rack 13 Pulgadas + Env\u00edo a domicilio + Pago seguro + Garant\u00eda\" \/>\n<meta property=\"og:url\" content=\"https:\/\/compuviper.mx\/tienda\/producto\/tp-link-tl-sg1024d-switch-tp-link-24-puertos-rj45-gigabit-10-100-1000-no-administrable-para-escritorio-o-rack-13-pulgadas\/\" \/>\n<meta property=\"og:site_name\" content=\"Compuviper\" \/>\n<meta property=\"article:publisher\" content=\"https:\/\/www.facebook.com\/compuviper\" \/>\n<meta property=\"article:modified_time\" content=\"2026-04-18T07:06:37+00:00\" \/>\n<meta property=\"og:image\" content=\"https:\/\/compuviper.mx\/tienda\/wp-content\/uploads\/2023\/12\/Switch-tp-link-tl-sg1024d-24-puertos-rj45-gigabit-101001000-no-administrable-para-escritorio-o-rack-13-pulgadas.jpg\" \/>\n\t<meta property=\"og:image:width\" content=\"200\" \/>\n\t<meta property=\"og:image:height\" content=\"200\" \/>\n\t<meta property=\"og:image:type\" content=\"image\/jpeg\" \/>\n<meta name=\"twitter:card\" content=\"summary_large_image\" \/>\n<meta name=\"twitter:label1\" content=\"Precio\" \/>\n\t<meta name=\"twitter:data1\" content=\"&#36;1,367 con IVA\" \/>\n\t<meta name=\"twitter:label2\" content=\"Availability\" \/>\n\t<meta name=\"twitter:data2\" content=\"In stock\" \/>\n<script type=\"application\/ld+json\" class=\"yoast-schema-graph\">{\"@context\":\"https:\/\/schema.org\",\"@graph\":[{\"@type\":\"WebPage\",\"@id\":\"https:\/\/compuviper.mx\/tienda\/producto\/tp-link-tl-sg1024d-switch-tp-link-24-puertos-rj45-gigabit-10-100-1000-no-administrable-para-escritorio-o-rack-13-pulgadas\/\",\"url\":\"https:\/\/compuviper.mx\/tienda\/producto\/tp-link-tl-sg1024d-switch-tp-link-24-puertos-rj45-gigabit-10-100-1000-no-administrable-para-escritorio-o-rack-13-pulgadas\/\",\"name\":\"[ Tp Link ] &#129351; Tl-sg1024d Switch | Tp-link | | 24 Puertos Rj45 Gigabit 10\/100\/1000 | No Administrable |para Escritorio O Rack 13 Pulgadas\",\"isPartOf\":{\"@id\":\"https:\/\/compuviper.mx\/tienda\/#website\"},\"datePublished\":\"2026-04-18T07:06:36+00:00\",\"dateModified\":\"2026-04-18T07:06:37+00:00\",\"description\":\"Compra Tl-sg1024d Switch | Tp-link | | 24 Puertos Rj45 Gigabit 10\/100\/1000 | No Administrable |para Escritorio O Rack 13 Pulgadas + Env\u00edo a domicilio + Pago seguro + Garant\u00eda\",\"breadcrumb\":{\"@id\":\"https:\/\/compuviper.mx\/tienda\/producto\/tp-link-tl-sg1024d-switch-tp-link-24-puertos-rj45-gigabit-10-100-1000-no-administrable-para-escritorio-o-rack-13-pulgadas\/#breadcrumb\"},\"inLanguage\":\"es-MX\",\"potentialAction\":[{\"@type\":\"ReadAction\",\"target\":[\"https:\/\/compuviper.mx\/tienda\/producto\/tp-link-tl-sg1024d-switch-tp-link-24-puertos-rj45-gigabit-10-100-1000-no-administrable-para-escritorio-o-rack-13-pulgadas\/\"]}]},{\"@type\":\"BreadcrumbList\",\"@id\":\"https:\/\/compuviper.mx\/tienda\/producto\/tp-link-tl-sg1024d-switch-tp-link-24-puertos-rj45-gigabit-10-100-1000-no-administrable-para-escritorio-o-rack-13-pulgadas\/#breadcrumb\",\"itemListElement\":[{\"@type\":\"ListItem\",\"position\":1,\"name\":\"Inicio\",\"item\":\"https:\/\/compuviper.mx\/tienda\/\"},{\"@type\":\"ListItem\",\"position\":2,\"name\":\"Productos\",\"item\":\"https:\/\/compuviper.mx\/tienda\/productos\/\"},{\"@type\":\"ListItem\",\"position\":3,\"name\":\"Redes\",\"item\":\"https:\/\/compuviper.mx\/tienda\/categoria-producto\/redes\/\"},{\"@type\":\"ListItem\",\"position\":4,\"name\":\"Switch\",\"item\":\"https:\/\/compuviper.mx\/tienda\/categoria-producto\/redes\/switch\/\"},{\"@type\":\"ListItem\",\"position\":5,\"name\":\"Tp Link Tl-sg1024d Switch | Tp-link | | 24 Puertos Rj45 Gigabit 10\/100\/1000 | No Administrable |para Escritorio O Rack 13 Pulgadas\"}]},{\"@type\":\"WebSite\",\"@id\":\"https:\/\/compuviper.mx\/tienda\/#website\",\"url\":\"https:\/\/compuviper.mx\/tienda\/\",\"name\":\"Compuviper\",\"description\":\"Proveedor de Computadoras, Laptops, Servidores, Monitores, Puntos de Venta, Teclados,   Impresoras, T\u00f3ner, C\u00e1maras de Seguridad y m\u00e1s en tu tienda en l\u00ednea\",\"publisher\":{\"@id\":\"https:\/\/compuviper.mx\/tienda\/#organization\"},\"potentialAction\":[{\"@type\":\"SearchAction\",\"target\":{\"@type\":\"EntryPoint\",\"urlTemplate\":\"https:\/\/compuviper.mx\/tienda\/?s={search_term_string}\"},\"query-input\":\"required name=search_term_string\"}],\"inLanguage\":\"es-MX\"},{\"@type\":\"Organization\",\"@id\":\"https:\/\/compuviper.mx\/tienda\/#organization\",\"name\":\"Compuviper\",\"url\":\"https:\/\/compuviper.mx\/tienda\/\",\"logo\":{\"@type\":\"ImageObject\",\"inLanguage\":\"es-MX\",\"@id\":\"https:\/\/compuviper.mx\/tienda\/#\/schema\/logo\/image\/\",\"url\":\"https:\/\/compuviper.mx\/tienda\/wp-content\/uploads\/2021\/08\/Logo-Compuviper-10.png\",\"contentUrl\":\"https:\/\/compuviper.mx\/tienda\/wp-content\/uploads\/2021\/08\/Logo-Compuviper-10.png\",\"width\":1000,\"height\":500,\"caption\":\"Compuviper\"},\"image\":{\"@id\":\"https:\/\/compuviper.mx\/tienda\/#\/schema\/logo\/image\/\"},\"sameAs\":[\"https:\/\/www.facebook.com\/compuviper\",\"https:\/\/www.youtube.com\/channel\/UCf73dERp9Y3cfOq7q8BhLjA?view_as=subscriber\"]}]}<\/script>\n<meta property=\"product:brand\" content=\"TP LINK\" \/>\n<meta property=\"product:price:amount\" content=\"1367\" \/>\n<meta property=\"product:price:currency\" content=\"MXN\" \/>\n<meta property=\"og:availability\" content=\"instock\" \/>\n<meta property=\"product:availability\" content=\"instock\" \/>\n<meta property=\"product:retailer_item_id\" content=\"TL-SG1024D\" \/>\n<meta property=\"product:condition\" content=\"new\" \/>\n<!-- \/ Yoast SEO plugin. -->","yoast_head_json":{"title":"[ Tp Link ] &#129351; Tl-sg1024d Switch | Tp-link | | 24 Puertos Rj45 Gigabit 10\/100\/1000 | No Administrable |para Escritorio O Rack 13 Pulgadas","description":"Compra Tl-sg1024d Switch | Tp-link | | 24 Puertos Rj45 Gigabit 10\/100\/1000 | No Administrable |para Escritorio O Rack 13 Pulgadas + Env\u00edo a domicilio + Pago seguro + Garant\u00eda","robots":{"index":"index","follow":"follow","max-snippet":"max-snippet:-1","max-image-preview":"max-image-preview:large","max-video-preview":"max-video-preview:-1"},"canonical":"https:\/\/compuviper.mx\/tienda\/producto\/tp-link-tl-sg1024d-switch-tp-link-24-puertos-rj45-gigabit-10-100-1000-no-administrable-para-escritorio-o-rack-13-pulgadas\/","og_locale":"es_MX","og_type":"article","og_title":"[ Tp Link ] &#129351; Tl-sg1024d Switch | Tp-link | | 24 Puertos Rj45 Gigabit 10\/100\/1000 | No Administrable |para Escritorio O Rack 13 Pulgadas","og_description":"Compra Tl-sg1024d Switch | Tp-link | | 24 Puertos Rj45 Gigabit 10\/100\/1000 | No Administrable |para Escritorio O Rack 13 Pulgadas + Env\u00edo a domicilio + Pago seguro + Garant\u00eda","og_url":"https:\/\/compuviper.mx\/tienda\/producto\/tp-link-tl-sg1024d-switch-tp-link-24-puertos-rj45-gigabit-10-100-1000-no-administrable-para-escritorio-o-rack-13-pulgadas\/","og_site_name":"Compuviper","article_publisher":"https:\/\/www.facebook.com\/compuviper","article_modified_time":"2026-04-18T07:06:37+00:00","og_image":[{"width":200,"height":200,"url":"https:\/\/compuviper.mx\/tienda\/wp-content\/uploads\/2023\/12\/Switch-tp-link-tl-sg1024d-24-puertos-rj45-gigabit-101001000-no-administrable-para-escritorio-o-rack-13-pulgadas.jpg","type":"image\/jpeg"}],"twitter_card":"summary_large_image","twitter_misc":{"Precio":"&#36;1,367 con IVA","Availability":"In stock"},"schema":{"@context":"https:\/\/schema.org","@graph":[{"@type":"WebPage","@id":"https:\/\/compuviper.mx\/tienda\/producto\/tp-link-tl-sg1024d-switch-tp-link-24-puertos-rj45-gigabit-10-100-1000-no-administrable-para-escritorio-o-rack-13-pulgadas\/","url":"https:\/\/compuviper.mx\/tienda\/producto\/tp-link-tl-sg1024d-switch-tp-link-24-puertos-rj45-gigabit-10-100-1000-no-administrable-para-escritorio-o-rack-13-pulgadas\/","name":"[ Tp Link ] &#129351; Tl-sg1024d Switch | Tp-link | | 24 Puertos Rj45 Gigabit 10\/100\/1000 | No Administrable |para Escritorio O Rack 13 Pulgadas","isPartOf":{"@id":"https:\/\/compuviper.mx\/tienda\/#website"},"datePublished":"2026-04-18T07:06:36+00:00","dateModified":"2026-04-18T07:06:37+00:00","description":"Compra Tl-sg1024d Switch | Tp-link | | 24 Puertos Rj45 Gigabit 10\/100\/1000 | No Administrable |para Escritorio O Rack 13 Pulgadas + Env\u00edo a domicilio + Pago seguro + Garant\u00eda","breadcrumb":{"@id":"https:\/\/compuviper.mx\/tienda\/producto\/tp-link-tl-sg1024d-switch-tp-link-24-puertos-rj45-gigabit-10-100-1000-no-administrable-para-escritorio-o-rack-13-pulgadas\/#breadcrumb"},"inLanguage":"es-MX","potentialAction":[{"@type":"ReadAction","target":["https:\/\/compuviper.mx\/tienda\/producto\/tp-link-tl-sg1024d-switch-tp-link-24-puertos-rj45-gigabit-10-100-1000-no-administrable-para-escritorio-o-rack-13-pulgadas\/"]}]},{"@type":"BreadcrumbList","@id":"https:\/\/compuviper.mx\/tienda\/producto\/tp-link-tl-sg1024d-switch-tp-link-24-puertos-rj45-gigabit-10-100-1000-no-administrable-para-escritorio-o-rack-13-pulgadas\/#breadcrumb","itemListElement":[{"@type":"ListItem","position":1,"name":"Inicio","item":"https:\/\/compuviper.mx\/tienda\/"},{"@type":"ListItem","position":2,"name":"Productos","item":"https:\/\/compuviper.mx\/tienda\/productos\/"},{"@type":"ListItem","position":3,"name":"Redes","item":"https:\/\/compuviper.mx\/tienda\/categoria-producto\/redes\/"},{"@type":"ListItem","position":4,"name":"Switch","item":"https:\/\/compuviper.mx\/tienda\/categoria-producto\/redes\/switch\/"},{"@type":"ListItem","position":5,"name":"Tp Link Tl-sg1024d Switch | Tp-link | | 24 Puertos Rj45 Gigabit 10\/100\/1000 | No Administrable |para Escritorio O Rack 13 Pulgadas"}]},{"@type":"WebSite","@id":"https:\/\/compuviper.mx\/tienda\/#website","url":"https:\/\/compuviper.mx\/tienda\/","name":"Compuviper","description":"Proveedor de Computadoras, Laptops, Servidores, Monitores, Puntos de Venta, Teclados,   Impresoras, T\u00f3ner, C\u00e1maras de Seguridad y m\u00e1s en tu tienda en l\u00ednea","publisher":{"@id":"https:\/\/compuviper.mx\/tienda\/#organization"},"potentialAction":[{"@type":"SearchAction","target":{"@type":"EntryPoint","urlTemplate":"https:\/\/compuviper.mx\/tienda\/?s={search_term_string}"},"query-input":"required name=search_term_string"}],"inLanguage":"es-MX"},{"@type":"Organization","@id":"https:\/\/compuviper.mx\/tienda\/#organization","name":"Compuviper","url":"https:\/\/compuviper.mx\/tienda\/","logo":{"@type":"ImageObject","inLanguage":"es-MX","@id":"https:\/\/compuviper.mx\/tienda\/#\/schema\/logo\/image\/","url":"https:\/\/compuviper.mx\/tienda\/wp-content\/uploads\/2021\/08\/Logo-Compuviper-10.png","contentUrl":"https:\/\/compuviper.mx\/tienda\/wp-content\/uploads\/2021\/08\/Logo-Compuviper-10.png","width":1000,"height":500,"caption":"Compuviper"},"image":{"@id":"https:\/\/compuviper.mx\/tienda\/#\/schema\/logo\/image\/"},"sameAs":["https:\/\/www.facebook.com\/compuviper","https:\/\/www.youtube.com\/channel\/UCf73dERp9Y3cfOq7q8BhLjA?view_as=subscriber"]}]},"product_brand":"TP LINK","product_price_amount":"1367","product_price_currency":"MXN","og_availability":"instock","product_availability":"instock","product_retailer_item_id":"TL-SG1024D","product_condition":"new"},"_links":{"self":[{"href":"https:\/\/compuviper.mx\/tienda\/wp-json\/wp\/v2\/product\/220590"}],"collection":[{"href":"https:\/\/compuviper.mx\/tienda\/wp-json\/wp\/v2\/product"}],"about":[{"href":"https:\/\/compuviper.mx\/tienda\/wp-json\/wp\/v2\/types\/product"}],"replies":[{"embeddable":true,"href":"https:\/\/compuviper.mx\/tienda\/wp-json\/wp\/v2\/comments?post=220590"}],"wp:featuredmedia":[{"embeddable":true,"href":"https:\/\/compuviper.mx\/tienda\/wp-json\/wp\/v2\/media\/220591"}],"wp:attachment":[{"href":"https:\/\/compuviper.mx\/tienda\/wp-json\/wp\/v2\/media?parent=220590"}],"wp:term":[{"taxonomy":"product_cat","embeddable":true,"href":"https:\/\/compuviper.mx\/tienda\/wp-json\/wp\/v2\/product_cat?post=220590"},{"taxonomy":"product_tag","embeddable":true,"href":"https:\/\/compuviper.mx\/tienda\/wp-json\/wp\/v2\/product_tag?post=220590"}],"curies":[{"name":"wp","href":"https:\/\/api.w.org\/{rel}","templated":true}]}}