{"id":220584,"date":"2026-04-18T01:06:35","date_gmt":"2026-04-18T07:06:35","guid":{"rendered":"https:\/\/compuviper.mx\/tienda\/producto\/tp-link-tl-sg1008p-switch-tp-link-8-puertos-rj45-gigabit-10-100-1000-no-administrable-con-4-puertos-poe-ieee-802-3af-hasta-15-4w-c-u-para-escritorio\/"},"modified":"2026-04-18T01:06:35","modified_gmt":"2026-04-18T07:06:35","slug":"tp-link-tl-sg1008p-switch-tp-link-8-puertos-rj45-gigabit-10-100-1000-no-administrable-con-4-puertos-poe-ieee-802-3af-hasta-15-4w-c-u-para-escritorio","status":"publish","type":"product","link":"https:\/\/compuviper.mx\/tienda\/producto\/tp-link-tl-sg1008p-switch-tp-link-8-puertos-rj45-gigabit-10-100-1000-no-administrable-con-4-puertos-poe-ieee-802-3af-hasta-15-4w-c-u-para-escritorio\/","title":{"rendered":"Tp Link Tl-sg1008p Switch | Tp-link |  | 8 Puertos Rj45 Gigabit 10\/100\/1000 No Administrable Con 4 Puertos Poe Ieee 802.3af Hasta 15.4w C\/u Para Escritorio"},"content":{"rendered":"<table class=\"descripcion\">\n<tr>\n<td>Caracter\u00edsticas de hardware<\/td>\n<\/tr>\n<tr>\n<td>Interfaz: 8 puertos rj45 10\/100 \/ 1000mbps  \/  auto negociaci\u00f3n\/auto mdi\/mdix<\/td>\n<\/tr>\n<tr>\n<td>Medios de red: 10base-t: utp categor\u00eda 3, 4, 5 cables (100m m\u00e1ximo)  eia \/ tia-568 100\u00bf stp (m\u00e1ximo 100m)  \/  100base-tx: utp categor\u00eda 5, cable 5e (m\u00e1ximo 100m)<\/td>\n<\/tr>\n<tr>\n<td>Eia \/ tia-568 100\u00bf stp (m\u00e1ximo 100m)  \/  1000base-t: utp categor\u00eda 5, 5e, 6 o por encima del cable (100 metros como m\u00e1ximo)  eia \/ tia-568 100\u00bf stp (m\u00e1ximo 100m)<\/td>\n<\/tr>\n<tr>\n<td>Cantidad de ventiladores: sin ventilador<\/td>\n<\/tr>\n<tr>\n<td>Consumo de energ\u00eda: m\u00e1ximo (poe encendido): 63.0w (220v \/ 50hz)  \/  m\u00e1ximo (poe apagado): 3.3w (220v \/ 50hz)<\/td>\n<\/tr>\n<tr>\n<td>Fuente de alimentaci\u00f3n externa: adaptador de corriente externo (salida: 48vdc\/1.25a)<\/td>\n<\/tr>\n<tr>\n<td>Puertos poe (rj45): est\u00e1ndar: 802.3 af compatible  \/  puertos poe: port1- port4  \/  fuente de alimentaci\u00f3n: 53w<\/td>\n<\/tr>\n<tr>\n<td>Sitio de banda ancha: 16gbps<\/td>\n<\/tr>\n<tr>\n<td>Tabla de direcci\u00f3n mac: 8k<\/td>\n<\/tr>\n<tr>\n<td>Tama\u00f1o de b\u00fafer: 2mbits<\/td>\n<\/tr>\n<tr>\n<td>Dimensiones (w x d x h): 6.7*3.9*1.1 pulg. (171*98*27 mm)<\/td>\n<\/tr>\n<tr>\n<td>Consumo m\u00e1ximo de energ\u00eda: 5.49w (220 \/ 50hz. no pd conectado)  \/  65.24w (220 \/ 50hz. con 55w pd conectado)<\/td>\n<\/tr>\n<tr>\n<td>Disipaci\u00f3n m\u00e1xima de calor: 18.73btu \/ h (sin pd conectado)  \/  222.60btu \/ h (con 55w pd conectado)<\/td>\n<\/tr>\n<tr>\n<td>Caracter\u00edsticas de software<\/td>\n<\/tr>\n<tr>\n<td>M\u00e9todo de transmisi\u00f3n: almacenamiento y env\u00edo<\/td>\n<\/tr>\n<tr>\n<td>Funciones avanzadas: compatible con ieee 802.3af pd  \/  funci\u00f3n prioritaria  \/  direcciones de mac auto-aprendizaje y auto-envejecimiento  \/  ieee 802.3x control de flujo para modo full-duplex y contrapresi\u00f3n para modo half-duplex<\/td>\n<\/tr>\n<tr>\n<td>Otros<\/td>\n<\/tr>\n<tr>\n<td>Certificaci\u00f3n: fcc, ce, rohs<\/td>\n<\/tr>\n<tr>\n<td>Contenidos del paquete: tl-sg1008p, adaptador de corriente, gu\u00eda de usuario<\/td>\n<\/tr>\n<tr>\n<td>Consumo: 5.8 vatios (sin pd conectado m\u00e1ximo)  \/  58.8 vatios (con 53w pd conectado m\u00e1ximo)<\/td>\n<\/tr>\n<tr>\n<td>Ambiente: temperatura de funcionamiento: 0\u00bf~40\u00bf (32\u00bf~104\u00bf)  \/  temperatura de almacenamiento: -40\u00bf~70\u00bf (-40\u00bf~158\u00bf)  \/  humedad de funcionamiento: 10%~90% sin condensaci\u00f3n  \/  humedad de almacenamiento: 5%~90% sin condensaci\u00f3n<\/td>\n<\/tr>\n<\/table>\n","protected":false},"excerpt":{"rendered":"<p>Switch de escritorio de 8 puertos gigabit con 4 puertos poe. Tl-sg1008p. * 8 puertos rj45 de 10\/100\/1000mbps. * con 4 puertos poe, transfiere datos y energ\u00eda en un s\u00f3lo cable. * funciona con pds en cumplimiento con ieee 802.3af, expande la red de la casa y oficina. * no requiere configuraci\u00f3n ni instalaci\u00f3n. Este switch para sobremesa de 8 puertos gigabit con 4 puertos poe permite conectar entre s\u00ed dispositivos de red de un modo sencillo. Incorpora capacidades de red gigabit ethernet a 1000mbps y fast ethernet a 10\/100mbps. C\u00f3mo funciona. 4 de los 8 puertos rj45 con negociaci\u00f3n autom\u00e1tica (del puerto 1 al 4) del switch soportan el modo power over ethernet (poe). Estos puertos poe detectan autom\u00e1ticamente la presencia de dispositivos poe compatibles con el est\u00e1ndar ieee 802.3af y les suministran alimentaci\u00f3n el\u00e9ctrica. Con la tecnolog\u00eda poe, la energ\u00eda el\u00e9ctrica se transmite junto a los datos a trav\u00e9s de un solo cable, lo que permite llevar la red a aquellos puntos en los que no se disponga de conexiones o tomas de corriente el\u00e9ctrica. De este modo, podr\u00e1 instalar de un modo permanente dispositivos tales como puntos de acceso, c\u00e1maras ip, tel\u00e9fonos ip, etc. Protecci\u00f3n contra sobrecargas. El tl-sg1008p dispone de una funci\u00f3n de prioridad* que ayuda a proteger el equipo cuando se produce una sobrecarga en la alimentaci\u00f3n del sistema. Si el consumo el\u00e9ctrico de todos los equipos poe es mayor o igual que 53 w, se establece una prioridad de alimentaci\u00f3n entre los puertos poe en funci\u00f3n de la cual el equipo interrumpe la alimentaci\u00f3n en el puerto que posea una menor prioridad. Funci\u00f3n de prioridad en los puertos. *prioridad (puerto 1   puerto 2   puerto 3   puerto 4): esta funci\u00f3n le ayuda a proteger el sistema si se produce una sobrecarga. Por ejemplo, los puertos 1, 2 y 4 est\u00e1n utilizando 15,4 w (la potencia m\u00e1xima por puerto es de 15,4 w), por lo que el suministro del sistema es de 46,2 w en total (el led rotulado como poe max se ilumina en rojo). Si se conecta un dispositivo poe adicional que consume 10 w en el puerto 3, el equipo desconecta la alimentaci\u00f3n del puerto 4 para protegerse. De este modo, los puertos 1 y 2 consumir\u00e1n 15,4 w, el puerto 3 utilizar\u00e1 10 w y no se suministrar\u00e1 alimentaci\u00f3n al puerto 4. F\u00e1cil de usar. El tl-sg1008p es f\u00e1cil de instalar y utilizar. No requiere ning\u00fan tipo de configuraci\u00f3n o instalaci\u00f3n. Con su dise\u00f1o de sobremesa y excepcionales rendimiento y calidad, el switch de 8 puertos gigabit con 4 puertos poe tl-sg1008p de tp-link resulta una excelente elecci\u00f3n para ampliar tanto su red dom\u00e9stica como la de su oficina.<\/p>\n","protected":false},"featured_media":220585,"comment_status":"open","ping_status":"open","template":"","meta":[],"product_cat":[1563,1564],"product_tag":[1562],"acf":[],"yoast_head":"<!-- This site is optimized with the Yoast SEO plugin v21.7 - https:\/\/yoast.com\/wordpress\/plugins\/seo\/ -->\n<title>[ Tp Link ] &#129351; Tl-sg1008p Switch | Tp-link | | 8 Puertos Rj45 Gigabit 10\/100\/1000 No Administrable Con 4 Puertos Poe Ieee 802.3af Hasta 15.4w C\/u Para Escritorio<\/title>\n<meta name=\"description\" content=\"Compra Tl-sg1008p Switch | Tp-link | | 8 Puertos Rj45 Gigabit 10\/100\/1000 No Administrable Con 4 Puertos Poe Ieee 802.3af Hasta 15.4w C\/u Para Escritorio + Env\u00edo a domicilio + Pago seguro + Garant\u00eda\" \/>\n<meta name=\"robots\" content=\"index, follow, max-snippet:-1, max-image-preview:large, max-video-preview:-1\" \/>\n<link rel=\"canonical\" href=\"https:\/\/compuviper.mx\/tienda\/producto\/tp-link-tl-sg1008p-switch-tp-link-8-puertos-rj45-gigabit-10-100-1000-no-administrable-con-4-puertos-poe-ieee-802-3af-hasta-15-4w-c-u-para-escritorio\/\" \/>\n<meta property=\"og:locale\" content=\"es_MX\" \/>\n<meta property=\"og:type\" content=\"article\" \/>\n<meta property=\"og:title\" content=\"[ Tp Link ] &#129351; Tl-sg1008p Switch | Tp-link | | 8 Puertos Rj45 Gigabit 10\/100\/1000 No Administrable Con 4 Puertos Poe Ieee 802.3af Hasta 15.4w C\/u Para Escritorio\" \/>\n<meta property=\"og:description\" content=\"Compra Tl-sg1008p Switch | Tp-link | | 8 Puertos Rj45 Gigabit 10\/100\/1000 No Administrable Con 4 Puertos Poe Ieee 802.3af Hasta 15.4w C\/u Para Escritorio + Env\u00edo a domicilio + Pago seguro + Garant\u00eda\" \/>\n<meta property=\"og:url\" content=\"https:\/\/compuviper.mx\/tienda\/producto\/tp-link-tl-sg1008p-switch-tp-link-8-puertos-rj45-gigabit-10-100-1000-no-administrable-con-4-puertos-poe-ieee-802-3af-hasta-15-4w-c-u-para-escritorio\/\" \/>\n<meta property=\"og:site_name\" content=\"Compuviper\" \/>\n<meta property=\"article:publisher\" content=\"https:\/\/www.facebook.com\/compuviper\" \/>\n<meta property=\"og:image\" content=\"https:\/\/compuviper.mx\/tienda\/wp-content\/uploads\/2023\/12\/Switch-tp-link-tl-sg1008p-8-puertos-rj45-gigabit-101001000-no-administrable-con-4-puertos-poe-ieee-802.3af-hasta-15.4w-cu-para-escritorio.jpg\" \/>\n\t<meta property=\"og:image:width\" content=\"200\" \/>\n\t<meta property=\"og:image:height\" content=\"200\" \/>\n\t<meta property=\"og:image:type\" content=\"image\/jpeg\" \/>\n<meta name=\"twitter:card\" content=\"summary_large_image\" \/>\n<meta name=\"twitter:label1\" content=\"Precio\" \/>\n\t<meta name=\"twitter:data1\" content=\"&#36;712 con IVA\" \/>\n\t<meta name=\"twitter:label2\" content=\"Availability\" \/>\n\t<meta name=\"twitter:data2\" content=\"In stock\" \/>\n<script type=\"application\/ld+json\" class=\"yoast-schema-graph\">{\"@context\":\"https:\/\/schema.org\",\"@graph\":[{\"@type\":\"WebPage\",\"@id\":\"https:\/\/compuviper.mx\/tienda\/producto\/tp-link-tl-sg1008p-switch-tp-link-8-puertos-rj45-gigabit-10-100-1000-no-administrable-con-4-puertos-poe-ieee-802-3af-hasta-15-4w-c-u-para-escritorio\/\",\"url\":\"https:\/\/compuviper.mx\/tienda\/producto\/tp-link-tl-sg1008p-switch-tp-link-8-puertos-rj45-gigabit-10-100-1000-no-administrable-con-4-puertos-poe-ieee-802-3af-hasta-15-4w-c-u-para-escritorio\/\",\"name\":\"[ Tp Link ] &#129351; Tl-sg1008p Switch | Tp-link | | 8 Puertos Rj45 Gigabit 10\/100\/1000 No Administrable Con 4 Puertos Poe Ieee 802.3af Hasta 15.4w C\/u Para Escritorio\",\"isPartOf\":{\"@id\":\"https:\/\/compuviper.mx\/tienda\/#website\"},\"datePublished\":\"2026-04-18T07:06:35+00:00\",\"dateModified\":\"2026-04-18T07:06:35+00:00\",\"description\":\"Compra Tl-sg1008p Switch | Tp-link | | 8 Puertos Rj45 Gigabit 10\/100\/1000 No Administrable Con 4 Puertos Poe Ieee 802.3af Hasta 15.4w C\/u Para Escritorio + Env\u00edo a domicilio + Pago seguro + Garant\u00eda\",\"breadcrumb\":{\"@id\":\"https:\/\/compuviper.mx\/tienda\/producto\/tp-link-tl-sg1008p-switch-tp-link-8-puertos-rj45-gigabit-10-100-1000-no-administrable-con-4-puertos-poe-ieee-802-3af-hasta-15-4w-c-u-para-escritorio\/#breadcrumb\"},\"inLanguage\":\"es-MX\",\"potentialAction\":[{\"@type\":\"ReadAction\",\"target\":[\"https:\/\/compuviper.mx\/tienda\/producto\/tp-link-tl-sg1008p-switch-tp-link-8-puertos-rj45-gigabit-10-100-1000-no-administrable-con-4-puertos-poe-ieee-802-3af-hasta-15-4w-c-u-para-escritorio\/\"]}]},{\"@type\":\"BreadcrumbList\",\"@id\":\"https:\/\/compuviper.mx\/tienda\/producto\/tp-link-tl-sg1008p-switch-tp-link-8-puertos-rj45-gigabit-10-100-1000-no-administrable-con-4-puertos-poe-ieee-802-3af-hasta-15-4w-c-u-para-escritorio\/#breadcrumb\",\"itemListElement\":[{\"@type\":\"ListItem\",\"position\":1,\"name\":\"Inicio\",\"item\":\"https:\/\/compuviper.mx\/tienda\/\"},{\"@type\":\"ListItem\",\"position\":2,\"name\":\"Productos\",\"item\":\"https:\/\/compuviper.mx\/tienda\/productos\/\"},{\"@type\":\"ListItem\",\"position\":3,\"name\":\"Redes\",\"item\":\"https:\/\/compuviper.mx\/tienda\/categoria-producto\/redes\/\"},{\"@type\":\"ListItem\",\"position\":4,\"name\":\"Switch\",\"item\":\"https:\/\/compuviper.mx\/tienda\/categoria-producto\/redes\/switch\/\"},{\"@type\":\"ListItem\",\"position\":5,\"name\":\"Tp Link Tl-sg1008p Switch | Tp-link | | 8 Puertos Rj45 Gigabit 10\/100\/1000 No Administrable Con 4 Puertos Poe Ieee 802.3af Hasta 15.4w C\/u Para Escritorio\"}]},{\"@type\":\"WebSite\",\"@id\":\"https:\/\/compuviper.mx\/tienda\/#website\",\"url\":\"https:\/\/compuviper.mx\/tienda\/\",\"name\":\"Compuviper\",\"description\":\"Proveedor de Computadoras, Laptops, Servidores, Monitores, Puntos de Venta, Teclados,   Impresoras, T\u00f3ner, C\u00e1maras de Seguridad y m\u00e1s en tu tienda en l\u00ednea\",\"publisher\":{\"@id\":\"https:\/\/compuviper.mx\/tienda\/#organization\"},\"potentialAction\":[{\"@type\":\"SearchAction\",\"target\":{\"@type\":\"EntryPoint\",\"urlTemplate\":\"https:\/\/compuviper.mx\/tienda\/?s={search_term_string}\"},\"query-input\":\"required name=search_term_string\"}],\"inLanguage\":\"es-MX\"},{\"@type\":\"Organization\",\"@id\":\"https:\/\/compuviper.mx\/tienda\/#organization\",\"name\":\"Compuviper\",\"url\":\"https:\/\/compuviper.mx\/tienda\/\",\"logo\":{\"@type\":\"ImageObject\",\"inLanguage\":\"es-MX\",\"@id\":\"https:\/\/compuviper.mx\/tienda\/#\/schema\/logo\/image\/\",\"url\":\"https:\/\/compuviper.mx\/tienda\/wp-content\/uploads\/2021\/08\/Logo-Compuviper-10.png\",\"contentUrl\":\"https:\/\/compuviper.mx\/tienda\/wp-content\/uploads\/2021\/08\/Logo-Compuviper-10.png\",\"width\":1000,\"height\":500,\"caption\":\"Compuviper\"},\"image\":{\"@id\":\"https:\/\/compuviper.mx\/tienda\/#\/schema\/logo\/image\/\"},\"sameAs\":[\"https:\/\/www.facebook.com\/compuviper\",\"https:\/\/www.youtube.com\/channel\/UCf73dERp9Y3cfOq7q8BhLjA?view_as=subscriber\"]}]}<\/script>\n<meta property=\"product:brand\" content=\"TP LINK\" \/>\n<meta property=\"product:price:amount\" content=\"712\" \/>\n<meta property=\"product:price:currency\" content=\"MXN\" \/>\n<meta property=\"og:availability\" content=\"instock\" \/>\n<meta property=\"product:availability\" content=\"instock\" \/>\n<meta property=\"product:retailer_item_id\" content=\"TL-SG1008P\" \/>\n<meta property=\"product:condition\" content=\"new\" \/>\n<!-- \/ Yoast SEO plugin. -->","yoast_head_json":{"title":"[ Tp Link ] &#129351; Tl-sg1008p Switch | Tp-link | | 8 Puertos Rj45 Gigabit 10\/100\/1000 No Administrable Con 4 Puertos Poe Ieee 802.3af Hasta 15.4w C\/u Para Escritorio","description":"Compra Tl-sg1008p Switch | Tp-link | | 8 Puertos Rj45 Gigabit 10\/100\/1000 No Administrable Con 4 Puertos Poe Ieee 802.3af Hasta 15.4w C\/u Para Escritorio + Env\u00edo a domicilio + Pago seguro + Garant\u00eda","robots":{"index":"index","follow":"follow","max-snippet":"max-snippet:-1","max-image-preview":"max-image-preview:large","max-video-preview":"max-video-preview:-1"},"canonical":"https:\/\/compuviper.mx\/tienda\/producto\/tp-link-tl-sg1008p-switch-tp-link-8-puertos-rj45-gigabit-10-100-1000-no-administrable-con-4-puertos-poe-ieee-802-3af-hasta-15-4w-c-u-para-escritorio\/","og_locale":"es_MX","og_type":"article","og_title":"[ Tp Link ] &#129351; Tl-sg1008p Switch | Tp-link | | 8 Puertos Rj45 Gigabit 10\/100\/1000 No Administrable Con 4 Puertos Poe Ieee 802.3af Hasta 15.4w C\/u Para Escritorio","og_description":"Compra Tl-sg1008p Switch | Tp-link | | 8 Puertos Rj45 Gigabit 10\/100\/1000 No Administrable Con 4 Puertos Poe Ieee 802.3af Hasta 15.4w C\/u Para Escritorio + Env\u00edo a domicilio + Pago seguro + Garant\u00eda","og_url":"https:\/\/compuviper.mx\/tienda\/producto\/tp-link-tl-sg1008p-switch-tp-link-8-puertos-rj45-gigabit-10-100-1000-no-administrable-con-4-puertos-poe-ieee-802-3af-hasta-15-4w-c-u-para-escritorio\/","og_site_name":"Compuviper","article_publisher":"https:\/\/www.facebook.com\/compuviper","og_image":[{"width":200,"height":200,"url":"https:\/\/compuviper.mx\/tienda\/wp-content\/uploads\/2023\/12\/Switch-tp-link-tl-sg1008p-8-puertos-rj45-gigabit-101001000-no-administrable-con-4-puertos-poe-ieee-802.3af-hasta-15.4w-cu-para-escritorio.jpg","type":"image\/jpeg"}],"twitter_card":"summary_large_image","twitter_misc":{"Precio":"&#36;712 con IVA","Availability":"In stock"},"schema":{"@context":"https:\/\/schema.org","@graph":[{"@type":"WebPage","@id":"https:\/\/compuviper.mx\/tienda\/producto\/tp-link-tl-sg1008p-switch-tp-link-8-puertos-rj45-gigabit-10-100-1000-no-administrable-con-4-puertos-poe-ieee-802-3af-hasta-15-4w-c-u-para-escritorio\/","url":"https:\/\/compuviper.mx\/tienda\/producto\/tp-link-tl-sg1008p-switch-tp-link-8-puertos-rj45-gigabit-10-100-1000-no-administrable-con-4-puertos-poe-ieee-802-3af-hasta-15-4w-c-u-para-escritorio\/","name":"[ Tp Link ] &#129351; Tl-sg1008p Switch | Tp-link | | 8 Puertos Rj45 Gigabit 10\/100\/1000 No Administrable Con 4 Puertos Poe Ieee 802.3af Hasta 15.4w C\/u Para Escritorio","isPartOf":{"@id":"https:\/\/compuviper.mx\/tienda\/#website"},"datePublished":"2026-04-18T07:06:35+00:00","dateModified":"2026-04-18T07:06:35+00:00","description":"Compra Tl-sg1008p Switch | Tp-link | | 8 Puertos Rj45 Gigabit 10\/100\/1000 No Administrable Con 4 Puertos Poe Ieee 802.3af Hasta 15.4w C\/u Para Escritorio + Env\u00edo a domicilio + Pago seguro + Garant\u00eda","breadcrumb":{"@id":"https:\/\/compuviper.mx\/tienda\/producto\/tp-link-tl-sg1008p-switch-tp-link-8-puertos-rj45-gigabit-10-100-1000-no-administrable-con-4-puertos-poe-ieee-802-3af-hasta-15-4w-c-u-para-escritorio\/#breadcrumb"},"inLanguage":"es-MX","potentialAction":[{"@type":"ReadAction","target":["https:\/\/compuviper.mx\/tienda\/producto\/tp-link-tl-sg1008p-switch-tp-link-8-puertos-rj45-gigabit-10-100-1000-no-administrable-con-4-puertos-poe-ieee-802-3af-hasta-15-4w-c-u-para-escritorio\/"]}]},{"@type":"BreadcrumbList","@id":"https:\/\/compuviper.mx\/tienda\/producto\/tp-link-tl-sg1008p-switch-tp-link-8-puertos-rj45-gigabit-10-100-1000-no-administrable-con-4-puertos-poe-ieee-802-3af-hasta-15-4w-c-u-para-escritorio\/#breadcrumb","itemListElement":[{"@type":"ListItem","position":1,"name":"Inicio","item":"https:\/\/compuviper.mx\/tienda\/"},{"@type":"ListItem","position":2,"name":"Productos","item":"https:\/\/compuviper.mx\/tienda\/productos\/"},{"@type":"ListItem","position":3,"name":"Redes","item":"https:\/\/compuviper.mx\/tienda\/categoria-producto\/redes\/"},{"@type":"ListItem","position":4,"name":"Switch","item":"https:\/\/compuviper.mx\/tienda\/categoria-producto\/redes\/switch\/"},{"@type":"ListItem","position":5,"name":"Tp Link Tl-sg1008p Switch | Tp-link | | 8 Puertos Rj45 Gigabit 10\/100\/1000 No Administrable Con 4 Puertos Poe Ieee 802.3af Hasta 15.4w C\/u Para Escritorio"}]},{"@type":"WebSite","@id":"https:\/\/compuviper.mx\/tienda\/#website","url":"https:\/\/compuviper.mx\/tienda\/","name":"Compuviper","description":"Proveedor de Computadoras, Laptops, Servidores, Monitores, Puntos de Venta, Teclados,   Impresoras, T\u00f3ner, C\u00e1maras de Seguridad y m\u00e1s en tu tienda en l\u00ednea","publisher":{"@id":"https:\/\/compuviper.mx\/tienda\/#organization"},"potentialAction":[{"@type":"SearchAction","target":{"@type":"EntryPoint","urlTemplate":"https:\/\/compuviper.mx\/tienda\/?s={search_term_string}"},"query-input":"required name=search_term_string"}],"inLanguage":"es-MX"},{"@type":"Organization","@id":"https:\/\/compuviper.mx\/tienda\/#organization","name":"Compuviper","url":"https:\/\/compuviper.mx\/tienda\/","logo":{"@type":"ImageObject","inLanguage":"es-MX","@id":"https:\/\/compuviper.mx\/tienda\/#\/schema\/logo\/image\/","url":"https:\/\/compuviper.mx\/tienda\/wp-content\/uploads\/2021\/08\/Logo-Compuviper-10.png","contentUrl":"https:\/\/compuviper.mx\/tienda\/wp-content\/uploads\/2021\/08\/Logo-Compuviper-10.png","width":1000,"height":500,"caption":"Compuviper"},"image":{"@id":"https:\/\/compuviper.mx\/tienda\/#\/schema\/logo\/image\/"},"sameAs":["https:\/\/www.facebook.com\/compuviper","https:\/\/www.youtube.com\/channel\/UCf73dERp9Y3cfOq7q8BhLjA?view_as=subscriber"]}]},"product_brand":"TP LINK","product_price_amount":"712","product_price_currency":"MXN","og_availability":"instock","product_availability":"instock","product_retailer_item_id":"TL-SG1008P","product_condition":"new"},"_links":{"self":[{"href":"https:\/\/compuviper.mx\/tienda\/wp-json\/wp\/v2\/product\/220584"}],"collection":[{"href":"https:\/\/compuviper.mx\/tienda\/wp-json\/wp\/v2\/product"}],"about":[{"href":"https:\/\/compuviper.mx\/tienda\/wp-json\/wp\/v2\/types\/product"}],"replies":[{"embeddable":true,"href":"https:\/\/compuviper.mx\/tienda\/wp-json\/wp\/v2\/comments?post=220584"}],"wp:featuredmedia":[{"embeddable":true,"href":"https:\/\/compuviper.mx\/tienda\/wp-json\/wp\/v2\/media\/220585"}],"wp:attachment":[{"href":"https:\/\/compuviper.mx\/tienda\/wp-json\/wp\/v2\/media?parent=220584"}],"wp:term":[{"taxonomy":"product_cat","embeddable":true,"href":"https:\/\/compuviper.mx\/tienda\/wp-json\/wp\/v2\/product_cat?post=220584"},{"taxonomy":"product_tag","embeddable":true,"href":"https:\/\/compuviper.mx\/tienda\/wp-json\/wp\/v2\/product_tag?post=220584"}],"curies":[{"name":"wp","href":"https:\/\/api.w.org\/{rel}","templated":true}]}}