{"id":220580,"date":"2026-04-18T01:06:34","date_gmt":"2026-04-18T07:06:34","guid":{"rendered":"https:\/\/compuviper.mx\/tienda\/producto\/tp-link-tl-sg105-switch-tp-link-5-puertos-gigabit-no-administrable-carcasa-metalica-para-escritorio-especificaciones-varian-segun-version-imagen-solo-ilustrativa\/"},"modified":"2026-04-18T01:06:34","modified_gmt":"2026-04-18T07:06:34","slug":"tp-link-tl-sg105-switch-tp-link-omada-5ge-desktop-unmanagement","status":"publish","type":"product","link":"https:\/\/compuviper.mx\/tienda\/producto\/tp-link-tl-sg105-switch-tp-link-omada-5ge-desktop-unmanagement\/","title":{"rendered":"Tp Link Tl-sg105 Switch Tp-link  Omada 5ge Desktop Unmanagement"},"content":{"rendered":"<table class=\"descripcion\">\n<tr>\n<td>Caracter\u00edsticas de hardware<\/td>\n<\/tr>\n<tr>\n<td>Recuerda validar la version del producto ya que cada version tiene diferentes caracteristicas, revisa con tu sucursal que version tienen fisicamente<\/td>\n<\/tr>\n<tr>\n<td>Accede al siguiente link para que revises las versiones existentes:<\/td>\n<\/tr>\n<tr>\n<td>Https:\/\/www.tp-link.com\/mx\/support\/download\/tl-sg105\/v5\/<\/td>\n<\/tr>\n<tr>\n<td>Est\u00e1ndares y protocolos: ieee 802.3 \/ 802.3u \/ 802.3ab \/ 802.3x<\/td>\n<\/tr>\n<tr>\n<td>Interfaz: 5 puertos 10\/100 \/ 1000mbps, negociaci\u00f3n autom\u00e1tica, puertos mdi \/ mdix autom\u00e1ticos<\/td>\n<\/tr>\n<tr>\n<td>Cantidad de ventiladores: sin ventilador<\/td>\n<\/tr>\n<tr>\n<td>Consumo de energ\u00eda: m\u00e1ximo: 3.2w (220v\/50hz)<\/td>\n<\/tr>\n<tr>\n<td>Fuente de alimentaci\u00f3n externa: adaptador de poder externo<\/td>\n<\/tr>\n<tr>\n<td>Indicador led: sistema power  \/  link, indicadores de actividad de velocidad y por puerto integrado en cada puerto rj-45<\/td>\n<\/tr>\n<tr>\n<td>Dimensiones (w x d x h): 3.9 x 3.9 x 1.0 pulgadas (99.8 x 98 x 25 mm)<\/td>\n<\/tr>\n<tr>\n<td>Consumo m\u00e1ximo de energ\u00eda: 2.3w (220v \/ 50hz)<\/td>\n<\/tr>\n<tr>\n<td>Disipaci\u00f3n m\u00e1xima de calor: 7.83 btu \/ h<\/td>\n<\/tr>\n<tr>\n<td>Rendimiento<\/td>\n<\/tr>\n<tr>\n<td>Tasa de reenv\u00edo de paquetes: 7.4mpps<\/td>\n<\/tr>\n<tr>\n<td>Tabla de mac address: 2k<\/td>\n<\/tr>\n<tr>\n<td>Paquetes de memoria de b\u00fafer: 1mb<\/td>\n<\/tr>\n<tr>\n<td>Marco jumbo: 15kb<\/td>\n<\/tr>\n<tr>\n<td>Caracter\u00edsticas de software<\/td>\n<\/tr>\n<tr>\n<td>Caracter\u00edsticas avanzadas: tecnolog\u00eda ecol\u00f3gica, ahorro de energ\u00eda de hasta 84%  \/  802.3x control de soporte de flujo qos  \/  igmp snooping<\/td>\n<\/tr>\n<tr>\n<td>M\u00e9todo de transferencia: almacenamiento y env\u00edo<\/td>\n<\/tr>\n<tr>\n<td>Otros<\/td>\n<\/tr>\n<tr>\n<td>Certificaci\u00f3n: ce, fcc, rohs<\/td>\n<\/tr>\n<tr>\n<td>Contenidos del paquete: switch 5 puertos 10\/100\/1000mbps de escritorio  \/  adaptador de poder  \/  gu\u00eda de instalaci\u00f3n<\/td>\n<\/tr>\n<tr>\n<td>Ambiente: temperatura de funcionamiento: 0\u00bf~40\u00bf (32\u00bf~104\u00bf)  \/  temperatura de almacenamiento: -40\u00bf~70\u00bf (-40\u00bf~158\u00bf)  \/  humedad de funcionamiento: 10%~90% sin condensaci\u00f3n  \/  humedad de almacenamiento: 5%~90% sin condensaci\u00f3n<\/td>\n<\/tr>\n<\/table>\n","protected":false},"excerpt":{"rendered":"<p>Switch de escritorio de 5 puertos de 10\/100\/1000mbps. Tl-sg105. * 5 puertos rj45 de auto-negociaci\u00f3n de 10\/100\/1000mbps que soportan auto-mdi\/mdix. * el control de flujo de ieee 802.3x proporciona una transferencia de datos confiable. * cubierta de acero, dise\u00f1o de escritorio o de montaje en la pared. * soporta la funci\u00f3n qos (ieee 802.1p) y igmp snooping. * plug and play (conecte y use), no se requiere configuraci\u00f3n. El tl-sg105 de tp-link es un switch de sobremesa con 5 puertos 10\/100\/1000mbps que le permite migrar f\u00e1cilmente su red a la tecnolog\u00eda gigabit ethernet. Aumente tanto la velocidad de su servidor de red como la de las conexiones troncales o lleve la experiencia gigabit a su escritorio. Adicionalmente, el dise\u00f1o del tl-sg105 le permite reducir su consumo el\u00e9ctrico. Gracias a su innovadora tecnolog\u00eda de eficiencia energ\u00e9tica, el tl-sg105 ahorra hasta un 65% de energ\u00eda el\u00e9ctrica, lo que lo convierte en una soluci\u00f3n ecol\u00f3gica para la red de su hogar o lugar de trabajo. Switch gigabit. El tl-sg105 dispone de 5 puertos 10\/100\/1000 que le permiten ampliar significativamente la capacidad de su red y disfrutar de unas velocidades de transferencia instant\u00e1neas cuando se manejan archivos de gran tama\u00f1o. De este modo, los usuarios m\u00e1s avanzados disponen del ancho de banda suficiente para transferir archivos de grandes dimensiones, ya sea en un entorno dom\u00e9stico, oficina, grupo de trabajo o de producci\u00f3n creativa. Transfiera archivos gr\u00e1ficos, cgi, cad o multimedia en un instante a trav\u00e9s de la red. Convierta su red ethernet en ecol\u00f3gica. \u00a1ahora tiene la oportunidad de convertir su red en ecol\u00f3gica al mismo tiempo que la actualiza a la tecnolog\u00eda gigabit! el switch de nueva generaci\u00f3n equipado con 5 puertos gigabit tl-sg105 incorpora la m\u00e1s innovadora y reciente tecnolog\u00eda de eficiencia energ\u00e9tica. Ello le permite ampliar la capacidad de su red empleando mucha menos energ\u00eda el\u00e9ctrica. Ajusta autom\u00e1ticamente el consumo de energ\u00eda de acuerdo con el estado del enlace y la longitud del cable, limitando as\u00ed la huella de carbono de su red. Apagado de puertos no activos. En un switch tradicional, cuando se apaga un ordenador u otro dispositivo de red, el puerto correspondiente contin\u00faa consumiendo una considerable cantidad de energ\u00eda. El tl-sg105d detecta autom\u00e1ticamente el estado de la conexi\u00f3n de cada uno de los puertos y reduce el consumo el\u00e9ctrico de aquellos que no est\u00e1n activos, lo que permite disminuir el consumo el\u00e9ctrico hasta en un 65%. Consumo acorde con la longitud del cable. Idealmente, un cable de menor longitud deber\u00eda consumir menos energ\u00eda debido a que la p\u00e9rdida de aqu\u00e9l es menor. Sin embargo, esto no es as\u00ed en la mayor\u00eda de los dispositivos ya que \u00e9stos emplean la misma energ\u00eda independientemente de la longitud de cable. F\u00e1cil de usar. Las funcionalidades autom\u00e1ticas de este switch gigabit posibilitan una instalaci\u00f3n plug and play sin complicaciones. No es necesaria ninguna configuraci\u00f3n. Auto mdi\/mdix elimina la necesidad de cables cruzados. La negociaci\u00f3n autom\u00e1tica en cada puerto identifica la velocidad de enlace del dispositivo de red (10, 100 o 1000 mbps) y la ajusta de forma inteligente a fin de garantizar la compatibilidad y el mejor rendimiento. *m\u00e1ximo ahorro de energ\u00eda en comparaci\u00f3n con un switch convencional de tp-link, la tasa de ahorro real puede variar en funci\u00f3n de las condiciones de uso.<\/p>\n","protected":false},"featured_media":220581,"comment_status":"open","ping_status":"open","template":"","meta":[],"product_cat":[1563,1564],"product_tag":[1562],"acf":[],"yoast_head":"<!-- This site is optimized with the Yoast SEO plugin v21.7 - https:\/\/yoast.com\/wordpress\/plugins\/seo\/ -->\n<title>[ Tp Link ] &#129351; Tl-sg105 Switch Tp-link Omada 5ge Desktop Unmanagement<\/title>\n<meta name=\"description\" content=\"Compra Tl-sg105 Switch Tp-link Omada 5ge Desktop Unmanagement + Env\u00edo a domicilio + Pago seguro + Garant\u00eda\" \/>\n<meta name=\"robots\" content=\"index, follow, max-snippet:-1, max-image-preview:large, max-video-preview:-1\" \/>\n<link rel=\"canonical\" href=\"https:\/\/compuviper.mx\/tienda\/producto\/tp-link-tl-sg105-switch-tp-link-omada-5ge-desktop-unmanagement\/\" \/>\n<meta property=\"og:locale\" content=\"es_MX\" \/>\n<meta property=\"og:type\" content=\"article\" \/>\n<meta property=\"og:title\" content=\"[ Tp Link ] &#129351; Tl-sg105 Switch Tp-link Omada 5ge Desktop Unmanagement\" \/>\n<meta property=\"og:description\" content=\"Compra Tl-sg105 Switch Tp-link Omada 5ge Desktop Unmanagement + Env\u00edo a domicilio + Pago seguro + Garant\u00eda\" \/>\n<meta property=\"og:url\" content=\"https:\/\/compuviper.mx\/tienda\/producto\/tp-link-tl-sg105-switch-tp-link-omada-5ge-desktop-unmanagement\/\" \/>\n<meta property=\"og:site_name\" content=\"Compuviper\" \/>\n<meta property=\"article:publisher\" content=\"https:\/\/www.facebook.com\/compuviper\" \/>\n<meta property=\"og:image\" content=\"https:\/\/compuviper.mx\/tienda\/wp-content\/uploads\/2023\/12\/Switch-tp-link-tl-sg105-5-puertos-gigabit-no-administrable-carcasa-metalica-para-escritorio-especificaciones-varian-segun-version-imagen-solo-ilustrativa.jpg\" \/>\n\t<meta property=\"og:image:width\" content=\"200\" \/>\n\t<meta property=\"og:image:height\" content=\"200\" \/>\n\t<meta property=\"og:image:type\" content=\"image\/jpeg\" \/>\n<meta name=\"twitter:card\" content=\"summary_large_image\" \/>\n<meta name=\"twitter:label1\" content=\"Precio\" \/>\n\t<meta name=\"twitter:data1\" content=\"&#36;269 con IVA\" \/>\n\t<meta name=\"twitter:label2\" content=\"Availability\" \/>\n\t<meta name=\"twitter:data2\" content=\"In stock\" \/>\n<script type=\"application\/ld+json\" class=\"yoast-schema-graph\">{\"@context\":\"https:\/\/schema.org\",\"@graph\":[{\"@type\":\"WebPage\",\"@id\":\"https:\/\/compuviper.mx\/tienda\/producto\/tp-link-tl-sg105-switch-tp-link-omada-5ge-desktop-unmanagement\/\",\"url\":\"https:\/\/compuviper.mx\/tienda\/producto\/tp-link-tl-sg105-switch-tp-link-omada-5ge-desktop-unmanagement\/\",\"name\":\"[ Tp Link ] &#129351; Tl-sg105 Switch Tp-link Omada 5ge Desktop Unmanagement\",\"isPartOf\":{\"@id\":\"https:\/\/compuviper.mx\/tienda\/#website\"},\"datePublished\":\"2026-04-18T07:06:34+00:00\",\"dateModified\":\"2026-04-18T07:06:34+00:00\",\"description\":\"Compra Tl-sg105 Switch Tp-link Omada 5ge Desktop Unmanagement + Env\u00edo a domicilio + Pago seguro + Garant\u00eda\",\"breadcrumb\":{\"@id\":\"https:\/\/compuviper.mx\/tienda\/producto\/tp-link-tl-sg105-switch-tp-link-omada-5ge-desktop-unmanagement\/#breadcrumb\"},\"inLanguage\":\"es-MX\",\"potentialAction\":[{\"@type\":\"ReadAction\",\"target\":[\"https:\/\/compuviper.mx\/tienda\/producto\/tp-link-tl-sg105-switch-tp-link-omada-5ge-desktop-unmanagement\/\"]}]},{\"@type\":\"BreadcrumbList\",\"@id\":\"https:\/\/compuviper.mx\/tienda\/producto\/tp-link-tl-sg105-switch-tp-link-omada-5ge-desktop-unmanagement\/#breadcrumb\",\"itemListElement\":[{\"@type\":\"ListItem\",\"position\":1,\"name\":\"Inicio\",\"item\":\"https:\/\/compuviper.mx\/tienda\/\"},{\"@type\":\"ListItem\",\"position\":2,\"name\":\"Productos\",\"item\":\"https:\/\/compuviper.mx\/tienda\/productos\/\"},{\"@type\":\"ListItem\",\"position\":3,\"name\":\"Redes\",\"item\":\"https:\/\/compuviper.mx\/tienda\/categoria-producto\/redes\/\"},{\"@type\":\"ListItem\",\"position\":4,\"name\":\"Switch\",\"item\":\"https:\/\/compuviper.mx\/tienda\/categoria-producto\/redes\/switch\/\"},{\"@type\":\"ListItem\",\"position\":5,\"name\":\"Tp Link Tl-sg105 Switch Tp-link Omada 5ge Desktop Unmanagement\"}]},{\"@type\":\"WebSite\",\"@id\":\"https:\/\/compuviper.mx\/tienda\/#website\",\"url\":\"https:\/\/compuviper.mx\/tienda\/\",\"name\":\"Compuviper\",\"description\":\"Proveedor de Computadoras, Laptops, Servidores, Monitores, Puntos de Venta, Teclados,   Impresoras, T\u00f3ner, C\u00e1maras de Seguridad y m\u00e1s en tu tienda en l\u00ednea\",\"publisher\":{\"@id\":\"https:\/\/compuviper.mx\/tienda\/#organization\"},\"potentialAction\":[{\"@type\":\"SearchAction\",\"target\":{\"@type\":\"EntryPoint\",\"urlTemplate\":\"https:\/\/compuviper.mx\/tienda\/?s={search_term_string}\"},\"query-input\":\"required name=search_term_string\"}],\"inLanguage\":\"es-MX\"},{\"@type\":\"Organization\",\"@id\":\"https:\/\/compuviper.mx\/tienda\/#organization\",\"name\":\"Compuviper\",\"url\":\"https:\/\/compuviper.mx\/tienda\/\",\"logo\":{\"@type\":\"ImageObject\",\"inLanguage\":\"es-MX\",\"@id\":\"https:\/\/compuviper.mx\/tienda\/#\/schema\/logo\/image\/\",\"url\":\"https:\/\/compuviper.mx\/tienda\/wp-content\/uploads\/2021\/08\/Logo-Compuviper-10.png\",\"contentUrl\":\"https:\/\/compuviper.mx\/tienda\/wp-content\/uploads\/2021\/08\/Logo-Compuviper-10.png\",\"width\":1000,\"height\":500,\"caption\":\"Compuviper\"},\"image\":{\"@id\":\"https:\/\/compuviper.mx\/tienda\/#\/schema\/logo\/image\/\"},\"sameAs\":[\"https:\/\/www.facebook.com\/compuviper\",\"https:\/\/www.youtube.com\/channel\/UCf73dERp9Y3cfOq7q8BhLjA?view_as=subscriber\"]}]}<\/script>\n<meta property=\"product:brand\" content=\"TP LINK\" \/>\n<meta property=\"product:price:amount\" content=\"269\" \/>\n<meta property=\"product:price:currency\" content=\"MXN\" \/>\n<meta property=\"og:availability\" content=\"instock\" \/>\n<meta property=\"product:availability\" content=\"instock\" \/>\n<meta property=\"product:retailer_item_id\" content=\"TL-SG105\" \/>\n<meta property=\"product:condition\" content=\"new\" \/>\n<!-- \/ Yoast SEO plugin. -->","yoast_head_json":{"title":"[ Tp Link ] &#129351; Tl-sg105 Switch Tp-link Omada 5ge Desktop Unmanagement","description":"Compra Tl-sg105 Switch Tp-link Omada 5ge Desktop Unmanagement + Env\u00edo a domicilio + Pago seguro + Garant\u00eda","robots":{"index":"index","follow":"follow","max-snippet":"max-snippet:-1","max-image-preview":"max-image-preview:large","max-video-preview":"max-video-preview:-1"},"canonical":"https:\/\/compuviper.mx\/tienda\/producto\/tp-link-tl-sg105-switch-tp-link-omada-5ge-desktop-unmanagement\/","og_locale":"es_MX","og_type":"article","og_title":"[ Tp Link ] &#129351; Tl-sg105 Switch Tp-link Omada 5ge Desktop Unmanagement","og_description":"Compra Tl-sg105 Switch Tp-link Omada 5ge Desktop Unmanagement + Env\u00edo a domicilio + Pago seguro + Garant\u00eda","og_url":"https:\/\/compuviper.mx\/tienda\/producto\/tp-link-tl-sg105-switch-tp-link-omada-5ge-desktop-unmanagement\/","og_site_name":"Compuviper","article_publisher":"https:\/\/www.facebook.com\/compuviper","og_image":[{"width":200,"height":200,"url":"https:\/\/compuviper.mx\/tienda\/wp-content\/uploads\/2023\/12\/Switch-tp-link-tl-sg105-5-puertos-gigabit-no-administrable-carcasa-metalica-para-escritorio-especificaciones-varian-segun-version-imagen-solo-ilustrativa.jpg","type":"image\/jpeg"}],"twitter_card":"summary_large_image","twitter_misc":{"Precio":"&#36;269 con IVA","Availability":"In stock"},"schema":{"@context":"https:\/\/schema.org","@graph":[{"@type":"WebPage","@id":"https:\/\/compuviper.mx\/tienda\/producto\/tp-link-tl-sg105-switch-tp-link-omada-5ge-desktop-unmanagement\/","url":"https:\/\/compuviper.mx\/tienda\/producto\/tp-link-tl-sg105-switch-tp-link-omada-5ge-desktop-unmanagement\/","name":"[ Tp Link ] &#129351; Tl-sg105 Switch Tp-link Omada 5ge Desktop Unmanagement","isPartOf":{"@id":"https:\/\/compuviper.mx\/tienda\/#website"},"datePublished":"2026-04-18T07:06:34+00:00","dateModified":"2026-04-18T07:06:34+00:00","description":"Compra Tl-sg105 Switch Tp-link Omada 5ge Desktop Unmanagement + Env\u00edo a domicilio + Pago seguro + Garant\u00eda","breadcrumb":{"@id":"https:\/\/compuviper.mx\/tienda\/producto\/tp-link-tl-sg105-switch-tp-link-omada-5ge-desktop-unmanagement\/#breadcrumb"},"inLanguage":"es-MX","potentialAction":[{"@type":"ReadAction","target":["https:\/\/compuviper.mx\/tienda\/producto\/tp-link-tl-sg105-switch-tp-link-omada-5ge-desktop-unmanagement\/"]}]},{"@type":"BreadcrumbList","@id":"https:\/\/compuviper.mx\/tienda\/producto\/tp-link-tl-sg105-switch-tp-link-omada-5ge-desktop-unmanagement\/#breadcrumb","itemListElement":[{"@type":"ListItem","position":1,"name":"Inicio","item":"https:\/\/compuviper.mx\/tienda\/"},{"@type":"ListItem","position":2,"name":"Productos","item":"https:\/\/compuviper.mx\/tienda\/productos\/"},{"@type":"ListItem","position":3,"name":"Redes","item":"https:\/\/compuviper.mx\/tienda\/categoria-producto\/redes\/"},{"@type":"ListItem","position":4,"name":"Switch","item":"https:\/\/compuviper.mx\/tienda\/categoria-producto\/redes\/switch\/"},{"@type":"ListItem","position":5,"name":"Tp Link Tl-sg105 Switch Tp-link Omada 5ge Desktop Unmanagement"}]},{"@type":"WebSite","@id":"https:\/\/compuviper.mx\/tienda\/#website","url":"https:\/\/compuviper.mx\/tienda\/","name":"Compuviper","description":"Proveedor de Computadoras, Laptops, Servidores, Monitores, Puntos de Venta, Teclados,   Impresoras, T\u00f3ner, C\u00e1maras de Seguridad y m\u00e1s en tu tienda en l\u00ednea","publisher":{"@id":"https:\/\/compuviper.mx\/tienda\/#organization"},"potentialAction":[{"@type":"SearchAction","target":{"@type":"EntryPoint","urlTemplate":"https:\/\/compuviper.mx\/tienda\/?s={search_term_string}"},"query-input":"required name=search_term_string"}],"inLanguage":"es-MX"},{"@type":"Organization","@id":"https:\/\/compuviper.mx\/tienda\/#organization","name":"Compuviper","url":"https:\/\/compuviper.mx\/tienda\/","logo":{"@type":"ImageObject","inLanguage":"es-MX","@id":"https:\/\/compuviper.mx\/tienda\/#\/schema\/logo\/image\/","url":"https:\/\/compuviper.mx\/tienda\/wp-content\/uploads\/2021\/08\/Logo-Compuviper-10.png","contentUrl":"https:\/\/compuviper.mx\/tienda\/wp-content\/uploads\/2021\/08\/Logo-Compuviper-10.png","width":1000,"height":500,"caption":"Compuviper"},"image":{"@id":"https:\/\/compuviper.mx\/tienda\/#\/schema\/logo\/image\/"},"sameAs":["https:\/\/www.facebook.com\/compuviper","https:\/\/www.youtube.com\/channel\/UCf73dERp9Y3cfOq7q8BhLjA?view_as=subscriber"]}]},"product_brand":"TP LINK","product_price_amount":"269","product_price_currency":"MXN","og_availability":"instock","product_availability":"instock","product_retailer_item_id":"TL-SG105","product_condition":"new"},"_links":{"self":[{"href":"https:\/\/compuviper.mx\/tienda\/wp-json\/wp\/v2\/product\/220580"}],"collection":[{"href":"https:\/\/compuviper.mx\/tienda\/wp-json\/wp\/v2\/product"}],"about":[{"href":"https:\/\/compuviper.mx\/tienda\/wp-json\/wp\/v2\/types\/product"}],"replies":[{"embeddable":true,"href":"https:\/\/compuviper.mx\/tienda\/wp-json\/wp\/v2\/comments?post=220580"}],"wp:featuredmedia":[{"embeddable":true,"href":"https:\/\/compuviper.mx\/tienda\/wp-json\/wp\/v2\/media\/220581"}],"wp:attachment":[{"href":"https:\/\/compuviper.mx\/tienda\/wp-json\/wp\/v2\/media?parent=220580"}],"wp:term":[{"taxonomy":"product_cat","embeddable":true,"href":"https:\/\/compuviper.mx\/tienda\/wp-json\/wp\/v2\/product_cat?post=220580"},{"taxonomy":"product_tag","embeddable":true,"href":"https:\/\/compuviper.mx\/tienda\/wp-json\/wp\/v2\/product_tag?post=220580"}],"curies":[{"name":"wp","href":"https:\/\/api.w.org\/{rel}","templated":true}]}}