{"id":220570,"date":"2026-04-02T01:02:18","date_gmt":"2026-04-02T07:02:18","guid":{"rendered":"https:\/\/compuviper.mx\/tienda\/producto\/tp-link-tl-wn8200nd-tarjeta-de-red-tp-link-usb-300mbps-2-antenas-desmontables\/"},"modified":"2026-04-02T01:02:18","modified_gmt":"2026-04-02T07:02:18","slug":"tp-link-tl-wn8200nd-tarjeta-de-red-tp-link-usb-300mbps-2-antenas-desmontables","status":"publish","type":"product","link":"https:\/\/compuviper.mx\/tienda\/producto\/tp-link-tl-wn8200nd-tarjeta-de-red-tp-link-usb-300mbps-2-antenas-desmontables\/","title":{"rendered":"Tp Link Tl-wn8200nd Tarjeta De Red | Tp-link |  | Usb | 300mbps | 2 Antenas Desmontables"},"content":{"rendered":"<table class=\"descripcion\">\n<tr>\n<td>Caracter\u00edsticas de hardware<\/td>\n<\/tr>\n<tr>\n<td>Interfaz: mini usb<\/td>\n<\/tr>\n<tr>\n<td>Bot\u00f3n: wps<\/td>\n<\/tr>\n<tr>\n<td>Est\u00e1ndares inal\u00e1mbricos: ieee 802.11n, ieee 802.11g, ieee 802.11b<\/td>\n<\/tr>\n<tr>\n<td>Dimensiones (w x d x h): 90.8 * 60.7 * 24 mm<\/td>\n<\/tr>\n<tr>\n<td>Tipo de antena: 2 antenas desmontables omnidireccionales (rp-sma)<\/td>\n<\/tr>\n<tr>\n<td>Ganancia de antena: 5dbi<\/td>\n<\/tr>\n<tr>\n<td>Caracter\u00edsticas inal\u00e1mbricas<\/td>\n<\/tr>\n<tr>\n<td>Frecuencia: 2.4-2.4835ghz<\/td>\n<\/tr>\n<tr>\n<td>Tasa de se\u00f1al: tx hasta 150mbps  \/  rx hasta 300mbps<\/td>\n<\/tr>\n<tr>\n<td>Potencia de transmision:  20dbm (eirp, para pa\u00edses que usan est\u00e1ndares ce)  \/   27dbm (eirp, para pa\u00edses que usan est\u00e1ndares fcc)<\/td>\n<\/tr>\n<tr>\n<td>Modos inal\u00e1mbricos: ad-hoc \/ infraestructura<\/td>\n<\/tr>\n<tr>\n<td>Seguridad inal\u00e1mbrica: 64\/128 bit wep, wpa \/ wpa2, wpa-psk \/ wpa2-psk<\/td>\n<\/tr>\n<tr>\n<td>Otros<\/td>\n<\/tr>\n<tr>\n<td>Contenidos del paquete: tl-wn8200nd  \/  2 antenas desmontables omnifireccionales de 5dbi  \/  cd de instalaci\u00f3n  \/  gu\u00eda de instalaci\u00f3n r\u00e1pida  \/  extensi\u00f3n de cable usb de 1.5m<\/td>\n<\/tr>\n<tr>\n<td>Requisitos del sistema: windows 8 (32 \/ 64bits), windows 7 (32 \/ 64bits), windows vista (32 \/ 64bits), windows xp (32 \/ 64bits)<\/td>\n<\/tr>\n<tr>\n<td>Ambiente: temperatura de funcionamiento: 0\u00bf~40 \u00bf (32 \u00bf~104\u00bf)  \/  temperatura de almacenamiento: -40\u00bf~70 \u00bf (-40 \u00bf~158\u00bf)  \/  humedad de funcionamiento: 10%~90% sin condensaci\u00f3n  \/  humedad de almacenamiento: 5%~90% sin condensaci\u00f3n<\/td>\n<\/tr>\n<\/table>\n","protected":false},"excerpt":{"rendered":"<p>Adaptador usb inal\u00e1mbrico de alta potencia 300mbps. Tl-wn8200nd. * alta potencia y sensibilidad de recepci\u00f3n para ofrecer una distancia de transmisi\u00f3n ultra grande. * velocidades de transmisi\u00f3n de 300mbps ideales para las tareas de banda ancha pesada. * f\u00e1cil encriptaci\u00f3n de seguridad inal\u00e1mbrica con s\u00f3lo presionar el bot\u00f3n wps. * el cable de extensi\u00f3n usb de 1.5 metros permite un uso conveniente. * soporta windows xp \/ vista \/ 7. Tp-link tl-wn8200nd es un adaptador inal\u00e1mbrico de alta potencia de 300 mbps que permite a los usuarios activar tu pc o port\u00e1til con capacidad inal\u00e1mbrica muy potente para ofrecer mejoras de rendimiento. El adaptador adopta el dise\u00f1o de alta potencia que ofrece hasta 10 veces la gama de adaptadores convencionales. Una de las mejores caracter\u00edsticas del tl-wn8200nd es su penetrabilidad fuerte, que puede asegurar efectivamente que la se\u00f1al sigue siendo fiable cuando pasa a trav\u00e9s de m\u00faltiples paredes o pisos. Dos antenas externas desmontables 5dbi. Dos antenas externas de alta ganancia aseguran fuerte capacidad de transmisi\u00f3n y recepci\u00f3n. Las dos antenas desmontables se pueden girar y ajustar en direcciones diferentes para adaptarse a diferentes entornos de funcionamiento. Para a\u00fan m\u00e1s exigentes aplicaciones, las antenas tambi\u00e9n pueden ser reemplazadas con diversas antenas interiores o antenas direccionales (usando conector est\u00e1ndar rp-sma) para mostrar mayor flexibilidad y mayor. Mayor poder para penetrabilidad m\u00e1s fuerte. Con alta potencia de transmisi\u00f3n, el tl-wn8200nd ofrece hasta 10 veces el rango del adaptador de corriente usb normal. Por otra parte, el tl-wn8200nd se presenta con penetrabilidad incre\u00edble y fuerte, por lo que no tiene que estar f\u00edsicamente atado a las paredes o pisos para acceder a internet. Se\u00f1al fiable con el receptor de alta sensibilidad. Tl-wn8200nd cuenta con alta sensibilidad de recepci\u00f3n, lo que podr\u00eda permitir que si te mueves m\u00e1s lejos del punto de acceso, mantiene la misma se\u00f1al inal\u00e1mbrica. En este caso, el uso de tl-wn8200nd significa que no tienes que mover el port\u00e1til como una varita m\u00e1gica, y puedes tomar f\u00e1cilmente la red con su fuerte sensibilidad. Dise\u00f1o de estilo-escritorio y extensi\u00f3n de cable usb de 1.5m. Adem\u00e1s el exterior de moda y novedad, el dise\u00f1o de estilo de escritorio es beneficioso para la recepci\u00f3n de la se\u00f1al en diversos entornos de aplicaci\u00f3n, garantizando la se\u00f1al suave y estable. Y tl-wn8200nd tambi\u00e9n proporciona cable de extensi\u00f3n usb de 1,5 m, conveniente para su instalaci\u00f3n, incluso para los equipos de escritorio. * un bot\u00f3n de seguridad: establece autom\u00e1ticamente una conexi\u00f3n de seguridad wpa al preionar el bot\u00f3n wps. * f\u00e1cil configuraci\u00f3n: o bien mediante el asistente de interfaz de usuario y la configuraci\u00f3n optimizada o el asistente de configuraci\u00f3n de cd le permitir\u00e1 obtener &#8216;online&#8217; de forma r\u00e1pida y sencilla.<\/p>\n","protected":false},"featured_media":220571,"comment_status":"open","ping_status":"open","template":"","meta":[],"product_cat":[1563,1572],"product_tag":[1562],"acf":[],"yoast_head":"<!-- This site is optimized with the Yoast SEO plugin v21.7 - https:\/\/yoast.com\/wordpress\/plugins\/seo\/ -->\n<title>[ Tp Link ] &#129351; Tl-wn8200nd Tarjeta De Red | Tp-link | | Usb | 300mbps | 2 Antenas Desmontables<\/title>\n<meta name=\"description\" content=\"Compra Tl-wn8200nd Tarjeta De Red | Tp-link | | Usb | 300mbps | 2 Antenas Desmontables + Env\u00edo a domicilio + Pago seguro + Garant\u00eda\" \/>\n<meta name=\"robots\" content=\"index, follow, max-snippet:-1, max-image-preview:large, max-video-preview:-1\" \/>\n<link rel=\"canonical\" href=\"https:\/\/compuviper.mx\/tienda\/producto\/tp-link-tl-wn8200nd-tarjeta-de-red-tp-link-usb-300mbps-2-antenas-desmontables\/\" \/>\n<meta property=\"og:locale\" content=\"es_MX\" \/>\n<meta property=\"og:type\" content=\"article\" \/>\n<meta property=\"og:title\" content=\"[ Tp Link ] &#129351; Tl-wn8200nd Tarjeta De Red | Tp-link | | Usb | 300mbps | 2 Antenas Desmontables\" \/>\n<meta property=\"og:description\" content=\"Compra Tl-wn8200nd Tarjeta De Red | Tp-link | | Usb | 300mbps | 2 Antenas Desmontables + Env\u00edo a domicilio + Pago seguro + Garant\u00eda\" \/>\n<meta property=\"og:url\" content=\"https:\/\/compuviper.mx\/tienda\/producto\/tp-link-tl-wn8200nd-tarjeta-de-red-tp-link-usb-300mbps-2-antenas-desmontables\/\" \/>\n<meta property=\"og:site_name\" content=\"Compuviper\" \/>\n<meta property=\"article:publisher\" content=\"https:\/\/www.facebook.com\/compuviper\" \/>\n<meta property=\"og:image\" content=\"https:\/\/compuviper.mx\/tienda\/wp-content\/uploads\/2023\/12\/Tarjeta-de-red-tp-link-tl-wn8200nd-usb-300mbps-2-antenas-desmontables.jpg\" \/>\n\t<meta property=\"og:image:width\" content=\"200\" \/>\n\t<meta property=\"og:image:height\" content=\"200\" \/>\n\t<meta property=\"og:image:type\" content=\"image\/jpeg\" \/>\n<meta name=\"twitter:card\" content=\"summary_large_image\" \/>\n<meta name=\"twitter:label1\" content=\"Precio\" \/>\n\t<meta name=\"twitter:data1\" content=\"&#36;266 con IVA\" \/>\n\t<meta name=\"twitter:label2\" content=\"Availability\" \/>\n\t<meta name=\"twitter:data2\" content=\"In stock\" \/>\n<script type=\"application\/ld+json\" class=\"yoast-schema-graph\">{\"@context\":\"https:\/\/schema.org\",\"@graph\":[{\"@type\":\"WebPage\",\"@id\":\"https:\/\/compuviper.mx\/tienda\/producto\/tp-link-tl-wn8200nd-tarjeta-de-red-tp-link-usb-300mbps-2-antenas-desmontables\/\",\"url\":\"https:\/\/compuviper.mx\/tienda\/producto\/tp-link-tl-wn8200nd-tarjeta-de-red-tp-link-usb-300mbps-2-antenas-desmontables\/\",\"name\":\"[ Tp Link ] &#129351; Tl-wn8200nd Tarjeta De Red | Tp-link | | Usb | 300mbps | 2 Antenas Desmontables\",\"isPartOf\":{\"@id\":\"https:\/\/compuviper.mx\/tienda\/#website\"},\"datePublished\":\"2026-04-02T07:02:18+00:00\",\"dateModified\":\"2026-04-02T07:02:18+00:00\",\"description\":\"Compra Tl-wn8200nd Tarjeta De Red | Tp-link | | Usb | 300mbps | 2 Antenas Desmontables + Env\u00edo a domicilio + Pago seguro + Garant\u00eda\",\"breadcrumb\":{\"@id\":\"https:\/\/compuviper.mx\/tienda\/producto\/tp-link-tl-wn8200nd-tarjeta-de-red-tp-link-usb-300mbps-2-antenas-desmontables\/#breadcrumb\"},\"inLanguage\":\"es-MX\",\"potentialAction\":[{\"@type\":\"ReadAction\",\"target\":[\"https:\/\/compuviper.mx\/tienda\/producto\/tp-link-tl-wn8200nd-tarjeta-de-red-tp-link-usb-300mbps-2-antenas-desmontables\/\"]}]},{\"@type\":\"BreadcrumbList\",\"@id\":\"https:\/\/compuviper.mx\/tienda\/producto\/tp-link-tl-wn8200nd-tarjeta-de-red-tp-link-usb-300mbps-2-antenas-desmontables\/#breadcrumb\",\"itemListElement\":[{\"@type\":\"ListItem\",\"position\":1,\"name\":\"Inicio\",\"item\":\"https:\/\/compuviper.mx\/tienda\/\"},{\"@type\":\"ListItem\",\"position\":2,\"name\":\"Productos\",\"item\":\"https:\/\/compuviper.mx\/tienda\/productos\/\"},{\"@type\":\"ListItem\",\"position\":3,\"name\":\"Redes\",\"item\":\"https:\/\/compuviper.mx\/tienda\/categoria-producto\/redes\/\"},{\"@type\":\"ListItem\",\"position\":4,\"name\":\"Tarjetas De Red\",\"item\":\"https:\/\/compuviper.mx\/tienda\/categoria-producto\/redes\/tarjetas-de-red\/\"},{\"@type\":\"ListItem\",\"position\":5,\"name\":\"Tp Link Tl-wn8200nd Tarjeta De Red | Tp-link | | Usb | 300mbps | 2 Antenas Desmontables\"}]},{\"@type\":\"WebSite\",\"@id\":\"https:\/\/compuviper.mx\/tienda\/#website\",\"url\":\"https:\/\/compuviper.mx\/tienda\/\",\"name\":\"Compuviper\",\"description\":\"Proveedor de Computadoras, Laptops, Servidores, Monitores, Puntos de Venta, Teclados,   Impresoras, T\u00f3ner, C\u00e1maras de Seguridad y m\u00e1s en tu tienda en l\u00ednea\",\"publisher\":{\"@id\":\"https:\/\/compuviper.mx\/tienda\/#organization\"},\"potentialAction\":[{\"@type\":\"SearchAction\",\"target\":{\"@type\":\"EntryPoint\",\"urlTemplate\":\"https:\/\/compuviper.mx\/tienda\/?s={search_term_string}\"},\"query-input\":\"required name=search_term_string\"}],\"inLanguage\":\"es-MX\"},{\"@type\":\"Organization\",\"@id\":\"https:\/\/compuviper.mx\/tienda\/#organization\",\"name\":\"Compuviper\",\"url\":\"https:\/\/compuviper.mx\/tienda\/\",\"logo\":{\"@type\":\"ImageObject\",\"inLanguage\":\"es-MX\",\"@id\":\"https:\/\/compuviper.mx\/tienda\/#\/schema\/logo\/image\/\",\"url\":\"https:\/\/compuviper.mx\/tienda\/wp-content\/uploads\/2021\/08\/Logo-Compuviper-10.png\",\"contentUrl\":\"https:\/\/compuviper.mx\/tienda\/wp-content\/uploads\/2021\/08\/Logo-Compuviper-10.png\",\"width\":1000,\"height\":500,\"caption\":\"Compuviper\"},\"image\":{\"@id\":\"https:\/\/compuviper.mx\/tienda\/#\/schema\/logo\/image\/\"},\"sameAs\":[\"https:\/\/www.facebook.com\/compuviper\",\"https:\/\/www.youtube.com\/channel\/UCf73dERp9Y3cfOq7q8BhLjA?view_as=subscriber\"]}]}<\/script>\n<meta property=\"product:brand\" content=\"TP LINK\" \/>\n<meta property=\"product:price:amount\" content=\"266\" \/>\n<meta property=\"product:price:currency\" content=\"MXN\" \/>\n<meta property=\"og:availability\" content=\"instock\" \/>\n<meta property=\"product:availability\" content=\"instock\" \/>\n<meta property=\"product:retailer_item_id\" content=\"TL-WN8200ND\" \/>\n<meta property=\"product:condition\" content=\"new\" \/>\n<!-- \/ Yoast SEO plugin. -->","yoast_head_json":{"title":"[ Tp Link ] &#129351; Tl-wn8200nd Tarjeta De Red | Tp-link | | Usb | 300mbps | 2 Antenas Desmontables","description":"Compra Tl-wn8200nd Tarjeta De Red | Tp-link | | Usb | 300mbps | 2 Antenas Desmontables + Env\u00edo a domicilio + Pago seguro + Garant\u00eda","robots":{"index":"index","follow":"follow","max-snippet":"max-snippet:-1","max-image-preview":"max-image-preview:large","max-video-preview":"max-video-preview:-1"},"canonical":"https:\/\/compuviper.mx\/tienda\/producto\/tp-link-tl-wn8200nd-tarjeta-de-red-tp-link-usb-300mbps-2-antenas-desmontables\/","og_locale":"es_MX","og_type":"article","og_title":"[ Tp Link ] &#129351; Tl-wn8200nd Tarjeta De Red | Tp-link | | Usb | 300mbps | 2 Antenas Desmontables","og_description":"Compra Tl-wn8200nd Tarjeta De Red | Tp-link | | Usb | 300mbps | 2 Antenas Desmontables + Env\u00edo a domicilio + Pago seguro + Garant\u00eda","og_url":"https:\/\/compuviper.mx\/tienda\/producto\/tp-link-tl-wn8200nd-tarjeta-de-red-tp-link-usb-300mbps-2-antenas-desmontables\/","og_site_name":"Compuviper","article_publisher":"https:\/\/www.facebook.com\/compuviper","og_image":[{"width":200,"height":200,"url":"https:\/\/compuviper.mx\/tienda\/wp-content\/uploads\/2023\/12\/Tarjeta-de-red-tp-link-tl-wn8200nd-usb-300mbps-2-antenas-desmontables.jpg","type":"image\/jpeg"}],"twitter_card":"summary_large_image","twitter_misc":{"Precio":"&#36;266 con IVA","Availability":"In stock"},"schema":{"@context":"https:\/\/schema.org","@graph":[{"@type":"WebPage","@id":"https:\/\/compuviper.mx\/tienda\/producto\/tp-link-tl-wn8200nd-tarjeta-de-red-tp-link-usb-300mbps-2-antenas-desmontables\/","url":"https:\/\/compuviper.mx\/tienda\/producto\/tp-link-tl-wn8200nd-tarjeta-de-red-tp-link-usb-300mbps-2-antenas-desmontables\/","name":"[ Tp Link ] &#129351; Tl-wn8200nd Tarjeta De Red | Tp-link | | Usb | 300mbps | 2 Antenas Desmontables","isPartOf":{"@id":"https:\/\/compuviper.mx\/tienda\/#website"},"datePublished":"2026-04-02T07:02:18+00:00","dateModified":"2026-04-02T07:02:18+00:00","description":"Compra Tl-wn8200nd Tarjeta De Red | Tp-link | | Usb | 300mbps | 2 Antenas Desmontables + Env\u00edo a domicilio + Pago seguro + Garant\u00eda","breadcrumb":{"@id":"https:\/\/compuviper.mx\/tienda\/producto\/tp-link-tl-wn8200nd-tarjeta-de-red-tp-link-usb-300mbps-2-antenas-desmontables\/#breadcrumb"},"inLanguage":"es-MX","potentialAction":[{"@type":"ReadAction","target":["https:\/\/compuviper.mx\/tienda\/producto\/tp-link-tl-wn8200nd-tarjeta-de-red-tp-link-usb-300mbps-2-antenas-desmontables\/"]}]},{"@type":"BreadcrumbList","@id":"https:\/\/compuviper.mx\/tienda\/producto\/tp-link-tl-wn8200nd-tarjeta-de-red-tp-link-usb-300mbps-2-antenas-desmontables\/#breadcrumb","itemListElement":[{"@type":"ListItem","position":1,"name":"Inicio","item":"https:\/\/compuviper.mx\/tienda\/"},{"@type":"ListItem","position":2,"name":"Productos","item":"https:\/\/compuviper.mx\/tienda\/productos\/"},{"@type":"ListItem","position":3,"name":"Redes","item":"https:\/\/compuviper.mx\/tienda\/categoria-producto\/redes\/"},{"@type":"ListItem","position":4,"name":"Tarjetas De Red","item":"https:\/\/compuviper.mx\/tienda\/categoria-producto\/redes\/tarjetas-de-red\/"},{"@type":"ListItem","position":5,"name":"Tp Link Tl-wn8200nd Tarjeta De Red | Tp-link | | Usb | 300mbps | 2 Antenas Desmontables"}]},{"@type":"WebSite","@id":"https:\/\/compuviper.mx\/tienda\/#website","url":"https:\/\/compuviper.mx\/tienda\/","name":"Compuviper","description":"Proveedor de Computadoras, Laptops, Servidores, Monitores, Puntos de Venta, Teclados,   Impresoras, T\u00f3ner, C\u00e1maras de Seguridad y m\u00e1s en tu tienda en l\u00ednea","publisher":{"@id":"https:\/\/compuviper.mx\/tienda\/#organization"},"potentialAction":[{"@type":"SearchAction","target":{"@type":"EntryPoint","urlTemplate":"https:\/\/compuviper.mx\/tienda\/?s={search_term_string}"},"query-input":"required name=search_term_string"}],"inLanguage":"es-MX"},{"@type":"Organization","@id":"https:\/\/compuviper.mx\/tienda\/#organization","name":"Compuviper","url":"https:\/\/compuviper.mx\/tienda\/","logo":{"@type":"ImageObject","inLanguage":"es-MX","@id":"https:\/\/compuviper.mx\/tienda\/#\/schema\/logo\/image\/","url":"https:\/\/compuviper.mx\/tienda\/wp-content\/uploads\/2021\/08\/Logo-Compuviper-10.png","contentUrl":"https:\/\/compuviper.mx\/tienda\/wp-content\/uploads\/2021\/08\/Logo-Compuviper-10.png","width":1000,"height":500,"caption":"Compuviper"},"image":{"@id":"https:\/\/compuviper.mx\/tienda\/#\/schema\/logo\/image\/"},"sameAs":["https:\/\/www.facebook.com\/compuviper","https:\/\/www.youtube.com\/channel\/UCf73dERp9Y3cfOq7q8BhLjA?view_as=subscriber"]}]},"product_brand":"TP LINK","product_price_amount":"266","product_price_currency":"MXN","og_availability":"instock","product_availability":"instock","product_retailer_item_id":"TL-WN8200ND","product_condition":"new"},"_links":{"self":[{"href":"https:\/\/compuviper.mx\/tienda\/wp-json\/wp\/v2\/product\/220570"}],"collection":[{"href":"https:\/\/compuviper.mx\/tienda\/wp-json\/wp\/v2\/product"}],"about":[{"href":"https:\/\/compuviper.mx\/tienda\/wp-json\/wp\/v2\/types\/product"}],"replies":[{"embeddable":true,"href":"https:\/\/compuviper.mx\/tienda\/wp-json\/wp\/v2\/comments?post=220570"}],"wp:featuredmedia":[{"embeddable":true,"href":"https:\/\/compuviper.mx\/tienda\/wp-json\/wp\/v2\/media\/220571"}],"wp:attachment":[{"href":"https:\/\/compuviper.mx\/tienda\/wp-json\/wp\/v2\/media?parent=220570"}],"wp:term":[{"taxonomy":"product_cat","embeddable":true,"href":"https:\/\/compuviper.mx\/tienda\/wp-json\/wp\/v2\/product_cat?post=220570"},{"taxonomy":"product_tag","embeddable":true,"href":"https:\/\/compuviper.mx\/tienda\/wp-json\/wp\/v2\/product_tag?post=220570"}],"curies":[{"name":"wp","href":"https:\/\/api.w.org\/{rel}","templated":true}]}}