{"id":220568,"date":"2026-04-02T01:02:17","date_gmt":"2026-04-02T07:02:17","guid":{"rendered":"https:\/\/compuviper.mx\/tienda\/producto\/tp-link-tl-wn881nd-tarjeta-de-red-tp-link-pci-express-x1-inalambrica-2-antenas-desmontables-bracket-bajo-perfil-300-mbps\/"},"modified":"2026-04-02T01:02:18","modified_gmt":"2026-04-02T07:02:18","slug":"tp-link-tl-wn881nd-tarjeta-de-red-tp-link-pci-express-x1-inalambrica-2-antenas-desmontables-bracket-bajo-perfil-300-mbps","status":"publish","type":"product","link":"https:\/\/compuviper.mx\/tienda\/producto\/tp-link-tl-wn881nd-tarjeta-de-red-tp-link-pci-express-x1-inalambrica-2-antenas-desmontables-bracket-bajo-perfil-300-mbps\/","title":{"rendered":"Tp Link Tl-wn881nd Tarjeta De Red | Tp-link | | Pci Express X1 | Inalambrica 2 Antenas Desmontables | Bracket Bajo Perfil | 300 Mbps"},"content":{"rendered":"<table class=\"descripcion\">\n<tr>\n<td>Caracter\u00edsticas de hardware<\/td>\n<\/tr>\n<tr>\n<td>Interfaz: pci express (x1)<\/td>\n<\/tr>\n<tr>\n<td>Dimensiones (w x d x h): 4.8 x 3.1 x 0.8 pulgadas. (120.8 x 78.5 x 21.5mm)<\/td>\n<\/tr>\n<tr>\n<td>Tipo de antena: desmontable omnidireccional (rp-sma)<\/td>\n<\/tr>\n<tr>\n<td>Ganancia de antena: 2dbi<\/td>\n<\/tr>\n<tr>\n<td>Caracter\u00edsticas inal\u00e1mbricas<\/td>\n<\/tr>\n<tr>\n<td>Est\u00e1ndares inal\u00e1mbricos: ieee 802.11n, ieee 802.11g, ieee 802.11b<\/td>\n<\/tr>\n<tr>\n<td>Frecuencia. 2.400-2.4835ghz<\/td>\n<\/tr>\n<tr>\n<td>Tasa de se\u00f1al: 11n: hasta 300mbps(din\u00e1mica)  \/  11g: hasta 54mbps(din\u00e1mica)  \/  11b: hasta 11mbps(din\u00e1mica)<\/td>\n<\/tr>\n<tr>\n<td>Sensibilidad de recepci\u00f3n: 270m: -68dbm @ 10% para  \/  130m: -68dbm @ 10% para  \/  108m: -73dbm @ 10% para  \/  54m: -73dbm @ 10% para  \/  11m: -89dbm @ 8% para<\/td>\n<\/tr>\n<tr>\n<td>6m: -87dbm @ 10% para  \/  1m: -90dbm @ 8% per<\/td>\n<\/tr>\n<tr>\n<td>Potencia de transmision:  20dbm (eirp)<\/td>\n<\/tr>\n<tr>\n<td>Modos inal\u00e1mbricos: modo ad-hoc \/ infraestructura<\/td>\n<\/tr>\n<tr>\n<td>Seguridad inal\u00e1mbrica: soporta 64\/128 bit wep, wpa-psk\/wpa2-psk<\/td>\n<\/tr>\n<tr>\n<td>Tecnolog\u00eda de modulaci\u00f3n: dbpsk, dqpsk, cck, ofdm, 16-qam, 64-qam<\/td>\n<\/tr>\n<tr>\n<td>Otros<\/td>\n<\/tr>\n<tr>\n<td>Certificaci\u00f3n: ce, fcc, rohs<\/td>\n<\/tr>\n<tr>\n<td>Contenidos del paquete: adaptador inal\u00e1mbrico  \/  2 antenas desmontables omnidireccionales  \/  cd de instalaci\u00f3n  \/  gu\u00eda de instalaci\u00f3n r\u00e1pida<\/td>\n<\/tr>\n<tr>\n<td>Requisitos del sistema: windows 8 (32 \/ 64bits), windows 7 (32 \/ 64bits), windows vista (32 \/ 64bits), windows xp (32 \/ 64bits)<\/td>\n<\/tr>\n<tr>\n<td>Ambiente: temperatura de funcionamiento: 0\u00bf~40 \u00bf (32 \u00bf~104\u00bf)  \/  temperatura de almacenamiento: -40\u00bf~70 \u00bf (-40 \u00bf~158\u00bf)  \/  humedad de funcionamiento: 10%~90% sin condensaci\u00f3n  \/  humedad de almacenamiento: 5%~90% sin condensaci\u00f3n<\/td>\n<\/tr>\n<\/table>\n","protected":false},"excerpt":{"rendered":"<p>Adaptador inal\u00e1mbrico pci express n 300mbps. Tl-wn881nd. * velocidad inal\u00e1mbrica n de hasta 300 mbps es ideal para la difusi\u00f3n de v\u00eddeo, juegos en l\u00ednea y las llamadas por internet. * la tecnolog\u00eda mimo con mayor fuerza la penetraci\u00f3n de la se\u00f1al, mayor cobertura inal\u00e1mbrica, proporcionando un mejor rendimiento y estabilidad. * f\u00e1cil configuraci\u00f3n de una conexi\u00f3n inal\u00e1mbrica segura con muy \u00bf wps (wi-fi protected setup. El adaptador pci express 2.0 (x1) inal\u00e1mbrico n tl-wn881nd le permite conectar una computadora de escritorio a una red inal\u00e1mbrica y la conexi\u00f3n a internet de alta velocidad de acceso. Cumpliendo con el est\u00e1ndar ieee 802.11n, que proporciona velocidad inal\u00e1mbrica de hasta 300mbps, lo cual es beneficioso para juegos en l\u00ednea o incluso hd streaming de video. Rango y velocidad inal\u00e1mbrica n. La tecnolog\u00eda mimo (entrada m\u00faltiple, salida m\u00faltiple), que muestra m\u00e1s excelentes capacidades de mitigaci\u00f3n de la p\u00e9rdida de datos a largas distancias a trav\u00e9s de obst\u00e1culos en una oficina peque\u00f1a o un apartamento grande, incluso en un edificio de acero y concreto. Por encima de todo, se puede tomar f\u00e1cilmente la red inal\u00e1mbrica durante la conexi\u00f3n a larga distancia donde los productos 11g no. Tecnolog\u00eda cca &#8211; se\u00f1ales inal\u00e1mbricas estables. Clear channel assessment (cca) evita autom\u00e1ticamente los conflictos de canal usando su caracter\u00edstica de selecci\u00f3n de canal claro y plenamente consciente de las ventajas de la uni\u00f3n de canal, mejora en gran medida el rendimiento inal\u00e1mbrico. * encripciones wpa\/wpa2: est\u00e1ndares de encriptaci\u00f3n wpa\/wpa2 garantizan que la conexi\u00f3n inal\u00e1mbrica est\u00e1 a salvo de intrusos. * f\u00e1cil configuraci\u00f3n: o bien mediante el asistente de interfaz de usuario y la configuraci\u00f3n optimizada o el asistente de configuraci\u00f3n de cd le permitir\u00e1 obtener &#8216;online&#8217; de forma r\u00e1pida y sencilla.<\/p>\n","protected":false},"featured_media":220569,"comment_status":"open","ping_status":"open","template":"","meta":[],"product_cat":[1563,1572],"product_tag":[1562],"acf":[],"yoast_head":"<!-- This site is optimized with the Yoast SEO plugin v21.7 - https:\/\/yoast.com\/wordpress\/plugins\/seo\/ -->\n<title>[ Tp Link ] &#129351; Tl-wn881nd Tarjeta De Red | Tp-link | | Pci Express X1 | Inalambrica 2 Antenas Desmontables | Bracket Bajo Perfil | 300 Mbps<\/title>\n<meta name=\"description\" content=\"Compra Tl-wn881nd Tarjeta De Red | Tp-link | | Pci Express X1 | Inalambrica 2 Antenas Desmontables | Bracket Bajo Perfil | 300 Mbps + Env\u00edo a domicilio + Pago seguro + Garant\u00eda\" \/>\n<meta name=\"robots\" content=\"index, follow, max-snippet:-1, max-image-preview:large, max-video-preview:-1\" \/>\n<link rel=\"canonical\" href=\"https:\/\/compuviper.mx\/tienda\/producto\/tp-link-tl-wn881nd-tarjeta-de-red-tp-link-pci-express-x1-inalambrica-2-antenas-desmontables-bracket-bajo-perfil-300-mbps\/\" \/>\n<meta property=\"og:locale\" content=\"es_MX\" \/>\n<meta property=\"og:type\" content=\"article\" \/>\n<meta property=\"og:title\" content=\"[ Tp Link ] &#129351; Tl-wn881nd Tarjeta De Red | Tp-link | | Pci Express X1 | Inalambrica 2 Antenas Desmontables | Bracket Bajo Perfil | 300 Mbps\" \/>\n<meta property=\"og:description\" content=\"Compra Tl-wn881nd Tarjeta De Red | Tp-link | | Pci Express X1 | Inalambrica 2 Antenas Desmontables | Bracket Bajo Perfil | 300 Mbps + Env\u00edo a domicilio + Pago seguro + Garant\u00eda\" \/>\n<meta property=\"og:url\" content=\"https:\/\/compuviper.mx\/tienda\/producto\/tp-link-tl-wn881nd-tarjeta-de-red-tp-link-pci-express-x1-inalambrica-2-antenas-desmontables-bracket-bajo-perfil-300-mbps\/\" \/>\n<meta property=\"og:site_name\" content=\"Compuviper\" \/>\n<meta property=\"article:publisher\" content=\"https:\/\/www.facebook.com\/compuviper\" \/>\n<meta property=\"article:modified_time\" content=\"2026-04-02T07:02:18+00:00\" \/>\n<meta property=\"og:image\" content=\"https:\/\/compuviper.mx\/tienda\/wp-content\/uploads\/2023\/12\/Tarjeta-de-red-tp-link-tl-wn881nd-pci-express-x1-inalambrica-2-antenas-desmontables-bracket-bajo-perfil-300-mbps.jpg\" \/>\n\t<meta property=\"og:image:width\" content=\"200\" \/>\n\t<meta property=\"og:image:height\" content=\"200\" \/>\n\t<meta property=\"og:image:type\" content=\"image\/jpeg\" \/>\n<meta name=\"twitter:card\" content=\"summary_large_image\" \/>\n<meta name=\"twitter:label1\" content=\"Precio\" \/>\n\t<meta name=\"twitter:data1\" content=\"&#36;197 con IVA\" \/>\n\t<meta name=\"twitter:label2\" content=\"Availability\" \/>\n\t<meta name=\"twitter:data2\" content=\"In stock\" \/>\n<script type=\"application\/ld+json\" class=\"yoast-schema-graph\">{\"@context\":\"https:\/\/schema.org\",\"@graph\":[{\"@type\":\"WebPage\",\"@id\":\"https:\/\/compuviper.mx\/tienda\/producto\/tp-link-tl-wn881nd-tarjeta-de-red-tp-link-pci-express-x1-inalambrica-2-antenas-desmontables-bracket-bajo-perfil-300-mbps\/\",\"url\":\"https:\/\/compuviper.mx\/tienda\/producto\/tp-link-tl-wn881nd-tarjeta-de-red-tp-link-pci-express-x1-inalambrica-2-antenas-desmontables-bracket-bajo-perfil-300-mbps\/\",\"name\":\"[ Tp Link ] &#129351; Tl-wn881nd Tarjeta De Red | Tp-link | | Pci Express X1 | Inalambrica 2 Antenas Desmontables | Bracket Bajo Perfil | 300 Mbps\",\"isPartOf\":{\"@id\":\"https:\/\/compuviper.mx\/tienda\/#website\"},\"datePublished\":\"2026-04-02T07:02:17+00:00\",\"dateModified\":\"2026-04-02T07:02:18+00:00\",\"description\":\"Compra Tl-wn881nd Tarjeta De Red | Tp-link | | Pci Express X1 | Inalambrica 2 Antenas Desmontables | Bracket Bajo Perfil | 300 Mbps + Env\u00edo a domicilio + Pago seguro + Garant\u00eda\",\"breadcrumb\":{\"@id\":\"https:\/\/compuviper.mx\/tienda\/producto\/tp-link-tl-wn881nd-tarjeta-de-red-tp-link-pci-express-x1-inalambrica-2-antenas-desmontables-bracket-bajo-perfil-300-mbps\/#breadcrumb\"},\"inLanguage\":\"es-MX\",\"potentialAction\":[{\"@type\":\"ReadAction\",\"target\":[\"https:\/\/compuviper.mx\/tienda\/producto\/tp-link-tl-wn881nd-tarjeta-de-red-tp-link-pci-express-x1-inalambrica-2-antenas-desmontables-bracket-bajo-perfil-300-mbps\/\"]}]},{\"@type\":\"BreadcrumbList\",\"@id\":\"https:\/\/compuviper.mx\/tienda\/producto\/tp-link-tl-wn881nd-tarjeta-de-red-tp-link-pci-express-x1-inalambrica-2-antenas-desmontables-bracket-bajo-perfil-300-mbps\/#breadcrumb\",\"itemListElement\":[{\"@type\":\"ListItem\",\"position\":1,\"name\":\"Inicio\",\"item\":\"https:\/\/compuviper.mx\/tienda\/\"},{\"@type\":\"ListItem\",\"position\":2,\"name\":\"Productos\",\"item\":\"https:\/\/compuviper.mx\/tienda\/productos\/\"},{\"@type\":\"ListItem\",\"position\":3,\"name\":\"Redes\",\"item\":\"https:\/\/compuviper.mx\/tienda\/categoria-producto\/redes\/\"},{\"@type\":\"ListItem\",\"position\":4,\"name\":\"Tarjetas De Red\",\"item\":\"https:\/\/compuviper.mx\/tienda\/categoria-producto\/redes\/tarjetas-de-red\/\"},{\"@type\":\"ListItem\",\"position\":5,\"name\":\"Tp Link Tl-wn881nd Tarjeta De Red | Tp-link | | Pci Express X1 | Inalambrica 2 Antenas Desmontables | Bracket Bajo Perfil | 300 Mbps\"}]},{\"@type\":\"WebSite\",\"@id\":\"https:\/\/compuviper.mx\/tienda\/#website\",\"url\":\"https:\/\/compuviper.mx\/tienda\/\",\"name\":\"Compuviper\",\"description\":\"Proveedor de Computadoras, Laptops, Servidores, Monitores, Puntos de Venta, Teclados,   Impresoras, T\u00f3ner, C\u00e1maras de Seguridad y m\u00e1s en tu tienda en l\u00ednea\",\"publisher\":{\"@id\":\"https:\/\/compuviper.mx\/tienda\/#organization\"},\"potentialAction\":[{\"@type\":\"SearchAction\",\"target\":{\"@type\":\"EntryPoint\",\"urlTemplate\":\"https:\/\/compuviper.mx\/tienda\/?s={search_term_string}\"},\"query-input\":\"required name=search_term_string\"}],\"inLanguage\":\"es-MX\"},{\"@type\":\"Organization\",\"@id\":\"https:\/\/compuviper.mx\/tienda\/#organization\",\"name\":\"Compuviper\",\"url\":\"https:\/\/compuviper.mx\/tienda\/\",\"logo\":{\"@type\":\"ImageObject\",\"inLanguage\":\"es-MX\",\"@id\":\"https:\/\/compuviper.mx\/tienda\/#\/schema\/logo\/image\/\",\"url\":\"https:\/\/compuviper.mx\/tienda\/wp-content\/uploads\/2021\/08\/Logo-Compuviper-10.png\",\"contentUrl\":\"https:\/\/compuviper.mx\/tienda\/wp-content\/uploads\/2021\/08\/Logo-Compuviper-10.png\",\"width\":1000,\"height\":500,\"caption\":\"Compuviper\"},\"image\":{\"@id\":\"https:\/\/compuviper.mx\/tienda\/#\/schema\/logo\/image\/\"},\"sameAs\":[\"https:\/\/www.facebook.com\/compuviper\",\"https:\/\/www.youtube.com\/channel\/UCf73dERp9Y3cfOq7q8BhLjA?view_as=subscriber\"]}]}<\/script>\n<meta property=\"product:brand\" content=\"TP LINK\" \/>\n<meta property=\"product:price:amount\" content=\"197\" \/>\n<meta property=\"product:price:currency\" content=\"MXN\" \/>\n<meta property=\"og:availability\" content=\"instock\" \/>\n<meta property=\"product:availability\" content=\"instock\" \/>\n<meta property=\"product:retailer_item_id\" content=\"TL-WN881ND\" \/>\n<meta property=\"product:condition\" content=\"new\" \/>\n<!-- \/ Yoast SEO plugin. -->","yoast_head_json":{"title":"[ Tp Link ] &#129351; Tl-wn881nd Tarjeta De Red | Tp-link | | Pci Express X1 | Inalambrica 2 Antenas Desmontables | Bracket Bajo Perfil | 300 Mbps","description":"Compra Tl-wn881nd Tarjeta De Red | Tp-link | | Pci Express X1 | Inalambrica 2 Antenas Desmontables | Bracket Bajo Perfil | 300 Mbps + Env\u00edo a domicilio + Pago seguro + Garant\u00eda","robots":{"index":"index","follow":"follow","max-snippet":"max-snippet:-1","max-image-preview":"max-image-preview:large","max-video-preview":"max-video-preview:-1"},"canonical":"https:\/\/compuviper.mx\/tienda\/producto\/tp-link-tl-wn881nd-tarjeta-de-red-tp-link-pci-express-x1-inalambrica-2-antenas-desmontables-bracket-bajo-perfil-300-mbps\/","og_locale":"es_MX","og_type":"article","og_title":"[ Tp Link ] &#129351; Tl-wn881nd Tarjeta De Red | Tp-link | | Pci Express X1 | Inalambrica 2 Antenas Desmontables | Bracket Bajo Perfil | 300 Mbps","og_description":"Compra Tl-wn881nd Tarjeta De Red | Tp-link | | Pci Express X1 | Inalambrica 2 Antenas Desmontables | Bracket Bajo Perfil | 300 Mbps + Env\u00edo a domicilio + Pago seguro + Garant\u00eda","og_url":"https:\/\/compuviper.mx\/tienda\/producto\/tp-link-tl-wn881nd-tarjeta-de-red-tp-link-pci-express-x1-inalambrica-2-antenas-desmontables-bracket-bajo-perfil-300-mbps\/","og_site_name":"Compuviper","article_publisher":"https:\/\/www.facebook.com\/compuviper","article_modified_time":"2026-04-02T07:02:18+00:00","og_image":[{"width":200,"height":200,"url":"https:\/\/compuviper.mx\/tienda\/wp-content\/uploads\/2023\/12\/Tarjeta-de-red-tp-link-tl-wn881nd-pci-express-x1-inalambrica-2-antenas-desmontables-bracket-bajo-perfil-300-mbps.jpg","type":"image\/jpeg"}],"twitter_card":"summary_large_image","twitter_misc":{"Precio":"&#36;197 con IVA","Availability":"In stock"},"schema":{"@context":"https:\/\/schema.org","@graph":[{"@type":"WebPage","@id":"https:\/\/compuviper.mx\/tienda\/producto\/tp-link-tl-wn881nd-tarjeta-de-red-tp-link-pci-express-x1-inalambrica-2-antenas-desmontables-bracket-bajo-perfil-300-mbps\/","url":"https:\/\/compuviper.mx\/tienda\/producto\/tp-link-tl-wn881nd-tarjeta-de-red-tp-link-pci-express-x1-inalambrica-2-antenas-desmontables-bracket-bajo-perfil-300-mbps\/","name":"[ Tp Link ] &#129351; Tl-wn881nd Tarjeta De Red | Tp-link | | Pci Express X1 | Inalambrica 2 Antenas Desmontables | Bracket Bajo Perfil | 300 Mbps","isPartOf":{"@id":"https:\/\/compuviper.mx\/tienda\/#website"},"datePublished":"2026-04-02T07:02:17+00:00","dateModified":"2026-04-02T07:02:18+00:00","description":"Compra Tl-wn881nd Tarjeta De Red | Tp-link | | Pci Express X1 | Inalambrica 2 Antenas Desmontables | Bracket Bajo Perfil | 300 Mbps + Env\u00edo a domicilio + Pago seguro + Garant\u00eda","breadcrumb":{"@id":"https:\/\/compuviper.mx\/tienda\/producto\/tp-link-tl-wn881nd-tarjeta-de-red-tp-link-pci-express-x1-inalambrica-2-antenas-desmontables-bracket-bajo-perfil-300-mbps\/#breadcrumb"},"inLanguage":"es-MX","potentialAction":[{"@type":"ReadAction","target":["https:\/\/compuviper.mx\/tienda\/producto\/tp-link-tl-wn881nd-tarjeta-de-red-tp-link-pci-express-x1-inalambrica-2-antenas-desmontables-bracket-bajo-perfil-300-mbps\/"]}]},{"@type":"BreadcrumbList","@id":"https:\/\/compuviper.mx\/tienda\/producto\/tp-link-tl-wn881nd-tarjeta-de-red-tp-link-pci-express-x1-inalambrica-2-antenas-desmontables-bracket-bajo-perfil-300-mbps\/#breadcrumb","itemListElement":[{"@type":"ListItem","position":1,"name":"Inicio","item":"https:\/\/compuviper.mx\/tienda\/"},{"@type":"ListItem","position":2,"name":"Productos","item":"https:\/\/compuviper.mx\/tienda\/productos\/"},{"@type":"ListItem","position":3,"name":"Redes","item":"https:\/\/compuviper.mx\/tienda\/categoria-producto\/redes\/"},{"@type":"ListItem","position":4,"name":"Tarjetas De Red","item":"https:\/\/compuviper.mx\/tienda\/categoria-producto\/redes\/tarjetas-de-red\/"},{"@type":"ListItem","position":5,"name":"Tp Link Tl-wn881nd Tarjeta De Red | Tp-link | | Pci Express X1 | Inalambrica 2 Antenas Desmontables | Bracket Bajo Perfil | 300 Mbps"}]},{"@type":"WebSite","@id":"https:\/\/compuviper.mx\/tienda\/#website","url":"https:\/\/compuviper.mx\/tienda\/","name":"Compuviper","description":"Proveedor de Computadoras, Laptops, Servidores, Monitores, Puntos de Venta, Teclados,   Impresoras, T\u00f3ner, C\u00e1maras de Seguridad y m\u00e1s en tu tienda en l\u00ednea","publisher":{"@id":"https:\/\/compuviper.mx\/tienda\/#organization"},"potentialAction":[{"@type":"SearchAction","target":{"@type":"EntryPoint","urlTemplate":"https:\/\/compuviper.mx\/tienda\/?s={search_term_string}"},"query-input":"required name=search_term_string"}],"inLanguage":"es-MX"},{"@type":"Organization","@id":"https:\/\/compuviper.mx\/tienda\/#organization","name":"Compuviper","url":"https:\/\/compuviper.mx\/tienda\/","logo":{"@type":"ImageObject","inLanguage":"es-MX","@id":"https:\/\/compuviper.mx\/tienda\/#\/schema\/logo\/image\/","url":"https:\/\/compuviper.mx\/tienda\/wp-content\/uploads\/2021\/08\/Logo-Compuviper-10.png","contentUrl":"https:\/\/compuviper.mx\/tienda\/wp-content\/uploads\/2021\/08\/Logo-Compuviper-10.png","width":1000,"height":500,"caption":"Compuviper"},"image":{"@id":"https:\/\/compuviper.mx\/tienda\/#\/schema\/logo\/image\/"},"sameAs":["https:\/\/www.facebook.com\/compuviper","https:\/\/www.youtube.com\/channel\/UCf73dERp9Y3cfOq7q8BhLjA?view_as=subscriber"]}]},"product_brand":"TP LINK","product_price_amount":"197","product_price_currency":"MXN","og_availability":"instock","product_availability":"instock","product_retailer_item_id":"TL-WN881ND","product_condition":"new"},"_links":{"self":[{"href":"https:\/\/compuviper.mx\/tienda\/wp-json\/wp\/v2\/product\/220568"}],"collection":[{"href":"https:\/\/compuviper.mx\/tienda\/wp-json\/wp\/v2\/product"}],"about":[{"href":"https:\/\/compuviper.mx\/tienda\/wp-json\/wp\/v2\/types\/product"}],"replies":[{"embeddable":true,"href":"https:\/\/compuviper.mx\/tienda\/wp-json\/wp\/v2\/comments?post=220568"}],"wp:featuredmedia":[{"embeddable":true,"href":"https:\/\/compuviper.mx\/tienda\/wp-json\/wp\/v2\/media\/220569"}],"wp:attachment":[{"href":"https:\/\/compuviper.mx\/tienda\/wp-json\/wp\/v2\/media?parent=220568"}],"wp:term":[{"taxonomy":"product_cat","embeddable":true,"href":"https:\/\/compuviper.mx\/tienda\/wp-json\/wp\/v2\/product_cat?post=220568"},{"taxonomy":"product_tag","embeddable":true,"href":"https:\/\/compuviper.mx\/tienda\/wp-json\/wp\/v2\/product_tag?post=220568"}],"curies":[{"name":"wp","href":"https:\/\/api.w.org\/{rel}","templated":true}]}}