{"id":220566,"date":"2026-04-11T01:01:35","date_gmt":"2026-04-11T07:01:35","guid":{"rendered":"https:\/\/compuviper.mx\/tienda\/producto\/tp-link-tl-wn725n-tarjeta-de-red-tp-link-usb-inalambrica-150-mbps-tamano-nano\/"},"modified":"2026-04-11T01:01:35","modified_gmt":"2026-04-11T07:01:35","slug":"tp-link-tl-wn725n-tarjeta-de-red-tp-link-usb-inalambrica-150-mbps-tamano-nano","status":"publish","type":"product","link":"https:\/\/compuviper.mx\/tienda\/producto\/tp-link-tl-wn725n-tarjeta-de-red-tp-link-usb-inalambrica-150-mbps-tamano-nano\/","title":{"rendered":"Tp Link Tl-wn725n Tarjeta De Red Tp-link  Usb Inalambrica 150 Mbps Tamano Nano"},"content":{"rendered":"<table class=\"descripcion\">\n<tr>\n<td>* interface: usb 2.0.<\/td>\n<\/tr>\n<tr>\n<td>* led: status.<\/td>\n<\/tr>\n<tr>\n<td>* dimensiones (w x d x h): 0.73&#215;0.59&#215;0.28 pulgadas (18.6x15x7.1mm).<\/td>\n<\/tr>\n<tr>\n<td>* peso: 0.07 onzas \/ 2.1 gramos (sin empaque).<\/td>\n<\/tr>\n<tr>\n<td>* antena: interna.<\/td>\n<\/tr>\n<tr>\n<td>* estandares inalambricos: ieee 802.11b, ieee 802.11g, ieee 802.11n.<\/td>\n<\/tr>\n<tr>\n<td>* frecuencia: 2.400-2.4835ghz.<\/td>\n<\/tr>\n<tr>\n<td>* velocidad de se\u00f1al: 11b: hasta 11mbps (din\u00e1mico), 11g: hasta 54mbps (din\u00e1mico), 11n: hasta 150mbps (din\u00e1mico).<\/td>\n<\/tr>\n<tr>\n<td>* eirp:  20dbm.<\/td>\n<\/tr>\n<tr>\n<td>* modos inalambricos: ad-hoc \/ modo de infraestructura.<\/td>\n<\/tr>\n<tr>\n<td>* seguridad inalambrica: soporta wep, wpa\/wpa2, wpa-psk\/wpa2-psk (tkip\/aes) de 64\/128, soporta ieee 802.1x.<\/td>\n<\/tr>\n<tr>\n<td>* tecnologia de modulacion: dbpsk, dqpsk, cck, ofdm, 16-qam, 64-qam.<\/td>\n<\/tr>\n<tr>\n<td>* certificaci\u00f3n: ce, fcc, ic, rohs.<\/td>\n<\/tr>\n<tr>\n<td>Contenido del paquete: -adaptador usb nano inalambrico n de 150mbps, tl-wn725n  \/  cd de recursos  \/  guia de rapida instalacion<\/td>\n<\/tr>\n<tr>\n<td>* requisitos del sistema: windows 7 (32\/64bits), windows vista (32\/64bits), windows xp (32\/64bits), windows 8 (32\/64bit).<\/td>\n<\/tr>\n<tr>\n<td>* ambiente: temperatura de funcionamiento: 0 grados c \/ 40 grados c (32 grados f \/ 104 grados f); temperatura de almacenamiento: -40 grados c \/-70 grados c (-40 grados f \/ 158 grados f); humedad de funcionamiento: 10% \/ 90% sin condensaci\u00f3n; humedad de almacenamiento: 5% \/ 90% sin condensaci\u00f3n.<\/td>\n<\/tr>\n<\/table>\n","protected":false},"excerpt":{"rendered":"<p>El adaptador usb nano inalambrico n de 150mbps de tp-link, el tl-wn725n permite que los usuarios conecten una computadora de escritorio o portatil a una red inalambrica a 150mbps. Este adaptador en miniatura esta disenado para que sea lo mas convenientemente posible y una vez conectado a un puerto usb de la computadora, puede dejarse ahi, ya sea que este de viaje o en casa. Tambien posee la caracteristica de encriptacion inalambrica avanzada y facil instalacion. Cumple con las normas 802.11 b\/g\/n de conexiones inalambricas con velocidades de transmision de datos de hasta 150mbps, permitiendo conexiones inalambricas rapidas para una transmision de video y video juegos en linea sin problemas.<\/p>\n","protected":false},"featured_media":220567,"comment_status":"open","ping_status":"open","template":"","meta":[],"product_cat":[1563,1572],"product_tag":[1562],"acf":[],"yoast_head":"<!-- This site is optimized with the Yoast SEO plugin v21.7 - https:\/\/yoast.com\/wordpress\/plugins\/seo\/ -->\n<title>[ Tp Link ] &#129351; Tl-wn725n Tarjeta De Red Tp-link Usb Inalambrica 150 Mbps Tamano Nano<\/title>\n<meta name=\"description\" content=\"Compra Tl-wn725n Tarjeta De Red Tp-link Usb Inalambrica 150 Mbps Tamano Nano + Env\u00edo a domicilio + Pago seguro + Garant\u00eda\" \/>\n<meta name=\"robots\" content=\"index, follow, max-snippet:-1, max-image-preview:large, max-video-preview:-1\" \/>\n<link rel=\"canonical\" href=\"https:\/\/compuviper.mx\/tienda\/producto\/tp-link-tl-wn725n-tarjeta-de-red-tp-link-usb-inalambrica-150-mbps-tamano-nano\/\" \/>\n<meta property=\"og:locale\" content=\"es_MX\" \/>\n<meta property=\"og:type\" content=\"article\" \/>\n<meta property=\"og:title\" content=\"[ Tp Link ] &#129351; Tl-wn725n Tarjeta De Red Tp-link Usb Inalambrica 150 Mbps Tamano Nano\" \/>\n<meta property=\"og:description\" content=\"Compra Tl-wn725n Tarjeta De Red Tp-link Usb Inalambrica 150 Mbps Tamano Nano + Env\u00edo a domicilio + Pago seguro + Garant\u00eda\" \/>\n<meta property=\"og:url\" content=\"https:\/\/compuviper.mx\/tienda\/producto\/tp-link-tl-wn725n-tarjeta-de-red-tp-link-usb-inalambrica-150-mbps-tamano-nano\/\" \/>\n<meta property=\"og:site_name\" content=\"Compuviper\" \/>\n<meta property=\"article:publisher\" content=\"https:\/\/www.facebook.com\/compuviper\" \/>\n<meta property=\"og:image\" content=\"https:\/\/compuviper.mx\/tienda\/wp-content\/uploads\/2023\/12\/Tarjeta-de-red-tp-link-tl-wn725n-usb-inalambrica-150-mbps-tamano-nano.jpg\" \/>\n\t<meta property=\"og:image:width\" content=\"200\" \/>\n\t<meta property=\"og:image:height\" content=\"200\" \/>\n\t<meta property=\"og:image:type\" content=\"image\/jpeg\" \/>\n<meta name=\"twitter:card\" content=\"summary_large_image\" \/>\n<meta name=\"twitter:label1\" content=\"Precio\" \/>\n\t<meta name=\"twitter:data1\" content=\"&#36;91 con IVA\" \/>\n\t<meta name=\"twitter:label2\" content=\"Availability\" \/>\n\t<meta name=\"twitter:data2\" content=\"In stock\" \/>\n<script type=\"application\/ld+json\" class=\"yoast-schema-graph\">{\"@context\":\"https:\/\/schema.org\",\"@graph\":[{\"@type\":\"WebPage\",\"@id\":\"https:\/\/compuviper.mx\/tienda\/producto\/tp-link-tl-wn725n-tarjeta-de-red-tp-link-usb-inalambrica-150-mbps-tamano-nano\/\",\"url\":\"https:\/\/compuviper.mx\/tienda\/producto\/tp-link-tl-wn725n-tarjeta-de-red-tp-link-usb-inalambrica-150-mbps-tamano-nano\/\",\"name\":\"[ Tp Link ] &#129351; Tl-wn725n Tarjeta De Red Tp-link Usb Inalambrica 150 Mbps Tamano Nano\",\"isPartOf\":{\"@id\":\"https:\/\/compuviper.mx\/tienda\/#website\"},\"datePublished\":\"2026-04-11T07:01:35+00:00\",\"dateModified\":\"2026-04-11T07:01:35+00:00\",\"description\":\"Compra Tl-wn725n Tarjeta De Red Tp-link Usb Inalambrica 150 Mbps Tamano Nano + Env\u00edo a domicilio + Pago seguro + Garant\u00eda\",\"breadcrumb\":{\"@id\":\"https:\/\/compuviper.mx\/tienda\/producto\/tp-link-tl-wn725n-tarjeta-de-red-tp-link-usb-inalambrica-150-mbps-tamano-nano\/#breadcrumb\"},\"inLanguage\":\"es-MX\",\"potentialAction\":[{\"@type\":\"ReadAction\",\"target\":[\"https:\/\/compuviper.mx\/tienda\/producto\/tp-link-tl-wn725n-tarjeta-de-red-tp-link-usb-inalambrica-150-mbps-tamano-nano\/\"]}]},{\"@type\":\"BreadcrumbList\",\"@id\":\"https:\/\/compuviper.mx\/tienda\/producto\/tp-link-tl-wn725n-tarjeta-de-red-tp-link-usb-inalambrica-150-mbps-tamano-nano\/#breadcrumb\",\"itemListElement\":[{\"@type\":\"ListItem\",\"position\":1,\"name\":\"Inicio\",\"item\":\"https:\/\/compuviper.mx\/tienda\/\"},{\"@type\":\"ListItem\",\"position\":2,\"name\":\"Productos\",\"item\":\"https:\/\/compuviper.mx\/tienda\/productos\/\"},{\"@type\":\"ListItem\",\"position\":3,\"name\":\"Redes\",\"item\":\"https:\/\/compuviper.mx\/tienda\/categoria-producto\/redes\/\"},{\"@type\":\"ListItem\",\"position\":4,\"name\":\"Tarjetas De Red\",\"item\":\"https:\/\/compuviper.mx\/tienda\/categoria-producto\/redes\/tarjetas-de-red\/\"},{\"@type\":\"ListItem\",\"position\":5,\"name\":\"Tp Link Tl-wn725n Tarjeta De Red Tp-link Usb Inalambrica 150 Mbps Tamano Nano\"}]},{\"@type\":\"WebSite\",\"@id\":\"https:\/\/compuviper.mx\/tienda\/#website\",\"url\":\"https:\/\/compuviper.mx\/tienda\/\",\"name\":\"Compuviper\",\"description\":\"Proveedor de Computadoras, Laptops, Servidores, Monitores, Puntos de Venta, Teclados,   Impresoras, T\u00f3ner, C\u00e1maras de Seguridad y m\u00e1s en tu tienda en l\u00ednea\",\"publisher\":{\"@id\":\"https:\/\/compuviper.mx\/tienda\/#organization\"},\"potentialAction\":[{\"@type\":\"SearchAction\",\"target\":{\"@type\":\"EntryPoint\",\"urlTemplate\":\"https:\/\/compuviper.mx\/tienda\/?s={search_term_string}\"},\"query-input\":\"required name=search_term_string\"}],\"inLanguage\":\"es-MX\"},{\"@type\":\"Organization\",\"@id\":\"https:\/\/compuviper.mx\/tienda\/#organization\",\"name\":\"Compuviper\",\"url\":\"https:\/\/compuviper.mx\/tienda\/\",\"logo\":{\"@type\":\"ImageObject\",\"inLanguage\":\"es-MX\",\"@id\":\"https:\/\/compuviper.mx\/tienda\/#\/schema\/logo\/image\/\",\"url\":\"https:\/\/compuviper.mx\/tienda\/wp-content\/uploads\/2021\/08\/Logo-Compuviper-10.png\",\"contentUrl\":\"https:\/\/compuviper.mx\/tienda\/wp-content\/uploads\/2021\/08\/Logo-Compuviper-10.png\",\"width\":1000,\"height\":500,\"caption\":\"Compuviper\"},\"image\":{\"@id\":\"https:\/\/compuviper.mx\/tienda\/#\/schema\/logo\/image\/\"},\"sameAs\":[\"https:\/\/www.facebook.com\/compuviper\",\"https:\/\/www.youtube.com\/channel\/UCf73dERp9Y3cfOq7q8BhLjA?view_as=subscriber\"]}]}<\/script>\n<meta property=\"product:brand\" content=\"TP LINK\" \/>\n<meta property=\"product:price:amount\" content=\"91\" \/>\n<meta property=\"product:price:currency\" content=\"MXN\" \/>\n<meta property=\"og:availability\" content=\"instock\" \/>\n<meta property=\"product:availability\" content=\"instock\" \/>\n<meta property=\"product:retailer_item_id\" content=\"TL-WN725N\" \/>\n<meta property=\"product:condition\" content=\"new\" \/>\n<!-- \/ Yoast SEO plugin. -->","yoast_head_json":{"title":"[ Tp Link ] &#129351; Tl-wn725n Tarjeta De Red Tp-link Usb Inalambrica 150 Mbps Tamano Nano","description":"Compra Tl-wn725n Tarjeta De Red Tp-link Usb Inalambrica 150 Mbps Tamano Nano + Env\u00edo a domicilio + Pago seguro + Garant\u00eda","robots":{"index":"index","follow":"follow","max-snippet":"max-snippet:-1","max-image-preview":"max-image-preview:large","max-video-preview":"max-video-preview:-1"},"canonical":"https:\/\/compuviper.mx\/tienda\/producto\/tp-link-tl-wn725n-tarjeta-de-red-tp-link-usb-inalambrica-150-mbps-tamano-nano\/","og_locale":"es_MX","og_type":"article","og_title":"[ Tp Link ] &#129351; Tl-wn725n Tarjeta De Red Tp-link Usb Inalambrica 150 Mbps Tamano Nano","og_description":"Compra Tl-wn725n Tarjeta De Red Tp-link Usb Inalambrica 150 Mbps Tamano Nano + Env\u00edo a domicilio + Pago seguro + Garant\u00eda","og_url":"https:\/\/compuviper.mx\/tienda\/producto\/tp-link-tl-wn725n-tarjeta-de-red-tp-link-usb-inalambrica-150-mbps-tamano-nano\/","og_site_name":"Compuviper","article_publisher":"https:\/\/www.facebook.com\/compuviper","og_image":[{"width":200,"height":200,"url":"https:\/\/compuviper.mx\/tienda\/wp-content\/uploads\/2023\/12\/Tarjeta-de-red-tp-link-tl-wn725n-usb-inalambrica-150-mbps-tamano-nano.jpg","type":"image\/jpeg"}],"twitter_card":"summary_large_image","twitter_misc":{"Precio":"&#36;91 con IVA","Availability":"In stock"},"schema":{"@context":"https:\/\/schema.org","@graph":[{"@type":"WebPage","@id":"https:\/\/compuviper.mx\/tienda\/producto\/tp-link-tl-wn725n-tarjeta-de-red-tp-link-usb-inalambrica-150-mbps-tamano-nano\/","url":"https:\/\/compuviper.mx\/tienda\/producto\/tp-link-tl-wn725n-tarjeta-de-red-tp-link-usb-inalambrica-150-mbps-tamano-nano\/","name":"[ Tp Link ] &#129351; Tl-wn725n Tarjeta De Red Tp-link Usb Inalambrica 150 Mbps Tamano Nano","isPartOf":{"@id":"https:\/\/compuviper.mx\/tienda\/#website"},"datePublished":"2026-04-11T07:01:35+00:00","dateModified":"2026-04-11T07:01:35+00:00","description":"Compra Tl-wn725n Tarjeta De Red Tp-link Usb Inalambrica 150 Mbps Tamano Nano + Env\u00edo a domicilio + Pago seguro + Garant\u00eda","breadcrumb":{"@id":"https:\/\/compuviper.mx\/tienda\/producto\/tp-link-tl-wn725n-tarjeta-de-red-tp-link-usb-inalambrica-150-mbps-tamano-nano\/#breadcrumb"},"inLanguage":"es-MX","potentialAction":[{"@type":"ReadAction","target":["https:\/\/compuviper.mx\/tienda\/producto\/tp-link-tl-wn725n-tarjeta-de-red-tp-link-usb-inalambrica-150-mbps-tamano-nano\/"]}]},{"@type":"BreadcrumbList","@id":"https:\/\/compuviper.mx\/tienda\/producto\/tp-link-tl-wn725n-tarjeta-de-red-tp-link-usb-inalambrica-150-mbps-tamano-nano\/#breadcrumb","itemListElement":[{"@type":"ListItem","position":1,"name":"Inicio","item":"https:\/\/compuviper.mx\/tienda\/"},{"@type":"ListItem","position":2,"name":"Productos","item":"https:\/\/compuviper.mx\/tienda\/productos\/"},{"@type":"ListItem","position":3,"name":"Redes","item":"https:\/\/compuviper.mx\/tienda\/categoria-producto\/redes\/"},{"@type":"ListItem","position":4,"name":"Tarjetas De Red","item":"https:\/\/compuviper.mx\/tienda\/categoria-producto\/redes\/tarjetas-de-red\/"},{"@type":"ListItem","position":5,"name":"Tp Link Tl-wn725n Tarjeta De Red Tp-link Usb Inalambrica 150 Mbps Tamano Nano"}]},{"@type":"WebSite","@id":"https:\/\/compuviper.mx\/tienda\/#website","url":"https:\/\/compuviper.mx\/tienda\/","name":"Compuviper","description":"Proveedor de Computadoras, Laptops, Servidores, Monitores, Puntos de Venta, Teclados,   Impresoras, T\u00f3ner, C\u00e1maras de Seguridad y m\u00e1s en tu tienda en l\u00ednea","publisher":{"@id":"https:\/\/compuviper.mx\/tienda\/#organization"},"potentialAction":[{"@type":"SearchAction","target":{"@type":"EntryPoint","urlTemplate":"https:\/\/compuviper.mx\/tienda\/?s={search_term_string}"},"query-input":"required name=search_term_string"}],"inLanguage":"es-MX"},{"@type":"Organization","@id":"https:\/\/compuviper.mx\/tienda\/#organization","name":"Compuviper","url":"https:\/\/compuviper.mx\/tienda\/","logo":{"@type":"ImageObject","inLanguage":"es-MX","@id":"https:\/\/compuviper.mx\/tienda\/#\/schema\/logo\/image\/","url":"https:\/\/compuviper.mx\/tienda\/wp-content\/uploads\/2021\/08\/Logo-Compuviper-10.png","contentUrl":"https:\/\/compuviper.mx\/tienda\/wp-content\/uploads\/2021\/08\/Logo-Compuviper-10.png","width":1000,"height":500,"caption":"Compuviper"},"image":{"@id":"https:\/\/compuviper.mx\/tienda\/#\/schema\/logo\/image\/"},"sameAs":["https:\/\/www.facebook.com\/compuviper","https:\/\/www.youtube.com\/channel\/UCf73dERp9Y3cfOq7q8BhLjA?view_as=subscriber"]}]},"product_brand":"TP LINK","product_price_amount":"91","product_price_currency":"MXN","og_availability":"instock","product_availability":"instock","product_retailer_item_id":"TL-WN725N","product_condition":"new"},"_links":{"self":[{"href":"https:\/\/compuviper.mx\/tienda\/wp-json\/wp\/v2\/product\/220566"}],"collection":[{"href":"https:\/\/compuviper.mx\/tienda\/wp-json\/wp\/v2\/product"}],"about":[{"href":"https:\/\/compuviper.mx\/tienda\/wp-json\/wp\/v2\/types\/product"}],"replies":[{"embeddable":true,"href":"https:\/\/compuviper.mx\/tienda\/wp-json\/wp\/v2\/comments?post=220566"}],"wp:featuredmedia":[{"embeddable":true,"href":"https:\/\/compuviper.mx\/tienda\/wp-json\/wp\/v2\/media\/220567"}],"wp:attachment":[{"href":"https:\/\/compuviper.mx\/tienda\/wp-json\/wp\/v2\/media?parent=220566"}],"wp:term":[{"taxonomy":"product_cat","embeddable":true,"href":"https:\/\/compuviper.mx\/tienda\/wp-json\/wp\/v2\/product_cat?post=220566"},{"taxonomy":"product_tag","embeddable":true,"href":"https:\/\/compuviper.mx\/tienda\/wp-json\/wp\/v2\/product_tag?post=220566"}],"curies":[{"name":"wp","href":"https:\/\/api.w.org\/{rel}","templated":true}]}}