{"id":220562,"date":"2026-04-18T01:06:30","date_gmt":"2026-04-18T07:06:30","guid":{"rendered":"https:\/\/compuviper.mx\/tienda\/producto\/tp-link-tl-sf1016ds-switch-tp-link-16-puertos-rj45-10-100-mbps-no-administrable-para-escritorio-o-rack-de-13-pulgadas\/"},"modified":"2026-04-18T01:06:30","modified_gmt":"2026-04-18T07:06:30","slug":"tp-link-tl-sf1016ds-switch-tp-link-16-puertos-rj45-10-100-mbps-no-administrable-para-escritorio-o-rack-de-13-pulgadas","status":"publish","type":"product","link":"https:\/\/compuviper.mx\/tienda\/producto\/tp-link-tl-sf1016ds-switch-tp-link-16-puertos-rj45-10-100-mbps-no-administrable-para-escritorio-o-rack-de-13-pulgadas\/","title":{"rendered":"Tp Link Tl-sf1016ds Switch | Tp-link |  | 16 Puertos Rj45 10\/100 Mbps | No Administrable | Para Escritorio O Rack De 13 Pulgadas"},"content":{"rendered":"<table class=\"descripcion\">\n<tr>\n<td>Caracter\u00edsticas de hardware<\/td>\n<\/tr>\n<tr>\n<td>Est\u00e1ndares y protocolos: ieee 802.3i, ieee 802.3u, ieee 802.3x<\/td>\n<\/tr>\n<tr>\n<td>Interfaz: 16 puertos rj45 de 10 \/ 100mbps (negociaci\u00f3n autom\u00e1tica \/ mdi \/ mdix autom\u00e1tico)<\/td>\n<\/tr>\n<tr>\n<td>Medios de red: cable 3, 4 5, 10base-t: categor\u00eda utp (m\u00e1ximo 100m)<\/td>\n<\/tr>\n<tr>\n<td>100base-tx\/1000base-t: category 5 utp, 5e o sobre cable (m\u00e1ximo 100m)<\/td>\n<\/tr>\n<tr>\n<td>Cantidad de ventiladores: sin ventilador<\/td>\n<\/tr>\n<tr>\n<td>Fuente de alimentaci\u00f3n: 100-240vac, 50 \/ 60hz<\/td>\n<\/tr>\n<tr>\n<td>Consumo de energ\u00eda: m\u00e1ximo: 2.23w (220v\/50hz)<\/td>\n<\/tr>\n<tr>\n<td>Dimensiones (w x d x h): 11.6\u00d77.1\u00d71.7 pulgadas (294\u00d7180\u00d744 mm)<\/td>\n<\/tr>\n<tr>\n<td>Montaje: montable en rack<\/td>\n<\/tr>\n<tr>\n<td>Consumo: m\u00e1ximo de energ\u00eda 2.06w (220v \/ 50hz)<\/td>\n<\/tr>\n<tr>\n<td>Disipaci\u00f3n: m\u00e1xima de calor 7.03btu \/ h<\/td>\n<\/tr>\n<tr>\n<td>Rendimiento<\/td>\n<\/tr>\n<tr>\n<td>Capacidad de switcheo: 3.2gbps<\/td>\n<\/tr>\n<tr>\n<td>Tasa de reenv\u00edo de paquetes: 2.38mpps<\/td>\n<\/tr>\n<tr>\n<td>Tabla de mac address: 8k<\/td>\n<\/tr>\n<tr>\n<td>Memoria b\u00fafer: 2mb<\/td>\n<\/tr>\n<tr>\n<td>Tecnolog\u00eda verde: tecnolog\u00eda de eficiencia energ\u00e9tica innovadora ahorra energ\u00eda hasta un 75%<\/td>\n<\/tr>\n<tr>\n<td>M\u00e9todo de transferencia: almacenamiento y env\u00edo<\/td>\n<\/tr>\n<tr>\n<td>Otros<\/td>\n<\/tr>\n<tr>\n<td>Certificaci\u00f3n: fcc, ce, rohs<\/td>\n<\/tr>\n<tr>\n<td>Contenidos del paquete: switch con montaje en rack con 16 puertos 10\/100mbps  \/  cable de alimentaci\u00f3n  \/  gu\u00eda de instalaci\u00f3n  \/  kits de montaje  \/  patas de goma<\/td>\n<\/tr>\n<tr>\n<td>Requisitos del sistema: microsoft\u00ae windows\u00ae 8, 7, vista \u00bf, xp o mac\u00ae os, netware\u00ae, unix\u00ae o linux.<\/td>\n<\/tr>\n<tr>\n<td>Ambiente: temperatura de funcionamiento: 0\u00bf~40\u00bf (32\u00bf~104\u00bf)  \/  temperatura de almacenamiento: -40\u00bf~70\u00bf (-40\u00bf~158\u00bf)  \/  humedad de funcionamiento: 10%~90% sin condensaci\u00f3n  \/  humedad de almacenamiento: 5%~90% sin condensaci\u00f3n<\/td>\n<\/tr>\n<\/table>\n","protected":false},"excerpt":{"rendered":"<p>Switch de 16 puertos fast ethernet de escritorio y para montaje en rack. Tl-sf1016ds. * 16 puertos rj45 de 10\/100m. * la tecnolog\u00eda innovadora de eficiencia energ\u00e9tica ahorra energ\u00eda de hasta del 70. * soporta el auto-aprendizaje de direcciones mac y auto mdi\/mdix. * cubierta de acero de 13 pulgadas est\u00e1ndar. El switch 10\/100mbps de escritorio \/ rack de 16 puertos tl-sf1016ds le proporciona una soluci\u00f3n de alto rendimiento, bajo costo, f\u00e1cil de usar, sin fisuras y est\u00e1ndar para mejorar su red antigua a una red de 100mbps. Todos los puertos soportan auto 16 mdi \/ mdix por lo que no hay necesidad de preocuparse por el tipo de cable, s\u00f3lo tiene que enchufar y listo. Por otra parte, con su innovadora tecnolog\u00eda de eficiencia energ\u00e9tica, el tl-sf1016ds puede ahorrar hasta un 70% * del consumo de energ\u00eda y el 80% del material de embalaje puede ser reciclado por lo que es una soluci\u00f3n ecol\u00f3gica para su red de negocios. Tecnolog\u00eda green de tp-link. Esta nueva generaci\u00f3n de switch 10\/100mbps de escritorio \/ montaje en rack de 16 puertos tl-sf1016ds cuenta con las \u00faltimas tecnolog\u00edas de eficiencia energ\u00e9tica que pueden ampliar en gran medida su capacidad de red con mucha menos potencia. Se ajusta autom\u00e1ticamente el consumo de energ\u00eda de acuerdo con el estado del enlace y la longitud del cable para limitar la huella de carbono de su red. Tambi\u00e9n cumple con la normativa europea rohs que proh\u00edbe el uso de ciertos materiales peligrosos. Adem\u00e1s, el 80% del material de embalaje puede ser reciclado. Alto rendimiento. El dise\u00f1o de la caja de acero tama\u00f1o de montaje en rack, en combinaci\u00f3n con una fuente de alimentaci\u00f3n interna con homologaci\u00f3n de seguridad, hacer el cambio en el producto m\u00e1s robusto, que es muy rentable para un entorno de menos de 16 usuarios. Con una arquitectura de conmutaci\u00f3n sin bloqueo, tl-sf1016ds env\u00eda y filtra paquetes a velocidad de cable para un m\u00e1ximo rendimiento. Y el control de flujo ieee 802.3x para modo full duplex y contrapresi\u00f3n para modo half duplex aliviar la congesti\u00f3n del tr\u00e1fico y hacer tl-sf1016ds funciona correctamente. Facilidad de uso. Las caracter\u00edsticas autom\u00e1ticas plug-and-play de este switch ethernet hacen la instalaci\u00f3n r\u00e1pida y sin complicaciones. No se requiere ninguna configuraci\u00f3n adicional. Su auto mdi \/ mdix elimina la necesidad de cables cruzados. Su auto-negociaci\u00f3n en cada puerto detecta la velocidad de enlace de un dispositivo de red (10, 100 mbps) y lo ajusta de forma inteligente para una compatibilidad y rendimiento \u00f3ptimo. * m\u00e1ximo ahorro de energ\u00eda en comparaci\u00f3n con un switch convencional de tp-link, la tasa de ahorro real puede variar en funci\u00f3n de las condiciones de uso<\/p>\n","protected":false},"featured_media":220563,"comment_status":"open","ping_status":"open","template":"","meta":[],"product_cat":[1563,1564],"product_tag":[1562],"acf":[],"yoast_head":"<!-- This site is optimized with the Yoast SEO plugin v21.7 - https:\/\/yoast.com\/wordpress\/plugins\/seo\/ -->\n<title>[ Tp Link ] &#129351; Tl-sf1016ds Switch | Tp-link | | 16 Puertos Rj45 10\/100 Mbps | No Administrable | Para Escritorio O Rack De 13 Pulgadas<\/title>\n<meta name=\"description\" content=\"Compra Tl-sf1016ds Switch | Tp-link | | 16 Puertos Rj45 10\/100 Mbps | No Administrable | Para Escritorio O Rack De 13 Pulgadas + Env\u00edo a domicilio + Pago seguro + Garant\u00eda\" \/>\n<meta name=\"robots\" content=\"index, follow, max-snippet:-1, max-image-preview:large, max-video-preview:-1\" \/>\n<link rel=\"canonical\" href=\"https:\/\/compuviper.mx\/tienda\/producto\/tp-link-tl-sf1016ds-switch-tp-link-16-puertos-rj45-10-100-mbps-no-administrable-para-escritorio-o-rack-de-13-pulgadas\/\" \/>\n<meta property=\"og:locale\" content=\"es_MX\" \/>\n<meta property=\"og:type\" content=\"article\" \/>\n<meta property=\"og:title\" content=\"[ Tp Link ] &#129351; Tl-sf1016ds Switch | Tp-link | | 16 Puertos Rj45 10\/100 Mbps | No Administrable | Para Escritorio O Rack De 13 Pulgadas\" \/>\n<meta property=\"og:description\" content=\"Compra Tl-sf1016ds Switch | Tp-link | | 16 Puertos Rj45 10\/100 Mbps | No Administrable | Para Escritorio O Rack De 13 Pulgadas + Env\u00edo a domicilio + Pago seguro + Garant\u00eda\" \/>\n<meta property=\"og:url\" content=\"https:\/\/compuviper.mx\/tienda\/producto\/tp-link-tl-sf1016ds-switch-tp-link-16-puertos-rj45-10-100-mbps-no-administrable-para-escritorio-o-rack-de-13-pulgadas\/\" \/>\n<meta property=\"og:site_name\" content=\"Compuviper\" \/>\n<meta property=\"article:publisher\" content=\"https:\/\/www.facebook.com\/compuviper\" \/>\n<meta property=\"og:image\" content=\"https:\/\/compuviper.mx\/tienda\/wp-content\/uploads\/2023\/12\/Switch-tp-link-tl-sf1016ds-16-puertos-rj45-10100-mbps-no-administrable-para-escritorio-o-rack-de-13-pulgadas.jpg\" \/>\n\t<meta property=\"og:image:width\" content=\"200\" \/>\n\t<meta property=\"og:image:height\" content=\"200\" \/>\n\t<meta property=\"og:image:type\" content=\"image\/jpeg\" \/>\n<meta name=\"twitter:card\" content=\"summary_large_image\" \/>\n<meta name=\"twitter:label1\" content=\"Precio\" \/>\n\t<meta name=\"twitter:data1\" content=\"&#36;757 con IVA\" \/>\n\t<meta name=\"twitter:label2\" content=\"Availability\" \/>\n\t<meta name=\"twitter:data2\" content=\"In stock\" \/>\n<script type=\"application\/ld+json\" class=\"yoast-schema-graph\">{\"@context\":\"https:\/\/schema.org\",\"@graph\":[{\"@type\":\"WebPage\",\"@id\":\"https:\/\/compuviper.mx\/tienda\/producto\/tp-link-tl-sf1016ds-switch-tp-link-16-puertos-rj45-10-100-mbps-no-administrable-para-escritorio-o-rack-de-13-pulgadas\/\",\"url\":\"https:\/\/compuviper.mx\/tienda\/producto\/tp-link-tl-sf1016ds-switch-tp-link-16-puertos-rj45-10-100-mbps-no-administrable-para-escritorio-o-rack-de-13-pulgadas\/\",\"name\":\"[ Tp Link ] &#129351; Tl-sf1016ds Switch | Tp-link | | 16 Puertos Rj45 10\/100 Mbps | No Administrable | Para Escritorio O Rack De 13 Pulgadas\",\"isPartOf\":{\"@id\":\"https:\/\/compuviper.mx\/tienda\/#website\"},\"datePublished\":\"2026-04-18T07:06:30+00:00\",\"dateModified\":\"2026-04-18T07:06:30+00:00\",\"description\":\"Compra Tl-sf1016ds Switch | Tp-link | | 16 Puertos Rj45 10\/100 Mbps | No Administrable | Para Escritorio O Rack De 13 Pulgadas + Env\u00edo a domicilio + Pago seguro + Garant\u00eda\",\"breadcrumb\":{\"@id\":\"https:\/\/compuviper.mx\/tienda\/producto\/tp-link-tl-sf1016ds-switch-tp-link-16-puertos-rj45-10-100-mbps-no-administrable-para-escritorio-o-rack-de-13-pulgadas\/#breadcrumb\"},\"inLanguage\":\"es-MX\",\"potentialAction\":[{\"@type\":\"ReadAction\",\"target\":[\"https:\/\/compuviper.mx\/tienda\/producto\/tp-link-tl-sf1016ds-switch-tp-link-16-puertos-rj45-10-100-mbps-no-administrable-para-escritorio-o-rack-de-13-pulgadas\/\"]}]},{\"@type\":\"BreadcrumbList\",\"@id\":\"https:\/\/compuviper.mx\/tienda\/producto\/tp-link-tl-sf1016ds-switch-tp-link-16-puertos-rj45-10-100-mbps-no-administrable-para-escritorio-o-rack-de-13-pulgadas\/#breadcrumb\",\"itemListElement\":[{\"@type\":\"ListItem\",\"position\":1,\"name\":\"Inicio\",\"item\":\"https:\/\/compuviper.mx\/tienda\/\"},{\"@type\":\"ListItem\",\"position\":2,\"name\":\"Productos\",\"item\":\"https:\/\/compuviper.mx\/tienda\/productos\/\"},{\"@type\":\"ListItem\",\"position\":3,\"name\":\"Redes\",\"item\":\"https:\/\/compuviper.mx\/tienda\/categoria-producto\/redes\/\"},{\"@type\":\"ListItem\",\"position\":4,\"name\":\"Switch\",\"item\":\"https:\/\/compuviper.mx\/tienda\/categoria-producto\/redes\/switch\/\"},{\"@type\":\"ListItem\",\"position\":5,\"name\":\"Tp Link Tl-sf1016ds Switch | Tp-link | | 16 Puertos Rj45 10\/100 Mbps | No Administrable | Para Escritorio O Rack De 13 Pulgadas\"}]},{\"@type\":\"WebSite\",\"@id\":\"https:\/\/compuviper.mx\/tienda\/#website\",\"url\":\"https:\/\/compuviper.mx\/tienda\/\",\"name\":\"Compuviper\",\"description\":\"Proveedor de Computadoras, Laptops, Servidores, Monitores, Puntos de Venta, Teclados,   Impresoras, T\u00f3ner, C\u00e1maras de Seguridad y m\u00e1s en tu tienda en l\u00ednea\",\"publisher\":{\"@id\":\"https:\/\/compuviper.mx\/tienda\/#organization\"},\"potentialAction\":[{\"@type\":\"SearchAction\",\"target\":{\"@type\":\"EntryPoint\",\"urlTemplate\":\"https:\/\/compuviper.mx\/tienda\/?s={search_term_string}\"},\"query-input\":\"required name=search_term_string\"}],\"inLanguage\":\"es-MX\"},{\"@type\":\"Organization\",\"@id\":\"https:\/\/compuviper.mx\/tienda\/#organization\",\"name\":\"Compuviper\",\"url\":\"https:\/\/compuviper.mx\/tienda\/\",\"logo\":{\"@type\":\"ImageObject\",\"inLanguage\":\"es-MX\",\"@id\":\"https:\/\/compuviper.mx\/tienda\/#\/schema\/logo\/image\/\",\"url\":\"https:\/\/compuviper.mx\/tienda\/wp-content\/uploads\/2021\/08\/Logo-Compuviper-10.png\",\"contentUrl\":\"https:\/\/compuviper.mx\/tienda\/wp-content\/uploads\/2021\/08\/Logo-Compuviper-10.png\",\"width\":1000,\"height\":500,\"caption\":\"Compuviper\"},\"image\":{\"@id\":\"https:\/\/compuviper.mx\/tienda\/#\/schema\/logo\/image\/\"},\"sameAs\":[\"https:\/\/www.facebook.com\/compuviper\",\"https:\/\/www.youtube.com\/channel\/UCf73dERp9Y3cfOq7q8BhLjA?view_as=subscriber\"]}]}<\/script>\n<meta property=\"product:brand\" content=\"TP LINK\" \/>\n<meta property=\"product:price:amount\" content=\"757\" \/>\n<meta property=\"product:price:currency\" content=\"MXN\" \/>\n<meta property=\"og:availability\" content=\"instock\" \/>\n<meta property=\"product:availability\" content=\"instock\" \/>\n<meta property=\"product:retailer_item_id\" content=\"TL-SF1016DS\" \/>\n<meta property=\"product:condition\" content=\"new\" \/>\n<!-- \/ Yoast SEO plugin. -->","yoast_head_json":{"title":"[ Tp Link ] &#129351; Tl-sf1016ds Switch | Tp-link | | 16 Puertos Rj45 10\/100 Mbps | No Administrable | Para Escritorio O Rack De 13 Pulgadas","description":"Compra Tl-sf1016ds Switch | Tp-link | | 16 Puertos Rj45 10\/100 Mbps | No Administrable | Para Escritorio O Rack De 13 Pulgadas + Env\u00edo a domicilio + Pago seguro + Garant\u00eda","robots":{"index":"index","follow":"follow","max-snippet":"max-snippet:-1","max-image-preview":"max-image-preview:large","max-video-preview":"max-video-preview:-1"},"canonical":"https:\/\/compuviper.mx\/tienda\/producto\/tp-link-tl-sf1016ds-switch-tp-link-16-puertos-rj45-10-100-mbps-no-administrable-para-escritorio-o-rack-de-13-pulgadas\/","og_locale":"es_MX","og_type":"article","og_title":"[ Tp Link ] &#129351; Tl-sf1016ds Switch | Tp-link | | 16 Puertos Rj45 10\/100 Mbps | No Administrable | Para Escritorio O Rack De 13 Pulgadas","og_description":"Compra Tl-sf1016ds Switch | Tp-link | | 16 Puertos Rj45 10\/100 Mbps | No Administrable | Para Escritorio O Rack De 13 Pulgadas + Env\u00edo a domicilio + Pago seguro + Garant\u00eda","og_url":"https:\/\/compuviper.mx\/tienda\/producto\/tp-link-tl-sf1016ds-switch-tp-link-16-puertos-rj45-10-100-mbps-no-administrable-para-escritorio-o-rack-de-13-pulgadas\/","og_site_name":"Compuviper","article_publisher":"https:\/\/www.facebook.com\/compuviper","og_image":[{"width":200,"height":200,"url":"https:\/\/compuviper.mx\/tienda\/wp-content\/uploads\/2023\/12\/Switch-tp-link-tl-sf1016ds-16-puertos-rj45-10100-mbps-no-administrable-para-escritorio-o-rack-de-13-pulgadas.jpg","type":"image\/jpeg"}],"twitter_card":"summary_large_image","twitter_misc":{"Precio":"&#36;757 con IVA","Availability":"In stock"},"schema":{"@context":"https:\/\/schema.org","@graph":[{"@type":"WebPage","@id":"https:\/\/compuviper.mx\/tienda\/producto\/tp-link-tl-sf1016ds-switch-tp-link-16-puertos-rj45-10-100-mbps-no-administrable-para-escritorio-o-rack-de-13-pulgadas\/","url":"https:\/\/compuviper.mx\/tienda\/producto\/tp-link-tl-sf1016ds-switch-tp-link-16-puertos-rj45-10-100-mbps-no-administrable-para-escritorio-o-rack-de-13-pulgadas\/","name":"[ Tp Link ] &#129351; Tl-sf1016ds Switch | Tp-link | | 16 Puertos Rj45 10\/100 Mbps | No Administrable | Para Escritorio O Rack De 13 Pulgadas","isPartOf":{"@id":"https:\/\/compuviper.mx\/tienda\/#website"},"datePublished":"2026-04-18T07:06:30+00:00","dateModified":"2026-04-18T07:06:30+00:00","description":"Compra Tl-sf1016ds Switch | Tp-link | | 16 Puertos Rj45 10\/100 Mbps | No Administrable | Para Escritorio O Rack De 13 Pulgadas + Env\u00edo a domicilio + Pago seguro + Garant\u00eda","breadcrumb":{"@id":"https:\/\/compuviper.mx\/tienda\/producto\/tp-link-tl-sf1016ds-switch-tp-link-16-puertos-rj45-10-100-mbps-no-administrable-para-escritorio-o-rack-de-13-pulgadas\/#breadcrumb"},"inLanguage":"es-MX","potentialAction":[{"@type":"ReadAction","target":["https:\/\/compuviper.mx\/tienda\/producto\/tp-link-tl-sf1016ds-switch-tp-link-16-puertos-rj45-10-100-mbps-no-administrable-para-escritorio-o-rack-de-13-pulgadas\/"]}]},{"@type":"BreadcrumbList","@id":"https:\/\/compuviper.mx\/tienda\/producto\/tp-link-tl-sf1016ds-switch-tp-link-16-puertos-rj45-10-100-mbps-no-administrable-para-escritorio-o-rack-de-13-pulgadas\/#breadcrumb","itemListElement":[{"@type":"ListItem","position":1,"name":"Inicio","item":"https:\/\/compuviper.mx\/tienda\/"},{"@type":"ListItem","position":2,"name":"Productos","item":"https:\/\/compuviper.mx\/tienda\/productos\/"},{"@type":"ListItem","position":3,"name":"Redes","item":"https:\/\/compuviper.mx\/tienda\/categoria-producto\/redes\/"},{"@type":"ListItem","position":4,"name":"Switch","item":"https:\/\/compuviper.mx\/tienda\/categoria-producto\/redes\/switch\/"},{"@type":"ListItem","position":5,"name":"Tp Link Tl-sf1016ds Switch | Tp-link | | 16 Puertos Rj45 10\/100 Mbps | No Administrable | Para Escritorio O Rack De 13 Pulgadas"}]},{"@type":"WebSite","@id":"https:\/\/compuviper.mx\/tienda\/#website","url":"https:\/\/compuviper.mx\/tienda\/","name":"Compuviper","description":"Proveedor de Computadoras, Laptops, Servidores, Monitores, Puntos de Venta, Teclados,   Impresoras, T\u00f3ner, C\u00e1maras de Seguridad y m\u00e1s en tu tienda en l\u00ednea","publisher":{"@id":"https:\/\/compuviper.mx\/tienda\/#organization"},"potentialAction":[{"@type":"SearchAction","target":{"@type":"EntryPoint","urlTemplate":"https:\/\/compuviper.mx\/tienda\/?s={search_term_string}"},"query-input":"required name=search_term_string"}],"inLanguage":"es-MX"},{"@type":"Organization","@id":"https:\/\/compuviper.mx\/tienda\/#organization","name":"Compuviper","url":"https:\/\/compuviper.mx\/tienda\/","logo":{"@type":"ImageObject","inLanguage":"es-MX","@id":"https:\/\/compuviper.mx\/tienda\/#\/schema\/logo\/image\/","url":"https:\/\/compuviper.mx\/tienda\/wp-content\/uploads\/2021\/08\/Logo-Compuviper-10.png","contentUrl":"https:\/\/compuviper.mx\/tienda\/wp-content\/uploads\/2021\/08\/Logo-Compuviper-10.png","width":1000,"height":500,"caption":"Compuviper"},"image":{"@id":"https:\/\/compuviper.mx\/tienda\/#\/schema\/logo\/image\/"},"sameAs":["https:\/\/www.facebook.com\/compuviper","https:\/\/www.youtube.com\/channel\/UCf73dERp9Y3cfOq7q8BhLjA?view_as=subscriber"]}]},"product_brand":"TP LINK","product_price_amount":"757","product_price_currency":"MXN","og_availability":"instock","product_availability":"instock","product_retailer_item_id":"TL-SF1016DS","product_condition":"new"},"_links":{"self":[{"href":"https:\/\/compuviper.mx\/tienda\/wp-json\/wp\/v2\/product\/220562"}],"collection":[{"href":"https:\/\/compuviper.mx\/tienda\/wp-json\/wp\/v2\/product"}],"about":[{"href":"https:\/\/compuviper.mx\/tienda\/wp-json\/wp\/v2\/types\/product"}],"replies":[{"embeddable":true,"href":"https:\/\/compuviper.mx\/tienda\/wp-json\/wp\/v2\/comments?post=220562"}],"wp:featuredmedia":[{"embeddable":true,"href":"https:\/\/compuviper.mx\/tienda\/wp-json\/wp\/v2\/media\/220563"}],"wp:attachment":[{"href":"https:\/\/compuviper.mx\/tienda\/wp-json\/wp\/v2\/media?parent=220562"}],"wp:term":[{"taxonomy":"product_cat","embeddable":true,"href":"https:\/\/compuviper.mx\/tienda\/wp-json\/wp\/v2\/product_cat?post=220562"},{"taxonomy":"product_tag","embeddable":true,"href":"https:\/\/compuviper.mx\/tienda\/wp-json\/wp\/v2\/product_tag?post=220562"}],"curies":[{"name":"wp","href":"https:\/\/api.w.org\/{rel}","templated":true}]}}